{"id":4808,"date":"2022-02-20T16:17:53","date_gmt":"2022-02-20T16:17:53","guid":{"rendered":"https:\/\/medicinasinc.com\/de\/?post_type=product&#038;p=4808"},"modified":"2022-03-18T00:42:09","modified_gmt":"2022-03-18T00:42:09","slug":"kaufen-1p-lsd-100mcg-blotter","status":"publish","type":"product","link":"https:\/\/medicinasinc.com\/de\/product\/kaufen-1p-lsd-100mcg-blotter\/","title":{"rendered":"Kaufen Sie 1P-LSD 100mcg Blotter"},"content":{"rendered":"<p>Kaufen Sie 1P-LSD 100mcg Blotter mit einem Rabatt online.<\/p>\n<p>L.S.D. ist eine vorwiegend Indica-Sorte, die aufgrund des extrem halluzinogenen und zerebralen Highs der Sorte nach einem extrem halluzinogenen Medikament benannt wurde. Die Belastung beginnt mit einem energetischen Gef\u00fchl der Freude, das das Potenzial hat, den Geist zu tr\u00fcben und einige Klienten v\u00f6llig verwirrt und \u201eintellektuell festgefahren\u201c zur\u00fcckl\u00e4sst. Trotz starker zerebraler Stimulation berichten einige Kunden, dass sie sich nach der Einnahme von LSD innovativer oder sozialer f\u00fchlen.<\/p>\n<p>Kaufen Sie 1P-LSD 100 mcg Blotter online zu einem erm\u00e4\u00dfigten Preis.<\/p>\n<p>Dieses Ma\u00df an mentaler Stimulation ist \u00e4u\u00dferst ungew\u00f6hnlich f\u00fcr eine Indica. Wie man es von einer von Indica abgeleiteten Substanz erwarten k\u00f6nnte, ist L.S.D. hat auch typische von Indica abgeleitete k\u00f6rperliche Wirkungen. Kunden bemerken h\u00e4ufig die revolution\u00e4re k\u00f6rperdesensibilisierende Wirkung ein bis zwei Stunden nach der Einnahme, wenn der Gro\u00dfteil der zerebralen Wirkung abgeklungen ist. Zu den nachteiligen Wirkungen k\u00f6nnen Wattest\u00e4bchen, trockene Augen, Schl\u00e4frigkeit, Kopfschmerzen und leichtes Misstrauen geh\u00f6ren.<\/p>\n<p>F\u00fcr die Mehrheit kann diese Sorte zu jeder Tageszeit verwendet werden, um leichte bis starke anhaltende pochende Schmerzen zu lindern. LSD wird h\u00e4ufig verschrieben, um bei der Bew\u00e4ltigung von Druck, Unbehagen oder Elend zu helfen. Dar\u00fcber hinaus verwenden Patienten die Sorte zur Behandlung von Schlaflosigkeit und einige wenige verwenden sie zur Bek\u00e4mpfung von Kopfschmerzen.<\/p>\n<p>L.S.D. ist eine Kreuzung zwischen einer Mazar und einem extrem alten Skunk-Sortiment, Skunk #1, kreiert von Barney&#8217;s Farm. Obwohl diese Sorte nicht f\u00fcr neue Erzeuger empfohlen wird, ist sie aufgrund ihrer Resistenz gegen zahlreiche Infektionen und der F\u00e4higkeit, sowohl im Freien als auch im Innenbereich angebaut zu werden, extrem einfach anzubauen. Mit einer Bl\u00fctezeit zwischen 65 und 78 Tagen ist L.S.D. kann bis zu 650 Gramm pro Quadratmeter produzieren. Gelegentlich wird der Stamm l\u00e4nger als 60 Zentimeter und endet typischerweise im April am S\u00fcd\u00e4quator und im Oktober am Nord\u00e4quator. Diese Sorte hat einen THC-Gehalt von bis zu 24 %.<\/p>\n","protected":false},"excerpt":{"rendered":"<p>Wo kann ich 1P-LSD-Blotter kaufen? Die besten Forschungschemikalien auf dem Markt &#8211; Schnelle Lieferung! Kaufen Sie 1P-LSD-Blotter per Bitcoin, Bank\u00fcberweisung und andere Methoden.<\/p>\n","protected":false},"featured_media":4821,"comment_status":"open","ping_status":"closed","template":"","meta":[],"product_brand":[],"product_cat":[703],"product_tag":[],"class_list":{"0":"post-4808","1":"product","2":"type-product","3":"status-publish","4":"has-post-thumbnail","6":"product_cat-kaufen-psychedelische-drogen","8":"first","9":"instock","10":"shipping-taxable","11":"purchasable","12":"product-type-variable","13":"has-default-attributes"},"yoast_head":"<!-- This site is optimized with the Yoast SEO plugin v27.3 - https:\/\/yoast.com\/product\/yoast-seo-wordpress\/ -->\n<title>Kaufen Sie 1P-LSD G\u00fcnstige 100mcg Blotters - Best Global Meds<\/title>\n<meta name=\"description\" content=\"1P-LSD Blotter bestellen? Die besten Forschungschemikalien - schnelle Lieferung! Kaufen Sie 1P-LSD-Blotter mit Bitcoin, Bank\u00fcberweisung und mehr.\" \/>\n<meta name=\"robots\" content=\"index, follow, max-snippet:-1, max-image-preview:large, max-video-preview:-1\" \/>\n<link rel=\"canonical\" href=\"https:\/\/medicinasinc.com\/de\/product\/kaufen-1p-lsd-100mcg-blotter\/\" \/>\n<meta property=\"og:locale\" content=\"de_DE\" \/>\n<meta property=\"og:type\" content=\"article\" \/>\n<meta property=\"og:title\" content=\"Kaufen Sie 1P-LSD G\u00fcnstige 100mcg Blotters - Best Global Meds\" \/>\n<meta property=\"og:description\" content=\"1P-LSD Blotter bestellen? Die besten Forschungschemikalien - schnelle Lieferung! Kaufen Sie 1P-LSD-Blotter mit Bitcoin, Bank\u00fcberweisung und mehr.\" \/>\n<meta property=\"og:url\" content=\"https:\/\/medicinasinc.com\/de\/product\/kaufen-1p-lsd-100mcg-blotter\/\" \/>\n<meta property=\"og:site_name\" content=\"Medicinas Inc\" \/>\n<meta property=\"article:modified_time\" content=\"2022-03-18T00:42:09+00:00\" \/>\n<meta property=\"og:image\" content=\"https:\/\/medicinasinc.com\/de\/wp-content\/uploads\/sites\/6\/2022\/02\/Buy-1P-LSD-100mcg-Blotters-cheap-online.jpg\" \/>\n\t<meta property=\"og:image:width\" content=\"600\" \/>\n\t<meta property=\"og:image:height\" content=\"600\" \/>\n\t<meta property=\"og:image:type\" content=\"image\/jpeg\" \/>\n<meta name=\"twitter:card\" content=\"summary_large_image\" \/>\n<meta name=\"twitter:label1\" content=\"Gesch\u00e4tzte Lesezeit\" \/>\n\t<meta name=\"twitter:data1\" content=\"2\u00a0Minuten\" \/>\n<script type=\"application\/ld+json\" class=\"yoast-schema-graph\">{\"@context\":\"https:\\\/\\\/schema.org\",\"@graph\":[{\"@type\":\"WebPage\",\"@id\":\"https:\\\/\\\/medicinasinc.com\\\/de\\\/product\\\/kaufen-1p-lsd-100mcg-blotter\\\/\",\"url\":\"https:\\\/\\\/medicinasinc.com\\\/de\\\/product\\\/kaufen-1p-lsd-100mcg-blotter\\\/\",\"name\":\"Kaufen Sie 1P-LSD G\u00fcnstige 100mcg Blotters - Best Global Meds\",\"isPartOf\":{\"@id\":\"https:\\\/\\\/medicinasinc.com\\\/de\\\/#website\"},\"primaryImageOfPage\":{\"@id\":\"https:\\\/\\\/medicinasinc.com\\\/de\\\/product\\\/kaufen-1p-lsd-100mcg-blotter\\\/#primaryimage\"},\"image\":{\"@id\":\"https:\\\/\\\/medicinasinc.com\\\/de\\\/product\\\/kaufen-1p-lsd-100mcg-blotter\\\/#primaryimage\"},\"thumbnailUrl\":\"https:\\\/\\\/medicinasinc.com\\\/de\\\/wp-content\\\/uploads\\\/sites\\\/6\\\/2022\\\/02\\\/Buy-1P-LSD-100mcg-Blotters-cheap-online.jpg\",\"datePublished\":\"2022-02-20T16:17:53+00:00\",\"dateModified\":\"2022-03-18T00:42:09+00:00\",\"description\":\"1P-LSD Blotter bestellen? Die besten Forschungschemikalien - schnelle Lieferung! Kaufen Sie 1P-LSD-Blotter mit Bitcoin, Bank\u00fcberweisung und mehr.\",\"breadcrumb\":{\"@id\":\"https:\\\/\\\/medicinasinc.com\\\/de\\\/product\\\/kaufen-1p-lsd-100mcg-blotter\\\/#breadcrumb\"},\"inLanguage\":\"de\",\"potentialAction\":[{\"@type\":\"ReadAction\",\"target\":[\"https:\\\/\\\/medicinasinc.com\\\/de\\\/product\\\/kaufen-1p-lsd-100mcg-blotter\\\/\"]}]},{\"@type\":\"ImageObject\",\"inLanguage\":\"de\",\"@id\":\"https:\\\/\\\/medicinasinc.com\\\/de\\\/product\\\/kaufen-1p-lsd-100mcg-blotter\\\/#primaryimage\",\"url\":\"https:\\\/\\\/medicinasinc.com\\\/de\\\/wp-content\\\/uploads\\\/sites\\\/6\\\/2022\\\/02\\\/Buy-1P-LSD-100mcg-Blotters-cheap-online.jpg\",\"contentUrl\":\"https:\\\/\\\/medicinasinc.com\\\/de\\\/wp-content\\\/uploads\\\/sites\\\/6\\\/2022\\\/02\\\/Buy-1P-LSD-100mcg-Blotters-cheap-online.jpg\",\"width\":600,\"height\":600},{\"@type\":\"BreadcrumbList\",\"@id\":\"https:\\\/\\\/medicinasinc.com\\\/de\\\/product\\\/kaufen-1p-lsd-100mcg-blotter\\\/#breadcrumb\",\"itemListElement\":[{\"@type\":\"ListItem\",\"position\":1,\"name\":\"Einkaufen\",\"item\":\"https:\\\/\\\/medicinasinc.com\\\/de\\\/einkaufen\\\/\"},{\"@type\":\"ListItem\",\"position\":2,\"name\":\"Kaufen Sie 1P-LSD 100mcg Blotter\"}]},{\"@type\":\"WebSite\",\"@id\":\"https:\\\/\\\/medicinasinc.com\\\/de\\\/#website\",\"url\":\"https:\\\/\\\/medicinasinc.com\\\/de\\\/\",\"name\":\"Medicinas Inc\",\"description\":\"Health Medical Clinic\",\"potentialAction\":[{\"@type\":\"SearchAction\",\"target\":{\"@type\":\"EntryPoint\",\"urlTemplate\":\"https:\\\/\\\/medicinasinc.com\\\/de\\\/?s={search_term_string}\"},\"query-input\":{\"@type\":\"PropertyValueSpecification\",\"valueRequired\":true,\"valueName\":\"search_term_string\"}}],\"inLanguage\":\"de\"}]}<\/script>\n<!-- \/ Yoast SEO plugin. -->","yoast_head_json":{"title":"Kaufen Sie 1P-LSD G\u00fcnstige 100mcg Blotters - Best Global Meds","description":"1P-LSD Blotter bestellen? Die besten Forschungschemikalien - schnelle Lieferung! Kaufen Sie 1P-LSD-Blotter mit Bitcoin, Bank\u00fcberweisung und mehr.","robots":{"index":"index","follow":"follow","max-snippet":"max-snippet:-1","max-image-preview":"max-image-preview:large","max-video-preview":"max-video-preview:-1"},"canonical":"https:\/\/medicinasinc.com\/de\/product\/kaufen-1p-lsd-100mcg-blotter\/","og_locale":"de_DE","og_type":"article","og_title":"Kaufen Sie 1P-LSD G\u00fcnstige 100mcg Blotters - Best Global Meds","og_description":"1P-LSD Blotter bestellen? Die besten Forschungschemikalien - schnelle Lieferung! Kaufen Sie 1P-LSD-Blotter mit Bitcoin, Bank\u00fcberweisung und mehr.","og_url":"https:\/\/medicinasinc.com\/de\/product\/kaufen-1p-lsd-100mcg-blotter\/","og_site_name":"Medicinas Inc","article_modified_time":"2022-03-18T00:42:09+00:00","og_image":[{"width":600,"height":600,"url":"https:\/\/medicinasinc.com\/de\/wp-content\/uploads\/sites\/6\/2022\/02\/Buy-1P-LSD-100mcg-Blotters-cheap-online.jpg","type":"image\/jpeg"}],"twitter_card":"summary_large_image","twitter_misc":{"Gesch\u00e4tzte Lesezeit":"2\u00a0Minuten"},"schema":{"@context":"https:\/\/schema.org","@graph":[{"@type":"WebPage","@id":"https:\/\/medicinasinc.com\/de\/product\/kaufen-1p-lsd-100mcg-blotter\/","url":"https:\/\/medicinasinc.com\/de\/product\/kaufen-1p-lsd-100mcg-blotter\/","name":"Kaufen Sie 1P-LSD G\u00fcnstige 100mcg Blotters - Best Global Meds","isPartOf":{"@id":"https:\/\/medicinasinc.com\/de\/#website"},"primaryImageOfPage":{"@id":"https:\/\/medicinasinc.com\/de\/product\/kaufen-1p-lsd-100mcg-blotter\/#primaryimage"},"image":{"@id":"https:\/\/medicinasinc.com\/de\/product\/kaufen-1p-lsd-100mcg-blotter\/#primaryimage"},"thumbnailUrl":"https:\/\/medicinasinc.com\/de\/wp-content\/uploads\/sites\/6\/2022\/02\/Buy-1P-LSD-100mcg-Blotters-cheap-online.jpg","datePublished":"2022-02-20T16:17:53+00:00","dateModified":"2022-03-18T00:42:09+00:00","description":"1P-LSD Blotter bestellen? Die besten Forschungschemikalien - schnelle Lieferung! Kaufen Sie 1P-LSD-Blotter mit Bitcoin, Bank\u00fcberweisung und mehr.","breadcrumb":{"@id":"https:\/\/medicinasinc.com\/de\/product\/kaufen-1p-lsd-100mcg-blotter\/#breadcrumb"},"inLanguage":"de","potentialAction":[{"@type":"ReadAction","target":["https:\/\/medicinasinc.com\/de\/product\/kaufen-1p-lsd-100mcg-blotter\/"]}]},{"@type":"ImageObject","inLanguage":"de","@id":"https:\/\/medicinasinc.com\/de\/product\/kaufen-1p-lsd-100mcg-blotter\/#primaryimage","url":"https:\/\/medicinasinc.com\/de\/wp-content\/uploads\/sites\/6\/2022\/02\/Buy-1P-LSD-100mcg-Blotters-cheap-online.jpg","contentUrl":"https:\/\/medicinasinc.com\/de\/wp-content\/uploads\/sites\/6\/2022\/02\/Buy-1P-LSD-100mcg-Blotters-cheap-online.jpg","width":600,"height":600},{"@type":"BreadcrumbList","@id":"https:\/\/medicinasinc.com\/de\/product\/kaufen-1p-lsd-100mcg-blotter\/#breadcrumb","itemListElement":[{"@type":"ListItem","position":1,"name":"Einkaufen","item":"https:\/\/medicinasinc.com\/de\/einkaufen\/"},{"@type":"ListItem","position":2,"name":"Kaufen Sie 1P-LSD 100mcg Blotter"}]},{"@type":"WebSite","@id":"https:\/\/medicinasinc.com\/de\/#website","url":"https:\/\/medicinasinc.com\/de\/","name":"Medicinas Inc","description":"Health Medical Clinic","potentialAction":[{"@type":"SearchAction","target":{"@type":"EntryPoint","urlTemplate":"https:\/\/medicinasinc.com\/de\/?s={search_term_string}"},"query-input":{"@type":"PropertyValueSpecification","valueRequired":true,"valueName":"search_term_string"}}],"inLanguage":"de"}]}},"_links":{"self":[{"href":"https:\/\/medicinasinc.com\/de\/wp-json\/wp\/v2\/product\/4808","targetHints":{"allow":["GET"]}}],"collection":[{"href":"https:\/\/medicinasinc.com\/de\/wp-json\/wp\/v2\/product"}],"about":[{"href":"https:\/\/medicinasinc.com\/de\/wp-json\/wp\/v2\/types\/product"}],"replies":[{"embeddable":true,"href":"https:\/\/medicinasinc.com\/de\/wp-json\/wp\/v2\/comments?post=4808"}],"wp:featuredmedia":[{"embeddable":true,"href":"https:\/\/medicinasinc.com\/de\/wp-json\/wp\/v2\/media\/4821"}],"wp:attachment":[{"href":"https:\/\/medicinasinc.com\/de\/wp-json\/wp\/v2\/media?parent=4808"}],"wp:term":[{"taxonomy":"product_brand","embeddable":true,"href":"https:\/\/medicinasinc.com\/de\/wp-json\/wp\/v2\/product_brand?post=4808"},{"taxonomy":"product_cat","embeddable":true,"href":"https:\/\/medicinasinc.com\/de\/wp-json\/wp\/v2\/product_cat?post=4808"},{"taxonomy":"product_tag","embeddable":true,"href":"https:\/\/medicinasinc.com\/de\/wp-json\/wp\/v2\/product_tag?post=4808"}],"curies":[{"name":"wp","href":"https:\/\/api.w.org\/{rel}","templated":true}]}}