{"id":4794,"date":"2022-02-20T16:06:08","date_gmt":"2022-02-20T16:06:08","guid":{"rendered":"https:\/\/medicinasinc.com\/de\/?post_type=product&#038;p=4794"},"modified":"2022-03-18T00:42:32","modified_gmt":"2022-03-18T00:42:32","slug":"kaufen-nyc-diesel-budder-top-shelf","status":"publish","type":"product","link":"https:\/\/medicinasinc.com\/de\/product\/kaufen-nyc-diesel-budder-top-shelf\/","title":{"rendered":"Kaufen Sie NYC Diesel Budder \u2013 Top Shelf"},"content":{"rendered":"<p>Kaufen Sie New York City Diesel Budder \u2013 Top Shelf<\/p>\n<p>NYC Diesel ist eine 60%ige Sativa-Sorte, die eine Kreuzung zwischen mexikanischer und afghanischer Landrassengenetik ist. Es riecht stark nach herben Grapefruits und sauren Zitrusfr\u00fcchten. NYC Diesel ist aufgrund ihrer hohen zerebralen Stimulation, die geistige Klarheit und Wachsamkeit f\u00f6rdert, eine ausgezeichnete Tagessorte. Zus\u00e4tzlich zu seiner energetisierenden Wirkung hebt NYC Diesel die Stimmung und regt die Kreativit\u00e4t an, was es zu einer wirksamen Behandlung von Depressionen macht. Im Laufe der Zeit f\u00fchrt die Wirkung dieser Sorte zu einem leichten Entspannungszustand im K\u00f6rper, der nicht zu Schl\u00e4frigkeit f\u00fchrt, aber bei einigen Benutzern den Appetit anregen kann. Die effektivste Anwendung von NYC Diesel ist die Behandlung von Angstzust\u00e4nden\/sozialen \u00c4ngsten, Depressionen, chronischen Schmerzen, Appetitlosigkeit und schlechter Laune.<\/p>\n","protected":false},"excerpt":{"rendered":"<p>NYC Diesel Budderl kaufen &#8211; Diese zu 60 Prozent sativadominierte Sorte ist eine Kreuzung zwischen mexikanischen und afghanischen Landrassen und ist jetzt zum besten Preis erh\u00e4ltlich.<\/p>\n<ul>\n<li>Weltweiter Versand<\/li>\n<li><strong>Ein Konzentrat bestehend aus 97 -99 % THC<\/strong><\/li>\n<li><strong>99 % reines THC-A<\/strong><\/li>\n<li><strong>Kontaktieren Sie uns<\/strong>\u00a0f\u00fcr gr\u00f6\u00dfere Bestellungen<\/li>\n<\/ul>\n","protected":false},"featured_media":4807,"comment_status":"open","ping_status":"closed","template":"","meta":[],"product_brand":[],"product_cat":[702],"product_tag":[],"class_list":{"0":"post-4794","1":"product","2":"type-product","3":"status-publish","4":"has-post-thumbnail","6":"product_cat-kaufen-cannabis-wachs","8":"first","9":"instock","10":"shipping-taxable","11":"purchasable","12":"product-type-variable","13":"has-default-attributes"},"yoast_head":"<!-- This site is optimized with the Yoast SEO plugin v27.3 - https:\/\/yoast.com\/product\/yoast-seo-wordpress\/ -->\n<title>Kaufen Sie NYC Diesel Budder \u2013 Top Shelf \u2013 Best Best Global Meds<\/title>\n<meta name=\"description\" content=\"Kaufen Sie NYC Diesel Budderl - Eine Kreuzung zwischen mexikanischen und afghanischen Landrassen, ist eine zu 60 % sativadominierte Sorte, die jetzt zum besten Preis erh\u00e4ltlich ist.\" \/>\n<meta name=\"robots\" content=\"index, follow, max-snippet:-1, max-image-preview:large, max-video-preview:-1\" \/>\n<link rel=\"canonical\" href=\"https:\/\/medicinasinc.com\/de\/product\/kaufen-nyc-diesel-budder-top-shelf\/\" \/>\n<meta property=\"og:locale\" content=\"de_DE\" \/>\n<meta property=\"og:type\" content=\"article\" \/>\n<meta property=\"og:title\" content=\"Kaufen Sie NYC Diesel Budder \u2013 Top Shelf \u2013 Best Best Global Meds\" \/>\n<meta property=\"og:description\" content=\"Kaufen Sie NYC Diesel Budderl - Eine Kreuzung zwischen mexikanischen und afghanischen Landrassen, ist eine zu 60 % sativadominierte Sorte, die jetzt zum besten Preis erh\u00e4ltlich ist.\" \/>\n<meta property=\"og:url\" content=\"https:\/\/medicinasinc.com\/de\/product\/kaufen-nyc-diesel-budder-top-shelf\/\" \/>\n<meta property=\"og:site_name\" content=\"Medicinas Inc\" \/>\n<meta property=\"article:modified_time\" content=\"2022-03-18T00:42:32+00:00\" \/>\n<meta property=\"og:image\" content=\"https:\/\/medicinasinc.com\/de\/wp-content\/uploads\/sites\/6\/2022\/02\/Buy-NYC-Diesel-Budder..jpg\" \/>\n\t<meta property=\"og:image:width\" content=\"600\" \/>\n\t<meta property=\"og:image:height\" content=\"600\" \/>\n\t<meta property=\"og:image:type\" content=\"image\/jpeg\" \/>\n<meta name=\"twitter:card\" content=\"summary_large_image\" \/>\n<meta name=\"twitter:label1\" content=\"Gesch\u00e4tzte Lesezeit\" \/>\n\t<meta name=\"twitter:data1\" content=\"1\u00a0Minute\" \/>\n<script type=\"application\/ld+json\" class=\"yoast-schema-graph\">{\"@context\":\"https:\\\/\\\/schema.org\",\"@graph\":[{\"@type\":\"WebPage\",\"@id\":\"https:\\\/\\\/medicinasinc.com\\\/de\\\/product\\\/kaufen-nyc-diesel-budder-top-shelf\\\/\",\"url\":\"https:\\\/\\\/medicinasinc.com\\\/de\\\/product\\\/kaufen-nyc-diesel-budder-top-shelf\\\/\",\"name\":\"Kaufen Sie NYC Diesel Budder \u2013 Top Shelf \u2013 Best Best Global Meds\",\"isPartOf\":{\"@id\":\"https:\\\/\\\/medicinasinc.com\\\/de\\\/#website\"},\"primaryImageOfPage\":{\"@id\":\"https:\\\/\\\/medicinasinc.com\\\/de\\\/product\\\/kaufen-nyc-diesel-budder-top-shelf\\\/#primaryimage\"},\"image\":{\"@id\":\"https:\\\/\\\/medicinasinc.com\\\/de\\\/product\\\/kaufen-nyc-diesel-budder-top-shelf\\\/#primaryimage\"},\"thumbnailUrl\":\"https:\\\/\\\/medicinasinc.com\\\/de\\\/wp-content\\\/uploads\\\/sites\\\/6\\\/2022\\\/02\\\/Buy-NYC-Diesel-Budder..jpg\",\"datePublished\":\"2022-02-20T16:06:08+00:00\",\"dateModified\":\"2022-03-18T00:42:32+00:00\",\"description\":\"Kaufen Sie NYC Diesel Budderl - Eine Kreuzung zwischen mexikanischen und afghanischen Landrassen, ist eine zu 60 % sativadominierte Sorte, die jetzt zum besten Preis erh\u00e4ltlich ist.\",\"breadcrumb\":{\"@id\":\"https:\\\/\\\/medicinasinc.com\\\/de\\\/product\\\/kaufen-nyc-diesel-budder-top-shelf\\\/#breadcrumb\"},\"inLanguage\":\"de\",\"potentialAction\":[{\"@type\":\"ReadAction\",\"target\":[\"https:\\\/\\\/medicinasinc.com\\\/de\\\/product\\\/kaufen-nyc-diesel-budder-top-shelf\\\/\"]}]},{\"@type\":\"ImageObject\",\"inLanguage\":\"de\",\"@id\":\"https:\\\/\\\/medicinasinc.com\\\/de\\\/product\\\/kaufen-nyc-diesel-budder-top-shelf\\\/#primaryimage\",\"url\":\"https:\\\/\\\/medicinasinc.com\\\/de\\\/wp-content\\\/uploads\\\/sites\\\/6\\\/2022\\\/02\\\/Buy-NYC-Diesel-Budder..jpg\",\"contentUrl\":\"https:\\\/\\\/medicinasinc.com\\\/de\\\/wp-content\\\/uploads\\\/sites\\\/6\\\/2022\\\/02\\\/Buy-NYC-Diesel-Budder..jpg\",\"width\":600,\"height\":600},{\"@type\":\"BreadcrumbList\",\"@id\":\"https:\\\/\\\/medicinasinc.com\\\/de\\\/product\\\/kaufen-nyc-diesel-budder-top-shelf\\\/#breadcrumb\",\"itemListElement\":[{\"@type\":\"ListItem\",\"position\":1,\"name\":\"Einkaufen\",\"item\":\"https:\\\/\\\/medicinasinc.com\\\/de\\\/einkaufen\\\/\"},{\"@type\":\"ListItem\",\"position\":2,\"name\":\"Kaufen Sie NYC Diesel Budder \u2013 Top Shelf\"}]},{\"@type\":\"WebSite\",\"@id\":\"https:\\\/\\\/medicinasinc.com\\\/de\\\/#website\",\"url\":\"https:\\\/\\\/medicinasinc.com\\\/de\\\/\",\"name\":\"Medicinas Inc\",\"description\":\"Health Medical Clinic\",\"potentialAction\":[{\"@type\":\"SearchAction\",\"target\":{\"@type\":\"EntryPoint\",\"urlTemplate\":\"https:\\\/\\\/medicinasinc.com\\\/de\\\/?s={search_term_string}\"},\"query-input\":{\"@type\":\"PropertyValueSpecification\",\"valueRequired\":true,\"valueName\":\"search_term_string\"}}],\"inLanguage\":\"de\"}]}<\/script>\n<!-- \/ Yoast SEO plugin. -->","yoast_head_json":{"title":"Kaufen Sie NYC Diesel Budder \u2013 Top Shelf \u2013 Best Best Global Meds","description":"Kaufen Sie NYC Diesel Budderl - Eine Kreuzung zwischen mexikanischen und afghanischen Landrassen, ist eine zu 60 % sativadominierte Sorte, die jetzt zum besten Preis erh\u00e4ltlich ist.","robots":{"index":"index","follow":"follow","max-snippet":"max-snippet:-1","max-image-preview":"max-image-preview:large","max-video-preview":"max-video-preview:-1"},"canonical":"https:\/\/medicinasinc.com\/de\/product\/kaufen-nyc-diesel-budder-top-shelf\/","og_locale":"de_DE","og_type":"article","og_title":"Kaufen Sie NYC Diesel Budder \u2013 Top Shelf \u2013 Best Best Global Meds","og_description":"Kaufen Sie NYC Diesel Budderl - Eine Kreuzung zwischen mexikanischen und afghanischen Landrassen, ist eine zu 60 % sativadominierte Sorte, die jetzt zum besten Preis erh\u00e4ltlich ist.","og_url":"https:\/\/medicinasinc.com\/de\/product\/kaufen-nyc-diesel-budder-top-shelf\/","og_site_name":"Medicinas Inc","article_modified_time":"2022-03-18T00:42:32+00:00","og_image":[{"width":600,"height":600,"url":"https:\/\/medicinasinc.com\/de\/wp-content\/uploads\/sites\/6\/2022\/02\/Buy-NYC-Diesel-Budder..jpg","type":"image\/jpeg"}],"twitter_card":"summary_large_image","twitter_misc":{"Gesch\u00e4tzte Lesezeit":"1\u00a0Minute"},"schema":{"@context":"https:\/\/schema.org","@graph":[{"@type":"WebPage","@id":"https:\/\/medicinasinc.com\/de\/product\/kaufen-nyc-diesel-budder-top-shelf\/","url":"https:\/\/medicinasinc.com\/de\/product\/kaufen-nyc-diesel-budder-top-shelf\/","name":"Kaufen Sie NYC Diesel Budder \u2013 Top Shelf \u2013 Best Best Global Meds","isPartOf":{"@id":"https:\/\/medicinasinc.com\/de\/#website"},"primaryImageOfPage":{"@id":"https:\/\/medicinasinc.com\/de\/product\/kaufen-nyc-diesel-budder-top-shelf\/#primaryimage"},"image":{"@id":"https:\/\/medicinasinc.com\/de\/product\/kaufen-nyc-diesel-budder-top-shelf\/#primaryimage"},"thumbnailUrl":"https:\/\/medicinasinc.com\/de\/wp-content\/uploads\/sites\/6\/2022\/02\/Buy-NYC-Diesel-Budder..jpg","datePublished":"2022-02-20T16:06:08+00:00","dateModified":"2022-03-18T00:42:32+00:00","description":"Kaufen Sie NYC Diesel Budderl - Eine Kreuzung zwischen mexikanischen und afghanischen Landrassen, ist eine zu 60 % sativadominierte Sorte, die jetzt zum besten Preis erh\u00e4ltlich ist.","breadcrumb":{"@id":"https:\/\/medicinasinc.com\/de\/product\/kaufen-nyc-diesel-budder-top-shelf\/#breadcrumb"},"inLanguage":"de","potentialAction":[{"@type":"ReadAction","target":["https:\/\/medicinasinc.com\/de\/product\/kaufen-nyc-diesel-budder-top-shelf\/"]}]},{"@type":"ImageObject","inLanguage":"de","@id":"https:\/\/medicinasinc.com\/de\/product\/kaufen-nyc-diesel-budder-top-shelf\/#primaryimage","url":"https:\/\/medicinasinc.com\/de\/wp-content\/uploads\/sites\/6\/2022\/02\/Buy-NYC-Diesel-Budder..jpg","contentUrl":"https:\/\/medicinasinc.com\/de\/wp-content\/uploads\/sites\/6\/2022\/02\/Buy-NYC-Diesel-Budder..jpg","width":600,"height":600},{"@type":"BreadcrumbList","@id":"https:\/\/medicinasinc.com\/de\/product\/kaufen-nyc-diesel-budder-top-shelf\/#breadcrumb","itemListElement":[{"@type":"ListItem","position":1,"name":"Einkaufen","item":"https:\/\/medicinasinc.com\/de\/einkaufen\/"},{"@type":"ListItem","position":2,"name":"Kaufen Sie NYC Diesel Budder \u2013 Top Shelf"}]},{"@type":"WebSite","@id":"https:\/\/medicinasinc.com\/de\/#website","url":"https:\/\/medicinasinc.com\/de\/","name":"Medicinas Inc","description":"Health Medical Clinic","potentialAction":[{"@type":"SearchAction","target":{"@type":"EntryPoint","urlTemplate":"https:\/\/medicinasinc.com\/de\/?s={search_term_string}"},"query-input":{"@type":"PropertyValueSpecification","valueRequired":true,"valueName":"search_term_string"}}],"inLanguage":"de"}]}},"_links":{"self":[{"href":"https:\/\/medicinasinc.com\/de\/wp-json\/wp\/v2\/product\/4794","targetHints":{"allow":["GET"]}}],"collection":[{"href":"https:\/\/medicinasinc.com\/de\/wp-json\/wp\/v2\/product"}],"about":[{"href":"https:\/\/medicinasinc.com\/de\/wp-json\/wp\/v2\/types\/product"}],"replies":[{"embeddable":true,"href":"https:\/\/medicinasinc.com\/de\/wp-json\/wp\/v2\/comments?post=4794"}],"wp:featuredmedia":[{"embeddable":true,"href":"https:\/\/medicinasinc.com\/de\/wp-json\/wp\/v2\/media\/4807"}],"wp:attachment":[{"href":"https:\/\/medicinasinc.com\/de\/wp-json\/wp\/v2\/media?parent=4794"}],"wp:term":[{"taxonomy":"product_brand","embeddable":true,"href":"https:\/\/medicinasinc.com\/de\/wp-json\/wp\/v2\/product_brand?post=4794"},{"taxonomy":"product_cat","embeddable":true,"href":"https:\/\/medicinasinc.com\/de\/wp-json\/wp\/v2\/product_cat?post=4794"},{"taxonomy":"product_tag","embeddable":true,"href":"https:\/\/medicinasinc.com\/de\/wp-json\/wp\/v2\/product_tag?post=4794"}],"curies":[{"name":"wp","href":"https:\/\/api.w.org\/{rel}","templated":true}]}}