{"id":4780,"date":"2022-02-20T15:56:42","date_gmt":"2022-02-20T15:56:42","guid":{"rendered":"https:\/\/medicinasinc.com\/de\/?post_type=product&#038;p=4780"},"modified":"2022-03-18T00:42:42","modified_gmt":"2022-03-18T00:42:42","slug":"kaufen-greasy-pink-bubba-budder-top-shelf","status":"publish","type":"product","link":"https:\/\/medicinasinc.com\/de\/product\/kaufen-greasy-pink-bubba-budder-top-shelf\/","title":{"rendered":"Kaufen Sie Greasy Pink Bubba Budder \u2013 Top Shelf"},"content":{"rendered":"<p>Kaufen Sie Greasy Pink Bubba Budder bei einem erstklassigen Einzelh\u00e4ndler.<\/p>\n<p>\u201eGreasy\u201c Pink Bubba ist in erster Linie eine Indica-Sorte, die von Pink Kush- und Bubba Kush-Genetik abstammt. Vielleicht am besten am Abend genossen, liefert \u201eGreasy\u201c Pink Bubba eine kraftvolle Dosis k\u00f6rperlicher Entspannung, die K\u00f6rperschmerzen sofort lindert. Diese ruhige Entspannung wird von einer ruhigen Euphorie begleitet, die den Benutzer allm\u00e4hlich in einen Zustand der Vertr\u00e4umtheit und des Friedens wiegt. Die Wirkung von \u201eGreasy\u201c Pink Bubba schleicht sich allm\u00e4hlich an den Benutzer heran und wiegt ihn sanft in diese gl\u00fcckselig entspannenden Effekte. Diese Sorte hat ein klassisches Kush-Aroma mit erdigen und rosa Untert\u00f6nen und blumigen Noten, die am Gaumen verweilen. Pink Bubba &#8218;Greasy&#8216; kann zur Behandlung einer Vielzahl von Erkrankungen verwendet werden, darunter Depressionen, Angstzust\u00e4nde, chronischer Stress, \u00dcbelkeit, chronische Schmerzen und Entz\u00fcndungen, Migr\u00e4ne\/Kopfschmerzen und Schlaflosigkeit.<\/p>\n","protected":false},"excerpt":{"rendered":"<p>Kaufen Sie Greasy Pink Bubba Budder bei einem erstklassigen Einzelh\u00e4ndler.<\/p>\n<p>&nbsp;<\/p>\n<ul>\n<li>Weltweiter Versand<\/li>\n<li>Die Mindestbestellmenge betr\u00e4gt <strong> 3<\/strong><\/li>\n<li><strong>Kontaktieren Sie uns<\/strong>\u00a0f\u00fcr gr\u00f6\u00dfere Bestellungen<\/li>\n<\/ul>\n","protected":false},"featured_media":4795,"comment_status":"open","ping_status":"closed","template":"","meta":[],"product_brand":[],"product_cat":[702],"product_tag":[],"class_list":{"0":"post-4780","1":"product","2":"type-product","3":"status-publish","4":"has-post-thumbnail","6":"product_cat-kaufen-cannabis-wachs","8":"first","9":"instock","10":"shipping-taxable","11":"purchasable","12":"product-type-variable","13":"has-default-attributes"},"yoast_head":"<!-- This site is optimized with the Yoast SEO plugin v27.3 - https:\/\/yoast.com\/product\/yoast-seo-wordpress\/ -->\n<title>Kaufen Sie Greasy Pink Bubba Budder \u2013 Top Shelf - Medicinas Inc<\/title>\n<meta name=\"description\" content=\"Kaufen Sie Greasy Pink Bubba Budder bei einem Top-Shelf-H\u00e4ndler.\" \/>\n<meta name=\"robots\" content=\"index, follow, max-snippet:-1, max-image-preview:large, max-video-preview:-1\" \/>\n<link rel=\"canonical\" href=\"https:\/\/medicinasinc.com\/de\/product\/kaufen-greasy-pink-bubba-budder-top-shelf\/\" \/>\n<meta property=\"og:locale\" content=\"de_DE\" \/>\n<meta property=\"og:type\" content=\"article\" \/>\n<meta property=\"og:title\" content=\"Kaufen Sie Greasy Pink Bubba Budder \u2013 Top Shelf - Medicinas Inc\" \/>\n<meta property=\"og:description\" content=\"Kaufen Sie Greasy Pink Bubba Budder bei einem Top-Shelf-H\u00e4ndler.\" \/>\n<meta property=\"og:url\" content=\"https:\/\/medicinasinc.com\/de\/product\/kaufen-greasy-pink-bubba-budder-top-shelf\/\" \/>\n<meta property=\"og:site_name\" content=\"Medicinas Inc\" \/>\n<meta property=\"article:modified_time\" content=\"2022-03-18T00:42:42+00:00\" \/>\n<meta property=\"og:image\" content=\"https:\/\/medicinasinc.com\/de\/wp-content\/uploads\/sites\/6\/2022\/02\/Buy-Greasy-Pink-Bubba-Budder.jpg\" \/>\n\t<meta property=\"og:image:width\" content=\"600\" \/>\n\t<meta property=\"og:image:height\" content=\"600\" \/>\n\t<meta property=\"og:image:type\" content=\"image\/jpeg\" \/>\n<meta name=\"twitter:card\" content=\"summary_large_image\" \/>\n<meta name=\"twitter:label1\" content=\"Gesch\u00e4tzte Lesezeit\" \/>\n\t<meta name=\"twitter:data1\" content=\"1\u00a0Minute\" \/>\n<script type=\"application\/ld+json\" class=\"yoast-schema-graph\">{\"@context\":\"https:\\\/\\\/schema.org\",\"@graph\":[{\"@type\":\"WebPage\",\"@id\":\"https:\\\/\\\/medicinasinc.com\\\/de\\\/product\\\/kaufen-greasy-pink-bubba-budder-top-shelf\\\/\",\"url\":\"https:\\\/\\\/medicinasinc.com\\\/de\\\/product\\\/kaufen-greasy-pink-bubba-budder-top-shelf\\\/\",\"name\":\"Kaufen Sie Greasy Pink Bubba Budder \u2013 Top Shelf - Medicinas Inc\",\"isPartOf\":{\"@id\":\"https:\\\/\\\/medicinasinc.com\\\/de\\\/#website\"},\"primaryImageOfPage\":{\"@id\":\"https:\\\/\\\/medicinasinc.com\\\/de\\\/product\\\/kaufen-greasy-pink-bubba-budder-top-shelf\\\/#primaryimage\"},\"image\":{\"@id\":\"https:\\\/\\\/medicinasinc.com\\\/de\\\/product\\\/kaufen-greasy-pink-bubba-budder-top-shelf\\\/#primaryimage\"},\"thumbnailUrl\":\"https:\\\/\\\/medicinasinc.com\\\/de\\\/wp-content\\\/uploads\\\/sites\\\/6\\\/2022\\\/02\\\/Buy-Greasy-Pink-Bubba-Budder.jpg\",\"datePublished\":\"2022-02-20T15:56:42+00:00\",\"dateModified\":\"2022-03-18T00:42:42+00:00\",\"description\":\"Kaufen Sie Greasy Pink Bubba Budder bei einem Top-Shelf-H\u00e4ndler.\",\"breadcrumb\":{\"@id\":\"https:\\\/\\\/medicinasinc.com\\\/de\\\/product\\\/kaufen-greasy-pink-bubba-budder-top-shelf\\\/#breadcrumb\"},\"inLanguage\":\"de\",\"potentialAction\":[{\"@type\":\"ReadAction\",\"target\":[\"https:\\\/\\\/medicinasinc.com\\\/de\\\/product\\\/kaufen-greasy-pink-bubba-budder-top-shelf\\\/\"]}]},{\"@type\":\"ImageObject\",\"inLanguage\":\"de\",\"@id\":\"https:\\\/\\\/medicinasinc.com\\\/de\\\/product\\\/kaufen-greasy-pink-bubba-budder-top-shelf\\\/#primaryimage\",\"url\":\"https:\\\/\\\/medicinasinc.com\\\/de\\\/wp-content\\\/uploads\\\/sites\\\/6\\\/2022\\\/02\\\/Buy-Greasy-Pink-Bubba-Budder.jpg\",\"contentUrl\":\"https:\\\/\\\/medicinasinc.com\\\/de\\\/wp-content\\\/uploads\\\/sites\\\/6\\\/2022\\\/02\\\/Buy-Greasy-Pink-Bubba-Budder.jpg\",\"width\":600,\"height\":600},{\"@type\":\"BreadcrumbList\",\"@id\":\"https:\\\/\\\/medicinasinc.com\\\/de\\\/product\\\/kaufen-greasy-pink-bubba-budder-top-shelf\\\/#breadcrumb\",\"itemListElement\":[{\"@type\":\"ListItem\",\"position\":1,\"name\":\"Einkaufen\",\"item\":\"https:\\\/\\\/medicinasinc.com\\\/de\\\/einkaufen\\\/\"},{\"@type\":\"ListItem\",\"position\":2,\"name\":\"Kaufen Sie Greasy Pink Bubba Budder \u2013 Top Shelf\"}]},{\"@type\":\"WebSite\",\"@id\":\"https:\\\/\\\/medicinasinc.com\\\/de\\\/#website\",\"url\":\"https:\\\/\\\/medicinasinc.com\\\/de\\\/\",\"name\":\"Medicinas Inc\",\"description\":\"Health Medical Clinic\",\"potentialAction\":[{\"@type\":\"SearchAction\",\"target\":{\"@type\":\"EntryPoint\",\"urlTemplate\":\"https:\\\/\\\/medicinasinc.com\\\/de\\\/?s={search_term_string}\"},\"query-input\":{\"@type\":\"PropertyValueSpecification\",\"valueRequired\":true,\"valueName\":\"search_term_string\"}}],\"inLanguage\":\"de\"}]}<\/script>\n<!-- \/ Yoast SEO plugin. -->","yoast_head_json":{"title":"Kaufen Sie Greasy Pink Bubba Budder \u2013 Top Shelf - Medicinas Inc","description":"Kaufen Sie Greasy Pink Bubba Budder bei einem Top-Shelf-H\u00e4ndler.","robots":{"index":"index","follow":"follow","max-snippet":"max-snippet:-1","max-image-preview":"max-image-preview:large","max-video-preview":"max-video-preview:-1"},"canonical":"https:\/\/medicinasinc.com\/de\/product\/kaufen-greasy-pink-bubba-budder-top-shelf\/","og_locale":"de_DE","og_type":"article","og_title":"Kaufen Sie Greasy Pink Bubba Budder \u2013 Top Shelf - Medicinas Inc","og_description":"Kaufen Sie Greasy Pink Bubba Budder bei einem Top-Shelf-H\u00e4ndler.","og_url":"https:\/\/medicinasinc.com\/de\/product\/kaufen-greasy-pink-bubba-budder-top-shelf\/","og_site_name":"Medicinas Inc","article_modified_time":"2022-03-18T00:42:42+00:00","og_image":[{"width":600,"height":600,"url":"https:\/\/medicinasinc.com\/de\/wp-content\/uploads\/sites\/6\/2022\/02\/Buy-Greasy-Pink-Bubba-Budder.jpg","type":"image\/jpeg"}],"twitter_card":"summary_large_image","twitter_misc":{"Gesch\u00e4tzte Lesezeit":"1\u00a0Minute"},"schema":{"@context":"https:\/\/schema.org","@graph":[{"@type":"WebPage","@id":"https:\/\/medicinasinc.com\/de\/product\/kaufen-greasy-pink-bubba-budder-top-shelf\/","url":"https:\/\/medicinasinc.com\/de\/product\/kaufen-greasy-pink-bubba-budder-top-shelf\/","name":"Kaufen Sie Greasy Pink Bubba Budder \u2013 Top Shelf - Medicinas Inc","isPartOf":{"@id":"https:\/\/medicinasinc.com\/de\/#website"},"primaryImageOfPage":{"@id":"https:\/\/medicinasinc.com\/de\/product\/kaufen-greasy-pink-bubba-budder-top-shelf\/#primaryimage"},"image":{"@id":"https:\/\/medicinasinc.com\/de\/product\/kaufen-greasy-pink-bubba-budder-top-shelf\/#primaryimage"},"thumbnailUrl":"https:\/\/medicinasinc.com\/de\/wp-content\/uploads\/sites\/6\/2022\/02\/Buy-Greasy-Pink-Bubba-Budder.jpg","datePublished":"2022-02-20T15:56:42+00:00","dateModified":"2022-03-18T00:42:42+00:00","description":"Kaufen Sie Greasy Pink Bubba Budder bei einem Top-Shelf-H\u00e4ndler.","breadcrumb":{"@id":"https:\/\/medicinasinc.com\/de\/product\/kaufen-greasy-pink-bubba-budder-top-shelf\/#breadcrumb"},"inLanguage":"de","potentialAction":[{"@type":"ReadAction","target":["https:\/\/medicinasinc.com\/de\/product\/kaufen-greasy-pink-bubba-budder-top-shelf\/"]}]},{"@type":"ImageObject","inLanguage":"de","@id":"https:\/\/medicinasinc.com\/de\/product\/kaufen-greasy-pink-bubba-budder-top-shelf\/#primaryimage","url":"https:\/\/medicinasinc.com\/de\/wp-content\/uploads\/sites\/6\/2022\/02\/Buy-Greasy-Pink-Bubba-Budder.jpg","contentUrl":"https:\/\/medicinasinc.com\/de\/wp-content\/uploads\/sites\/6\/2022\/02\/Buy-Greasy-Pink-Bubba-Budder.jpg","width":600,"height":600},{"@type":"BreadcrumbList","@id":"https:\/\/medicinasinc.com\/de\/product\/kaufen-greasy-pink-bubba-budder-top-shelf\/#breadcrumb","itemListElement":[{"@type":"ListItem","position":1,"name":"Einkaufen","item":"https:\/\/medicinasinc.com\/de\/einkaufen\/"},{"@type":"ListItem","position":2,"name":"Kaufen Sie Greasy Pink Bubba Budder \u2013 Top Shelf"}]},{"@type":"WebSite","@id":"https:\/\/medicinasinc.com\/de\/#website","url":"https:\/\/medicinasinc.com\/de\/","name":"Medicinas Inc","description":"Health Medical Clinic","potentialAction":[{"@type":"SearchAction","target":{"@type":"EntryPoint","urlTemplate":"https:\/\/medicinasinc.com\/de\/?s={search_term_string}"},"query-input":{"@type":"PropertyValueSpecification","valueRequired":true,"valueName":"search_term_string"}}],"inLanguage":"de"}]}},"_links":{"self":[{"href":"https:\/\/medicinasinc.com\/de\/wp-json\/wp\/v2\/product\/4780","targetHints":{"allow":["GET"]}}],"collection":[{"href":"https:\/\/medicinasinc.com\/de\/wp-json\/wp\/v2\/product"}],"about":[{"href":"https:\/\/medicinasinc.com\/de\/wp-json\/wp\/v2\/types\/product"}],"replies":[{"embeddable":true,"href":"https:\/\/medicinasinc.com\/de\/wp-json\/wp\/v2\/comments?post=4780"}],"wp:featuredmedia":[{"embeddable":true,"href":"https:\/\/medicinasinc.com\/de\/wp-json\/wp\/v2\/media\/4795"}],"wp:attachment":[{"href":"https:\/\/medicinasinc.com\/de\/wp-json\/wp\/v2\/media?parent=4780"}],"wp:term":[{"taxonomy":"product_brand","embeddable":true,"href":"https:\/\/medicinasinc.com\/de\/wp-json\/wp\/v2\/product_brand?post=4780"},{"taxonomy":"product_cat","embeddable":true,"href":"https:\/\/medicinasinc.com\/de\/wp-json\/wp\/v2\/product_cat?post=4780"},{"taxonomy":"product_tag","embeddable":true,"href":"https:\/\/medicinasinc.com\/de\/wp-json\/wp\/v2\/product_tag?post=4780"}],"curies":[{"name":"wp","href":"https:\/\/api.w.org\/{rel}","templated":true}]}}