{"id":4779,"date":"2022-02-20T15:55:42","date_gmt":"2022-02-20T15:55:42","guid":{"rendered":"https:\/\/medicinasinc.com\/de\/?post_type=product&#038;p=4779"},"modified":"2022-08-08T20:51:50","modified_gmt":"2022-08-08T20:51:50","slug":"kauf-alaskan-thunder-fuck-budder-top-regal","status":"publish","type":"product","link":"https:\/\/medicinasinc.com\/de\/product\/kauf-alaskan-thunder-fuck-budder-top-regal\/","title":{"rendered":"Kaufen Sie Alaskan Thunder Fuck Budder \u2013 Top Shelf"},"content":{"rendered":"<p>Kaufen Sie Alaskan Thunder Fuck Budder \u2013 Premium-Qualit\u00e4t<\/p>\n<p>Alaskan Thunder Fuck, abgek\u00fcrzt ATF, Matanuska Thunder Fuck oder Matanuska Tundra, ist eine seltene sativadominierte Sorte, die ihren Ursprung im Matanuska Valley in Alaska hat. Es wird angenommen, dass sie als Kreuzung zwischen einer nordkalifornischen Sativa und einer russischen Ruderalis entstanden ist, bevor sie Ende der 1970er Jahre mit afghanischer Genetik gekreuzt wurde. Diese Sorte hat ein durchdringendes Aroma, das Kiefer und Zitrone mit Skunk- und Mentholnoten vermischt. ATF wird wegen seiner appetitanregenden und kriechenartigen Eigenschaften verehrt. Das ATF-High beginnt mit einem Ausbruch zerebraler Stimulation, der die soziale Interaktion und Kreativit\u00e4t f\u00f6rdert. Wenn die Intensit\u00e4t der Euphorie zunimmt, beginnt sich der K\u00f6rper zu entspannen und der Hunger stellt sich ein. Alaskan Thunder Fuck kann zur Behandlung von chronischem Stress, Depressionen und leichten bis mittelschweren Schmerzen eingesetzt werden.<\/p>\n","protected":false},"excerpt":{"rendered":"<p>Kaufen Sie Alaskan Thunder Fuck Budder \u2013 Premium-Qualit\u00e4t<\/p>\n<p>&nbsp;<\/p>\n<ul>\n<li>Weltweiter Versand<\/li>\n<li>Die Mindestbestellmenge betr\u00e4gt <strong>3<\/strong>. strong&gt;<\/li>\n<li><strong>Kontaktieren Sie uns<\/strong>\u00a0f\u00fcr gr\u00f6\u00dfere Bestellungen<\/li>\n<\/ul>\n","protected":false},"featured_media":4793,"comment_status":"open","ping_status":"closed","template":"","meta":[],"product_brand":[],"product_cat":[702],"product_tag":[],"class_list":{"0":"post-4779","1":"product","2":"type-product","3":"status-publish","4":"has-post-thumbnail","6":"product_cat-kaufen-cannabis-wachs","8":"first","9":"instock","10":"shipping-taxable","11":"purchasable","12":"product-type-variable","13":"has-default-attributes"},"yoast_head":"<!-- This site is optimized with the Yoast SEO plugin v27.3 - https:\/\/yoast.com\/product\/yoast-seo-wordpress\/ -->\n<title>Kaufen Sie Alaskan Thunder Fuck Budder \u2013 Top Shelf - Medicinas Inc<\/title>\n<meta name=\"description\" content=\"Kaufen Sie Alaskan Thunder Fuck Budder \u2013 Premium-Qualit\u00e4t\" \/>\n<meta name=\"robots\" content=\"index, follow, max-snippet:-1, max-image-preview:large, max-video-preview:-1\" \/>\n<link rel=\"canonical\" href=\"https:\/\/medicinasinc.com\/de\/product\/kauf-alaskan-thunder-fuck-budder-top-regal\/\" \/>\n<meta property=\"og:locale\" content=\"de_DE\" \/>\n<meta property=\"og:type\" content=\"article\" \/>\n<meta property=\"og:title\" content=\"Kaufen Sie Alaskan Thunder Fuck Budder \u2013 Top Shelf - Medicinas Inc\" \/>\n<meta property=\"og:description\" content=\"Kaufen Sie Alaskan Thunder Fuck Budder \u2013 Premium-Qualit\u00e4t\" \/>\n<meta property=\"og:url\" content=\"https:\/\/medicinasinc.com\/de\/product\/kauf-alaskan-thunder-fuck-budder-top-regal\/\" \/>\n<meta property=\"og:site_name\" content=\"Medicinas Inc\" \/>\n<meta property=\"article:modified_time\" content=\"2022-08-08T20:51:50+00:00\" \/>\n<meta property=\"og:image\" content=\"https:\/\/medicinasinc.com\/de\/wp-content\/uploads\/sites\/6\/2022\/02\/Buy-Alaskan-Thunder-Fuck-Budder.jpg\" \/>\n\t<meta property=\"og:image:width\" content=\"600\" \/>\n\t<meta property=\"og:image:height\" content=\"600\" \/>\n\t<meta property=\"og:image:type\" content=\"image\/jpeg\" \/>\n<meta name=\"twitter:card\" content=\"summary_large_image\" \/>\n<meta name=\"twitter:label1\" content=\"Gesch\u00e4tzte Lesezeit\" \/>\n\t<meta name=\"twitter:data1\" content=\"1\u00a0Minute\" \/>\n<script type=\"application\/ld+json\" class=\"yoast-schema-graph\">{\"@context\":\"https:\\\/\\\/schema.org\",\"@graph\":[{\"@type\":\"WebPage\",\"@id\":\"https:\\\/\\\/medicinasinc.com\\\/de\\\/product\\\/kauf-alaskan-thunder-fuck-budder-top-regal\\\/\",\"url\":\"https:\\\/\\\/medicinasinc.com\\\/de\\\/product\\\/kauf-alaskan-thunder-fuck-budder-top-regal\\\/\",\"name\":\"Kaufen Sie Alaskan Thunder Fuck Budder \u2013 Top Shelf - Medicinas Inc\",\"isPartOf\":{\"@id\":\"https:\\\/\\\/medicinasinc.com\\\/de\\\/#website\"},\"primaryImageOfPage\":{\"@id\":\"https:\\\/\\\/medicinasinc.com\\\/de\\\/product\\\/kauf-alaskan-thunder-fuck-budder-top-regal\\\/#primaryimage\"},\"image\":{\"@id\":\"https:\\\/\\\/medicinasinc.com\\\/de\\\/product\\\/kauf-alaskan-thunder-fuck-budder-top-regal\\\/#primaryimage\"},\"thumbnailUrl\":\"https:\\\/\\\/medicinasinc.com\\\/de\\\/wp-content\\\/uploads\\\/sites\\\/6\\\/2022\\\/02\\\/Buy-Alaskan-Thunder-Fuck-Budder.jpg\",\"datePublished\":\"2022-02-20T15:55:42+00:00\",\"dateModified\":\"2022-08-08T20:51:50+00:00\",\"description\":\"Kaufen Sie Alaskan Thunder Fuck Budder \u2013 Premium-Qualit\u00e4t\",\"breadcrumb\":{\"@id\":\"https:\\\/\\\/medicinasinc.com\\\/de\\\/product\\\/kauf-alaskan-thunder-fuck-budder-top-regal\\\/#breadcrumb\"},\"inLanguage\":\"de\",\"potentialAction\":[{\"@type\":\"ReadAction\",\"target\":[\"https:\\\/\\\/medicinasinc.com\\\/de\\\/product\\\/kauf-alaskan-thunder-fuck-budder-top-regal\\\/\"]}]},{\"@type\":\"ImageObject\",\"inLanguage\":\"de\",\"@id\":\"https:\\\/\\\/medicinasinc.com\\\/de\\\/product\\\/kauf-alaskan-thunder-fuck-budder-top-regal\\\/#primaryimage\",\"url\":\"https:\\\/\\\/medicinasinc.com\\\/de\\\/wp-content\\\/uploads\\\/sites\\\/6\\\/2022\\\/02\\\/Buy-Alaskan-Thunder-Fuck-Budder.jpg\",\"contentUrl\":\"https:\\\/\\\/medicinasinc.com\\\/de\\\/wp-content\\\/uploads\\\/sites\\\/6\\\/2022\\\/02\\\/Buy-Alaskan-Thunder-Fuck-Budder.jpg\",\"width\":600,\"height\":600},{\"@type\":\"BreadcrumbList\",\"@id\":\"https:\\\/\\\/medicinasinc.com\\\/de\\\/product\\\/kauf-alaskan-thunder-fuck-budder-top-regal\\\/#breadcrumb\",\"itemListElement\":[{\"@type\":\"ListItem\",\"position\":1,\"name\":\"Einkaufen\",\"item\":\"https:\\\/\\\/medicinasinc.com\\\/de\\\/einkaufen\\\/\"},{\"@type\":\"ListItem\",\"position\":2,\"name\":\"Kaufen Sie Alaskan Thunder Fuck Budder \u2013 Top Shelf\"}]},{\"@type\":\"WebSite\",\"@id\":\"https:\\\/\\\/medicinasinc.com\\\/de\\\/#website\",\"url\":\"https:\\\/\\\/medicinasinc.com\\\/de\\\/\",\"name\":\"Medicinas Inc\",\"description\":\"Health Medical Clinic\",\"potentialAction\":[{\"@type\":\"SearchAction\",\"target\":{\"@type\":\"EntryPoint\",\"urlTemplate\":\"https:\\\/\\\/medicinasinc.com\\\/de\\\/?s={search_term_string}\"},\"query-input\":{\"@type\":\"PropertyValueSpecification\",\"valueRequired\":true,\"valueName\":\"search_term_string\"}}],\"inLanguage\":\"de\"}]}<\/script>\n<!-- \/ Yoast SEO plugin. -->","yoast_head_json":{"title":"Kaufen Sie Alaskan Thunder Fuck Budder \u2013 Top Shelf - Medicinas Inc","description":"Kaufen Sie Alaskan Thunder Fuck Budder \u2013 Premium-Qualit\u00e4t","robots":{"index":"index","follow":"follow","max-snippet":"max-snippet:-1","max-image-preview":"max-image-preview:large","max-video-preview":"max-video-preview:-1"},"canonical":"https:\/\/medicinasinc.com\/de\/product\/kauf-alaskan-thunder-fuck-budder-top-regal\/","og_locale":"de_DE","og_type":"article","og_title":"Kaufen Sie Alaskan Thunder Fuck Budder \u2013 Top Shelf - Medicinas Inc","og_description":"Kaufen Sie Alaskan Thunder Fuck Budder \u2013 Premium-Qualit\u00e4t","og_url":"https:\/\/medicinasinc.com\/de\/product\/kauf-alaskan-thunder-fuck-budder-top-regal\/","og_site_name":"Medicinas Inc","article_modified_time":"2022-08-08T20:51:50+00:00","og_image":[{"width":600,"height":600,"url":"https:\/\/medicinasinc.com\/de\/wp-content\/uploads\/sites\/6\/2022\/02\/Buy-Alaskan-Thunder-Fuck-Budder.jpg","type":"image\/jpeg"}],"twitter_card":"summary_large_image","twitter_misc":{"Gesch\u00e4tzte Lesezeit":"1\u00a0Minute"},"schema":{"@context":"https:\/\/schema.org","@graph":[{"@type":"WebPage","@id":"https:\/\/medicinasinc.com\/de\/product\/kauf-alaskan-thunder-fuck-budder-top-regal\/","url":"https:\/\/medicinasinc.com\/de\/product\/kauf-alaskan-thunder-fuck-budder-top-regal\/","name":"Kaufen Sie Alaskan Thunder Fuck Budder \u2013 Top Shelf - Medicinas Inc","isPartOf":{"@id":"https:\/\/medicinasinc.com\/de\/#website"},"primaryImageOfPage":{"@id":"https:\/\/medicinasinc.com\/de\/product\/kauf-alaskan-thunder-fuck-budder-top-regal\/#primaryimage"},"image":{"@id":"https:\/\/medicinasinc.com\/de\/product\/kauf-alaskan-thunder-fuck-budder-top-regal\/#primaryimage"},"thumbnailUrl":"https:\/\/medicinasinc.com\/de\/wp-content\/uploads\/sites\/6\/2022\/02\/Buy-Alaskan-Thunder-Fuck-Budder.jpg","datePublished":"2022-02-20T15:55:42+00:00","dateModified":"2022-08-08T20:51:50+00:00","description":"Kaufen Sie Alaskan Thunder Fuck Budder \u2013 Premium-Qualit\u00e4t","breadcrumb":{"@id":"https:\/\/medicinasinc.com\/de\/product\/kauf-alaskan-thunder-fuck-budder-top-regal\/#breadcrumb"},"inLanguage":"de","potentialAction":[{"@type":"ReadAction","target":["https:\/\/medicinasinc.com\/de\/product\/kauf-alaskan-thunder-fuck-budder-top-regal\/"]}]},{"@type":"ImageObject","inLanguage":"de","@id":"https:\/\/medicinasinc.com\/de\/product\/kauf-alaskan-thunder-fuck-budder-top-regal\/#primaryimage","url":"https:\/\/medicinasinc.com\/de\/wp-content\/uploads\/sites\/6\/2022\/02\/Buy-Alaskan-Thunder-Fuck-Budder.jpg","contentUrl":"https:\/\/medicinasinc.com\/de\/wp-content\/uploads\/sites\/6\/2022\/02\/Buy-Alaskan-Thunder-Fuck-Budder.jpg","width":600,"height":600},{"@type":"BreadcrumbList","@id":"https:\/\/medicinasinc.com\/de\/product\/kauf-alaskan-thunder-fuck-budder-top-regal\/#breadcrumb","itemListElement":[{"@type":"ListItem","position":1,"name":"Einkaufen","item":"https:\/\/medicinasinc.com\/de\/einkaufen\/"},{"@type":"ListItem","position":2,"name":"Kaufen Sie Alaskan Thunder Fuck Budder \u2013 Top Shelf"}]},{"@type":"WebSite","@id":"https:\/\/medicinasinc.com\/de\/#website","url":"https:\/\/medicinasinc.com\/de\/","name":"Medicinas Inc","description":"Health Medical Clinic","potentialAction":[{"@type":"SearchAction","target":{"@type":"EntryPoint","urlTemplate":"https:\/\/medicinasinc.com\/de\/?s={search_term_string}"},"query-input":{"@type":"PropertyValueSpecification","valueRequired":true,"valueName":"search_term_string"}}],"inLanguage":"de"}]}},"_links":{"self":[{"href":"https:\/\/medicinasinc.com\/de\/wp-json\/wp\/v2\/product\/4779","targetHints":{"allow":["GET"]}}],"collection":[{"href":"https:\/\/medicinasinc.com\/de\/wp-json\/wp\/v2\/product"}],"about":[{"href":"https:\/\/medicinasinc.com\/de\/wp-json\/wp\/v2\/types\/product"}],"replies":[{"embeddable":true,"href":"https:\/\/medicinasinc.com\/de\/wp-json\/wp\/v2\/comments?post=4779"}],"wp:featuredmedia":[{"embeddable":true,"href":"https:\/\/medicinasinc.com\/de\/wp-json\/wp\/v2\/media\/4793"}],"wp:attachment":[{"href":"https:\/\/medicinasinc.com\/de\/wp-json\/wp\/v2\/media?parent=4779"}],"wp:term":[{"taxonomy":"product_brand","embeddable":true,"href":"https:\/\/medicinasinc.com\/de\/wp-json\/wp\/v2\/product_brand?post=4779"},{"taxonomy":"product_cat","embeddable":true,"href":"https:\/\/medicinasinc.com\/de\/wp-json\/wp\/v2\/product_cat?post=4779"},{"taxonomy":"product_tag","embeddable":true,"href":"https:\/\/medicinasinc.com\/de\/wp-json\/wp\/v2\/product_tag?post=4779"}],"curies":[{"name":"wp","href":"https:\/\/api.w.org\/{rel}","templated":true}]}}