{"id":4768,"date":"2022-02-20T15:46:58","date_gmt":"2022-02-20T15:46:58","guid":{"rendered":"https:\/\/medicinasinc.com\/de\/?post_type=product&#038;p=4768"},"modified":"2022-03-18T00:43:01","modified_gmt":"2022-03-18T00:43:01","slug":"kaufen-k2-weihrauch-spray","status":"publish","type":"product","link":"https:\/\/medicinasinc.com\/de\/product\/kaufen-k2-weihrauch-spray\/","title":{"rendered":"Kaufen Sie K2 Weihrauchspray"},"content":{"rendered":"<p>Online-Kauf von K2-Weihrauchspray<\/p>\n<p>Zus\u00e4tzlich verkaufen wir K2-Papier.<\/p>\n<p>K2-Spray kann gekauft werden. Es ist geruchs- und farblos.<\/p>\n<p>25 ml reichen aus, um ein ganzes A4-Blatt zu bespr\u00fchen.<\/p>\n<p>Flavour und K2 sind die beiden gebr\u00e4uchlichsten Namen f\u00fcr synthetisches Marihuana. Sie werden aus getrocknetem Pflanzenmaterial hergestellt, das mit einem manipulierten Cannabinoid angereichert wurde. Entwickelte Cannabinoide sind synthetische Verbindungen, die auf die Cannabinoidrezeptoren des Gehirns auf die gleiche Weise wirken wie Delta9-Tetrahydrocannabinol (THC). Personen, die Spice verwenden, berichten von \u00e4hnlichen Empfindungen wie denen, die mit Marihuana in Verbindung gebracht werden. Marihuana ist eine Pflanze, die Cannabinoide enth\u00e4lt, die Mischungen sind. Geschmack und K2 sind zwei Begriffe, die sich auf eine Sammlung von Rezepten beziehen, die als entworfene (technisch hergestellte) Cannabinoide bezeichnet werden. Sie bestehen aus getrockneten Pflanzenmaterialien, die mit bewusstseinsver\u00e4ndernden synthetischen Chemikalien bespr\u00fcht wurden. Analysten haben diese hergestellten Medikamente zun\u00e4chst arrangiert, um sie in der Untersuchung zu verwenden.<\/p>\n<p>Au\u00dferdem ist K2 in fl\u00fcssiger Form erh\u00e4ltlich, die in E-Zigaretten abgebaut wird. Au\u00dferdem wird es in Pfeifen, Joints geraucht oder zu Tee verarbeitet. K2 wird dann in fl\u00fcssigem Zustand auf Pflanzen, Papier und Fasern gestreut. W\u00e4hrend die Wirkungen des Rauchens von Spice denen des Rauchens von Marihuana \u00e4hneln, ist der Hauptgrund, warum Menschen Spice rauchen, dass es bescheiden ist, und wenn man bedenkt, wie bekannt es ist &#8230; Typischerweise wird diese Substanz als Pflanzenmaterial verkauft. Ungeachtet der Tatsache, dass wir au\u00dfergew\u00f6hnlichen k2-Geschmack verkaufen, entspricht das Aggregat unserer technischen Mischungen allen geltenden Vorschriften. Kaufen Sie Kr\u00e4uterr\u00e4ucherst\u00e4bchen online Entz\u00fcnden Sie Ihre Sinne mit starkem K2 Kr\u00e4uterr\u00e4ucherst\u00e4bchen! W\u00e4hrend andere tote Mischungen ohne Machtimitation verkaufen, wenn Sie K2 bei uns kaufen, spricht unsere Qualit\u00e4t f\u00fcr sich! Wir verkaufen au\u00dfergew\u00f6hnliche Kr\u00e4uterr\u00e4ucherst\u00e4bchen und sind einzigartig unter Kr\u00e4uter-Zing-H\u00e4ndlern. Auch als K2, synthetisches Marihuana und synthetisches Weed-Weihrauchspray bezeichnet, ist das zum Verkauf stehende k2-Spray ein k\u00fcnstliches Stra\u00dfenberuhigungsmittel, das k\u00fcnstliche Substanzen enth\u00e4lt, die auf Aromen gespr\u00fcht werden. Auf Papier fl\u00fcssiges k2. Im Internet k\u00f6nnen Sie K2 Spray und R\u00e4ucherfl\u00fcssigkeit kaufen. Kaufen Sie hochwertiges K2-Zing-Papier und lassen Sie es sich nach Hause liefern. Sie sind an der richtigen Stelle, wenn Sie nach den besten lokalen K2-R\u00e4ucherfl\u00fcssigkeiten und E-Liquids-Streuseln im Internet suchen. Wir verkaufen den Gro\u00dfteil der K2-Fl\u00fcssigkeit vor Ort zu m\u00f6glichst niedrigen Preisen, um die Anforderungen aller Kunden in den Vereinigten Staaten von Amerika und auf der ganzen Welt zu erf\u00fcllen. Eine weitere bemerkenswerte Anwendung ist die Erstellung einer K2-Dusche, die im Allgemeinen topisch angewendet wird. Es ist absolut notwendig. Produzierte Cannabinoide, allgemein als \u201eFlavor\u201c oder \u201eK2\u201c bezeichnet, wurden Anfang der 2000er Jahre in den Vereinigten Staaten legal. Echtes K2 Gew\u00fcrzpapier. Wir verkaufen das beste K2-Mischpapier, das online erh\u00e4ltlich ist. Kaufen Sie es sofort. Was entsteht aus Marihuana (auch bekannt als synthetische Cannabinoide, K2 oder Spice)? Wir haben die beste Auswahl an lokalem Weihrauch im Internet.<\/p>\n","protected":false},"excerpt":{"rendered":"<div class=\"woocommerce-product-details__short-description\">\n<p>Kaufen Sie K2 Weihrauchspray, ein geruchs- und farbloses Weihrauchspray. 25 ml reichen aus, um ein ganzes DIN-A4-Blatt zu bespr\u00fchen. Zus\u00e4tzlich verkaufen wir K2-Papier.<\/p>\n<p>K2-Spray Diablo Amazon, K2-Spray Gro\u00dfhandel, st\u00e4rkstes K2-Spray zum Verkauf, Legal High K2-Spray zum Verkauf, K2-Spray zum Verkauf online in Gro\u00dfbritannien, fl\u00fcssiges Spray-Weihrauch, k2-Papier Zutaten, k2 Gew\u00fcrzpapierb\u00f6gen<\/p>\n<\/p><\/div>\n","protected":false},"featured_media":4783,"comment_status":"open","ping_status":"closed","template":"","meta":[],"product_brand":[],"product_cat":[690],"product_tag":[699,701,695,696,694,697,698,700],"class_list":{"0":"post-4768","1":"product","2":"type-product","3":"status-publish","4":"has-post-thumbnail","6":"product_cat-kaufen-sie-k2-papier","7":"product_tag-flssig-spray-weihrauch","8":"product_tag-grohandel-k2-spray","9":"product_tag-k2-gewrzpapierbltter","10":"product_tag-k2-gewrzspray-diablo-amazon","11":"product_tag-k2-papier-zutaten","12":"product_tag-k2-spray-zum-verkauf-online-uk","13":"product_tag-legales-hochgewrzspray-zu-verkaufen","14":"product_tag-strkstes-k2-spray-zu-verkaufen","16":"first","17":"instock","18":"shipping-taxable","19":"purchasable","20":"product-type-variable","21":"has-default-attributes"},"yoast_head":"<!-- This site is optimized with the Yoast SEO plugin v27.3 - https:\/\/yoast.com\/product\/yoast-seo-wordpress\/ -->\n<title>Kaufen Sie K2 Weihrauchspray online - Best Best Global Meds<\/title>\n<meta name=\"description\" content=\"Kaufen Sie K2 Weihrauchspray , geruchloses und farbloses K2-Spray zum Verkauf. Sie ben\u00f6tigen 25 ml, um ein ganzes A4-Blatt zu bespr\u00fchen. Wir haben auch K2-Papier zum Verkauf.\" \/>\n<meta name=\"robots\" content=\"index, follow, max-snippet:-1, max-image-preview:large, max-video-preview:-1\" \/>\n<link rel=\"canonical\" href=\"https:\/\/medicinasinc.com\/de\/product\/kaufen-k2-weihrauch-spray\/\" \/>\n<meta property=\"og:locale\" content=\"de_DE\" \/>\n<meta property=\"og:type\" content=\"article\" \/>\n<meta property=\"og:title\" content=\"Kaufen Sie K2 Weihrauchspray online - Best Best Global Meds\" \/>\n<meta property=\"og:description\" content=\"Kaufen Sie K2 Weihrauchspray , geruchloses und farbloses K2-Spray zum Verkauf. Sie ben\u00f6tigen 25 ml, um ein ganzes A4-Blatt zu bespr\u00fchen. Wir haben auch K2-Papier zum Verkauf.\" \/>\n<meta property=\"og:url\" content=\"https:\/\/medicinasinc.com\/de\/product\/kaufen-k2-weihrauch-spray\/\" \/>\n<meta property=\"og:site_name\" content=\"Medicinas Inc\" \/>\n<meta property=\"article:modified_time\" content=\"2022-03-18T00:43:01+00:00\" \/>\n<meta property=\"og:image\" content=\"https:\/\/medicinasinc.com\/de\/wp-content\/uploads\/sites\/6\/2022\/02\/Buy-K2-Incense-Spray.png\" \/>\n\t<meta property=\"og:image:width\" content=\"873\" \/>\n\t<meta property=\"og:image:height\" content=\"433\" \/>\n\t<meta property=\"og:image:type\" content=\"image\/png\" \/>\n<meta name=\"twitter:card\" content=\"summary_large_image\" \/>\n<meta name=\"twitter:label1\" content=\"Gesch\u00e4tzte Lesezeit\" \/>\n\t<meta name=\"twitter:data1\" content=\"3\u00a0Minuten\" \/>\n<script type=\"application\/ld+json\" class=\"yoast-schema-graph\">{\"@context\":\"https:\\\/\\\/schema.org\",\"@graph\":[{\"@type\":\"WebPage\",\"@id\":\"https:\\\/\\\/medicinasinc.com\\\/de\\\/product\\\/kaufen-k2-weihrauch-spray\\\/\",\"url\":\"https:\\\/\\\/medicinasinc.com\\\/de\\\/product\\\/kaufen-k2-weihrauch-spray\\\/\",\"name\":\"Kaufen Sie K2 Weihrauchspray online - Best Best Global Meds\",\"isPartOf\":{\"@id\":\"https:\\\/\\\/medicinasinc.com\\\/de\\\/#website\"},\"primaryImageOfPage\":{\"@id\":\"https:\\\/\\\/medicinasinc.com\\\/de\\\/product\\\/kaufen-k2-weihrauch-spray\\\/#primaryimage\"},\"image\":{\"@id\":\"https:\\\/\\\/medicinasinc.com\\\/de\\\/product\\\/kaufen-k2-weihrauch-spray\\\/#primaryimage\"},\"thumbnailUrl\":\"https:\\\/\\\/medicinasinc.com\\\/de\\\/wp-content\\\/uploads\\\/sites\\\/6\\\/2022\\\/02\\\/Buy-K2-Incense-Spray.png\",\"datePublished\":\"2022-02-20T15:46:58+00:00\",\"dateModified\":\"2022-03-18T00:43:01+00:00\",\"description\":\"Kaufen Sie K2 Weihrauchspray , geruchloses und farbloses K2-Spray zum Verkauf. Sie ben\u00f6tigen 25 ml, um ein ganzes A4-Blatt zu bespr\u00fchen. Wir haben auch K2-Papier zum Verkauf.\",\"breadcrumb\":{\"@id\":\"https:\\\/\\\/medicinasinc.com\\\/de\\\/product\\\/kaufen-k2-weihrauch-spray\\\/#breadcrumb\"},\"inLanguage\":\"de\",\"potentialAction\":[{\"@type\":\"ReadAction\",\"target\":[\"https:\\\/\\\/medicinasinc.com\\\/de\\\/product\\\/kaufen-k2-weihrauch-spray\\\/\"]}]},{\"@type\":\"ImageObject\",\"inLanguage\":\"de\",\"@id\":\"https:\\\/\\\/medicinasinc.com\\\/de\\\/product\\\/kaufen-k2-weihrauch-spray\\\/#primaryimage\",\"url\":\"https:\\\/\\\/medicinasinc.com\\\/de\\\/wp-content\\\/uploads\\\/sites\\\/6\\\/2022\\\/02\\\/Buy-K2-Incense-Spray.png\",\"contentUrl\":\"https:\\\/\\\/medicinasinc.com\\\/de\\\/wp-content\\\/uploads\\\/sites\\\/6\\\/2022\\\/02\\\/Buy-K2-Incense-Spray.png\",\"width\":873,\"height\":433},{\"@type\":\"BreadcrumbList\",\"@id\":\"https:\\\/\\\/medicinasinc.com\\\/de\\\/product\\\/kaufen-k2-weihrauch-spray\\\/#breadcrumb\",\"itemListElement\":[{\"@type\":\"ListItem\",\"position\":1,\"name\":\"Einkaufen\",\"item\":\"https:\\\/\\\/medicinasinc.com\\\/de\\\/einkaufen\\\/\"},{\"@type\":\"ListItem\",\"position\":2,\"name\":\"Kaufen Sie K2 Weihrauchspray\"}]},{\"@type\":\"WebSite\",\"@id\":\"https:\\\/\\\/medicinasinc.com\\\/de\\\/#website\",\"url\":\"https:\\\/\\\/medicinasinc.com\\\/de\\\/\",\"name\":\"Medicinas Inc\",\"description\":\"Health Medical Clinic\",\"potentialAction\":[{\"@type\":\"SearchAction\",\"target\":{\"@type\":\"EntryPoint\",\"urlTemplate\":\"https:\\\/\\\/medicinasinc.com\\\/de\\\/?s={search_term_string}\"},\"query-input\":{\"@type\":\"PropertyValueSpecification\",\"valueRequired\":true,\"valueName\":\"search_term_string\"}}],\"inLanguage\":\"de\"}]}<\/script>\n<!-- \/ Yoast SEO plugin. -->","yoast_head_json":{"title":"Kaufen Sie K2 Weihrauchspray online - Best Best Global Meds","description":"Kaufen Sie K2 Weihrauchspray , geruchloses und farbloses K2-Spray zum Verkauf. Sie ben\u00f6tigen 25 ml, um ein ganzes A4-Blatt zu bespr\u00fchen. Wir haben auch K2-Papier zum Verkauf.","robots":{"index":"index","follow":"follow","max-snippet":"max-snippet:-1","max-image-preview":"max-image-preview:large","max-video-preview":"max-video-preview:-1"},"canonical":"https:\/\/medicinasinc.com\/de\/product\/kaufen-k2-weihrauch-spray\/","og_locale":"de_DE","og_type":"article","og_title":"Kaufen Sie K2 Weihrauchspray online - Best Best Global Meds","og_description":"Kaufen Sie K2 Weihrauchspray , geruchloses und farbloses K2-Spray zum Verkauf. Sie ben\u00f6tigen 25 ml, um ein ganzes A4-Blatt zu bespr\u00fchen. Wir haben auch K2-Papier zum Verkauf.","og_url":"https:\/\/medicinasinc.com\/de\/product\/kaufen-k2-weihrauch-spray\/","og_site_name":"Medicinas Inc","article_modified_time":"2022-03-18T00:43:01+00:00","og_image":[{"width":873,"height":433,"url":"https:\/\/medicinasinc.com\/de\/wp-content\/uploads\/sites\/6\/2022\/02\/Buy-K2-Incense-Spray.png","type":"image\/png"}],"twitter_card":"summary_large_image","twitter_misc":{"Gesch\u00e4tzte Lesezeit":"3\u00a0Minuten"},"schema":{"@context":"https:\/\/schema.org","@graph":[{"@type":"WebPage","@id":"https:\/\/medicinasinc.com\/de\/product\/kaufen-k2-weihrauch-spray\/","url":"https:\/\/medicinasinc.com\/de\/product\/kaufen-k2-weihrauch-spray\/","name":"Kaufen Sie K2 Weihrauchspray online - Best Best Global Meds","isPartOf":{"@id":"https:\/\/medicinasinc.com\/de\/#website"},"primaryImageOfPage":{"@id":"https:\/\/medicinasinc.com\/de\/product\/kaufen-k2-weihrauch-spray\/#primaryimage"},"image":{"@id":"https:\/\/medicinasinc.com\/de\/product\/kaufen-k2-weihrauch-spray\/#primaryimage"},"thumbnailUrl":"https:\/\/medicinasinc.com\/de\/wp-content\/uploads\/sites\/6\/2022\/02\/Buy-K2-Incense-Spray.png","datePublished":"2022-02-20T15:46:58+00:00","dateModified":"2022-03-18T00:43:01+00:00","description":"Kaufen Sie K2 Weihrauchspray , geruchloses und farbloses K2-Spray zum Verkauf. Sie ben\u00f6tigen 25 ml, um ein ganzes A4-Blatt zu bespr\u00fchen. Wir haben auch K2-Papier zum Verkauf.","breadcrumb":{"@id":"https:\/\/medicinasinc.com\/de\/product\/kaufen-k2-weihrauch-spray\/#breadcrumb"},"inLanguage":"de","potentialAction":[{"@type":"ReadAction","target":["https:\/\/medicinasinc.com\/de\/product\/kaufen-k2-weihrauch-spray\/"]}]},{"@type":"ImageObject","inLanguage":"de","@id":"https:\/\/medicinasinc.com\/de\/product\/kaufen-k2-weihrauch-spray\/#primaryimage","url":"https:\/\/medicinasinc.com\/de\/wp-content\/uploads\/sites\/6\/2022\/02\/Buy-K2-Incense-Spray.png","contentUrl":"https:\/\/medicinasinc.com\/de\/wp-content\/uploads\/sites\/6\/2022\/02\/Buy-K2-Incense-Spray.png","width":873,"height":433},{"@type":"BreadcrumbList","@id":"https:\/\/medicinasinc.com\/de\/product\/kaufen-k2-weihrauch-spray\/#breadcrumb","itemListElement":[{"@type":"ListItem","position":1,"name":"Einkaufen","item":"https:\/\/medicinasinc.com\/de\/einkaufen\/"},{"@type":"ListItem","position":2,"name":"Kaufen Sie K2 Weihrauchspray"}]},{"@type":"WebSite","@id":"https:\/\/medicinasinc.com\/de\/#website","url":"https:\/\/medicinasinc.com\/de\/","name":"Medicinas Inc","description":"Health Medical Clinic","potentialAction":[{"@type":"SearchAction","target":{"@type":"EntryPoint","urlTemplate":"https:\/\/medicinasinc.com\/de\/?s={search_term_string}"},"query-input":{"@type":"PropertyValueSpecification","valueRequired":true,"valueName":"search_term_string"}}],"inLanguage":"de"}]}},"_links":{"self":[{"href":"https:\/\/medicinasinc.com\/de\/wp-json\/wp\/v2\/product\/4768","targetHints":{"allow":["GET"]}}],"collection":[{"href":"https:\/\/medicinasinc.com\/de\/wp-json\/wp\/v2\/product"}],"about":[{"href":"https:\/\/medicinasinc.com\/de\/wp-json\/wp\/v2\/types\/product"}],"replies":[{"embeddable":true,"href":"https:\/\/medicinasinc.com\/de\/wp-json\/wp\/v2\/comments?post=4768"}],"wp:featuredmedia":[{"embeddable":true,"href":"https:\/\/medicinasinc.com\/de\/wp-json\/wp\/v2\/media\/4783"}],"wp:attachment":[{"href":"https:\/\/medicinasinc.com\/de\/wp-json\/wp\/v2\/media?parent=4768"}],"wp:term":[{"taxonomy":"product_brand","embeddable":true,"href":"https:\/\/medicinasinc.com\/de\/wp-json\/wp\/v2\/product_brand?post=4768"},{"taxonomy":"product_cat","embeddable":true,"href":"https:\/\/medicinasinc.com\/de\/wp-json\/wp\/v2\/product_cat?post=4768"},{"taxonomy":"product_tag","embeddable":true,"href":"https:\/\/medicinasinc.com\/de\/wp-json\/wp\/v2\/product_tag?post=4768"}],"curies":[{"name":"wp","href":"https:\/\/api.w.org\/{rel}","templated":true}]}}