{"id":4767,"date":"2022-02-20T15:46:01","date_gmt":"2022-02-20T15:46:01","guid":{"rendered":"https:\/\/medicinasinc.com\/de\/?post_type=product&#038;p=4767"},"modified":"2022-03-18T00:43:16","modified_gmt":"2022-03-18T00:43:16","slug":"k2-papier-kaufen","status":"publish","type":"product","link":"https:\/\/medicinasinc.com\/de\/product\/k2-papier-kaufen\/","title":{"rendered":"Kaufen Sie K2-Papier"},"content":{"rendered":"<p>Lassen Sie sich kosteng\u00fcnstige K2-Papierbl\u00e4tter direkt an Ihre Haust\u00fcr liefern.<\/p>\n<p>Synthetisches Marihuana gewinnt bei Marihuana-Konsumenten schnell an Popularit\u00e4t. Mit K2 angereichertes Papier ist eine Mischung aus zerkleinerten Pflanzenmaterialien und synthetischen Chemikalien mit psychedelischen Eigenschaften. Untersuchungen zufolge binden die Chemikalien an die gleichen Nervenzellrezeptoren im Gehirn wie THC und l\u00f6sen Gef\u00fchle von Wohlbefinden, Entspannung, ver\u00e4nderter Wahrnehmung und Psychosen aus. Wenn Sie nach einem seri\u00f6sen Online-Shop suchen, um ein qualitativ hochwertiges Produkt zu kaufen, sind Sie in unserem seri\u00f6sen Online-Shop genau richtig. Um die Sicherheit unserer Kunden zu gew\u00e4hrleisten, beziehen wir unser Inventar von namhaften Herstellern. Testen Sie uns; wir garantieren, dass Sie nicht entt\u00e4uscht werden.<\/p>\n<p>Cannabinoide sind chemische Verbindungen, die nat\u00fcrlicherweise in Marihuana-Pflanzen vorkommen und als Grundlage f\u00fcr eine Vielzahl von synthetischen Drogen dienen. Chemisch ist das K2 Synthetic Weed Paper mit dem Wirkstoff in Marihuana verwandt. Die Wirkung ist intensiver und am Ende einer Sitzung kann man sich entspannt und erhaben f\u00fchlen. Da sich immer mehr Menschen der wahren Vorteile von Marihuana bewusst werden, wird dieses Produkt als sichere Alternative f\u00fcr eine Vielzahl von medizinischen und Freizeitzwecken verwendet. Sie sollten jedoch Vorsicht walten lassen, da ein \u00fcberm\u00e4\u00dfiger Konsum zu unerw\u00fcnschten Nebenwirkungen wie Angstzust\u00e4nden, Halluzinationen, Bluthochdruck, Brustschmerzen, Kurzatmigkeit, Krampfanf\u00e4llen und Erbrechen f\u00fchren kann. Bestimmte K2-Gew\u00fcrzprodukte auf dem Markt k\u00f6nnen auch giftige Inhaltsstoffe enthalten. Daher ist es wichtig, bei einem seri\u00f6sen Anbieter zu kaufen.<\/p>\n<p>M\u00f6chten Sie Kr\u00e4uterprodukte von h\u00f6chster Qualit\u00e4t kaufen? Mit einem globalen Kundenstamm bieten wir Ihnen eine hervorragende Gelegenheit, K2-Papier online zu wettbewerbsf\u00e4higen Preisen zu kaufen. Neben der gr\u00f6\u00dften Auswahl bieten wir sichere Zahlungsmethoden und diskreten Versand. Sie m\u00fcssen keine nahe gelegenen Lebensmittelgesch\u00e4fte oder Rastst\u00e4tten aufsuchen. Ziel des Unternehmens ist es, die Produktqualit\u00e4t und den Kundenservice kontinuierlich zu verbessern, um der Konkurrenz einen Schritt voraus zu sein. Unsere oberste Priorit\u00e4t ist Ihre Zufriedenheit, und wir haben ein erfahrenes Team zur Hand, um alle Probleme zu l\u00f6sen. Bitte z\u00f6gern Sie nicht, uns zu kontaktieren, wenn Sie Fragen oder Bedenken haben.<\/p>\n","protected":false},"excerpt":{"rendered":"<div class=\"woocommerce-product-details__short-description\">\n<p>Jedes A4-Blatt ist mit\u00a0<em><strong>25 ml=0,845351 Fl\u00fcssigunzen<\/strong><\/em>\u00a0fl\u00fcssigem K2 angereichert. <strong>Geruchs- und farbloses<\/strong> K2-Papier zu verkaufen. <strong>Wir haben auch K2 Spray im Angebot<\/strong><\/p>\n<\/p><\/div>\n","protected":false},"featured_media":4781,"comment_status":"open","ping_status":"closed","template":"","meta":[],"product_brand":[],"product_cat":[690],"product_tag":[691,693,692],"class_list":{"0":"post-4767","1":"product","2":"type-product","3":"status-publish","4":"has-post-thumbnail","6":"product_cat-kaufen-sie-k2-papier","7":"product_tag-k2-paper-online-uk-kaufen","8":"product_tag-buy-k2-paper-sheet","9":"product_tag-k2-papier-kaufen","11":"first","12":"instock","13":"shipping-taxable","14":"purchasable","15":"product-type-variable","16":"has-default-attributes"},"yoast_head":"<!-- This site is optimized with the Yoast SEO plugin v27.3 - https:\/\/yoast.com\/product\/yoast-seo-wordpress\/ -->\n<title>Kaufen Sie K2-Papier online - Best Best Global Meds<\/title>\n<meta name=\"description\" content=\"Kaufen Sie K2-Papier online zu g\u00fcnstigen Preisen. Jedes A4-Blatt ist mit 25 ml fl\u00fcssigem K2 angereichert. Geruchs- und farbloses K2-Papier zu verkaufen. Wir haben auch K2 Spray zum Verkauf\" \/>\n<meta name=\"robots\" content=\"index, follow, max-snippet:-1, max-image-preview:large, max-video-preview:-1\" \/>\n<link rel=\"canonical\" href=\"https:\/\/medicinasinc.com\/de\/product\/k2-papier-kaufen\/\" \/>\n<meta property=\"og:locale\" content=\"de_DE\" \/>\n<meta property=\"og:type\" content=\"article\" \/>\n<meta property=\"og:title\" content=\"Kaufen Sie K2-Papier online - Best Best Global Meds\" \/>\n<meta property=\"og:description\" content=\"Kaufen Sie K2-Papier online zu g\u00fcnstigen Preisen. Jedes A4-Blatt ist mit 25 ml fl\u00fcssigem K2 angereichert. Geruchs- und farbloses K2-Papier zu verkaufen. Wir haben auch K2 Spray zum Verkauf\" \/>\n<meta property=\"og:url\" content=\"https:\/\/medicinasinc.com\/de\/product\/k2-papier-kaufen\/\" \/>\n<meta property=\"og:site_name\" content=\"Medicinas Inc\" \/>\n<meta property=\"article:modified_time\" content=\"2022-03-18T00:43:16+00:00\" \/>\n<meta property=\"og:image\" content=\"https:\/\/medicinasinc.com\/de\/wp-content\/uploads\/sites\/6\/2022\/02\/Buy-K2-paper-online.jpg\" \/>\n\t<meta property=\"og:image:width\" content=\"600\" \/>\n\t<meta property=\"og:image:height\" content=\"600\" \/>\n\t<meta property=\"og:image:type\" content=\"image\/jpeg\" \/>\n<meta name=\"twitter:card\" content=\"summary_large_image\" \/>\n<meta name=\"twitter:label1\" content=\"Gesch\u00e4tzte Lesezeit\" \/>\n\t<meta name=\"twitter:data1\" content=\"2\u00a0Minuten\" \/>\n<script type=\"application\/ld+json\" class=\"yoast-schema-graph\">{\"@context\":\"https:\\\/\\\/schema.org\",\"@graph\":[{\"@type\":\"WebPage\",\"@id\":\"https:\\\/\\\/medicinasinc.com\\\/de\\\/product\\\/k2-papier-kaufen\\\/\",\"url\":\"https:\\\/\\\/medicinasinc.com\\\/de\\\/product\\\/k2-papier-kaufen\\\/\",\"name\":\"Kaufen Sie K2-Papier online - Best Best Global Meds\",\"isPartOf\":{\"@id\":\"https:\\\/\\\/medicinasinc.com\\\/de\\\/#website\"},\"primaryImageOfPage\":{\"@id\":\"https:\\\/\\\/medicinasinc.com\\\/de\\\/product\\\/k2-papier-kaufen\\\/#primaryimage\"},\"image\":{\"@id\":\"https:\\\/\\\/medicinasinc.com\\\/de\\\/product\\\/k2-papier-kaufen\\\/#primaryimage\"},\"thumbnailUrl\":\"https:\\\/\\\/medicinasinc.com\\\/de\\\/wp-content\\\/uploads\\\/sites\\\/6\\\/2022\\\/02\\\/Buy-K2-paper-online.jpg\",\"datePublished\":\"2022-02-20T15:46:01+00:00\",\"dateModified\":\"2022-03-18T00:43:16+00:00\",\"description\":\"Kaufen Sie K2-Papier online zu g\u00fcnstigen Preisen. Jedes A4-Blatt ist mit 25 ml fl\u00fcssigem K2 angereichert. Geruchs- und farbloses K2-Papier zu verkaufen. Wir haben auch K2 Spray zum Verkauf\",\"breadcrumb\":{\"@id\":\"https:\\\/\\\/medicinasinc.com\\\/de\\\/product\\\/k2-papier-kaufen\\\/#breadcrumb\"},\"inLanguage\":\"de\",\"potentialAction\":[{\"@type\":\"ReadAction\",\"target\":[\"https:\\\/\\\/medicinasinc.com\\\/de\\\/product\\\/k2-papier-kaufen\\\/\"]}]},{\"@type\":\"ImageObject\",\"inLanguage\":\"de\",\"@id\":\"https:\\\/\\\/medicinasinc.com\\\/de\\\/product\\\/k2-papier-kaufen\\\/#primaryimage\",\"url\":\"https:\\\/\\\/medicinasinc.com\\\/de\\\/wp-content\\\/uploads\\\/sites\\\/6\\\/2022\\\/02\\\/Buy-K2-paper-online.jpg\",\"contentUrl\":\"https:\\\/\\\/medicinasinc.com\\\/de\\\/wp-content\\\/uploads\\\/sites\\\/6\\\/2022\\\/02\\\/Buy-K2-paper-online.jpg\",\"width\":600,\"height\":600},{\"@type\":\"BreadcrumbList\",\"@id\":\"https:\\\/\\\/medicinasinc.com\\\/de\\\/product\\\/k2-papier-kaufen\\\/#breadcrumb\",\"itemListElement\":[{\"@type\":\"ListItem\",\"position\":1,\"name\":\"Einkaufen\",\"item\":\"https:\\\/\\\/medicinasinc.com\\\/de\\\/einkaufen\\\/\"},{\"@type\":\"ListItem\",\"position\":2,\"name\":\"Kaufen Sie K2-Papier\"}]},{\"@type\":\"WebSite\",\"@id\":\"https:\\\/\\\/medicinasinc.com\\\/de\\\/#website\",\"url\":\"https:\\\/\\\/medicinasinc.com\\\/de\\\/\",\"name\":\"Medicinas Inc\",\"description\":\"Health Medical Clinic\",\"potentialAction\":[{\"@type\":\"SearchAction\",\"target\":{\"@type\":\"EntryPoint\",\"urlTemplate\":\"https:\\\/\\\/medicinasinc.com\\\/de\\\/?s={search_term_string}\"},\"query-input\":{\"@type\":\"PropertyValueSpecification\",\"valueRequired\":true,\"valueName\":\"search_term_string\"}}],\"inLanguage\":\"de\"}]}<\/script>\n<!-- \/ Yoast SEO plugin. -->","yoast_head_json":{"title":"Kaufen Sie K2-Papier online - Best Best Global Meds","description":"Kaufen Sie K2-Papier online zu g\u00fcnstigen Preisen. Jedes A4-Blatt ist mit 25 ml fl\u00fcssigem K2 angereichert. Geruchs- und farbloses K2-Papier zu verkaufen. Wir haben auch K2 Spray zum Verkauf","robots":{"index":"index","follow":"follow","max-snippet":"max-snippet:-1","max-image-preview":"max-image-preview:large","max-video-preview":"max-video-preview:-1"},"canonical":"https:\/\/medicinasinc.com\/de\/product\/k2-papier-kaufen\/","og_locale":"de_DE","og_type":"article","og_title":"Kaufen Sie K2-Papier online - Best Best Global Meds","og_description":"Kaufen Sie K2-Papier online zu g\u00fcnstigen Preisen. Jedes A4-Blatt ist mit 25 ml fl\u00fcssigem K2 angereichert. Geruchs- und farbloses K2-Papier zu verkaufen. Wir haben auch K2 Spray zum Verkauf","og_url":"https:\/\/medicinasinc.com\/de\/product\/k2-papier-kaufen\/","og_site_name":"Medicinas Inc","article_modified_time":"2022-03-18T00:43:16+00:00","og_image":[{"width":600,"height":600,"url":"https:\/\/medicinasinc.com\/de\/wp-content\/uploads\/sites\/6\/2022\/02\/Buy-K2-paper-online.jpg","type":"image\/jpeg"}],"twitter_card":"summary_large_image","twitter_misc":{"Gesch\u00e4tzte Lesezeit":"2\u00a0Minuten"},"schema":{"@context":"https:\/\/schema.org","@graph":[{"@type":"WebPage","@id":"https:\/\/medicinasinc.com\/de\/product\/k2-papier-kaufen\/","url":"https:\/\/medicinasinc.com\/de\/product\/k2-papier-kaufen\/","name":"Kaufen Sie K2-Papier online - Best Best Global Meds","isPartOf":{"@id":"https:\/\/medicinasinc.com\/de\/#website"},"primaryImageOfPage":{"@id":"https:\/\/medicinasinc.com\/de\/product\/k2-papier-kaufen\/#primaryimage"},"image":{"@id":"https:\/\/medicinasinc.com\/de\/product\/k2-papier-kaufen\/#primaryimage"},"thumbnailUrl":"https:\/\/medicinasinc.com\/de\/wp-content\/uploads\/sites\/6\/2022\/02\/Buy-K2-paper-online.jpg","datePublished":"2022-02-20T15:46:01+00:00","dateModified":"2022-03-18T00:43:16+00:00","description":"Kaufen Sie K2-Papier online zu g\u00fcnstigen Preisen. Jedes A4-Blatt ist mit 25 ml fl\u00fcssigem K2 angereichert. Geruchs- und farbloses K2-Papier zu verkaufen. Wir haben auch K2 Spray zum Verkauf","breadcrumb":{"@id":"https:\/\/medicinasinc.com\/de\/product\/k2-papier-kaufen\/#breadcrumb"},"inLanguage":"de","potentialAction":[{"@type":"ReadAction","target":["https:\/\/medicinasinc.com\/de\/product\/k2-papier-kaufen\/"]}]},{"@type":"ImageObject","inLanguage":"de","@id":"https:\/\/medicinasinc.com\/de\/product\/k2-papier-kaufen\/#primaryimage","url":"https:\/\/medicinasinc.com\/de\/wp-content\/uploads\/sites\/6\/2022\/02\/Buy-K2-paper-online.jpg","contentUrl":"https:\/\/medicinasinc.com\/de\/wp-content\/uploads\/sites\/6\/2022\/02\/Buy-K2-paper-online.jpg","width":600,"height":600},{"@type":"BreadcrumbList","@id":"https:\/\/medicinasinc.com\/de\/product\/k2-papier-kaufen\/#breadcrumb","itemListElement":[{"@type":"ListItem","position":1,"name":"Einkaufen","item":"https:\/\/medicinasinc.com\/de\/einkaufen\/"},{"@type":"ListItem","position":2,"name":"Kaufen Sie K2-Papier"}]},{"@type":"WebSite","@id":"https:\/\/medicinasinc.com\/de\/#website","url":"https:\/\/medicinasinc.com\/de\/","name":"Medicinas Inc","description":"Health Medical Clinic","potentialAction":[{"@type":"SearchAction","target":{"@type":"EntryPoint","urlTemplate":"https:\/\/medicinasinc.com\/de\/?s={search_term_string}"},"query-input":{"@type":"PropertyValueSpecification","valueRequired":true,"valueName":"search_term_string"}}],"inLanguage":"de"}]}},"_links":{"self":[{"href":"https:\/\/medicinasinc.com\/de\/wp-json\/wp\/v2\/product\/4767","targetHints":{"allow":["GET"]}}],"collection":[{"href":"https:\/\/medicinasinc.com\/de\/wp-json\/wp\/v2\/product"}],"about":[{"href":"https:\/\/medicinasinc.com\/de\/wp-json\/wp\/v2\/types\/product"}],"replies":[{"embeddable":true,"href":"https:\/\/medicinasinc.com\/de\/wp-json\/wp\/v2\/comments?post=4767"}],"wp:featuredmedia":[{"embeddable":true,"href":"https:\/\/medicinasinc.com\/de\/wp-json\/wp\/v2\/media\/4781"}],"wp:attachment":[{"href":"https:\/\/medicinasinc.com\/de\/wp-json\/wp\/v2\/media?parent=4767"}],"wp:term":[{"taxonomy":"product_brand","embeddable":true,"href":"https:\/\/medicinasinc.com\/de\/wp-json\/wp\/v2\/product_brand?post=4767"},{"taxonomy":"product_cat","embeddable":true,"href":"https:\/\/medicinasinc.com\/de\/wp-json\/wp\/v2\/product_cat?post=4767"},{"taxonomy":"product_tag","embeddable":true,"href":"https:\/\/medicinasinc.com\/de\/wp-json\/wp\/v2\/product_tag?post=4767"}],"curies":[{"name":"wp","href":"https:\/\/api.w.org\/{rel}","templated":true}]}}