{"id":4761,"date":"2022-02-20T15:41:01","date_gmt":"2022-02-20T15:41:01","guid":{"rendered":"https:\/\/medicinasinc.com\/de\/?post_type=product&#038;p=4761"},"modified":"2022-03-18T00:43:26","modified_gmt":"2022-03-18T00:43:26","slug":"kaufen-sauer-diesel-cbd-hanfblume-online","status":"publish","type":"product","link":"https:\/\/medicinasinc.com\/de\/product\/kaufen-sauer-diesel-cbd-hanfblume-online\/","title":{"rendered":"Kaufen Sie Sour Diesel CBD-Hanfbl\u00fcten online"},"content":{"rendered":"<div class=\"woocommerce-tabs wc-tabs-wrapper\">\n<div id=\"tab-description\" class=\"woocommerce-Tabs-panel woocommerce-Tabs-panel--description panel entry-content wc-tab\" role=\"tabpanel\" aria-labelledby=\"tab-title-description\">\n<p>Sour Diesel ist eine legend\u00e4re Sorte, die von zwei Klassikern abstammt. Es kombiniert die \u00fcberw\u00e4ltigende Bitterkeit von Benzin mit dem schmatzenden Kribbeln von sauren Zitrusfr\u00fcchten. Das ikonische Kraut hat aufgrund seiner \u00fcberlegenen Genetik und ausgepr\u00e4gten Wirkungen eine F\u00fclle von Sorten hervorgebracht, die es zu einem Favoriten unter Landwirten machen, die das n\u00e4chste gro\u00dfe Ding der Hanfindustrie anbauen wollen.<\/p>\n<p>Die Sorte Sour Diesel wirkt schnell und hochpotent, liefert Effekte, die Ihr System mit den wesentlichen Vorteilen einer Sativa-Sorte \u00fcberw\u00e4ltigen k\u00f6nnen. Das hei\u00dft, die M\u00f6glichkeit einer knallharten, atemberaubenden, k\u00f6rperhebenden Wachsamkeit, die Energie, Produktivit\u00e4t, Motivation und Kreativit\u00e4t f\u00f6rdern kann.<\/p>\n<p>&nbsp;<\/p>\n<p>Die Geschichte von Sour Diesel<\/p>\n<p>Sour Diesel wird h\u00e4ufig als eine der wichtigsten verf\u00fcgbaren Hanfsorten angesehen. Jeder Hanfkenner wird Ihnen sagen, dass Sour Diesel ein Muss f\u00fcr jeden ist, der bekennt, die Vorteile des Krauts zu sch\u00e4tzen. Die Popularit\u00e4t der Sorte r\u00fchrt gr\u00f6\u00dftenteils vom Ruf ihrer Eltern her \u2013 Chemdog 91 und Super Skunk. Diese Hanflegenden haben den Ruf der Sour Diesel-Sorte auf neue H\u00f6hen gehoben und sie mit einer un\u00fcbertroffenen Genetik ausgestattet, die dazu gef\u00fchrt hat, dass die Nachkommen der Sorte zu dem Hanferfolg wurden, der sie heute ist.<\/p>\n<p>Chemdog 91 ist eine r\u00e4tselhafte Sorte, von der angenommen wird, dass sie es ist haben 1991 ihr Marktdeb\u00fct gegeben. Die nicht identifizierte Sorte verstr\u00f6mt ein durchdringendes, skunkiges Aroma mit scharfen Benzinnoten. Diese Eigenschaften sind im Sour Diesel-Kraut hervorstechend, dessen Geschmacksprofil dem der Chemdog 91-Sorte sehr \u00e4hnlich ist.<\/p>\n<p>Auf der anderen Seite ist Super Skunk eine Sorte, die aus offensichtlichen Gr\u00fcnden benannt wurde. Die ultra-skunkige Sorte produziert einen Duft (oder Geruch, je nach Ihrer Toleranzstufe), der Ihre Geruchssinne aus dem Park werfen wird. Trotz des offensiven Aromas der Sorte liefert sie eine herrlich \u00fcberraschende, zarte S\u00fc\u00dfe, die die Zunge mit prickelnder, honigartiger G\u00fcte umh\u00fcllt.<\/p>\n<p>&nbsp;<\/p>\n<p>\u00c4sthetik und Aroma<\/p>\n<p> Deine ersten Eindr\u00fccke von der Sorte Sour Diesel sind vielleicht nicht gerade berauschend. Schlie\u00dflich ist es nur ein Hauch von Gr\u00fcn, w\u00e4hrend andere gr\u00fcnliche Farbt\u00f6ne durch das Innere ziehen, um eine monochromatische Palette von grasigen Farbt\u00f6nen zu schaffen. Erdbeerblonde Haare verflechten die Bl\u00e4tter auf der Au\u00dfenseite und bilden ein Netzwerk aus gelben Ranken, die mit einer frostigen Schicht aus zuckerhaltigen Trichomen best\u00e4ubt sind. Abgesehen davon gibt es an der Sorte sonst wenig zu beachten. Was ihr jedoch an Farbe fehlt, gleicht sie mit ihrem Duft aus.<\/p>\n<p>Da beide Eltern extrem scharfe D\u00fcfte aufweisen, ist es nicht verwunderlich, dass Sour Diesel ein so seltsames Aroma hat. Die seltsam duftende Sorte greift Ihre Geruchsrezeptoren wie ein Stinktier-G\u00fcterzug an. Offensiv und \u00fcberw\u00e4ltigend behaupten einige Benutzer, scharfe K\u00e4senoten zu entdecken, die sich mit Benzin \u00fcber dem skunkigen Aroma vermischen, um ein Hanferlebnis zu schaffen, an das man sich erinnern wird.<\/p>\n<p>&nbsp;<\/p>\n<p>Erfahrungen und Folgen<\/p>\n<p>Zun\u00e4chst einmal ist Sour Diesel kein Witz, wenn es um den Geschmack geht. Der Rauch der Sorte enth\u00e4lt einen extrem starken Geschmack, der Anf\u00e4nger und Benutzer mit geringer Toleranz leicht \u00fcberw\u00e4ltigen kann. Betrachten Sie dies daher als faire Warnung \u2013 Sour Diesel wird Ihren Schei\u00df vermasseln, beginnend mit dem Geschmack. Um es einfach auszudr\u00fccken, die Sorte produziert einen Geschmack, der fast identisch mit ihrem Geruch ist. Das hei\u00dft, eine gro\u00dfe Menge Skunk kombiniert mit starken Benzinst\u00f6\u00dfen.<\/p>\n<p>Zwischen den unwiderstehlichen Flutwellen von scharfem Geschmack brechen Wellen von sauren Zitrusfr\u00fcchten die Skunk. Die zarten Noten verleihen dem Erlebnis gen\u00fcgend Genuss und verwandeln es in eine wirklich dynamische und interessante Geschmacksbegegnung.<\/p>\n<p>Ein weiterer Aspekt, der zum Reiz von Sour Diesel beitr\u00e4gt, ist seine unmittelbare Wirkung. Die Wirkung setzt Minuten nach dem Inhalieren ein und liefert hochfliegende Sativa-\u00e4hnliche Effekte, die die Sinne stimulieren und erwecke deine Kraft neu. In vielerlei Hinsicht kann gesagt werden, dass die Sorte Ihnen hilft, Ihre Hemmungen zu \u00fcberwinden, wodurch Sie sich mutiger, mutiger und selbstbewusster f\u00fchlen.<\/p>\n<p>Die Sour Diesel-Sorte kann Ihr System mit k\u00f6rperlichen und kognitiven Beschwerden lindern zus\u00e4tzliche Energie, die Ihnen die Kraft und Motivation gibt, einen Tag voller Arbeit und Verantwortung zu meistern. Aber Vorsicht: Sour Diesel ist nichts f\u00fcr schwache Nerven. Bevor Sie einen Zug von dieser Monstersorte nehmen, vergewissern Sie sich, dass Sie die Toleranz f\u00fcr starke Sativa-Effekte und starken Geschmack haben.<\/p>\n<p>&nbsp;<\/p>\n<p>Pflanzung und Verarbeitung<\/p>\n<p> Obwohl die Sorte Sour Diesel f\u00fcr unerfahrene Z\u00fcchter m\u00e4\u00dfig schwierig ist, ist sie aufgrund ihrer einzigartigen Genetik eine ausgezeichnete Wahl f\u00fcr diejenigen, die mit minimalem Aufwand nach starken Effekten suchen. Sorten mit spezialisierteren Wachstumsanforderungen sind in der Regel weitaus besser f\u00fcr die Extraktion geeignet und ergeben st\u00e4rkere Vollspektrumkonzentrate f\u00fcr Hanfprodukte von h\u00f6herer Qualit\u00e4t. So zahlt sich Sour Diesel trotz seiner moderaten Schwierigkeit mit erstklassigem Hanf aus, der ideal f\u00fcr eine Vielzahl von Nachernteprozessen ist.<\/p>\n<p>In etwa 11 Wochen, mehr oder weniger eine Woche, bl\u00fcht Sour Diesel. Der moderate Ertrag ist auf 3 Unzen pro Fu\u00df Pflanzenh\u00f6he begrenzt. Ihr Kraut erreicht h\u00f6chstens eine H\u00f6he von \u00fcber 7 Fu\u00df und ist damit etwas gr\u00f6\u00dfer als die meisten anderen Sorten.<\/p>\n<p>Aufgrund des Platzbedarfs der Pflanze kann es ideal sein, es im Freien anzubauen, besonders wenn Sie Arbeiten mit begrenztem Platz. Die Bedingungen in Innenr\u00e4umen k\u00f6nnen jedoch f\u00fcr Sour Diesel g\u00fcnstig sein, solange ausreichend W\u00e4rme, Licht und niedrige Luftfeuchtigkeit vorhanden sind. Indem Sie gegen Ende der Wachstumsphase der Pflanze phosphorreiche N\u00e4hrstoffe zuf\u00fcgen und etwa drei Tage vor der Ernte aufh\u00f6ren zu gie\u00dfen, sollten Sie einen durchdringenden, stechenden Geruch und eine dichte Trichomschicht f\u00fcr einen ausgezeichneten Trip erreichen.<\/p>\n<p>&nbsp;<\/p>\n<p>F\u00fcr wen ist es bestimmt?<\/p>\n<p>Aufgrund des intensiven Geschmacks und der monstr\u00f6sen Wirkung von Sour Diesel wird nicht jeder die Erfahrung genie\u00dfen, die es bietet. Benutzer mit geringer Toleranz und Anf\u00e4nger k\u00f6nnen nicht nur von dem unglaublichen Geschmack \u00fcberw\u00e4ltigt sein, sondern auch von den \u00fcberw\u00e4ltigenden Effekten, die bei manchen Angst und Unruhe hervorrufen k\u00f6nnen.<\/p>\n<p>Nichtsdestotrotz bleibt Sour Diesel eine legend\u00e4re Sorte f\u00fcr Veteranen und Puristen die potenten Hanf sch\u00e4tzen. F\u00fcr diejenigen mit mehr Erfahrung kann das rumpelnde Gef\u00fchl eines beispiellosen Energieflusses, der durch ihr System flie\u00dft, die Kraft, Motivation und Denkweise geben, die notwendig sind, um die Verantwortung eines Tages zu erf\u00fcllen \u2013 und mehr.<\/p>\n<\/p><\/div><\/div>\n<section class=\"verwandte Produkte\">\n<h2><\/h2>\n<\/section>\n<div class=\"product-next- previous\">\n<div class=\"product-prev\"><\/div><\/div>\n","protected":false},"excerpt":{"rendered":"<div class=\"woocommerce-product-details__short-description\">\n<p>Kaufen Sie Sour Diesel CBD-Blume zum Verkauf in Gro\u00dfbritannien, Europa ist eine energetisierende Sativa-dominante Sorte, die Ihnen dabei helfen wird, konzentriert, produktiv und ausgeglichen zu bleiben Tag.<\/p>\n<\/p><\/div>\n","protected":false},"featured_media":4775,"comment_status":"open","ping_status":"closed","template":"","meta":[],"product_brand":[],"product_cat":[689],"product_tag":[],"class_list":{"0":"post-4761","1":"product","2":"type-product","3":"status-publish","4":"has-post-thumbnail","6":"product_cat-hanfbluten-kaufen","8":"first","9":"instock","10":"shipping-taxable","11":"purchasable","12":"product-type-variable","13":"has-default-attributes"},"yoast_head":"<!-- This site is optimized with the Yoast SEO plugin v27.3 - https:\/\/yoast.com\/product\/yoast-seo-wordpress\/ -->\n<title>Kaufen Sie Sour Diesel CBD-Hanfbl\u00fcte online \u2013 die besten besten globalen Medikamente<\/title>\n<meta name=\"description\" content=\"Kaufen Sie Sour Diesel CBD Flower UK, Europe ist eine energetisierende Sativa-dominante Sorte, die Ihnen hilft, den ganzen Tag konzentriert, produktiv und ausgeglichen zu bleiben.\" \/>\n<meta name=\"robots\" content=\"index, follow, max-snippet:-1, max-image-preview:large, max-video-preview:-1\" \/>\n<link rel=\"canonical\" href=\"https:\/\/medicinasinc.com\/de\/product\/kaufen-sauer-diesel-cbd-hanfblume-online\/\" \/>\n<meta property=\"og:locale\" content=\"de_DE\" \/>\n<meta property=\"og:type\" content=\"article\" \/>\n<meta property=\"og:title\" content=\"Kaufen Sie Sour Diesel CBD-Hanfbl\u00fcte online \u2013 die besten besten globalen Medikamente\" \/>\n<meta property=\"og:description\" content=\"Kaufen Sie Sour Diesel CBD Flower UK, Europe ist eine energetisierende Sativa-dominante Sorte, die Ihnen hilft, den ganzen Tag konzentriert, produktiv und ausgeglichen zu bleiben.\" \/>\n<meta property=\"og:url\" content=\"https:\/\/medicinasinc.com\/de\/product\/kaufen-sauer-diesel-cbd-hanfblume-online\/\" \/>\n<meta property=\"og:site_name\" content=\"Medicinas Inc\" \/>\n<meta property=\"article:modified_time\" content=\"2022-03-18T00:43:26+00:00\" \/>\n<meta property=\"og:image\" content=\"https:\/\/medicinasinc.com\/de\/wp-content\/uploads\/sites\/6\/2022\/02\/Buy-Sour-Diesel-CBD-Hemp-Flower-Online.jpg\" \/>\n\t<meta property=\"og:image:width\" content=\"600\" \/>\n\t<meta property=\"og:image:height\" content=\"600\" \/>\n\t<meta property=\"og:image:type\" content=\"image\/jpeg\" \/>\n<meta name=\"twitter:card\" content=\"summary_large_image\" \/>\n<meta name=\"twitter:label1\" content=\"Gesch\u00e4tzte Lesezeit\" \/>\n\t<meta name=\"twitter:data1\" content=\"5\u00a0Minuten\" \/>\n<script type=\"application\/ld+json\" class=\"yoast-schema-graph\">{\"@context\":\"https:\\\/\\\/schema.org\",\"@graph\":[{\"@type\":\"WebPage\",\"@id\":\"https:\\\/\\\/medicinasinc.com\\\/de\\\/product\\\/kaufen-sauer-diesel-cbd-hanfblume-online\\\/\",\"url\":\"https:\\\/\\\/medicinasinc.com\\\/de\\\/product\\\/kaufen-sauer-diesel-cbd-hanfblume-online\\\/\",\"name\":\"Kaufen Sie Sour Diesel CBD-Hanfbl\u00fcte online \u2013 die besten besten globalen Medikamente\",\"isPartOf\":{\"@id\":\"https:\\\/\\\/medicinasinc.com\\\/de\\\/#website\"},\"primaryImageOfPage\":{\"@id\":\"https:\\\/\\\/medicinasinc.com\\\/de\\\/product\\\/kaufen-sauer-diesel-cbd-hanfblume-online\\\/#primaryimage\"},\"image\":{\"@id\":\"https:\\\/\\\/medicinasinc.com\\\/de\\\/product\\\/kaufen-sauer-diesel-cbd-hanfblume-online\\\/#primaryimage\"},\"thumbnailUrl\":\"https:\\\/\\\/medicinasinc.com\\\/de\\\/wp-content\\\/uploads\\\/sites\\\/6\\\/2022\\\/02\\\/Buy-Sour-Diesel-CBD-Hemp-Flower-Online.jpg\",\"datePublished\":\"2022-02-20T15:41:01+00:00\",\"dateModified\":\"2022-03-18T00:43:26+00:00\",\"description\":\"Kaufen Sie Sour Diesel CBD Flower UK, Europe ist eine energetisierende Sativa-dominante Sorte, die Ihnen hilft, den ganzen Tag konzentriert, produktiv und ausgeglichen zu bleiben.\",\"breadcrumb\":{\"@id\":\"https:\\\/\\\/medicinasinc.com\\\/de\\\/product\\\/kaufen-sauer-diesel-cbd-hanfblume-online\\\/#breadcrumb\"},\"inLanguage\":\"de\",\"potentialAction\":[{\"@type\":\"ReadAction\",\"target\":[\"https:\\\/\\\/medicinasinc.com\\\/de\\\/product\\\/kaufen-sauer-diesel-cbd-hanfblume-online\\\/\"]}]},{\"@type\":\"ImageObject\",\"inLanguage\":\"de\",\"@id\":\"https:\\\/\\\/medicinasinc.com\\\/de\\\/product\\\/kaufen-sauer-diesel-cbd-hanfblume-online\\\/#primaryimage\",\"url\":\"https:\\\/\\\/medicinasinc.com\\\/de\\\/wp-content\\\/uploads\\\/sites\\\/6\\\/2022\\\/02\\\/Buy-Sour-Diesel-CBD-Hemp-Flower-Online.jpg\",\"contentUrl\":\"https:\\\/\\\/medicinasinc.com\\\/de\\\/wp-content\\\/uploads\\\/sites\\\/6\\\/2022\\\/02\\\/Buy-Sour-Diesel-CBD-Hemp-Flower-Online.jpg\",\"width\":600,\"height\":600},{\"@type\":\"BreadcrumbList\",\"@id\":\"https:\\\/\\\/medicinasinc.com\\\/de\\\/product\\\/kaufen-sauer-diesel-cbd-hanfblume-online\\\/#breadcrumb\",\"itemListElement\":[{\"@type\":\"ListItem\",\"position\":1,\"name\":\"Einkaufen\",\"item\":\"https:\\\/\\\/medicinasinc.com\\\/de\\\/einkaufen\\\/\"},{\"@type\":\"ListItem\",\"position\":2,\"name\":\"Kaufen Sie Sour Diesel CBD-Hanfbl\u00fcten online\"}]},{\"@type\":\"WebSite\",\"@id\":\"https:\\\/\\\/medicinasinc.com\\\/de\\\/#website\",\"url\":\"https:\\\/\\\/medicinasinc.com\\\/de\\\/\",\"name\":\"Medicinas Inc\",\"description\":\"Health Medical Clinic\",\"potentialAction\":[{\"@type\":\"SearchAction\",\"target\":{\"@type\":\"EntryPoint\",\"urlTemplate\":\"https:\\\/\\\/medicinasinc.com\\\/de\\\/?s={search_term_string}\"},\"query-input\":{\"@type\":\"PropertyValueSpecification\",\"valueRequired\":true,\"valueName\":\"search_term_string\"}}],\"inLanguage\":\"de\"}]}<\/script>\n<!-- \/ Yoast SEO plugin. -->","yoast_head_json":{"title":"Kaufen Sie Sour Diesel CBD-Hanfbl\u00fcte online \u2013 die besten besten globalen Medikamente","description":"Kaufen Sie Sour Diesel CBD Flower UK, Europe ist eine energetisierende Sativa-dominante Sorte, die Ihnen hilft, den ganzen Tag konzentriert, produktiv und ausgeglichen zu bleiben.","robots":{"index":"index","follow":"follow","max-snippet":"max-snippet:-1","max-image-preview":"max-image-preview:large","max-video-preview":"max-video-preview:-1"},"canonical":"https:\/\/medicinasinc.com\/de\/product\/kaufen-sauer-diesel-cbd-hanfblume-online\/","og_locale":"de_DE","og_type":"article","og_title":"Kaufen Sie Sour Diesel CBD-Hanfbl\u00fcte online \u2013 die besten besten globalen Medikamente","og_description":"Kaufen Sie Sour Diesel CBD Flower UK, Europe ist eine energetisierende Sativa-dominante Sorte, die Ihnen hilft, den ganzen Tag konzentriert, produktiv und ausgeglichen zu bleiben.","og_url":"https:\/\/medicinasinc.com\/de\/product\/kaufen-sauer-diesel-cbd-hanfblume-online\/","og_site_name":"Medicinas Inc","article_modified_time":"2022-03-18T00:43:26+00:00","og_image":[{"width":600,"height":600,"url":"https:\/\/medicinasinc.com\/de\/wp-content\/uploads\/sites\/6\/2022\/02\/Buy-Sour-Diesel-CBD-Hemp-Flower-Online.jpg","type":"image\/jpeg"}],"twitter_card":"summary_large_image","twitter_misc":{"Gesch\u00e4tzte Lesezeit":"5\u00a0Minuten"},"schema":{"@context":"https:\/\/schema.org","@graph":[{"@type":"WebPage","@id":"https:\/\/medicinasinc.com\/de\/product\/kaufen-sauer-diesel-cbd-hanfblume-online\/","url":"https:\/\/medicinasinc.com\/de\/product\/kaufen-sauer-diesel-cbd-hanfblume-online\/","name":"Kaufen Sie Sour Diesel CBD-Hanfbl\u00fcte online \u2013 die besten besten globalen Medikamente","isPartOf":{"@id":"https:\/\/medicinasinc.com\/de\/#website"},"primaryImageOfPage":{"@id":"https:\/\/medicinasinc.com\/de\/product\/kaufen-sauer-diesel-cbd-hanfblume-online\/#primaryimage"},"image":{"@id":"https:\/\/medicinasinc.com\/de\/product\/kaufen-sauer-diesel-cbd-hanfblume-online\/#primaryimage"},"thumbnailUrl":"https:\/\/medicinasinc.com\/de\/wp-content\/uploads\/sites\/6\/2022\/02\/Buy-Sour-Diesel-CBD-Hemp-Flower-Online.jpg","datePublished":"2022-02-20T15:41:01+00:00","dateModified":"2022-03-18T00:43:26+00:00","description":"Kaufen Sie Sour Diesel CBD Flower UK, Europe ist eine energetisierende Sativa-dominante Sorte, die Ihnen hilft, den ganzen Tag konzentriert, produktiv und ausgeglichen zu bleiben.","breadcrumb":{"@id":"https:\/\/medicinasinc.com\/de\/product\/kaufen-sauer-diesel-cbd-hanfblume-online\/#breadcrumb"},"inLanguage":"de","potentialAction":[{"@type":"ReadAction","target":["https:\/\/medicinasinc.com\/de\/product\/kaufen-sauer-diesel-cbd-hanfblume-online\/"]}]},{"@type":"ImageObject","inLanguage":"de","@id":"https:\/\/medicinasinc.com\/de\/product\/kaufen-sauer-diesel-cbd-hanfblume-online\/#primaryimage","url":"https:\/\/medicinasinc.com\/de\/wp-content\/uploads\/sites\/6\/2022\/02\/Buy-Sour-Diesel-CBD-Hemp-Flower-Online.jpg","contentUrl":"https:\/\/medicinasinc.com\/de\/wp-content\/uploads\/sites\/6\/2022\/02\/Buy-Sour-Diesel-CBD-Hemp-Flower-Online.jpg","width":600,"height":600},{"@type":"BreadcrumbList","@id":"https:\/\/medicinasinc.com\/de\/product\/kaufen-sauer-diesel-cbd-hanfblume-online\/#breadcrumb","itemListElement":[{"@type":"ListItem","position":1,"name":"Einkaufen","item":"https:\/\/medicinasinc.com\/de\/einkaufen\/"},{"@type":"ListItem","position":2,"name":"Kaufen Sie Sour Diesel CBD-Hanfbl\u00fcten online"}]},{"@type":"WebSite","@id":"https:\/\/medicinasinc.com\/de\/#website","url":"https:\/\/medicinasinc.com\/de\/","name":"Medicinas Inc","description":"Health Medical Clinic","potentialAction":[{"@type":"SearchAction","target":{"@type":"EntryPoint","urlTemplate":"https:\/\/medicinasinc.com\/de\/?s={search_term_string}"},"query-input":{"@type":"PropertyValueSpecification","valueRequired":true,"valueName":"search_term_string"}}],"inLanguage":"de"}]}},"_links":{"self":[{"href":"https:\/\/medicinasinc.com\/de\/wp-json\/wp\/v2\/product\/4761","targetHints":{"allow":["GET"]}}],"collection":[{"href":"https:\/\/medicinasinc.com\/de\/wp-json\/wp\/v2\/product"}],"about":[{"href":"https:\/\/medicinasinc.com\/de\/wp-json\/wp\/v2\/types\/product"}],"replies":[{"embeddable":true,"href":"https:\/\/medicinasinc.com\/de\/wp-json\/wp\/v2\/comments?post=4761"}],"wp:featuredmedia":[{"embeddable":true,"href":"https:\/\/medicinasinc.com\/de\/wp-json\/wp\/v2\/media\/4775"}],"wp:attachment":[{"href":"https:\/\/medicinasinc.com\/de\/wp-json\/wp\/v2\/media?parent=4761"}],"wp:term":[{"taxonomy":"product_brand","embeddable":true,"href":"https:\/\/medicinasinc.com\/de\/wp-json\/wp\/v2\/product_brand?post=4761"},{"taxonomy":"product_cat","embeddable":true,"href":"https:\/\/medicinasinc.com\/de\/wp-json\/wp\/v2\/product_cat?post=4761"},{"taxonomy":"product_tag","embeddable":true,"href":"https:\/\/medicinasinc.com\/de\/wp-json\/wp\/v2\/product_tag?post=4761"}],"curies":[{"name":"wp","href":"https:\/\/api.w.org\/{rel}","templated":true}]}}