{"id":4759,"date":"2022-02-20T15:39:59","date_gmt":"2022-02-20T15:39:59","guid":{"rendered":"https:\/\/medicinasinc.com\/de\/?post_type=product&#038;p=4759"},"modified":"2022-03-18T00:43:37","modified_gmt":"2022-03-18T00:43:37","slug":"kaufe-suzy-q-cbd-hanfblume","status":"publish","type":"product","link":"https:\/\/medicinasinc.com\/de\/product\/kaufe-suzy-q-cbd-hanfblume\/","title":{"rendered":"Kaufen Sie Suzy Q CBD Hanfbl\u00fcten"},"content":{"rendered":"<p>Suzy Q ist eine mitteldichte, olivgr\u00fcne Sorte mit dunklen, bernsteinfarbenen Haaren. Es wird Cannabis-Enthusiasten empfohlen, die eine klare, erhebende Wirkung suchen. Der robuste Geschmack dieser Sorte zeichnet sich durch holzige Noten und einen Hauch von Gew\u00fcrzen aus. Suzy Q ist bekannt f\u00fcr ihr s\u00fc\u00dfes, erdiges Aroma und ihr Terpenprofil aus kiefernartigen, w\u00fcrzigen Terpenen.<\/p>\n<p>Der ausgewogene Hybrid enth\u00e4lt 50 % Sativa (eine anregendere Sorte) und 50 % Indica (eine entspannendere Sorte). Belastung), was zu einem synergistischen Effekt f\u00fchrt. Aufgrund seines relativ hohen CBD-Gehalts ist es eine ausgezeichnete Wahl f\u00fcr diejenigen, die ein beruhigendes Erlebnis suchen. Sie gilt weithin als eine der beruhigendsten erh\u00e4ltlichen Sorten.<\/p>\n<p>Suzy Q enth\u00e4lt eine hohe Konzentration an CBD und nur eine Spur THC, weit unter der gesetzlichen Grenze f\u00fcr Hanf. Dieses Verh\u00e4ltnis zeigt an, dass Sie mit einem leicht erhebenden Erlebnis rechnen sollten.<\/p>\n<p>Gew\u00e4hrleistung der Qualit\u00e4t von Hanfbl\u00fcten vom Erzeuger bis zum Verkauf<\/p>\n<p>Suzy Q-Hanfbl\u00fcten werden auf einer malerischen 100-Morgen-Farm in angebaut Nordkalifornien. Das idyllische Klima Nordkaliforniens erweckt die Illusion eines endlosen Sommers, und diese trockenen, hellen Tage f\u00fchren zu Rekordernten mit wundersch\u00f6nen Blumen, die frei von Schimmel oder echtem Mehltau sind.<\/p>\n<p>Unsere Farm ist als biologisch zertifiziert, was bedeutet, dass keine Chemikalien verwendet werden D\u00fcnger oder Pestizide verwendet werden. Wir achten sehr darauf, eine richtige Permakultur zu gew\u00e4hrleisten \u2013 die Kultivierung eines sich selbst erhaltenden und autarken landwirtschaftlichen \u00d6kosystems. Eine M\u00f6glichkeit, dies zu tun, ist Top-Dressing-D\u00fcngung, die die Wurzeln dazu zwingt, h\u00e4rter zu arbeiten, um ein gesundes Bodenmilieu zu f\u00f6rdern, das dem Pflanzenwachstum f\u00f6rderlich ist.<\/p>\n<p>Sobald unsere Hanfpflanzen ihr volles Potenzial erreicht haben, werden sie kopf\u00fcber aufgeh\u00e4ngt bis zum Trocknen, dann trocken ausgeh\u00e4rtet und von Hand getrimmt. Cannabis ist eine \u00e4u\u00dferst empfindliche Pflanze. Selbst kleine Fehler beim Anbau oder der Ernte k\u00f6nnen die Qualit\u00e4t der Knospen schnell beeintr\u00e4chtigen. Wir fordern vollst\u00e4ndige Transparenz und Qualit\u00e4tskontrolle &#8230; und das sollten Sie auch. Von Hanfbl\u00fcten wird nicht weniger verlangt.<\/p>\n<p>Unsere CBD-Hanfbl\u00fcte wurde unabh\u00e4ngigen Tests unterzogen<\/p>\n<p>Jede Ernte wird bei einer DEA-registrierten, ISO 17025-akkreditierten AHCA auf Reinheit und Wirksamkeit getestet -akkreditiertes und CLIA-akkreditiertes unabh\u00e4ngiges Labor. Der Full-Panel-Test untersucht Folgendes:<\/p>\n<p>Die Potenz von CBD, THC und anderen Cannabinoiden.<br \/> Metalle Lourdes (Blei, Quecksilber, Arsen, Cadmium).<br \/> Bakterien wie z E. coli sowie andere Krankheitserreger<br \/> Kontaminanten wie Mykotoxine.<\/p>\n<p>Jeder Bestellung liegt ein Analysezertifikat bei, damit Sie beim Kauf von Crescent Flower immer genau wissen, was Sie erhalten .<\/p>\n","protected":false},"excerpt":{"rendered":"<p>Suzy Q CBD-Hanfbl\u00fcte Vollspektrum-Hanfbl\u00fcte &#8211; Kaufen Sie Suzy Q CBD Hanfbl\u00fcte Vollspektrum-Hanfbl\u00fcte. Suzy Q ist eine Sorte mit hohem CBD- und niedrigem THC-Gehalt und Piniengeschmack, die bei der Behandlung von Symptomen hilft und wenig bis gar keine Euphorie hervorruft.<\/p>\n<p>Suzy Q ist eine Sorte mit hohem CBD- und niedrigem THC-Gehalt ein Piniengeschmack, der bei der Behandlung von Symptomen mit wenig bis gar keiner psychoaktiven Wirkung hilft. Dies ist eine ausgezeichnete Sorte, die der CBD-Familie hinzugef\u00fcgt werden kann.<br \/> Cbd: 15\u00a0%\u201317\u00a0%<\/p>\n<p>0,2\u00a0Prozent THC<\/p>\n","protected":false},"featured_media":4773,"comment_status":"open","ping_status":"closed","template":"","meta":[],"product_brand":[],"product_cat":[689],"product_tag":[],"class_list":{"0":"post-4759","1":"product","2":"type-product","3":"status-publish","4":"has-post-thumbnail","6":"product_cat-hanfbluten-kaufen","8":"first","9":"instock","10":"shipping-taxable","11":"purchasable","12":"product-type-variable","13":"has-default-attributes"},"yoast_head":"<!-- This site is optimized with the Yoast SEO plugin v27.3 - https:\/\/yoast.com\/product\/yoast-seo-wordpress\/ -->\n<title>Kaufen Sie Suzy Q CBD-Hanfbl\u00fcte - die besten besten globalen Medikamente<\/title>\n<meta name=\"description\" content=\"Kaufen Sie Suzy Q CBD Hanfbl\u00fcte Vollspektrum-Hanfbl\u00fcte. Suzy Q ist eine Sorte mit hohem CBD- und niedrigem THC-Gehalt und einem Piniengeschmack, die bei der Behandlung von Symptomen mit wenig bis gar keinem euphorischen High hilft.\" \/>\n<meta name=\"robots\" content=\"index, follow, max-snippet:-1, max-image-preview:large, max-video-preview:-1\" \/>\n<link rel=\"canonical\" href=\"https:\/\/medicinasinc.com\/de\/product\/kaufe-suzy-q-cbd-hanfblume\/\" \/>\n<meta property=\"og:locale\" content=\"de_DE\" \/>\n<meta property=\"og:type\" content=\"article\" \/>\n<meta property=\"og:title\" content=\"Kaufen Sie Suzy Q CBD-Hanfbl\u00fcte - die besten besten globalen Medikamente\" \/>\n<meta property=\"og:description\" content=\"Kaufen Sie Suzy Q CBD Hanfbl\u00fcte Vollspektrum-Hanfbl\u00fcte. Suzy Q ist eine Sorte mit hohem CBD- und niedrigem THC-Gehalt und einem Piniengeschmack, die bei der Behandlung von Symptomen mit wenig bis gar keinem euphorischen High hilft.\" \/>\n<meta property=\"og:url\" content=\"https:\/\/medicinasinc.com\/de\/product\/kaufe-suzy-q-cbd-hanfblume\/\" \/>\n<meta property=\"og:site_name\" content=\"Medicinas Inc\" \/>\n<meta property=\"article:modified_time\" content=\"2022-03-18T00:43:37+00:00\" \/>\n<meta property=\"og:image\" content=\"https:\/\/medicinasinc.com\/de\/wp-content\/uploads\/sites\/6\/2022\/02\/Buy-Suzy-Q-CBD-Hemp-Flower-Online.jpg\" \/>\n\t<meta property=\"og:image:width\" content=\"600\" \/>\n\t<meta property=\"og:image:height\" content=\"600\" \/>\n\t<meta property=\"og:image:type\" content=\"image\/jpeg\" \/>\n<meta name=\"twitter:card\" content=\"summary_large_image\" \/>\n<meta name=\"twitter:label1\" content=\"Gesch\u00e4tzte Lesezeit\" \/>\n\t<meta name=\"twitter:data1\" content=\"2\u00a0Minuten\" \/>\n<script type=\"application\/ld+json\" class=\"yoast-schema-graph\">{\"@context\":\"https:\\\/\\\/schema.org\",\"@graph\":[{\"@type\":\"WebPage\",\"@id\":\"https:\\\/\\\/medicinasinc.com\\\/de\\\/product\\\/kaufe-suzy-q-cbd-hanfblume\\\/\",\"url\":\"https:\\\/\\\/medicinasinc.com\\\/de\\\/product\\\/kaufe-suzy-q-cbd-hanfblume\\\/\",\"name\":\"Kaufen Sie Suzy Q CBD-Hanfbl\u00fcte - die besten besten globalen Medikamente\",\"isPartOf\":{\"@id\":\"https:\\\/\\\/medicinasinc.com\\\/de\\\/#website\"},\"primaryImageOfPage\":{\"@id\":\"https:\\\/\\\/medicinasinc.com\\\/de\\\/product\\\/kaufe-suzy-q-cbd-hanfblume\\\/#primaryimage\"},\"image\":{\"@id\":\"https:\\\/\\\/medicinasinc.com\\\/de\\\/product\\\/kaufe-suzy-q-cbd-hanfblume\\\/#primaryimage\"},\"thumbnailUrl\":\"https:\\\/\\\/medicinasinc.com\\\/de\\\/wp-content\\\/uploads\\\/sites\\\/6\\\/2022\\\/02\\\/Buy-Suzy-Q-CBD-Hemp-Flower-Online.jpg\",\"datePublished\":\"2022-02-20T15:39:59+00:00\",\"dateModified\":\"2022-03-18T00:43:37+00:00\",\"description\":\"Kaufen Sie Suzy Q CBD Hanfbl\u00fcte Vollspektrum-Hanfbl\u00fcte. Suzy Q ist eine Sorte mit hohem CBD- und niedrigem THC-Gehalt und einem Piniengeschmack, die bei der Behandlung von Symptomen mit wenig bis gar keinem euphorischen High hilft.\",\"breadcrumb\":{\"@id\":\"https:\\\/\\\/medicinasinc.com\\\/de\\\/product\\\/kaufe-suzy-q-cbd-hanfblume\\\/#breadcrumb\"},\"inLanguage\":\"de\",\"potentialAction\":[{\"@type\":\"ReadAction\",\"target\":[\"https:\\\/\\\/medicinasinc.com\\\/de\\\/product\\\/kaufe-suzy-q-cbd-hanfblume\\\/\"]}]},{\"@type\":\"ImageObject\",\"inLanguage\":\"de\",\"@id\":\"https:\\\/\\\/medicinasinc.com\\\/de\\\/product\\\/kaufe-suzy-q-cbd-hanfblume\\\/#primaryimage\",\"url\":\"https:\\\/\\\/medicinasinc.com\\\/de\\\/wp-content\\\/uploads\\\/sites\\\/6\\\/2022\\\/02\\\/Buy-Suzy-Q-CBD-Hemp-Flower-Online.jpg\",\"contentUrl\":\"https:\\\/\\\/medicinasinc.com\\\/de\\\/wp-content\\\/uploads\\\/sites\\\/6\\\/2022\\\/02\\\/Buy-Suzy-Q-CBD-Hemp-Flower-Online.jpg\",\"width\":600,\"height\":600},{\"@type\":\"BreadcrumbList\",\"@id\":\"https:\\\/\\\/medicinasinc.com\\\/de\\\/product\\\/kaufe-suzy-q-cbd-hanfblume\\\/#breadcrumb\",\"itemListElement\":[{\"@type\":\"ListItem\",\"position\":1,\"name\":\"Einkaufen\",\"item\":\"https:\\\/\\\/medicinasinc.com\\\/de\\\/einkaufen\\\/\"},{\"@type\":\"ListItem\",\"position\":2,\"name\":\"Kaufen Sie Suzy Q CBD Hanfbl\u00fcten\"}]},{\"@type\":\"WebSite\",\"@id\":\"https:\\\/\\\/medicinasinc.com\\\/de\\\/#website\",\"url\":\"https:\\\/\\\/medicinasinc.com\\\/de\\\/\",\"name\":\"Medicinas Inc\",\"description\":\"Health Medical Clinic\",\"potentialAction\":[{\"@type\":\"SearchAction\",\"target\":{\"@type\":\"EntryPoint\",\"urlTemplate\":\"https:\\\/\\\/medicinasinc.com\\\/de\\\/?s={search_term_string}\"},\"query-input\":{\"@type\":\"PropertyValueSpecification\",\"valueRequired\":true,\"valueName\":\"search_term_string\"}}],\"inLanguage\":\"de\"}]}<\/script>\n<!-- \/ Yoast SEO plugin. -->","yoast_head_json":{"title":"Kaufen Sie Suzy Q CBD-Hanfbl\u00fcte - die besten besten globalen Medikamente","description":"Kaufen Sie Suzy Q CBD Hanfbl\u00fcte Vollspektrum-Hanfbl\u00fcte. Suzy Q ist eine Sorte mit hohem CBD- und niedrigem THC-Gehalt und einem Piniengeschmack, die bei der Behandlung von Symptomen mit wenig bis gar keinem euphorischen High hilft.","robots":{"index":"index","follow":"follow","max-snippet":"max-snippet:-1","max-image-preview":"max-image-preview:large","max-video-preview":"max-video-preview:-1"},"canonical":"https:\/\/medicinasinc.com\/de\/product\/kaufe-suzy-q-cbd-hanfblume\/","og_locale":"de_DE","og_type":"article","og_title":"Kaufen Sie Suzy Q CBD-Hanfbl\u00fcte - die besten besten globalen Medikamente","og_description":"Kaufen Sie Suzy Q CBD Hanfbl\u00fcte Vollspektrum-Hanfbl\u00fcte. Suzy Q ist eine Sorte mit hohem CBD- und niedrigem THC-Gehalt und einem Piniengeschmack, die bei der Behandlung von Symptomen mit wenig bis gar keinem euphorischen High hilft.","og_url":"https:\/\/medicinasinc.com\/de\/product\/kaufe-suzy-q-cbd-hanfblume\/","og_site_name":"Medicinas Inc","article_modified_time":"2022-03-18T00:43:37+00:00","og_image":[{"width":600,"height":600,"url":"https:\/\/medicinasinc.com\/de\/wp-content\/uploads\/sites\/6\/2022\/02\/Buy-Suzy-Q-CBD-Hemp-Flower-Online.jpg","type":"image\/jpeg"}],"twitter_card":"summary_large_image","twitter_misc":{"Gesch\u00e4tzte Lesezeit":"2\u00a0Minuten"},"schema":{"@context":"https:\/\/schema.org","@graph":[{"@type":"WebPage","@id":"https:\/\/medicinasinc.com\/de\/product\/kaufe-suzy-q-cbd-hanfblume\/","url":"https:\/\/medicinasinc.com\/de\/product\/kaufe-suzy-q-cbd-hanfblume\/","name":"Kaufen Sie Suzy Q CBD-Hanfbl\u00fcte - die besten besten globalen Medikamente","isPartOf":{"@id":"https:\/\/medicinasinc.com\/de\/#website"},"primaryImageOfPage":{"@id":"https:\/\/medicinasinc.com\/de\/product\/kaufe-suzy-q-cbd-hanfblume\/#primaryimage"},"image":{"@id":"https:\/\/medicinasinc.com\/de\/product\/kaufe-suzy-q-cbd-hanfblume\/#primaryimage"},"thumbnailUrl":"https:\/\/medicinasinc.com\/de\/wp-content\/uploads\/sites\/6\/2022\/02\/Buy-Suzy-Q-CBD-Hemp-Flower-Online.jpg","datePublished":"2022-02-20T15:39:59+00:00","dateModified":"2022-03-18T00:43:37+00:00","description":"Kaufen Sie Suzy Q CBD Hanfbl\u00fcte Vollspektrum-Hanfbl\u00fcte. Suzy Q ist eine Sorte mit hohem CBD- und niedrigem THC-Gehalt und einem Piniengeschmack, die bei der Behandlung von Symptomen mit wenig bis gar keinem euphorischen High hilft.","breadcrumb":{"@id":"https:\/\/medicinasinc.com\/de\/product\/kaufe-suzy-q-cbd-hanfblume\/#breadcrumb"},"inLanguage":"de","potentialAction":[{"@type":"ReadAction","target":["https:\/\/medicinasinc.com\/de\/product\/kaufe-suzy-q-cbd-hanfblume\/"]}]},{"@type":"ImageObject","inLanguage":"de","@id":"https:\/\/medicinasinc.com\/de\/product\/kaufe-suzy-q-cbd-hanfblume\/#primaryimage","url":"https:\/\/medicinasinc.com\/de\/wp-content\/uploads\/sites\/6\/2022\/02\/Buy-Suzy-Q-CBD-Hemp-Flower-Online.jpg","contentUrl":"https:\/\/medicinasinc.com\/de\/wp-content\/uploads\/sites\/6\/2022\/02\/Buy-Suzy-Q-CBD-Hemp-Flower-Online.jpg","width":600,"height":600},{"@type":"BreadcrumbList","@id":"https:\/\/medicinasinc.com\/de\/product\/kaufe-suzy-q-cbd-hanfblume\/#breadcrumb","itemListElement":[{"@type":"ListItem","position":1,"name":"Einkaufen","item":"https:\/\/medicinasinc.com\/de\/einkaufen\/"},{"@type":"ListItem","position":2,"name":"Kaufen Sie Suzy Q CBD Hanfbl\u00fcten"}]},{"@type":"WebSite","@id":"https:\/\/medicinasinc.com\/de\/#website","url":"https:\/\/medicinasinc.com\/de\/","name":"Medicinas Inc","description":"Health Medical Clinic","potentialAction":[{"@type":"SearchAction","target":{"@type":"EntryPoint","urlTemplate":"https:\/\/medicinasinc.com\/de\/?s={search_term_string}"},"query-input":{"@type":"PropertyValueSpecification","valueRequired":true,"valueName":"search_term_string"}}],"inLanguage":"de"}]}},"_links":{"self":[{"href":"https:\/\/medicinasinc.com\/de\/wp-json\/wp\/v2\/product\/4759","targetHints":{"allow":["GET"]}}],"collection":[{"href":"https:\/\/medicinasinc.com\/de\/wp-json\/wp\/v2\/product"}],"about":[{"href":"https:\/\/medicinasinc.com\/de\/wp-json\/wp\/v2\/types\/product"}],"replies":[{"embeddable":true,"href":"https:\/\/medicinasinc.com\/de\/wp-json\/wp\/v2\/comments?post=4759"}],"wp:featuredmedia":[{"embeddable":true,"href":"https:\/\/medicinasinc.com\/de\/wp-json\/wp\/v2\/media\/4773"}],"wp:attachment":[{"href":"https:\/\/medicinasinc.com\/de\/wp-json\/wp\/v2\/media?parent=4759"}],"wp:term":[{"taxonomy":"product_brand","embeddable":true,"href":"https:\/\/medicinasinc.com\/de\/wp-json\/wp\/v2\/product_brand?post=4759"},{"taxonomy":"product_cat","embeddable":true,"href":"https:\/\/medicinasinc.com\/de\/wp-json\/wp\/v2\/product_cat?post=4759"},{"taxonomy":"product_tag","embeddable":true,"href":"https:\/\/medicinasinc.com\/de\/wp-json\/wp\/v2\/product_tag?post=4759"}],"curies":[{"name":"wp","href":"https:\/\/api.w.org\/{rel}","templated":true}]}}