{"id":4748,"date":"2022-02-20T15:30:50","date_gmt":"2022-02-20T15:30:50","guid":{"rendered":"https:\/\/medicinasinc.com\/de\/?post_type=product&#038;p=4748"},"modified":"2022-08-03T08:41:48","modified_gmt":"2022-08-03T08:41:48","slug":"hawaiianische-kiefern-hanfblume-kaufen","status":"publish","type":"product","link":"https:\/\/medicinasinc.com\/de\/product\/hawaiianische-kiefern-hanfblume-kaufen\/","title":{"rendered":"Kaufen Sie Hawaiian Pine Hanf Flower"},"content":{"rendered":"<div class=\"woocommerce-tabs wc-tabs-wrapper\">\n<div id=\"tab-description\" class=\"woocommerce-Tabs-panel woocommerce-Tabs-panel--description panel entry-content wc-tab\" role=\"tabpanel\" aria-labelledby=\"tab-title-description\">\n<p>Hanfbl\u00fcte mit Hawaiian Pine CBD<\/p>\n<p>Hawaiian Pine CBD Hanfbl\u00fctensorte enth\u00e4lt weniger als 0,2 % Delta 9 THC, das ist das gesetzlicher THC-Grenzwert, und wenn es in Ma\u00dfen konsumiert wird, f\u00fchrt dies nicht dazu, dass Sie einen Drogentest nicht bestehen, aber wir geben keine Garantien.<\/p>\n<p>Bei Bud Chasers legen wir gro\u00dfen Wert auf Qualit\u00e4t und Sicherheit, weshalb beides wichtig ist Jede Charge von CBD-Bl\u00fcten wird vor dem Vertrieb vom Landwirtschaftsministerium getestet und zugelassen.<\/p>\n<p>CBD-reiche Medikamente k\u00f6nnen bei Entz\u00fcndungen und Krampfanf\u00e4llen helfen, haben aber nur wenige psychoaktive Wirkungen. Aufgrund des hochprozentigen Alkoholgehalts empfehlen wir, ihn seitlich in den Mund (gegen die Wange) zu legen und 30-60 Sekunden zu halten. Die Tinktur kann in Saft oder Tee verd\u00fcnnt werden, aber es dauert l\u00e4nger, bis sie wirkt.<\/p>\n<p>CBD-Hanfbl\u00fcten von Hawaiian Pine sind jetzt erh\u00e4ltlich.<\/p>\n<p>Kaufen Sie CBD-Hanfbl\u00fcten von Hawaiian Pine aus Hanf Jetzt gerade online; Au\u00dferdem k\u00f6nnen Sie hier eine Bestellung aufgeben und sofort kaufen.<\/p>\n<p>CBD-Blume aus Hawaii-Kiefer<\/p>\n<\/div>\n<\/div>\n","protected":false},"excerpt":{"rendered":"<div class=\"woocommerce-product-details__short-description\">\n<p>Kaufen Sie CBD-Hanfbl\u00fcten aus Hawaii-Kiefer online bei medicinasinc.com. Kaufen Sie eine Vielzahl von Marihuana-bezogenen Produkten und mehr. Die Lieferung ist kostenlos.<\/p>\n<p>Wir bieten \u00fcberlegene Hawaiian Pine CBD-Hanfbl\u00fcten f\u00fcr medizinische oder Erholungszwecke an.<\/p>\n<\/div>\n","protected":false},"featured_media":4760,"comment_status":"open","ping_status":"closed","template":"","meta":[],"product_brand":[],"product_cat":[689],"product_tag":[],"class_list":{"0":"post-4748","1":"product","2":"type-product","3":"status-publish","4":"has-post-thumbnail","6":"product_cat-hanfbluten-kaufen","8":"first","9":"instock","10":"shipping-taxable","11":"purchasable","12":"product-type-variable","13":"has-default-attributes"},"yoast_head":"<!-- This site is optimized with the Yoast SEO plugin v27.3 - https:\/\/yoast.com\/product\/yoast-seo-wordpress\/ -->\n<title>Kaufen Sie Hawaiian Pine Hanf Flower - Best Best Global Meds<\/title>\n<meta name=\"description\" content=\"Kaufen Sie CBD-Hanfbl\u00fcten aus Hawaii-Kiefer (1 Pfund) online bei Medicinasinc.com. Kaufen Sie eine gro\u00dfe Auswahl an Marihuana-Produkten und mehr. Gratisversand.\" \/>\n<meta name=\"robots\" content=\"index, follow, max-snippet:-1, max-image-preview:large, max-video-preview:-1\" \/>\n<link rel=\"canonical\" href=\"https:\/\/medicinasinc.com\/de\/product\/hawaiianische-kiefern-hanfblume-kaufen\/\" \/>\n<meta property=\"og:locale\" content=\"de_DE\" \/>\n<meta property=\"og:type\" content=\"article\" \/>\n<meta property=\"og:title\" content=\"Kaufen Sie Hawaiian Pine Hanf Flower - Best Best Global Meds\" \/>\n<meta property=\"og:description\" content=\"Kaufen Sie CBD-Hanfbl\u00fcten aus Hawaii-Kiefer (1 Pfund) online bei Medicinasinc.com. Kaufen Sie eine gro\u00dfe Auswahl an Marihuana-Produkten und mehr. Gratisversand.\" \/>\n<meta property=\"og:url\" content=\"https:\/\/medicinasinc.com\/de\/product\/hawaiianische-kiefern-hanfblume-kaufen\/\" \/>\n<meta property=\"og:site_name\" content=\"Medicinas Inc\" \/>\n<meta property=\"article:modified_time\" content=\"2022-08-03T08:41:48+00:00\" \/>\n<meta property=\"og:image\" content=\"https:\/\/medicinasinc.com\/de\/wp-content\/uploads\/sites\/6\/2022\/02\/Buy-Hawaiian-Pine-Hemp-Flower-Onlin.jpg\" \/>\n\t<meta property=\"og:image:width\" content=\"600\" \/>\n\t<meta property=\"og:image:height\" content=\"600\" \/>\n\t<meta property=\"og:image:type\" content=\"image\/jpeg\" \/>\n<meta name=\"twitter:card\" content=\"summary_large_image\" \/>\n<meta name=\"twitter:label1\" content=\"Gesch\u00e4tzte Lesezeit\" \/>\n\t<meta name=\"twitter:data1\" content=\"1\u00a0Minute\" \/>\n<script type=\"application\/ld+json\" class=\"yoast-schema-graph\">{\"@context\":\"https:\\\/\\\/schema.org\",\"@graph\":[{\"@type\":\"WebPage\",\"@id\":\"https:\\\/\\\/medicinasinc.com\\\/de\\\/product\\\/hawaiianische-kiefern-hanfblume-kaufen\\\/\",\"url\":\"https:\\\/\\\/medicinasinc.com\\\/de\\\/product\\\/hawaiianische-kiefern-hanfblume-kaufen\\\/\",\"name\":\"Kaufen Sie Hawaiian Pine Hanf Flower - Best Best Global Meds\",\"isPartOf\":{\"@id\":\"https:\\\/\\\/medicinasinc.com\\\/de\\\/#website\"},\"primaryImageOfPage\":{\"@id\":\"https:\\\/\\\/medicinasinc.com\\\/de\\\/product\\\/hawaiianische-kiefern-hanfblume-kaufen\\\/#primaryimage\"},\"image\":{\"@id\":\"https:\\\/\\\/medicinasinc.com\\\/de\\\/product\\\/hawaiianische-kiefern-hanfblume-kaufen\\\/#primaryimage\"},\"thumbnailUrl\":\"https:\\\/\\\/medicinasinc.com\\\/de\\\/wp-content\\\/uploads\\\/sites\\\/6\\\/2022\\\/02\\\/Buy-Hawaiian-Pine-Hemp-Flower-Onlin.jpg\",\"datePublished\":\"2022-02-20T15:30:50+00:00\",\"dateModified\":\"2022-08-03T08:41:48+00:00\",\"description\":\"Kaufen Sie CBD-Hanfbl\u00fcten aus Hawaii-Kiefer (1 Pfund) online bei Medicinasinc.com. Kaufen Sie eine gro\u00dfe Auswahl an Marihuana-Produkten und mehr. Gratisversand.\",\"breadcrumb\":{\"@id\":\"https:\\\/\\\/medicinasinc.com\\\/de\\\/product\\\/hawaiianische-kiefern-hanfblume-kaufen\\\/#breadcrumb\"},\"inLanguage\":\"de\",\"potentialAction\":[{\"@type\":\"ReadAction\",\"target\":[\"https:\\\/\\\/medicinasinc.com\\\/de\\\/product\\\/hawaiianische-kiefern-hanfblume-kaufen\\\/\"]}]},{\"@type\":\"ImageObject\",\"inLanguage\":\"de\",\"@id\":\"https:\\\/\\\/medicinasinc.com\\\/de\\\/product\\\/hawaiianische-kiefern-hanfblume-kaufen\\\/#primaryimage\",\"url\":\"https:\\\/\\\/medicinasinc.com\\\/de\\\/wp-content\\\/uploads\\\/sites\\\/6\\\/2022\\\/02\\\/Buy-Hawaiian-Pine-Hemp-Flower-Onlin.jpg\",\"contentUrl\":\"https:\\\/\\\/medicinasinc.com\\\/de\\\/wp-content\\\/uploads\\\/sites\\\/6\\\/2022\\\/02\\\/Buy-Hawaiian-Pine-Hemp-Flower-Onlin.jpg\",\"width\":600,\"height\":600},{\"@type\":\"BreadcrumbList\",\"@id\":\"https:\\\/\\\/medicinasinc.com\\\/de\\\/product\\\/hawaiianische-kiefern-hanfblume-kaufen\\\/#breadcrumb\",\"itemListElement\":[{\"@type\":\"ListItem\",\"position\":1,\"name\":\"Einkaufen\",\"item\":\"https:\\\/\\\/medicinasinc.com\\\/de\\\/einkaufen\\\/\"},{\"@type\":\"ListItem\",\"position\":2,\"name\":\"Kaufen Sie Hawaiian Pine Hanf Flower\"}]},{\"@type\":\"WebSite\",\"@id\":\"https:\\\/\\\/medicinasinc.com\\\/de\\\/#website\",\"url\":\"https:\\\/\\\/medicinasinc.com\\\/de\\\/\",\"name\":\"Medicinas Inc\",\"description\":\"Health Medical Clinic\",\"potentialAction\":[{\"@type\":\"SearchAction\",\"target\":{\"@type\":\"EntryPoint\",\"urlTemplate\":\"https:\\\/\\\/medicinasinc.com\\\/de\\\/?s={search_term_string}\"},\"query-input\":{\"@type\":\"PropertyValueSpecification\",\"valueRequired\":true,\"valueName\":\"search_term_string\"}}],\"inLanguage\":\"de\"}]}<\/script>\n<!-- \/ Yoast SEO plugin. -->","yoast_head_json":{"title":"Kaufen Sie Hawaiian Pine Hanf Flower - Best Best Global Meds","description":"Kaufen Sie CBD-Hanfbl\u00fcten aus Hawaii-Kiefer (1 Pfund) online bei Medicinasinc.com. Kaufen Sie eine gro\u00dfe Auswahl an Marihuana-Produkten und mehr. Gratisversand.","robots":{"index":"index","follow":"follow","max-snippet":"max-snippet:-1","max-image-preview":"max-image-preview:large","max-video-preview":"max-video-preview:-1"},"canonical":"https:\/\/medicinasinc.com\/de\/product\/hawaiianische-kiefern-hanfblume-kaufen\/","og_locale":"de_DE","og_type":"article","og_title":"Kaufen Sie Hawaiian Pine Hanf Flower - Best Best Global Meds","og_description":"Kaufen Sie CBD-Hanfbl\u00fcten aus Hawaii-Kiefer (1 Pfund) online bei Medicinasinc.com. Kaufen Sie eine gro\u00dfe Auswahl an Marihuana-Produkten und mehr. Gratisversand.","og_url":"https:\/\/medicinasinc.com\/de\/product\/hawaiianische-kiefern-hanfblume-kaufen\/","og_site_name":"Medicinas Inc","article_modified_time":"2022-08-03T08:41:48+00:00","og_image":[{"width":600,"height":600,"url":"https:\/\/medicinasinc.com\/de\/wp-content\/uploads\/sites\/6\/2022\/02\/Buy-Hawaiian-Pine-Hemp-Flower-Onlin.jpg","type":"image\/jpeg"}],"twitter_card":"summary_large_image","twitter_misc":{"Gesch\u00e4tzte Lesezeit":"1\u00a0Minute"},"schema":{"@context":"https:\/\/schema.org","@graph":[{"@type":"WebPage","@id":"https:\/\/medicinasinc.com\/de\/product\/hawaiianische-kiefern-hanfblume-kaufen\/","url":"https:\/\/medicinasinc.com\/de\/product\/hawaiianische-kiefern-hanfblume-kaufen\/","name":"Kaufen Sie Hawaiian Pine Hanf Flower - Best Best Global Meds","isPartOf":{"@id":"https:\/\/medicinasinc.com\/de\/#website"},"primaryImageOfPage":{"@id":"https:\/\/medicinasinc.com\/de\/product\/hawaiianische-kiefern-hanfblume-kaufen\/#primaryimage"},"image":{"@id":"https:\/\/medicinasinc.com\/de\/product\/hawaiianische-kiefern-hanfblume-kaufen\/#primaryimage"},"thumbnailUrl":"https:\/\/medicinasinc.com\/de\/wp-content\/uploads\/sites\/6\/2022\/02\/Buy-Hawaiian-Pine-Hemp-Flower-Onlin.jpg","datePublished":"2022-02-20T15:30:50+00:00","dateModified":"2022-08-03T08:41:48+00:00","description":"Kaufen Sie CBD-Hanfbl\u00fcten aus Hawaii-Kiefer (1 Pfund) online bei Medicinasinc.com. Kaufen Sie eine gro\u00dfe Auswahl an Marihuana-Produkten und mehr. Gratisversand.","breadcrumb":{"@id":"https:\/\/medicinasinc.com\/de\/product\/hawaiianische-kiefern-hanfblume-kaufen\/#breadcrumb"},"inLanguage":"de","potentialAction":[{"@type":"ReadAction","target":["https:\/\/medicinasinc.com\/de\/product\/hawaiianische-kiefern-hanfblume-kaufen\/"]}]},{"@type":"ImageObject","inLanguage":"de","@id":"https:\/\/medicinasinc.com\/de\/product\/hawaiianische-kiefern-hanfblume-kaufen\/#primaryimage","url":"https:\/\/medicinasinc.com\/de\/wp-content\/uploads\/sites\/6\/2022\/02\/Buy-Hawaiian-Pine-Hemp-Flower-Onlin.jpg","contentUrl":"https:\/\/medicinasinc.com\/de\/wp-content\/uploads\/sites\/6\/2022\/02\/Buy-Hawaiian-Pine-Hemp-Flower-Onlin.jpg","width":600,"height":600},{"@type":"BreadcrumbList","@id":"https:\/\/medicinasinc.com\/de\/product\/hawaiianische-kiefern-hanfblume-kaufen\/#breadcrumb","itemListElement":[{"@type":"ListItem","position":1,"name":"Einkaufen","item":"https:\/\/medicinasinc.com\/de\/einkaufen\/"},{"@type":"ListItem","position":2,"name":"Kaufen Sie Hawaiian Pine Hanf Flower"}]},{"@type":"WebSite","@id":"https:\/\/medicinasinc.com\/de\/#website","url":"https:\/\/medicinasinc.com\/de\/","name":"Medicinas Inc","description":"Health Medical Clinic","potentialAction":[{"@type":"SearchAction","target":{"@type":"EntryPoint","urlTemplate":"https:\/\/medicinasinc.com\/de\/?s={search_term_string}"},"query-input":{"@type":"PropertyValueSpecification","valueRequired":true,"valueName":"search_term_string"}}],"inLanguage":"de"}]}},"_links":{"self":[{"href":"https:\/\/medicinasinc.com\/de\/wp-json\/wp\/v2\/product\/4748","targetHints":{"allow":["GET"]}}],"collection":[{"href":"https:\/\/medicinasinc.com\/de\/wp-json\/wp\/v2\/product"}],"about":[{"href":"https:\/\/medicinasinc.com\/de\/wp-json\/wp\/v2\/types\/product"}],"replies":[{"embeddable":true,"href":"https:\/\/medicinasinc.com\/de\/wp-json\/wp\/v2\/comments?post=4748"}],"wp:featuredmedia":[{"embeddable":true,"href":"https:\/\/medicinasinc.com\/de\/wp-json\/wp\/v2\/media\/4760"}],"wp:attachment":[{"href":"https:\/\/medicinasinc.com\/de\/wp-json\/wp\/v2\/media?parent=4748"}],"wp:term":[{"taxonomy":"product_brand","embeddable":true,"href":"https:\/\/medicinasinc.com\/de\/wp-json\/wp\/v2\/product_brand?post=4748"},{"taxonomy":"product_cat","embeddable":true,"href":"https:\/\/medicinasinc.com\/de\/wp-json\/wp\/v2\/product_cat?post=4748"},{"taxonomy":"product_tag","embeddable":true,"href":"https:\/\/medicinasinc.com\/de\/wp-json\/wp\/v2\/product_tag?post=4748"}],"curies":[{"name":"wp","href":"https:\/\/api.w.org\/{rel}","templated":true}]}}