{"id":4734,"date":"2022-02-20T15:19:28","date_gmt":"2022-02-20T15:19:28","guid":{"rendered":"https:\/\/medicinasinc.com\/de\/?post_type=product&#038;p=4734"},"modified":"2022-03-18T00:44:10","modified_gmt":"2022-03-18T00:44:10","slug":"thc-live-diamonds-superior-extrakt","status":"publish","type":"product","link":"https:\/\/medicinasinc.com\/de\/product\/thc-live-diamonds-superior-extrakt\/","title":{"rendered":"Lebende THC-Diamanten \u2013 \u00fcberlegener Extrakt"},"content":{"rendered":"<p>Lebende THC-Diamanten von \u00fcberragender Qualit\u00e4t<br \/> \u00dcberlegene lebende THC-Diamanten, die oft als \u201edie st\u00e4rksten Dabs der Welt\u201c bezeichnet werden, sind ein neuer Extrakt, der in der Cannabis-Community als das st\u00e4rkste Konzentrat auf dem Markt schnell an Bedeutung gewinnt. Dieser kristallisierte Extrakt enth\u00e4lt mehr als 99 Prozent reines THC-A \u2013 das beim Verzehr keine psychoaktive Wirkung hervorruft, aber eine Decarboxylierung (Verbrennung) erfordert, um sich in psychoaktives THC umzuwandeln.<\/p>\n<p>Superior THC Live Diamonds werden aus lebenden Diamanten hergestellt Harz, das dabei hilft, Terpene zur\u00fcckzuhalten, was zu einem aromatischeren Konzentrat f\u00fchrt!<br \/> W\u00e4hrend das lebende Harz viskos ist, wird es in einem unter Druck stehenden Beh\u00e4lter versiegelt und auf Raumtemperatur abk\u00fchlen gelassen. Innerhalb dieser Mischung bilden sich THCA-Kristalle und fallen mit der Zeit auf den Boden des Glases. Die restlichen Terpene im lebenden Harz steigen an die Oberfl\u00e4che und bilden eine viskose Schicht. Als Ergebnis entsteht ein Konzentrat mit 97-99 Prozent THC, zusammen mit dem Geschmack und den medizinischen Eigenschaften von sortenspezifischen Terpenen.<\/p>\n","protected":false},"excerpt":{"rendered":"<ul>\n<li>Ein Konzentrat bestehend aus 97-99 % THC<\/li>\n<li>99 % reines THC-A<\/li>\n<li>Canada Post Xpresspost KOSTENLOSER Versand f\u00fcr Bestellungen \u00fcber 99 $<\/li>\n<li>Nur kanadischer Versand<\/li>\n<li>Vollst\u00e4ndige Produktbeschreibung unten<\/li>\n<\/ul>\n","protected":false},"featured_media":4747,"comment_status":"open","ping_status":"closed","template":"","meta":[],"product_brand":[],"product_cat":[610],"product_tag":[],"class_list":{"0":"post-4734","1":"product","2":"type-product","3":"status-publish","4":"has-post-thumbnail","6":"product_cat-kaufen-sie-haschisch-haschisch","8":"first","9":"instock","10":"shipping-taxable","11":"purchasable","12":"product-type-variable","13":"has-default-attributes"},"yoast_head":"<!-- This site is optimized with the Yoast SEO plugin v27.3 - https:\/\/yoast.com\/product\/yoast-seo-wordpress\/ -->\n<title>Lebende THC-Diamanten \u2013 \u00fcberlegener Extrakt \u2013 die besten besten globalen Medikamente<\/title>\n<meta name=\"description\" content=\"Kaufen Sie THC Live-Diamonds \u2013 Superior-Extrakte online mit Versand und Lieferung weltweit an Ihren bevorzugten Standort. Wir verkaufen unser THC im Einzel- und Gro\u00dfhandel.\" \/>\n<meta name=\"robots\" content=\"index, follow, max-snippet:-1, max-image-preview:large, max-video-preview:-1\" \/>\n<link rel=\"canonical\" href=\"https:\/\/medicinasinc.com\/de\/product\/thc-live-diamonds-superior-extrakt\/\" \/>\n<meta property=\"og:locale\" content=\"de_DE\" \/>\n<meta property=\"og:type\" content=\"article\" \/>\n<meta property=\"og:title\" content=\"Lebende THC-Diamanten \u2013 \u00fcberlegener Extrakt \u2013 die besten besten globalen Medikamente\" \/>\n<meta property=\"og:description\" content=\"Kaufen Sie THC Live-Diamonds \u2013 Superior-Extrakte online mit Versand und Lieferung weltweit an Ihren bevorzugten Standort. Wir verkaufen unser THC im Einzel- und Gro\u00dfhandel.\" \/>\n<meta property=\"og:url\" content=\"https:\/\/medicinasinc.com\/de\/product\/thc-live-diamonds-superior-extrakt\/\" \/>\n<meta property=\"og:site_name\" content=\"Medicinas Inc\" \/>\n<meta property=\"article:modified_time\" content=\"2022-03-18T00:44:10+00:00\" \/>\n<meta property=\"og:image\" content=\"https:\/\/medicinasinc.com\/de\/wp-content\/uploads\/sites\/6\/2022\/02\/Buy-THC-Live-Diamonds-Superior-Extract.jpg\" \/>\n\t<meta property=\"og:image:width\" content=\"600\" \/>\n\t<meta property=\"og:image:height\" content=\"600\" \/>\n\t<meta property=\"og:image:type\" content=\"image\/jpeg\" \/>\n<meta name=\"twitter:card\" content=\"summary_large_image\" \/>\n<meta name=\"twitter:label1\" content=\"Gesch\u00e4tzte Lesezeit\" \/>\n\t<meta name=\"twitter:data1\" content=\"1\u00a0Minute\" \/>\n<script type=\"application\/ld+json\" class=\"yoast-schema-graph\">{\"@context\":\"https:\\\/\\\/schema.org\",\"@graph\":[{\"@type\":\"WebPage\",\"@id\":\"https:\\\/\\\/medicinasinc.com\\\/de\\\/product\\\/thc-live-diamonds-superior-extrakt\\\/\",\"url\":\"https:\\\/\\\/medicinasinc.com\\\/de\\\/product\\\/thc-live-diamonds-superior-extrakt\\\/\",\"name\":\"Lebende THC-Diamanten \u2013 \u00fcberlegener Extrakt \u2013 die besten besten globalen Medikamente\",\"isPartOf\":{\"@id\":\"https:\\\/\\\/medicinasinc.com\\\/de\\\/#website\"},\"primaryImageOfPage\":{\"@id\":\"https:\\\/\\\/medicinasinc.com\\\/de\\\/product\\\/thc-live-diamonds-superior-extrakt\\\/#primaryimage\"},\"image\":{\"@id\":\"https:\\\/\\\/medicinasinc.com\\\/de\\\/product\\\/thc-live-diamonds-superior-extrakt\\\/#primaryimage\"},\"thumbnailUrl\":\"https:\\\/\\\/medicinasinc.com\\\/de\\\/wp-content\\\/uploads\\\/sites\\\/6\\\/2022\\\/02\\\/Buy-THC-Live-Diamonds-Superior-Extract.jpg\",\"datePublished\":\"2022-02-20T15:19:28+00:00\",\"dateModified\":\"2022-03-18T00:44:10+00:00\",\"description\":\"Kaufen Sie THC Live-Diamonds \u2013 Superior-Extrakte online mit Versand und Lieferung weltweit an Ihren bevorzugten Standort. Wir verkaufen unser THC im Einzel- und Gro\u00dfhandel.\",\"breadcrumb\":{\"@id\":\"https:\\\/\\\/medicinasinc.com\\\/de\\\/product\\\/thc-live-diamonds-superior-extrakt\\\/#breadcrumb\"},\"inLanguage\":\"de\",\"potentialAction\":[{\"@type\":\"ReadAction\",\"target\":[\"https:\\\/\\\/medicinasinc.com\\\/de\\\/product\\\/thc-live-diamonds-superior-extrakt\\\/\"]}]},{\"@type\":\"ImageObject\",\"inLanguage\":\"de\",\"@id\":\"https:\\\/\\\/medicinasinc.com\\\/de\\\/product\\\/thc-live-diamonds-superior-extrakt\\\/#primaryimage\",\"url\":\"https:\\\/\\\/medicinasinc.com\\\/de\\\/wp-content\\\/uploads\\\/sites\\\/6\\\/2022\\\/02\\\/Buy-THC-Live-Diamonds-Superior-Extract.jpg\",\"contentUrl\":\"https:\\\/\\\/medicinasinc.com\\\/de\\\/wp-content\\\/uploads\\\/sites\\\/6\\\/2022\\\/02\\\/Buy-THC-Live-Diamonds-Superior-Extract.jpg\",\"width\":600,\"height\":600},{\"@type\":\"BreadcrumbList\",\"@id\":\"https:\\\/\\\/medicinasinc.com\\\/de\\\/product\\\/thc-live-diamonds-superior-extrakt\\\/#breadcrumb\",\"itemListElement\":[{\"@type\":\"ListItem\",\"position\":1,\"name\":\"Einkaufen\",\"item\":\"https:\\\/\\\/medicinasinc.com\\\/de\\\/einkaufen\\\/\"},{\"@type\":\"ListItem\",\"position\":2,\"name\":\"Lebende THC-Diamanten \u2013 \u00fcberlegener Extrakt\"}]},{\"@type\":\"WebSite\",\"@id\":\"https:\\\/\\\/medicinasinc.com\\\/de\\\/#website\",\"url\":\"https:\\\/\\\/medicinasinc.com\\\/de\\\/\",\"name\":\"Medicinas Inc\",\"description\":\"Health Medical Clinic\",\"potentialAction\":[{\"@type\":\"SearchAction\",\"target\":{\"@type\":\"EntryPoint\",\"urlTemplate\":\"https:\\\/\\\/medicinasinc.com\\\/de\\\/?s={search_term_string}\"},\"query-input\":{\"@type\":\"PropertyValueSpecification\",\"valueRequired\":true,\"valueName\":\"search_term_string\"}}],\"inLanguage\":\"de\"}]}<\/script>\n<!-- \/ Yoast SEO plugin. -->","yoast_head_json":{"title":"Lebende THC-Diamanten \u2013 \u00fcberlegener Extrakt \u2013 die besten besten globalen Medikamente","description":"Kaufen Sie THC Live-Diamonds \u2013 Superior-Extrakte online mit Versand und Lieferung weltweit an Ihren bevorzugten Standort. Wir verkaufen unser THC im Einzel- und Gro\u00dfhandel.","robots":{"index":"index","follow":"follow","max-snippet":"max-snippet:-1","max-image-preview":"max-image-preview:large","max-video-preview":"max-video-preview:-1"},"canonical":"https:\/\/medicinasinc.com\/de\/product\/thc-live-diamonds-superior-extrakt\/","og_locale":"de_DE","og_type":"article","og_title":"Lebende THC-Diamanten \u2013 \u00fcberlegener Extrakt \u2013 die besten besten globalen Medikamente","og_description":"Kaufen Sie THC Live-Diamonds \u2013 Superior-Extrakte online mit Versand und Lieferung weltweit an Ihren bevorzugten Standort. Wir verkaufen unser THC im Einzel- und Gro\u00dfhandel.","og_url":"https:\/\/medicinasinc.com\/de\/product\/thc-live-diamonds-superior-extrakt\/","og_site_name":"Medicinas Inc","article_modified_time":"2022-03-18T00:44:10+00:00","og_image":[{"width":600,"height":600,"url":"https:\/\/medicinasinc.com\/de\/wp-content\/uploads\/sites\/6\/2022\/02\/Buy-THC-Live-Diamonds-Superior-Extract.jpg","type":"image\/jpeg"}],"twitter_card":"summary_large_image","twitter_misc":{"Gesch\u00e4tzte Lesezeit":"1\u00a0Minute"},"schema":{"@context":"https:\/\/schema.org","@graph":[{"@type":"WebPage","@id":"https:\/\/medicinasinc.com\/de\/product\/thc-live-diamonds-superior-extrakt\/","url":"https:\/\/medicinasinc.com\/de\/product\/thc-live-diamonds-superior-extrakt\/","name":"Lebende THC-Diamanten \u2013 \u00fcberlegener Extrakt \u2013 die besten besten globalen Medikamente","isPartOf":{"@id":"https:\/\/medicinasinc.com\/de\/#website"},"primaryImageOfPage":{"@id":"https:\/\/medicinasinc.com\/de\/product\/thc-live-diamonds-superior-extrakt\/#primaryimage"},"image":{"@id":"https:\/\/medicinasinc.com\/de\/product\/thc-live-diamonds-superior-extrakt\/#primaryimage"},"thumbnailUrl":"https:\/\/medicinasinc.com\/de\/wp-content\/uploads\/sites\/6\/2022\/02\/Buy-THC-Live-Diamonds-Superior-Extract.jpg","datePublished":"2022-02-20T15:19:28+00:00","dateModified":"2022-03-18T00:44:10+00:00","description":"Kaufen Sie THC Live-Diamonds \u2013 Superior-Extrakte online mit Versand und Lieferung weltweit an Ihren bevorzugten Standort. Wir verkaufen unser THC im Einzel- und Gro\u00dfhandel.","breadcrumb":{"@id":"https:\/\/medicinasinc.com\/de\/product\/thc-live-diamonds-superior-extrakt\/#breadcrumb"},"inLanguage":"de","potentialAction":[{"@type":"ReadAction","target":["https:\/\/medicinasinc.com\/de\/product\/thc-live-diamonds-superior-extrakt\/"]}]},{"@type":"ImageObject","inLanguage":"de","@id":"https:\/\/medicinasinc.com\/de\/product\/thc-live-diamonds-superior-extrakt\/#primaryimage","url":"https:\/\/medicinasinc.com\/de\/wp-content\/uploads\/sites\/6\/2022\/02\/Buy-THC-Live-Diamonds-Superior-Extract.jpg","contentUrl":"https:\/\/medicinasinc.com\/de\/wp-content\/uploads\/sites\/6\/2022\/02\/Buy-THC-Live-Diamonds-Superior-Extract.jpg","width":600,"height":600},{"@type":"BreadcrumbList","@id":"https:\/\/medicinasinc.com\/de\/product\/thc-live-diamonds-superior-extrakt\/#breadcrumb","itemListElement":[{"@type":"ListItem","position":1,"name":"Einkaufen","item":"https:\/\/medicinasinc.com\/de\/einkaufen\/"},{"@type":"ListItem","position":2,"name":"Lebende THC-Diamanten \u2013 \u00fcberlegener Extrakt"}]},{"@type":"WebSite","@id":"https:\/\/medicinasinc.com\/de\/#website","url":"https:\/\/medicinasinc.com\/de\/","name":"Medicinas Inc","description":"Health Medical Clinic","potentialAction":[{"@type":"SearchAction","target":{"@type":"EntryPoint","urlTemplate":"https:\/\/medicinasinc.com\/de\/?s={search_term_string}"},"query-input":{"@type":"PropertyValueSpecification","valueRequired":true,"valueName":"search_term_string"}}],"inLanguage":"de"}]}},"_links":{"self":[{"href":"https:\/\/medicinasinc.com\/de\/wp-json\/wp\/v2\/product\/4734","targetHints":{"allow":["GET"]}}],"collection":[{"href":"https:\/\/medicinasinc.com\/de\/wp-json\/wp\/v2\/product"}],"about":[{"href":"https:\/\/medicinasinc.com\/de\/wp-json\/wp\/v2\/types\/product"}],"replies":[{"embeddable":true,"href":"https:\/\/medicinasinc.com\/de\/wp-json\/wp\/v2\/comments?post=4734"}],"wp:featuredmedia":[{"embeddable":true,"href":"https:\/\/medicinasinc.com\/de\/wp-json\/wp\/v2\/media\/4747"}],"wp:attachment":[{"href":"https:\/\/medicinasinc.com\/de\/wp-json\/wp\/v2\/media?parent=4734"}],"wp:term":[{"taxonomy":"product_brand","embeddable":true,"href":"https:\/\/medicinasinc.com\/de\/wp-json\/wp\/v2\/product_brand?post=4734"},{"taxonomy":"product_cat","embeddable":true,"href":"https:\/\/medicinasinc.com\/de\/wp-json\/wp\/v2\/product_cat?post=4734"},{"taxonomy":"product_tag","embeddable":true,"href":"https:\/\/medicinasinc.com\/de\/wp-json\/wp\/v2\/product_tag?post=4734"}],"curies":[{"name":"wp","href":"https:\/\/api.w.org\/{rel}","templated":true}]}}