{"id":4733,"date":"2022-02-20T15:18:37","date_gmt":"2022-02-20T15:18:37","guid":{"rendered":"https:\/\/medicinasinc.com\/de\/?post_type=product&#038;p=4733"},"modified":"2022-03-18T00:44:22","modified_gmt":"2022-03-18T00:44:22","slug":"kaufen-pink-kush-hash","status":"publish","type":"product","link":"https:\/\/medicinasinc.com\/de\/product\/kaufen-pink-kush-hash\/","title":{"rendered":"Pink Kush Hash kaufen"},"content":{"rendered":"<p>Online-Kauf von Pink Kush Hash<\/p>\n<p>Bevor Sie legales Haschisch online kaufen, ist es wichtig zu verstehen, was es ist, wie es mit Cannabis zusammenh\u00e4ngt und was es von anderen Cannabisprodukten unterscheidet. Haschisch, ein anderer Begriff f\u00fcr \u201eHaschisch\u201c, ist ein Cannabiskonzentrat, das \u00fcber das Harz einer Marihuanapflanze \u00fcbertragen wird. Dies wird erreicht, indem die Saftorgane einer Cannabispflanze, die zusammen als Trichome bezeichnet werden, von ihren Bl\u00fcten getrennt werden. Es ist bekannt, dass diese Trichome die h\u00f6chsten Konzentrationen an Cannabinoiden und Terpenen enthalten, die die chemischen Verbindungen sind, die f\u00fcr die einzigartigen Eigenschaften und Eigenschaften von Maryjane verantwortlich sind. Aufgrund der hohen Konzentration an Cannabinoiden und Terpenen in Hasch besitzt es eine au\u00dfergew\u00f6hnliche F\u00e4higkeit, umwerfende psychoaktive und medizinische Begegnungen f\u00fcr Cannabisklienten zu schaffen. Hasch\u00f6l ist eine hochkonzentrierte Form von Cannabis, die geraucht, verdampft, konsumiert oder auf die Haut aufgetragen werden kann. Gelegentlich wird die Verwendung von Haschisch\u00f6l als \u201eerreichend\u201c oder \u201everbrauchend\u201c bezeichnet. Haschisch\u00f6l wird aus Cannabispflanzen gewonnen und enth\u00e4lt THC (Delta-9-Tetrahydrocannabinol), die gleiche revolution\u00e4re Verbindung, die auch in anderen Maryjane-Produkten zu finden ist.<\/p>\n<p>In jedem Fall ist Haschisch\u00f6l st\u00e4rker und enth\u00e4lt bis zu 90 % reines THC. In anderen Teilen der Cannabispflanze liegt die typische THC-Konzentration nat\u00fcrlich bei etwa 12 %. Bew\u00e4hrte<\/p>\n<p>Die CO2-Extraktion ist derzeit die effektivste Methode zur Gewinnung von THC-\u00d6l. Dar\u00fcber hinaus ist es die gebr\u00e4uchlichste und sicherste Methode zur Herstellung von Cannabis\u00f6l, Destillat und lebenden Kaugummilastern. Der Grund daf\u00fcr, dass es heutzutage so weit verbreitet ist, ist, dass dieses THC-\u00d6l frei von zus\u00e4tzlichen L\u00f6sungsmitteln wie Alkohol oder Butan ist.<\/p>\n<p>Die meisten THC-\u00d6le enthalten eine Art abnehmender Bereitschaft. Dies ist notwendig, um sicherzustellen, dass das \u00d6l eine ideale Konsistenz zum Verdampfen beh\u00e4lt. Die wirksamsten Reduktionsmittel sind pflanzliches Glycerin und Propylenglykol (VG und PG), die h\u00e4ufig in herk\u00f6mmlichen E-Liquids zu finden sind. Einige enthalten verschiedene F\u00fcllstoffe, wie PEG, und in j\u00fcngerer Zeit TEC Temper, ein weiterer Zustand, der von herk\u00f6mmlichen Terpenen abgeleitet ist. Hasch\u00f6l ist k\u00e4uflich zu erwerben.<\/p>\n","protected":false},"excerpt":{"rendered":"<p>Kaufen Sie Pink Kush Hash zum Verkauf in Gro\u00dfbritannien und Europa online. Pink Kush, ebenso begehrt wie ihr OG Kush-Verwandter, ist ein indicadominierter Hybrid mit starken k\u00f6rperbetonten Effekten. Bestellen Sie JETZT online!<\/p>\n<ul>\n<li>Weltweiter Versand<\/li>\n<li>Kontaktieren Sie uns f\u00fcr gr\u00f6\u00dfere Bestellungen<\/li>\n<\/ul>\n","protected":false},"featured_media":4745,"comment_status":"open","ping_status":"closed","template":"","meta":[],"product_brand":[],"product_cat":[610],"product_tag":[],"class_list":{"0":"post-4733","1":"product","2":"type-product","3":"status-publish","4":"has-post-thumbnail","6":"product_cat-kaufen-sie-haschisch-haschisch","8":"first","9":"instock","10":"shipping-taxable","11":"purchasable","12":"product-type-variable","13":"has-default-attributes"},"yoast_head":"<!-- This site is optimized with the Yoast SEO plugin v27.3 - https:\/\/yoast.com\/product\/yoast-seo-wordpress\/ -->\n<title>Kaufen Sie Pink Kush Hash online \u2013 die besten besten globalen Medikamente<\/title>\n<meta name=\"description\" content=\"Kaufen Sie Pink Kush Hash zum Verkauf in Gro\u00dfbritannien, Europa online. Pink Kush, ebenso begehrt wie ihr OG Kush-Verwandter, ist ein indicadominierter Hybrid mit starken k\u00f6rperbetonten Effekten. Bestellen Sie jetzt online!\" \/>\n<meta name=\"robots\" content=\"index, follow, max-snippet:-1, max-image-preview:large, max-video-preview:-1\" \/>\n<link rel=\"canonical\" href=\"https:\/\/medicinasinc.com\/de\/product\/kaufen-pink-kush-hash\/\" \/>\n<meta property=\"og:locale\" content=\"de_DE\" \/>\n<meta property=\"og:type\" content=\"article\" \/>\n<meta property=\"og:title\" content=\"Kaufen Sie Pink Kush Hash online \u2013 die besten besten globalen Medikamente\" \/>\n<meta property=\"og:description\" content=\"Kaufen Sie Pink Kush Hash zum Verkauf in Gro\u00dfbritannien, Europa online. Pink Kush, ebenso begehrt wie ihr OG Kush-Verwandter, ist ein indicadominierter Hybrid mit starken k\u00f6rperbetonten Effekten. Bestellen Sie jetzt online!\" \/>\n<meta property=\"og:url\" content=\"https:\/\/medicinasinc.com\/de\/product\/kaufen-pink-kush-hash\/\" \/>\n<meta property=\"og:site_name\" content=\"Medicinas Inc\" \/>\n<meta property=\"article:modified_time\" content=\"2022-03-18T00:44:22+00:00\" \/>\n<meta property=\"og:image\" content=\"https:\/\/medicinasinc.com\/de\/wp-content\/uploads\/sites\/6\/2022\/02\/buy-pink-kush-hash.jpg\" \/>\n\t<meta property=\"og:image:width\" content=\"600\" \/>\n\t<meta property=\"og:image:height\" content=\"600\" \/>\n\t<meta property=\"og:image:type\" content=\"image\/jpeg\" \/>\n<meta name=\"twitter:card\" content=\"summary_large_image\" \/>\n<meta name=\"twitter:label1\" content=\"Gesch\u00e4tzte Lesezeit\" \/>\n\t<meta name=\"twitter:data1\" content=\"2\u00a0Minuten\" \/>\n<script type=\"application\/ld+json\" class=\"yoast-schema-graph\">{\"@context\":\"https:\\\/\\\/schema.org\",\"@graph\":[{\"@type\":\"WebPage\",\"@id\":\"https:\\\/\\\/medicinasinc.com\\\/de\\\/product\\\/kaufen-pink-kush-hash\\\/\",\"url\":\"https:\\\/\\\/medicinasinc.com\\\/de\\\/product\\\/kaufen-pink-kush-hash\\\/\",\"name\":\"Kaufen Sie Pink Kush Hash online \u2013 die besten besten globalen Medikamente\",\"isPartOf\":{\"@id\":\"https:\\\/\\\/medicinasinc.com\\\/de\\\/#website\"},\"primaryImageOfPage\":{\"@id\":\"https:\\\/\\\/medicinasinc.com\\\/de\\\/product\\\/kaufen-pink-kush-hash\\\/#primaryimage\"},\"image\":{\"@id\":\"https:\\\/\\\/medicinasinc.com\\\/de\\\/product\\\/kaufen-pink-kush-hash\\\/#primaryimage\"},\"thumbnailUrl\":\"https:\\\/\\\/medicinasinc.com\\\/de\\\/wp-content\\\/uploads\\\/sites\\\/6\\\/2022\\\/02\\\/buy-pink-kush-hash.jpg\",\"datePublished\":\"2022-02-20T15:18:37+00:00\",\"dateModified\":\"2022-03-18T00:44:22+00:00\",\"description\":\"Kaufen Sie Pink Kush Hash zum Verkauf in Gro\u00dfbritannien, Europa online. Pink Kush, ebenso begehrt wie ihr OG Kush-Verwandter, ist ein indicadominierter Hybrid mit starken k\u00f6rperbetonten Effekten. Bestellen Sie jetzt online!\",\"breadcrumb\":{\"@id\":\"https:\\\/\\\/medicinasinc.com\\\/de\\\/product\\\/kaufen-pink-kush-hash\\\/#breadcrumb\"},\"inLanguage\":\"de\",\"potentialAction\":[{\"@type\":\"ReadAction\",\"target\":[\"https:\\\/\\\/medicinasinc.com\\\/de\\\/product\\\/kaufen-pink-kush-hash\\\/\"]}]},{\"@type\":\"ImageObject\",\"inLanguage\":\"de\",\"@id\":\"https:\\\/\\\/medicinasinc.com\\\/de\\\/product\\\/kaufen-pink-kush-hash\\\/#primaryimage\",\"url\":\"https:\\\/\\\/medicinasinc.com\\\/de\\\/wp-content\\\/uploads\\\/sites\\\/6\\\/2022\\\/02\\\/buy-pink-kush-hash.jpg\",\"contentUrl\":\"https:\\\/\\\/medicinasinc.com\\\/de\\\/wp-content\\\/uploads\\\/sites\\\/6\\\/2022\\\/02\\\/buy-pink-kush-hash.jpg\",\"width\":600,\"height\":600},{\"@type\":\"BreadcrumbList\",\"@id\":\"https:\\\/\\\/medicinasinc.com\\\/de\\\/product\\\/kaufen-pink-kush-hash\\\/#breadcrumb\",\"itemListElement\":[{\"@type\":\"ListItem\",\"position\":1,\"name\":\"Einkaufen\",\"item\":\"https:\\\/\\\/medicinasinc.com\\\/de\\\/einkaufen\\\/\"},{\"@type\":\"ListItem\",\"position\":2,\"name\":\"Pink Kush Hash kaufen\"}]},{\"@type\":\"WebSite\",\"@id\":\"https:\\\/\\\/medicinasinc.com\\\/de\\\/#website\",\"url\":\"https:\\\/\\\/medicinasinc.com\\\/de\\\/\",\"name\":\"Medicinas Inc\",\"description\":\"Health Medical Clinic\",\"potentialAction\":[{\"@type\":\"SearchAction\",\"target\":{\"@type\":\"EntryPoint\",\"urlTemplate\":\"https:\\\/\\\/medicinasinc.com\\\/de\\\/?s={search_term_string}\"},\"query-input\":{\"@type\":\"PropertyValueSpecification\",\"valueRequired\":true,\"valueName\":\"search_term_string\"}}],\"inLanguage\":\"de\"}]}<\/script>\n<!-- \/ Yoast SEO plugin. -->","yoast_head_json":{"title":"Kaufen Sie Pink Kush Hash online \u2013 die besten besten globalen Medikamente","description":"Kaufen Sie Pink Kush Hash zum Verkauf in Gro\u00dfbritannien, Europa online. Pink Kush, ebenso begehrt wie ihr OG Kush-Verwandter, ist ein indicadominierter Hybrid mit starken k\u00f6rperbetonten Effekten. Bestellen Sie jetzt online!","robots":{"index":"index","follow":"follow","max-snippet":"max-snippet:-1","max-image-preview":"max-image-preview:large","max-video-preview":"max-video-preview:-1"},"canonical":"https:\/\/medicinasinc.com\/de\/product\/kaufen-pink-kush-hash\/","og_locale":"de_DE","og_type":"article","og_title":"Kaufen Sie Pink Kush Hash online \u2013 die besten besten globalen Medikamente","og_description":"Kaufen Sie Pink Kush Hash zum Verkauf in Gro\u00dfbritannien, Europa online. Pink Kush, ebenso begehrt wie ihr OG Kush-Verwandter, ist ein indicadominierter Hybrid mit starken k\u00f6rperbetonten Effekten. Bestellen Sie jetzt online!","og_url":"https:\/\/medicinasinc.com\/de\/product\/kaufen-pink-kush-hash\/","og_site_name":"Medicinas Inc","article_modified_time":"2022-03-18T00:44:22+00:00","og_image":[{"width":600,"height":600,"url":"https:\/\/medicinasinc.com\/de\/wp-content\/uploads\/sites\/6\/2022\/02\/buy-pink-kush-hash.jpg","type":"image\/jpeg"}],"twitter_card":"summary_large_image","twitter_misc":{"Gesch\u00e4tzte Lesezeit":"2\u00a0Minuten"},"schema":{"@context":"https:\/\/schema.org","@graph":[{"@type":"WebPage","@id":"https:\/\/medicinasinc.com\/de\/product\/kaufen-pink-kush-hash\/","url":"https:\/\/medicinasinc.com\/de\/product\/kaufen-pink-kush-hash\/","name":"Kaufen Sie Pink Kush Hash online \u2013 die besten besten globalen Medikamente","isPartOf":{"@id":"https:\/\/medicinasinc.com\/de\/#website"},"primaryImageOfPage":{"@id":"https:\/\/medicinasinc.com\/de\/product\/kaufen-pink-kush-hash\/#primaryimage"},"image":{"@id":"https:\/\/medicinasinc.com\/de\/product\/kaufen-pink-kush-hash\/#primaryimage"},"thumbnailUrl":"https:\/\/medicinasinc.com\/de\/wp-content\/uploads\/sites\/6\/2022\/02\/buy-pink-kush-hash.jpg","datePublished":"2022-02-20T15:18:37+00:00","dateModified":"2022-03-18T00:44:22+00:00","description":"Kaufen Sie Pink Kush Hash zum Verkauf in Gro\u00dfbritannien, Europa online. Pink Kush, ebenso begehrt wie ihr OG Kush-Verwandter, ist ein indicadominierter Hybrid mit starken k\u00f6rperbetonten Effekten. Bestellen Sie jetzt online!","breadcrumb":{"@id":"https:\/\/medicinasinc.com\/de\/product\/kaufen-pink-kush-hash\/#breadcrumb"},"inLanguage":"de","potentialAction":[{"@type":"ReadAction","target":["https:\/\/medicinasinc.com\/de\/product\/kaufen-pink-kush-hash\/"]}]},{"@type":"ImageObject","inLanguage":"de","@id":"https:\/\/medicinasinc.com\/de\/product\/kaufen-pink-kush-hash\/#primaryimage","url":"https:\/\/medicinasinc.com\/de\/wp-content\/uploads\/sites\/6\/2022\/02\/buy-pink-kush-hash.jpg","contentUrl":"https:\/\/medicinasinc.com\/de\/wp-content\/uploads\/sites\/6\/2022\/02\/buy-pink-kush-hash.jpg","width":600,"height":600},{"@type":"BreadcrumbList","@id":"https:\/\/medicinasinc.com\/de\/product\/kaufen-pink-kush-hash\/#breadcrumb","itemListElement":[{"@type":"ListItem","position":1,"name":"Einkaufen","item":"https:\/\/medicinasinc.com\/de\/einkaufen\/"},{"@type":"ListItem","position":2,"name":"Pink Kush Hash kaufen"}]},{"@type":"WebSite","@id":"https:\/\/medicinasinc.com\/de\/#website","url":"https:\/\/medicinasinc.com\/de\/","name":"Medicinas Inc","description":"Health Medical Clinic","potentialAction":[{"@type":"SearchAction","target":{"@type":"EntryPoint","urlTemplate":"https:\/\/medicinasinc.com\/de\/?s={search_term_string}"},"query-input":{"@type":"PropertyValueSpecification","valueRequired":true,"valueName":"search_term_string"}}],"inLanguage":"de"}]}},"_links":{"self":[{"href":"https:\/\/medicinasinc.com\/de\/wp-json\/wp\/v2\/product\/4733","targetHints":{"allow":["GET"]}}],"collection":[{"href":"https:\/\/medicinasinc.com\/de\/wp-json\/wp\/v2\/product"}],"about":[{"href":"https:\/\/medicinasinc.com\/de\/wp-json\/wp\/v2\/types\/product"}],"replies":[{"embeddable":true,"href":"https:\/\/medicinasinc.com\/de\/wp-json\/wp\/v2\/comments?post=4733"}],"wp:featuredmedia":[{"embeddable":true,"href":"https:\/\/medicinasinc.com\/de\/wp-json\/wp\/v2\/media\/4745"}],"wp:attachment":[{"href":"https:\/\/medicinasinc.com\/de\/wp-json\/wp\/v2\/media?parent=4733"}],"wp:term":[{"taxonomy":"product_brand","embeddable":true,"href":"https:\/\/medicinasinc.com\/de\/wp-json\/wp\/v2\/product_brand?post=4733"},{"taxonomy":"product_cat","embeddable":true,"href":"https:\/\/medicinasinc.com\/de\/wp-json\/wp\/v2\/product_cat?post=4733"},{"taxonomy":"product_tag","embeddable":true,"href":"https:\/\/medicinasinc.com\/de\/wp-json\/wp\/v2\/product_tag?post=4733"}],"curies":[{"name":"wp","href":"https:\/\/api.w.org\/{rel}","templated":true}]}}