{"id":4717,"date":"2022-02-20T15:05:15","date_gmt":"2022-02-20T15:05:15","guid":{"rendered":"https:\/\/medicinasinc.com\/de\/?post_type=product&#038;p=4717"},"modified":"2022-03-18T00:44:32","modified_gmt":"2022-03-18T00:44:32","slug":"kaufen-nepalesisches-stick-hash","status":"publish","type":"product","link":"https:\/\/medicinasinc.com\/de\/product\/kaufen-nepalesisches-stick-hash\/","title":{"rendered":"Kaufen Sie nepalesisches Stick-Haschisch"},"content":{"rendered":"<p>Online-Kauf von Nepalese Stick Hash<\/p>\n<p>Nepalese Stick Hash wird auf die gleiche Weise wie Temple Balls zubereitet. Cannabispflanzen kultivieren diese. Cannabisknospen oder -bl\u00fcten werden zuerst gesammelt und geerntet. Reibe diese Knospen zwischen deinen H\u00e4nden, um die Harze oder Trichome zu extrahieren. Aus den gewonnenen Harzen entstehen Tempelkugeln. Die Schl\u00e4fenkugeln werden dann gegen eine dicke, harte Platte oder Platte gepresst.<\/p>\n<p>Nepalesisches Stick-Haschisch ist au\u00dfen schwarz und innen br\u00e4unlich. Sie enthalten fast 15-20% THC. Diese sind hochkonzentriert und haben einen w\u00fcrzigen oder s\u00fc\u00dfen Geschmack.<\/p>\n<p>Wirkungen:<\/p>\n<p>Die Wirkungen von Stick Hash h\u00e4ngen typischerweise von den THC- und Harzkonzentrationen ab. Sie neigen dazu, Ihre K\u00f6rpertemperatur zu erh\u00f6hen und Sie selbst in kleinen Mengen auf ein gef\u00e4hrlich hohes Niveau zu bringen. Es ist im Allgemeinen sicher in der Anwendung und hat eine Halbwertszeit von 6-7 Stunden. Diese Hasch-Sticks sind ideal f\u00fcr diejenigen, die \u00fcber einen l\u00e4ngeren Zeitraum high bleiben m\u00fcssen.<\/p>\n<p>Verwendung:<\/p>\n<p>Nepalese Stick Hash ist ein Produkt aus Nepal. Sie k\u00f6nnen geraucht, in eine Pfeife aufgegossen, in Esswaren eingearbeitet oder verdampft werden. Wenn Stick-Hasch in Esswaren verwendet wird, dauert es ungef\u00e4hr 1-2 Stunden, bis es eintritt und Wirkung zeigt.<\/p>\n<p>Wo kann ich nepalesisches Stick-Hasch im Internet kaufen?<\/p>\n<p>Sie k\u00f6nnen es kaufen frisch zubereitetes nepalesisches Stick-Hasch auf unserer Website. Wir bieten Ihnen hochwertige und \u00e4u\u00dferst potente Hasch-Sticks. Diese werden auf nat\u00fcrliche Weise in Nepal hergestellt. Sie k\u00f6nnen sie zu einem g\u00fcnstigen Preis erwerben und erhalten sie schnell.<\/p>\n","protected":false},"excerpt":{"rendered":"<p>Kaufen Sie nepalesisches Stick Hash online Nepalesisch bezieht sich auf jede Sorte, die naiv in der Region Nepal w\u00e4chst. Bestellen Sie Weed online, diese einheimischen Sorten.<\/p>\n","protected":false},"featured_media":4730,"comment_status":"open","ping_status":"closed","template":"","meta":[],"product_brand":[],"product_cat":[610],"product_tag":[],"class_list":{"0":"post-4717","1":"product","2":"type-product","3":"status-publish","4":"has-post-thumbnail","6":"product_cat-kaufen-sie-haschisch-haschisch","8":"first","9":"instock","10":"shipping-taxable","11":"purchasable","12":"product-type-variable","13":"has-default-attributes"},"yoast_head":"<!-- This site is optimized with the Yoast SEO plugin v27.3 - https:\/\/yoast.com\/product\/yoast-seo-wordpress\/ -->\n<title>Kaufen Sie Nepalese Stick Hash - Best Best Global Meds<\/title>\n<meta name=\"description\" content=\"Kaufen Sie Nepalese Stick Hash Online Nepalese bezieht sich auf jede Sorte, die naiv in der Region Nepal w\u00e4chst. Bestellen Sie Weed online, diese einheimischen Sorten.\" \/>\n<meta name=\"robots\" content=\"index, follow, max-snippet:-1, max-image-preview:large, max-video-preview:-1\" \/>\n<link rel=\"canonical\" href=\"https:\/\/medicinasinc.com\/de\/product\/kaufen-nepalesisches-stick-hash\/\" \/>\n<meta property=\"og:locale\" content=\"de_DE\" \/>\n<meta property=\"og:type\" content=\"article\" \/>\n<meta property=\"og:title\" content=\"Kaufen Sie Nepalese Stick Hash - Best Best Global Meds\" \/>\n<meta property=\"og:description\" content=\"Kaufen Sie Nepalese Stick Hash Online Nepalese bezieht sich auf jede Sorte, die naiv in der Region Nepal w\u00e4chst. Bestellen Sie Weed online, diese einheimischen Sorten.\" \/>\n<meta property=\"og:url\" content=\"https:\/\/medicinasinc.com\/de\/product\/kaufen-nepalesisches-stick-hash\/\" \/>\n<meta property=\"og:site_name\" content=\"Medicinas Inc\" \/>\n<meta property=\"article:modified_time\" content=\"2022-03-18T00:44:32+00:00\" \/>\n<meta property=\"og:image\" content=\"https:\/\/medicinasinc.com\/de\/wp-content\/uploads\/sites\/6\/2022\/02\/Buy-Nepalese-Stick-Hash.jpg\" \/>\n\t<meta property=\"og:image:width\" content=\"600\" \/>\n\t<meta property=\"og:image:height\" content=\"600\" \/>\n\t<meta property=\"og:image:type\" content=\"image\/jpeg\" \/>\n<meta name=\"twitter:card\" content=\"summary_large_image\" \/>\n<meta name=\"twitter:label1\" content=\"Gesch\u00e4tzte Lesezeit\" \/>\n\t<meta name=\"twitter:data1\" content=\"2\u00a0Minuten\" \/>\n<script type=\"application\/ld+json\" class=\"yoast-schema-graph\">{\"@context\":\"https:\\\/\\\/schema.org\",\"@graph\":[{\"@type\":\"WebPage\",\"@id\":\"https:\\\/\\\/medicinasinc.com\\\/de\\\/product\\\/kaufen-nepalesisches-stick-hash\\\/\",\"url\":\"https:\\\/\\\/medicinasinc.com\\\/de\\\/product\\\/kaufen-nepalesisches-stick-hash\\\/\",\"name\":\"Kaufen Sie Nepalese Stick Hash - Best Best Global Meds\",\"isPartOf\":{\"@id\":\"https:\\\/\\\/medicinasinc.com\\\/de\\\/#website\"},\"primaryImageOfPage\":{\"@id\":\"https:\\\/\\\/medicinasinc.com\\\/de\\\/product\\\/kaufen-nepalesisches-stick-hash\\\/#primaryimage\"},\"image\":{\"@id\":\"https:\\\/\\\/medicinasinc.com\\\/de\\\/product\\\/kaufen-nepalesisches-stick-hash\\\/#primaryimage\"},\"thumbnailUrl\":\"https:\\\/\\\/medicinasinc.com\\\/de\\\/wp-content\\\/uploads\\\/sites\\\/6\\\/2022\\\/02\\\/Buy-Nepalese-Stick-Hash.jpg\",\"datePublished\":\"2022-02-20T15:05:15+00:00\",\"dateModified\":\"2022-03-18T00:44:32+00:00\",\"description\":\"Kaufen Sie Nepalese Stick Hash Online Nepalese bezieht sich auf jede Sorte, die naiv in der Region Nepal w\u00e4chst. Bestellen Sie Weed online, diese einheimischen Sorten.\",\"breadcrumb\":{\"@id\":\"https:\\\/\\\/medicinasinc.com\\\/de\\\/product\\\/kaufen-nepalesisches-stick-hash\\\/#breadcrumb\"},\"inLanguage\":\"de\",\"potentialAction\":[{\"@type\":\"ReadAction\",\"target\":[\"https:\\\/\\\/medicinasinc.com\\\/de\\\/product\\\/kaufen-nepalesisches-stick-hash\\\/\"]}]},{\"@type\":\"ImageObject\",\"inLanguage\":\"de\",\"@id\":\"https:\\\/\\\/medicinasinc.com\\\/de\\\/product\\\/kaufen-nepalesisches-stick-hash\\\/#primaryimage\",\"url\":\"https:\\\/\\\/medicinasinc.com\\\/de\\\/wp-content\\\/uploads\\\/sites\\\/6\\\/2022\\\/02\\\/Buy-Nepalese-Stick-Hash.jpg\",\"contentUrl\":\"https:\\\/\\\/medicinasinc.com\\\/de\\\/wp-content\\\/uploads\\\/sites\\\/6\\\/2022\\\/02\\\/Buy-Nepalese-Stick-Hash.jpg\",\"width\":600,\"height\":600},{\"@type\":\"BreadcrumbList\",\"@id\":\"https:\\\/\\\/medicinasinc.com\\\/de\\\/product\\\/kaufen-nepalesisches-stick-hash\\\/#breadcrumb\",\"itemListElement\":[{\"@type\":\"ListItem\",\"position\":1,\"name\":\"Einkaufen\",\"item\":\"https:\\\/\\\/medicinasinc.com\\\/de\\\/einkaufen\\\/\"},{\"@type\":\"ListItem\",\"position\":2,\"name\":\"Kaufen Sie nepalesisches Stick-Haschisch\"}]},{\"@type\":\"WebSite\",\"@id\":\"https:\\\/\\\/medicinasinc.com\\\/de\\\/#website\",\"url\":\"https:\\\/\\\/medicinasinc.com\\\/de\\\/\",\"name\":\"Medicinas Inc\",\"description\":\"Health Medical Clinic\",\"potentialAction\":[{\"@type\":\"SearchAction\",\"target\":{\"@type\":\"EntryPoint\",\"urlTemplate\":\"https:\\\/\\\/medicinasinc.com\\\/de\\\/?s={search_term_string}\"},\"query-input\":{\"@type\":\"PropertyValueSpecification\",\"valueRequired\":true,\"valueName\":\"search_term_string\"}}],\"inLanguage\":\"de\"}]}<\/script>\n<!-- \/ Yoast SEO plugin. -->","yoast_head_json":{"title":"Kaufen Sie Nepalese Stick Hash - Best Best Global Meds","description":"Kaufen Sie Nepalese Stick Hash Online Nepalese bezieht sich auf jede Sorte, die naiv in der Region Nepal w\u00e4chst. Bestellen Sie Weed online, diese einheimischen Sorten.","robots":{"index":"index","follow":"follow","max-snippet":"max-snippet:-1","max-image-preview":"max-image-preview:large","max-video-preview":"max-video-preview:-1"},"canonical":"https:\/\/medicinasinc.com\/de\/product\/kaufen-nepalesisches-stick-hash\/","og_locale":"de_DE","og_type":"article","og_title":"Kaufen Sie Nepalese Stick Hash - Best Best Global Meds","og_description":"Kaufen Sie Nepalese Stick Hash Online Nepalese bezieht sich auf jede Sorte, die naiv in der Region Nepal w\u00e4chst. Bestellen Sie Weed online, diese einheimischen Sorten.","og_url":"https:\/\/medicinasinc.com\/de\/product\/kaufen-nepalesisches-stick-hash\/","og_site_name":"Medicinas Inc","article_modified_time":"2022-03-18T00:44:32+00:00","og_image":[{"width":600,"height":600,"url":"https:\/\/medicinasinc.com\/de\/wp-content\/uploads\/sites\/6\/2022\/02\/Buy-Nepalese-Stick-Hash.jpg","type":"image\/jpeg"}],"twitter_card":"summary_large_image","twitter_misc":{"Gesch\u00e4tzte Lesezeit":"2\u00a0Minuten"},"schema":{"@context":"https:\/\/schema.org","@graph":[{"@type":"WebPage","@id":"https:\/\/medicinasinc.com\/de\/product\/kaufen-nepalesisches-stick-hash\/","url":"https:\/\/medicinasinc.com\/de\/product\/kaufen-nepalesisches-stick-hash\/","name":"Kaufen Sie Nepalese Stick Hash - Best Best Global Meds","isPartOf":{"@id":"https:\/\/medicinasinc.com\/de\/#website"},"primaryImageOfPage":{"@id":"https:\/\/medicinasinc.com\/de\/product\/kaufen-nepalesisches-stick-hash\/#primaryimage"},"image":{"@id":"https:\/\/medicinasinc.com\/de\/product\/kaufen-nepalesisches-stick-hash\/#primaryimage"},"thumbnailUrl":"https:\/\/medicinasinc.com\/de\/wp-content\/uploads\/sites\/6\/2022\/02\/Buy-Nepalese-Stick-Hash.jpg","datePublished":"2022-02-20T15:05:15+00:00","dateModified":"2022-03-18T00:44:32+00:00","description":"Kaufen Sie Nepalese Stick Hash Online Nepalese bezieht sich auf jede Sorte, die naiv in der Region Nepal w\u00e4chst. Bestellen Sie Weed online, diese einheimischen Sorten.","breadcrumb":{"@id":"https:\/\/medicinasinc.com\/de\/product\/kaufen-nepalesisches-stick-hash\/#breadcrumb"},"inLanguage":"de","potentialAction":[{"@type":"ReadAction","target":["https:\/\/medicinasinc.com\/de\/product\/kaufen-nepalesisches-stick-hash\/"]}]},{"@type":"ImageObject","inLanguage":"de","@id":"https:\/\/medicinasinc.com\/de\/product\/kaufen-nepalesisches-stick-hash\/#primaryimage","url":"https:\/\/medicinasinc.com\/de\/wp-content\/uploads\/sites\/6\/2022\/02\/Buy-Nepalese-Stick-Hash.jpg","contentUrl":"https:\/\/medicinasinc.com\/de\/wp-content\/uploads\/sites\/6\/2022\/02\/Buy-Nepalese-Stick-Hash.jpg","width":600,"height":600},{"@type":"BreadcrumbList","@id":"https:\/\/medicinasinc.com\/de\/product\/kaufen-nepalesisches-stick-hash\/#breadcrumb","itemListElement":[{"@type":"ListItem","position":1,"name":"Einkaufen","item":"https:\/\/medicinasinc.com\/de\/einkaufen\/"},{"@type":"ListItem","position":2,"name":"Kaufen Sie nepalesisches Stick-Haschisch"}]},{"@type":"WebSite","@id":"https:\/\/medicinasinc.com\/de\/#website","url":"https:\/\/medicinasinc.com\/de\/","name":"Medicinas Inc","description":"Health Medical Clinic","potentialAction":[{"@type":"SearchAction","target":{"@type":"EntryPoint","urlTemplate":"https:\/\/medicinasinc.com\/de\/?s={search_term_string}"},"query-input":{"@type":"PropertyValueSpecification","valueRequired":true,"valueName":"search_term_string"}}],"inLanguage":"de"}]}},"_links":{"self":[{"href":"https:\/\/medicinasinc.com\/de\/wp-json\/wp\/v2\/product\/4717","targetHints":{"allow":["GET"]}}],"collection":[{"href":"https:\/\/medicinasinc.com\/de\/wp-json\/wp\/v2\/product"}],"about":[{"href":"https:\/\/medicinasinc.com\/de\/wp-json\/wp\/v2\/types\/product"}],"replies":[{"embeddable":true,"href":"https:\/\/medicinasinc.com\/de\/wp-json\/wp\/v2\/comments?post=4717"}],"wp:featuredmedia":[{"embeddable":true,"href":"https:\/\/medicinasinc.com\/de\/wp-json\/wp\/v2\/media\/4730"}],"wp:attachment":[{"href":"https:\/\/medicinasinc.com\/de\/wp-json\/wp\/v2\/media?parent=4717"}],"wp:term":[{"taxonomy":"product_brand","embeddable":true,"href":"https:\/\/medicinasinc.com\/de\/wp-json\/wp\/v2\/product_brand?post=4717"},{"taxonomy":"product_cat","embeddable":true,"href":"https:\/\/medicinasinc.com\/de\/wp-json\/wp\/v2\/product_cat?post=4717"},{"taxonomy":"product_tag","embeddable":true,"href":"https:\/\/medicinasinc.com\/de\/wp-json\/wp\/v2\/product_tag?post=4717"}],"curies":[{"name":"wp","href":"https:\/\/api.w.org\/{rel}","templated":true}]}}