{"id":4716,"date":"2022-02-20T15:05:01","date_gmt":"2022-02-20T15:05:01","guid":{"rendered":"https:\/\/medicinasinc.com\/de\/?post_type=product&#038;p=4716"},"modified":"2022-03-18T00:44:47","modified_gmt":"2022-03-18T00:44:47","slug":"kaufen-nederhash-haschisch","status":"publish","type":"product","link":"https:\/\/medicinasinc.com\/de\/product\/kaufen-nederhash-haschisch\/","title":{"rendered":"Nederhash Haschisch kaufen"},"content":{"rendered":"<p>Online-Kauf von Nederhash Haschisch<\/p>\n<p>Was genau ist ein Haschisch? Haschisch wird aus Cannabispflanzen gewonnen, die in den Niederlanden angebaut werden. Pflanzen werden normalerweise in Innenr\u00e4umen angebaut, aber es gibt auch einige Outdoor- und Gew\u00e4chshausentwicklungen. Generation: Die Montagetechniken variieren je nach Hersteller. W\u00e4hrend der Gro\u00dfteil des Haschischs durch Screening geliefert wird, wie es in Marokko der Fall ist, wird auch eine kleine Menge von handgewaschenem Haschisch nach der afghanischen Strategie (die offensichtlich erheblich verbessert ist) produziert. In jedem Fall wird nur eine Spurenmenge des Weeds in Haschisch ver\u00e4ndert. Schattierung: Im Allgemeinen sehr gr\u00fcn, aber dies variiert je nach Art des verwendeten Weeds und Herstellers. Geruch: Typischerweise grasig oder skunkig, aber dies h\u00e4ngt von der Art des Weeds ab. Geschmack: Identisch mit dem zuvor genannten. Konsistenz: Ein gro\u00dfer Teil des holl\u00e4ndischen Haschischs wird nicht genau gepresst (das ist handwerkliches K\u00f6nnen), und die Schnauzen werden typischerweise zu effektiv getrennt. Auf jeden Fall hat sich die Konsistenz in letzter Zeit verbessert, und sie scheinen sich schnell anzupassen. Offensichtlich bezieht sich das Vorhergehende nicht auf handgereinigtes Haschisch, das extrem empfindlich ist, \u00e4hnlich wie Afghani. Typischerweise besteht Haschisch aus weiblichen K\u00f6pfen, die zertr\u00fcmmert und unter enormen Belastungen zusammengedr\u00fcckt wurden, um eine starke Unregelm\u00e4\u00dfigkeit zu erzeugen, die vollst\u00e4ndig zerf\u00e4llt. Die Art des Highs variiert je nach verwendeter Weed-Sorte, aber zum gr\u00f6\u00dften Teil ist das High sehr dynamisch und zerebral. Intensit\u00e4t: Von stark bis stark, dieses Material \u00fcbertrifft jede andere Art von Haschisch, die dem durchschnittlichen Benutzer zur Verf\u00fcgung steht. Es \u00fcbertrifft sogar die Mehrheit der Nepalesen und fast jeden wohlwollenden Afghanen. (Enth\u00e4lt bis zu 59 Prozent THC) Verf\u00fcgbarkeit: \u00c4u\u00dferst selten au\u00dferhalb der Niederlande und der Nachbarl\u00e4nder. Ich w\u00fcrde nicht den Atem anhalten, wenn ich darauf warte, dass dies auf dem britischen Markt erscheint. Im Allgemeinen variiert die Qualit\u00e4t, aber die Kosten sind immer hoch. Es gibt keine Standardklassifikation f\u00fcr das Dutch Hash. Sensi-Hash ist der Name f\u00fcr das au\u00dfergew\u00f6hnliche Pulver, das im Wesentlichen aus sehr dicht gepackten THC-Edelsteinen besteht.<\/p>\n<p>Wie entsteht Haschisch?<\/p>\n<p>Der gr\u00f6\u00dfte Teil des Haschischs wird durch Reiben getrockneter Pflanzen hergestellt gegen ein sehr feines Netz. Danach fallen die Trichome durch das Sieb und trennen sie vom Pflanzenmaterial. Die Harzdr\u00fcsen werden dann erhitzt und komprimiert, um eine koh\u00e4sive Haschischmasse zu bilden.<\/p>\n<p>Haschisch vs. Marihuana?<\/p>\n<p>Zun\u00e4chst einmal ist die offensichtliche Verbindung zwischen Marihuana und Haschisch, dass beide abgeleitet sind von derselben Cannabispflanze. Wie Sie wahrscheinlich bereits wissen, ist Pot die Bl\u00fctenknospe der weiblichen Cannabispflanze. Haschischkraut besteht aus den gleichen Knospen wie Marihuana, wird aber anders verarbeitet. W\u00e4hrend eine Cannabispflanze in voller Bl\u00fcte steht, werden die Bl\u00fctenknospen geerntet, und ein Landwirt wird dann in eine von zwei Richtungen vorgehen. Bei Haschisch werden die Bl\u00fcten zum Trocknen aufgeh\u00e4ngt. Das resultierende Produkt ist die Pflanze, mit der wir alle vertraut sind, nachdem jeder Samen, Fr\u00fchling und \u00fcbersch\u00fcssiges Blatt entfernt wurde. Es liegt ganz bei Ihnen, ob Sie Marihuana oder Haschisch bevorzugen, aber der einzige Weg, um Zugang zu allen Vorteilen von Cannabis zu erhalten, ist die pers\u00f6nliche Aufkl\u00e4rung. Informieren Sie sich vor dem Rauchen und abonnieren Sie wie immer unseren Newsletter f\u00fcr weitere Tipps und Tricks!<\/p>\n<p>Was genau ist Haschisch?<\/p>\n<p>Was ist eine Haschisch-Substanz? Haschisch, alternativ als \u201eHaschisch\u201c bezeichnet, ist eine Art Marihuana-Knospe, die durch Komprimieren und Verarbeiten der Trichome der Cannabispflanze entsteht. Es wird normalerweise in einer Pfeife, Bong, einem Verdampfer oder einem Joint geraucht, kann aber auch oral konsumiert werden. Wie wird Haschisch hergestellt? Online-Kauf von Nederhash Haschisch, Haschisch wird hergestellt, indem diese Trichome von den Knospen, Bl\u00e4ttern und St\u00e4ngeln der Pflanze getrennt und erhitzt\/gepresst werden, um eine starke Substanz zu erzeugen.<\/p>\n<p>Wie dreht man einen Joint mit Haschisch?<\/p>\n<p> p&gt; <\/p>\n<p>Kombiniere es mit Gras und Tabak in einem Spliff. Wenn Sie einen Trockenblock haben, k\u00f6nnen Sie ihn einfach zerdr\u00fccken oder kleine Kieselsteine \u200b\u200b\u200b\u200babbrechen und in Ihren Joint-Roller einarbeiten. Kombinieren Sie es mit Tabak oder Marihuana. Die zweite Methode impliziert ein intensiveres High, nach dem Du wahrscheinlich Ausschau halten wirst wenn Sie ein Abenteuersucher sind. Der beste Weg, einen Hasch-Joint zu drehen, besteht darin, das Hasch aufzubrechen und mit Gras zu kombinieren. Dies ist wirklich die beste Art, Haschisch zu rauchen, da es leicht zu teilen ist und der Haschischgeschmack den Doobie verst\u00e4rkt. Ist Haschisch in den Vereinigten Staaten legal? Obwohl der Verkauf von Cannabis 1989 verboten wurde, werden Gesetze selten durchgesetzt, und die Droge wird in vielen Teilen des Landes offen verkauft. Barbados, legal f\u00fcr den spirituellen Gebrauch durch registrierte religi\u00f6se Organisationen<\/p>\n<p>Was sind die Haschischeffekte?<\/p>\n<p>Kurzfristig kann Haschischkonsum zu Ged\u00e4chtnis- und Lernschwierigkeiten f\u00fchren; verzerrte Wahrnehmung (Bilder, Ger\u00e4usche, Zeit, Ber\u00fchrung); Schwierigkeiten beim Denken und Probleml\u00f6sen; Verlust der Koordination; und erh\u00f6hte Herzfrequenz, Angst und Panikattacken. Aufgrund der hohen THC-Konzentration in Haschisch und anderen Konzentraten k\u00f6nnen die Wirkungen intensiver sein.<\/p>\n<p>Bubble Hash ist ein Cannabiskonzentrat, das aus Tausenden von Trichomen oder Harzdr\u00fcsen besteht, die aus dem extrahiert wurden Pflanze unter Verwendung von Eiswasser, R\u00fchren und einem Sieb. Der Begriff &#8222;Bubble Hash&#8220; bezieht sich auf die Art und Weise, wie es sprudelt, wenn es einer Flamme ausgesetzt wird. Au\u00dferdem werden die T\u00fcten, die f\u00fcr die Herstellung zu Hause verwendet werden, als \u201eBlasenbeutel\u201c bezeichnet.<\/p>\n<p>Hash Plant, ein Klassiker von Sensi Seeds, bleibt w\u00e4hrend ihrer ultrakurzen Bl\u00fctezeit kompakt. Dieses zu 90\u00a0% aus Indien stammende Produkt ist das Ergebnis sorgf\u00e4ltiger genetischer Selektion, zu der auch die Kreuzung der r\u00e4tselhaften Hash Plant aus den Vereinigten Staaten mit Northern Lights geh\u00f6rte.<\/p>\n","protected":false},"excerpt":{"rendered":"<p>Online-Kauf von Nederhash Haschisch, medizinisches Marihuana in Deutschland kaufen Wo kann ich illegale Drogen online kaufen? Online-Apotheken in meiner N\u00e4he Arzneimittelverk\u00e4ufe im Dark Web.<\/p>\n<p>&nbsp;<\/p>\n","protected":false},"featured_media":4728,"comment_status":"open","ping_status":"closed","template":"","meta":[],"product_brand":[],"product_cat":[610],"product_tag":[],"class_list":{"0":"post-4716","1":"product","2":"type-product","3":"status-publish","4":"has-post-thumbnail","6":"product_cat-kaufen-sie-haschisch-haschisch","8":"first","9":"instock","10":"shipping-taxable","11":"purchasable","12":"product-type-variable","13":"has-default-attributes"},"yoast_head":"<!-- This site is optimized with the Yoast SEO plugin v27.3 - https:\/\/yoast.com\/product\/yoast-seo-wordpress\/ -->\n<title>Kaufen Sie Nederhash Haschisch - die besten besten globalen Medikamente<\/title>\n<meta name=\"description\" content=\"Kaufen Sie Nederhash Haschisch online Kaufen Sie medizinisches Unkraut in Deutschland Wo Sie illegale Drogen online kaufen k\u00f6nnen Drogen zum Verkauf online in meiner N\u00e4he Drogen von Dark Web-Verk\u00e4ufen.\" \/>\n<meta name=\"robots\" content=\"index, follow, max-snippet:-1, max-image-preview:large, max-video-preview:-1\" \/>\n<link rel=\"canonical\" href=\"https:\/\/medicinasinc.com\/de\/product\/kaufen-nederhash-haschisch\/\" \/>\n<meta property=\"og:locale\" content=\"de_DE\" \/>\n<meta property=\"og:type\" content=\"article\" \/>\n<meta property=\"og:title\" content=\"Kaufen Sie Nederhash Haschisch - die besten besten globalen Medikamente\" \/>\n<meta property=\"og:description\" content=\"Kaufen Sie Nederhash Haschisch online Kaufen Sie medizinisches Unkraut in Deutschland Wo Sie illegale Drogen online kaufen k\u00f6nnen Drogen zum Verkauf online in meiner N\u00e4he Drogen von Dark Web-Verk\u00e4ufen.\" \/>\n<meta property=\"og:url\" content=\"https:\/\/medicinasinc.com\/de\/product\/kaufen-nederhash-haschisch\/\" \/>\n<meta property=\"og:site_name\" content=\"Medicinas Inc\" \/>\n<meta property=\"article:modified_time\" content=\"2022-03-18T00:44:47+00:00\" \/>\n<meta property=\"og:image\" content=\"https:\/\/medicinasinc.com\/de\/wp-content\/uploads\/sites\/6\/2022\/02\/Buy-Nederhash-Hashish-Online.jpg\" \/>\n\t<meta property=\"og:image:width\" content=\"600\" \/>\n\t<meta property=\"og:image:height\" content=\"600\" \/>\n\t<meta property=\"og:image:type\" content=\"image\/jpeg\" \/>\n<meta name=\"twitter:card\" content=\"summary_large_image\" \/>\n<meta name=\"twitter:label1\" content=\"Gesch\u00e4tzte Lesezeit\" \/>\n\t<meta name=\"twitter:data1\" content=\"4\u00a0Minuten\" \/>\n<script type=\"application\/ld+json\" class=\"yoast-schema-graph\">{\"@context\":\"https:\\\/\\\/schema.org\",\"@graph\":[{\"@type\":\"WebPage\",\"@id\":\"https:\\\/\\\/medicinasinc.com\\\/de\\\/product\\\/kaufen-nederhash-haschisch\\\/\",\"url\":\"https:\\\/\\\/medicinasinc.com\\\/de\\\/product\\\/kaufen-nederhash-haschisch\\\/\",\"name\":\"Kaufen Sie Nederhash Haschisch - die besten besten globalen Medikamente\",\"isPartOf\":{\"@id\":\"https:\\\/\\\/medicinasinc.com\\\/de\\\/#website\"},\"primaryImageOfPage\":{\"@id\":\"https:\\\/\\\/medicinasinc.com\\\/de\\\/product\\\/kaufen-nederhash-haschisch\\\/#primaryimage\"},\"image\":{\"@id\":\"https:\\\/\\\/medicinasinc.com\\\/de\\\/product\\\/kaufen-nederhash-haschisch\\\/#primaryimage\"},\"thumbnailUrl\":\"https:\\\/\\\/medicinasinc.com\\\/de\\\/wp-content\\\/uploads\\\/sites\\\/6\\\/2022\\\/02\\\/Buy-Nederhash-Hashish-Online.jpg\",\"datePublished\":\"2022-02-20T15:05:01+00:00\",\"dateModified\":\"2022-03-18T00:44:47+00:00\",\"description\":\"Kaufen Sie Nederhash Haschisch online Kaufen Sie medizinisches Unkraut in Deutschland Wo Sie illegale Drogen online kaufen k\u00f6nnen Drogen zum Verkauf online in meiner N\u00e4he Drogen von Dark Web-Verk\u00e4ufen.\",\"breadcrumb\":{\"@id\":\"https:\\\/\\\/medicinasinc.com\\\/de\\\/product\\\/kaufen-nederhash-haschisch\\\/#breadcrumb\"},\"inLanguage\":\"de\",\"potentialAction\":[{\"@type\":\"ReadAction\",\"target\":[\"https:\\\/\\\/medicinasinc.com\\\/de\\\/product\\\/kaufen-nederhash-haschisch\\\/\"]}]},{\"@type\":\"ImageObject\",\"inLanguage\":\"de\",\"@id\":\"https:\\\/\\\/medicinasinc.com\\\/de\\\/product\\\/kaufen-nederhash-haschisch\\\/#primaryimage\",\"url\":\"https:\\\/\\\/medicinasinc.com\\\/de\\\/wp-content\\\/uploads\\\/sites\\\/6\\\/2022\\\/02\\\/Buy-Nederhash-Hashish-Online.jpg\",\"contentUrl\":\"https:\\\/\\\/medicinasinc.com\\\/de\\\/wp-content\\\/uploads\\\/sites\\\/6\\\/2022\\\/02\\\/Buy-Nederhash-Hashish-Online.jpg\",\"width\":600,\"height\":600},{\"@type\":\"BreadcrumbList\",\"@id\":\"https:\\\/\\\/medicinasinc.com\\\/de\\\/product\\\/kaufen-nederhash-haschisch\\\/#breadcrumb\",\"itemListElement\":[{\"@type\":\"ListItem\",\"position\":1,\"name\":\"Einkaufen\",\"item\":\"https:\\\/\\\/medicinasinc.com\\\/de\\\/einkaufen\\\/\"},{\"@type\":\"ListItem\",\"position\":2,\"name\":\"Nederhash Haschisch kaufen\"}]},{\"@type\":\"WebSite\",\"@id\":\"https:\\\/\\\/medicinasinc.com\\\/de\\\/#website\",\"url\":\"https:\\\/\\\/medicinasinc.com\\\/de\\\/\",\"name\":\"Medicinas Inc\",\"description\":\"Health Medical Clinic\",\"potentialAction\":[{\"@type\":\"SearchAction\",\"target\":{\"@type\":\"EntryPoint\",\"urlTemplate\":\"https:\\\/\\\/medicinasinc.com\\\/de\\\/?s={search_term_string}\"},\"query-input\":{\"@type\":\"PropertyValueSpecification\",\"valueRequired\":true,\"valueName\":\"search_term_string\"}}],\"inLanguage\":\"de\"}]}<\/script>\n<!-- \/ Yoast SEO plugin. -->","yoast_head_json":{"title":"Kaufen Sie Nederhash Haschisch - die besten besten globalen Medikamente","description":"Kaufen Sie Nederhash Haschisch online Kaufen Sie medizinisches Unkraut in Deutschland Wo Sie illegale Drogen online kaufen k\u00f6nnen Drogen zum Verkauf online in meiner N\u00e4he Drogen von Dark Web-Verk\u00e4ufen.","robots":{"index":"index","follow":"follow","max-snippet":"max-snippet:-1","max-image-preview":"max-image-preview:large","max-video-preview":"max-video-preview:-1"},"canonical":"https:\/\/medicinasinc.com\/de\/product\/kaufen-nederhash-haschisch\/","og_locale":"de_DE","og_type":"article","og_title":"Kaufen Sie Nederhash Haschisch - die besten besten globalen Medikamente","og_description":"Kaufen Sie Nederhash Haschisch online Kaufen Sie medizinisches Unkraut in Deutschland Wo Sie illegale Drogen online kaufen k\u00f6nnen Drogen zum Verkauf online in meiner N\u00e4he Drogen von Dark Web-Verk\u00e4ufen.","og_url":"https:\/\/medicinasinc.com\/de\/product\/kaufen-nederhash-haschisch\/","og_site_name":"Medicinas Inc","article_modified_time":"2022-03-18T00:44:47+00:00","og_image":[{"width":600,"height":600,"url":"https:\/\/medicinasinc.com\/de\/wp-content\/uploads\/sites\/6\/2022\/02\/Buy-Nederhash-Hashish-Online.jpg","type":"image\/jpeg"}],"twitter_card":"summary_large_image","twitter_misc":{"Gesch\u00e4tzte Lesezeit":"4\u00a0Minuten"},"schema":{"@context":"https:\/\/schema.org","@graph":[{"@type":"WebPage","@id":"https:\/\/medicinasinc.com\/de\/product\/kaufen-nederhash-haschisch\/","url":"https:\/\/medicinasinc.com\/de\/product\/kaufen-nederhash-haschisch\/","name":"Kaufen Sie Nederhash Haschisch - die besten besten globalen Medikamente","isPartOf":{"@id":"https:\/\/medicinasinc.com\/de\/#website"},"primaryImageOfPage":{"@id":"https:\/\/medicinasinc.com\/de\/product\/kaufen-nederhash-haschisch\/#primaryimage"},"image":{"@id":"https:\/\/medicinasinc.com\/de\/product\/kaufen-nederhash-haschisch\/#primaryimage"},"thumbnailUrl":"https:\/\/medicinasinc.com\/de\/wp-content\/uploads\/sites\/6\/2022\/02\/Buy-Nederhash-Hashish-Online.jpg","datePublished":"2022-02-20T15:05:01+00:00","dateModified":"2022-03-18T00:44:47+00:00","description":"Kaufen Sie Nederhash Haschisch online Kaufen Sie medizinisches Unkraut in Deutschland Wo Sie illegale Drogen online kaufen k\u00f6nnen Drogen zum Verkauf online in meiner N\u00e4he Drogen von Dark Web-Verk\u00e4ufen.","breadcrumb":{"@id":"https:\/\/medicinasinc.com\/de\/product\/kaufen-nederhash-haschisch\/#breadcrumb"},"inLanguage":"de","potentialAction":[{"@type":"ReadAction","target":["https:\/\/medicinasinc.com\/de\/product\/kaufen-nederhash-haschisch\/"]}]},{"@type":"ImageObject","inLanguage":"de","@id":"https:\/\/medicinasinc.com\/de\/product\/kaufen-nederhash-haschisch\/#primaryimage","url":"https:\/\/medicinasinc.com\/de\/wp-content\/uploads\/sites\/6\/2022\/02\/Buy-Nederhash-Hashish-Online.jpg","contentUrl":"https:\/\/medicinasinc.com\/de\/wp-content\/uploads\/sites\/6\/2022\/02\/Buy-Nederhash-Hashish-Online.jpg","width":600,"height":600},{"@type":"BreadcrumbList","@id":"https:\/\/medicinasinc.com\/de\/product\/kaufen-nederhash-haschisch\/#breadcrumb","itemListElement":[{"@type":"ListItem","position":1,"name":"Einkaufen","item":"https:\/\/medicinasinc.com\/de\/einkaufen\/"},{"@type":"ListItem","position":2,"name":"Nederhash Haschisch kaufen"}]},{"@type":"WebSite","@id":"https:\/\/medicinasinc.com\/de\/#website","url":"https:\/\/medicinasinc.com\/de\/","name":"Medicinas Inc","description":"Health Medical Clinic","potentialAction":[{"@type":"SearchAction","target":{"@type":"EntryPoint","urlTemplate":"https:\/\/medicinasinc.com\/de\/?s={search_term_string}"},"query-input":{"@type":"PropertyValueSpecification","valueRequired":true,"valueName":"search_term_string"}}],"inLanguage":"de"}]}},"_links":{"self":[{"href":"https:\/\/medicinasinc.com\/de\/wp-json\/wp\/v2\/product\/4716","targetHints":{"allow":["GET"]}}],"collection":[{"href":"https:\/\/medicinasinc.com\/de\/wp-json\/wp\/v2\/product"}],"about":[{"href":"https:\/\/medicinasinc.com\/de\/wp-json\/wp\/v2\/types\/product"}],"replies":[{"embeddable":true,"href":"https:\/\/medicinasinc.com\/de\/wp-json\/wp\/v2\/comments?post=4716"}],"wp:featuredmedia":[{"embeddable":true,"href":"https:\/\/medicinasinc.com\/de\/wp-json\/wp\/v2\/media\/4728"}],"wp:attachment":[{"href":"https:\/\/medicinasinc.com\/de\/wp-json\/wp\/v2\/media?parent=4716"}],"wp:term":[{"taxonomy":"product_brand","embeddable":true,"href":"https:\/\/medicinasinc.com\/de\/wp-json\/wp\/v2\/product_brand?post=4716"},{"taxonomy":"product_cat","embeddable":true,"href":"https:\/\/medicinasinc.com\/de\/wp-json\/wp\/v2\/product_cat?post=4716"},{"taxonomy":"product_tag","embeddable":true,"href":"https:\/\/medicinasinc.com\/de\/wp-json\/wp\/v2\/product_tag?post=4716"}],"curies":[{"name":"wp","href":"https:\/\/api.w.org\/{rel}","templated":true}]}}