{"id":4701,"date":"2022-02-20T14:53:39","date_gmt":"2022-02-20T14:53:39","guid":{"rendered":"https:\/\/medicinasinc.com\/de\/?post_type=product&#038;p=4701"},"modified":"2022-03-18T00:44:56","modified_gmt":"2022-03-18T00:44:56","slug":"marokkanisches-karamell-haschisch-kaufen","status":"publish","type":"product","link":"https:\/\/medicinasinc.com\/de\/product\/marokkanisches-karamell-haschisch-kaufen\/","title":{"rendered":"Kaufen Sie marokkanisches Caramello Hash"},"content":{"rendered":"<p>Kaufen Sie Caramello Hash aus Marokko<\/p>\n<p>Kaufen Sie Caramello Hash aus Marokko. Moroccan Caramello Hash ist ein Klon der Haschpflanze. Es ist im Allgemeinen legal und wird bis zum Ende der Zeit legal bleiben. Es ist frei von THC, technisch hergestellten Cannabinoiden und anderen synthetischen Cannabinoiden in Forschungsqualit\u00e4t (wie JWH-018, JWH-073, JWH-250, AM-2209 usw.). Es ist mit ziemlicher Sicherheit das beste legale Hash, das es gibt. Wir verwenden nur nat\u00fcrliche, n\u00e4hrstoffreiche Materialien. Es scheint, dass Hasch wie Hasch aussieht, sich wie Hasch anf\u00fchlt, wie Hanf riecht und insgesamt einen ausgezeichneten Geschmack hat. Moroccan Caramello Hash Haschisch ist nur geringf\u00fcgig dunkler als unsere anderen Produkte. Wenn Sie neugierig auf unsere Produkte sind, empfehlen wir Ihnen, zuerst ein Beispielpaket zu kaufen. Kaufen Sie legale Medikamente online.<\/p>\n","protected":false},"excerpt":{"rendered":"<div class=\"woocommerce-product-details__short-description\">\n<p>Marokkanisches Caramello Hash ist online erh\u00e4ltlich und enth\u00e4lt 5 g \u00e4therisches Hanf\u00f6l. Moroccan Caramello Hash ist ein vollkommen nat\u00fcrliches Cannabisprodukt.<\/p>\n<p>WIR AKZEPTIEREN NUR ZAHLUNGEN PER WESTERN UNION, MONEY GRAM ODER BTC. Die Lieferzeit betr\u00e4gt ungef\u00e4hr drei Tage oder vierundzwanzig Stunden.<\/p>\n<\/p><\/div>\n","protected":false},"featured_media":4714,"comment_status":"open","ping_status":"closed","template":"","meta":[],"product_brand":[],"product_cat":[610],"product_tag":[],"class_list":{"0":"post-4701","1":"product","2":"type-product","3":"status-publish","4":"has-post-thumbnail","6":"product_cat-kaufen-sie-haschisch-haschisch","8":"first","9":"instock","10":"shipping-taxable","11":"purchasable","12":"product-type-variable","13":"has-default-attributes"},"yoast_head":"<!-- This site is optimized with the Yoast SEO plugin v27.3 - https:\/\/yoast.com\/product\/yoast-seo-wordpress\/ -->\n<title>Kaufen Sie marokkanisches Caramello Hash - Best Best Global Meds<\/title>\n<meta name=\"description\" content=\"Kaufen Sie marokkanisches Caramello-Haschisch online, es enth\u00e4lt 5 g \u00e4therisches Hanf\u00f6l. Moroccan Caramello Hash ist ein 100 % nat\u00fcrliches Haschprodukt.\" \/>\n<meta name=\"robots\" content=\"index, follow, max-snippet:-1, max-image-preview:large, max-video-preview:-1\" \/>\n<link rel=\"canonical\" href=\"https:\/\/medicinasinc.com\/de\/product\/marokkanisches-karamell-haschisch-kaufen\/\" \/>\n<meta property=\"og:locale\" content=\"de_DE\" \/>\n<meta property=\"og:type\" content=\"article\" \/>\n<meta property=\"og:title\" content=\"Kaufen Sie marokkanisches Caramello Hash - Best Best Global Meds\" \/>\n<meta property=\"og:description\" content=\"Kaufen Sie marokkanisches Caramello-Haschisch online, es enth\u00e4lt 5 g \u00e4therisches Hanf\u00f6l. Moroccan Caramello Hash ist ein 100 % nat\u00fcrliches Haschprodukt.\" \/>\n<meta property=\"og:url\" content=\"https:\/\/medicinasinc.com\/de\/product\/marokkanisches-karamell-haschisch-kaufen\/\" \/>\n<meta property=\"og:site_name\" content=\"Medicinas Inc\" \/>\n<meta property=\"article:modified_time\" content=\"2022-03-18T00:44:56+00:00\" \/>\n<meta property=\"og:image\" content=\"https:\/\/medicinasinc.com\/de\/wp-content\/uploads\/sites\/6\/2022\/02\/Buy-Moroccan-Caramello-Hash.jpg\" \/>\n\t<meta property=\"og:image:width\" content=\"600\" \/>\n\t<meta property=\"og:image:height\" content=\"600\" \/>\n\t<meta property=\"og:image:type\" content=\"image\/jpeg\" \/>\n<meta name=\"twitter:card\" content=\"summary_large_image\" \/>\n<meta name=\"twitter:label1\" content=\"Gesch\u00e4tzte Lesezeit\" \/>\n\t<meta name=\"twitter:data1\" content=\"1\u00a0Minute\" \/>\n<script type=\"application\/ld+json\" class=\"yoast-schema-graph\">{\"@context\":\"https:\\\/\\\/schema.org\",\"@graph\":[{\"@type\":\"WebPage\",\"@id\":\"https:\\\/\\\/medicinasinc.com\\\/de\\\/product\\\/marokkanisches-karamell-haschisch-kaufen\\\/\",\"url\":\"https:\\\/\\\/medicinasinc.com\\\/de\\\/product\\\/marokkanisches-karamell-haschisch-kaufen\\\/\",\"name\":\"Kaufen Sie marokkanisches Caramello Hash - Best Best Global Meds\",\"isPartOf\":{\"@id\":\"https:\\\/\\\/medicinasinc.com\\\/de\\\/#website\"},\"primaryImageOfPage\":{\"@id\":\"https:\\\/\\\/medicinasinc.com\\\/de\\\/product\\\/marokkanisches-karamell-haschisch-kaufen\\\/#primaryimage\"},\"image\":{\"@id\":\"https:\\\/\\\/medicinasinc.com\\\/de\\\/product\\\/marokkanisches-karamell-haschisch-kaufen\\\/#primaryimage\"},\"thumbnailUrl\":\"https:\\\/\\\/medicinasinc.com\\\/de\\\/wp-content\\\/uploads\\\/sites\\\/6\\\/2022\\\/02\\\/Buy-Moroccan-Caramello-Hash.jpg\",\"datePublished\":\"2022-02-20T14:53:39+00:00\",\"dateModified\":\"2022-03-18T00:44:56+00:00\",\"description\":\"Kaufen Sie marokkanisches Caramello-Haschisch online, es enth\u00e4lt 5 g \u00e4therisches Hanf\u00f6l. Moroccan Caramello Hash ist ein 100 % nat\u00fcrliches Haschprodukt.\",\"breadcrumb\":{\"@id\":\"https:\\\/\\\/medicinasinc.com\\\/de\\\/product\\\/marokkanisches-karamell-haschisch-kaufen\\\/#breadcrumb\"},\"inLanguage\":\"de\",\"potentialAction\":[{\"@type\":\"ReadAction\",\"target\":[\"https:\\\/\\\/medicinasinc.com\\\/de\\\/product\\\/marokkanisches-karamell-haschisch-kaufen\\\/\"]}]},{\"@type\":\"ImageObject\",\"inLanguage\":\"de\",\"@id\":\"https:\\\/\\\/medicinasinc.com\\\/de\\\/product\\\/marokkanisches-karamell-haschisch-kaufen\\\/#primaryimage\",\"url\":\"https:\\\/\\\/medicinasinc.com\\\/de\\\/wp-content\\\/uploads\\\/sites\\\/6\\\/2022\\\/02\\\/Buy-Moroccan-Caramello-Hash.jpg\",\"contentUrl\":\"https:\\\/\\\/medicinasinc.com\\\/de\\\/wp-content\\\/uploads\\\/sites\\\/6\\\/2022\\\/02\\\/Buy-Moroccan-Caramello-Hash.jpg\",\"width\":600,\"height\":600},{\"@type\":\"BreadcrumbList\",\"@id\":\"https:\\\/\\\/medicinasinc.com\\\/de\\\/product\\\/marokkanisches-karamell-haschisch-kaufen\\\/#breadcrumb\",\"itemListElement\":[{\"@type\":\"ListItem\",\"position\":1,\"name\":\"Einkaufen\",\"item\":\"https:\\\/\\\/medicinasinc.com\\\/de\\\/einkaufen\\\/\"},{\"@type\":\"ListItem\",\"position\":2,\"name\":\"Kaufen Sie marokkanisches Caramello Hash\"}]},{\"@type\":\"WebSite\",\"@id\":\"https:\\\/\\\/medicinasinc.com\\\/de\\\/#website\",\"url\":\"https:\\\/\\\/medicinasinc.com\\\/de\\\/\",\"name\":\"Medicinas Inc\",\"description\":\"Health Medical Clinic\",\"potentialAction\":[{\"@type\":\"SearchAction\",\"target\":{\"@type\":\"EntryPoint\",\"urlTemplate\":\"https:\\\/\\\/medicinasinc.com\\\/de\\\/?s={search_term_string}\"},\"query-input\":{\"@type\":\"PropertyValueSpecification\",\"valueRequired\":true,\"valueName\":\"search_term_string\"}}],\"inLanguage\":\"de\"}]}<\/script>\n<!-- \/ Yoast SEO plugin. -->","yoast_head_json":{"title":"Kaufen Sie marokkanisches Caramello Hash - Best Best Global Meds","description":"Kaufen Sie marokkanisches Caramello-Haschisch online, es enth\u00e4lt 5 g \u00e4therisches Hanf\u00f6l. Moroccan Caramello Hash ist ein 100 % nat\u00fcrliches Haschprodukt.","robots":{"index":"index","follow":"follow","max-snippet":"max-snippet:-1","max-image-preview":"max-image-preview:large","max-video-preview":"max-video-preview:-1"},"canonical":"https:\/\/medicinasinc.com\/de\/product\/marokkanisches-karamell-haschisch-kaufen\/","og_locale":"de_DE","og_type":"article","og_title":"Kaufen Sie marokkanisches Caramello Hash - Best Best Global Meds","og_description":"Kaufen Sie marokkanisches Caramello-Haschisch online, es enth\u00e4lt 5 g \u00e4therisches Hanf\u00f6l. Moroccan Caramello Hash ist ein 100 % nat\u00fcrliches Haschprodukt.","og_url":"https:\/\/medicinasinc.com\/de\/product\/marokkanisches-karamell-haschisch-kaufen\/","og_site_name":"Medicinas Inc","article_modified_time":"2022-03-18T00:44:56+00:00","og_image":[{"width":600,"height":600,"url":"https:\/\/medicinasinc.com\/de\/wp-content\/uploads\/sites\/6\/2022\/02\/Buy-Moroccan-Caramello-Hash.jpg","type":"image\/jpeg"}],"twitter_card":"summary_large_image","twitter_misc":{"Gesch\u00e4tzte Lesezeit":"1\u00a0Minute"},"schema":{"@context":"https:\/\/schema.org","@graph":[{"@type":"WebPage","@id":"https:\/\/medicinasinc.com\/de\/product\/marokkanisches-karamell-haschisch-kaufen\/","url":"https:\/\/medicinasinc.com\/de\/product\/marokkanisches-karamell-haschisch-kaufen\/","name":"Kaufen Sie marokkanisches Caramello Hash - Best Best Global Meds","isPartOf":{"@id":"https:\/\/medicinasinc.com\/de\/#website"},"primaryImageOfPage":{"@id":"https:\/\/medicinasinc.com\/de\/product\/marokkanisches-karamell-haschisch-kaufen\/#primaryimage"},"image":{"@id":"https:\/\/medicinasinc.com\/de\/product\/marokkanisches-karamell-haschisch-kaufen\/#primaryimage"},"thumbnailUrl":"https:\/\/medicinasinc.com\/de\/wp-content\/uploads\/sites\/6\/2022\/02\/Buy-Moroccan-Caramello-Hash.jpg","datePublished":"2022-02-20T14:53:39+00:00","dateModified":"2022-03-18T00:44:56+00:00","description":"Kaufen Sie marokkanisches Caramello-Haschisch online, es enth\u00e4lt 5 g \u00e4therisches Hanf\u00f6l. Moroccan Caramello Hash ist ein 100 % nat\u00fcrliches Haschprodukt.","breadcrumb":{"@id":"https:\/\/medicinasinc.com\/de\/product\/marokkanisches-karamell-haschisch-kaufen\/#breadcrumb"},"inLanguage":"de","potentialAction":[{"@type":"ReadAction","target":["https:\/\/medicinasinc.com\/de\/product\/marokkanisches-karamell-haschisch-kaufen\/"]}]},{"@type":"ImageObject","inLanguage":"de","@id":"https:\/\/medicinasinc.com\/de\/product\/marokkanisches-karamell-haschisch-kaufen\/#primaryimage","url":"https:\/\/medicinasinc.com\/de\/wp-content\/uploads\/sites\/6\/2022\/02\/Buy-Moroccan-Caramello-Hash.jpg","contentUrl":"https:\/\/medicinasinc.com\/de\/wp-content\/uploads\/sites\/6\/2022\/02\/Buy-Moroccan-Caramello-Hash.jpg","width":600,"height":600},{"@type":"BreadcrumbList","@id":"https:\/\/medicinasinc.com\/de\/product\/marokkanisches-karamell-haschisch-kaufen\/#breadcrumb","itemListElement":[{"@type":"ListItem","position":1,"name":"Einkaufen","item":"https:\/\/medicinasinc.com\/de\/einkaufen\/"},{"@type":"ListItem","position":2,"name":"Kaufen Sie marokkanisches Caramello Hash"}]},{"@type":"WebSite","@id":"https:\/\/medicinasinc.com\/de\/#website","url":"https:\/\/medicinasinc.com\/de\/","name":"Medicinas Inc","description":"Health Medical Clinic","potentialAction":[{"@type":"SearchAction","target":{"@type":"EntryPoint","urlTemplate":"https:\/\/medicinasinc.com\/de\/?s={search_term_string}"},"query-input":{"@type":"PropertyValueSpecification","valueRequired":true,"valueName":"search_term_string"}}],"inLanguage":"de"}]}},"_links":{"self":[{"href":"https:\/\/medicinasinc.com\/de\/wp-json\/wp\/v2\/product\/4701","targetHints":{"allow":["GET"]}}],"collection":[{"href":"https:\/\/medicinasinc.com\/de\/wp-json\/wp\/v2\/product"}],"about":[{"href":"https:\/\/medicinasinc.com\/de\/wp-json\/wp\/v2\/types\/product"}],"replies":[{"embeddable":true,"href":"https:\/\/medicinasinc.com\/de\/wp-json\/wp\/v2\/comments?post=4701"}],"wp:featuredmedia":[{"embeddable":true,"href":"https:\/\/medicinasinc.com\/de\/wp-json\/wp\/v2\/media\/4714"}],"wp:attachment":[{"href":"https:\/\/medicinasinc.com\/de\/wp-json\/wp\/v2\/media?parent=4701"}],"wp:term":[{"taxonomy":"product_brand","embeddable":true,"href":"https:\/\/medicinasinc.com\/de\/wp-json\/wp\/v2\/product_brand?post=4701"},{"taxonomy":"product_cat","embeddable":true,"href":"https:\/\/medicinasinc.com\/de\/wp-json\/wp\/v2\/product_cat?post=4701"},{"taxonomy":"product_tag","embeddable":true,"href":"https:\/\/medicinasinc.com\/de\/wp-json\/wp\/v2\/product_tag?post=4701"}],"curies":[{"name":"wp","href":"https:\/\/api.w.org\/{rel}","templated":true}]}}