{"id":4700,"date":"2022-02-20T14:53:18","date_gmt":"2022-02-20T14:53:18","guid":{"rendered":"https:\/\/medicinasinc.com\/de\/?post_type=product&#038;p=4700"},"modified":"2022-08-03T08:48:18","modified_gmt":"2022-08-03T08:48:18","slug":"marokkanisches-primero-hash-kaufen","status":"publish","type":"product","link":"https:\/\/medicinasinc.com\/de\/product\/marokkanisches-primero-hash-kaufen\/","title":{"rendered":"Kaufen Sie marokkanisches Primero Hash"},"content":{"rendered":"<p>Marokkanisches Primo-Hasch kaufen<\/p>\n<p>Marokkanisches Primo-Hasch kaufen. Moroccan Primero Hash ist ein respektabler Klon von Haschisch. Es ist im Allgemeinen legal und wird bis zum Ende der Zeit legal bleiben. Es ist frei von THC, synthetischen Cannabinoiden und anderen Forschungskunststoffen (wie JWH-018, JWH-073, JWH-250, AM-2209 usw.). Es ist vermutlich der beste verf\u00fcgbare legale Haschisch-Klon. Wir verwenden nur nat\u00fcrliche, n\u00e4hrstoffreiche Materialien. Es scheint, dass Hasch wie Hasch aussieht, sich wie Hasch anf\u00fchlt, wie Hanf riecht und einen fantastischen Geschmack hat. Marokkanisches Primero-Haschisch ist nur geringf\u00fcgig dunkler als unsere anderen Produkte. Wenn Sie neugierig auf unsere Produkte sind, empfehlen wir Ihnen, zuerst ein Beispielpaket zu kaufen. Kaufen Sie mehr unserer legalen Hash-Clone-Artikel, um Geld zu sparen.<\/p>\n","protected":false},"excerpt":{"rendered":"<div class=\"woocommerce-product-details__short-description\">\n<p>kaufen Sie marokkanisches Premiero-Haschisch online bei medicinasinc.com mit schneller weltweiter Lieferung. Hochwertiges marokkanisches Hasch zum Verkauf. Jetzt einkaufen.<\/p>\n<\/div>\n","protected":false},"featured_media":4712,"comment_status":"open","ping_status":"closed","template":"","meta":[],"product_brand":[],"product_cat":[610],"product_tag":[683,684,687,688,686,685],"class_list":{"0":"post-4700","1":"product","2":"type-product","3":"status-publish","4":"has-post-thumbnail","6":"product_cat-kaufen-sie-haschisch-haschisch","7":"product_tag-kaufen-kaufen-bubble-hash-online","8":"product_tag-kaufen-cannabis-kokosl","9":"product_tag-hallen-erdbeer-hustenbonbons","10":"product_tag-honig-marokkaner-blond-haschisch","11":"product_tag-nepalesische-tempelblle-kaufen","12":"product_tag-maroc-karamell-online-kaufen","14":"first","15":"instock","16":"shipping-taxable","17":"purchasable","18":"product-type-variable","19":"has-default-attributes"},"yoast_head":"<!-- This site is optimized with the Yoast SEO plugin v27.3 - https:\/\/yoast.com\/product\/yoast-seo-wordpress\/ -->\n<title>Kaufen Sie marokkanisches Primero Hash - Best Best Global Meds<\/title>\n<meta name=\"description\" content=\"Kaufen Sie marokkanisches Premiero-Haschisch online bei medicinasinc.com mit schneller weltweiter Lieferung. Hochwertiges marokkanisches Hasch zum Verkauf. Jetzt einkaufen.\" \/>\n<meta name=\"robots\" content=\"index, follow, max-snippet:-1, max-image-preview:large, max-video-preview:-1\" \/>\n<link rel=\"canonical\" href=\"https:\/\/medicinasinc.com\/de\/product\/marokkanisches-primero-hash-kaufen\/\" \/>\n<meta property=\"og:locale\" content=\"de_DE\" \/>\n<meta property=\"og:type\" content=\"article\" \/>\n<meta property=\"og:title\" content=\"Kaufen Sie marokkanisches Primero Hash - Best Best Global Meds\" \/>\n<meta property=\"og:description\" content=\"Kaufen Sie marokkanisches Premiero-Haschisch online bei medicinasinc.com mit schneller weltweiter Lieferung. Hochwertiges marokkanisches Hasch zum Verkauf. Jetzt einkaufen.\" \/>\n<meta property=\"og:url\" content=\"https:\/\/medicinasinc.com\/de\/product\/marokkanisches-primero-hash-kaufen\/\" \/>\n<meta property=\"og:site_name\" content=\"Medicinas Inc\" \/>\n<meta property=\"article:modified_time\" content=\"2022-08-03T08:48:18+00:00\" \/>\n<meta property=\"og:image\" content=\"https:\/\/medicinasinc.com\/de\/wp-content\/uploads\/sites\/6\/2022\/02\/Buy-Moroccan-Primero-Hash.jpg\" \/>\n\t<meta property=\"og:image:width\" content=\"600\" \/>\n\t<meta property=\"og:image:height\" content=\"600\" \/>\n\t<meta property=\"og:image:type\" content=\"image\/jpeg\" \/>\n<meta name=\"twitter:card\" content=\"summary_large_image\" \/>\n<meta name=\"twitter:label1\" content=\"Gesch\u00e4tzte Lesezeit\" \/>\n\t<meta name=\"twitter:data1\" content=\"1\u00a0Minute\" \/>\n<script type=\"application\/ld+json\" class=\"yoast-schema-graph\">{\"@context\":\"https:\\\/\\\/schema.org\",\"@graph\":[{\"@type\":\"WebPage\",\"@id\":\"https:\\\/\\\/medicinasinc.com\\\/de\\\/product\\\/marokkanisches-primero-hash-kaufen\\\/\",\"url\":\"https:\\\/\\\/medicinasinc.com\\\/de\\\/product\\\/marokkanisches-primero-hash-kaufen\\\/\",\"name\":\"Kaufen Sie marokkanisches Primero Hash - Best Best Global Meds\",\"isPartOf\":{\"@id\":\"https:\\\/\\\/medicinasinc.com\\\/de\\\/#website\"},\"primaryImageOfPage\":{\"@id\":\"https:\\\/\\\/medicinasinc.com\\\/de\\\/product\\\/marokkanisches-primero-hash-kaufen\\\/#primaryimage\"},\"image\":{\"@id\":\"https:\\\/\\\/medicinasinc.com\\\/de\\\/product\\\/marokkanisches-primero-hash-kaufen\\\/#primaryimage\"},\"thumbnailUrl\":\"https:\\\/\\\/medicinasinc.com\\\/de\\\/wp-content\\\/uploads\\\/sites\\\/6\\\/2022\\\/02\\\/Buy-Moroccan-Primero-Hash.jpg\",\"datePublished\":\"2022-02-20T14:53:18+00:00\",\"dateModified\":\"2022-08-03T08:48:18+00:00\",\"description\":\"Kaufen Sie marokkanisches Premiero-Haschisch online bei medicinasinc.com mit schneller weltweiter Lieferung. Hochwertiges marokkanisches Hasch zum Verkauf. Jetzt einkaufen.\",\"breadcrumb\":{\"@id\":\"https:\\\/\\\/medicinasinc.com\\\/de\\\/product\\\/marokkanisches-primero-hash-kaufen\\\/#breadcrumb\"},\"inLanguage\":\"de\",\"potentialAction\":[{\"@type\":\"ReadAction\",\"target\":[\"https:\\\/\\\/medicinasinc.com\\\/de\\\/product\\\/marokkanisches-primero-hash-kaufen\\\/\"]}]},{\"@type\":\"ImageObject\",\"inLanguage\":\"de\",\"@id\":\"https:\\\/\\\/medicinasinc.com\\\/de\\\/product\\\/marokkanisches-primero-hash-kaufen\\\/#primaryimage\",\"url\":\"https:\\\/\\\/medicinasinc.com\\\/de\\\/wp-content\\\/uploads\\\/sites\\\/6\\\/2022\\\/02\\\/Buy-Moroccan-Primero-Hash.jpg\",\"contentUrl\":\"https:\\\/\\\/medicinasinc.com\\\/de\\\/wp-content\\\/uploads\\\/sites\\\/6\\\/2022\\\/02\\\/Buy-Moroccan-Primero-Hash.jpg\",\"width\":600,\"height\":600},{\"@type\":\"BreadcrumbList\",\"@id\":\"https:\\\/\\\/medicinasinc.com\\\/de\\\/product\\\/marokkanisches-primero-hash-kaufen\\\/#breadcrumb\",\"itemListElement\":[{\"@type\":\"ListItem\",\"position\":1,\"name\":\"Einkaufen\",\"item\":\"https:\\\/\\\/medicinasinc.com\\\/de\\\/einkaufen\\\/\"},{\"@type\":\"ListItem\",\"position\":2,\"name\":\"Kaufen Sie marokkanisches Primero Hash\"}]},{\"@type\":\"WebSite\",\"@id\":\"https:\\\/\\\/medicinasinc.com\\\/de\\\/#website\",\"url\":\"https:\\\/\\\/medicinasinc.com\\\/de\\\/\",\"name\":\"Medicinas Inc\",\"description\":\"Health Medical Clinic\",\"potentialAction\":[{\"@type\":\"SearchAction\",\"target\":{\"@type\":\"EntryPoint\",\"urlTemplate\":\"https:\\\/\\\/medicinasinc.com\\\/de\\\/?s={search_term_string}\"},\"query-input\":{\"@type\":\"PropertyValueSpecification\",\"valueRequired\":true,\"valueName\":\"search_term_string\"}}],\"inLanguage\":\"de\"}]}<\/script>\n<!-- \/ Yoast SEO plugin. -->","yoast_head_json":{"title":"Kaufen Sie marokkanisches Primero Hash - Best Best Global Meds","description":"Kaufen Sie marokkanisches Premiero-Haschisch online bei medicinasinc.com mit schneller weltweiter Lieferung. Hochwertiges marokkanisches Hasch zum Verkauf. Jetzt einkaufen.","robots":{"index":"index","follow":"follow","max-snippet":"max-snippet:-1","max-image-preview":"max-image-preview:large","max-video-preview":"max-video-preview:-1"},"canonical":"https:\/\/medicinasinc.com\/de\/product\/marokkanisches-primero-hash-kaufen\/","og_locale":"de_DE","og_type":"article","og_title":"Kaufen Sie marokkanisches Primero Hash - Best Best Global Meds","og_description":"Kaufen Sie marokkanisches Premiero-Haschisch online bei medicinasinc.com mit schneller weltweiter Lieferung. Hochwertiges marokkanisches Hasch zum Verkauf. Jetzt einkaufen.","og_url":"https:\/\/medicinasinc.com\/de\/product\/marokkanisches-primero-hash-kaufen\/","og_site_name":"Medicinas Inc","article_modified_time":"2022-08-03T08:48:18+00:00","og_image":[{"width":600,"height":600,"url":"https:\/\/medicinasinc.com\/de\/wp-content\/uploads\/sites\/6\/2022\/02\/Buy-Moroccan-Primero-Hash.jpg","type":"image\/jpeg"}],"twitter_card":"summary_large_image","twitter_misc":{"Gesch\u00e4tzte Lesezeit":"1\u00a0Minute"},"schema":{"@context":"https:\/\/schema.org","@graph":[{"@type":"WebPage","@id":"https:\/\/medicinasinc.com\/de\/product\/marokkanisches-primero-hash-kaufen\/","url":"https:\/\/medicinasinc.com\/de\/product\/marokkanisches-primero-hash-kaufen\/","name":"Kaufen Sie marokkanisches Primero Hash - Best Best Global Meds","isPartOf":{"@id":"https:\/\/medicinasinc.com\/de\/#website"},"primaryImageOfPage":{"@id":"https:\/\/medicinasinc.com\/de\/product\/marokkanisches-primero-hash-kaufen\/#primaryimage"},"image":{"@id":"https:\/\/medicinasinc.com\/de\/product\/marokkanisches-primero-hash-kaufen\/#primaryimage"},"thumbnailUrl":"https:\/\/medicinasinc.com\/de\/wp-content\/uploads\/sites\/6\/2022\/02\/Buy-Moroccan-Primero-Hash.jpg","datePublished":"2022-02-20T14:53:18+00:00","dateModified":"2022-08-03T08:48:18+00:00","description":"Kaufen Sie marokkanisches Premiero-Haschisch online bei medicinasinc.com mit schneller weltweiter Lieferung. Hochwertiges marokkanisches Hasch zum Verkauf. Jetzt einkaufen.","breadcrumb":{"@id":"https:\/\/medicinasinc.com\/de\/product\/marokkanisches-primero-hash-kaufen\/#breadcrumb"},"inLanguage":"de","potentialAction":[{"@type":"ReadAction","target":["https:\/\/medicinasinc.com\/de\/product\/marokkanisches-primero-hash-kaufen\/"]}]},{"@type":"ImageObject","inLanguage":"de","@id":"https:\/\/medicinasinc.com\/de\/product\/marokkanisches-primero-hash-kaufen\/#primaryimage","url":"https:\/\/medicinasinc.com\/de\/wp-content\/uploads\/sites\/6\/2022\/02\/Buy-Moroccan-Primero-Hash.jpg","contentUrl":"https:\/\/medicinasinc.com\/de\/wp-content\/uploads\/sites\/6\/2022\/02\/Buy-Moroccan-Primero-Hash.jpg","width":600,"height":600},{"@type":"BreadcrumbList","@id":"https:\/\/medicinasinc.com\/de\/product\/marokkanisches-primero-hash-kaufen\/#breadcrumb","itemListElement":[{"@type":"ListItem","position":1,"name":"Einkaufen","item":"https:\/\/medicinasinc.com\/de\/einkaufen\/"},{"@type":"ListItem","position":2,"name":"Kaufen Sie marokkanisches Primero Hash"}]},{"@type":"WebSite","@id":"https:\/\/medicinasinc.com\/de\/#website","url":"https:\/\/medicinasinc.com\/de\/","name":"Medicinas Inc","description":"Health Medical Clinic","potentialAction":[{"@type":"SearchAction","target":{"@type":"EntryPoint","urlTemplate":"https:\/\/medicinasinc.com\/de\/?s={search_term_string}"},"query-input":{"@type":"PropertyValueSpecification","valueRequired":true,"valueName":"search_term_string"}}],"inLanguage":"de"}]}},"_links":{"self":[{"href":"https:\/\/medicinasinc.com\/de\/wp-json\/wp\/v2\/product\/4700","targetHints":{"allow":["GET"]}}],"collection":[{"href":"https:\/\/medicinasinc.com\/de\/wp-json\/wp\/v2\/product"}],"about":[{"href":"https:\/\/medicinasinc.com\/de\/wp-json\/wp\/v2\/types\/product"}],"replies":[{"embeddable":true,"href":"https:\/\/medicinasinc.com\/de\/wp-json\/wp\/v2\/comments?post=4700"}],"wp:featuredmedia":[{"embeddable":true,"href":"https:\/\/medicinasinc.com\/de\/wp-json\/wp\/v2\/media\/4712"}],"wp:attachment":[{"href":"https:\/\/medicinasinc.com\/de\/wp-json\/wp\/v2\/media?parent=4700"}],"wp:term":[{"taxonomy":"product_brand","embeddable":true,"href":"https:\/\/medicinasinc.com\/de\/wp-json\/wp\/v2\/product_brand?post=4700"},{"taxonomy":"product_cat","embeddable":true,"href":"https:\/\/medicinasinc.com\/de\/wp-json\/wp\/v2\/product_cat?post=4700"},{"taxonomy":"product_tag","embeddable":true,"href":"https:\/\/medicinasinc.com\/de\/wp-json\/wp\/v2\/product_tag?post=4700"}],"curies":[{"name":"wp","href":"https:\/\/api.w.org\/{rel}","templated":true}]}}