{"id":4684,"date":"2022-02-20T14:40:34","date_gmt":"2022-02-20T14:40:34","guid":{"rendered":"https:\/\/medicinasinc.com\/de\/?post_type=product&#038;p=4684"},"modified":"2022-03-18T00:50:05","modified_gmt":"2022-03-18T00:50:05","slug":"kaufen-mercedez-libanon-hash","status":"publish","type":"product","link":"https:\/\/medicinasinc.com\/de\/product\/kaufen-mercedez-libanon-hash\/","title":{"rendered":"Kaufen Sie Mercedez Libanon Hash"},"content":{"rendered":"<p>Haschisch wird seit Tausenden von Jahren verwendet, seit Menschen das seltsame klebrige Nebenprodukt der Cannabispflanze entdeckt haben. Hasch enth\u00e4lt oft etwa 40 % THC und kann geraucht oder zum Kochen\/Esswaren verwendet werden. F\u00fcr manche Cannabis-Enthusiasten machen der reichhaltige aromatische Geruch und Geschmack von Hasch es zu einem einzigartigen Genuss. Es ist bequem zu lagern, zu transportieren und zu verwenden. In den 1980er Jahren wurde Haschisch aus mehreren gro\u00dfen Produktionsgebieten (Nepal, Indien, Pakistan und Afghanistan) mit einem einzigartigen Siegel auf jedem Block exportiert, und es wurde vor dem Export h\u00e4ufig in eine rote oder goldene Verpackung eingewickelt.<\/p>\n","protected":false},"excerpt":{"rendered":"<p>Mercedes libanesisches Hasch zum Verkauf im Vereinigten K\u00f6nigreich und in Europa ist leicht aromatisch, mit Gew\u00fcrznoten und einem erdigen Geschmacksprofil. Es hat eine sehr formbare, weiche Konsistenz.<\/p>\n<p>Black Mercedes ist ein aus dem Libanon importiertes Mittelklasse-Haschisch. Es hat ein dunkelbraunes \u00c4u\u00dferes und ein hellbraunes Inneres und ein mild-aromatisches Geschmacksprofil mit Gew\u00fcrznoten und einem erdigen Geschmacksprofil. Es hat eine weiche, formbare Konsistenz, die es extrem einfach zu verarbeiten macht, noch mehr, wenn es erhitzt wird.<\/p>\n","protected":false},"featured_media":4696,"comment_status":"open","ping_status":"closed","template":"","meta":[],"product_brand":[],"product_cat":[610],"product_tag":[],"class_list":{"0":"post-4684","1":"product","2":"type-product","3":"status-publish","4":"has-post-thumbnail","6":"product_cat-kaufen-sie-haschisch-haschisch","8":"first","9":"instock","10":"shipping-taxable","11":"purchasable","12":"product-type-variable","13":"has-default-attributes"},"yoast_head":"<!-- This site is optimized with the Yoast SEO plugin v27.3 - https:\/\/yoast.com\/product\/yoast-seo-wordpress\/ -->\n<title>Kaufen Sie Mercedez Libanon Hash - Best Best Global Meds<\/title>\n<meta name=\"description\" content=\"Kaufen Sie Mercedes Lebanese Hash UK, Europe ist leicht aromatisch, mit Gew\u00fcrznoten und einem erdigen Geschmacksprofil. Es hat eine recht weiche, formbare Konsistenz.\" \/>\n<meta name=\"robots\" content=\"index, follow, max-snippet:-1, max-image-preview:large, max-video-preview:-1\" \/>\n<link rel=\"canonical\" href=\"https:\/\/medicinasinc.com\/de\/product\/kaufen-mercedez-libanon-hash\/\" \/>\n<meta property=\"og:locale\" content=\"de_DE\" \/>\n<meta property=\"og:type\" content=\"article\" \/>\n<meta property=\"og:title\" content=\"Kaufen Sie Mercedez Libanon Hash - Best Best Global Meds\" \/>\n<meta property=\"og:description\" content=\"Kaufen Sie Mercedes Lebanese Hash UK, Europe ist leicht aromatisch, mit Gew\u00fcrznoten und einem erdigen Geschmacksprofil. Es hat eine recht weiche, formbare Konsistenz.\" \/>\n<meta property=\"og:url\" content=\"https:\/\/medicinasinc.com\/de\/product\/kaufen-mercedez-libanon-hash\/\" \/>\n<meta property=\"og:site_name\" content=\"Medicinas Inc\" \/>\n<meta property=\"article:modified_time\" content=\"2022-03-18T00:50:05+00:00\" \/>\n<meta property=\"og:image\" content=\"https:\/\/medicinasinc.com\/de\/wp-content\/uploads\/sites\/6\/2022\/02\/Buy-Mercedez-Lebanon-Hash.jpg\" \/>\n\t<meta property=\"og:image:width\" content=\"600\" \/>\n\t<meta property=\"og:image:height\" content=\"600\" \/>\n\t<meta property=\"og:image:type\" content=\"image\/jpeg\" \/>\n<meta name=\"twitter:card\" content=\"summary_large_image\" \/>\n<meta name=\"twitter:label1\" content=\"Gesch\u00e4tzte Lesezeit\" \/>\n\t<meta name=\"twitter:data1\" content=\"1\u00a0Minute\" \/>\n<script type=\"application\/ld+json\" class=\"yoast-schema-graph\">{\"@context\":\"https:\\\/\\\/schema.org\",\"@graph\":[{\"@type\":\"WebPage\",\"@id\":\"https:\\\/\\\/medicinasinc.com\\\/de\\\/product\\\/kaufen-mercedez-libanon-hash\\\/\",\"url\":\"https:\\\/\\\/medicinasinc.com\\\/de\\\/product\\\/kaufen-mercedez-libanon-hash\\\/\",\"name\":\"Kaufen Sie Mercedez Libanon Hash - Best Best Global Meds\",\"isPartOf\":{\"@id\":\"https:\\\/\\\/medicinasinc.com\\\/de\\\/#website\"},\"primaryImageOfPage\":{\"@id\":\"https:\\\/\\\/medicinasinc.com\\\/de\\\/product\\\/kaufen-mercedez-libanon-hash\\\/#primaryimage\"},\"image\":{\"@id\":\"https:\\\/\\\/medicinasinc.com\\\/de\\\/product\\\/kaufen-mercedez-libanon-hash\\\/#primaryimage\"},\"thumbnailUrl\":\"https:\\\/\\\/medicinasinc.com\\\/de\\\/wp-content\\\/uploads\\\/sites\\\/6\\\/2022\\\/02\\\/Buy-Mercedez-Lebanon-Hash.jpg\",\"datePublished\":\"2022-02-20T14:40:34+00:00\",\"dateModified\":\"2022-03-18T00:50:05+00:00\",\"description\":\"Kaufen Sie Mercedes Lebanese Hash UK, Europe ist leicht aromatisch, mit Gew\u00fcrznoten und einem erdigen Geschmacksprofil. Es hat eine recht weiche, formbare Konsistenz.\",\"breadcrumb\":{\"@id\":\"https:\\\/\\\/medicinasinc.com\\\/de\\\/product\\\/kaufen-mercedez-libanon-hash\\\/#breadcrumb\"},\"inLanguage\":\"de\",\"potentialAction\":[{\"@type\":\"ReadAction\",\"target\":[\"https:\\\/\\\/medicinasinc.com\\\/de\\\/product\\\/kaufen-mercedez-libanon-hash\\\/\"]}]},{\"@type\":\"ImageObject\",\"inLanguage\":\"de\",\"@id\":\"https:\\\/\\\/medicinasinc.com\\\/de\\\/product\\\/kaufen-mercedez-libanon-hash\\\/#primaryimage\",\"url\":\"https:\\\/\\\/medicinasinc.com\\\/de\\\/wp-content\\\/uploads\\\/sites\\\/6\\\/2022\\\/02\\\/Buy-Mercedez-Lebanon-Hash.jpg\",\"contentUrl\":\"https:\\\/\\\/medicinasinc.com\\\/de\\\/wp-content\\\/uploads\\\/sites\\\/6\\\/2022\\\/02\\\/Buy-Mercedez-Lebanon-Hash.jpg\",\"width\":600,\"height\":600},{\"@type\":\"BreadcrumbList\",\"@id\":\"https:\\\/\\\/medicinasinc.com\\\/de\\\/product\\\/kaufen-mercedez-libanon-hash\\\/#breadcrumb\",\"itemListElement\":[{\"@type\":\"ListItem\",\"position\":1,\"name\":\"Einkaufen\",\"item\":\"https:\\\/\\\/medicinasinc.com\\\/de\\\/einkaufen\\\/\"},{\"@type\":\"ListItem\",\"position\":2,\"name\":\"Kaufen Sie Mercedez Libanon Hash\"}]},{\"@type\":\"WebSite\",\"@id\":\"https:\\\/\\\/medicinasinc.com\\\/de\\\/#website\",\"url\":\"https:\\\/\\\/medicinasinc.com\\\/de\\\/\",\"name\":\"Medicinas Inc\",\"description\":\"Health Medical Clinic\",\"potentialAction\":[{\"@type\":\"SearchAction\",\"target\":{\"@type\":\"EntryPoint\",\"urlTemplate\":\"https:\\\/\\\/medicinasinc.com\\\/de\\\/?s={search_term_string}\"},\"query-input\":{\"@type\":\"PropertyValueSpecification\",\"valueRequired\":true,\"valueName\":\"search_term_string\"}}],\"inLanguage\":\"de\"}]}<\/script>\n<!-- \/ Yoast SEO plugin. -->","yoast_head_json":{"title":"Kaufen Sie Mercedez Libanon Hash - Best Best Global Meds","description":"Kaufen Sie Mercedes Lebanese Hash UK, Europe ist leicht aromatisch, mit Gew\u00fcrznoten und einem erdigen Geschmacksprofil. Es hat eine recht weiche, formbare Konsistenz.","robots":{"index":"index","follow":"follow","max-snippet":"max-snippet:-1","max-image-preview":"max-image-preview:large","max-video-preview":"max-video-preview:-1"},"canonical":"https:\/\/medicinasinc.com\/de\/product\/kaufen-mercedez-libanon-hash\/","og_locale":"de_DE","og_type":"article","og_title":"Kaufen Sie Mercedez Libanon Hash - Best Best Global Meds","og_description":"Kaufen Sie Mercedes Lebanese Hash UK, Europe ist leicht aromatisch, mit Gew\u00fcrznoten und einem erdigen Geschmacksprofil. Es hat eine recht weiche, formbare Konsistenz.","og_url":"https:\/\/medicinasinc.com\/de\/product\/kaufen-mercedez-libanon-hash\/","og_site_name":"Medicinas Inc","article_modified_time":"2022-03-18T00:50:05+00:00","og_image":[{"width":600,"height":600,"url":"https:\/\/medicinasinc.com\/de\/wp-content\/uploads\/sites\/6\/2022\/02\/Buy-Mercedez-Lebanon-Hash.jpg","type":"image\/jpeg"}],"twitter_card":"summary_large_image","twitter_misc":{"Gesch\u00e4tzte Lesezeit":"1\u00a0Minute"},"schema":{"@context":"https:\/\/schema.org","@graph":[{"@type":"WebPage","@id":"https:\/\/medicinasinc.com\/de\/product\/kaufen-mercedez-libanon-hash\/","url":"https:\/\/medicinasinc.com\/de\/product\/kaufen-mercedez-libanon-hash\/","name":"Kaufen Sie Mercedez Libanon Hash - Best Best Global Meds","isPartOf":{"@id":"https:\/\/medicinasinc.com\/de\/#website"},"primaryImageOfPage":{"@id":"https:\/\/medicinasinc.com\/de\/product\/kaufen-mercedez-libanon-hash\/#primaryimage"},"image":{"@id":"https:\/\/medicinasinc.com\/de\/product\/kaufen-mercedez-libanon-hash\/#primaryimage"},"thumbnailUrl":"https:\/\/medicinasinc.com\/de\/wp-content\/uploads\/sites\/6\/2022\/02\/Buy-Mercedez-Lebanon-Hash.jpg","datePublished":"2022-02-20T14:40:34+00:00","dateModified":"2022-03-18T00:50:05+00:00","description":"Kaufen Sie Mercedes Lebanese Hash UK, Europe ist leicht aromatisch, mit Gew\u00fcrznoten und einem erdigen Geschmacksprofil. Es hat eine recht weiche, formbare Konsistenz.","breadcrumb":{"@id":"https:\/\/medicinasinc.com\/de\/product\/kaufen-mercedez-libanon-hash\/#breadcrumb"},"inLanguage":"de","potentialAction":[{"@type":"ReadAction","target":["https:\/\/medicinasinc.com\/de\/product\/kaufen-mercedez-libanon-hash\/"]}]},{"@type":"ImageObject","inLanguage":"de","@id":"https:\/\/medicinasinc.com\/de\/product\/kaufen-mercedez-libanon-hash\/#primaryimage","url":"https:\/\/medicinasinc.com\/de\/wp-content\/uploads\/sites\/6\/2022\/02\/Buy-Mercedez-Lebanon-Hash.jpg","contentUrl":"https:\/\/medicinasinc.com\/de\/wp-content\/uploads\/sites\/6\/2022\/02\/Buy-Mercedez-Lebanon-Hash.jpg","width":600,"height":600},{"@type":"BreadcrumbList","@id":"https:\/\/medicinasinc.com\/de\/product\/kaufen-mercedez-libanon-hash\/#breadcrumb","itemListElement":[{"@type":"ListItem","position":1,"name":"Einkaufen","item":"https:\/\/medicinasinc.com\/de\/einkaufen\/"},{"@type":"ListItem","position":2,"name":"Kaufen Sie Mercedez Libanon Hash"}]},{"@type":"WebSite","@id":"https:\/\/medicinasinc.com\/de\/#website","url":"https:\/\/medicinasinc.com\/de\/","name":"Medicinas Inc","description":"Health Medical Clinic","potentialAction":[{"@type":"SearchAction","target":{"@type":"EntryPoint","urlTemplate":"https:\/\/medicinasinc.com\/de\/?s={search_term_string}"},"query-input":{"@type":"PropertyValueSpecification","valueRequired":true,"valueName":"search_term_string"}}],"inLanguage":"de"}]}},"_links":{"self":[{"href":"https:\/\/medicinasinc.com\/de\/wp-json\/wp\/v2\/product\/4684","targetHints":{"allow":["GET"]}}],"collection":[{"href":"https:\/\/medicinasinc.com\/de\/wp-json\/wp\/v2\/product"}],"about":[{"href":"https:\/\/medicinasinc.com\/de\/wp-json\/wp\/v2\/types\/product"}],"replies":[{"embeddable":true,"href":"https:\/\/medicinasinc.com\/de\/wp-json\/wp\/v2\/comments?post=4684"}],"wp:featuredmedia":[{"embeddable":true,"href":"https:\/\/medicinasinc.com\/de\/wp-json\/wp\/v2\/media\/4696"}],"wp:attachment":[{"href":"https:\/\/medicinasinc.com\/de\/wp-json\/wp\/v2\/media?parent=4684"}],"wp:term":[{"taxonomy":"product_brand","embeddable":true,"href":"https:\/\/medicinasinc.com\/de\/wp-json\/wp\/v2\/product_brand?post=4684"},{"taxonomy":"product_cat","embeddable":true,"href":"https:\/\/medicinasinc.com\/de\/wp-json\/wp\/v2\/product_cat?post=4684"},{"taxonomy":"product_tag","embeddable":true,"href":"https:\/\/medicinasinc.com\/de\/wp-json\/wp\/v2\/product_tag?post=4684"}],"curies":[{"name":"wp","href":"https:\/\/api.w.org\/{rel}","templated":true}]}}