{"id":4667,"date":"2022-02-20T14:27:35","date_gmt":"2022-02-20T14:27:35","guid":{"rendered":"https:\/\/medicinasinc.com\/de\/?post_type=product&#038;p=4667"},"modified":"2022-03-18T00:50:15","modified_gmt":"2022-03-18T00:50:15","slug":"kaufe-indien-charas-schwarzes-hash","status":"publish","type":"product","link":"https:\/\/medicinasinc.com\/de\/product\/kaufe-indien-charas-schwarzes-hash\/","title":{"rendered":"Kaufen Sie India Charas Black Hash"},"content":{"rendered":"<p>Online-Kauf von India Charas Black Hash| Online-Kauf von India Charas Black Hash<\/p>\n<p>Online-Kauf von India Charas Black Hash. Es ist einfach zu handhaben, hat ein scharfes, w\u00fcrziges Aroma und bietet dem Benutzer einen starken, allumfassenden K\u00f6rperrausch. Angebaut und produziert im Parvati Valley, das f\u00fcr eine einzigartige Charas-Sorte namens Malana Cream ber\u00fchmt ist, die f\u00fcr ihren hohen THC-Gehalt gesch\u00e4tzt wird. Sie ist ein ausgezeichneter Tagesbegleiter f\u00fcr erfahrene Raucher, die mit dem starken High umgehen k\u00f6nnen. Der Begriff &#8222;Indian Charas Black Hash&#8220; bezieht sich auf Haschisch, das in Indien, Pakistan oder Nepal handgefertigt wurde. \u00c4u\u00dferlich hat Haschisch eine dunkelbraune Farbe. Wenn das Haschisch ge\u00f6ffnet wird, enth\u00fcllt es ein dunkelgr\u00fcnlich\/braunes Inneres. Das ausgepr\u00e4gte Aroma reicht von w\u00fcrzig bis extrem scharf. Sie erzeugt ein extrem berauschendes und physisches High. India Charas Black Hash ist online erh\u00e4ltlich.<\/p>\n<p>Vorteile<\/p>\n<p>Es hilft bei der Linderung der folgenden Beschwerden:<\/p>\n<p>StressDepressionenSchmerzenKopfschmerzen<br \/>Schlaflosigkeit<br \/> Bezugsquellen in Indien Online Charas Black Hash<\/p>\n<p>Unser Ziel ist es, unsere Kunden zufrieden zu stellen und ihnen das bestm\u00f6gliche Online-Einkaufserlebnis zu bieten. Wir stellen sicher, dass alle unsere Produkte von h\u00f6chster Qualit\u00e4t sind, um sicherzustellen, dass unsere Kunden nur das Beste erhalten. Wir bieten authentisches India Charas Black Hash an. Unsere Preise sind die niedrigsten, die online verf\u00fcgbar sind. Kaufen Sie Qualit\u00e4t und entdecken Sie, wor\u00fcber alle reden. Geben Sie Ihre Bestellung f\u00fcr India Charas Black Hash noch heute online bei uns auf und seien Sie versichert, dass Sie sicher sind und die besten Lieferservices erhalten. Sie sind nur wenige Klicks vom Online-Kauf von India Charas Black Hash entfernt.<\/p>\n","protected":false},"excerpt":{"rendered":"<p>Kaufen Sie India Charas Black Hash online. Einfach zu handhaben, verbirgt ein scharfes, w\u00fcrziges Aroma und sorgt f\u00fcr einen starken k\u00f6rperlichen Rausch. Bestellen Sie schwarzes Haschisch hier.<\/p>\n<ul>\n<li>Weltweiter Versand<\/li>\n<li><strong>Qualit\u00e4t: AAAAA<\/strong><\/li>\n<li>Kontaktieren Sie uns f\u00fcr gr\u00f6\u00dfere Bestellungen<\/li>\n<\/ul>\n","protected":false},"featured_media":4681,"comment_status":"open","ping_status":"closed","template":"","meta":[],"product_brand":[],"product_cat":[610],"product_tag":[],"class_list":{"0":"post-4667","1":"product","2":"type-product","3":"status-publish","4":"has-post-thumbnail","6":"product_cat-kaufen-sie-haschisch-haschisch","8":"first","9":"instock","10":"shipping-taxable","11":"purchasable","12":"product-type-variable","13":"has-default-attributes"},"yoast_head":"<!-- This site is optimized with the Yoast SEO plugin v27.3 - https:\/\/yoast.com\/product\/yoast-seo-wordpress\/ -->\n<title>Kaufen Sie India Charas Black Hash - Best Best Global Meds<\/title>\n<meta name=\"description\" content=\"Kaufen Sie India Charas Black Hash online. Einfach zu handhaben, birgt ein scharfes, w\u00fcrziges Aroma und sorgt f\u00fcr ein starkes k\u00f6rperliches Summen. Bestellen Sie schwarzes Haschisch hier.\" \/>\n<meta name=\"robots\" content=\"index, follow, max-snippet:-1, max-image-preview:large, max-video-preview:-1\" \/>\n<link rel=\"canonical\" href=\"https:\/\/medicinasinc.com\/de\/product\/kaufe-indien-charas-schwarzes-hash\/\" \/>\n<meta property=\"og:locale\" content=\"de_DE\" \/>\n<meta property=\"og:type\" content=\"article\" \/>\n<meta property=\"og:title\" content=\"Kaufen Sie India Charas Black Hash - Best Best Global Meds\" \/>\n<meta property=\"og:description\" content=\"Kaufen Sie India Charas Black Hash online. Einfach zu handhaben, birgt ein scharfes, w\u00fcrziges Aroma und sorgt f\u00fcr ein starkes k\u00f6rperliches Summen. Bestellen Sie schwarzes Haschisch hier.\" \/>\n<meta property=\"og:url\" content=\"https:\/\/medicinasinc.com\/de\/product\/kaufe-indien-charas-schwarzes-hash\/\" \/>\n<meta property=\"og:site_name\" content=\"Medicinas Inc\" \/>\n<meta property=\"article:modified_time\" content=\"2022-03-18T00:50:15+00:00\" \/>\n<meta property=\"og:image\" content=\"https:\/\/medicinasinc.com\/de\/wp-content\/uploads\/sites\/6\/2022\/02\/Buy-India-Charas-Black-Hash.jpg\" \/>\n\t<meta property=\"og:image:width\" content=\"600\" \/>\n\t<meta property=\"og:image:height\" content=\"600\" \/>\n\t<meta property=\"og:image:type\" content=\"image\/jpeg\" \/>\n<meta name=\"twitter:card\" content=\"summary_large_image\" \/>\n<meta name=\"twitter:label1\" content=\"Gesch\u00e4tzte Lesezeit\" \/>\n\t<meta name=\"twitter:data1\" content=\"2\u00a0Minuten\" \/>\n<script type=\"application\/ld+json\" class=\"yoast-schema-graph\">{\"@context\":\"https:\\\/\\\/schema.org\",\"@graph\":[{\"@type\":\"WebPage\",\"@id\":\"https:\\\/\\\/medicinasinc.com\\\/de\\\/product\\\/kaufe-indien-charas-schwarzes-hash\\\/\",\"url\":\"https:\\\/\\\/medicinasinc.com\\\/de\\\/product\\\/kaufe-indien-charas-schwarzes-hash\\\/\",\"name\":\"Kaufen Sie India Charas Black Hash - Best Best Global Meds\",\"isPartOf\":{\"@id\":\"https:\\\/\\\/medicinasinc.com\\\/de\\\/#website\"},\"primaryImageOfPage\":{\"@id\":\"https:\\\/\\\/medicinasinc.com\\\/de\\\/product\\\/kaufe-indien-charas-schwarzes-hash\\\/#primaryimage\"},\"image\":{\"@id\":\"https:\\\/\\\/medicinasinc.com\\\/de\\\/product\\\/kaufe-indien-charas-schwarzes-hash\\\/#primaryimage\"},\"thumbnailUrl\":\"https:\\\/\\\/medicinasinc.com\\\/de\\\/wp-content\\\/uploads\\\/sites\\\/6\\\/2022\\\/02\\\/Buy-India-Charas-Black-Hash.jpg\",\"datePublished\":\"2022-02-20T14:27:35+00:00\",\"dateModified\":\"2022-03-18T00:50:15+00:00\",\"description\":\"Kaufen Sie India Charas Black Hash online. Einfach zu handhaben, birgt ein scharfes, w\u00fcrziges Aroma und sorgt f\u00fcr ein starkes k\u00f6rperliches Summen. Bestellen Sie schwarzes Haschisch hier.\",\"breadcrumb\":{\"@id\":\"https:\\\/\\\/medicinasinc.com\\\/de\\\/product\\\/kaufe-indien-charas-schwarzes-hash\\\/#breadcrumb\"},\"inLanguage\":\"de\",\"potentialAction\":[{\"@type\":\"ReadAction\",\"target\":[\"https:\\\/\\\/medicinasinc.com\\\/de\\\/product\\\/kaufe-indien-charas-schwarzes-hash\\\/\"]}]},{\"@type\":\"ImageObject\",\"inLanguage\":\"de\",\"@id\":\"https:\\\/\\\/medicinasinc.com\\\/de\\\/product\\\/kaufe-indien-charas-schwarzes-hash\\\/#primaryimage\",\"url\":\"https:\\\/\\\/medicinasinc.com\\\/de\\\/wp-content\\\/uploads\\\/sites\\\/6\\\/2022\\\/02\\\/Buy-India-Charas-Black-Hash.jpg\",\"contentUrl\":\"https:\\\/\\\/medicinasinc.com\\\/de\\\/wp-content\\\/uploads\\\/sites\\\/6\\\/2022\\\/02\\\/Buy-India-Charas-Black-Hash.jpg\",\"width\":600,\"height\":600},{\"@type\":\"BreadcrumbList\",\"@id\":\"https:\\\/\\\/medicinasinc.com\\\/de\\\/product\\\/kaufe-indien-charas-schwarzes-hash\\\/#breadcrumb\",\"itemListElement\":[{\"@type\":\"ListItem\",\"position\":1,\"name\":\"Einkaufen\",\"item\":\"https:\\\/\\\/medicinasinc.com\\\/de\\\/einkaufen\\\/\"},{\"@type\":\"ListItem\",\"position\":2,\"name\":\"Kaufen Sie India Charas Black Hash\"}]},{\"@type\":\"WebSite\",\"@id\":\"https:\\\/\\\/medicinasinc.com\\\/de\\\/#website\",\"url\":\"https:\\\/\\\/medicinasinc.com\\\/de\\\/\",\"name\":\"Medicinas Inc\",\"description\":\"Health Medical Clinic\",\"potentialAction\":[{\"@type\":\"SearchAction\",\"target\":{\"@type\":\"EntryPoint\",\"urlTemplate\":\"https:\\\/\\\/medicinasinc.com\\\/de\\\/?s={search_term_string}\"},\"query-input\":{\"@type\":\"PropertyValueSpecification\",\"valueRequired\":true,\"valueName\":\"search_term_string\"}}],\"inLanguage\":\"de\"}]}<\/script>\n<!-- \/ Yoast SEO plugin. -->","yoast_head_json":{"title":"Kaufen Sie India Charas Black Hash - Best Best Global Meds","description":"Kaufen Sie India Charas Black Hash online. Einfach zu handhaben, birgt ein scharfes, w\u00fcrziges Aroma und sorgt f\u00fcr ein starkes k\u00f6rperliches Summen. Bestellen Sie schwarzes Haschisch hier.","robots":{"index":"index","follow":"follow","max-snippet":"max-snippet:-1","max-image-preview":"max-image-preview:large","max-video-preview":"max-video-preview:-1"},"canonical":"https:\/\/medicinasinc.com\/de\/product\/kaufe-indien-charas-schwarzes-hash\/","og_locale":"de_DE","og_type":"article","og_title":"Kaufen Sie India Charas Black Hash - Best Best Global Meds","og_description":"Kaufen Sie India Charas Black Hash online. Einfach zu handhaben, birgt ein scharfes, w\u00fcrziges Aroma und sorgt f\u00fcr ein starkes k\u00f6rperliches Summen. Bestellen Sie schwarzes Haschisch hier.","og_url":"https:\/\/medicinasinc.com\/de\/product\/kaufe-indien-charas-schwarzes-hash\/","og_site_name":"Medicinas Inc","article_modified_time":"2022-03-18T00:50:15+00:00","og_image":[{"width":600,"height":600,"url":"https:\/\/medicinasinc.com\/de\/wp-content\/uploads\/sites\/6\/2022\/02\/Buy-India-Charas-Black-Hash.jpg","type":"image\/jpeg"}],"twitter_card":"summary_large_image","twitter_misc":{"Gesch\u00e4tzte Lesezeit":"2\u00a0Minuten"},"schema":{"@context":"https:\/\/schema.org","@graph":[{"@type":"WebPage","@id":"https:\/\/medicinasinc.com\/de\/product\/kaufe-indien-charas-schwarzes-hash\/","url":"https:\/\/medicinasinc.com\/de\/product\/kaufe-indien-charas-schwarzes-hash\/","name":"Kaufen Sie India Charas Black Hash - Best Best Global Meds","isPartOf":{"@id":"https:\/\/medicinasinc.com\/de\/#website"},"primaryImageOfPage":{"@id":"https:\/\/medicinasinc.com\/de\/product\/kaufe-indien-charas-schwarzes-hash\/#primaryimage"},"image":{"@id":"https:\/\/medicinasinc.com\/de\/product\/kaufe-indien-charas-schwarzes-hash\/#primaryimage"},"thumbnailUrl":"https:\/\/medicinasinc.com\/de\/wp-content\/uploads\/sites\/6\/2022\/02\/Buy-India-Charas-Black-Hash.jpg","datePublished":"2022-02-20T14:27:35+00:00","dateModified":"2022-03-18T00:50:15+00:00","description":"Kaufen Sie India Charas Black Hash online. Einfach zu handhaben, birgt ein scharfes, w\u00fcrziges Aroma und sorgt f\u00fcr ein starkes k\u00f6rperliches Summen. Bestellen Sie schwarzes Haschisch hier.","breadcrumb":{"@id":"https:\/\/medicinasinc.com\/de\/product\/kaufe-indien-charas-schwarzes-hash\/#breadcrumb"},"inLanguage":"de","potentialAction":[{"@type":"ReadAction","target":["https:\/\/medicinasinc.com\/de\/product\/kaufe-indien-charas-schwarzes-hash\/"]}]},{"@type":"ImageObject","inLanguage":"de","@id":"https:\/\/medicinasinc.com\/de\/product\/kaufe-indien-charas-schwarzes-hash\/#primaryimage","url":"https:\/\/medicinasinc.com\/de\/wp-content\/uploads\/sites\/6\/2022\/02\/Buy-India-Charas-Black-Hash.jpg","contentUrl":"https:\/\/medicinasinc.com\/de\/wp-content\/uploads\/sites\/6\/2022\/02\/Buy-India-Charas-Black-Hash.jpg","width":600,"height":600},{"@type":"BreadcrumbList","@id":"https:\/\/medicinasinc.com\/de\/product\/kaufe-indien-charas-schwarzes-hash\/#breadcrumb","itemListElement":[{"@type":"ListItem","position":1,"name":"Einkaufen","item":"https:\/\/medicinasinc.com\/de\/einkaufen\/"},{"@type":"ListItem","position":2,"name":"Kaufen Sie India Charas Black Hash"}]},{"@type":"WebSite","@id":"https:\/\/medicinasinc.com\/de\/#website","url":"https:\/\/medicinasinc.com\/de\/","name":"Medicinas Inc","description":"Health Medical Clinic","potentialAction":[{"@type":"SearchAction","target":{"@type":"EntryPoint","urlTemplate":"https:\/\/medicinasinc.com\/de\/?s={search_term_string}"},"query-input":{"@type":"PropertyValueSpecification","valueRequired":true,"valueName":"search_term_string"}}],"inLanguage":"de"}]}},"_links":{"self":[{"href":"https:\/\/medicinasinc.com\/de\/wp-json\/wp\/v2\/product\/4667","targetHints":{"allow":["GET"]}}],"collection":[{"href":"https:\/\/medicinasinc.com\/de\/wp-json\/wp\/v2\/product"}],"about":[{"href":"https:\/\/medicinasinc.com\/de\/wp-json\/wp\/v2\/types\/product"}],"replies":[{"embeddable":true,"href":"https:\/\/medicinasinc.com\/de\/wp-json\/wp\/v2\/comments?post=4667"}],"wp:featuredmedia":[{"embeddable":true,"href":"https:\/\/medicinasinc.com\/de\/wp-json\/wp\/v2\/media\/4681"}],"wp:attachment":[{"href":"https:\/\/medicinasinc.com\/de\/wp-json\/wp\/v2\/media?parent=4667"}],"wp:term":[{"taxonomy":"product_brand","embeddable":true,"href":"https:\/\/medicinasinc.com\/de\/wp-json\/wp\/v2\/product_brand?post=4667"},{"taxonomy":"product_cat","embeddable":true,"href":"https:\/\/medicinasinc.com\/de\/wp-json\/wp\/v2\/product_cat?post=4667"},{"taxonomy":"product_tag","embeddable":true,"href":"https:\/\/medicinasinc.com\/de\/wp-json\/wp\/v2\/product_tag?post=4667"}],"curies":[{"name":"wp","href":"https:\/\/api.w.org\/{rel}","templated":true}]}}