{"id":4666,"date":"2022-02-20T14:26:53","date_gmt":"2022-02-20T14:26:53","guid":{"rendered":"https:\/\/medicinasinc.com\/de\/?post_type=product&#038;p=4666"},"modified":"2022-03-18T00:50:26","modified_gmt":"2022-03-18T00:50:26","slug":"eis-hasch-sticks-kaufen","status":"publish","type":"product","link":"https:\/\/medicinasinc.com\/de\/product\/eis-hasch-sticks-kaufen\/","title":{"rendered":"Ice Hash Sticks kaufen"},"content":{"rendered":"<p>Ice Hash gewinnt als wartungsarme Methode zur Herstellung von hochwertigem Hasch schnell an Popularit\u00e4t. Marihuana wird mit Wasser vermischt und dann durch verschiedene Stoffarten gefiltert. Das Harz, das dabei entsteht, ist unglaublich. Hasch-Sticks aus Eis. Es gibt zahlreiche Methoden zum Erstellen von Ice Hash. Sie k\u00f6nnen Ice-o-lators online kaufen, um Ice Hash herzustellen. Haschisch-Sticks aus Eis kaufen<\/p>\n<p>Wie ist Haschisch (Hash) definiert?<\/p>\n<p>&#8222;Haschisch ist eine psychoaktive Substanz, die aus den Harzdr\u00fcsen der weiblichen Cannabispflanze (Pistillat) gewonnen wird. [\u2026 ] Das Ziel ist es, das THC-haltige Harz zu isolieren (und somit zu konzentrieren), um Haschisch herzustellen.&#8220; Hasch-Sticks aus Eis<\/p>\n<p>Eis-Hasch-Sticks kaufen | Ice Hash Sticks kaufen | Kaufen Sie Ice Hash Sticks<\/p>\n<p>Einfach ausgedr\u00fcckt ist Haschisch (das wir jetzt als Hasch bezeichnen werden) die isolierten Harzdr\u00fcsen der Cannabispflanze. Noch einfacher ist Haschisch, wenn das gute, klebrige Zeug aus Deinem Cannabis ganz allein extrahiert wird. Haschisch ist gewisserma\u00dfen destilliertes Cannabis! Hasch-Sticks aus Eis<\/p>\n<p>Hasch mit Trockeneis herzustellen ist die einfachste, schnellste und effizienteste Methode, Harz aus Cannabis zu extrahieren. Kurz gesagt, das ist unsere kollektive Meinung. Trockeneis-Hash ist die optimale Methode zur Haschproduktion. Hasch-Sticks aus Eis<\/p>\n<p>&nbsp;<\/p>\n<p>Was macht Trockeneis-Hash einzigartig?<\/p>\n<p>Obwohl nicht alle Haschisch-Sorten identisch sind, sind viele ziemlich \u00e4hnlich.<\/p>\n<p>Wasserhasch \u2013 alternativ auch als Eishasch, Blasenhasch, Schwerkraft-(Gumby-)Hasch und Trockeneishasch bezeichnet \u2013 produzieren alle isolierte Harzdr\u00fcsen.<\/p>\n<p>Hasch-Sticks aus Eis<\/p>\n<p>W\u00e4hrend viele Methoden das gleiche oder ein \u00e4hnliches Produkt erzeugen, hat die Verwendung von Trockeneis eine Reihe von Vorteilen gegen\u00fcber anderen Methoden der Harzgewinnung:<\/p>\n<p>Es ist zweckm\u00e4\u00dfiger als alternative Methoden.<br \/> Sie k\u00f6nnen Vervollst\u00e4ndigen Sie den Trockeneis-Hash in etwa 1\/25 der Zeit, die f\u00fcr die Vervollst\u00e4ndigung des Schwerkraft-Hash ben\u00f6tigt wird! Obwohl dieses Beispiel extrem ist, dauert die Herstellung von Trockeneishasch nur wenige Minuten und ist deutlich schneller als andere Methoden. Hasch-Sticks aus Eis<br \/> Es ist l\u00e4cherlich einfach und diese Einfachheit f\u00fchrt zu sofortiger Befriedigung. Durch Sch\u00fctteln eines Eimers und eines Beutels erhalten Sie Premium-Hasch f\u00fcr weniger als 15 Minuten.<br \/> Es ist keine Feuchtigkeit vorhanden!<br \/> Das bedeutet, dass das Harz sofort nach dem Lossch\u00fctteln bereit ist!<\/p>\n","protected":false},"excerpt":{"rendered":"<div class=\"woocommerce-product-details__short-description\">\n<p>Ice Hash Sticks, auch als Thai Sticks bekannt, sind eine reine Sativa-Landrasse, die ihren Ursprung in Thailand hat und in den 1970er Jahren ihren Weg in die Vereinigten Staaten fand.<\/p>\n<\/div>\n<p> p&gt; <\/p>\n<p>Ice Hash gewinnt als wartungsarme Methode zur Herstellung von hochwertigem Hasch schnell an Popularit\u00e4t. Marihuana wird mit Wasser vermischt und dann durch verschiedene Stoffarten gefiltert. Das Harz, das dabei entsteht, ist unglaublich. Hasch-Sticks aus Eis. Es gibt zahlreiche Methoden zum Erstellen von Ice Hash. Sie k\u00f6nnen Ice-o-lators online kaufen, um Ice Hash herzustellen. Kaufen Sie Hasch-Sticks aus Eis<\/p>\n<\/p>\n<\/div>\n","protected":false},"featured_media":4679,"comment_status":"open","ping_status":"closed","template":"","meta":[],"product_brand":[],"product_cat":[610],"product_tag":[],"class_list":{"0":"post-4666","1":"product","2":"type-product","3":"status-publish","4":"has-post-thumbnail","6":"product_cat-kaufen-sie-haschisch-haschisch","8":"first","9":"instock","10":"shipping-taxable","11":"purchasable","12":"product-type-variable","13":"has-default-attributes"},"yoast_head":"<!-- This site is optimized with the Yoast SEO plugin v27.3 - https:\/\/yoast.com\/product\/yoast-seo-wordpress\/ -->\n<title>Kaufen Sie Ice Hash Sticks - Best Best Global Meds<\/title>\n<meta name=\"description\" content=\"Kaufen Sie Ice Hash Sticks zum Verkauf in Gro\u00dfbritannien, Europa Online, auch bekannt als Thai Sticks, ist eine reine Sativa-Landrasse, die in Thailand begann und erst in den 70er Jahren ihren Weg in die USA fand.\" \/>\n<meta name=\"robots\" content=\"index, follow, max-snippet:-1, max-image-preview:large, max-video-preview:-1\" \/>\n<link rel=\"canonical\" href=\"https:\/\/medicinasinc.com\/de\/product\/eis-hasch-sticks-kaufen\/\" \/>\n<meta property=\"og:locale\" content=\"de_DE\" \/>\n<meta property=\"og:type\" content=\"article\" \/>\n<meta property=\"og:title\" content=\"Kaufen Sie Ice Hash Sticks - Best Best Global Meds\" \/>\n<meta property=\"og:description\" content=\"Kaufen Sie Ice Hash Sticks zum Verkauf in Gro\u00dfbritannien, Europa Online, auch bekannt als Thai Sticks, ist eine reine Sativa-Landrasse, die in Thailand begann und erst in den 70er Jahren ihren Weg in die USA fand.\" \/>\n<meta property=\"og:url\" content=\"https:\/\/medicinasinc.com\/de\/product\/eis-hasch-sticks-kaufen\/\" \/>\n<meta property=\"og:site_name\" content=\"Medicinas Inc\" \/>\n<meta property=\"article:modified_time\" content=\"2022-03-18T00:50:26+00:00\" \/>\n<meta property=\"og:image\" content=\"https:\/\/medicinasinc.com\/de\/wp-content\/uploads\/sites\/6\/2022\/02\/Buy-Ice-Hash-Sticks.jpg\" \/>\n\t<meta property=\"og:image:width\" content=\"600\" \/>\n\t<meta property=\"og:image:height\" content=\"600\" \/>\n\t<meta property=\"og:image:type\" content=\"image\/jpeg\" \/>\n<meta name=\"twitter:card\" content=\"summary_large_image\" \/>\n<meta name=\"twitter:label1\" content=\"Gesch\u00e4tzte Lesezeit\" \/>\n\t<meta name=\"twitter:data1\" content=\"2\u00a0Minuten\" \/>\n<script type=\"application\/ld+json\" class=\"yoast-schema-graph\">{\"@context\":\"https:\\\/\\\/schema.org\",\"@graph\":[{\"@type\":\"WebPage\",\"@id\":\"https:\\\/\\\/medicinasinc.com\\\/de\\\/product\\\/eis-hasch-sticks-kaufen\\\/\",\"url\":\"https:\\\/\\\/medicinasinc.com\\\/de\\\/product\\\/eis-hasch-sticks-kaufen\\\/\",\"name\":\"Kaufen Sie Ice Hash Sticks - Best Best Global Meds\",\"isPartOf\":{\"@id\":\"https:\\\/\\\/medicinasinc.com\\\/de\\\/#website\"},\"primaryImageOfPage\":{\"@id\":\"https:\\\/\\\/medicinasinc.com\\\/de\\\/product\\\/eis-hasch-sticks-kaufen\\\/#primaryimage\"},\"image\":{\"@id\":\"https:\\\/\\\/medicinasinc.com\\\/de\\\/product\\\/eis-hasch-sticks-kaufen\\\/#primaryimage\"},\"thumbnailUrl\":\"https:\\\/\\\/medicinasinc.com\\\/de\\\/wp-content\\\/uploads\\\/sites\\\/6\\\/2022\\\/02\\\/Buy-Ice-Hash-Sticks.jpg\",\"datePublished\":\"2022-02-20T14:26:53+00:00\",\"dateModified\":\"2022-03-18T00:50:26+00:00\",\"description\":\"Kaufen Sie Ice Hash Sticks zum Verkauf in Gro\u00dfbritannien, Europa Online, auch bekannt als Thai Sticks, ist eine reine Sativa-Landrasse, die in Thailand begann und erst in den 70er Jahren ihren Weg in die USA fand.\",\"breadcrumb\":{\"@id\":\"https:\\\/\\\/medicinasinc.com\\\/de\\\/product\\\/eis-hasch-sticks-kaufen\\\/#breadcrumb\"},\"inLanguage\":\"de\",\"potentialAction\":[{\"@type\":\"ReadAction\",\"target\":[\"https:\\\/\\\/medicinasinc.com\\\/de\\\/product\\\/eis-hasch-sticks-kaufen\\\/\"]}]},{\"@type\":\"ImageObject\",\"inLanguage\":\"de\",\"@id\":\"https:\\\/\\\/medicinasinc.com\\\/de\\\/product\\\/eis-hasch-sticks-kaufen\\\/#primaryimage\",\"url\":\"https:\\\/\\\/medicinasinc.com\\\/de\\\/wp-content\\\/uploads\\\/sites\\\/6\\\/2022\\\/02\\\/Buy-Ice-Hash-Sticks.jpg\",\"contentUrl\":\"https:\\\/\\\/medicinasinc.com\\\/de\\\/wp-content\\\/uploads\\\/sites\\\/6\\\/2022\\\/02\\\/Buy-Ice-Hash-Sticks.jpg\",\"width\":600,\"height\":600},{\"@type\":\"BreadcrumbList\",\"@id\":\"https:\\\/\\\/medicinasinc.com\\\/de\\\/product\\\/eis-hasch-sticks-kaufen\\\/#breadcrumb\",\"itemListElement\":[{\"@type\":\"ListItem\",\"position\":1,\"name\":\"Einkaufen\",\"item\":\"https:\\\/\\\/medicinasinc.com\\\/de\\\/einkaufen\\\/\"},{\"@type\":\"ListItem\",\"position\":2,\"name\":\"Ice Hash Sticks kaufen\"}]},{\"@type\":\"WebSite\",\"@id\":\"https:\\\/\\\/medicinasinc.com\\\/de\\\/#website\",\"url\":\"https:\\\/\\\/medicinasinc.com\\\/de\\\/\",\"name\":\"Medicinas Inc\",\"description\":\"Health Medical Clinic\",\"potentialAction\":[{\"@type\":\"SearchAction\",\"target\":{\"@type\":\"EntryPoint\",\"urlTemplate\":\"https:\\\/\\\/medicinasinc.com\\\/de\\\/?s={search_term_string}\"},\"query-input\":{\"@type\":\"PropertyValueSpecification\",\"valueRequired\":true,\"valueName\":\"search_term_string\"}}],\"inLanguage\":\"de\"}]}<\/script>\n<!-- \/ Yoast SEO plugin. -->","yoast_head_json":{"title":"Kaufen Sie Ice Hash Sticks - Best Best Global Meds","description":"Kaufen Sie Ice Hash Sticks zum Verkauf in Gro\u00dfbritannien, Europa Online, auch bekannt als Thai Sticks, ist eine reine Sativa-Landrasse, die in Thailand begann und erst in den 70er Jahren ihren Weg in die USA fand.","robots":{"index":"index","follow":"follow","max-snippet":"max-snippet:-1","max-image-preview":"max-image-preview:large","max-video-preview":"max-video-preview:-1"},"canonical":"https:\/\/medicinasinc.com\/de\/product\/eis-hasch-sticks-kaufen\/","og_locale":"de_DE","og_type":"article","og_title":"Kaufen Sie Ice Hash Sticks - Best Best Global Meds","og_description":"Kaufen Sie Ice Hash Sticks zum Verkauf in Gro\u00dfbritannien, Europa Online, auch bekannt als Thai Sticks, ist eine reine Sativa-Landrasse, die in Thailand begann und erst in den 70er Jahren ihren Weg in die USA fand.","og_url":"https:\/\/medicinasinc.com\/de\/product\/eis-hasch-sticks-kaufen\/","og_site_name":"Medicinas Inc","article_modified_time":"2022-03-18T00:50:26+00:00","og_image":[{"width":600,"height":600,"url":"https:\/\/medicinasinc.com\/de\/wp-content\/uploads\/sites\/6\/2022\/02\/Buy-Ice-Hash-Sticks.jpg","type":"image\/jpeg"}],"twitter_card":"summary_large_image","twitter_misc":{"Gesch\u00e4tzte Lesezeit":"2\u00a0Minuten"},"schema":{"@context":"https:\/\/schema.org","@graph":[{"@type":"WebPage","@id":"https:\/\/medicinasinc.com\/de\/product\/eis-hasch-sticks-kaufen\/","url":"https:\/\/medicinasinc.com\/de\/product\/eis-hasch-sticks-kaufen\/","name":"Kaufen Sie Ice Hash Sticks - Best Best Global Meds","isPartOf":{"@id":"https:\/\/medicinasinc.com\/de\/#website"},"primaryImageOfPage":{"@id":"https:\/\/medicinasinc.com\/de\/product\/eis-hasch-sticks-kaufen\/#primaryimage"},"image":{"@id":"https:\/\/medicinasinc.com\/de\/product\/eis-hasch-sticks-kaufen\/#primaryimage"},"thumbnailUrl":"https:\/\/medicinasinc.com\/de\/wp-content\/uploads\/sites\/6\/2022\/02\/Buy-Ice-Hash-Sticks.jpg","datePublished":"2022-02-20T14:26:53+00:00","dateModified":"2022-03-18T00:50:26+00:00","description":"Kaufen Sie Ice Hash Sticks zum Verkauf in Gro\u00dfbritannien, Europa Online, auch bekannt als Thai Sticks, ist eine reine Sativa-Landrasse, die in Thailand begann und erst in den 70er Jahren ihren Weg in die USA fand.","breadcrumb":{"@id":"https:\/\/medicinasinc.com\/de\/product\/eis-hasch-sticks-kaufen\/#breadcrumb"},"inLanguage":"de","potentialAction":[{"@type":"ReadAction","target":["https:\/\/medicinasinc.com\/de\/product\/eis-hasch-sticks-kaufen\/"]}]},{"@type":"ImageObject","inLanguage":"de","@id":"https:\/\/medicinasinc.com\/de\/product\/eis-hasch-sticks-kaufen\/#primaryimage","url":"https:\/\/medicinasinc.com\/de\/wp-content\/uploads\/sites\/6\/2022\/02\/Buy-Ice-Hash-Sticks.jpg","contentUrl":"https:\/\/medicinasinc.com\/de\/wp-content\/uploads\/sites\/6\/2022\/02\/Buy-Ice-Hash-Sticks.jpg","width":600,"height":600},{"@type":"BreadcrumbList","@id":"https:\/\/medicinasinc.com\/de\/product\/eis-hasch-sticks-kaufen\/#breadcrumb","itemListElement":[{"@type":"ListItem","position":1,"name":"Einkaufen","item":"https:\/\/medicinasinc.com\/de\/einkaufen\/"},{"@type":"ListItem","position":2,"name":"Ice Hash Sticks kaufen"}]},{"@type":"WebSite","@id":"https:\/\/medicinasinc.com\/de\/#website","url":"https:\/\/medicinasinc.com\/de\/","name":"Medicinas Inc","description":"Health Medical Clinic","potentialAction":[{"@type":"SearchAction","target":{"@type":"EntryPoint","urlTemplate":"https:\/\/medicinasinc.com\/de\/?s={search_term_string}"},"query-input":{"@type":"PropertyValueSpecification","valueRequired":true,"valueName":"search_term_string"}}],"inLanguage":"de"}]}},"_links":{"self":[{"href":"https:\/\/medicinasinc.com\/de\/wp-json\/wp\/v2\/product\/4666","targetHints":{"allow":["GET"]}}],"collection":[{"href":"https:\/\/medicinasinc.com\/de\/wp-json\/wp\/v2\/product"}],"about":[{"href":"https:\/\/medicinasinc.com\/de\/wp-json\/wp\/v2\/types\/product"}],"replies":[{"embeddable":true,"href":"https:\/\/medicinasinc.com\/de\/wp-json\/wp\/v2\/comments?post=4666"}],"wp:featuredmedia":[{"embeddable":true,"href":"https:\/\/medicinasinc.com\/de\/wp-json\/wp\/v2\/media\/4679"}],"wp:attachment":[{"href":"https:\/\/medicinasinc.com\/de\/wp-json\/wp\/v2\/media?parent=4666"}],"wp:term":[{"taxonomy":"product_brand","embeddable":true,"href":"https:\/\/medicinasinc.com\/de\/wp-json\/wp\/v2\/product_brand?post=4666"},{"taxonomy":"product_cat","embeddable":true,"href":"https:\/\/medicinasinc.com\/de\/wp-json\/wp\/v2\/product_cat?post=4666"},{"taxonomy":"product_tag","embeddable":true,"href":"https:\/\/medicinasinc.com\/de\/wp-json\/wp\/v2\/product_tag?post=4666"}],"curies":[{"name":"wp","href":"https:\/\/api.w.org\/{rel}","templated":true}]}}