{"id":4658,"date":"2022-02-20T14:22:15","date_gmt":"2022-02-20T14:22:15","guid":{"rendered":"https:\/\/medicinasinc.com\/de\/?post_type=product&#038;p=4658"},"modified":"2022-03-18T00:50:37","modified_gmt":"2022-03-18T00:50:37","slug":"kaufe-honig-marokkanische-blonde-hash","status":"publish","type":"product","link":"https:\/\/medicinasinc.com\/de\/product\/kaufe-honig-marokkanische-blonde-hash\/","title":{"rendered":"Kaufen Sie Honey Maroccan Blonde Hash"},"content":{"rendered":"<div class=\"woocommerce-tabs wc-tabs-wrapper\">\n<div id=\"tab-description\" class=\"woocommerce-Tabs-panel woocommerce-Tabs-panel--description panel entry-content wc-tab\" role=\"tabpanel\" aria-labelledby=\"tab-title-description\">\n<p>Online-Kauf von Honey Moroccan Blonde Hash. Kif wird h\u00e4ufig in Verbindung mit Haschisch verwendet. Kif wird im Westen h\u00e4ufig verwendet, um das einzigartige Honey Moroccan Blonde Hash zu kreieren. Wenn die milderen Bl\u00e4tter verwendet werden, wird es als &#8222;Habisha&#8220; bezeichnet, was Marihuana \u00e4hnelt.<\/p>\n<p>Honey Moroccan Blonde Hash hat einen typisch s\u00fc\u00dfen Geschmack mit einer sanften Note auf der Zunge. Es ist die Art von Geschmack, die die Geschmacksknospen lieben. Es ist m\u00f6glich, ein extrem harziges Hasch zu haben.<\/p>\n<p>Geschmack von Honey Moroccan Blonde Hash:<\/p>\n<p>Honey Moroccan Blonde Hash hat einen s\u00fc\u00dfen Geschmack und eine glatte Textur auf der Zunge. Es ist die Art von Geschmack, die die Geschmacksknospen zu sch\u00e4tzen wissen. Es ist m\u00f6glich, ein sehr harziges Hasch zu haben. Online-Kauf von Honey Moroccan Blonde Hash<\/p>\n<\/p>\n<\/div>\n<\/div>\n","protected":false},"excerpt":{"rendered":"<div class=\"woocommerce-product-details__short-description\">\n<p>Kaufen Sie Honey Maroccan Blonde Hash zum Verkauf in Gro\u00dfbritannien, Europa. Sie ist leicht aromatisch mit einem Hauch von Gew\u00fcrzen, die ein zerebrales und aktives High hervorrufen. blondes Haschisch.<\/p>\n<\/p>\n<\/div>\n","protected":false},"featured_media":4671,"comment_status":"open","ping_status":"closed","template":"","meta":[],"product_brand":[],"product_cat":[610],"product_tag":[],"class_list":{"0":"post-4658","1":"product","2":"type-product","3":"status-publish","4":"has-post-thumbnail","6":"product_cat-kaufen-sie-haschisch-haschisch","8":"first","9":"instock","10":"shipping-taxable","11":"purchasable","12":"product-type-variable","13":"has-default-attributes"},"yoast_head":"<!-- This site is optimized with the Yoast SEO plugin v27.3 - https:\/\/yoast.com\/product\/yoast-seo-wordpress\/ -->\n<title>Kaufen Sie Honey Moroccan Blonde Hash - Best Global Medicina<\/title>\n<meta name=\"description\" content=\"Kaufen Sie Honey Moroccan Blonde Hash zum Verkauf in Gro\u00dfbritannien, Europa. Sie ist leicht aromatisch mit einem Hauch von Gew\u00fcrzen, die ein zerebrales und aktives High hervorrufen. blondes Hasch.\" \/>\n<meta name=\"robots\" content=\"index, follow, max-snippet:-1, max-image-preview:large, max-video-preview:-1\" \/>\n<link rel=\"canonical\" href=\"https:\/\/medicinasinc.com\/de\/product\/kaufe-honig-marokkanische-blonde-hash\/\" \/>\n<meta property=\"og:locale\" content=\"de_DE\" \/>\n<meta property=\"og:type\" content=\"article\" \/>\n<meta property=\"og:title\" content=\"Kaufen Sie Honey Moroccan Blonde Hash - Best Global Medicina\" \/>\n<meta property=\"og:description\" content=\"Kaufen Sie Honey Moroccan Blonde Hash zum Verkauf in Gro\u00dfbritannien, Europa. Sie ist leicht aromatisch mit einem Hauch von Gew\u00fcrzen, die ein zerebrales und aktives High hervorrufen. blondes Hasch.\" \/>\n<meta property=\"og:url\" content=\"https:\/\/medicinasinc.com\/de\/product\/kaufe-honig-marokkanische-blonde-hash\/\" \/>\n<meta property=\"og:site_name\" content=\"Medicinas Inc\" \/>\n<meta property=\"article:modified_time\" content=\"2022-03-18T00:50:37+00:00\" \/>\n<meta property=\"og:image\" content=\"https:\/\/medicinasinc.com\/de\/wp-content\/uploads\/sites\/6\/2022\/02\/Buy-Honey-Moroccan-Blonde-Hash.jpg\" \/>\n\t<meta property=\"og:image:width\" content=\"600\" \/>\n\t<meta property=\"og:image:height\" content=\"600\" \/>\n\t<meta property=\"og:image:type\" content=\"image\/jpeg\" \/>\n<meta name=\"twitter:card\" content=\"summary_large_image\" \/>\n<meta name=\"twitter:label1\" content=\"Gesch\u00e4tzte Lesezeit\" \/>\n\t<meta name=\"twitter:data1\" content=\"1\u00a0Minute\" \/>\n<script type=\"application\/ld+json\" class=\"yoast-schema-graph\">{\"@context\":\"https:\\\/\\\/schema.org\",\"@graph\":[{\"@type\":\"WebPage\",\"@id\":\"https:\\\/\\\/medicinasinc.com\\\/de\\\/product\\\/kaufe-honig-marokkanische-blonde-hash\\\/\",\"url\":\"https:\\\/\\\/medicinasinc.com\\\/de\\\/product\\\/kaufe-honig-marokkanische-blonde-hash\\\/\",\"name\":\"Kaufen Sie Honey Moroccan Blonde Hash - Best Global Medicina\",\"isPartOf\":{\"@id\":\"https:\\\/\\\/medicinasinc.com\\\/de\\\/#website\"},\"primaryImageOfPage\":{\"@id\":\"https:\\\/\\\/medicinasinc.com\\\/de\\\/product\\\/kaufe-honig-marokkanische-blonde-hash\\\/#primaryimage\"},\"image\":{\"@id\":\"https:\\\/\\\/medicinasinc.com\\\/de\\\/product\\\/kaufe-honig-marokkanische-blonde-hash\\\/#primaryimage\"},\"thumbnailUrl\":\"https:\\\/\\\/medicinasinc.com\\\/de\\\/wp-content\\\/uploads\\\/sites\\\/6\\\/2022\\\/02\\\/Buy-Honey-Moroccan-Blonde-Hash.jpg\",\"datePublished\":\"2022-02-20T14:22:15+00:00\",\"dateModified\":\"2022-03-18T00:50:37+00:00\",\"description\":\"Kaufen Sie Honey Moroccan Blonde Hash zum Verkauf in Gro\u00dfbritannien, Europa. Sie ist leicht aromatisch mit einem Hauch von Gew\u00fcrzen, die ein zerebrales und aktives High hervorrufen. blondes Hasch.\",\"breadcrumb\":{\"@id\":\"https:\\\/\\\/medicinasinc.com\\\/de\\\/product\\\/kaufe-honig-marokkanische-blonde-hash\\\/#breadcrumb\"},\"inLanguage\":\"de\",\"potentialAction\":[{\"@type\":\"ReadAction\",\"target\":[\"https:\\\/\\\/medicinasinc.com\\\/de\\\/product\\\/kaufe-honig-marokkanische-blonde-hash\\\/\"]}]},{\"@type\":\"ImageObject\",\"inLanguage\":\"de\",\"@id\":\"https:\\\/\\\/medicinasinc.com\\\/de\\\/product\\\/kaufe-honig-marokkanische-blonde-hash\\\/#primaryimage\",\"url\":\"https:\\\/\\\/medicinasinc.com\\\/de\\\/wp-content\\\/uploads\\\/sites\\\/6\\\/2022\\\/02\\\/Buy-Honey-Moroccan-Blonde-Hash.jpg\",\"contentUrl\":\"https:\\\/\\\/medicinasinc.com\\\/de\\\/wp-content\\\/uploads\\\/sites\\\/6\\\/2022\\\/02\\\/Buy-Honey-Moroccan-Blonde-Hash.jpg\",\"width\":600,\"height\":600},{\"@type\":\"BreadcrumbList\",\"@id\":\"https:\\\/\\\/medicinasinc.com\\\/de\\\/product\\\/kaufe-honig-marokkanische-blonde-hash\\\/#breadcrumb\",\"itemListElement\":[{\"@type\":\"ListItem\",\"position\":1,\"name\":\"Einkaufen\",\"item\":\"https:\\\/\\\/medicinasinc.com\\\/de\\\/einkaufen\\\/\"},{\"@type\":\"ListItem\",\"position\":2,\"name\":\"Kaufen Sie Honey Maroccan Blonde Hash\"}]},{\"@type\":\"WebSite\",\"@id\":\"https:\\\/\\\/medicinasinc.com\\\/de\\\/#website\",\"url\":\"https:\\\/\\\/medicinasinc.com\\\/de\\\/\",\"name\":\"Medicinas Inc\",\"description\":\"Health Medical Clinic\",\"potentialAction\":[{\"@type\":\"SearchAction\",\"target\":{\"@type\":\"EntryPoint\",\"urlTemplate\":\"https:\\\/\\\/medicinasinc.com\\\/de\\\/?s={search_term_string}\"},\"query-input\":{\"@type\":\"PropertyValueSpecification\",\"valueRequired\":true,\"valueName\":\"search_term_string\"}}],\"inLanguage\":\"de\"}]}<\/script>\n<!-- \/ Yoast SEO plugin. -->","yoast_head_json":{"title":"Kaufen Sie Honey Moroccan Blonde Hash - Best Global Medicina","description":"Kaufen Sie Honey Moroccan Blonde Hash zum Verkauf in Gro\u00dfbritannien, Europa. Sie ist leicht aromatisch mit einem Hauch von Gew\u00fcrzen, die ein zerebrales und aktives High hervorrufen. blondes Hasch.","robots":{"index":"index","follow":"follow","max-snippet":"max-snippet:-1","max-image-preview":"max-image-preview:large","max-video-preview":"max-video-preview:-1"},"canonical":"https:\/\/medicinasinc.com\/de\/product\/kaufe-honig-marokkanische-blonde-hash\/","og_locale":"de_DE","og_type":"article","og_title":"Kaufen Sie Honey Moroccan Blonde Hash - Best Global Medicina","og_description":"Kaufen Sie Honey Moroccan Blonde Hash zum Verkauf in Gro\u00dfbritannien, Europa. Sie ist leicht aromatisch mit einem Hauch von Gew\u00fcrzen, die ein zerebrales und aktives High hervorrufen. blondes Hasch.","og_url":"https:\/\/medicinasinc.com\/de\/product\/kaufe-honig-marokkanische-blonde-hash\/","og_site_name":"Medicinas Inc","article_modified_time":"2022-03-18T00:50:37+00:00","og_image":[{"width":600,"height":600,"url":"https:\/\/medicinasinc.com\/de\/wp-content\/uploads\/sites\/6\/2022\/02\/Buy-Honey-Moroccan-Blonde-Hash.jpg","type":"image\/jpeg"}],"twitter_card":"summary_large_image","twitter_misc":{"Gesch\u00e4tzte Lesezeit":"1\u00a0Minute"},"schema":{"@context":"https:\/\/schema.org","@graph":[{"@type":"WebPage","@id":"https:\/\/medicinasinc.com\/de\/product\/kaufe-honig-marokkanische-blonde-hash\/","url":"https:\/\/medicinasinc.com\/de\/product\/kaufe-honig-marokkanische-blonde-hash\/","name":"Kaufen Sie Honey Moroccan Blonde Hash - Best Global Medicina","isPartOf":{"@id":"https:\/\/medicinasinc.com\/de\/#website"},"primaryImageOfPage":{"@id":"https:\/\/medicinasinc.com\/de\/product\/kaufe-honig-marokkanische-blonde-hash\/#primaryimage"},"image":{"@id":"https:\/\/medicinasinc.com\/de\/product\/kaufe-honig-marokkanische-blonde-hash\/#primaryimage"},"thumbnailUrl":"https:\/\/medicinasinc.com\/de\/wp-content\/uploads\/sites\/6\/2022\/02\/Buy-Honey-Moroccan-Blonde-Hash.jpg","datePublished":"2022-02-20T14:22:15+00:00","dateModified":"2022-03-18T00:50:37+00:00","description":"Kaufen Sie Honey Moroccan Blonde Hash zum Verkauf in Gro\u00dfbritannien, Europa. Sie ist leicht aromatisch mit einem Hauch von Gew\u00fcrzen, die ein zerebrales und aktives High hervorrufen. blondes Hasch.","breadcrumb":{"@id":"https:\/\/medicinasinc.com\/de\/product\/kaufe-honig-marokkanische-blonde-hash\/#breadcrumb"},"inLanguage":"de","potentialAction":[{"@type":"ReadAction","target":["https:\/\/medicinasinc.com\/de\/product\/kaufe-honig-marokkanische-blonde-hash\/"]}]},{"@type":"ImageObject","inLanguage":"de","@id":"https:\/\/medicinasinc.com\/de\/product\/kaufe-honig-marokkanische-blonde-hash\/#primaryimage","url":"https:\/\/medicinasinc.com\/de\/wp-content\/uploads\/sites\/6\/2022\/02\/Buy-Honey-Moroccan-Blonde-Hash.jpg","contentUrl":"https:\/\/medicinasinc.com\/de\/wp-content\/uploads\/sites\/6\/2022\/02\/Buy-Honey-Moroccan-Blonde-Hash.jpg","width":600,"height":600},{"@type":"BreadcrumbList","@id":"https:\/\/medicinasinc.com\/de\/product\/kaufe-honig-marokkanische-blonde-hash\/#breadcrumb","itemListElement":[{"@type":"ListItem","position":1,"name":"Einkaufen","item":"https:\/\/medicinasinc.com\/de\/einkaufen\/"},{"@type":"ListItem","position":2,"name":"Kaufen Sie Honey Maroccan Blonde Hash"}]},{"@type":"WebSite","@id":"https:\/\/medicinasinc.com\/de\/#website","url":"https:\/\/medicinasinc.com\/de\/","name":"Medicinas Inc","description":"Health Medical Clinic","potentialAction":[{"@type":"SearchAction","target":{"@type":"EntryPoint","urlTemplate":"https:\/\/medicinasinc.com\/de\/?s={search_term_string}"},"query-input":{"@type":"PropertyValueSpecification","valueRequired":true,"valueName":"search_term_string"}}],"inLanguage":"de"}]}},"_links":{"self":[{"href":"https:\/\/medicinasinc.com\/de\/wp-json\/wp\/v2\/product\/4658","targetHints":{"allow":["GET"]}}],"collection":[{"href":"https:\/\/medicinasinc.com\/de\/wp-json\/wp\/v2\/product"}],"about":[{"href":"https:\/\/medicinasinc.com\/de\/wp-json\/wp\/v2\/types\/product"}],"replies":[{"embeddable":true,"href":"https:\/\/medicinasinc.com\/de\/wp-json\/wp\/v2\/comments?post=4658"}],"wp:featuredmedia":[{"embeddable":true,"href":"https:\/\/medicinasinc.com\/de\/wp-json\/wp\/v2\/media\/4671"}],"wp:attachment":[{"href":"https:\/\/medicinasinc.com\/de\/wp-json\/wp\/v2\/media?parent=4658"}],"wp:term":[{"taxonomy":"product_brand","embeddable":true,"href":"https:\/\/medicinasinc.com\/de\/wp-json\/wp\/v2\/product_brand?post=4658"},{"taxonomy":"product_cat","embeddable":true,"href":"https:\/\/medicinasinc.com\/de\/wp-json\/wp\/v2\/product_cat?post=4658"},{"taxonomy":"product_tag","embeddable":true,"href":"https:\/\/medicinasinc.com\/de\/wp-json\/wp\/v2\/product_tag?post=4658"}],"curies":[{"name":"wp","href":"https:\/\/api.w.org\/{rel}","templated":true}]}}