{"id":4651,"date":"2022-02-20T14:16:39","date_gmt":"2022-02-20T14:16:39","guid":{"rendered":"https:\/\/medicinasinc.com\/de\/?post_type=product&#038;p=4651"},"modified":"2022-03-18T00:50:51","modified_gmt":"2022-03-18T00:50:51","slug":"kaufen-gelato-haschisch-online","status":"publish","type":"product","link":"https:\/\/medicinasinc.com\/de\/product\/kaufen-gelato-haschisch-online\/","title":{"rendered":"Kaufen Sie Gelato Hash online"},"content":{"rendered":"<p>Kaufen Sie Gelato Hash online in Gro\u00dfbritannien<\/p>\n<p>Heute bietet Astra Weed Gelato Hash online zum Verkauf in Gro\u00dfbritannien und Europa an. Haschisch der Sorte Gelato ist ein k\u00f6stlicher Genuss f\u00fcr Kenner und Neulinge in der gl\u00fcckseligen Welt des Haschischs. Eine der ber\u00fchmtesten und best\u00e4ndigsten Traditionen von Cannabis. Dieses Haschisch wird aus Bl\u00fcten hergestellt, die acht Wochen lang getrocknet wurden. Dieses Haschisch ist von h\u00f6chster Qualit\u00e4t.<\/p>\n","protected":false},"excerpt":{"rendered":"<p>Kaufen Sie Gelato Hash zum Verkauf online in Gro\u00dfbritannien, Europa! Haschisch der Sorte Gelato ist etwas Leckeres f\u00fcr unsere Haschkenner und diejenigen, die sich in die gl\u00fcckselige Welt des Haschisch wagen m\u00f6chten.<\/p>\n<p>Weltweiter Versand<\/p>\n<ul>\n<li><strong>Qualit\u00e4t: AAAAA<\/strong><\/li>\n<li><strong>Kontaktieren Sie uns<\/strong>\u00a0f\u00fcr gr\u00f6\u00dfere Bestellungen<\/li>\n<\/ul>\n","protected":false},"featured_media":4663,"comment_status":"open","ping_status":"closed","template":"","meta":[],"product_brand":[],"product_cat":[610],"product_tag":[],"class_list":{"0":"post-4651","1":"product","2":"type-product","3":"status-publish","4":"has-post-thumbnail","6":"product_cat-kaufen-sie-haschisch-haschisch","8":"first","9":"instock","10":"shipping-taxable","11":"purchasable","12":"product-type-variable","13":"has-default-attributes"},"yoast_head":"<!-- This site is optimized with the Yoast SEO plugin v27.3 - https:\/\/yoast.com\/product\/yoast-seo-wordpress\/ -->\n<title>Kaufen Sie Gelato Hash online - die besten besten globalen Medikamente<\/title>\n<meta name=\"description\" content=\"Kaufen Sie Gelato Hash zum Verkauf online in Gro\u00dfbritannien, Europa! Hasch der Sorte Gelato ist etwas Leckeres f\u00fcr unsere Haschkenner und diejenigen, die sich in die gl\u00fcckselige Welt des Haschisch wagen m\u00f6chten.\" \/>\n<meta name=\"robots\" content=\"index, follow, max-snippet:-1, max-image-preview:large, max-video-preview:-1\" \/>\n<link rel=\"canonical\" href=\"https:\/\/medicinasinc.com\/de\/product\/kaufen-gelato-haschisch-online\/\" \/>\n<meta property=\"og:locale\" content=\"de_DE\" \/>\n<meta property=\"og:type\" content=\"article\" \/>\n<meta property=\"og:title\" content=\"Kaufen Sie Gelato Hash online - die besten besten globalen Medikamente\" \/>\n<meta property=\"og:description\" content=\"Kaufen Sie Gelato Hash zum Verkauf online in Gro\u00dfbritannien, Europa! Hasch der Sorte Gelato ist etwas Leckeres f\u00fcr unsere Haschkenner und diejenigen, die sich in die gl\u00fcckselige Welt des Haschisch wagen m\u00f6chten.\" \/>\n<meta property=\"og:url\" content=\"https:\/\/medicinasinc.com\/de\/product\/kaufen-gelato-haschisch-online\/\" \/>\n<meta property=\"og:site_name\" content=\"Medicinas Inc\" \/>\n<meta property=\"article:modified_time\" content=\"2022-03-18T00:50:51+00:00\" \/>\n<meta property=\"og:image\" content=\"https:\/\/medicinasinc.com\/de\/wp-content\/uploads\/sites\/6\/2022\/02\/Buy-Gelato-Hash-Online.jpg\" \/>\n\t<meta property=\"og:image:width\" content=\"600\" \/>\n\t<meta property=\"og:image:height\" content=\"600\" \/>\n\t<meta property=\"og:image:type\" content=\"image\/jpeg\" \/>\n<meta name=\"twitter:card\" content=\"summary_large_image\" \/>\n<meta name=\"twitter:label1\" content=\"Gesch\u00e4tzte Lesezeit\" \/>\n\t<meta name=\"twitter:data1\" content=\"1\u00a0Minute\" \/>\n<script type=\"application\/ld+json\" class=\"yoast-schema-graph\">{\"@context\":\"https:\\\/\\\/schema.org\",\"@graph\":[{\"@type\":\"WebPage\",\"@id\":\"https:\\\/\\\/medicinasinc.com\\\/de\\\/product\\\/kaufen-gelato-haschisch-online\\\/\",\"url\":\"https:\\\/\\\/medicinasinc.com\\\/de\\\/product\\\/kaufen-gelato-haschisch-online\\\/\",\"name\":\"Kaufen Sie Gelato Hash online - die besten besten globalen Medikamente\",\"isPartOf\":{\"@id\":\"https:\\\/\\\/medicinasinc.com\\\/de\\\/#website\"},\"primaryImageOfPage\":{\"@id\":\"https:\\\/\\\/medicinasinc.com\\\/de\\\/product\\\/kaufen-gelato-haschisch-online\\\/#primaryimage\"},\"image\":{\"@id\":\"https:\\\/\\\/medicinasinc.com\\\/de\\\/product\\\/kaufen-gelato-haschisch-online\\\/#primaryimage\"},\"thumbnailUrl\":\"https:\\\/\\\/medicinasinc.com\\\/de\\\/wp-content\\\/uploads\\\/sites\\\/6\\\/2022\\\/02\\\/Buy-Gelato-Hash-Online.jpg\",\"datePublished\":\"2022-02-20T14:16:39+00:00\",\"dateModified\":\"2022-03-18T00:50:51+00:00\",\"description\":\"Kaufen Sie Gelato Hash zum Verkauf online in Gro\u00dfbritannien, Europa! Hasch der Sorte Gelato ist etwas Leckeres f\u00fcr unsere Haschkenner und diejenigen, die sich in die gl\u00fcckselige Welt des Haschisch wagen m\u00f6chten.\",\"breadcrumb\":{\"@id\":\"https:\\\/\\\/medicinasinc.com\\\/de\\\/product\\\/kaufen-gelato-haschisch-online\\\/#breadcrumb\"},\"inLanguage\":\"de\",\"potentialAction\":[{\"@type\":\"ReadAction\",\"target\":[\"https:\\\/\\\/medicinasinc.com\\\/de\\\/product\\\/kaufen-gelato-haschisch-online\\\/\"]}]},{\"@type\":\"ImageObject\",\"inLanguage\":\"de\",\"@id\":\"https:\\\/\\\/medicinasinc.com\\\/de\\\/product\\\/kaufen-gelato-haschisch-online\\\/#primaryimage\",\"url\":\"https:\\\/\\\/medicinasinc.com\\\/de\\\/wp-content\\\/uploads\\\/sites\\\/6\\\/2022\\\/02\\\/Buy-Gelato-Hash-Online.jpg\",\"contentUrl\":\"https:\\\/\\\/medicinasinc.com\\\/de\\\/wp-content\\\/uploads\\\/sites\\\/6\\\/2022\\\/02\\\/Buy-Gelato-Hash-Online.jpg\",\"width\":600,\"height\":600},{\"@type\":\"BreadcrumbList\",\"@id\":\"https:\\\/\\\/medicinasinc.com\\\/de\\\/product\\\/kaufen-gelato-haschisch-online\\\/#breadcrumb\",\"itemListElement\":[{\"@type\":\"ListItem\",\"position\":1,\"name\":\"Einkaufen\",\"item\":\"https:\\\/\\\/medicinasinc.com\\\/de\\\/einkaufen\\\/\"},{\"@type\":\"ListItem\",\"position\":2,\"name\":\"Kaufen Sie Gelato Hash online\"}]},{\"@type\":\"WebSite\",\"@id\":\"https:\\\/\\\/medicinasinc.com\\\/de\\\/#website\",\"url\":\"https:\\\/\\\/medicinasinc.com\\\/de\\\/\",\"name\":\"Medicinas Inc\",\"description\":\"Health Medical Clinic\",\"potentialAction\":[{\"@type\":\"SearchAction\",\"target\":{\"@type\":\"EntryPoint\",\"urlTemplate\":\"https:\\\/\\\/medicinasinc.com\\\/de\\\/?s={search_term_string}\"},\"query-input\":{\"@type\":\"PropertyValueSpecification\",\"valueRequired\":true,\"valueName\":\"search_term_string\"}}],\"inLanguage\":\"de\"}]}<\/script>\n<!-- \/ Yoast SEO plugin. -->","yoast_head_json":{"title":"Kaufen Sie Gelato Hash online - die besten besten globalen Medikamente","description":"Kaufen Sie Gelato Hash zum Verkauf online in Gro\u00dfbritannien, Europa! Hasch der Sorte Gelato ist etwas Leckeres f\u00fcr unsere Haschkenner und diejenigen, die sich in die gl\u00fcckselige Welt des Haschisch wagen m\u00f6chten.","robots":{"index":"index","follow":"follow","max-snippet":"max-snippet:-1","max-image-preview":"max-image-preview:large","max-video-preview":"max-video-preview:-1"},"canonical":"https:\/\/medicinasinc.com\/de\/product\/kaufen-gelato-haschisch-online\/","og_locale":"de_DE","og_type":"article","og_title":"Kaufen Sie Gelato Hash online - die besten besten globalen Medikamente","og_description":"Kaufen Sie Gelato Hash zum Verkauf online in Gro\u00dfbritannien, Europa! Hasch der Sorte Gelato ist etwas Leckeres f\u00fcr unsere Haschkenner und diejenigen, die sich in die gl\u00fcckselige Welt des Haschisch wagen m\u00f6chten.","og_url":"https:\/\/medicinasinc.com\/de\/product\/kaufen-gelato-haschisch-online\/","og_site_name":"Medicinas Inc","article_modified_time":"2022-03-18T00:50:51+00:00","og_image":[{"width":600,"height":600,"url":"https:\/\/medicinasinc.com\/de\/wp-content\/uploads\/sites\/6\/2022\/02\/Buy-Gelato-Hash-Online.jpg","type":"image\/jpeg"}],"twitter_card":"summary_large_image","twitter_misc":{"Gesch\u00e4tzte Lesezeit":"1\u00a0Minute"},"schema":{"@context":"https:\/\/schema.org","@graph":[{"@type":"WebPage","@id":"https:\/\/medicinasinc.com\/de\/product\/kaufen-gelato-haschisch-online\/","url":"https:\/\/medicinasinc.com\/de\/product\/kaufen-gelato-haschisch-online\/","name":"Kaufen Sie Gelato Hash online - die besten besten globalen Medikamente","isPartOf":{"@id":"https:\/\/medicinasinc.com\/de\/#website"},"primaryImageOfPage":{"@id":"https:\/\/medicinasinc.com\/de\/product\/kaufen-gelato-haschisch-online\/#primaryimage"},"image":{"@id":"https:\/\/medicinasinc.com\/de\/product\/kaufen-gelato-haschisch-online\/#primaryimage"},"thumbnailUrl":"https:\/\/medicinasinc.com\/de\/wp-content\/uploads\/sites\/6\/2022\/02\/Buy-Gelato-Hash-Online.jpg","datePublished":"2022-02-20T14:16:39+00:00","dateModified":"2022-03-18T00:50:51+00:00","description":"Kaufen Sie Gelato Hash zum Verkauf online in Gro\u00dfbritannien, Europa! Hasch der Sorte Gelato ist etwas Leckeres f\u00fcr unsere Haschkenner und diejenigen, die sich in die gl\u00fcckselige Welt des Haschisch wagen m\u00f6chten.","breadcrumb":{"@id":"https:\/\/medicinasinc.com\/de\/product\/kaufen-gelato-haschisch-online\/#breadcrumb"},"inLanguage":"de","potentialAction":[{"@type":"ReadAction","target":["https:\/\/medicinasinc.com\/de\/product\/kaufen-gelato-haschisch-online\/"]}]},{"@type":"ImageObject","inLanguage":"de","@id":"https:\/\/medicinasinc.com\/de\/product\/kaufen-gelato-haschisch-online\/#primaryimage","url":"https:\/\/medicinasinc.com\/de\/wp-content\/uploads\/sites\/6\/2022\/02\/Buy-Gelato-Hash-Online.jpg","contentUrl":"https:\/\/medicinasinc.com\/de\/wp-content\/uploads\/sites\/6\/2022\/02\/Buy-Gelato-Hash-Online.jpg","width":600,"height":600},{"@type":"BreadcrumbList","@id":"https:\/\/medicinasinc.com\/de\/product\/kaufen-gelato-haschisch-online\/#breadcrumb","itemListElement":[{"@type":"ListItem","position":1,"name":"Einkaufen","item":"https:\/\/medicinasinc.com\/de\/einkaufen\/"},{"@type":"ListItem","position":2,"name":"Kaufen Sie Gelato Hash online"}]},{"@type":"WebSite","@id":"https:\/\/medicinasinc.com\/de\/#website","url":"https:\/\/medicinasinc.com\/de\/","name":"Medicinas Inc","description":"Health Medical Clinic","potentialAction":[{"@type":"SearchAction","target":{"@type":"EntryPoint","urlTemplate":"https:\/\/medicinasinc.com\/de\/?s={search_term_string}"},"query-input":{"@type":"PropertyValueSpecification","valueRequired":true,"valueName":"search_term_string"}}],"inLanguage":"de"}]}},"_links":{"self":[{"href":"https:\/\/medicinasinc.com\/de\/wp-json\/wp\/v2\/product\/4651","targetHints":{"allow":["GET"]}}],"collection":[{"href":"https:\/\/medicinasinc.com\/de\/wp-json\/wp\/v2\/product"}],"about":[{"href":"https:\/\/medicinasinc.com\/de\/wp-json\/wp\/v2\/types\/product"}],"replies":[{"embeddable":true,"href":"https:\/\/medicinasinc.com\/de\/wp-json\/wp\/v2\/comments?post=4651"}],"wp:featuredmedia":[{"embeddable":true,"href":"https:\/\/medicinasinc.com\/de\/wp-json\/wp\/v2\/media\/4663"}],"wp:attachment":[{"href":"https:\/\/medicinasinc.com\/de\/wp-json\/wp\/v2\/media?parent=4651"}],"wp:term":[{"taxonomy":"product_brand","embeddable":true,"href":"https:\/\/medicinasinc.com\/de\/wp-json\/wp\/v2\/product_brand?post=4651"},{"taxonomy":"product_cat","embeddable":true,"href":"https:\/\/medicinasinc.com\/de\/wp-json\/wp\/v2\/product_cat?post=4651"},{"taxonomy":"product_tag","embeddable":true,"href":"https:\/\/medicinasinc.com\/de\/wp-json\/wp\/v2\/product_tag?post=4651"}],"curies":[{"name":"wp","href":"https:\/\/api.w.org\/{rel}","templated":true}]}}