{"id":4635,"date":"2022-02-20T14:04:42","date_gmt":"2022-02-20T14:04:42","guid":{"rendered":"https:\/\/medicinasinc.com\/de\/?post_type=product&#038;p=4635"},"modified":"2022-03-18T00:51:01","modified_gmt":"2022-03-18T00:51:01","slug":"kaufen-charas-hash","status":"publish","type":"product","link":"https:\/\/medicinasinc.com\/de\/product\/kaufen-charas-hash\/","title":{"rendered":"Charas Hash kaufen"},"content":{"rendered":"<p>Online-Kauf von Charas Hash<\/p>\n<p>Online-Kauf von Charas Hash. Erstellt durch sorgf\u00e4ltiges Scheuern weiblicher Knospen zwischen den Fingern. Das Pech wird in Hash-Balls geliefert und vor dem Versand in Standardbrocken gepresst. Au\u00dfen schwarz, innen schwach gr\u00fcnlich\/dunkel gef\u00e4rbt. Aroma: W\u00fcrzig bis extrem pikant. Es hat ein unverwechselbares Aroma. Geschmack: Sehr scharf, ziemlich harsch im Hals, aber weit weniger als Afghani. Konsistenz: Extrem zart, \u00e4hnlich wie Afghani in seiner F\u00e4higkeit, effektiv massiert zu werden. Gelegentlich sehr fein, aber konstant dick. Wirkung: Extrem stoned und k\u00f6rperlich anregendes High. Gehirn. Potent bis extrem potent. Charas produziert wie Nepali h\u00e4ufig exzellenten Rauch. (10-26% THC) Verf\u00fcgbarkeit: Extrem selten; Gelegentlich werden sehr kleine Mengen verf\u00fcgbar. Der Gro\u00dfteil dieser Art von Haschisch wird von privaten Reisenden nach Indien importiert. Nat\u00fcrlich sind die Kosten f\u00fcr nepalesische Verh\u00e4ltnisse hoch. Charas wird normalerweise als &#8222;Finger&#8220; verkauft, was ein Haschisch in Form eines Hotdogs ist.<\/p>\n","protected":false},"excerpt":{"rendered":"<div class=\"woocommerce-product-details__short-description\">\n<p>Kaufen Sie Charas Hash zum Verkauf UK, Europa Online g\u00fcnstig mit weltweitem Versand. Es ist ein unverwechselbares und robustes Konzentrat, das sehr gut gegen Schmerzen, Angst und \u00dcbelkeit ist.<\/p>\n<\/p><\/div>\n","protected":false},"featured_media":4649,"comment_status":"open","ping_status":"closed","template":"","meta":[],"product_brand":[],"product_cat":[610],"product_tag":[],"class_list":{"0":"post-4635","1":"product","2":"type-product","3":"status-publish","4":"has-post-thumbnail","6":"product_cat-kaufen-sie-haschisch-haschisch","8":"first","9":"instock","10":"shipping-taxable","11":"purchasable","12":"product-type-variable","13":"has-default-attributes"},"yoast_head":"<!-- This site is optimized with the Yoast SEO plugin v27.2 - https:\/\/yoast.com\/product\/yoast-seo-wordpress\/ -->\n<title>Kaufen Sie Charas Hash - Best Best Global Meds<\/title>\n<meta name=\"description\" content=\"Kaufen Sie Charas Hash zum Verkauf UK, Europa Online g\u00fcnstig mit weltweitem Versand. Es ist ein unverwechselbares und robustes Konzentrat, das sehr gut gegen Schmerzen, Angst und \u00dcbelkeit ist.\" \/>\n<meta name=\"robots\" content=\"index, follow, max-snippet:-1, max-image-preview:large, max-video-preview:-1\" \/>\n<link rel=\"canonical\" href=\"https:\/\/medicinasinc.com\/de\/product\/kaufen-charas-hash\/\" \/>\n<meta property=\"og:locale\" content=\"de_DE\" \/>\n<meta property=\"og:type\" content=\"article\" \/>\n<meta property=\"og:title\" content=\"Kaufen Sie Charas Hash - Best Best Global Meds\" \/>\n<meta property=\"og:description\" content=\"Kaufen Sie Charas Hash zum Verkauf UK, Europa Online g\u00fcnstig mit weltweitem Versand. Es ist ein unverwechselbares und robustes Konzentrat, das sehr gut gegen Schmerzen, Angst und \u00dcbelkeit ist.\" \/>\n<meta property=\"og:url\" content=\"https:\/\/medicinasinc.com\/de\/product\/kaufen-charas-hash\/\" \/>\n<meta property=\"og:site_name\" content=\"Medicinas Inc\" \/>\n<meta property=\"article:modified_time\" content=\"2022-03-18T00:51:01+00:00\" \/>\n<meta property=\"og:image\" content=\"https:\/\/medicinasinc.com\/de\/wp-content\/uploads\/sites\/6\/2022\/02\/Buy-Charas-Hash-Online.jpg\" \/>\n\t<meta property=\"og:image:width\" content=\"600\" \/>\n\t<meta property=\"og:image:height\" content=\"600\" \/>\n\t<meta property=\"og:image:type\" content=\"image\/jpeg\" \/>\n<meta name=\"twitter:card\" content=\"summary_large_image\" \/>\n<meta name=\"twitter:label1\" content=\"Gesch\u00e4tzte Lesezeit\" \/>\n\t<meta name=\"twitter:data1\" content=\"1\u00a0Minute\" \/>\n<script type=\"application\/ld+json\" class=\"yoast-schema-graph\">{\"@context\":\"https:\/\/schema.org\",\"@graph\":[{\"@type\":\"WebPage\",\"@id\":\"https:\/\/medicinasinc.com\/de\/product\/kaufen-charas-hash\/\",\"url\":\"https:\/\/medicinasinc.com\/de\/product\/kaufen-charas-hash\/\",\"name\":\"Kaufen Sie Charas Hash - Best Best Global Meds\",\"isPartOf\":{\"@id\":\"https:\/\/medicinasinc.com\/de\/#website\"},\"primaryImageOfPage\":{\"@id\":\"https:\/\/medicinasinc.com\/de\/product\/kaufen-charas-hash\/#primaryimage\"},\"image\":{\"@id\":\"https:\/\/medicinasinc.com\/de\/product\/kaufen-charas-hash\/#primaryimage\"},\"thumbnailUrl\":\"https:\/\/medicinasinc.com\/de\/wp-content\/uploads\/sites\/6\/2022\/02\/Buy-Charas-Hash-Online.jpg\",\"datePublished\":\"2022-02-20T14:04:42+00:00\",\"dateModified\":\"2022-03-18T00:51:01+00:00\",\"description\":\"Kaufen Sie Charas Hash zum Verkauf UK, Europa Online g\u00fcnstig mit weltweitem Versand. Es ist ein unverwechselbares und robustes Konzentrat, das sehr gut gegen Schmerzen, Angst und \u00dcbelkeit ist.\",\"breadcrumb\":{\"@id\":\"https:\/\/medicinasinc.com\/de\/product\/kaufen-charas-hash\/#breadcrumb\"},\"inLanguage\":\"de\",\"potentialAction\":[{\"@type\":\"ReadAction\",\"target\":[\"https:\/\/medicinasinc.com\/de\/product\/kaufen-charas-hash\/\"]}]},{\"@type\":\"ImageObject\",\"inLanguage\":\"de\",\"@id\":\"https:\/\/medicinasinc.com\/de\/product\/kaufen-charas-hash\/#primaryimage\",\"url\":\"https:\/\/medicinasinc.com\/de\/wp-content\/uploads\/sites\/6\/2022\/02\/Buy-Charas-Hash-Online.jpg\",\"contentUrl\":\"https:\/\/medicinasinc.com\/de\/wp-content\/uploads\/sites\/6\/2022\/02\/Buy-Charas-Hash-Online.jpg\",\"width\":600,\"height\":600},{\"@type\":\"BreadcrumbList\",\"@id\":\"https:\/\/medicinasinc.com\/de\/product\/kaufen-charas-hash\/#breadcrumb\",\"itemListElement\":[{\"@type\":\"ListItem\",\"position\":1,\"name\":\"Einkaufen\",\"item\":\"https:\/\/medicinasinc.com\/de\/einkaufen\/\"},{\"@type\":\"ListItem\",\"position\":2,\"name\":\"Charas Hash kaufen\"}]},{\"@type\":\"WebSite\",\"@id\":\"https:\/\/medicinasinc.com\/de\/#website\",\"url\":\"https:\/\/medicinasinc.com\/de\/\",\"name\":\"Medicinas Inc\",\"description\":\"Health Medical Clinic\",\"potentialAction\":[{\"@type\":\"SearchAction\",\"target\":{\"@type\":\"EntryPoint\",\"urlTemplate\":\"https:\/\/medicinasinc.com\/de\/?s={search_term_string}\"},\"query-input\":{\"@type\":\"PropertyValueSpecification\",\"valueRequired\":true,\"valueName\":\"search_term_string\"}}],\"inLanguage\":\"de\"}]}<\/script>\n<!-- \/ Yoast SEO plugin. -->","yoast_head_json":{"title":"Kaufen Sie Charas Hash - Best Best Global Meds","description":"Kaufen Sie Charas Hash zum Verkauf UK, Europa Online g\u00fcnstig mit weltweitem Versand. Es ist ein unverwechselbares und robustes Konzentrat, das sehr gut gegen Schmerzen, Angst und \u00dcbelkeit ist.","robots":{"index":"index","follow":"follow","max-snippet":"max-snippet:-1","max-image-preview":"max-image-preview:large","max-video-preview":"max-video-preview:-1"},"canonical":"https:\/\/medicinasinc.com\/de\/product\/kaufen-charas-hash\/","og_locale":"de_DE","og_type":"article","og_title":"Kaufen Sie Charas Hash - Best Best Global Meds","og_description":"Kaufen Sie Charas Hash zum Verkauf UK, Europa Online g\u00fcnstig mit weltweitem Versand. Es ist ein unverwechselbares und robustes Konzentrat, das sehr gut gegen Schmerzen, Angst und \u00dcbelkeit ist.","og_url":"https:\/\/medicinasinc.com\/de\/product\/kaufen-charas-hash\/","og_site_name":"Medicinas Inc","article_modified_time":"2022-03-18T00:51:01+00:00","og_image":[{"width":600,"height":600,"url":"https:\/\/medicinasinc.com\/de\/wp-content\/uploads\/sites\/6\/2022\/02\/Buy-Charas-Hash-Online.jpg","type":"image\/jpeg"}],"twitter_card":"summary_large_image","twitter_misc":{"Gesch\u00e4tzte Lesezeit":"1\u00a0Minute"},"schema":{"@context":"https:\/\/schema.org","@graph":[{"@type":"WebPage","@id":"https:\/\/medicinasinc.com\/de\/product\/kaufen-charas-hash\/","url":"https:\/\/medicinasinc.com\/de\/product\/kaufen-charas-hash\/","name":"Kaufen Sie Charas Hash - Best Best Global Meds","isPartOf":{"@id":"https:\/\/medicinasinc.com\/de\/#website"},"primaryImageOfPage":{"@id":"https:\/\/medicinasinc.com\/de\/product\/kaufen-charas-hash\/#primaryimage"},"image":{"@id":"https:\/\/medicinasinc.com\/de\/product\/kaufen-charas-hash\/#primaryimage"},"thumbnailUrl":"https:\/\/medicinasinc.com\/de\/wp-content\/uploads\/sites\/6\/2022\/02\/Buy-Charas-Hash-Online.jpg","datePublished":"2022-02-20T14:04:42+00:00","dateModified":"2022-03-18T00:51:01+00:00","description":"Kaufen Sie Charas Hash zum Verkauf UK, Europa Online g\u00fcnstig mit weltweitem Versand. Es ist ein unverwechselbares und robustes Konzentrat, das sehr gut gegen Schmerzen, Angst und \u00dcbelkeit ist.","breadcrumb":{"@id":"https:\/\/medicinasinc.com\/de\/product\/kaufen-charas-hash\/#breadcrumb"},"inLanguage":"de","potentialAction":[{"@type":"ReadAction","target":["https:\/\/medicinasinc.com\/de\/product\/kaufen-charas-hash\/"]}]},{"@type":"ImageObject","inLanguage":"de","@id":"https:\/\/medicinasinc.com\/de\/product\/kaufen-charas-hash\/#primaryimage","url":"https:\/\/medicinasinc.com\/de\/wp-content\/uploads\/sites\/6\/2022\/02\/Buy-Charas-Hash-Online.jpg","contentUrl":"https:\/\/medicinasinc.com\/de\/wp-content\/uploads\/sites\/6\/2022\/02\/Buy-Charas-Hash-Online.jpg","width":600,"height":600},{"@type":"BreadcrumbList","@id":"https:\/\/medicinasinc.com\/de\/product\/kaufen-charas-hash\/#breadcrumb","itemListElement":[{"@type":"ListItem","position":1,"name":"Einkaufen","item":"https:\/\/medicinasinc.com\/de\/einkaufen\/"},{"@type":"ListItem","position":2,"name":"Charas Hash kaufen"}]},{"@type":"WebSite","@id":"https:\/\/medicinasinc.com\/de\/#website","url":"https:\/\/medicinasinc.com\/de\/","name":"Medicinas Inc","description":"Health Medical Clinic","potentialAction":[{"@type":"SearchAction","target":{"@type":"EntryPoint","urlTemplate":"https:\/\/medicinasinc.com\/de\/?s={search_term_string}"},"query-input":{"@type":"PropertyValueSpecification","valueRequired":true,"valueName":"search_term_string"}}],"inLanguage":"de"}]}},"_links":{"self":[{"href":"https:\/\/medicinasinc.com\/de\/wp-json\/wp\/v2\/product\/4635","targetHints":{"allow":["GET"]}}],"collection":[{"href":"https:\/\/medicinasinc.com\/de\/wp-json\/wp\/v2\/product"}],"about":[{"href":"https:\/\/medicinasinc.com\/de\/wp-json\/wp\/v2\/types\/product"}],"replies":[{"embeddable":true,"href":"https:\/\/medicinasinc.com\/de\/wp-json\/wp\/v2\/comments?post=4635"}],"wp:featuredmedia":[{"embeddable":true,"href":"https:\/\/medicinasinc.com\/de\/wp-json\/wp\/v2\/media\/4649"}],"wp:attachment":[{"href":"https:\/\/medicinasinc.com\/de\/wp-json\/wp\/v2\/media?parent=4635"}],"wp:term":[{"taxonomy":"product_brand","embeddable":true,"href":"https:\/\/medicinasinc.com\/de\/wp-json\/wp\/v2\/product_brand?post=4635"},{"taxonomy":"product_cat","embeddable":true,"href":"https:\/\/medicinasinc.com\/de\/wp-json\/wp\/v2\/product_cat?post=4635"},{"taxonomy":"product_tag","embeddable":true,"href":"https:\/\/medicinasinc.com\/de\/wp-json\/wp\/v2\/product_tag?post=4635"}],"curies":[{"name":"wp","href":"https:\/\/api.w.org\/{rel}","templated":true}]}}