{"id":4627,"date":"2022-02-20T13:57:00","date_gmt":"2022-02-20T13:57:00","guid":{"rendered":"https:\/\/medicinasinc.com\/de\/?post_type=product&#038;p=4627"},"modified":"2022-03-18T00:51:21","modified_gmt":"2022-03-18T00:51:21","slug":"kaufen-bc-hash","status":"publish","type":"product","link":"https:\/\/medicinasinc.com\/de\/product\/kaufen-bc-hash\/","title":{"rendered":"Kaufen Sie BC-Hash"},"content":{"rendered":"<div class=\"woocommerce-tabs wc-tabs-wrapper\">\n<div id=\"tab-description\" class=\"woocommerce-Tabs-panel woocommerce-Tabs-panel--description panel entry-content wc-tab\" role=\"tabpanel\" aria-labelledby=\"tab-title-description\">\n<p>BC-Hash kann online gekauft werden.<\/p>\n<p>M\u00f6chten Sie heute etwas Neues ausprobieren? Unsere Empfehlung ist, sich dieses hochwertige Haschisch anzusehen, das sowohl bei Anf\u00e4ngern als auch bei erfahrenen Marihuana-Anwendern beliebt ist. BC-Hash kann online gekauft werden.<\/p>\n<p>BC Hash hat ein ausgepr\u00e4gtes Pinienaroma und -geschmack.<\/p>\n<p>W\u00e4hrend viele Menschen einen starken Duft erwarten, ist die Realit\u00e4t, dass es ziemlich mild ist Dieses Produkt ist auch sehr praktisch. Das Beste daran ist, dass das High nicht sofort einsetzt, sodass Sie sich Zeit nehmen und damit rechnen k\u00f6nnen, dass es lange anh\u00e4lt. Dies ist eine ausgezeichnete Option f\u00fcr diejenigen, die einen Tag der Entspannung suchen, sowie f\u00fcr diejenigen, die Angst bek\u00e4mpfen m\u00f6chten. Wir versenden in die Vereinigten Staaten von Amerika, das Vereinigte K\u00f6nigreich, Australien, Kanada und Europa sowie international.<\/p>\n<\/p><\/div><\/div>\n","protected":false},"excerpt":{"rendered":"<p>Kaufen Sie BC Hash zum Verkauf in Gro\u00dfbritannien Online zum besten globalen Durcheinander. Bestellen Sie Hasch\u00f6lprodukte und BC-Hasch. Kaufen Sie hier Gras online und erhalten Sie schnellen Versand \u00fcberall in Europa, Gro\u00dfbritannien.<\/p>\n<p>&nbsp;<\/p>\n<ul>\n<li>Weltweiter Versand<\/li>\n<li><strong>Qualit\u00e4t: AAAA<\/strong><\/li>\n<li><strong>Kontaktieren Sie uns<\/strong>\u00a0f\u00fcr gr\u00f6\u00dfere Bestellungen<\/li>\n<\/ul>\n","protected":false},"featured_media":4639,"comment_status":"open","ping_status":"closed","template":"","meta":[],"product_brand":[],"product_cat":[610],"product_tag":[611,612,614,671,673,675,676,613,615,616,623,624,625,454,455,627,630,631,459,635,639,461,640,641,645,646,470,647,473,475,649,650,653,655,648,618,617,620,644,622,621,629,633,632,634,636,637,638,643,651,656,659,626,657,658,663,672,674,628,652,665,664,668,669,670,667,666,678,680,677,642,619,679,681,660,662,661,682,654],"class_list":{"0":"post-4627","1":"product","2":"type-product","3":"status-publish","4":"has-post-thumbnail","6":"product_cat-kaufen-sie-haschisch-haschisch","7":"product_tag-420-versandhandel-marihuana-usa","8":"product_tag-420-versandhandel-usa","9":"product_tag-best-online-dispensary","10":"product_tag-bestellung-kush-online-usa","11":"product_tag-marihuana-online-europa-bestellen","12":"product_tag-bestellung-marihuana-online-usa","13":"product_tag-order-marihuana-online-world-wide-versand","14":"product_tag-best-marihuana-online-shop-usa","15":"product_tag-buy-cannabis-oil-online","16":"product_tag-buy-cannabis-online-kuwait","17":"product_tag-buy-high-thc-cannabis-oil-online","18":"product_tag-buy-kush-online","19":"product_tag-buy-kush-online-usa","20":"product_tag-buy-marijuana-edibles-online","21":"product_tag-buy-marijuana-online","22":"product_tag-buy-marijuana-online-australia","23":"product_tag-buy-marijuana-online-discreet-packaging","24":"product_tag-buy-marijuana-online-latin-american","25":"product_tag-buy-marijuana-online-usa","26":"product_tag-buy-marijuana-online-with-worldwide-shipping","27":"product_tag-buy-marijuana-wax-online-uk","28":"product_tag-buy-medical-marijuana-online","29":"product_tag-buy-moon-rocks-online","30":"product_tag-buy-pre-rolled-joints-online","31":"product_tag-buy-wax-online-with-worldwide-shipping","32":"product_tag-buy-weed-edibles-online","33":"product_tag-buy-weed-online","34":"product_tag-buy-weed-online-asia","35":"product_tag-buy-weed-online-europe","36":"product_tag-buy-weed-online-uk","37":"product_tag-buy-weed-online-usa","38":"product_tag-buy-weed-online-with-worldwide-shipping","39":"product_tag-buying-weed-online-usa-reviews","40":"product_tag-esswaren-weltweiter-versand","41":"product_tag-weed-online-australien-kaufen","42":"product_tag-kaufen-billiges-gras-online-usa","43":"product_tag-kaufen-cannabis-online-malaysia","44":"product_tag-kaufen-dabs-online-mailorder","45":"product_tag-kaufen-thc-wachs-online","46":"product_tag-hash-online-uk-kaufen","47":"product_tag-hashl-online-australien-kaufen","48":"product_tag-marihuana-online-kaufen-ca","49":"product_tag-kaufen-marihuana-online-nahost","50":"product_tag-kaufen-marihuana-online-malaysia","51":"product_tag-kaufen-marihuana-online-uk","52":"product_tag-kaufe-marihuana-shatter-wax-online-mit-weltweitem-versand","53":"product_tag-kaufen-marihuana-shatterwax-online-mit-weltweitem-versand","54":"product_tag-kaufen-marihuana-wachs-online-australien","55":"product_tag-thc-l-online-kaufen","56":"product_tag-weed-wachs-online-mit-weltweitem-versand-kaufen","57":"product_tag-legal-marijuana-for-sale-usa","58":"product_tag-legaler-online-apothekenversand-weltweit","59":"product_tag-legales-gras-online-kaufen","60":"product_tag-legit-online-dispensary","61":"product_tag-legit-online-dispensary-shipping-usa","62":"product_tag-mail-order-weed-online-with-worldwide-shipping","63":"product_tag-marihuana-online-bestellen","64":"product_tag-marihuana-online-frankreich-bestellen","65":"product_tag-kaufen-marihuana-online-brasilien","66":"product_tag-marihuana-online-kaufen-usa","67":"product_tag-marihuana-online-usa","68":"product_tag-marihuana-zu-verkaufen-usa","69":"product_tag-online-dispensary-shipping-usa","70":"product_tag-online-dispensary-shipping-worldwide","71":"product_tag-online-dispensary-shipping-worldwide-reviews","72":"product_tag-online-apotheke-versand-uk","73":"product_tag-online-apotheken-versand","74":"product_tag-order-weed-online","75":"product_tag-ordering-weed-online-in-usa","76":"product_tag-bestellung-shatter-online-usa","77":"product_tag-splitterwachs-online-kaufen","78":"product_tag-kaufen-dabs-online","79":"product_tag-bestellen-unkraut-online-usa","80":"product_tag-unkraut-zum-verkauf-online-usa","81":"product_tag-mail-order-marihuana-online","82":"product_tag-marihuana-online-versandhandel-mit-weltweitem-versand","83":"product_tag-mail-order-marihuana-online-usa","84":"product_tag-weltweiter-cannabis-online-shop","85":"product_tag-kalifornien-dispensary-versand-weltweit","87":"first","88":"instock","89":"shipping-taxable","90":"purchasable","91":"product-type-variable","92":"has-default-attributes"},"yoast_head":"<!-- This site is optimized with the Yoast SEO plugin v27.3 - https:\/\/yoast.com\/product\/yoast-seo-wordpress\/ -->\n<title>Kaufen Sie BC Hash online - die besten besten globalen Medikamente<\/title>\n<meta name=\"description\" content=\"Kaufen Sie BC Hash zum Verkauf in Gro\u00dfbritannien Online zum besten globalen Durcheinander. Bestellen Sie Hasch\u00f6lprodukte und BC-Hasch. Kaufen Sie hier Gras online und erhalten Sie schnellen Versand \u00fcberall in Europa, Gro\u00dfbritannien.\" \/>\n<meta name=\"robots\" content=\"index, follow, max-snippet:-1, max-image-preview:large, max-video-preview:-1\" \/>\n<link rel=\"canonical\" href=\"https:\/\/medicinasinc.com\/de\/product\/kaufen-bc-hash\/\" \/>\n<meta property=\"og:locale\" content=\"de_DE\" \/>\n<meta property=\"og:type\" content=\"article\" \/>\n<meta property=\"og:title\" content=\"Kaufen Sie BC Hash online - die besten besten globalen Medikamente\" \/>\n<meta property=\"og:description\" content=\"Kaufen Sie BC Hash zum Verkauf in Gro\u00dfbritannien Online zum besten globalen Durcheinander. Bestellen Sie Hasch\u00f6lprodukte und BC-Hasch. Kaufen Sie hier Gras online und erhalten Sie schnellen Versand \u00fcberall in Europa, Gro\u00dfbritannien.\" \/>\n<meta property=\"og:url\" content=\"https:\/\/medicinasinc.com\/de\/product\/kaufen-bc-hash\/\" \/>\n<meta property=\"og:site_name\" content=\"Medicinas Inc\" \/>\n<meta property=\"article:modified_time\" content=\"2022-03-18T00:51:21+00:00\" \/>\n<meta property=\"og:image\" content=\"https:\/\/medicinasinc.com\/de\/wp-content\/uploads\/sites\/6\/2022\/02\/Buy-BC-Hash.jpg\" \/>\n\t<meta property=\"og:image:width\" content=\"600\" \/>\n\t<meta property=\"og:image:height\" content=\"600\" \/>\n\t<meta property=\"og:image:type\" content=\"image\/jpeg\" \/>\n<meta name=\"twitter:card\" content=\"summary_large_image\" \/>\n<meta name=\"twitter:label1\" content=\"Gesch\u00e4tzte Lesezeit\" \/>\n\t<meta name=\"twitter:data1\" content=\"1\u00a0Minute\" \/>\n<script type=\"application\/ld+json\" class=\"yoast-schema-graph\">{\"@context\":\"https:\\\/\\\/schema.org\",\"@graph\":[{\"@type\":\"WebPage\",\"@id\":\"https:\\\/\\\/medicinasinc.com\\\/de\\\/product\\\/kaufen-bc-hash\\\/\",\"url\":\"https:\\\/\\\/medicinasinc.com\\\/de\\\/product\\\/kaufen-bc-hash\\\/\",\"name\":\"Kaufen Sie BC Hash online - die besten besten globalen Medikamente\",\"isPartOf\":{\"@id\":\"https:\\\/\\\/medicinasinc.com\\\/de\\\/#website\"},\"primaryImageOfPage\":{\"@id\":\"https:\\\/\\\/medicinasinc.com\\\/de\\\/product\\\/kaufen-bc-hash\\\/#primaryimage\"},\"image\":{\"@id\":\"https:\\\/\\\/medicinasinc.com\\\/de\\\/product\\\/kaufen-bc-hash\\\/#primaryimage\"},\"thumbnailUrl\":\"https:\\\/\\\/medicinasinc.com\\\/de\\\/wp-content\\\/uploads\\\/sites\\\/6\\\/2022\\\/02\\\/Buy-BC-Hash.jpg\",\"datePublished\":\"2022-02-20T13:57:00+00:00\",\"dateModified\":\"2022-03-18T00:51:21+00:00\",\"description\":\"Kaufen Sie BC Hash zum Verkauf in Gro\u00dfbritannien Online zum besten globalen Durcheinander. Bestellen Sie Hasch\u00f6lprodukte und BC-Hasch. Kaufen Sie hier Gras online und erhalten Sie schnellen Versand \u00fcberall in Europa, Gro\u00dfbritannien.\",\"breadcrumb\":{\"@id\":\"https:\\\/\\\/medicinasinc.com\\\/de\\\/product\\\/kaufen-bc-hash\\\/#breadcrumb\"},\"inLanguage\":\"de\",\"potentialAction\":[{\"@type\":\"ReadAction\",\"target\":[\"https:\\\/\\\/medicinasinc.com\\\/de\\\/product\\\/kaufen-bc-hash\\\/\"]}]},{\"@type\":\"ImageObject\",\"inLanguage\":\"de\",\"@id\":\"https:\\\/\\\/medicinasinc.com\\\/de\\\/product\\\/kaufen-bc-hash\\\/#primaryimage\",\"url\":\"https:\\\/\\\/medicinasinc.com\\\/de\\\/wp-content\\\/uploads\\\/sites\\\/6\\\/2022\\\/02\\\/Buy-BC-Hash.jpg\",\"contentUrl\":\"https:\\\/\\\/medicinasinc.com\\\/de\\\/wp-content\\\/uploads\\\/sites\\\/6\\\/2022\\\/02\\\/Buy-BC-Hash.jpg\",\"width\":600,\"height\":600},{\"@type\":\"BreadcrumbList\",\"@id\":\"https:\\\/\\\/medicinasinc.com\\\/de\\\/product\\\/kaufen-bc-hash\\\/#breadcrumb\",\"itemListElement\":[{\"@type\":\"ListItem\",\"position\":1,\"name\":\"Einkaufen\",\"item\":\"https:\\\/\\\/medicinasinc.com\\\/de\\\/einkaufen\\\/\"},{\"@type\":\"ListItem\",\"position\":2,\"name\":\"Kaufen Sie BC-Hash\"}]},{\"@type\":\"WebSite\",\"@id\":\"https:\\\/\\\/medicinasinc.com\\\/de\\\/#website\",\"url\":\"https:\\\/\\\/medicinasinc.com\\\/de\\\/\",\"name\":\"Medicinas Inc\",\"description\":\"Health Medical Clinic\",\"potentialAction\":[{\"@type\":\"SearchAction\",\"target\":{\"@type\":\"EntryPoint\",\"urlTemplate\":\"https:\\\/\\\/medicinasinc.com\\\/de\\\/?s={search_term_string}\"},\"query-input\":{\"@type\":\"PropertyValueSpecification\",\"valueRequired\":true,\"valueName\":\"search_term_string\"}}],\"inLanguage\":\"de\"}]}<\/script>\n<!-- \/ Yoast SEO plugin. -->","yoast_head_json":{"title":"Kaufen Sie BC Hash online - die besten besten globalen Medikamente","description":"Kaufen Sie BC Hash zum Verkauf in Gro\u00dfbritannien Online zum besten globalen Durcheinander. Bestellen Sie Hasch\u00f6lprodukte und BC-Hasch. Kaufen Sie hier Gras online und erhalten Sie schnellen Versand \u00fcberall in Europa, Gro\u00dfbritannien.","robots":{"index":"index","follow":"follow","max-snippet":"max-snippet:-1","max-image-preview":"max-image-preview:large","max-video-preview":"max-video-preview:-1"},"canonical":"https:\/\/medicinasinc.com\/de\/product\/kaufen-bc-hash\/","og_locale":"de_DE","og_type":"article","og_title":"Kaufen Sie BC Hash online - die besten besten globalen Medikamente","og_description":"Kaufen Sie BC Hash zum Verkauf in Gro\u00dfbritannien Online zum besten globalen Durcheinander. Bestellen Sie Hasch\u00f6lprodukte und BC-Hasch. Kaufen Sie hier Gras online und erhalten Sie schnellen Versand \u00fcberall in Europa, Gro\u00dfbritannien.","og_url":"https:\/\/medicinasinc.com\/de\/product\/kaufen-bc-hash\/","og_site_name":"Medicinas Inc","article_modified_time":"2022-03-18T00:51:21+00:00","og_image":[{"width":600,"height":600,"url":"https:\/\/medicinasinc.com\/de\/wp-content\/uploads\/sites\/6\/2022\/02\/Buy-BC-Hash.jpg","type":"image\/jpeg"}],"twitter_card":"summary_large_image","twitter_misc":{"Gesch\u00e4tzte Lesezeit":"1\u00a0Minute"},"schema":{"@context":"https:\/\/schema.org","@graph":[{"@type":"WebPage","@id":"https:\/\/medicinasinc.com\/de\/product\/kaufen-bc-hash\/","url":"https:\/\/medicinasinc.com\/de\/product\/kaufen-bc-hash\/","name":"Kaufen Sie BC Hash online - die besten besten globalen Medikamente","isPartOf":{"@id":"https:\/\/medicinasinc.com\/de\/#website"},"primaryImageOfPage":{"@id":"https:\/\/medicinasinc.com\/de\/product\/kaufen-bc-hash\/#primaryimage"},"image":{"@id":"https:\/\/medicinasinc.com\/de\/product\/kaufen-bc-hash\/#primaryimage"},"thumbnailUrl":"https:\/\/medicinasinc.com\/de\/wp-content\/uploads\/sites\/6\/2022\/02\/Buy-BC-Hash.jpg","datePublished":"2022-02-20T13:57:00+00:00","dateModified":"2022-03-18T00:51:21+00:00","description":"Kaufen Sie BC Hash zum Verkauf in Gro\u00dfbritannien Online zum besten globalen Durcheinander. Bestellen Sie Hasch\u00f6lprodukte und BC-Hasch. Kaufen Sie hier Gras online und erhalten Sie schnellen Versand \u00fcberall in Europa, Gro\u00dfbritannien.","breadcrumb":{"@id":"https:\/\/medicinasinc.com\/de\/product\/kaufen-bc-hash\/#breadcrumb"},"inLanguage":"de","potentialAction":[{"@type":"ReadAction","target":["https:\/\/medicinasinc.com\/de\/product\/kaufen-bc-hash\/"]}]},{"@type":"ImageObject","inLanguage":"de","@id":"https:\/\/medicinasinc.com\/de\/product\/kaufen-bc-hash\/#primaryimage","url":"https:\/\/medicinasinc.com\/de\/wp-content\/uploads\/sites\/6\/2022\/02\/Buy-BC-Hash.jpg","contentUrl":"https:\/\/medicinasinc.com\/de\/wp-content\/uploads\/sites\/6\/2022\/02\/Buy-BC-Hash.jpg","width":600,"height":600},{"@type":"BreadcrumbList","@id":"https:\/\/medicinasinc.com\/de\/product\/kaufen-bc-hash\/#breadcrumb","itemListElement":[{"@type":"ListItem","position":1,"name":"Einkaufen","item":"https:\/\/medicinasinc.com\/de\/einkaufen\/"},{"@type":"ListItem","position":2,"name":"Kaufen Sie BC-Hash"}]},{"@type":"WebSite","@id":"https:\/\/medicinasinc.com\/de\/#website","url":"https:\/\/medicinasinc.com\/de\/","name":"Medicinas Inc","description":"Health Medical Clinic","potentialAction":[{"@type":"SearchAction","target":{"@type":"EntryPoint","urlTemplate":"https:\/\/medicinasinc.com\/de\/?s={search_term_string}"},"query-input":{"@type":"PropertyValueSpecification","valueRequired":true,"valueName":"search_term_string"}}],"inLanguage":"de"}]}},"_links":{"self":[{"href":"https:\/\/medicinasinc.com\/de\/wp-json\/wp\/v2\/product\/4627","targetHints":{"allow":["GET"]}}],"collection":[{"href":"https:\/\/medicinasinc.com\/de\/wp-json\/wp\/v2\/product"}],"about":[{"href":"https:\/\/medicinasinc.com\/de\/wp-json\/wp\/v2\/types\/product"}],"replies":[{"embeddable":true,"href":"https:\/\/medicinasinc.com\/de\/wp-json\/wp\/v2\/comments?post=4627"}],"wp:featuredmedia":[{"embeddable":true,"href":"https:\/\/medicinasinc.com\/de\/wp-json\/wp\/v2\/media\/4639"}],"wp:attachment":[{"href":"https:\/\/medicinasinc.com\/de\/wp-json\/wp\/v2\/media?parent=4627"}],"wp:term":[{"taxonomy":"product_brand","embeddable":true,"href":"https:\/\/medicinasinc.com\/de\/wp-json\/wp\/v2\/product_brand?post=4627"},{"taxonomy":"product_cat","embeddable":true,"href":"https:\/\/medicinasinc.com\/de\/wp-json\/wp\/v2\/product_cat?post=4627"},{"taxonomy":"product_tag","embeddable":true,"href":"https:\/\/medicinasinc.com\/de\/wp-json\/wp\/v2\/product_tag?post=4627"}],"curies":[{"name":"wp","href":"https:\/\/api.w.org\/{rel}","templated":true}]}}