{"id":4609,"date":"2022-02-20T13:44:35","date_gmt":"2022-02-20T13:44:35","guid":{"rendered":"https:\/\/medicinasinc.com\/de\/?post_type=product&#038;p=4609"},"modified":"2022-03-18T00:51:43","modified_gmt":"2022-03-18T00:51:43","slug":"kaufen-echte-grune-apfel-ecstasy-pillen","status":"publish","type":"product","link":"https:\/\/medicinasinc.com\/de\/product\/kaufen-echte-grune-apfel-ecstasy-pillen\/","title":{"rendered":"Kaufen Sie echte gr\u00fcne Apfel-Ecstasy-Pillen"},"content":{"rendered":"<p>Kaufen Sie echtes Green Apple Ecstasy online.<\/p>\n<p>Ich bin sicher, dass Sie f\u00fcr dieses Axiom bekannt sind. \u201eEin Apfel am Tag wehrt den Spezialisten ab\u201c, sagt ein Sprichwort. Angesichts der zahlreichen gesundheitlichen Vorteile, die mit dem Verzehr von \u00c4pfeln verbunden sind, ist dieser Ern\u00e4hrungsleitsatz m\u00f6glicherweise nicht zu weit vom Ziel entfernt. Hier sind einige der gesundheitlichen Vorteile, die mit dem Verzehr gr\u00fcner \u00c4pfel verbunden sind.<\/p>\n<p>Es hat sich gezeigt, dass der Verzehr von \u00c4pfeln die Herzgesundheit verbessert und das Risiko von Herz-Kreislauf-Erkrankungen verringert.<\/p>\n<p>Der genaue Mechanismus von welche \u00c4pfel die Herzgesundheit verbessern, ist durcheinander. Eine m\u00f6gliche Erkl\u00e4rung ist, dass \u00c4pfel eine gro\u00dfe Menge an Ballaststoffen enthalten, die mit der Senkung des LDL-Cholesterins in Verbindung gebracht werden.<\/p>\n<p>Reduzieren Sie das Risiko, an Typ-2-Diabetes zu erkranken<\/p>\n<p>Verzehren Sie nur a Laut einer Studie k\u00f6nnen wenige gr\u00fcne \u00c4pfel pro Woche Ihr Risiko f\u00fcr die Entwicklung von Typ-2-Diabetes verringern. Es sollten jedoch zus\u00e4tzliche Untersuchungen durchgef\u00fchrt werden. Es bleibt unbekannt, ob die in gr\u00fcnen \u00c4pfeln gefundenen Verbindungen Einzelpersonen bei der Behandlung ihrer Diabetes-Symptome helfen.<\/p>\n<p>So wie der gr\u00fcne Apfel eine F\u00fclle von Vorteilen hat, haben die Gr\u00fcner-Apfel-Pillen auch eine F\u00fclle von Vorteilen. Wir sollten eine Diskussion \u00fcber gr\u00fcne Apfelpillen f\u00fchren.<br \/> Wenn Sie an einem hei\u00dfen Sommertag gerne frischen Apfelsaft trinken, werden gr\u00fcne und Apfelpillen Ihre Erfahrung und Zufriedenheit um ein paar Kerben verbessern. Hergestellt in Washington mit gr\u00fcnen Apfelpillen, hat die Gruppe diese Pillen mit dem besten Cannabis des Staates angereichert.<\/p>\n<p>THC kann aus der Sicht der Dosierung schwierig zu verbrennen sein, besonders wenn die Tr\u00e4ger nicht au\u00dfergew\u00f6hnlich gut gekennzeichnet sind. Green Apple Pills haben all das ge\u00e4ndert, da sie jetzt drei verschiedene Sorten ihrer ber\u00fchmten 12-Unzen-Mischung in unterschiedlichen St\u00e4rkegraden anbieten. Bedeutende Hitter werden ihre geerdete Mischung zu sch\u00e4tzen wissen, die 100 mg pro 12 oz enth\u00e4lt.<\/p>\n<p>Aufgrund der Tatsache, dass Green Apple Pills Cannabis \u00fcber eine neuartige Methode enthalten, bleibt den Kunden kein nachweisbarer Grasgeruch oder -geschmack. Dies macht sie ideal f\u00fcr Personen, die high werden m\u00f6chten, aber nicht \u00fcber die Art anderer Pillen hinausgehen k\u00f6nnen. Dar\u00fcber hinaus tr\u00e4gt die Einnahme von Cannabis zur F\u00f6rderung eines ges\u00fcnderen Lebensstils bei, da der Rauch von Bl\u00fcten oder Vapes nach einer Weile sch\u00e4dlich werden kann. Die Gr\u00fcner-Apfel-Pille ist ein Jahr lang wohltuend und enth\u00e4lt wenig Kalorien, so dass Sie sich nach der Einnahme des Medikaments nur um den Verzicht auf Nahrung k\u00fcmmern m\u00fcssen.<\/p>\n<table style=\"height: 104px\" width=\"508\">\n<tbody>\n<tr>\n<th><span style=\"font-weight: 400\">Farbe:<\/span><\/th>\n<td>Gr\u00fcn<\/td>\n<\/tr>\n<tr>\n<th> <span style=\"font-weight: 400\">Gr\u00f6\u00dfe:<\/span><\/th>\n<td>279 mg<\/td>\n<\/tr>\n<\/tbody>\n<\/table>\n","protected":false},"excerpt":{"rendered":"<div class=\"woocommerce-product-details__short-description\">\n<p>Kaufen Sie echte gr\u00fcne Apfel-Ecstasy-Pillen zum Verkauf online in Gro\u00dfbritannien, Europa zu den besten Preisen vom besten zuverl\u00e4ssigen MDMA-Anbieter. Wir garantieren diskrete und sichere Lieferung weltweit<\/p>\n<p><strong>Die Mindestbestellmenge<\/strong><strong> betr\u00e4gt 50 Tabletten.<\/strong><\/p>\n<\/p><\/div>\n","protected":false},"featured_media":4620,"comment_status":"open","ping_status":"closed","template":"","meta":[],"product_brand":[],"product_cat":[498],"product_tag":[593,594,595,596,600,601,602,603,608,599,604,605,606,597,598,607,609],"class_list":{"0":"post-4609","1":"product","2":"type-product","3":"status-publish","4":"has-post-thumbnail","6":"product_cat-ecstasy-pillen-kaufen","7":"product_tag-apfeldroge","8":"product_tag-apple-ecstasy","9":"product_tag-applepills","10":"product_tag-e-pill-pink","11":"product_tag-green-apple-logo","12":"product_tag-green-apple-pills","13":"product_tag-green-ecstasy-pill","14":"product_tag-green-extacy-pills","15":"product_tag-green-tablet-pill","16":"product_tag-green-apple-ecstasy","17":"product_tag-grne-pillen","18":"product_tag-grne-pillen-medikamente","19":"product_tag-grne-rolex-haufen","20":"product_tag-grner-apfel-droge","21":"product_tag-grner-apfel-medizin","22":"product_tag-grner-rolex-pillen-nachricht","23":"product_tag-kleine-grne-pillen","25":"first","26":"instock","27":"shipping-taxable","28":"purchasable","29":"product-type-variable","30":"has-default-attributes"},"yoast_head":"<!-- This site is optimized with the Yoast SEO plugin v27.3 - https:\/\/yoast.com\/product\/yoast-seo-wordpress\/ -->\n<title>Kaufen Sie echte gr\u00fcne Apfel-Ecstasy-Pillen online - die besten besten globalen Medikamente<\/title>\n<meta name=\"description\" content=\"Kaufen Sie echte gr\u00fcne Apfel-Ecstasy-Pillen zum Verkauf online in Gro\u00dfbritannien, Europa zu den besten Preisen vom besten zuverl\u00e4ssigen MDMA-Anbieter. Wir garantieren eine diskrete und sichere Lieferung weltweit\" \/>\n<meta name=\"robots\" content=\"index, follow, max-snippet:-1, max-image-preview:large, max-video-preview:-1\" \/>\n<link rel=\"canonical\" href=\"https:\/\/medicinasinc.com\/de\/product\/kaufen-echte-grune-apfel-ecstasy-pillen\/\" \/>\n<meta property=\"og:locale\" content=\"de_DE\" \/>\n<meta property=\"og:type\" content=\"article\" \/>\n<meta property=\"og:title\" content=\"Kaufen Sie echte gr\u00fcne Apfel-Ecstasy-Pillen online - die besten besten globalen Medikamente\" \/>\n<meta property=\"og:description\" content=\"Kaufen Sie echte gr\u00fcne Apfel-Ecstasy-Pillen zum Verkauf online in Gro\u00dfbritannien, Europa zu den besten Preisen vom besten zuverl\u00e4ssigen MDMA-Anbieter. Wir garantieren eine diskrete und sichere Lieferung weltweit\" \/>\n<meta property=\"og:url\" content=\"https:\/\/medicinasinc.com\/de\/product\/kaufen-echte-grune-apfel-ecstasy-pillen\/\" \/>\n<meta property=\"og:site_name\" content=\"Medicinas Inc\" \/>\n<meta property=\"article:modified_time\" content=\"2022-03-18T00:51:43+00:00\" \/>\n<meta property=\"og:image\" content=\"https:\/\/medicinasinc.com\/de\/wp-content\/uploads\/sites\/6\/2022\/02\/order-real-green-apple-ecstasy-pills-online.jpg\" \/>\n\t<meta property=\"og:image:width\" content=\"600\" \/>\n\t<meta property=\"og:image:height\" content=\"600\" \/>\n\t<meta property=\"og:image:type\" content=\"image\/jpeg\" \/>\n<meta name=\"twitter:card\" content=\"summary_large_image\" \/>\n<meta name=\"twitter:label1\" content=\"Gesch\u00e4tzte Lesezeit\" \/>\n\t<meta name=\"twitter:data1\" content=\"2\u00a0Minuten\" \/>\n<script type=\"application\/ld+json\" class=\"yoast-schema-graph\">{\"@context\":\"https:\\\/\\\/schema.org\",\"@graph\":[{\"@type\":\"WebPage\",\"@id\":\"https:\\\/\\\/medicinasinc.com\\\/de\\\/product\\\/kaufen-echte-grune-apfel-ecstasy-pillen\\\/\",\"url\":\"https:\\\/\\\/medicinasinc.com\\\/de\\\/product\\\/kaufen-echte-grune-apfel-ecstasy-pillen\\\/\",\"name\":\"Kaufen Sie echte gr\u00fcne Apfel-Ecstasy-Pillen online - die besten besten globalen Medikamente\",\"isPartOf\":{\"@id\":\"https:\\\/\\\/medicinasinc.com\\\/de\\\/#website\"},\"primaryImageOfPage\":{\"@id\":\"https:\\\/\\\/medicinasinc.com\\\/de\\\/product\\\/kaufen-echte-grune-apfel-ecstasy-pillen\\\/#primaryimage\"},\"image\":{\"@id\":\"https:\\\/\\\/medicinasinc.com\\\/de\\\/product\\\/kaufen-echte-grune-apfel-ecstasy-pillen\\\/#primaryimage\"},\"thumbnailUrl\":\"https:\\\/\\\/medicinasinc.com\\\/de\\\/wp-content\\\/uploads\\\/sites\\\/6\\\/2022\\\/02\\\/order-real-green-apple-ecstasy-pills-online.jpg\",\"datePublished\":\"2022-02-20T13:44:35+00:00\",\"dateModified\":\"2022-03-18T00:51:43+00:00\",\"description\":\"Kaufen Sie echte gr\u00fcne Apfel-Ecstasy-Pillen zum Verkauf online in Gro\u00dfbritannien, Europa zu den besten Preisen vom besten zuverl\u00e4ssigen MDMA-Anbieter. Wir garantieren eine diskrete und sichere Lieferung weltweit\",\"breadcrumb\":{\"@id\":\"https:\\\/\\\/medicinasinc.com\\\/de\\\/product\\\/kaufen-echte-grune-apfel-ecstasy-pillen\\\/#breadcrumb\"},\"inLanguage\":\"de\",\"potentialAction\":[{\"@type\":\"ReadAction\",\"target\":[\"https:\\\/\\\/medicinasinc.com\\\/de\\\/product\\\/kaufen-echte-grune-apfel-ecstasy-pillen\\\/\"]}]},{\"@type\":\"ImageObject\",\"inLanguage\":\"de\",\"@id\":\"https:\\\/\\\/medicinasinc.com\\\/de\\\/product\\\/kaufen-echte-grune-apfel-ecstasy-pillen\\\/#primaryimage\",\"url\":\"https:\\\/\\\/medicinasinc.com\\\/de\\\/wp-content\\\/uploads\\\/sites\\\/6\\\/2022\\\/02\\\/order-real-green-apple-ecstasy-pills-online.jpg\",\"contentUrl\":\"https:\\\/\\\/medicinasinc.com\\\/de\\\/wp-content\\\/uploads\\\/sites\\\/6\\\/2022\\\/02\\\/order-real-green-apple-ecstasy-pills-online.jpg\",\"width\":600,\"height\":600},{\"@type\":\"BreadcrumbList\",\"@id\":\"https:\\\/\\\/medicinasinc.com\\\/de\\\/product\\\/kaufen-echte-grune-apfel-ecstasy-pillen\\\/#breadcrumb\",\"itemListElement\":[{\"@type\":\"ListItem\",\"position\":1,\"name\":\"Einkaufen\",\"item\":\"https:\\\/\\\/medicinasinc.com\\\/de\\\/einkaufen\\\/\"},{\"@type\":\"ListItem\",\"position\":2,\"name\":\"Kaufen Sie echte gr\u00fcne Apfel-Ecstasy-Pillen\"}]},{\"@type\":\"WebSite\",\"@id\":\"https:\\\/\\\/medicinasinc.com\\\/de\\\/#website\",\"url\":\"https:\\\/\\\/medicinasinc.com\\\/de\\\/\",\"name\":\"Medicinas Inc\",\"description\":\"Health Medical Clinic\",\"potentialAction\":[{\"@type\":\"SearchAction\",\"target\":{\"@type\":\"EntryPoint\",\"urlTemplate\":\"https:\\\/\\\/medicinasinc.com\\\/de\\\/?s={search_term_string}\"},\"query-input\":{\"@type\":\"PropertyValueSpecification\",\"valueRequired\":true,\"valueName\":\"search_term_string\"}}],\"inLanguage\":\"de\"}]}<\/script>\n<!-- \/ Yoast SEO plugin. -->","yoast_head_json":{"title":"Kaufen Sie echte gr\u00fcne Apfel-Ecstasy-Pillen online - die besten besten globalen Medikamente","description":"Kaufen Sie echte gr\u00fcne Apfel-Ecstasy-Pillen zum Verkauf online in Gro\u00dfbritannien, Europa zu den besten Preisen vom besten zuverl\u00e4ssigen MDMA-Anbieter. Wir garantieren eine diskrete und sichere Lieferung weltweit","robots":{"index":"index","follow":"follow","max-snippet":"max-snippet:-1","max-image-preview":"max-image-preview:large","max-video-preview":"max-video-preview:-1"},"canonical":"https:\/\/medicinasinc.com\/de\/product\/kaufen-echte-grune-apfel-ecstasy-pillen\/","og_locale":"de_DE","og_type":"article","og_title":"Kaufen Sie echte gr\u00fcne Apfel-Ecstasy-Pillen online - die besten besten globalen Medikamente","og_description":"Kaufen Sie echte gr\u00fcne Apfel-Ecstasy-Pillen zum Verkauf online in Gro\u00dfbritannien, Europa zu den besten Preisen vom besten zuverl\u00e4ssigen MDMA-Anbieter. Wir garantieren eine diskrete und sichere Lieferung weltweit","og_url":"https:\/\/medicinasinc.com\/de\/product\/kaufen-echte-grune-apfel-ecstasy-pillen\/","og_site_name":"Medicinas Inc","article_modified_time":"2022-03-18T00:51:43+00:00","og_image":[{"width":600,"height":600,"url":"https:\/\/medicinasinc.com\/de\/wp-content\/uploads\/sites\/6\/2022\/02\/order-real-green-apple-ecstasy-pills-online.jpg","type":"image\/jpeg"}],"twitter_card":"summary_large_image","twitter_misc":{"Gesch\u00e4tzte Lesezeit":"2\u00a0Minuten"},"schema":{"@context":"https:\/\/schema.org","@graph":[{"@type":"WebPage","@id":"https:\/\/medicinasinc.com\/de\/product\/kaufen-echte-grune-apfel-ecstasy-pillen\/","url":"https:\/\/medicinasinc.com\/de\/product\/kaufen-echte-grune-apfel-ecstasy-pillen\/","name":"Kaufen Sie echte gr\u00fcne Apfel-Ecstasy-Pillen online - die besten besten globalen Medikamente","isPartOf":{"@id":"https:\/\/medicinasinc.com\/de\/#website"},"primaryImageOfPage":{"@id":"https:\/\/medicinasinc.com\/de\/product\/kaufen-echte-grune-apfel-ecstasy-pillen\/#primaryimage"},"image":{"@id":"https:\/\/medicinasinc.com\/de\/product\/kaufen-echte-grune-apfel-ecstasy-pillen\/#primaryimage"},"thumbnailUrl":"https:\/\/medicinasinc.com\/de\/wp-content\/uploads\/sites\/6\/2022\/02\/order-real-green-apple-ecstasy-pills-online.jpg","datePublished":"2022-02-20T13:44:35+00:00","dateModified":"2022-03-18T00:51:43+00:00","description":"Kaufen Sie echte gr\u00fcne Apfel-Ecstasy-Pillen zum Verkauf online in Gro\u00dfbritannien, Europa zu den besten Preisen vom besten zuverl\u00e4ssigen MDMA-Anbieter. Wir garantieren eine diskrete und sichere Lieferung weltweit","breadcrumb":{"@id":"https:\/\/medicinasinc.com\/de\/product\/kaufen-echte-grune-apfel-ecstasy-pillen\/#breadcrumb"},"inLanguage":"de","potentialAction":[{"@type":"ReadAction","target":["https:\/\/medicinasinc.com\/de\/product\/kaufen-echte-grune-apfel-ecstasy-pillen\/"]}]},{"@type":"ImageObject","inLanguage":"de","@id":"https:\/\/medicinasinc.com\/de\/product\/kaufen-echte-grune-apfel-ecstasy-pillen\/#primaryimage","url":"https:\/\/medicinasinc.com\/de\/wp-content\/uploads\/sites\/6\/2022\/02\/order-real-green-apple-ecstasy-pills-online.jpg","contentUrl":"https:\/\/medicinasinc.com\/de\/wp-content\/uploads\/sites\/6\/2022\/02\/order-real-green-apple-ecstasy-pills-online.jpg","width":600,"height":600},{"@type":"BreadcrumbList","@id":"https:\/\/medicinasinc.com\/de\/product\/kaufen-echte-grune-apfel-ecstasy-pillen\/#breadcrumb","itemListElement":[{"@type":"ListItem","position":1,"name":"Einkaufen","item":"https:\/\/medicinasinc.com\/de\/einkaufen\/"},{"@type":"ListItem","position":2,"name":"Kaufen Sie echte gr\u00fcne Apfel-Ecstasy-Pillen"}]},{"@type":"WebSite","@id":"https:\/\/medicinasinc.com\/de\/#website","url":"https:\/\/medicinasinc.com\/de\/","name":"Medicinas Inc","description":"Health Medical Clinic","potentialAction":[{"@type":"SearchAction","target":{"@type":"EntryPoint","urlTemplate":"https:\/\/medicinasinc.com\/de\/?s={search_term_string}"},"query-input":{"@type":"PropertyValueSpecification","valueRequired":true,"valueName":"search_term_string"}}],"inLanguage":"de"}]}},"_links":{"self":[{"href":"https:\/\/medicinasinc.com\/de\/wp-json\/wp\/v2\/product\/4609","targetHints":{"allow":["GET"]}}],"collection":[{"href":"https:\/\/medicinasinc.com\/de\/wp-json\/wp\/v2\/product"}],"about":[{"href":"https:\/\/medicinasinc.com\/de\/wp-json\/wp\/v2\/types\/product"}],"replies":[{"embeddable":true,"href":"https:\/\/medicinasinc.com\/de\/wp-json\/wp\/v2\/comments?post=4609"}],"wp:featuredmedia":[{"embeddable":true,"href":"https:\/\/medicinasinc.com\/de\/wp-json\/wp\/v2\/media\/4620"}],"wp:attachment":[{"href":"https:\/\/medicinasinc.com\/de\/wp-json\/wp\/v2\/media?parent=4609"}],"wp:term":[{"taxonomy":"product_brand","embeddable":true,"href":"https:\/\/medicinasinc.com\/de\/wp-json\/wp\/v2\/product_brand?post=4609"},{"taxonomy":"product_cat","embeddable":true,"href":"https:\/\/medicinasinc.com\/de\/wp-json\/wp\/v2\/product_cat?post=4609"},{"taxonomy":"product_tag","embeddable":true,"href":"https:\/\/medicinasinc.com\/de\/wp-json\/wp\/v2\/product_tag?post=4609"}],"curies":[{"name":"wp","href":"https:\/\/api.w.org\/{rel}","templated":true}]}}