{"id":4592,"date":"2022-02-20T13:31:58","date_gmt":"2022-02-20T13:31:58","guid":{"rendered":"https:\/\/medicinasinc.com\/de\/?post_type=product&#038;p=4592"},"modified":"2022-08-09T00:42:41","modified_gmt":"2022-08-09T00:42:41","slug":"kaufen-ecstasy-philipp-plein-blue-524-mg-mdma-pillen","status":"publish","type":"product","link":"https:\/\/medicinasinc.com\/de\/product\/kaufen-ecstasy-philipp-plein-blue-524-mg-mdma-pillen\/","title":{"rendered":"Kaufen Sie Ecstasy &#8211; Philipp Plein Blue &#8211; 524 mg MDMA-Pillen"},"content":{"rendered":"<div class=\"woocommerce-tabs wc-tabs-wrapper\">\n<div id=\"tab-description\" class=\"woocommerce-Tabs-panel woocommerce-Tabs-panel--description panel entry-content wc-tab\" role=\"tabpanel\" aria-labelledby=\"tab-title-description\">\n<p>Online-Kauf von XTC-Philipp Plein Blue-524 mg MDMA-Pillen.<\/p>\n<p>\u2013 Philipp Plein 524MG bietet ein au\u00dfergew\u00f6hnliches Erlebnis. Es ist ein absolut sicheres und hygienisches Produkt. Ausgezeichnete Qualit\u00e4t zu einem erschwinglichen Preis. \u2013 Die Wirkung setzt etwa 30 Minuten sp\u00e4ter ein und h\u00e4lt etwa 6 Stunden an.<br \/> \u2013 Verwenden Sie jeweils die H\u00e4lfte dieser Pille. Trinken Sie w\u00e4hrend der Einnahme von Medikamenten ausreichend Wasser.<\/p>\n<h1><a style=\"font-size: 16px\" href=\"https:\/\/merrydrug.com\/\">.<\/a><\/h1>\n<\/p><\/div><\/div>\n<div class=\"verwandte Produkte\"><\/div>\n","protected":false},"excerpt":{"rendered":"<div class=\"woocommerce-product-details__short-description\">\n<p>Kaufen Sie Philipp Plein Blue- 524 Mg MDMA im Vereinigten K\u00f6nigreich und in Europa zum besten Marktpreis. Alle unsere Produkte werden aus rein nat\u00fcrlichen, THC-freien Inhaltsstoffen hergestellt. Bestellen Sie jetzt online!<\/p>\n<p>Philipp Blue-524 ist eine extreme Partypille und MDMA-Droge, die in den Vereinigten Staaten von Amerika und Korea weit verbreitet ist. Seine psychoaktiven Eigenschaften wurden Mitte der 1750er Jahre entdeckt. Wenn jemand ein extremes High erleben m\u00f6chte, wird er dieses Produkt nicht verlassen, nachdem er es probiert hat. Philipp Blue wird auch bei religi\u00f6sen Zeremonien verwendet und ist seit Jahren ein hochwertiges Produkt, weil die Menschen sich seiner Vorteile bewusst sind und nicht ohne es leben k\u00f6nnen.<\/p>\n<p>Einzelpersonen bestellen es aufgrund seiner starken Wirkung und schnellen Ergebnisse nach. Aufgrund seiner Wirksamkeit wird es niemals \u00fcber einen l\u00e4ngeren Zeitraum auf Lager bleiben.<\/p>\n<p>Philipp Plein Blue-524 Pills Purchase<\/p>\n<p>Die Mindestbestellmenge betr\u00e4gt f\u00fcnfzig Pillen.<\/p>\n<\/p><\/div>\n","protected":false},"featured_media":4605,"comment_status":"open","ping_status":"closed","template":"","meta":[],"product_brand":[],"product_cat":[498],"product_tag":[501,584,586,583,588,587,589,585,590,512,591,592],"class_list":{"0":"post-4592","1":"product","2":"type-product","3":"status-publish","4":"has-post-thumbnail","6":"product_cat-ecstasy-pillen-kaufen","7":"product_tag-buy-mdma-online","8":"product_tag-buy-xtc-pills-online","9":"product_tag-drogen","10":"product_tag-kaufen-ecstasy-pillen-online","11":"product_tag-ecstasy-tabletten","12":"product_tag-ekstase","13":"product_tag-ghb","14":"product_tag-kaufen-ecstasy-philipp-plein-blue-524-mg-mdma-pillen-online","15":"product_tag-liebesdrogen","16":"product_tag-mdma","17":"product_tag-mg-mdma","18":"product_tag-xtc-pillen","20":"first","21":"instock","22":"shipping-taxable","23":"purchasable","24":"product-type-variable","25":"has-default-attributes"},"yoast_head":"<!-- This site is optimized with the Yoast SEO plugin v27.3 - https:\/\/yoast.com\/product\/yoast-seo-wordpress\/ -->\n<title>Kaufen Sie Ecstasy - Philipp Plein Blue - 524 mg MDMA-Pillen - Global Medicina<\/title>\n<meta name=\"description\" content=\"Kaufen Sie Philipp Plein Blue- 524 Mg MDMA Gro\u00dfbritannien, Europa zum besten Marktpreis. Alle unsere Produkte werden aus rein nat\u00fcrlichen Inhaltsstoffen ohne THC hergestellt. Bestellen Sie jetzt online!\" \/>\n<meta name=\"robots\" content=\"index, follow, max-snippet:-1, max-image-preview:large, max-video-preview:-1\" \/>\n<link rel=\"canonical\" href=\"https:\/\/medicinasinc.com\/de\/product\/kaufen-ecstasy-philipp-plein-blue-524-mg-mdma-pillen\/\" \/>\n<meta property=\"og:locale\" content=\"de_DE\" \/>\n<meta property=\"og:type\" content=\"article\" \/>\n<meta property=\"og:title\" content=\"Kaufen Sie Ecstasy - Philipp Plein Blue - 524 mg MDMA-Pillen - Global Medicina\" \/>\n<meta property=\"og:description\" content=\"Kaufen Sie Philipp Plein Blue- 524 Mg MDMA Gro\u00dfbritannien, Europa zum besten Marktpreis. Alle unsere Produkte werden aus rein nat\u00fcrlichen Inhaltsstoffen ohne THC hergestellt. Bestellen Sie jetzt online!\" \/>\n<meta property=\"og:url\" content=\"https:\/\/medicinasinc.com\/de\/product\/kaufen-ecstasy-philipp-plein-blue-524-mg-mdma-pillen\/\" \/>\n<meta property=\"og:site_name\" content=\"Medicinas Inc\" \/>\n<meta property=\"article:modified_time\" content=\"2022-08-09T00:42:41+00:00\" \/>\n<meta property=\"og:image\" content=\"https:\/\/medicinasinc.com\/de\/wp-content\/uploads\/sites\/6\/2022\/02\/buy-xtc-philipp-plein-blue-524-mg-mdma-pills-online.jpg\" \/>\n\t<meta property=\"og:image:width\" content=\"600\" \/>\n\t<meta property=\"og:image:height\" content=\"600\" \/>\n\t<meta property=\"og:image:type\" content=\"image\/jpeg\" \/>\n<meta name=\"twitter:card\" content=\"summary_large_image\" \/>\n<meta name=\"twitter:label1\" content=\"Gesch\u00e4tzte Lesezeit\" \/>\n\t<meta name=\"twitter:data1\" content=\"1\u00a0Minute\" \/>\n<script type=\"application\/ld+json\" class=\"yoast-schema-graph\">{\"@context\":\"https:\\\/\\\/schema.org\",\"@graph\":[{\"@type\":\"WebPage\",\"@id\":\"https:\\\/\\\/medicinasinc.com\\\/de\\\/product\\\/kaufen-ecstasy-philipp-plein-blue-524-mg-mdma-pillen\\\/\",\"url\":\"https:\\\/\\\/medicinasinc.com\\\/de\\\/product\\\/kaufen-ecstasy-philipp-plein-blue-524-mg-mdma-pillen\\\/\",\"name\":\"Kaufen Sie Ecstasy - Philipp Plein Blue - 524 mg MDMA-Pillen - Global Medicina\",\"isPartOf\":{\"@id\":\"https:\\\/\\\/medicinasinc.com\\\/de\\\/#website\"},\"primaryImageOfPage\":{\"@id\":\"https:\\\/\\\/medicinasinc.com\\\/de\\\/product\\\/kaufen-ecstasy-philipp-plein-blue-524-mg-mdma-pillen\\\/#primaryimage\"},\"image\":{\"@id\":\"https:\\\/\\\/medicinasinc.com\\\/de\\\/product\\\/kaufen-ecstasy-philipp-plein-blue-524-mg-mdma-pillen\\\/#primaryimage\"},\"thumbnailUrl\":\"https:\\\/\\\/medicinasinc.com\\\/de\\\/wp-content\\\/uploads\\\/sites\\\/6\\\/2022\\\/02\\\/buy-xtc-philipp-plein-blue-524-mg-mdma-pills-online.jpg\",\"datePublished\":\"2022-02-20T13:31:58+00:00\",\"dateModified\":\"2022-08-09T00:42:41+00:00\",\"description\":\"Kaufen Sie Philipp Plein Blue- 524 Mg MDMA Gro\u00dfbritannien, Europa zum besten Marktpreis. Alle unsere Produkte werden aus rein nat\u00fcrlichen Inhaltsstoffen ohne THC hergestellt. Bestellen Sie jetzt online!\",\"breadcrumb\":{\"@id\":\"https:\\\/\\\/medicinasinc.com\\\/de\\\/product\\\/kaufen-ecstasy-philipp-plein-blue-524-mg-mdma-pillen\\\/#breadcrumb\"},\"inLanguage\":\"de\",\"potentialAction\":[{\"@type\":\"ReadAction\",\"target\":[\"https:\\\/\\\/medicinasinc.com\\\/de\\\/product\\\/kaufen-ecstasy-philipp-plein-blue-524-mg-mdma-pillen\\\/\"]}]},{\"@type\":\"ImageObject\",\"inLanguage\":\"de\",\"@id\":\"https:\\\/\\\/medicinasinc.com\\\/de\\\/product\\\/kaufen-ecstasy-philipp-plein-blue-524-mg-mdma-pillen\\\/#primaryimage\",\"url\":\"https:\\\/\\\/medicinasinc.com\\\/de\\\/wp-content\\\/uploads\\\/sites\\\/6\\\/2022\\\/02\\\/buy-xtc-philipp-plein-blue-524-mg-mdma-pills-online.jpg\",\"contentUrl\":\"https:\\\/\\\/medicinasinc.com\\\/de\\\/wp-content\\\/uploads\\\/sites\\\/6\\\/2022\\\/02\\\/buy-xtc-philipp-plein-blue-524-mg-mdma-pills-online.jpg\",\"width\":600,\"height\":600},{\"@type\":\"BreadcrumbList\",\"@id\":\"https:\\\/\\\/medicinasinc.com\\\/de\\\/product\\\/kaufen-ecstasy-philipp-plein-blue-524-mg-mdma-pillen\\\/#breadcrumb\",\"itemListElement\":[{\"@type\":\"ListItem\",\"position\":1,\"name\":\"Einkaufen\",\"item\":\"https:\\\/\\\/medicinasinc.com\\\/de\\\/einkaufen\\\/\"},{\"@type\":\"ListItem\",\"position\":2,\"name\":\"Kaufen Sie Ecstasy &#8211; Philipp Plein Blue &#8211; 524 mg MDMA-Pillen\"}]},{\"@type\":\"WebSite\",\"@id\":\"https:\\\/\\\/medicinasinc.com\\\/de\\\/#website\",\"url\":\"https:\\\/\\\/medicinasinc.com\\\/de\\\/\",\"name\":\"Medicinas Inc\",\"description\":\"Health Medical Clinic\",\"potentialAction\":[{\"@type\":\"SearchAction\",\"target\":{\"@type\":\"EntryPoint\",\"urlTemplate\":\"https:\\\/\\\/medicinasinc.com\\\/de\\\/?s={search_term_string}\"},\"query-input\":{\"@type\":\"PropertyValueSpecification\",\"valueRequired\":true,\"valueName\":\"search_term_string\"}}],\"inLanguage\":\"de\"}]}<\/script>\n<!-- \/ Yoast SEO plugin. -->","yoast_head_json":{"title":"Kaufen Sie Ecstasy - Philipp Plein Blue - 524 mg MDMA-Pillen - Global Medicina","description":"Kaufen Sie Philipp Plein Blue- 524 Mg MDMA Gro\u00dfbritannien, Europa zum besten Marktpreis. Alle unsere Produkte werden aus rein nat\u00fcrlichen Inhaltsstoffen ohne THC hergestellt. Bestellen Sie jetzt online!","robots":{"index":"index","follow":"follow","max-snippet":"max-snippet:-1","max-image-preview":"max-image-preview:large","max-video-preview":"max-video-preview:-1"},"canonical":"https:\/\/medicinasinc.com\/de\/product\/kaufen-ecstasy-philipp-plein-blue-524-mg-mdma-pillen\/","og_locale":"de_DE","og_type":"article","og_title":"Kaufen Sie Ecstasy - Philipp Plein Blue - 524 mg MDMA-Pillen - Global Medicina","og_description":"Kaufen Sie Philipp Plein Blue- 524 Mg MDMA Gro\u00dfbritannien, Europa zum besten Marktpreis. Alle unsere Produkte werden aus rein nat\u00fcrlichen Inhaltsstoffen ohne THC hergestellt. Bestellen Sie jetzt online!","og_url":"https:\/\/medicinasinc.com\/de\/product\/kaufen-ecstasy-philipp-plein-blue-524-mg-mdma-pillen\/","og_site_name":"Medicinas Inc","article_modified_time":"2022-08-09T00:42:41+00:00","og_image":[{"width":600,"height":600,"url":"https:\/\/medicinasinc.com\/de\/wp-content\/uploads\/sites\/6\/2022\/02\/buy-xtc-philipp-plein-blue-524-mg-mdma-pills-online.jpg","type":"image\/jpeg"}],"twitter_card":"summary_large_image","twitter_misc":{"Gesch\u00e4tzte Lesezeit":"1\u00a0Minute"},"schema":{"@context":"https:\/\/schema.org","@graph":[{"@type":"WebPage","@id":"https:\/\/medicinasinc.com\/de\/product\/kaufen-ecstasy-philipp-plein-blue-524-mg-mdma-pillen\/","url":"https:\/\/medicinasinc.com\/de\/product\/kaufen-ecstasy-philipp-plein-blue-524-mg-mdma-pillen\/","name":"Kaufen Sie Ecstasy - Philipp Plein Blue - 524 mg MDMA-Pillen - Global Medicina","isPartOf":{"@id":"https:\/\/medicinasinc.com\/de\/#website"},"primaryImageOfPage":{"@id":"https:\/\/medicinasinc.com\/de\/product\/kaufen-ecstasy-philipp-plein-blue-524-mg-mdma-pillen\/#primaryimage"},"image":{"@id":"https:\/\/medicinasinc.com\/de\/product\/kaufen-ecstasy-philipp-plein-blue-524-mg-mdma-pillen\/#primaryimage"},"thumbnailUrl":"https:\/\/medicinasinc.com\/de\/wp-content\/uploads\/sites\/6\/2022\/02\/buy-xtc-philipp-plein-blue-524-mg-mdma-pills-online.jpg","datePublished":"2022-02-20T13:31:58+00:00","dateModified":"2022-08-09T00:42:41+00:00","description":"Kaufen Sie Philipp Plein Blue- 524 Mg MDMA Gro\u00dfbritannien, Europa zum besten Marktpreis. Alle unsere Produkte werden aus rein nat\u00fcrlichen Inhaltsstoffen ohne THC hergestellt. Bestellen Sie jetzt online!","breadcrumb":{"@id":"https:\/\/medicinasinc.com\/de\/product\/kaufen-ecstasy-philipp-plein-blue-524-mg-mdma-pillen\/#breadcrumb"},"inLanguage":"de","potentialAction":[{"@type":"ReadAction","target":["https:\/\/medicinasinc.com\/de\/product\/kaufen-ecstasy-philipp-plein-blue-524-mg-mdma-pillen\/"]}]},{"@type":"ImageObject","inLanguage":"de","@id":"https:\/\/medicinasinc.com\/de\/product\/kaufen-ecstasy-philipp-plein-blue-524-mg-mdma-pillen\/#primaryimage","url":"https:\/\/medicinasinc.com\/de\/wp-content\/uploads\/sites\/6\/2022\/02\/buy-xtc-philipp-plein-blue-524-mg-mdma-pills-online.jpg","contentUrl":"https:\/\/medicinasinc.com\/de\/wp-content\/uploads\/sites\/6\/2022\/02\/buy-xtc-philipp-plein-blue-524-mg-mdma-pills-online.jpg","width":600,"height":600},{"@type":"BreadcrumbList","@id":"https:\/\/medicinasinc.com\/de\/product\/kaufen-ecstasy-philipp-plein-blue-524-mg-mdma-pillen\/#breadcrumb","itemListElement":[{"@type":"ListItem","position":1,"name":"Einkaufen","item":"https:\/\/medicinasinc.com\/de\/einkaufen\/"},{"@type":"ListItem","position":2,"name":"Kaufen Sie Ecstasy &#8211; Philipp Plein Blue &#8211; 524 mg MDMA-Pillen"}]},{"@type":"WebSite","@id":"https:\/\/medicinasinc.com\/de\/#website","url":"https:\/\/medicinasinc.com\/de\/","name":"Medicinas Inc","description":"Health Medical Clinic","potentialAction":[{"@type":"SearchAction","target":{"@type":"EntryPoint","urlTemplate":"https:\/\/medicinasinc.com\/de\/?s={search_term_string}"},"query-input":{"@type":"PropertyValueSpecification","valueRequired":true,"valueName":"search_term_string"}}],"inLanguage":"de"}]}},"_links":{"self":[{"href":"https:\/\/medicinasinc.com\/de\/wp-json\/wp\/v2\/product\/4592","targetHints":{"allow":["GET"]}}],"collection":[{"href":"https:\/\/medicinasinc.com\/de\/wp-json\/wp\/v2\/product"}],"about":[{"href":"https:\/\/medicinasinc.com\/de\/wp-json\/wp\/v2\/types\/product"}],"replies":[{"embeddable":true,"href":"https:\/\/medicinasinc.com\/de\/wp-json\/wp\/v2\/comments?post=4592"}],"wp:featuredmedia":[{"embeddable":true,"href":"https:\/\/medicinasinc.com\/de\/wp-json\/wp\/v2\/media\/4605"}],"wp:attachment":[{"href":"https:\/\/medicinasinc.com\/de\/wp-json\/wp\/v2\/media?parent=4592"}],"wp:term":[{"taxonomy":"product_brand","embeddable":true,"href":"https:\/\/medicinasinc.com\/de\/wp-json\/wp\/v2\/product_brand?post=4592"},{"taxonomy":"product_cat","embeddable":true,"href":"https:\/\/medicinasinc.com\/de\/wp-json\/wp\/v2\/product_cat?post=4592"},{"taxonomy":"product_tag","embeddable":true,"href":"https:\/\/medicinasinc.com\/de\/wp-json\/wp\/v2\/product_tag?post=4592"}],"curies":[{"name":"wp","href":"https:\/\/api.w.org\/{rel}","templated":true}]}}