{"id":4576,"date":"2022-02-20T13:20:42","date_gmt":"2022-02-20T13:20:42","guid":{"rendered":"https:\/\/medicinasinc.com\/de\/?post_type=product&#038;p=4576"},"modified":"2022-03-18T00:52:19","modified_gmt":"2022-03-18T00:52:19","slug":"kaufen-orange-tesla-ecstasy-pillen","status":"publish","type":"product","link":"https:\/\/medicinasinc.com\/de\/product\/kaufen-orange-tesla-ecstasy-pillen\/","title":{"rendered":"Kaufen Sie orangefarbene Tesla-Ecstasy-Pillen"},"content":{"rendered":"<p>Orange Tesla Ecstasy Pills Kaufen<\/p>\n<p>3,4-Methylendioxy-Methamphetamin ist der Wirkstoff in Orange Tesla Ecstasy Pills (MDMA). Die kleinen orangefarbenen Tabletten haben die Form eines Schildes und tragen den Schriftzug \u201eTesla\u201c \u00fcber dem Tesla-Logo in Form eines T.<\/p>\n<p>Sie leuchten im Dunkeln und sind teilweise mit violettem Glitzer besprenkelt.<\/p>\n<p>Sie sind beliebt, weil sie stark sind, ein lustiges Design haben und mit einer bekannten Marke mit positivem Ruf in Verbindung gebracht werden. Die Mehrheit der Menschen kauft eher eine Ecstasy-Pille mit einem anerkannten Logo als eine einfache wei\u00dfe Pille, die von irgendjemandem hergestellt wurde.<\/p>\n<p>Orangefarbene Tesla-Pillen haben jedoch nichts mit Tesla von Elon Musk, einem amerikanischen Autohersteller, zu tun Unternehmen f\u00fcr saubere Energie.<\/p>\n<p>Das Branding impliziert nicht, dass sie von hoher Qualit\u00e4t oder gar gleichbleibender Qualit\u00e4t sind. Durch die Verwendung einer \u00e4hnlichen Presse und Farbe kann jeder eine orangefarbene Tesla-Ecstasy-Pille replizieren.<\/p>\n","protected":false},"excerpt":{"rendered":"<p>Kaufen Sie Orange Tesla Ecstasy Pills zum Verkauf in Europa, Gro\u00dfbritannien. Kaufen Sie Ecstasy online, Ecstasy-Verk\u00e4ufer, bestellen Sie Ecstasy-Pillen online, wir handeln mit den reinsten und besten Produkten.<\/p>\n<p>Bei Best Global Meds\u00a0k\u00f6nnen Sie echte Tesla-Ecstasy-Pillen zu einem erschwinglichen Preis kaufen. Alle Produkte sind laborgepr\u00fcft und von h\u00f6chster Qualit\u00e4t.<\/p>\n","protected":false},"featured_media":4589,"comment_status":"open","ping_status":"closed","template":"","meta":[],"product_brand":[],"product_cat":[498],"product_tag":[554,555,556,558,559,560,561,575,557,562,563,564,565,566,567,570,571,568,572,569,574,573],"class_list":{"0":"post-4576","1":"product","2":"type-product","3":"status-publish","4":"has-post-thumbnail","6":"product_cat-ecstasy-pillen-kaufen","7":"product_tag-blaue-tesla-ekstase","8":"product_tag-blaue-tesla-pille-mg","9":"product_tag-blaulicht-orange-tesla-ecstasy-vs-molly","10":"product_tag-ecstasy-pills-tesla-stamp-from-the-netherlands","11":"product_tag-ecstasy-press-pills-tesla","12":"product_tag-ecstasy-tesla","13":"product_tag-extacy-pillen-bilder","14":"product_tag-gelb-tesla-ecstasy-tampa","15":"product_tag-verschiedene-extacy-pillen-liste","16":"product_tag-orange-tesla-2021","17":"product_tag-orange-tesla-ecstasy-mg","18":"product_tag-orange-tesla-ecstasy-pillen-los-angeles-2019","19":"product_tag-orange-tesla-pille-effekte","20":"product_tag-peach-hard-tesla-ecstasy-mit-score-on-back","21":"product_tag-reddit-ecstasy-pille-bewertung-tesla-vs-punisher-vs","22":"product_tag-tesla-ecstasy-rezension","23":"product_tag-tesla-ecstasy-tampa","24":"product_tag-tesla-ekstase","25":"product_tag-tesla-pill-blue-effects","26":"product_tag-tesla-ecstasy-pille","27":"product_tag-tesla-pillen-blau","28":"product_tag-tesla-pille-warnung","30":"first","31":"instock","32":"shipping-taxable","33":"purchasable","34":"product-type-variable","35":"has-default-attributes"},"yoast_head":"<!-- This site is optimized with the Yoast SEO plugin v27.3 - https:\/\/yoast.com\/product\/yoast-seo-wordpress\/ -->\n<title>Kaufen Sie Orange Tesla Ecstasy Pills - Best Best Global Meds<\/title>\n<meta name=\"description\" content=\"Kaufen Sie Orange Tesla Ecstasy Pills zum Verkauf in Europa, Gro\u00dfbritannien. Kaufen Sie Ecstasy online, Ecstasy-Verk\u00e4ufer, bestellen Sie Ecstasy-Pillen online, wir handeln mit den reinsten und besten Produkten.\" \/>\n<meta name=\"robots\" content=\"index, follow, max-snippet:-1, max-image-preview:large, max-video-preview:-1\" \/>\n<link rel=\"canonical\" href=\"https:\/\/medicinasinc.com\/de\/product\/kaufen-orange-tesla-ecstasy-pillen\/\" \/>\n<meta property=\"og:locale\" content=\"de_DE\" \/>\n<meta property=\"og:type\" content=\"article\" \/>\n<meta property=\"og:title\" content=\"Kaufen Sie Orange Tesla Ecstasy Pills - Best Best Global Meds\" \/>\n<meta property=\"og:description\" content=\"Kaufen Sie Orange Tesla Ecstasy Pills zum Verkauf in Europa, Gro\u00dfbritannien. Kaufen Sie Ecstasy online, Ecstasy-Verk\u00e4ufer, bestellen Sie Ecstasy-Pillen online, wir handeln mit den reinsten und besten Produkten.\" \/>\n<meta property=\"og:url\" content=\"https:\/\/medicinasinc.com\/de\/product\/kaufen-orange-tesla-ecstasy-pillen\/\" \/>\n<meta property=\"og:site_name\" content=\"Medicinas Inc\" \/>\n<meta property=\"article:modified_time\" content=\"2022-03-18T00:52:19+00:00\" \/>\n<meta property=\"og:image\" content=\"https:\/\/medicinasinc.com\/de\/wp-content\/uploads\/sites\/6\/2022\/02\/Buy-Orange-Tesla-Ecstasy-Pills.jpg\" \/>\n\t<meta property=\"og:image:width\" content=\"747\" \/>\n\t<meta property=\"og:image:height\" content=\"560\" \/>\n\t<meta property=\"og:image:type\" content=\"image\/jpeg\" \/>\n<meta name=\"twitter:card\" content=\"summary_large_image\" \/>\n<meta name=\"twitter:label1\" content=\"Gesch\u00e4tzte Lesezeit\" \/>\n\t<meta name=\"twitter:data1\" content=\"1\u00a0Minute\" \/>\n<script type=\"application\/ld+json\" class=\"yoast-schema-graph\">{\"@context\":\"https:\\\/\\\/schema.org\",\"@graph\":[{\"@type\":\"WebPage\",\"@id\":\"https:\\\/\\\/medicinasinc.com\\\/de\\\/product\\\/kaufen-orange-tesla-ecstasy-pillen\\\/\",\"url\":\"https:\\\/\\\/medicinasinc.com\\\/de\\\/product\\\/kaufen-orange-tesla-ecstasy-pillen\\\/\",\"name\":\"Kaufen Sie Orange Tesla Ecstasy Pills - Best Best Global Meds\",\"isPartOf\":{\"@id\":\"https:\\\/\\\/medicinasinc.com\\\/de\\\/#website\"},\"primaryImageOfPage\":{\"@id\":\"https:\\\/\\\/medicinasinc.com\\\/de\\\/product\\\/kaufen-orange-tesla-ecstasy-pillen\\\/#primaryimage\"},\"image\":{\"@id\":\"https:\\\/\\\/medicinasinc.com\\\/de\\\/product\\\/kaufen-orange-tesla-ecstasy-pillen\\\/#primaryimage\"},\"thumbnailUrl\":\"https:\\\/\\\/medicinasinc.com\\\/de\\\/wp-content\\\/uploads\\\/sites\\\/6\\\/2022\\\/02\\\/Buy-Orange-Tesla-Ecstasy-Pills.jpg\",\"datePublished\":\"2022-02-20T13:20:42+00:00\",\"dateModified\":\"2022-03-18T00:52:19+00:00\",\"description\":\"Kaufen Sie Orange Tesla Ecstasy Pills zum Verkauf in Europa, Gro\u00dfbritannien. Kaufen Sie Ecstasy online, Ecstasy-Verk\u00e4ufer, bestellen Sie Ecstasy-Pillen online, wir handeln mit den reinsten und besten Produkten.\",\"breadcrumb\":{\"@id\":\"https:\\\/\\\/medicinasinc.com\\\/de\\\/product\\\/kaufen-orange-tesla-ecstasy-pillen\\\/#breadcrumb\"},\"inLanguage\":\"de\",\"potentialAction\":[{\"@type\":\"ReadAction\",\"target\":[\"https:\\\/\\\/medicinasinc.com\\\/de\\\/product\\\/kaufen-orange-tesla-ecstasy-pillen\\\/\"]}]},{\"@type\":\"ImageObject\",\"inLanguage\":\"de\",\"@id\":\"https:\\\/\\\/medicinasinc.com\\\/de\\\/product\\\/kaufen-orange-tesla-ecstasy-pillen\\\/#primaryimage\",\"url\":\"https:\\\/\\\/medicinasinc.com\\\/de\\\/wp-content\\\/uploads\\\/sites\\\/6\\\/2022\\\/02\\\/Buy-Orange-Tesla-Ecstasy-Pills.jpg\",\"contentUrl\":\"https:\\\/\\\/medicinasinc.com\\\/de\\\/wp-content\\\/uploads\\\/sites\\\/6\\\/2022\\\/02\\\/Buy-Orange-Tesla-Ecstasy-Pills.jpg\",\"width\":747,\"height\":560},{\"@type\":\"BreadcrumbList\",\"@id\":\"https:\\\/\\\/medicinasinc.com\\\/de\\\/product\\\/kaufen-orange-tesla-ecstasy-pillen\\\/#breadcrumb\",\"itemListElement\":[{\"@type\":\"ListItem\",\"position\":1,\"name\":\"Einkaufen\",\"item\":\"https:\\\/\\\/medicinasinc.com\\\/de\\\/einkaufen\\\/\"},{\"@type\":\"ListItem\",\"position\":2,\"name\":\"Kaufen Sie orangefarbene Tesla-Ecstasy-Pillen\"}]},{\"@type\":\"WebSite\",\"@id\":\"https:\\\/\\\/medicinasinc.com\\\/de\\\/#website\",\"url\":\"https:\\\/\\\/medicinasinc.com\\\/de\\\/\",\"name\":\"Medicinas Inc\",\"description\":\"Health Medical Clinic\",\"potentialAction\":[{\"@type\":\"SearchAction\",\"target\":{\"@type\":\"EntryPoint\",\"urlTemplate\":\"https:\\\/\\\/medicinasinc.com\\\/de\\\/?s={search_term_string}\"},\"query-input\":{\"@type\":\"PropertyValueSpecification\",\"valueRequired\":true,\"valueName\":\"search_term_string\"}}],\"inLanguage\":\"de\"}]}<\/script>\n<!-- \/ Yoast SEO plugin. -->","yoast_head_json":{"title":"Kaufen Sie Orange Tesla Ecstasy Pills - Best Best Global Meds","description":"Kaufen Sie Orange Tesla Ecstasy Pills zum Verkauf in Europa, Gro\u00dfbritannien. Kaufen Sie Ecstasy online, Ecstasy-Verk\u00e4ufer, bestellen Sie Ecstasy-Pillen online, wir handeln mit den reinsten und besten Produkten.","robots":{"index":"index","follow":"follow","max-snippet":"max-snippet:-1","max-image-preview":"max-image-preview:large","max-video-preview":"max-video-preview:-1"},"canonical":"https:\/\/medicinasinc.com\/de\/product\/kaufen-orange-tesla-ecstasy-pillen\/","og_locale":"de_DE","og_type":"article","og_title":"Kaufen Sie Orange Tesla Ecstasy Pills - Best Best Global Meds","og_description":"Kaufen Sie Orange Tesla Ecstasy Pills zum Verkauf in Europa, Gro\u00dfbritannien. Kaufen Sie Ecstasy online, Ecstasy-Verk\u00e4ufer, bestellen Sie Ecstasy-Pillen online, wir handeln mit den reinsten und besten Produkten.","og_url":"https:\/\/medicinasinc.com\/de\/product\/kaufen-orange-tesla-ecstasy-pillen\/","og_site_name":"Medicinas Inc","article_modified_time":"2022-03-18T00:52:19+00:00","og_image":[{"width":747,"height":560,"url":"https:\/\/medicinasinc.com\/de\/wp-content\/uploads\/sites\/6\/2022\/02\/Buy-Orange-Tesla-Ecstasy-Pills.jpg","type":"image\/jpeg"}],"twitter_card":"summary_large_image","twitter_misc":{"Gesch\u00e4tzte Lesezeit":"1\u00a0Minute"},"schema":{"@context":"https:\/\/schema.org","@graph":[{"@type":"WebPage","@id":"https:\/\/medicinasinc.com\/de\/product\/kaufen-orange-tesla-ecstasy-pillen\/","url":"https:\/\/medicinasinc.com\/de\/product\/kaufen-orange-tesla-ecstasy-pillen\/","name":"Kaufen Sie Orange Tesla Ecstasy Pills - Best Best Global Meds","isPartOf":{"@id":"https:\/\/medicinasinc.com\/de\/#website"},"primaryImageOfPage":{"@id":"https:\/\/medicinasinc.com\/de\/product\/kaufen-orange-tesla-ecstasy-pillen\/#primaryimage"},"image":{"@id":"https:\/\/medicinasinc.com\/de\/product\/kaufen-orange-tesla-ecstasy-pillen\/#primaryimage"},"thumbnailUrl":"https:\/\/medicinasinc.com\/de\/wp-content\/uploads\/sites\/6\/2022\/02\/Buy-Orange-Tesla-Ecstasy-Pills.jpg","datePublished":"2022-02-20T13:20:42+00:00","dateModified":"2022-03-18T00:52:19+00:00","description":"Kaufen Sie Orange Tesla Ecstasy Pills zum Verkauf in Europa, Gro\u00dfbritannien. Kaufen Sie Ecstasy online, Ecstasy-Verk\u00e4ufer, bestellen Sie Ecstasy-Pillen online, wir handeln mit den reinsten und besten Produkten.","breadcrumb":{"@id":"https:\/\/medicinasinc.com\/de\/product\/kaufen-orange-tesla-ecstasy-pillen\/#breadcrumb"},"inLanguage":"de","potentialAction":[{"@type":"ReadAction","target":["https:\/\/medicinasinc.com\/de\/product\/kaufen-orange-tesla-ecstasy-pillen\/"]}]},{"@type":"ImageObject","inLanguage":"de","@id":"https:\/\/medicinasinc.com\/de\/product\/kaufen-orange-tesla-ecstasy-pillen\/#primaryimage","url":"https:\/\/medicinasinc.com\/de\/wp-content\/uploads\/sites\/6\/2022\/02\/Buy-Orange-Tesla-Ecstasy-Pills.jpg","contentUrl":"https:\/\/medicinasinc.com\/de\/wp-content\/uploads\/sites\/6\/2022\/02\/Buy-Orange-Tesla-Ecstasy-Pills.jpg","width":747,"height":560},{"@type":"BreadcrumbList","@id":"https:\/\/medicinasinc.com\/de\/product\/kaufen-orange-tesla-ecstasy-pillen\/#breadcrumb","itemListElement":[{"@type":"ListItem","position":1,"name":"Einkaufen","item":"https:\/\/medicinasinc.com\/de\/einkaufen\/"},{"@type":"ListItem","position":2,"name":"Kaufen Sie orangefarbene Tesla-Ecstasy-Pillen"}]},{"@type":"WebSite","@id":"https:\/\/medicinasinc.com\/de\/#website","url":"https:\/\/medicinasinc.com\/de\/","name":"Medicinas Inc","description":"Health Medical Clinic","potentialAction":[{"@type":"SearchAction","target":{"@type":"EntryPoint","urlTemplate":"https:\/\/medicinasinc.com\/de\/?s={search_term_string}"},"query-input":{"@type":"PropertyValueSpecification","valueRequired":true,"valueName":"search_term_string"}}],"inLanguage":"de"}]}},"_links":{"self":[{"href":"https:\/\/medicinasinc.com\/de\/wp-json\/wp\/v2\/product\/4576","targetHints":{"allow":["GET"]}}],"collection":[{"href":"https:\/\/medicinasinc.com\/de\/wp-json\/wp\/v2\/product"}],"about":[{"href":"https:\/\/medicinasinc.com\/de\/wp-json\/wp\/v2\/types\/product"}],"replies":[{"embeddable":true,"href":"https:\/\/medicinasinc.com\/de\/wp-json\/wp\/v2\/comments?post=4576"}],"wp:featuredmedia":[{"embeddable":true,"href":"https:\/\/medicinasinc.com\/de\/wp-json\/wp\/v2\/media\/4589"}],"wp:attachment":[{"href":"https:\/\/medicinasinc.com\/de\/wp-json\/wp\/v2\/media?parent=4576"}],"wp:term":[{"taxonomy":"product_brand","embeddable":true,"href":"https:\/\/medicinasinc.com\/de\/wp-json\/wp\/v2\/product_brand?post=4576"},{"taxonomy":"product_cat","embeddable":true,"href":"https:\/\/medicinasinc.com\/de\/wp-json\/wp\/v2\/product_cat?post=4576"},{"taxonomy":"product_tag","embeddable":true,"href":"https:\/\/medicinasinc.com\/de\/wp-json\/wp\/v2\/product_tag?post=4576"}],"curies":[{"name":"wp","href":"https:\/\/api.w.org\/{rel}","templated":true}]}}