{"id":4575,"date":"2022-02-20T13:20:33","date_gmt":"2022-02-20T13:20:33","guid":{"rendered":"https:\/\/medicinasinc.com\/de\/?post_type=product&#038;p=4575"},"modified":"2022-03-18T00:52:31","modified_gmt":"2022-03-18T00:52:31","slug":"kaufen-blue-rolex-ecstasy-pillen","status":"publish","type":"product","link":"https:\/\/medicinasinc.com\/de\/product\/kaufen-blue-rolex-ecstasy-pillen\/","title":{"rendered":"Kaufen Sie Ecstasy-Pillen von Blue Rolex"},"content":{"rendered":"<p>Kaufen Sie Blue Rolex Ecstasy-Pillen in gro\u00dfen Mengen online.<\/p>\n<p>Kaufen Sie Blue Rolex Ecstasy-Pillen in gro\u00dfen Mengen online.<\/p>\n<p>Ecstasy wurde 1912 von der Drogenbeziehung Merck erfunden. Aufgrund seiner neuartigen Struktur wurde es &#8222;MDMA&#8220; genannt. Es wurde erstmals 1953 von den US-Streitkr\u00e4ften f\u00fcr mentale Engagement-Tests verwendet und kehrte in den 1960er Jahren kurzzeitig als Psychotherapie-L\u00f6sung f\u00fcr &#8222;niedrigere Hemmungen&#8220; zur\u00fcck. 1 MDMA wurde bis in die 1970er Jahre nicht als Sammelrezept verwendet.<\/p>\n<p>Mitte der 1980er Jahre wurde MDMA als &#8222;das sch\u00e4umendste Ding in der Technik mit der Mission, Menschen durch Wissenschaft zu erfreuen&#8220; und dem beworben &#8222;in L\u00f6sung&#8220; f\u00fcr lang anhaltende Partys. MDMA war 1984 noch weithin unter dem Markennamen \u201eJoy\u201c erh\u00e4ltlich, aber 1985 wurde das Medikament aufgrund von Sicherheitsbedenken eingeschr\u00e4nkt.<br \/> Die blaue Rolex-Pille kann besonders vorteilhaft f\u00fcr Personen sein, die Probleme mit nach der Bet\u00e4ubung auftretenden Quetschkomponenten haben (PTBS). Zahlreiche Patienten sind nicht in der Lage, die gef\u00e4hrlichen Ereignisse zu besprechen, die ihre Probleme ausgel\u00f6st haben. Erf\u00fcllung, so wird spekuliert, k\u00f6nnte Menschen dabei helfen, diese Wunden zu vergr\u00f6\u00dfern.<\/p>\n<p>D\u00f6blin, 50, ist wahrhaftig kein ausgebildeter Experte oder \u00dcberwacher; Er tr\u00e4gt jedoch eine umfassende Verantwortung f\u00fcr Drogen, da er sie bei zahlreichen Gelegenheiten konsumiert hat. \u201eEs hat einen bedeutenden Unterschied in meinem Leben gemacht\u201c, erkl\u00e4rte er. In den letzten Jahren hat er in die Verbreitung der Botschaft investiert, dass Joy und andere energetisierende Drogen unter idealen Bedingungen grundlegenden Erfolg haben.<br \/> Wenn Sie wirklich nach einer Partnerschaft suchen, die Ihnen die besten Qualit\u00e4tsartikel liefern kann, haben Sie sie kommen Sie an die richtige Stelle. Bei unserer Stiftung k\u00f6nnen Sie die besten Artikel ausw\u00e4hlen, die Ihnen helfen, Ihr Vertrauen aufzubauen und aufgrund der M\u00f6glichkeit unserer Artikel eine angemessene Beziehung zu uns aufzubauen. Kaufen Sie jetzt ein und erhalten Sie Blue Blue Rolex-Pillen innerhalb von f\u00fcnf Werktagen direkt vor Ihrer Haust\u00fcr.<\/p>\n","protected":false},"excerpt":{"rendered":"<div class=\"woocommerce-product-details__short-description\">\n<p>Kaufen Sie Blue Rolex Ecstasy-Pillen in Gro\u00dfbritannien, Europa online von einem vertrauensw\u00fcrdigen und zuverl\u00e4ssigen Lieferanten. Besuchen Sie unseren Shop und erhalten Sie Pillen und Forschungschemikalien von h\u00f6chster Qualit\u00e4t zu unschlagbaren Preisen.<\/p><\/div>\n<p> p&gt; <\/p><\/div>\n","protected":false},"featured_media":4587,"comment_status":"open","ping_status":"closed","template":"","meta":[],"product_brand":[],"product_cat":[498],"product_tag":[],"class_list":{"0":"post-4575","1":"product","2":"type-product","3":"status-publish","4":"has-post-thumbnail","6":"product_cat-ecstasy-pillen-kaufen","8":"first","9":"instock","10":"shipping-taxable","11":"purchasable","12":"product-type-variable","13":"has-default-attributes"},"yoast_head":"<!-- This site is optimized with the Yoast SEO plugin v27.3 - https:\/\/yoast.com\/product\/yoast-seo-wordpress\/ -->\n<title>Kaufen Sie Blue Rolex Ecstasy-Pillen - Best Best Global Meds<\/title>\n<meta name=\"description\" content=\"Kaufen Sie Blue Rolex Ecstasy-Pillen in Gro\u00dfbritannien, Europa online von einem vertrauensw\u00fcrdigen und zuverl\u00e4ssigen Lieferanten. Besuchen Sie unseren Shop und erhalten Sie hochwertige Pillen und Forschungschemikalien zu unschlagbaren Preisen.\" \/>\n<meta name=\"robots\" content=\"index, follow, max-snippet:-1, max-image-preview:large, max-video-preview:-1\" \/>\n<link rel=\"canonical\" href=\"https:\/\/medicinasinc.com\/de\/product\/kaufen-blue-rolex-ecstasy-pillen\/\" \/>\n<meta property=\"og:locale\" content=\"de_DE\" \/>\n<meta property=\"og:type\" content=\"article\" \/>\n<meta property=\"og:title\" content=\"Kaufen Sie Blue Rolex Ecstasy-Pillen - Best Best Global Meds\" \/>\n<meta property=\"og:description\" content=\"Kaufen Sie Blue Rolex Ecstasy-Pillen in Gro\u00dfbritannien, Europa online von einem vertrauensw\u00fcrdigen und zuverl\u00e4ssigen Lieferanten. Besuchen Sie unseren Shop und erhalten Sie hochwertige Pillen und Forschungschemikalien zu unschlagbaren Preisen.\" \/>\n<meta property=\"og:url\" content=\"https:\/\/medicinasinc.com\/de\/product\/kaufen-blue-rolex-ecstasy-pillen\/\" \/>\n<meta property=\"og:site_name\" content=\"Medicinas Inc\" \/>\n<meta property=\"article:modified_time\" content=\"2022-03-18T00:52:31+00:00\" \/>\n<meta property=\"og:image\" content=\"https:\/\/medicinasinc.com\/de\/wp-content\/uploads\/sites\/6\/2022\/02\/buy-quality-blue-rolex-ecstasy-pills-online.jpg\" \/>\n\t<meta property=\"og:image:width\" content=\"600\" \/>\n\t<meta property=\"og:image:height\" content=\"600\" \/>\n\t<meta property=\"og:image:type\" content=\"image\/jpeg\" \/>\n<meta name=\"twitter:card\" content=\"summary_large_image\" \/>\n<script type=\"application\/ld+json\" class=\"yoast-schema-graph\">{\"@context\":\"https:\\\/\\\/schema.org\",\"@graph\":[{\"@type\":\"WebPage\",\"@id\":\"https:\\\/\\\/medicinasinc.com\\\/de\\\/product\\\/kaufen-blue-rolex-ecstasy-pillen\\\/\",\"url\":\"https:\\\/\\\/medicinasinc.com\\\/de\\\/product\\\/kaufen-blue-rolex-ecstasy-pillen\\\/\",\"name\":\"Kaufen Sie Blue Rolex Ecstasy-Pillen - Best Best Global Meds\",\"isPartOf\":{\"@id\":\"https:\\\/\\\/medicinasinc.com\\\/de\\\/#website\"},\"primaryImageOfPage\":{\"@id\":\"https:\\\/\\\/medicinasinc.com\\\/de\\\/product\\\/kaufen-blue-rolex-ecstasy-pillen\\\/#primaryimage\"},\"image\":{\"@id\":\"https:\\\/\\\/medicinasinc.com\\\/de\\\/product\\\/kaufen-blue-rolex-ecstasy-pillen\\\/#primaryimage\"},\"thumbnailUrl\":\"https:\\\/\\\/medicinasinc.com\\\/de\\\/wp-content\\\/uploads\\\/sites\\\/6\\\/2022\\\/02\\\/buy-quality-blue-rolex-ecstasy-pills-online.jpg\",\"datePublished\":\"2022-02-20T13:20:33+00:00\",\"dateModified\":\"2022-03-18T00:52:31+00:00\",\"description\":\"Kaufen Sie Blue Rolex Ecstasy-Pillen in Gro\u00dfbritannien, Europa online von einem vertrauensw\u00fcrdigen und zuverl\u00e4ssigen Lieferanten. Besuchen Sie unseren Shop und erhalten Sie hochwertige Pillen und Forschungschemikalien zu unschlagbaren Preisen.\",\"breadcrumb\":{\"@id\":\"https:\\\/\\\/medicinasinc.com\\\/de\\\/product\\\/kaufen-blue-rolex-ecstasy-pillen\\\/#breadcrumb\"},\"inLanguage\":\"de\",\"potentialAction\":[{\"@type\":\"ReadAction\",\"target\":[\"https:\\\/\\\/medicinasinc.com\\\/de\\\/product\\\/kaufen-blue-rolex-ecstasy-pillen\\\/\"]}]},{\"@type\":\"ImageObject\",\"inLanguage\":\"de\",\"@id\":\"https:\\\/\\\/medicinasinc.com\\\/de\\\/product\\\/kaufen-blue-rolex-ecstasy-pillen\\\/#primaryimage\",\"url\":\"https:\\\/\\\/medicinasinc.com\\\/de\\\/wp-content\\\/uploads\\\/sites\\\/6\\\/2022\\\/02\\\/buy-quality-blue-rolex-ecstasy-pills-online.jpg\",\"contentUrl\":\"https:\\\/\\\/medicinasinc.com\\\/de\\\/wp-content\\\/uploads\\\/sites\\\/6\\\/2022\\\/02\\\/buy-quality-blue-rolex-ecstasy-pills-online.jpg\",\"width\":600,\"height\":600},{\"@type\":\"BreadcrumbList\",\"@id\":\"https:\\\/\\\/medicinasinc.com\\\/de\\\/product\\\/kaufen-blue-rolex-ecstasy-pillen\\\/#breadcrumb\",\"itemListElement\":[{\"@type\":\"ListItem\",\"position\":1,\"name\":\"Einkaufen\",\"item\":\"https:\\\/\\\/medicinasinc.com\\\/de\\\/einkaufen\\\/\"},{\"@type\":\"ListItem\",\"position\":2,\"name\":\"Kaufen Sie Ecstasy-Pillen von Blue Rolex\"}]},{\"@type\":\"WebSite\",\"@id\":\"https:\\\/\\\/medicinasinc.com\\\/de\\\/#website\",\"url\":\"https:\\\/\\\/medicinasinc.com\\\/de\\\/\",\"name\":\"Medicinas Inc\",\"description\":\"Health Medical Clinic\",\"potentialAction\":[{\"@type\":\"SearchAction\",\"target\":{\"@type\":\"EntryPoint\",\"urlTemplate\":\"https:\\\/\\\/medicinasinc.com\\\/de\\\/?s={search_term_string}\"},\"query-input\":{\"@type\":\"PropertyValueSpecification\",\"valueRequired\":true,\"valueName\":\"search_term_string\"}}],\"inLanguage\":\"de\"}]}<\/script>\n<!-- \/ Yoast SEO plugin. -->","yoast_head_json":{"title":"Kaufen Sie Blue Rolex Ecstasy-Pillen - Best Best Global Meds","description":"Kaufen Sie Blue Rolex Ecstasy-Pillen in Gro\u00dfbritannien, Europa online von einem vertrauensw\u00fcrdigen und zuverl\u00e4ssigen Lieferanten. Besuchen Sie unseren Shop und erhalten Sie hochwertige Pillen und Forschungschemikalien zu unschlagbaren Preisen.","robots":{"index":"index","follow":"follow","max-snippet":"max-snippet:-1","max-image-preview":"max-image-preview:large","max-video-preview":"max-video-preview:-1"},"canonical":"https:\/\/medicinasinc.com\/de\/product\/kaufen-blue-rolex-ecstasy-pillen\/","og_locale":"de_DE","og_type":"article","og_title":"Kaufen Sie Blue Rolex Ecstasy-Pillen - Best Best Global Meds","og_description":"Kaufen Sie Blue Rolex Ecstasy-Pillen in Gro\u00dfbritannien, Europa online von einem vertrauensw\u00fcrdigen und zuverl\u00e4ssigen Lieferanten. Besuchen Sie unseren Shop und erhalten Sie hochwertige Pillen und Forschungschemikalien zu unschlagbaren Preisen.","og_url":"https:\/\/medicinasinc.com\/de\/product\/kaufen-blue-rolex-ecstasy-pillen\/","og_site_name":"Medicinas Inc","article_modified_time":"2022-03-18T00:52:31+00:00","og_image":[{"width":600,"height":600,"url":"https:\/\/medicinasinc.com\/de\/wp-content\/uploads\/sites\/6\/2022\/02\/buy-quality-blue-rolex-ecstasy-pills-online.jpg","type":"image\/jpeg"}],"twitter_card":"summary_large_image","schema":{"@context":"https:\/\/schema.org","@graph":[{"@type":"WebPage","@id":"https:\/\/medicinasinc.com\/de\/product\/kaufen-blue-rolex-ecstasy-pillen\/","url":"https:\/\/medicinasinc.com\/de\/product\/kaufen-blue-rolex-ecstasy-pillen\/","name":"Kaufen Sie Blue Rolex Ecstasy-Pillen - Best Best Global Meds","isPartOf":{"@id":"https:\/\/medicinasinc.com\/de\/#website"},"primaryImageOfPage":{"@id":"https:\/\/medicinasinc.com\/de\/product\/kaufen-blue-rolex-ecstasy-pillen\/#primaryimage"},"image":{"@id":"https:\/\/medicinasinc.com\/de\/product\/kaufen-blue-rolex-ecstasy-pillen\/#primaryimage"},"thumbnailUrl":"https:\/\/medicinasinc.com\/de\/wp-content\/uploads\/sites\/6\/2022\/02\/buy-quality-blue-rolex-ecstasy-pills-online.jpg","datePublished":"2022-02-20T13:20:33+00:00","dateModified":"2022-03-18T00:52:31+00:00","description":"Kaufen Sie Blue Rolex Ecstasy-Pillen in Gro\u00dfbritannien, Europa online von einem vertrauensw\u00fcrdigen und zuverl\u00e4ssigen Lieferanten. Besuchen Sie unseren Shop und erhalten Sie hochwertige Pillen und Forschungschemikalien zu unschlagbaren Preisen.","breadcrumb":{"@id":"https:\/\/medicinasinc.com\/de\/product\/kaufen-blue-rolex-ecstasy-pillen\/#breadcrumb"},"inLanguage":"de","potentialAction":[{"@type":"ReadAction","target":["https:\/\/medicinasinc.com\/de\/product\/kaufen-blue-rolex-ecstasy-pillen\/"]}]},{"@type":"ImageObject","inLanguage":"de","@id":"https:\/\/medicinasinc.com\/de\/product\/kaufen-blue-rolex-ecstasy-pillen\/#primaryimage","url":"https:\/\/medicinasinc.com\/de\/wp-content\/uploads\/sites\/6\/2022\/02\/buy-quality-blue-rolex-ecstasy-pills-online.jpg","contentUrl":"https:\/\/medicinasinc.com\/de\/wp-content\/uploads\/sites\/6\/2022\/02\/buy-quality-blue-rolex-ecstasy-pills-online.jpg","width":600,"height":600},{"@type":"BreadcrumbList","@id":"https:\/\/medicinasinc.com\/de\/product\/kaufen-blue-rolex-ecstasy-pillen\/#breadcrumb","itemListElement":[{"@type":"ListItem","position":1,"name":"Einkaufen","item":"https:\/\/medicinasinc.com\/de\/einkaufen\/"},{"@type":"ListItem","position":2,"name":"Kaufen Sie Ecstasy-Pillen von Blue Rolex"}]},{"@type":"WebSite","@id":"https:\/\/medicinasinc.com\/de\/#website","url":"https:\/\/medicinasinc.com\/de\/","name":"Medicinas Inc","description":"Health Medical Clinic","potentialAction":[{"@type":"SearchAction","target":{"@type":"EntryPoint","urlTemplate":"https:\/\/medicinasinc.com\/de\/?s={search_term_string}"},"query-input":{"@type":"PropertyValueSpecification","valueRequired":true,"valueName":"search_term_string"}}],"inLanguage":"de"}]}},"_links":{"self":[{"href":"https:\/\/medicinasinc.com\/de\/wp-json\/wp\/v2\/product\/4575","targetHints":{"allow":["GET"]}}],"collection":[{"href":"https:\/\/medicinasinc.com\/de\/wp-json\/wp\/v2\/product"}],"about":[{"href":"https:\/\/medicinasinc.com\/de\/wp-json\/wp\/v2\/types\/product"}],"replies":[{"embeddable":true,"href":"https:\/\/medicinasinc.com\/de\/wp-json\/wp\/v2\/comments?post=4575"}],"wp:featuredmedia":[{"embeddable":true,"href":"https:\/\/medicinasinc.com\/de\/wp-json\/wp\/v2\/media\/4587"}],"wp:attachment":[{"href":"https:\/\/medicinasinc.com\/de\/wp-json\/wp\/v2\/media?parent=4575"}],"wp:term":[{"taxonomy":"product_brand","embeddable":true,"href":"https:\/\/medicinasinc.com\/de\/wp-json\/wp\/v2\/product_brand?post=4575"},{"taxonomy":"product_cat","embeddable":true,"href":"https:\/\/medicinasinc.com\/de\/wp-json\/wp\/v2\/product_cat?post=4575"},{"taxonomy":"product_tag","embeddable":true,"href":"https:\/\/medicinasinc.com\/de\/wp-json\/wp\/v2\/product_tag?post=4575"}],"curies":[{"name":"wp","href":"https:\/\/api.w.org\/{rel}","templated":true}]}}