{"id":4535,"date":"2022-02-20T10:31:14","date_gmt":"2022-02-20T10:31:14","guid":{"rendered":"https:\/\/medicinasinc.com\/de\/?post_type=product&#038;p=4535"},"modified":"2022-03-18T00:53:06","modified_gmt":"2022-03-18T00:53:06","slug":"kaufen-graue-bugatti-mdma-pillen","status":"publish","type":"product","link":"https:\/\/medicinasinc.com\/de\/product\/kaufen-graue-bugatti-mdma-pillen\/","title":{"rendered":"Kaufen Sie Grey Bugatti MDMA-Pillen"},"content":{"rendered":"<p>GRAUE BUGATTI MDMA PILLEN ONLINE KAUFEN<\/p>\n<p>MDMA (Methamphetamin-Methylendioxymethamphetamin) ist ein synthetisches Stimulans, das die Wahrnehmung und Stimmung (Bewusstsein f\u00fcr Umgebungsbedingungen und Objekte) ver\u00e4ndert. Chemisch \u00e4hnelt es Halluzinogenen und Stimulanzien, die Gef\u00fchle von erh\u00f6htem Vergn\u00fcgen, Energie, emotionaler W\u00e4rme, Zeitwahrnehmung und verzerrter Sinneswahrnehmung hervorrufen. Kaufen Sie reines mdma online.<\/p>\n<p>MDMA war anfangs auf n\u00e4chtlichen Tanzpartys und in der Nachtclubszene beliebt, aber die Droge wirkt sich heute auf eine vielf\u00e4ltige Gruppe von Menschen aus, die sie als Molly oder Ecstasy bezeichnen. Online-Kauf von Grey Bugatti MDMA-Pillen<\/p>\n<p>Ecstasy ist ein Stimulans, das das Potenzial hat, Halluzinationen hervorzurufen. Einzelpersonen werden als Designerdroge bezeichnet, weil sie dazu f\u00fchren, dass sich eine Person entspannt, energetisiert und high f\u00fchlt. Die Droge ist besonders beliebt bei jungen Erwachsenen und Teenagern, die Konzerte, Clubs und \u201eRave\u201c-Partys besuchen. Kaufen Sie mdma online<\/p>\n<p>Ecstasy wird h\u00e4ufig als &#8222;die Liebespille&#8220; bezeichnet, weil es die Wahrnehmung von Ger\u00e4uschen und Farben verbessert und angeblich die Empfindungen verst\u00e4rkt, wenn man einen anderen streichelt oder ber\u00fchrt, vor allem beim Sex. Sie k\u00f6nnen Viagra auch f\u00fcr eine verbesserte sexuelle Leistungsf\u00e4higkeit kaufen.<\/p>\n<p>Benutzer glauben, dass das Medikament ihnen ein entspanntes und gutes Gef\u00fchl gibt und sie tagelang ohne Pause am Laufen h\u00e4lt. Personen, die Ecstasy verwenden, sind sich der mit diesem Medikament verbundenen Gefahren nicht bewusst. Wo kann ich reines mdma online kaufen?<\/p>\n<p>Ecstasy ist zu einer der am weitesten verbreiteten Stra\u00dfendrogen geworden. Ecstasy hat in den letzten Jahren einige von uns aufgrund seiner gef\u00e4hrlichen Nebenwirkungen in die Notaufnahme gebracht. Bestellen Sie MDMA in der Europ\u00e4ischen Union, kann ich MDMA online kaufen, Gro\u00dfhandels-MDMA online, reines MDMA zum Online-Verkauf, echtes MDMA zum Online-Verkauf in den Vereinigten Staaten von Amerika<\/p>\n","protected":false},"excerpt":{"rendered":"<p>Kaufen Sie Grey Bugatti MDMA Pills zum Verkauf online zum besten Preis. Wir garantieren einen sicheren weltweiten Versand. Bestellen Sie MDMA in der EU, kann ich MDMA online kaufen, Gro\u00dfhandel mit MDMA online<\/p>\n<p><em>Kaufen Sie Grey Bugatti MDMA-Pillen<\/em> online zum besten Preis. Wir garantieren einen sicheren weltweiten Versand. WhatsApp uns jetzt<\/p>\n","protected":false},"featured_media":4558,"comment_status":"open","ping_status":"closed","template":"","meta":[],"product_brand":[],"product_cat":[498],"product_tag":[499,501,502,503,505,506,508,507,509,511,512,513,514,515,516,517,518,500,521,522,523,525,530,526,519,529,527,528,520,531,524,532,533,534,535,536,504,537,538,539,541,542,543,540,544,546,510,545,547],"class_list":{"0":"post-4535","1":"product","2":"type-product","3":"status-publish","4":"has-post-thumbnail","6":"product_cat-ecstasy-pillen-kaufen","7":"product_tag-buy-gray-bugatti-mdma-pills-online","8":"product_tag-buy-mdma-online","9":"product_tag-buy-mdma-pills","10":"product_tag-buy-mdma-pills-online","11":"product_tag-buy-mollymdma-online","12":"product_tag-buy-pure-mdma-online","13":"product_tag-can-i-order-mdma-online","14":"product_tag-forschungschemikalien-online-kaufen","15":"product_tag-get-mdma-online","16":"product_tag-illegale-drogen-zum-verkauf-online-mdma","17":"product_tag-mdma","18":"product_tag-mdma-100mg","19":"product_tag-mdma-1g","20":"product_tag-mdma-3-4-methylendioxy-n-methylamphetamin","21":"product_tag-mdma-3g","22":"product_tag-mdma-for-sale","23":"product_tag-mdma-for-sale-online","24":"product_tag-kaufen-mdma","25":"product_tag-mdma-molly","26":"product_tag-mdma-molly-crystals","27":"product_tag-mdma-molly-zu-verkaufen","28":"product_tag-mdma-online-bestellung","29":"product_tag-mdma-online-bestellen","30":"product_tag-mdma-online-sale","31":"product_tag-mdma-zum-verkauf-online-usa","32":"product_tag-mdma-online-shop","33":"product_tag-mdma-online-vertrieb","34":"product_tag-mdma-online-sales-vendors","35":"product_tag-mdma-zu-verkaufen-online-bestellen","36":"product_tag-mdma-bilder","37":"product_tag-mdma-molly-pulver","38":"product_tag-mdma-pille","39":"product_tag-mdma-pillen-zum-verkauf-online","40":"product_tag-mdma-verkauf","41":"product_tag-mdma-sellufe","42":"product_tag-molly-mdma-pulver","43":"product_tag-kaufen-molly-online","44":"product_tag-online","45":"product_tag-online-mdma-verkauf","46":"product_tag-order-mdma-online","47":"product_tag-pure-mdma","48":"product_tag-pure-mdma-for-sale-online","49":"product_tag-real-mdma-for-sale-online","50":"product_tag-pure-mdma-online-bestellung","51":"product_tag-where-to-buy-mdma-pills","52":"product_tag-where-to-buy-pure-mdma-online","53":"product_tag-wie-bestelle-mdma","54":"product_tag-wo-man-mdma-pillen-online-kauft","55":"product_tag-wo-zu-kaufen-pure-molly-online","57":"first","58":"instock","59":"shipping-taxable","60":"purchasable","61":"product-type-variable","62":"has-default-attributes"},"yoast_head":"<!-- This site is optimized with the Yoast SEO plugin v27.3 - https:\/\/yoast.com\/product\/yoast-seo-wordpress\/ -->\n<title>Kaufen Sie Grey Bugatti MDMA-Pillen - Best Best Global Meds<\/title>\n<meta name=\"description\" content=\"Kaufen Sie Grey Bugatti MDMA Pills zum Verkauf online zum besten Preis. Wir garantieren einen sicheren weltweiten Versand. Bestellen Sie MDMA in der EU, kann ich MDMA online kaufen, Gro\u00dfhandel MDMA online\" \/>\n<meta name=\"robots\" content=\"index, follow, max-snippet:-1, max-image-preview:large, max-video-preview:-1\" \/>\n<link rel=\"canonical\" href=\"https:\/\/medicinasinc.com\/de\/product\/kaufen-graue-bugatti-mdma-pillen\/\" \/>\n<meta property=\"og:locale\" content=\"de_DE\" \/>\n<meta property=\"og:type\" content=\"article\" \/>\n<meta property=\"og:title\" content=\"Kaufen Sie Grey Bugatti MDMA-Pillen - Best Best Global Meds\" \/>\n<meta property=\"og:description\" content=\"Kaufen Sie Grey Bugatti MDMA Pills zum Verkauf online zum besten Preis. Wir garantieren einen sicheren weltweiten Versand. Bestellen Sie MDMA in der EU, kann ich MDMA online kaufen, Gro\u00dfhandel MDMA online\" \/>\n<meta property=\"og:url\" content=\"https:\/\/medicinasinc.com\/de\/product\/kaufen-graue-bugatti-mdma-pillen\/\" \/>\n<meta property=\"og:site_name\" content=\"Medicinas Inc\" \/>\n<meta property=\"article:modified_time\" content=\"2022-03-18T00:53:06+00:00\" \/>\n<meta property=\"og:image\" content=\"https:\/\/medicinasinc.com\/de\/wp-content\/uploads\/sites\/6\/2022\/02\/buy-gray-bugatti-mdma-pills-online.jpg\" \/>\n\t<meta property=\"og:image:width\" content=\"600\" \/>\n\t<meta property=\"og:image:height\" content=\"600\" \/>\n\t<meta property=\"og:image:type\" content=\"image\/jpeg\" \/>\n<meta name=\"twitter:card\" content=\"summary_large_image\" \/>\n<meta name=\"twitter:label1\" content=\"Gesch\u00e4tzte Lesezeit\" \/>\n\t<meta name=\"twitter:data1\" content=\"2\u00a0Minuten\" \/>\n<script type=\"application\/ld+json\" class=\"yoast-schema-graph\">{\"@context\":\"https:\\\/\\\/schema.org\",\"@graph\":[{\"@type\":\"WebPage\",\"@id\":\"https:\\\/\\\/medicinasinc.com\\\/de\\\/product\\\/kaufen-graue-bugatti-mdma-pillen\\\/\",\"url\":\"https:\\\/\\\/medicinasinc.com\\\/de\\\/product\\\/kaufen-graue-bugatti-mdma-pillen\\\/\",\"name\":\"Kaufen Sie Grey Bugatti MDMA-Pillen - Best Best Global Meds\",\"isPartOf\":{\"@id\":\"https:\\\/\\\/medicinasinc.com\\\/de\\\/#website\"},\"primaryImageOfPage\":{\"@id\":\"https:\\\/\\\/medicinasinc.com\\\/de\\\/product\\\/kaufen-graue-bugatti-mdma-pillen\\\/#primaryimage\"},\"image\":{\"@id\":\"https:\\\/\\\/medicinasinc.com\\\/de\\\/product\\\/kaufen-graue-bugatti-mdma-pillen\\\/#primaryimage\"},\"thumbnailUrl\":\"https:\\\/\\\/medicinasinc.com\\\/de\\\/wp-content\\\/uploads\\\/sites\\\/6\\\/2022\\\/02\\\/buy-gray-bugatti-mdma-pills-online.jpg\",\"datePublished\":\"2022-02-20T10:31:14+00:00\",\"dateModified\":\"2022-03-18T00:53:06+00:00\",\"description\":\"Kaufen Sie Grey Bugatti MDMA Pills zum Verkauf online zum besten Preis. Wir garantieren einen sicheren weltweiten Versand. Bestellen Sie MDMA in der EU, kann ich MDMA online kaufen, Gro\u00dfhandel MDMA online\",\"breadcrumb\":{\"@id\":\"https:\\\/\\\/medicinasinc.com\\\/de\\\/product\\\/kaufen-graue-bugatti-mdma-pillen\\\/#breadcrumb\"},\"inLanguage\":\"de\",\"potentialAction\":[{\"@type\":\"ReadAction\",\"target\":[\"https:\\\/\\\/medicinasinc.com\\\/de\\\/product\\\/kaufen-graue-bugatti-mdma-pillen\\\/\"]}]},{\"@type\":\"ImageObject\",\"inLanguage\":\"de\",\"@id\":\"https:\\\/\\\/medicinasinc.com\\\/de\\\/product\\\/kaufen-graue-bugatti-mdma-pillen\\\/#primaryimage\",\"url\":\"https:\\\/\\\/medicinasinc.com\\\/de\\\/wp-content\\\/uploads\\\/sites\\\/6\\\/2022\\\/02\\\/buy-gray-bugatti-mdma-pills-online.jpg\",\"contentUrl\":\"https:\\\/\\\/medicinasinc.com\\\/de\\\/wp-content\\\/uploads\\\/sites\\\/6\\\/2022\\\/02\\\/buy-gray-bugatti-mdma-pills-online.jpg\",\"width\":600,\"height\":600},{\"@type\":\"BreadcrumbList\",\"@id\":\"https:\\\/\\\/medicinasinc.com\\\/de\\\/product\\\/kaufen-graue-bugatti-mdma-pillen\\\/#breadcrumb\",\"itemListElement\":[{\"@type\":\"ListItem\",\"position\":1,\"name\":\"Einkaufen\",\"item\":\"https:\\\/\\\/medicinasinc.com\\\/de\\\/einkaufen\\\/\"},{\"@type\":\"ListItem\",\"position\":2,\"name\":\"Kaufen Sie Grey Bugatti MDMA-Pillen\"}]},{\"@type\":\"WebSite\",\"@id\":\"https:\\\/\\\/medicinasinc.com\\\/de\\\/#website\",\"url\":\"https:\\\/\\\/medicinasinc.com\\\/de\\\/\",\"name\":\"Medicinas Inc\",\"description\":\"Health Medical Clinic\",\"potentialAction\":[{\"@type\":\"SearchAction\",\"target\":{\"@type\":\"EntryPoint\",\"urlTemplate\":\"https:\\\/\\\/medicinasinc.com\\\/de\\\/?s={search_term_string}\"},\"query-input\":{\"@type\":\"PropertyValueSpecification\",\"valueRequired\":true,\"valueName\":\"search_term_string\"}}],\"inLanguage\":\"de\"}]}<\/script>\n<!-- \/ Yoast SEO plugin. -->","yoast_head_json":{"title":"Kaufen Sie Grey Bugatti MDMA-Pillen - Best Best Global Meds","description":"Kaufen Sie Grey Bugatti MDMA Pills zum Verkauf online zum besten Preis. Wir garantieren einen sicheren weltweiten Versand. Bestellen Sie MDMA in der EU, kann ich MDMA online kaufen, Gro\u00dfhandel MDMA online","robots":{"index":"index","follow":"follow","max-snippet":"max-snippet:-1","max-image-preview":"max-image-preview:large","max-video-preview":"max-video-preview:-1"},"canonical":"https:\/\/medicinasinc.com\/de\/product\/kaufen-graue-bugatti-mdma-pillen\/","og_locale":"de_DE","og_type":"article","og_title":"Kaufen Sie Grey Bugatti MDMA-Pillen - Best Best Global Meds","og_description":"Kaufen Sie Grey Bugatti MDMA Pills zum Verkauf online zum besten Preis. Wir garantieren einen sicheren weltweiten Versand. Bestellen Sie MDMA in der EU, kann ich MDMA online kaufen, Gro\u00dfhandel MDMA online","og_url":"https:\/\/medicinasinc.com\/de\/product\/kaufen-graue-bugatti-mdma-pillen\/","og_site_name":"Medicinas Inc","article_modified_time":"2022-03-18T00:53:06+00:00","og_image":[{"width":600,"height":600,"url":"https:\/\/medicinasinc.com\/de\/wp-content\/uploads\/sites\/6\/2022\/02\/buy-gray-bugatti-mdma-pills-online.jpg","type":"image\/jpeg"}],"twitter_card":"summary_large_image","twitter_misc":{"Gesch\u00e4tzte Lesezeit":"2\u00a0Minuten"},"schema":{"@context":"https:\/\/schema.org","@graph":[{"@type":"WebPage","@id":"https:\/\/medicinasinc.com\/de\/product\/kaufen-graue-bugatti-mdma-pillen\/","url":"https:\/\/medicinasinc.com\/de\/product\/kaufen-graue-bugatti-mdma-pillen\/","name":"Kaufen Sie Grey Bugatti MDMA-Pillen - Best Best Global Meds","isPartOf":{"@id":"https:\/\/medicinasinc.com\/de\/#website"},"primaryImageOfPage":{"@id":"https:\/\/medicinasinc.com\/de\/product\/kaufen-graue-bugatti-mdma-pillen\/#primaryimage"},"image":{"@id":"https:\/\/medicinasinc.com\/de\/product\/kaufen-graue-bugatti-mdma-pillen\/#primaryimage"},"thumbnailUrl":"https:\/\/medicinasinc.com\/de\/wp-content\/uploads\/sites\/6\/2022\/02\/buy-gray-bugatti-mdma-pills-online.jpg","datePublished":"2022-02-20T10:31:14+00:00","dateModified":"2022-03-18T00:53:06+00:00","description":"Kaufen Sie Grey Bugatti MDMA Pills zum Verkauf online zum besten Preis. Wir garantieren einen sicheren weltweiten Versand. Bestellen Sie MDMA in der EU, kann ich MDMA online kaufen, Gro\u00dfhandel MDMA online","breadcrumb":{"@id":"https:\/\/medicinasinc.com\/de\/product\/kaufen-graue-bugatti-mdma-pillen\/#breadcrumb"},"inLanguage":"de","potentialAction":[{"@type":"ReadAction","target":["https:\/\/medicinasinc.com\/de\/product\/kaufen-graue-bugatti-mdma-pillen\/"]}]},{"@type":"ImageObject","inLanguage":"de","@id":"https:\/\/medicinasinc.com\/de\/product\/kaufen-graue-bugatti-mdma-pillen\/#primaryimage","url":"https:\/\/medicinasinc.com\/de\/wp-content\/uploads\/sites\/6\/2022\/02\/buy-gray-bugatti-mdma-pills-online.jpg","contentUrl":"https:\/\/medicinasinc.com\/de\/wp-content\/uploads\/sites\/6\/2022\/02\/buy-gray-bugatti-mdma-pills-online.jpg","width":600,"height":600},{"@type":"BreadcrumbList","@id":"https:\/\/medicinasinc.com\/de\/product\/kaufen-graue-bugatti-mdma-pillen\/#breadcrumb","itemListElement":[{"@type":"ListItem","position":1,"name":"Einkaufen","item":"https:\/\/medicinasinc.com\/de\/einkaufen\/"},{"@type":"ListItem","position":2,"name":"Kaufen Sie Grey Bugatti MDMA-Pillen"}]},{"@type":"WebSite","@id":"https:\/\/medicinasinc.com\/de\/#website","url":"https:\/\/medicinasinc.com\/de\/","name":"Medicinas Inc","description":"Health Medical Clinic","potentialAction":[{"@type":"SearchAction","target":{"@type":"EntryPoint","urlTemplate":"https:\/\/medicinasinc.com\/de\/?s={search_term_string}"},"query-input":{"@type":"PropertyValueSpecification","valueRequired":true,"valueName":"search_term_string"}}],"inLanguage":"de"}]}},"_links":{"self":[{"href":"https:\/\/medicinasinc.com\/de\/wp-json\/wp\/v2\/product\/4535","targetHints":{"allow":["GET"]}}],"collection":[{"href":"https:\/\/medicinasinc.com\/de\/wp-json\/wp\/v2\/product"}],"about":[{"href":"https:\/\/medicinasinc.com\/de\/wp-json\/wp\/v2\/types\/product"}],"replies":[{"embeddable":true,"href":"https:\/\/medicinasinc.com\/de\/wp-json\/wp\/v2\/comments?post=4535"}],"wp:featuredmedia":[{"embeddable":true,"href":"https:\/\/medicinasinc.com\/de\/wp-json\/wp\/v2\/media\/4558"}],"wp:attachment":[{"href":"https:\/\/medicinasinc.com\/de\/wp-json\/wp\/v2\/media?parent=4535"}],"wp:term":[{"taxonomy":"product_brand","embeddable":true,"href":"https:\/\/medicinasinc.com\/de\/wp-json\/wp\/v2\/product_brand?post=4535"},{"taxonomy":"product_cat","embeddable":true,"href":"https:\/\/medicinasinc.com\/de\/wp-json\/wp\/v2\/product_cat?post=4535"},{"taxonomy":"product_tag","embeddable":true,"href":"https:\/\/medicinasinc.com\/de\/wp-json\/wp\/v2\/product_tag?post=4535"}],"curies":[{"name":"wp","href":"https:\/\/api.w.org\/{rel}","templated":true}]}}