{"id":4534,"date":"2022-02-20T10:30:39","date_gmt":"2022-02-20T10:30:39","guid":{"rendered":"https:\/\/medicinasinc.com\/de\/?post_type=product&#038;p=4534"},"modified":"2022-03-18T00:53:16","modified_gmt":"2022-03-18T00:53:16","slug":"kaufen-green-star-ecstasy-pillen","status":"publish","type":"product","link":"https:\/\/medicinasinc.com\/de\/product\/kaufen-green-star-ecstasy-pillen\/","title":{"rendered":"Kaufen Sie Green Star Ecstasy-Pillen"},"content":{"rendered":"<p>Ecstasy Green Star 254 mg Online kaufen<\/p>\n<p>Green Star Ecstasy-Pillen zum Online-Verkauf.<\/p>\n<p>Ecstasy wurde 1912 als Ergebnis der Drogenbeziehung von Merck entwickelt. Aufgrund seiner neuartigen Struktur wurde es &#8222;MDMA&#8220; genannt. Es wurde erstmals 1953 von den US-Streitkr\u00e4ften f\u00fcr mentale Kampftests verwendet und in den 1960er Jahren kurzzeitig als Psychotherapie-Rezept zur &#8222;Senkung von Hemmungen&#8220; wieder eingef\u00fchrt. 1 MDMA wurde bis in die 1970er Jahre nicht als Medizin f\u00fcr soziale Angelegenheiten verwendet.<\/p>\n<p>Mitte der 1980er Jahre wurde MDMA als &#8222;das spritzigste Ding in der Methode mit einem am\u00fcsanten Aussehen durch die Wissenschaft&#8220; und als beworben die &#8222;in medikation&#8220; f\u00fcr ausdauernde partys. MDMA wurde 1984 noch unter dem Markennamen \u201eDelight\u201c verkauft, aber 1985 wurde das Medikament aus Sicherheitsgr\u00fcnden eingeschr\u00e4nkt.<br \/> Ecstacy, der gr\u00fcne Stern, kann besonders f\u00fcr diejenigen von Vorteil sein, die mit Post-Terrible zu tun haben Pressing-Factor-Probleme (PTSD). Zahlreiche Patienten sind nicht in der Lage, \u00fcber die belastenden Ereignisse zu sprechen, die ihre Probleme ausgel\u00f6st haben. Nach dieser Theorie kann Freude Menschen helfen, sich diesen Wunden zu stellen.<\/p>\n<p>D\u00f6blin, 50, ist kein Fachexperte oder Forscher, aber er hat aufgrund seines h\u00e4ufigen Gebrauchs eine breite Verbindung zur Medizin . \u201eEs hat einen bedeutenden Unterschied in meinem Leben gemacht\u201c, erkl\u00e4rte er. Im Laufe der Jahre hat er zugegeben, dass er die Botschaft verbreitet hat, dass Rapture und verschiedene halluzinogene Medikamente kritische Auswirkungen auf die Gesundheit haben. <br \/> Wenn Sie wirklich nach einem Unternehmen suchen, das Produkte von h\u00f6chster Qualit\u00e4t liefern kann, sind Sie bei uns genau richtig Ort. In unserer Stiftung k\u00f6nnen Sie die besten Artikel ausw\u00e4hlen, die Ihnen helfen, Ihr Vertrauen aufzubauen und aufgrund der hohen Qualit\u00e4t unserer Produkte eine legitime Beziehung zu uns aufzubauen. Senden Sie jetzt Ihre Anfrage und Green Star Ecstasy wird innerhalb von f\u00fcnf Werktagen an Ihre Haust\u00fcr geliefert.<\/p>\n","protected":false},"excerpt":{"rendered":"<p>Kaufen Sie Green Star Ecstasy-Pillen zum Verkauf in Gro\u00dfbritannien, Europa online. Kaufen Sie Green Star Ecstasy-Pillen online vom vertrauensw\u00fcrdigsten mdma-Lieferanten, wir garantieren eine diskrete und sichere Lieferung<\/p>\n","protected":false},"featured_media":4557,"comment_status":"open","ping_status":"closed","template":"","meta":[],"product_brand":[],"product_cat":[498],"product_tag":[],"class_list":{"0":"post-4534","1":"product","2":"type-product","3":"status-publish","4":"has-post-thumbnail","6":"product_cat-ecstasy-pillen-kaufen","8":"first","9":"instock","10":"shipping-taxable","11":"purchasable","12":"product-type-variable","13":"has-default-attributes"},"yoast_head":"<!-- This site is optimized with the Yoast SEO plugin v27.3 - https:\/\/yoast.com\/product\/yoast-seo-wordpress\/ -->\n<title>Kaufen Sie Green Star Ecstasy Pills - Best Best Global Meds<\/title>\n<meta name=\"description\" content=\"Kaufen Sie Green Star Ecstasy-Pillen zum Verkauf in Gro\u00dfbritannien, Europa online. Kaufen Sie Green Star Ecstasy-Pillen online vom vertrauensw\u00fcrdigsten mdma-Lieferanten, wir garantieren eine diskrete und sichere Lieferung\" \/>\n<meta name=\"robots\" content=\"index, follow, max-snippet:-1, max-image-preview:large, max-video-preview:-1\" \/>\n<link rel=\"canonical\" href=\"https:\/\/medicinasinc.com\/de\/product\/kaufen-green-star-ecstasy-pillen\/\" \/>\n<meta property=\"og:locale\" content=\"de_DE\" \/>\n<meta property=\"og:type\" content=\"article\" \/>\n<meta property=\"og:title\" content=\"Kaufen Sie Green Star Ecstasy Pills - Best Best Global Meds\" \/>\n<meta property=\"og:description\" content=\"Kaufen Sie Green Star Ecstasy-Pillen zum Verkauf in Gro\u00dfbritannien, Europa online. Kaufen Sie Green Star Ecstasy-Pillen online vom vertrauensw\u00fcrdigsten mdma-Lieferanten, wir garantieren eine diskrete und sichere Lieferung\" \/>\n<meta property=\"og:url\" content=\"https:\/\/medicinasinc.com\/de\/product\/kaufen-green-star-ecstasy-pillen\/\" \/>\n<meta property=\"og:site_name\" content=\"Medicinas Inc\" \/>\n<meta property=\"article:modified_time\" content=\"2022-03-18T00:53:16+00:00\" \/>\n<meta property=\"og:image\" content=\"https:\/\/medicinasinc.com\/de\/wp-content\/uploads\/sites\/6\/2022\/02\/buy-green-star-ecstasy-pills-online.jpg\" \/>\n\t<meta property=\"og:image:width\" content=\"600\" \/>\n\t<meta property=\"og:image:height\" content=\"600\" \/>\n\t<meta property=\"og:image:type\" content=\"image\/jpeg\" \/>\n<meta name=\"twitter:card\" content=\"summary_large_image\" \/>\n<meta name=\"twitter:label1\" content=\"Gesch\u00e4tzte Lesezeit\" \/>\n\t<meta name=\"twitter:data1\" content=\"2\u00a0Minuten\" \/>\n<script type=\"application\/ld+json\" class=\"yoast-schema-graph\">{\"@context\":\"https:\\\/\\\/schema.org\",\"@graph\":[{\"@type\":\"WebPage\",\"@id\":\"https:\\\/\\\/medicinasinc.com\\\/de\\\/product\\\/kaufen-green-star-ecstasy-pillen\\\/\",\"url\":\"https:\\\/\\\/medicinasinc.com\\\/de\\\/product\\\/kaufen-green-star-ecstasy-pillen\\\/\",\"name\":\"Kaufen Sie Green Star Ecstasy Pills - Best Best Global Meds\",\"isPartOf\":{\"@id\":\"https:\\\/\\\/medicinasinc.com\\\/de\\\/#website\"},\"primaryImageOfPage\":{\"@id\":\"https:\\\/\\\/medicinasinc.com\\\/de\\\/product\\\/kaufen-green-star-ecstasy-pillen\\\/#primaryimage\"},\"image\":{\"@id\":\"https:\\\/\\\/medicinasinc.com\\\/de\\\/product\\\/kaufen-green-star-ecstasy-pillen\\\/#primaryimage\"},\"thumbnailUrl\":\"https:\\\/\\\/medicinasinc.com\\\/de\\\/wp-content\\\/uploads\\\/sites\\\/6\\\/2022\\\/02\\\/buy-green-star-ecstasy-pills-online.jpg\",\"datePublished\":\"2022-02-20T10:30:39+00:00\",\"dateModified\":\"2022-03-18T00:53:16+00:00\",\"description\":\"Kaufen Sie Green Star Ecstasy-Pillen zum Verkauf in Gro\u00dfbritannien, Europa online. Kaufen Sie Green Star Ecstasy-Pillen online vom vertrauensw\u00fcrdigsten mdma-Lieferanten, wir garantieren eine diskrete und sichere Lieferung\",\"breadcrumb\":{\"@id\":\"https:\\\/\\\/medicinasinc.com\\\/de\\\/product\\\/kaufen-green-star-ecstasy-pillen\\\/#breadcrumb\"},\"inLanguage\":\"de\",\"potentialAction\":[{\"@type\":\"ReadAction\",\"target\":[\"https:\\\/\\\/medicinasinc.com\\\/de\\\/product\\\/kaufen-green-star-ecstasy-pillen\\\/\"]}]},{\"@type\":\"ImageObject\",\"inLanguage\":\"de\",\"@id\":\"https:\\\/\\\/medicinasinc.com\\\/de\\\/product\\\/kaufen-green-star-ecstasy-pillen\\\/#primaryimage\",\"url\":\"https:\\\/\\\/medicinasinc.com\\\/de\\\/wp-content\\\/uploads\\\/sites\\\/6\\\/2022\\\/02\\\/buy-green-star-ecstasy-pills-online.jpg\",\"contentUrl\":\"https:\\\/\\\/medicinasinc.com\\\/de\\\/wp-content\\\/uploads\\\/sites\\\/6\\\/2022\\\/02\\\/buy-green-star-ecstasy-pills-online.jpg\",\"width\":600,\"height\":600},{\"@type\":\"BreadcrumbList\",\"@id\":\"https:\\\/\\\/medicinasinc.com\\\/de\\\/product\\\/kaufen-green-star-ecstasy-pillen\\\/#breadcrumb\",\"itemListElement\":[{\"@type\":\"ListItem\",\"position\":1,\"name\":\"Einkaufen\",\"item\":\"https:\\\/\\\/medicinasinc.com\\\/de\\\/einkaufen\\\/\"},{\"@type\":\"ListItem\",\"position\":2,\"name\":\"Kaufen Sie Green Star Ecstasy-Pillen\"}]},{\"@type\":\"WebSite\",\"@id\":\"https:\\\/\\\/medicinasinc.com\\\/de\\\/#website\",\"url\":\"https:\\\/\\\/medicinasinc.com\\\/de\\\/\",\"name\":\"Medicinas Inc\",\"description\":\"Health Medical Clinic\",\"potentialAction\":[{\"@type\":\"SearchAction\",\"target\":{\"@type\":\"EntryPoint\",\"urlTemplate\":\"https:\\\/\\\/medicinasinc.com\\\/de\\\/?s={search_term_string}\"},\"query-input\":{\"@type\":\"PropertyValueSpecification\",\"valueRequired\":true,\"valueName\":\"search_term_string\"}}],\"inLanguage\":\"de\"}]}<\/script>\n<!-- \/ Yoast SEO plugin. -->","yoast_head_json":{"title":"Kaufen Sie Green Star Ecstasy Pills - Best Best Global Meds","description":"Kaufen Sie Green Star Ecstasy-Pillen zum Verkauf in Gro\u00dfbritannien, Europa online. Kaufen Sie Green Star Ecstasy-Pillen online vom vertrauensw\u00fcrdigsten mdma-Lieferanten, wir garantieren eine diskrete und sichere Lieferung","robots":{"index":"index","follow":"follow","max-snippet":"max-snippet:-1","max-image-preview":"max-image-preview:large","max-video-preview":"max-video-preview:-1"},"canonical":"https:\/\/medicinasinc.com\/de\/product\/kaufen-green-star-ecstasy-pillen\/","og_locale":"de_DE","og_type":"article","og_title":"Kaufen Sie Green Star Ecstasy Pills - Best Best Global Meds","og_description":"Kaufen Sie Green Star Ecstasy-Pillen zum Verkauf in Gro\u00dfbritannien, Europa online. Kaufen Sie Green Star Ecstasy-Pillen online vom vertrauensw\u00fcrdigsten mdma-Lieferanten, wir garantieren eine diskrete und sichere Lieferung","og_url":"https:\/\/medicinasinc.com\/de\/product\/kaufen-green-star-ecstasy-pillen\/","og_site_name":"Medicinas Inc","article_modified_time":"2022-03-18T00:53:16+00:00","og_image":[{"width":600,"height":600,"url":"https:\/\/medicinasinc.com\/de\/wp-content\/uploads\/sites\/6\/2022\/02\/buy-green-star-ecstasy-pills-online.jpg","type":"image\/jpeg"}],"twitter_card":"summary_large_image","twitter_misc":{"Gesch\u00e4tzte Lesezeit":"2\u00a0Minuten"},"schema":{"@context":"https:\/\/schema.org","@graph":[{"@type":"WebPage","@id":"https:\/\/medicinasinc.com\/de\/product\/kaufen-green-star-ecstasy-pillen\/","url":"https:\/\/medicinasinc.com\/de\/product\/kaufen-green-star-ecstasy-pillen\/","name":"Kaufen Sie Green Star Ecstasy Pills - Best Best Global Meds","isPartOf":{"@id":"https:\/\/medicinasinc.com\/de\/#website"},"primaryImageOfPage":{"@id":"https:\/\/medicinasinc.com\/de\/product\/kaufen-green-star-ecstasy-pillen\/#primaryimage"},"image":{"@id":"https:\/\/medicinasinc.com\/de\/product\/kaufen-green-star-ecstasy-pillen\/#primaryimage"},"thumbnailUrl":"https:\/\/medicinasinc.com\/de\/wp-content\/uploads\/sites\/6\/2022\/02\/buy-green-star-ecstasy-pills-online.jpg","datePublished":"2022-02-20T10:30:39+00:00","dateModified":"2022-03-18T00:53:16+00:00","description":"Kaufen Sie Green Star Ecstasy-Pillen zum Verkauf in Gro\u00dfbritannien, Europa online. Kaufen Sie Green Star Ecstasy-Pillen online vom vertrauensw\u00fcrdigsten mdma-Lieferanten, wir garantieren eine diskrete und sichere Lieferung","breadcrumb":{"@id":"https:\/\/medicinasinc.com\/de\/product\/kaufen-green-star-ecstasy-pillen\/#breadcrumb"},"inLanguage":"de","potentialAction":[{"@type":"ReadAction","target":["https:\/\/medicinasinc.com\/de\/product\/kaufen-green-star-ecstasy-pillen\/"]}]},{"@type":"ImageObject","inLanguage":"de","@id":"https:\/\/medicinasinc.com\/de\/product\/kaufen-green-star-ecstasy-pillen\/#primaryimage","url":"https:\/\/medicinasinc.com\/de\/wp-content\/uploads\/sites\/6\/2022\/02\/buy-green-star-ecstasy-pills-online.jpg","contentUrl":"https:\/\/medicinasinc.com\/de\/wp-content\/uploads\/sites\/6\/2022\/02\/buy-green-star-ecstasy-pills-online.jpg","width":600,"height":600},{"@type":"BreadcrumbList","@id":"https:\/\/medicinasinc.com\/de\/product\/kaufen-green-star-ecstasy-pillen\/#breadcrumb","itemListElement":[{"@type":"ListItem","position":1,"name":"Einkaufen","item":"https:\/\/medicinasinc.com\/de\/einkaufen\/"},{"@type":"ListItem","position":2,"name":"Kaufen Sie Green Star Ecstasy-Pillen"}]},{"@type":"WebSite","@id":"https:\/\/medicinasinc.com\/de\/#website","url":"https:\/\/medicinasinc.com\/de\/","name":"Medicinas Inc","description":"Health Medical Clinic","potentialAction":[{"@type":"SearchAction","target":{"@type":"EntryPoint","urlTemplate":"https:\/\/medicinasinc.com\/de\/?s={search_term_string}"},"query-input":{"@type":"PropertyValueSpecification","valueRequired":true,"valueName":"search_term_string"}}],"inLanguage":"de"}]}},"_links":{"self":[{"href":"https:\/\/medicinasinc.com\/de\/wp-json\/wp\/v2\/product\/4534","targetHints":{"allow":["GET"]}}],"collection":[{"href":"https:\/\/medicinasinc.com\/de\/wp-json\/wp\/v2\/product"}],"about":[{"href":"https:\/\/medicinasinc.com\/de\/wp-json\/wp\/v2\/types\/product"}],"replies":[{"embeddable":true,"href":"https:\/\/medicinasinc.com\/de\/wp-json\/wp\/v2\/comments?post=4534"}],"wp:featuredmedia":[{"embeddable":true,"href":"https:\/\/medicinasinc.com\/de\/wp-json\/wp\/v2\/media\/4557"}],"wp:attachment":[{"href":"https:\/\/medicinasinc.com\/de\/wp-json\/wp\/v2\/media?parent=4534"}],"wp:term":[{"taxonomy":"product_brand","embeddable":true,"href":"https:\/\/medicinasinc.com\/de\/wp-json\/wp\/v2\/product_brand?post=4534"},{"taxonomy":"product_cat","embeddable":true,"href":"https:\/\/medicinasinc.com\/de\/wp-json\/wp\/v2\/product_cat?post=4534"},{"taxonomy":"product_tag","embeddable":true,"href":"https:\/\/medicinasinc.com\/de\/wp-json\/wp\/v2\/product_tag?post=4534"}],"curies":[{"name":"wp","href":"https:\/\/api.w.org\/{rel}","templated":true}]}}