{"id":4455,"date":"2022-02-20T09:28:05","date_gmt":"2022-02-20T09:28:05","guid":{"rendered":"https:\/\/medicinasinc.com\/de\/?post_type=product&#038;p=4455"},"modified":"2022-03-18T00:55:15","modified_gmt":"2022-03-18T00:55:15","slug":"hi-tech-hustensirup-kaufen","status":"publish","type":"product","link":"https:\/\/medicinasinc.com\/de\/product\/hi-tech-hustensirup-kaufen\/","title":{"rendered":"Kaufen Sie Hi-Tech-Hustensaft"},"content":{"rendered":"<p>Online-Kauf von Hi-Tech-Hustensaft.<\/p>\n<p>Kaufen Sie Hi-Tech-Hustensaft online zu extrem g\u00fcnstigen Preisen. Kaufen Sie au\u00dferdem Kokain zum Zweck des Wiederverkaufs. Wir verkaufen eine Vielzahl von Stimulanzien und Bet\u00e4ubungsmitteln, einschlie\u00dflich GHB.<\/p>\n<p>Obwohl ich einen anst\u00e4ndigen Geschmack sch\u00e4tze, glaube ich, dass es viel zu lange dauert, bis sie wirken. Aufgrund seiner St\u00e4rke und seines Geschmacks kann THC-Sirup Ihr \u200b\u200bneuer werden Go-to-Substanz f\u00fcr Unterst\u00fctzung.<\/p>\n<p>Cannabissirup ist fantastisch f\u00fcr Erholungs- und Freizeitklienten. Es ist stark und effektiv \u2013 die Wirkung tritt h\u00e4ufig innerhalb von 20 bis 30 Minuten ein \u2013 und es ist umsichtig anzuwenden. F\u00fcgen Sie einfach Ihre Portion zu einem beliebigen Essen oder Getr\u00e4nk hinzu und Sie sind fertig. Sie k\u00f6nnen jedoch eine kleine Menge ohne Zwischenf\u00e4lle trinken. Das ist alles!<\/p>\n<p>Hustensaft zum Verkauf, High-Tech-Thc-Sirup, Hustensaft online, High-Tech-Schnellpreis, High-Tech-Hustensaft online, High-Tech online. Diejenigen, die den Gedanken an das Rauchen von Gras nicht ertragen k\u00f6nnen (oder vielleicht zu unf\u00e4hig sind, dar\u00fcber nachzudenken), aber dennoch die Vorteile dieser wirklich wunderbaren Pflanze ernten m\u00f6chten, werden ermutigt, THC-Sirup als alternative Konsummethode in Betracht zu ziehen. Rein therapeutische Kunden werden erfreut sein zu erfahren, dass auch CBD-Sirup erh\u00e4ltlich ist. Das ist jedoch ein Thema f\u00fcr einen anderen Artikel!<\/p>\n<p>THC-SIRUP HERSTELLEN: SCHRITT-F\u00dcR-SCHRITT-ANLEITUNG<\/p>\n<p>Wenn Sie nach einem einfachen THC-Sirup-Rezept suchen, suchen Sie nicht weiter. Mit nur wenigen Zutaten und minimaler Hardware k\u00f6nnen Sie zweifellos einen gie\u00dfbaren THC-Sirup zu Hause herstellen. Es ist wahrscheinlich das einfachste Produkt, das Sie selbst herstellen k\u00f6nnen, da keine potenziell gef\u00e4hrlichen synthetischen Stoffe erwartet werden, um THC aus Pflanzenmaterial zu extrahieren.<\/p>\n<p>Um Ihren eigenen THC-infundierten Sirup herzustellen, ben\u00f6tigen Sie &#8230;.<\/p>\n<p>Wasser. Etwa 200 ml ergeben eine angemessene Menge Sirup. Da die Formel so einfach ist, k\u00f6nnen Sie im Allgemeinen sp\u00e4ter so viele machen, wie Sie m\u00f6chten.<\/p>\n<p>Zucker. Die Menge an Zucker, die Sie verwenden, beeinflusst die Zeit, die Ihr Cannabissirup gelagert werden kann. Der aus zwei Portionen Zucker und einer Portion Wasser hergestellte Sirup ist etwa ein Vierteljahr haltbar). Ein 1:1-Sirup kann ebenfalls hergestellt werden, obwohl er nicht so lange h\u00e4lt.<\/p>\n<p>Verschiedene Formen von grob decarboxyliertem THC (Bloom, Trim, Shake, Hash, Oil, Break, Wax, im eigentlichen Sinne alles kann verwendet werden).<\/p>\n<p>DOSIERUNG VON THC-SIRUP<\/p>\n<p>Die Menge an THC-Sirup, die konsumiert wird, ist von Person zu Person sehr unterschiedlich. Es ist wichtig, Vorsicht walten zu lassen und Ihre Kapazit\u00e4t gegen die St\u00e4rke aller THC-haltigen Artikel abzuw\u00e4gen. Hustensaft online, High-Tech-Thc-Sirup, High-Tech-Magerpreis, High-Tech-Hustensaft online, High-Tech-Online, Hustensirup zum Verkauf<\/p>\n<p>Das Problem mit hausgemachten THC-Sirupmischungen ist, dass ihr Die Konzentrationsst\u00e4rke ist h\u00e4ufig unbekannt. Wenn Sie sich dar\u00fcber Sorgen machen oder sich einfach nicht mit dem (unbedeutenden) Aufwand einer eigenen Einrichtung auseinandersetzen m\u00f6chten, sehen Sie sich unten unsere Top-Auswahl auf dem heutigen Markt an.<\/p>\n","protected":false},"excerpt":{"rendered":"<p>Kaufen Sie Hi-Tech-Hustensaft zum Verkauf in Gro\u00dfbritannien, Europa online. Hi-Tech-Promethazin-Hydrochlorid und Codein-Phosphat-Sirup\u2026 jeweils 5 ml enthalten: Promethazin-Hydrochlorid 6,25 mg; Codeinphosphat 10 mg. Alkohol 7 %Indikation: Hustenmittel<\/p>\n","protected":false},"featured_media":4489,"comment_status":"open","ping_status":"closed","template":"","meta":[],"product_brand":[],"product_cat":[497],"product_tag":[],"class_list":{"0":"post-4455","1":"product","2":"type-product","3":"status-publish","4":"has-post-thumbnail","6":"product_cat-hustensaft-kaufen","8":"first","9":"instock","10":"shipping-taxable","11":"purchasable","12":"product-type-variable","13":"has-default-attributes"},"yoast_head":"<!-- This site is optimized with the Yoast SEO plugin v27.3 - https:\/\/yoast.com\/product\/yoast-seo-wordpress\/ -->\n<title>Kaufen Sie Hi-Tech-Hustensaft - Best Best Global Meds<\/title>\n<meta name=\"description\" content=\"Kaufen Sie Hi-Tech-Hustensaft zum Verkauf in Gro\u00dfbritannien, Europa online. Hi-Tech-Promethazin-Hydrochlorid und Codein-Phosphat-Sirup\u2026 jeweils 5 ml enthalten: Promethazin-Hydrochlorid 6,25 mg; Codeinphosphat 10 mg. Alkohol 7%Indikation: Hustenmittel\" \/>\n<meta name=\"robots\" content=\"index, follow, max-snippet:-1, max-image-preview:large, max-video-preview:-1\" \/>\n<link rel=\"canonical\" href=\"https:\/\/medicinasinc.com\/de\/product\/hi-tech-hustensirup-kaufen\/\" \/>\n<meta property=\"og:locale\" content=\"de_DE\" \/>\n<meta property=\"og:type\" content=\"article\" \/>\n<meta property=\"og:title\" content=\"Kaufen Sie Hi-Tech-Hustensaft - Best Best Global Meds\" \/>\n<meta property=\"og:description\" content=\"Kaufen Sie Hi-Tech-Hustensaft zum Verkauf in Gro\u00dfbritannien, Europa online. Hi-Tech-Promethazin-Hydrochlorid und Codein-Phosphat-Sirup\u2026 jeweils 5 ml enthalten: Promethazin-Hydrochlorid 6,25 mg; Codeinphosphat 10 mg. Alkohol 7%Indikation: Hustenmittel\" \/>\n<meta property=\"og:url\" content=\"https:\/\/medicinasinc.com\/de\/product\/hi-tech-hustensirup-kaufen\/\" \/>\n<meta property=\"og:site_name\" content=\"Medicinas Inc\" \/>\n<meta property=\"article:modified_time\" content=\"2022-03-18T00:55:15+00:00\" \/>\n<meta property=\"og:image\" content=\"https:\/\/medicinasinc.com\/de\/wp-content\/uploads\/sites\/6\/2022\/02\/buy-hi-tech-cough-syrup-online.jpg\" \/>\n\t<meta property=\"og:image:width\" content=\"600\" \/>\n\t<meta property=\"og:image:height\" content=\"600\" \/>\n\t<meta property=\"og:image:type\" content=\"image\/jpeg\" \/>\n<meta name=\"twitter:card\" content=\"summary_large_image\" \/>\n<meta name=\"twitter:label1\" content=\"Gesch\u00e4tzte Lesezeit\" \/>\n\t<meta name=\"twitter:data1\" content=\"3\u00a0Minuten\" \/>\n<script type=\"application\/ld+json\" class=\"yoast-schema-graph\">{\"@context\":\"https:\\\/\\\/schema.org\",\"@graph\":[{\"@type\":\"WebPage\",\"@id\":\"https:\\\/\\\/medicinasinc.com\\\/de\\\/product\\\/hi-tech-hustensirup-kaufen\\\/\",\"url\":\"https:\\\/\\\/medicinasinc.com\\\/de\\\/product\\\/hi-tech-hustensirup-kaufen\\\/\",\"name\":\"Kaufen Sie Hi-Tech-Hustensaft - Best Best Global Meds\",\"isPartOf\":{\"@id\":\"https:\\\/\\\/medicinasinc.com\\\/de\\\/#website\"},\"primaryImageOfPage\":{\"@id\":\"https:\\\/\\\/medicinasinc.com\\\/de\\\/product\\\/hi-tech-hustensirup-kaufen\\\/#primaryimage\"},\"image\":{\"@id\":\"https:\\\/\\\/medicinasinc.com\\\/de\\\/product\\\/hi-tech-hustensirup-kaufen\\\/#primaryimage\"},\"thumbnailUrl\":\"https:\\\/\\\/medicinasinc.com\\\/de\\\/wp-content\\\/uploads\\\/sites\\\/6\\\/2022\\\/02\\\/buy-hi-tech-cough-syrup-online.jpg\",\"datePublished\":\"2022-02-20T09:28:05+00:00\",\"dateModified\":\"2022-03-18T00:55:15+00:00\",\"description\":\"Kaufen Sie Hi-Tech-Hustensaft zum Verkauf in Gro\u00dfbritannien, Europa online. Hi-Tech-Promethazin-Hydrochlorid und Codein-Phosphat-Sirup\u2026 jeweils 5 ml enthalten: Promethazin-Hydrochlorid 6,25 mg; Codeinphosphat 10 mg. Alkohol 7%Indikation: Hustenmittel\",\"breadcrumb\":{\"@id\":\"https:\\\/\\\/medicinasinc.com\\\/de\\\/product\\\/hi-tech-hustensirup-kaufen\\\/#breadcrumb\"},\"inLanguage\":\"de\",\"potentialAction\":[{\"@type\":\"ReadAction\",\"target\":[\"https:\\\/\\\/medicinasinc.com\\\/de\\\/product\\\/hi-tech-hustensirup-kaufen\\\/\"]}]},{\"@type\":\"ImageObject\",\"inLanguage\":\"de\",\"@id\":\"https:\\\/\\\/medicinasinc.com\\\/de\\\/product\\\/hi-tech-hustensirup-kaufen\\\/#primaryimage\",\"url\":\"https:\\\/\\\/medicinasinc.com\\\/de\\\/wp-content\\\/uploads\\\/sites\\\/6\\\/2022\\\/02\\\/buy-hi-tech-cough-syrup-online.jpg\",\"contentUrl\":\"https:\\\/\\\/medicinasinc.com\\\/de\\\/wp-content\\\/uploads\\\/sites\\\/6\\\/2022\\\/02\\\/buy-hi-tech-cough-syrup-online.jpg\",\"width\":600,\"height\":600},{\"@type\":\"BreadcrumbList\",\"@id\":\"https:\\\/\\\/medicinasinc.com\\\/de\\\/product\\\/hi-tech-hustensirup-kaufen\\\/#breadcrumb\",\"itemListElement\":[{\"@type\":\"ListItem\",\"position\":1,\"name\":\"Einkaufen\",\"item\":\"https:\\\/\\\/medicinasinc.com\\\/de\\\/einkaufen\\\/\"},{\"@type\":\"ListItem\",\"position\":2,\"name\":\"Kaufen Sie Hi-Tech-Hustensaft\"}]},{\"@type\":\"WebSite\",\"@id\":\"https:\\\/\\\/medicinasinc.com\\\/de\\\/#website\",\"url\":\"https:\\\/\\\/medicinasinc.com\\\/de\\\/\",\"name\":\"Medicinas Inc\",\"description\":\"Health Medical Clinic\",\"potentialAction\":[{\"@type\":\"SearchAction\",\"target\":{\"@type\":\"EntryPoint\",\"urlTemplate\":\"https:\\\/\\\/medicinasinc.com\\\/de\\\/?s={search_term_string}\"},\"query-input\":{\"@type\":\"PropertyValueSpecification\",\"valueRequired\":true,\"valueName\":\"search_term_string\"}}],\"inLanguage\":\"de\"}]}<\/script>\n<!-- \/ Yoast SEO plugin. -->","yoast_head_json":{"title":"Kaufen Sie Hi-Tech-Hustensaft - Best Best Global Meds","description":"Kaufen Sie Hi-Tech-Hustensaft zum Verkauf in Gro\u00dfbritannien, Europa online. Hi-Tech-Promethazin-Hydrochlorid und Codein-Phosphat-Sirup\u2026 jeweils 5 ml enthalten: Promethazin-Hydrochlorid 6,25 mg; Codeinphosphat 10 mg. Alkohol 7%Indikation: Hustenmittel","robots":{"index":"index","follow":"follow","max-snippet":"max-snippet:-1","max-image-preview":"max-image-preview:large","max-video-preview":"max-video-preview:-1"},"canonical":"https:\/\/medicinasinc.com\/de\/product\/hi-tech-hustensirup-kaufen\/","og_locale":"de_DE","og_type":"article","og_title":"Kaufen Sie Hi-Tech-Hustensaft - Best Best Global Meds","og_description":"Kaufen Sie Hi-Tech-Hustensaft zum Verkauf in Gro\u00dfbritannien, Europa online. Hi-Tech-Promethazin-Hydrochlorid und Codein-Phosphat-Sirup\u2026 jeweils 5 ml enthalten: Promethazin-Hydrochlorid 6,25 mg; Codeinphosphat 10 mg. Alkohol 7%Indikation: Hustenmittel","og_url":"https:\/\/medicinasinc.com\/de\/product\/hi-tech-hustensirup-kaufen\/","og_site_name":"Medicinas Inc","article_modified_time":"2022-03-18T00:55:15+00:00","og_image":[{"width":600,"height":600,"url":"https:\/\/medicinasinc.com\/de\/wp-content\/uploads\/sites\/6\/2022\/02\/buy-hi-tech-cough-syrup-online.jpg","type":"image\/jpeg"}],"twitter_card":"summary_large_image","twitter_misc":{"Gesch\u00e4tzte Lesezeit":"3\u00a0Minuten"},"schema":{"@context":"https:\/\/schema.org","@graph":[{"@type":"WebPage","@id":"https:\/\/medicinasinc.com\/de\/product\/hi-tech-hustensirup-kaufen\/","url":"https:\/\/medicinasinc.com\/de\/product\/hi-tech-hustensirup-kaufen\/","name":"Kaufen Sie Hi-Tech-Hustensaft - Best Best Global Meds","isPartOf":{"@id":"https:\/\/medicinasinc.com\/de\/#website"},"primaryImageOfPage":{"@id":"https:\/\/medicinasinc.com\/de\/product\/hi-tech-hustensirup-kaufen\/#primaryimage"},"image":{"@id":"https:\/\/medicinasinc.com\/de\/product\/hi-tech-hustensirup-kaufen\/#primaryimage"},"thumbnailUrl":"https:\/\/medicinasinc.com\/de\/wp-content\/uploads\/sites\/6\/2022\/02\/buy-hi-tech-cough-syrup-online.jpg","datePublished":"2022-02-20T09:28:05+00:00","dateModified":"2022-03-18T00:55:15+00:00","description":"Kaufen Sie Hi-Tech-Hustensaft zum Verkauf in Gro\u00dfbritannien, Europa online. Hi-Tech-Promethazin-Hydrochlorid und Codein-Phosphat-Sirup\u2026 jeweils 5 ml enthalten: Promethazin-Hydrochlorid 6,25 mg; Codeinphosphat 10 mg. Alkohol 7%Indikation: Hustenmittel","breadcrumb":{"@id":"https:\/\/medicinasinc.com\/de\/product\/hi-tech-hustensirup-kaufen\/#breadcrumb"},"inLanguage":"de","potentialAction":[{"@type":"ReadAction","target":["https:\/\/medicinasinc.com\/de\/product\/hi-tech-hustensirup-kaufen\/"]}]},{"@type":"ImageObject","inLanguage":"de","@id":"https:\/\/medicinasinc.com\/de\/product\/hi-tech-hustensirup-kaufen\/#primaryimage","url":"https:\/\/medicinasinc.com\/de\/wp-content\/uploads\/sites\/6\/2022\/02\/buy-hi-tech-cough-syrup-online.jpg","contentUrl":"https:\/\/medicinasinc.com\/de\/wp-content\/uploads\/sites\/6\/2022\/02\/buy-hi-tech-cough-syrup-online.jpg","width":600,"height":600},{"@type":"BreadcrumbList","@id":"https:\/\/medicinasinc.com\/de\/product\/hi-tech-hustensirup-kaufen\/#breadcrumb","itemListElement":[{"@type":"ListItem","position":1,"name":"Einkaufen","item":"https:\/\/medicinasinc.com\/de\/einkaufen\/"},{"@type":"ListItem","position":2,"name":"Kaufen Sie Hi-Tech-Hustensaft"}]},{"@type":"WebSite","@id":"https:\/\/medicinasinc.com\/de\/#website","url":"https:\/\/medicinasinc.com\/de\/","name":"Medicinas Inc","description":"Health Medical Clinic","potentialAction":[{"@type":"SearchAction","target":{"@type":"EntryPoint","urlTemplate":"https:\/\/medicinasinc.com\/de\/?s={search_term_string}"},"query-input":{"@type":"PropertyValueSpecification","valueRequired":true,"valueName":"search_term_string"}}],"inLanguage":"de"}]}},"_links":{"self":[{"href":"https:\/\/medicinasinc.com\/de\/wp-json\/wp\/v2\/product\/4455","targetHints":{"allow":["GET"]}}],"collection":[{"href":"https:\/\/medicinasinc.com\/de\/wp-json\/wp\/v2\/product"}],"about":[{"href":"https:\/\/medicinasinc.com\/de\/wp-json\/wp\/v2\/types\/product"}],"replies":[{"embeddable":true,"href":"https:\/\/medicinasinc.com\/de\/wp-json\/wp\/v2\/comments?post=4455"}],"wp:featuredmedia":[{"embeddable":true,"href":"https:\/\/medicinasinc.com\/de\/wp-json\/wp\/v2\/media\/4489"}],"wp:attachment":[{"href":"https:\/\/medicinasinc.com\/de\/wp-json\/wp\/v2\/media?parent=4455"}],"wp:term":[{"taxonomy":"product_brand","embeddable":true,"href":"https:\/\/medicinasinc.com\/de\/wp-json\/wp\/v2\/product_brand?post=4455"},{"taxonomy":"product_cat","embeddable":true,"href":"https:\/\/medicinasinc.com\/de\/wp-json\/wp\/v2\/product_cat?post=4455"},{"taxonomy":"product_tag","embeddable":true,"href":"https:\/\/medicinasinc.com\/de\/wp-json\/wp\/v2\/product_tag?post=4455"}],"curies":[{"name":"wp","href":"https:\/\/api.w.org\/{rel}","templated":true}]}}