{"id":4440,"date":"2022-02-20T09:19:13","date_gmt":"2022-02-20T09:19:13","guid":{"rendered":"https:\/\/medicinasinc.com\/de\/?post_type=product&#038;p=4440"},"modified":"2022-03-18T00:55:34","modified_gmt":"2022-03-18T00:55:34","slug":"kaufe-hochzeitstorte-thc-destillat-top-shelf","status":"publish","type":"product","link":"https:\/\/medicinasinc.com\/de\/product\/kaufe-hochzeitstorte-thc-destillat-top-shelf\/","title":{"rendered":"Kaufen Sie Hochzeitstorte THC-Destillat \u2013 Erstklassig"},"content":{"rendered":"<h1 class=\"product_title entry-title\">Hochzeitstorte THC-Destillat kaufen \u2013 Spitzenregal<\/h1>\n<div class=\"product-next- previous\">\n<div class=\"product-prev\"><\/div><\/div>\n","protected":false},"excerpt":{"rendered":"<p>Kaufen Sie THC-Destillat f\u00fcr Hochzeitstorten zum Verkauf in Gro\u00dfbritannien, Europa \u2013 Erstklassig \u2013 THC-Destillat ist ein gereinigter, l\u00f6sungsmittelfreier Cannabisextrakt mit einem THC-Gehalt von 98 %.<\/p>\n<p>&nbsp;<\/p>\n<ul>\n<li>Weltweiter Versand<\/li>\n<li><strong>Kontaktieren Sie uns<\/strong>\u00a0f\u00fcr gr\u00f6\u00dfere Bestellungen<\/li>\n<\/ul>\n","protected":false},"featured_media":4474,"comment_status":"open","ping_status":"closed","template":"","meta":[],"product_brand":[],"product_cat":[440],"product_tag":[],"class_list":{"0":"post-4440","1":"product","2":"type-product","3":"status-publish","4":"has-post-thumbnail","6":"product_cat-kaufen-cannabis-cbd-ol","8":"first","9":"instock","10":"shipping-taxable","11":"purchasable","12":"product-type-variable","13":"has-default-attributes"},"yoast_head":"<!-- This site is optimized with the Yoast SEO plugin v27.3 - https:\/\/yoast.com\/product\/yoast-seo-wordpress\/ -->\n<title>Kaufen Sie Hochzeitstorte THC-Destillat \u2013 Top Shelf \u2013 Best Global Meds<\/title>\n<meta name=\"description\" content=\"Kaufen Sie THC-Destillat f\u00fcr Hochzeitstorten zum Verkauf in Gro\u00dfbritannien, Europa \u2013 Erstklassig \u2013 THC-Destillat ist ein gereinigter, l\u00f6sungsmittelfreier Cannabisextrakt mit einem THC-Gehalt von 98 %.\" \/>\n<meta name=\"robots\" content=\"index, follow, max-snippet:-1, max-image-preview:large, max-video-preview:-1\" \/>\n<link rel=\"canonical\" href=\"https:\/\/medicinasinc.com\/de\/product\/kaufe-hochzeitstorte-thc-destillat-top-shelf\/\" \/>\n<meta property=\"og:locale\" content=\"de_DE\" \/>\n<meta property=\"og:type\" content=\"article\" \/>\n<meta property=\"og:title\" content=\"Kaufen Sie Hochzeitstorte THC-Destillat \u2013 Top Shelf \u2013 Best Global Meds\" \/>\n<meta property=\"og:description\" content=\"Kaufen Sie THC-Destillat f\u00fcr Hochzeitstorten zum Verkauf in Gro\u00dfbritannien, Europa \u2013 Erstklassig \u2013 THC-Destillat ist ein gereinigter, l\u00f6sungsmittelfreier Cannabisextrakt mit einem THC-Gehalt von 98 %.\" \/>\n<meta property=\"og:url\" content=\"https:\/\/medicinasinc.com\/de\/product\/kaufe-hochzeitstorte-thc-destillat-top-shelf\/\" \/>\n<meta property=\"og:site_name\" content=\"Medicinas Inc\" \/>\n<meta property=\"article:modified_time\" content=\"2022-03-18T00:55:34+00:00\" \/>\n<meta property=\"og:image\" content=\"https:\/\/medicinasinc.com\/de\/wp-content\/uploads\/sites\/6\/2022\/02\/thcv.jpg\" \/>\n\t<meta property=\"og:image:width\" content=\"600\" \/>\n\t<meta property=\"og:image:height\" content=\"600\" \/>\n\t<meta property=\"og:image:type\" content=\"image\/jpeg\" \/>\n<meta name=\"twitter:card\" content=\"summary_large_image\" \/>\n<meta name=\"twitter:label1\" content=\"Gesch\u00e4tzte Lesezeit\" \/>\n\t<meta name=\"twitter:data1\" content=\"1\u00a0Minute\" \/>\n<script type=\"application\/ld+json\" class=\"yoast-schema-graph\">{\"@context\":\"https:\\\/\\\/schema.org\",\"@graph\":[{\"@type\":\"WebPage\",\"@id\":\"https:\\\/\\\/medicinasinc.com\\\/de\\\/product\\\/kaufe-hochzeitstorte-thc-destillat-top-shelf\\\/\",\"url\":\"https:\\\/\\\/medicinasinc.com\\\/de\\\/product\\\/kaufe-hochzeitstorte-thc-destillat-top-shelf\\\/\",\"name\":\"Kaufen Sie Hochzeitstorte THC-Destillat \u2013 Top Shelf \u2013 Best Global Meds\",\"isPartOf\":{\"@id\":\"https:\\\/\\\/medicinasinc.com\\\/de\\\/#website\"},\"primaryImageOfPage\":{\"@id\":\"https:\\\/\\\/medicinasinc.com\\\/de\\\/product\\\/kaufe-hochzeitstorte-thc-destillat-top-shelf\\\/#primaryimage\"},\"image\":{\"@id\":\"https:\\\/\\\/medicinasinc.com\\\/de\\\/product\\\/kaufe-hochzeitstorte-thc-destillat-top-shelf\\\/#primaryimage\"},\"thumbnailUrl\":\"https:\\\/\\\/medicinasinc.com\\\/de\\\/wp-content\\\/uploads\\\/sites\\\/6\\\/2022\\\/02\\\/thcv.jpg\",\"datePublished\":\"2022-02-20T09:19:13+00:00\",\"dateModified\":\"2022-03-18T00:55:34+00:00\",\"description\":\"Kaufen Sie THC-Destillat f\u00fcr Hochzeitstorten zum Verkauf in Gro\u00dfbritannien, Europa \u2013 Erstklassig \u2013 THC-Destillat ist ein gereinigter, l\u00f6sungsmittelfreier Cannabisextrakt mit einem THC-Gehalt von 98 %.\",\"breadcrumb\":{\"@id\":\"https:\\\/\\\/medicinasinc.com\\\/de\\\/product\\\/kaufe-hochzeitstorte-thc-destillat-top-shelf\\\/#breadcrumb\"},\"inLanguage\":\"de\",\"potentialAction\":[{\"@type\":\"ReadAction\",\"target\":[\"https:\\\/\\\/medicinasinc.com\\\/de\\\/product\\\/kaufe-hochzeitstorte-thc-destillat-top-shelf\\\/\"]}]},{\"@type\":\"ImageObject\",\"inLanguage\":\"de\",\"@id\":\"https:\\\/\\\/medicinasinc.com\\\/de\\\/product\\\/kaufe-hochzeitstorte-thc-destillat-top-shelf\\\/#primaryimage\",\"url\":\"https:\\\/\\\/medicinasinc.com\\\/de\\\/wp-content\\\/uploads\\\/sites\\\/6\\\/2022\\\/02\\\/thcv.jpg\",\"contentUrl\":\"https:\\\/\\\/medicinasinc.com\\\/de\\\/wp-content\\\/uploads\\\/sites\\\/6\\\/2022\\\/02\\\/thcv.jpg\",\"width\":600,\"height\":600},{\"@type\":\"BreadcrumbList\",\"@id\":\"https:\\\/\\\/medicinasinc.com\\\/de\\\/product\\\/kaufe-hochzeitstorte-thc-destillat-top-shelf\\\/#breadcrumb\",\"itemListElement\":[{\"@type\":\"ListItem\",\"position\":1,\"name\":\"Einkaufen\",\"item\":\"https:\\\/\\\/medicinasinc.com\\\/de\\\/einkaufen\\\/\"},{\"@type\":\"ListItem\",\"position\":2,\"name\":\"Kaufen Sie Hochzeitstorte THC-Destillat \u2013 Erstklassig\"}]},{\"@type\":\"WebSite\",\"@id\":\"https:\\\/\\\/medicinasinc.com\\\/de\\\/#website\",\"url\":\"https:\\\/\\\/medicinasinc.com\\\/de\\\/\",\"name\":\"Medicinas Inc\",\"description\":\"Health Medical Clinic\",\"potentialAction\":[{\"@type\":\"SearchAction\",\"target\":{\"@type\":\"EntryPoint\",\"urlTemplate\":\"https:\\\/\\\/medicinasinc.com\\\/de\\\/?s={search_term_string}\"},\"query-input\":{\"@type\":\"PropertyValueSpecification\",\"valueRequired\":true,\"valueName\":\"search_term_string\"}}],\"inLanguage\":\"de\"}]}<\/script>\n<!-- \/ Yoast SEO plugin. -->","yoast_head_json":{"title":"Kaufen Sie Hochzeitstorte THC-Destillat \u2013 Top Shelf \u2013 Best Global Meds","description":"Kaufen Sie THC-Destillat f\u00fcr Hochzeitstorten zum Verkauf in Gro\u00dfbritannien, Europa \u2013 Erstklassig \u2013 THC-Destillat ist ein gereinigter, l\u00f6sungsmittelfreier Cannabisextrakt mit einem THC-Gehalt von 98 %.","robots":{"index":"index","follow":"follow","max-snippet":"max-snippet:-1","max-image-preview":"max-image-preview:large","max-video-preview":"max-video-preview:-1"},"canonical":"https:\/\/medicinasinc.com\/de\/product\/kaufe-hochzeitstorte-thc-destillat-top-shelf\/","og_locale":"de_DE","og_type":"article","og_title":"Kaufen Sie Hochzeitstorte THC-Destillat \u2013 Top Shelf \u2013 Best Global Meds","og_description":"Kaufen Sie THC-Destillat f\u00fcr Hochzeitstorten zum Verkauf in Gro\u00dfbritannien, Europa \u2013 Erstklassig \u2013 THC-Destillat ist ein gereinigter, l\u00f6sungsmittelfreier Cannabisextrakt mit einem THC-Gehalt von 98 %.","og_url":"https:\/\/medicinasinc.com\/de\/product\/kaufe-hochzeitstorte-thc-destillat-top-shelf\/","og_site_name":"Medicinas Inc","article_modified_time":"2022-03-18T00:55:34+00:00","og_image":[{"width":600,"height":600,"url":"https:\/\/medicinasinc.com\/de\/wp-content\/uploads\/sites\/6\/2022\/02\/thcv.jpg","type":"image\/jpeg"}],"twitter_card":"summary_large_image","twitter_misc":{"Gesch\u00e4tzte Lesezeit":"1\u00a0Minute"},"schema":{"@context":"https:\/\/schema.org","@graph":[{"@type":"WebPage","@id":"https:\/\/medicinasinc.com\/de\/product\/kaufe-hochzeitstorte-thc-destillat-top-shelf\/","url":"https:\/\/medicinasinc.com\/de\/product\/kaufe-hochzeitstorte-thc-destillat-top-shelf\/","name":"Kaufen Sie Hochzeitstorte THC-Destillat \u2013 Top Shelf \u2013 Best Global Meds","isPartOf":{"@id":"https:\/\/medicinasinc.com\/de\/#website"},"primaryImageOfPage":{"@id":"https:\/\/medicinasinc.com\/de\/product\/kaufe-hochzeitstorte-thc-destillat-top-shelf\/#primaryimage"},"image":{"@id":"https:\/\/medicinasinc.com\/de\/product\/kaufe-hochzeitstorte-thc-destillat-top-shelf\/#primaryimage"},"thumbnailUrl":"https:\/\/medicinasinc.com\/de\/wp-content\/uploads\/sites\/6\/2022\/02\/thcv.jpg","datePublished":"2022-02-20T09:19:13+00:00","dateModified":"2022-03-18T00:55:34+00:00","description":"Kaufen Sie THC-Destillat f\u00fcr Hochzeitstorten zum Verkauf in Gro\u00dfbritannien, Europa \u2013 Erstklassig \u2013 THC-Destillat ist ein gereinigter, l\u00f6sungsmittelfreier Cannabisextrakt mit einem THC-Gehalt von 98 %.","breadcrumb":{"@id":"https:\/\/medicinasinc.com\/de\/product\/kaufe-hochzeitstorte-thc-destillat-top-shelf\/#breadcrumb"},"inLanguage":"de","potentialAction":[{"@type":"ReadAction","target":["https:\/\/medicinasinc.com\/de\/product\/kaufe-hochzeitstorte-thc-destillat-top-shelf\/"]}]},{"@type":"ImageObject","inLanguage":"de","@id":"https:\/\/medicinasinc.com\/de\/product\/kaufe-hochzeitstorte-thc-destillat-top-shelf\/#primaryimage","url":"https:\/\/medicinasinc.com\/de\/wp-content\/uploads\/sites\/6\/2022\/02\/thcv.jpg","contentUrl":"https:\/\/medicinasinc.com\/de\/wp-content\/uploads\/sites\/6\/2022\/02\/thcv.jpg","width":600,"height":600},{"@type":"BreadcrumbList","@id":"https:\/\/medicinasinc.com\/de\/product\/kaufe-hochzeitstorte-thc-destillat-top-shelf\/#breadcrumb","itemListElement":[{"@type":"ListItem","position":1,"name":"Einkaufen","item":"https:\/\/medicinasinc.com\/de\/einkaufen\/"},{"@type":"ListItem","position":2,"name":"Kaufen Sie Hochzeitstorte THC-Destillat \u2013 Erstklassig"}]},{"@type":"WebSite","@id":"https:\/\/medicinasinc.com\/de\/#website","url":"https:\/\/medicinasinc.com\/de\/","name":"Medicinas Inc","description":"Health Medical Clinic","potentialAction":[{"@type":"SearchAction","target":{"@type":"EntryPoint","urlTemplate":"https:\/\/medicinasinc.com\/de\/?s={search_term_string}"},"query-input":{"@type":"PropertyValueSpecification","valueRequired":true,"valueName":"search_term_string"}}],"inLanguage":"de"}]}},"_links":{"self":[{"href":"https:\/\/medicinasinc.com\/de\/wp-json\/wp\/v2\/product\/4440","targetHints":{"allow":["GET"]}}],"collection":[{"href":"https:\/\/medicinasinc.com\/de\/wp-json\/wp\/v2\/product"}],"about":[{"href":"https:\/\/medicinasinc.com\/de\/wp-json\/wp\/v2\/types\/product"}],"replies":[{"embeddable":true,"href":"https:\/\/medicinasinc.com\/de\/wp-json\/wp\/v2\/comments?post=4440"}],"wp:featuredmedia":[{"embeddable":true,"href":"https:\/\/medicinasinc.com\/de\/wp-json\/wp\/v2\/media\/4474"}],"wp:attachment":[{"href":"https:\/\/medicinasinc.com\/de\/wp-json\/wp\/v2\/media?parent=4440"}],"wp:term":[{"taxonomy":"product_brand","embeddable":true,"href":"https:\/\/medicinasinc.com\/de\/wp-json\/wp\/v2\/product_brand?post=4440"},{"taxonomy":"product_cat","embeddable":true,"href":"https:\/\/medicinasinc.com\/de\/wp-json\/wp\/v2\/product_cat?post=4440"},{"taxonomy":"product_tag","embeddable":true,"href":"https:\/\/medicinasinc.com\/de\/wp-json\/wp\/v2\/product_tag?post=4440"}],"curies":[{"name":"wp","href":"https:\/\/api.w.org\/{rel}","templated":true}]}}