{"id":4431,"date":"2022-02-20T09:14:34","date_gmt":"2022-02-20T09:14:34","guid":{"rendered":"https:\/\/medicinasinc.com\/de\/?post_type=product&#038;p=4431"},"modified":"2022-03-18T00:55:43","modified_gmt":"2022-03-18T00:55:43","slug":"kaufen-thc-destillat-superior-extrakt","status":"publish","type":"product","link":"https:\/\/medicinasinc.com\/de\/product\/kaufen-thc-destillat-superior-extrakt\/","title":{"rendered":"Kaufen Sie THC-Destillat \u2013 \u00fcberlegener Extrakt"},"content":{"rendered":"<p>THC-Destillat kaufen \u2013 Premium-Extrakt<\/p>\n<p>Premium-THC-Destillat ist ein in Kanada hergestelltes Cannabiskonzentrat. Dieses Produkt wurde im Labor getestet und es wurde festgestellt, dass es eine hohe THC-Konzentration von 95 bis 98 Prozent enth\u00e4lt. Unser THC-Destillat ist bei Raumtemperatur extrem stabil und wird nicht fl\u00fcssig. Dar\u00fcber hinaus ist es von au\u00dfergew\u00f6hnlicher Qualit\u00e4t, l\u00f6sungsmittelfrei, kristallklar und durchsichtig. Destillat ist eine Art von Extrakt, der auf vielf\u00e4ltige Weise verwendet wird. Dazu geh\u00f6ren, um nur einige zu nennen, das Nachf\u00fcllen von Vape-Patronen, das Herstellen von Esswaren und das Dabben in einem Rig.<\/p>\n","protected":false},"excerpt":{"rendered":"<ul>\n<li>Weltweiter Versand<\/li>\n<li>Die Mindestbestellmenge betr\u00e4gt <strong>2<\/strong><\/li>\n<li><strong>Kontaktieren Sie uns<\/strong>\u00a0f\u00fcr gr\u00f6\u00dfere Bestellungen<\/li>\n<\/ul>\n","protected":false},"featured_media":4465,"comment_status":"open","ping_status":"closed","template":"","meta":[],"product_brand":[],"product_cat":[440],"product_tag":[],"class_list":{"0":"post-4431","1":"product","2":"type-product","3":"status-publish","4":"has-post-thumbnail","6":"product_cat-kaufen-cannabis-cbd-ol","8":"first","9":"instock","10":"shipping-taxable","11":"purchasable","12":"product-type-variable","13":"has-default-attributes"},"yoast_head":"<!-- This site is optimized with the Yoast SEO plugin v27.3 - https:\/\/yoast.com\/product\/yoast-seo-wordpress\/ -->\n<title>Kaufen Sie THC-Destillat \u2013 Superior Extract \u2013 Best Global Meds<\/title>\n<meta name=\"description\" content=\"Kaufen Sie THC-Destillat-Superior-Extrakt und THC-Konzentrate zum Verkauf in Gro\u00dfbritannien, Europa, der besten Online-Apotheke. Bestellen Sie jetzt und erhalten Sie kostenlosen Versand f\u00fcr Eink\u00e4ufe \u00fcber 150 $!\" \/>\n<meta name=\"robots\" content=\"index, follow, max-snippet:-1, max-image-preview:large, max-video-preview:-1\" \/>\n<link rel=\"canonical\" href=\"https:\/\/medicinasinc.com\/de\/product\/kaufen-thc-destillat-superior-extrakt\/\" \/>\n<meta property=\"og:locale\" content=\"de_DE\" \/>\n<meta property=\"og:type\" content=\"article\" \/>\n<meta property=\"og:title\" content=\"Kaufen Sie THC-Destillat \u2013 Superior Extract \u2013 Best Global Meds\" \/>\n<meta property=\"og:description\" content=\"Kaufen Sie THC-Destillat-Superior-Extrakt und THC-Konzentrate zum Verkauf in Gro\u00dfbritannien, Europa, der besten Online-Apotheke. Bestellen Sie jetzt und erhalten Sie kostenlosen Versand f\u00fcr Eink\u00e4ufe \u00fcber 150 $!\" \/>\n<meta property=\"og:url\" content=\"https:\/\/medicinasinc.com\/de\/product\/kaufen-thc-destillat-superior-extrakt\/\" \/>\n<meta property=\"og:site_name\" content=\"Medicinas Inc\" \/>\n<meta property=\"article:modified_time\" content=\"2022-03-18T00:55:43+00:00\" \/>\n<meta property=\"og:image\" content=\"https:\/\/medicinasinc.com\/de\/wp-content\/uploads\/sites\/6\/2022\/02\/Buy-THC-DISTILLATE-1.jpg\" \/>\n\t<meta property=\"og:image:width\" content=\"800\" \/>\n\t<meta property=\"og:image:height\" content=\"800\" \/>\n\t<meta property=\"og:image:type\" content=\"image\/jpeg\" \/>\n<meta name=\"twitter:card\" content=\"summary_large_image\" \/>\n<meta name=\"twitter:label1\" content=\"Gesch\u00e4tzte Lesezeit\" \/>\n\t<meta name=\"twitter:data1\" content=\"1\u00a0Minute\" \/>\n<script type=\"application\/ld+json\" class=\"yoast-schema-graph\">{\"@context\":\"https:\\\/\\\/schema.org\",\"@graph\":[{\"@type\":\"WebPage\",\"@id\":\"https:\\\/\\\/medicinasinc.com\\\/de\\\/product\\\/kaufen-thc-destillat-superior-extrakt\\\/\",\"url\":\"https:\\\/\\\/medicinasinc.com\\\/de\\\/product\\\/kaufen-thc-destillat-superior-extrakt\\\/\",\"name\":\"Kaufen Sie THC-Destillat \u2013 Superior Extract \u2013 Best Global Meds\",\"isPartOf\":{\"@id\":\"https:\\\/\\\/medicinasinc.com\\\/de\\\/#website\"},\"primaryImageOfPage\":{\"@id\":\"https:\\\/\\\/medicinasinc.com\\\/de\\\/product\\\/kaufen-thc-destillat-superior-extrakt\\\/#primaryimage\"},\"image\":{\"@id\":\"https:\\\/\\\/medicinasinc.com\\\/de\\\/product\\\/kaufen-thc-destillat-superior-extrakt\\\/#primaryimage\"},\"thumbnailUrl\":\"https:\\\/\\\/medicinasinc.com\\\/de\\\/wp-content\\\/uploads\\\/sites\\\/6\\\/2022\\\/02\\\/Buy-THC-DISTILLATE-1.jpg\",\"datePublished\":\"2022-02-20T09:14:34+00:00\",\"dateModified\":\"2022-03-18T00:55:43+00:00\",\"description\":\"Kaufen Sie THC-Destillat-Superior-Extrakt und THC-Konzentrate zum Verkauf in Gro\u00dfbritannien, Europa, der besten Online-Apotheke. Bestellen Sie jetzt und erhalten Sie kostenlosen Versand f\u00fcr Eink\u00e4ufe \u00fcber 150 $!\",\"breadcrumb\":{\"@id\":\"https:\\\/\\\/medicinasinc.com\\\/de\\\/product\\\/kaufen-thc-destillat-superior-extrakt\\\/#breadcrumb\"},\"inLanguage\":\"de\",\"potentialAction\":[{\"@type\":\"ReadAction\",\"target\":[\"https:\\\/\\\/medicinasinc.com\\\/de\\\/product\\\/kaufen-thc-destillat-superior-extrakt\\\/\"]}]},{\"@type\":\"ImageObject\",\"inLanguage\":\"de\",\"@id\":\"https:\\\/\\\/medicinasinc.com\\\/de\\\/product\\\/kaufen-thc-destillat-superior-extrakt\\\/#primaryimage\",\"url\":\"https:\\\/\\\/medicinasinc.com\\\/de\\\/wp-content\\\/uploads\\\/sites\\\/6\\\/2022\\\/02\\\/Buy-THC-DISTILLATE-1.jpg\",\"contentUrl\":\"https:\\\/\\\/medicinasinc.com\\\/de\\\/wp-content\\\/uploads\\\/sites\\\/6\\\/2022\\\/02\\\/Buy-THC-DISTILLATE-1.jpg\",\"width\":800,\"height\":800},{\"@type\":\"BreadcrumbList\",\"@id\":\"https:\\\/\\\/medicinasinc.com\\\/de\\\/product\\\/kaufen-thc-destillat-superior-extrakt\\\/#breadcrumb\",\"itemListElement\":[{\"@type\":\"ListItem\",\"position\":1,\"name\":\"Einkaufen\",\"item\":\"https:\\\/\\\/medicinasinc.com\\\/de\\\/einkaufen\\\/\"},{\"@type\":\"ListItem\",\"position\":2,\"name\":\"Kaufen Sie THC-Destillat \u2013 \u00fcberlegener Extrakt\"}]},{\"@type\":\"WebSite\",\"@id\":\"https:\\\/\\\/medicinasinc.com\\\/de\\\/#website\",\"url\":\"https:\\\/\\\/medicinasinc.com\\\/de\\\/\",\"name\":\"Medicinas Inc\",\"description\":\"Health Medical Clinic\",\"potentialAction\":[{\"@type\":\"SearchAction\",\"target\":{\"@type\":\"EntryPoint\",\"urlTemplate\":\"https:\\\/\\\/medicinasinc.com\\\/de\\\/?s={search_term_string}\"},\"query-input\":{\"@type\":\"PropertyValueSpecification\",\"valueRequired\":true,\"valueName\":\"search_term_string\"}}],\"inLanguage\":\"de\"}]}<\/script>\n<!-- \/ Yoast SEO plugin. -->","yoast_head_json":{"title":"Kaufen Sie THC-Destillat \u2013 Superior Extract \u2013 Best Global Meds","description":"Kaufen Sie THC-Destillat-Superior-Extrakt und THC-Konzentrate zum Verkauf in Gro\u00dfbritannien, Europa, der besten Online-Apotheke. Bestellen Sie jetzt und erhalten Sie kostenlosen Versand f\u00fcr Eink\u00e4ufe \u00fcber 150 $!","robots":{"index":"index","follow":"follow","max-snippet":"max-snippet:-1","max-image-preview":"max-image-preview:large","max-video-preview":"max-video-preview:-1"},"canonical":"https:\/\/medicinasinc.com\/de\/product\/kaufen-thc-destillat-superior-extrakt\/","og_locale":"de_DE","og_type":"article","og_title":"Kaufen Sie THC-Destillat \u2013 Superior Extract \u2013 Best Global Meds","og_description":"Kaufen Sie THC-Destillat-Superior-Extrakt und THC-Konzentrate zum Verkauf in Gro\u00dfbritannien, Europa, der besten Online-Apotheke. Bestellen Sie jetzt und erhalten Sie kostenlosen Versand f\u00fcr Eink\u00e4ufe \u00fcber 150 $!","og_url":"https:\/\/medicinasinc.com\/de\/product\/kaufen-thc-destillat-superior-extrakt\/","og_site_name":"Medicinas Inc","article_modified_time":"2022-03-18T00:55:43+00:00","og_image":[{"width":800,"height":800,"url":"https:\/\/medicinasinc.com\/de\/wp-content\/uploads\/sites\/6\/2022\/02\/Buy-THC-DISTILLATE-1.jpg","type":"image\/jpeg"}],"twitter_card":"summary_large_image","twitter_misc":{"Gesch\u00e4tzte Lesezeit":"1\u00a0Minute"},"schema":{"@context":"https:\/\/schema.org","@graph":[{"@type":"WebPage","@id":"https:\/\/medicinasinc.com\/de\/product\/kaufen-thc-destillat-superior-extrakt\/","url":"https:\/\/medicinasinc.com\/de\/product\/kaufen-thc-destillat-superior-extrakt\/","name":"Kaufen Sie THC-Destillat \u2013 Superior Extract \u2013 Best Global Meds","isPartOf":{"@id":"https:\/\/medicinasinc.com\/de\/#website"},"primaryImageOfPage":{"@id":"https:\/\/medicinasinc.com\/de\/product\/kaufen-thc-destillat-superior-extrakt\/#primaryimage"},"image":{"@id":"https:\/\/medicinasinc.com\/de\/product\/kaufen-thc-destillat-superior-extrakt\/#primaryimage"},"thumbnailUrl":"https:\/\/medicinasinc.com\/de\/wp-content\/uploads\/sites\/6\/2022\/02\/Buy-THC-DISTILLATE-1.jpg","datePublished":"2022-02-20T09:14:34+00:00","dateModified":"2022-03-18T00:55:43+00:00","description":"Kaufen Sie THC-Destillat-Superior-Extrakt und THC-Konzentrate zum Verkauf in Gro\u00dfbritannien, Europa, der besten Online-Apotheke. Bestellen Sie jetzt und erhalten Sie kostenlosen Versand f\u00fcr Eink\u00e4ufe \u00fcber 150 $!","breadcrumb":{"@id":"https:\/\/medicinasinc.com\/de\/product\/kaufen-thc-destillat-superior-extrakt\/#breadcrumb"},"inLanguage":"de","potentialAction":[{"@type":"ReadAction","target":["https:\/\/medicinasinc.com\/de\/product\/kaufen-thc-destillat-superior-extrakt\/"]}]},{"@type":"ImageObject","inLanguage":"de","@id":"https:\/\/medicinasinc.com\/de\/product\/kaufen-thc-destillat-superior-extrakt\/#primaryimage","url":"https:\/\/medicinasinc.com\/de\/wp-content\/uploads\/sites\/6\/2022\/02\/Buy-THC-DISTILLATE-1.jpg","contentUrl":"https:\/\/medicinasinc.com\/de\/wp-content\/uploads\/sites\/6\/2022\/02\/Buy-THC-DISTILLATE-1.jpg","width":800,"height":800},{"@type":"BreadcrumbList","@id":"https:\/\/medicinasinc.com\/de\/product\/kaufen-thc-destillat-superior-extrakt\/#breadcrumb","itemListElement":[{"@type":"ListItem","position":1,"name":"Einkaufen","item":"https:\/\/medicinasinc.com\/de\/einkaufen\/"},{"@type":"ListItem","position":2,"name":"Kaufen Sie THC-Destillat \u2013 \u00fcberlegener Extrakt"}]},{"@type":"WebSite","@id":"https:\/\/medicinasinc.com\/de\/#website","url":"https:\/\/medicinasinc.com\/de\/","name":"Medicinas Inc","description":"Health Medical Clinic","potentialAction":[{"@type":"SearchAction","target":{"@type":"EntryPoint","urlTemplate":"https:\/\/medicinasinc.com\/de\/?s={search_term_string}"},"query-input":{"@type":"PropertyValueSpecification","valueRequired":true,"valueName":"search_term_string"}}],"inLanguage":"de"}]}},"_links":{"self":[{"href":"https:\/\/medicinasinc.com\/de\/wp-json\/wp\/v2\/product\/4431","targetHints":{"allow":["GET"]}}],"collection":[{"href":"https:\/\/medicinasinc.com\/de\/wp-json\/wp\/v2\/product"}],"about":[{"href":"https:\/\/medicinasinc.com\/de\/wp-json\/wp\/v2\/types\/product"}],"replies":[{"embeddable":true,"href":"https:\/\/medicinasinc.com\/de\/wp-json\/wp\/v2\/comments?post=4431"}],"wp:featuredmedia":[{"embeddable":true,"href":"https:\/\/medicinasinc.com\/de\/wp-json\/wp\/v2\/media\/4465"}],"wp:attachment":[{"href":"https:\/\/medicinasinc.com\/de\/wp-json\/wp\/v2\/media?parent=4431"}],"wp:term":[{"taxonomy":"product_brand","embeddable":true,"href":"https:\/\/medicinasinc.com\/de\/wp-json\/wp\/v2\/product_brand?post=4431"},{"taxonomy":"product_cat","embeddable":true,"href":"https:\/\/medicinasinc.com\/de\/wp-json\/wp\/v2\/product_cat?post=4431"},{"taxonomy":"product_tag","embeddable":true,"href":"https:\/\/medicinasinc.com\/de\/wp-json\/wp\/v2\/product_tag?post=4431"}],"curies":[{"name":"wp","href":"https:\/\/api.w.org\/{rel}","templated":true}]}}