{"id":4425,"date":"2022-02-20T09:10:27","date_gmt":"2022-02-20T09:10:27","guid":{"rendered":"https:\/\/medicinasinc.com\/de\/?post_type=product&#038;p=4425"},"modified":"2022-03-18T00:55:56","modified_gmt":"2022-03-18T00:55:56","slug":"kaufen-skywalker-og-thc-destillat-kosher-extrakt","status":"publish","type":"product","link":"https:\/\/medicinasinc.com\/de\/product\/kaufen-skywalker-og-thc-destillat-kosher-extrakt\/","title":{"rendered":"Kaufen Sie Skywalker OG THC-Destillat \u2013 koscherer Extrakt"},"content":{"rendered":"<p>THC-Destillatextrakt koscher<\/p>\n<p>THC-Destillat ist einer der reinsten und st\u00e4rksten Cannabisextrakte auf dem Markt und bietet eine Vielzahl von medizinischen Vorteilen und Eigenschaften. Das Cannabis wird durch molekulare Kurzwegdestillation zerlegt, bis praktisch alle Komponenten vom THC getrennt sind (dazu geh\u00f6ren: Terpene, Pflanzenlipide, Pestizide und andere Verunreinigungen). Diese Methode erzeugt einen extrem reinen Cannabisextrakt ohne die Verwendung von L\u00f6sungsmitteln, um das THC zu extrahieren. Zusammen mit dieser Reinheit produziert die Destillation ein Produkt, das deutlich wirksamer ist als trockene Kr\u00e4uter- oder andere Cannabisextrakte. THC-Destillat kann zwischen 85 und 99 Prozent THC enthalten!<\/p>\n","protected":false},"excerpt":{"rendered":"<p><em>Kaufen Sie Skywalker OG Distillate<\/em>\u00a0Spritze ist ein entspannendes Indica-\u00d6l, das den Geist beruhigt, den K\u00f6rper entspannt und Sie in einen Zustand der totalen Euphorie versetzt.<\/p>\n<p><em>Kaufen Skywalker OG THC-Destillat<\/em>\u00a0&#8211; koscherer Extrakt online Kanada von der gr\u00f6\u00dften Online-Apotheke, Buy My Weed Online.<\/p>\n<ul>\n<li><\/li>\n<li>Weltweiter Versand<\/li>\n<li>Die Mindestbestellmenge betr\u00e4gt 5<\/li>\n<li><strong>Kontaktieren Sie uns<\/strong>\u00a0f\u00fcr gr\u00f6\u00dfere Bestellungen<\/li>\n<\/ul>\n","protected":false},"featured_media":4459,"comment_status":"open","ping_status":"closed","template":"","meta":[],"product_brand":[],"product_cat":[440],"product_tag":[],"class_list":{"0":"post-4425","1":"product","2":"type-product","3":"status-publish","4":"has-post-thumbnail","6":"product_cat-kaufen-cannabis-cbd-ol","8":"first","9":"instock","10":"shipping-taxable","11":"purchasable","12":"product-type-variable","13":"has-default-attributes"},"yoast_head":"<!-- This site is optimized with the Yoast SEO plugin v27.3 - https:\/\/yoast.com\/product\/yoast-seo-wordpress\/ -->\n<title>Kaufen Sie Skywalker OG THC-Destillat \u2013 koscherer Extrakt \u2013 Best Global MedsMeta description preview:<\/title>\n<meta name=\"description\" content=\"Kaufen Sie Skywalker OG THC Destillate Sale - koscheres Extrakt online in Europa von der gr\u00f6\u00dften Online-Apotheke, Buy My Weed Online.\" \/>\n<meta name=\"robots\" content=\"index, follow, max-snippet:-1, max-image-preview:large, max-video-preview:-1\" \/>\n<link rel=\"canonical\" href=\"https:\/\/medicinasinc.com\/de\/product\/kaufen-skywalker-og-thc-destillat-kosher-extrakt\/\" \/>\n<meta property=\"og:locale\" content=\"de_DE\" \/>\n<meta property=\"og:type\" content=\"article\" \/>\n<meta property=\"og:title\" content=\"Kaufen Sie Skywalker OG THC-Destillat \u2013 koscherer Extrakt \u2013 Best Global MedsMeta description preview:\" \/>\n<meta property=\"og:description\" content=\"Kaufen Sie Skywalker OG THC Destillate Sale - koscheres Extrakt online in Europa von der gr\u00f6\u00dften Online-Apotheke, Buy My Weed Online.\" \/>\n<meta property=\"og:url\" content=\"https:\/\/medicinasinc.com\/de\/product\/kaufen-skywalker-og-thc-destillat-kosher-extrakt\/\" \/>\n<meta property=\"og:site_name\" content=\"Medicinas Inc\" \/>\n<meta property=\"article:modified_time\" content=\"2022-03-18T00:55:56+00:00\" \/>\n<meta property=\"og:image\" content=\"https:\/\/medicinasinc.com\/de\/wp-content\/uploads\/sites\/6\/2022\/02\/Buy-Skywalker-OG-THC-Distillate.jpg\" \/>\n\t<meta property=\"og:image:width\" content=\"980\" \/>\n\t<meta property=\"og:image:height\" content=\"980\" \/>\n\t<meta property=\"og:image:type\" content=\"image\/jpeg\" \/>\n<meta name=\"twitter:card\" content=\"summary_large_image\" \/>\n<meta name=\"twitter:label1\" content=\"Gesch\u00e4tzte Lesezeit\" \/>\n\t<meta name=\"twitter:data1\" content=\"1\u00a0Minute\" \/>\n<script type=\"application\/ld+json\" class=\"yoast-schema-graph\">{\"@context\":\"https:\\\/\\\/schema.org\",\"@graph\":[{\"@type\":\"WebPage\",\"@id\":\"https:\\\/\\\/medicinasinc.com\\\/de\\\/product\\\/kaufen-skywalker-og-thc-destillat-kosher-extrakt\\\/\",\"url\":\"https:\\\/\\\/medicinasinc.com\\\/de\\\/product\\\/kaufen-skywalker-og-thc-destillat-kosher-extrakt\\\/\",\"name\":\"Kaufen Sie Skywalker OG THC-Destillat \u2013 koscherer Extrakt \u2013 Best Global MedsMeta description preview:\",\"isPartOf\":{\"@id\":\"https:\\\/\\\/medicinasinc.com\\\/de\\\/#website\"},\"primaryImageOfPage\":{\"@id\":\"https:\\\/\\\/medicinasinc.com\\\/de\\\/product\\\/kaufen-skywalker-og-thc-destillat-kosher-extrakt\\\/#primaryimage\"},\"image\":{\"@id\":\"https:\\\/\\\/medicinasinc.com\\\/de\\\/product\\\/kaufen-skywalker-og-thc-destillat-kosher-extrakt\\\/#primaryimage\"},\"thumbnailUrl\":\"https:\\\/\\\/medicinasinc.com\\\/de\\\/wp-content\\\/uploads\\\/sites\\\/6\\\/2022\\\/02\\\/Buy-Skywalker-OG-THC-Distillate.jpg\",\"datePublished\":\"2022-02-20T09:10:27+00:00\",\"dateModified\":\"2022-03-18T00:55:56+00:00\",\"description\":\"Kaufen Sie Skywalker OG THC Destillate Sale - koscheres Extrakt online in Europa von der gr\u00f6\u00dften Online-Apotheke, Buy My Weed Online.\",\"breadcrumb\":{\"@id\":\"https:\\\/\\\/medicinasinc.com\\\/de\\\/product\\\/kaufen-skywalker-og-thc-destillat-kosher-extrakt\\\/#breadcrumb\"},\"inLanguage\":\"de\",\"potentialAction\":[{\"@type\":\"ReadAction\",\"target\":[\"https:\\\/\\\/medicinasinc.com\\\/de\\\/product\\\/kaufen-skywalker-og-thc-destillat-kosher-extrakt\\\/\"]}]},{\"@type\":\"ImageObject\",\"inLanguage\":\"de\",\"@id\":\"https:\\\/\\\/medicinasinc.com\\\/de\\\/product\\\/kaufen-skywalker-og-thc-destillat-kosher-extrakt\\\/#primaryimage\",\"url\":\"https:\\\/\\\/medicinasinc.com\\\/de\\\/wp-content\\\/uploads\\\/sites\\\/6\\\/2022\\\/02\\\/Buy-Skywalker-OG-THC-Distillate.jpg\",\"contentUrl\":\"https:\\\/\\\/medicinasinc.com\\\/de\\\/wp-content\\\/uploads\\\/sites\\\/6\\\/2022\\\/02\\\/Buy-Skywalker-OG-THC-Distillate.jpg\",\"width\":980,\"height\":980},{\"@type\":\"BreadcrumbList\",\"@id\":\"https:\\\/\\\/medicinasinc.com\\\/de\\\/product\\\/kaufen-skywalker-og-thc-destillat-kosher-extrakt\\\/#breadcrumb\",\"itemListElement\":[{\"@type\":\"ListItem\",\"position\":1,\"name\":\"Einkaufen\",\"item\":\"https:\\\/\\\/medicinasinc.com\\\/de\\\/einkaufen\\\/\"},{\"@type\":\"ListItem\",\"position\":2,\"name\":\"Kaufen Sie Skywalker OG THC-Destillat \u2013 koscherer Extrakt\"}]},{\"@type\":\"WebSite\",\"@id\":\"https:\\\/\\\/medicinasinc.com\\\/de\\\/#website\",\"url\":\"https:\\\/\\\/medicinasinc.com\\\/de\\\/\",\"name\":\"Medicinas Inc\",\"description\":\"Health Medical Clinic\",\"potentialAction\":[{\"@type\":\"SearchAction\",\"target\":{\"@type\":\"EntryPoint\",\"urlTemplate\":\"https:\\\/\\\/medicinasinc.com\\\/de\\\/?s={search_term_string}\"},\"query-input\":{\"@type\":\"PropertyValueSpecification\",\"valueRequired\":true,\"valueName\":\"search_term_string\"}}],\"inLanguage\":\"de\"}]}<\/script>\n<!-- \/ Yoast SEO plugin. -->","yoast_head_json":{"title":"Kaufen Sie Skywalker OG THC-Destillat \u2013 koscherer Extrakt \u2013 Best Global MedsMeta description preview:","description":"Kaufen Sie Skywalker OG THC Destillate Sale - koscheres Extrakt online in Europa von der gr\u00f6\u00dften Online-Apotheke, Buy My Weed Online.","robots":{"index":"index","follow":"follow","max-snippet":"max-snippet:-1","max-image-preview":"max-image-preview:large","max-video-preview":"max-video-preview:-1"},"canonical":"https:\/\/medicinasinc.com\/de\/product\/kaufen-skywalker-og-thc-destillat-kosher-extrakt\/","og_locale":"de_DE","og_type":"article","og_title":"Kaufen Sie Skywalker OG THC-Destillat \u2013 koscherer Extrakt \u2013 Best Global MedsMeta description preview:","og_description":"Kaufen Sie Skywalker OG THC Destillate Sale - koscheres Extrakt online in Europa von der gr\u00f6\u00dften Online-Apotheke, Buy My Weed Online.","og_url":"https:\/\/medicinasinc.com\/de\/product\/kaufen-skywalker-og-thc-destillat-kosher-extrakt\/","og_site_name":"Medicinas Inc","article_modified_time":"2022-03-18T00:55:56+00:00","og_image":[{"width":980,"height":980,"url":"https:\/\/medicinasinc.com\/de\/wp-content\/uploads\/sites\/6\/2022\/02\/Buy-Skywalker-OG-THC-Distillate.jpg","type":"image\/jpeg"}],"twitter_card":"summary_large_image","twitter_misc":{"Gesch\u00e4tzte Lesezeit":"1\u00a0Minute"},"schema":{"@context":"https:\/\/schema.org","@graph":[{"@type":"WebPage","@id":"https:\/\/medicinasinc.com\/de\/product\/kaufen-skywalker-og-thc-destillat-kosher-extrakt\/","url":"https:\/\/medicinasinc.com\/de\/product\/kaufen-skywalker-og-thc-destillat-kosher-extrakt\/","name":"Kaufen Sie Skywalker OG THC-Destillat \u2013 koscherer Extrakt \u2013 Best Global MedsMeta description preview:","isPartOf":{"@id":"https:\/\/medicinasinc.com\/de\/#website"},"primaryImageOfPage":{"@id":"https:\/\/medicinasinc.com\/de\/product\/kaufen-skywalker-og-thc-destillat-kosher-extrakt\/#primaryimage"},"image":{"@id":"https:\/\/medicinasinc.com\/de\/product\/kaufen-skywalker-og-thc-destillat-kosher-extrakt\/#primaryimage"},"thumbnailUrl":"https:\/\/medicinasinc.com\/de\/wp-content\/uploads\/sites\/6\/2022\/02\/Buy-Skywalker-OG-THC-Distillate.jpg","datePublished":"2022-02-20T09:10:27+00:00","dateModified":"2022-03-18T00:55:56+00:00","description":"Kaufen Sie Skywalker OG THC Destillate Sale - koscheres Extrakt online in Europa von der gr\u00f6\u00dften Online-Apotheke, Buy My Weed Online.","breadcrumb":{"@id":"https:\/\/medicinasinc.com\/de\/product\/kaufen-skywalker-og-thc-destillat-kosher-extrakt\/#breadcrumb"},"inLanguage":"de","potentialAction":[{"@type":"ReadAction","target":["https:\/\/medicinasinc.com\/de\/product\/kaufen-skywalker-og-thc-destillat-kosher-extrakt\/"]}]},{"@type":"ImageObject","inLanguage":"de","@id":"https:\/\/medicinasinc.com\/de\/product\/kaufen-skywalker-og-thc-destillat-kosher-extrakt\/#primaryimage","url":"https:\/\/medicinasinc.com\/de\/wp-content\/uploads\/sites\/6\/2022\/02\/Buy-Skywalker-OG-THC-Distillate.jpg","contentUrl":"https:\/\/medicinasinc.com\/de\/wp-content\/uploads\/sites\/6\/2022\/02\/Buy-Skywalker-OG-THC-Distillate.jpg","width":980,"height":980},{"@type":"BreadcrumbList","@id":"https:\/\/medicinasinc.com\/de\/product\/kaufen-skywalker-og-thc-destillat-kosher-extrakt\/#breadcrumb","itemListElement":[{"@type":"ListItem","position":1,"name":"Einkaufen","item":"https:\/\/medicinasinc.com\/de\/einkaufen\/"},{"@type":"ListItem","position":2,"name":"Kaufen Sie Skywalker OG THC-Destillat \u2013 koscherer Extrakt"}]},{"@type":"WebSite","@id":"https:\/\/medicinasinc.com\/de\/#website","url":"https:\/\/medicinasinc.com\/de\/","name":"Medicinas Inc","description":"Health Medical Clinic","potentialAction":[{"@type":"SearchAction","target":{"@type":"EntryPoint","urlTemplate":"https:\/\/medicinasinc.com\/de\/?s={search_term_string}"},"query-input":{"@type":"PropertyValueSpecification","valueRequired":true,"valueName":"search_term_string"}}],"inLanguage":"de"}]}},"_links":{"self":[{"href":"https:\/\/medicinasinc.com\/de\/wp-json\/wp\/v2\/product\/4425","targetHints":{"allow":["GET"]}}],"collection":[{"href":"https:\/\/medicinasinc.com\/de\/wp-json\/wp\/v2\/product"}],"about":[{"href":"https:\/\/medicinasinc.com\/de\/wp-json\/wp\/v2\/types\/product"}],"replies":[{"embeddable":true,"href":"https:\/\/medicinasinc.com\/de\/wp-json\/wp\/v2\/comments?post=4425"}],"wp:featuredmedia":[{"embeddable":true,"href":"https:\/\/medicinasinc.com\/de\/wp-json\/wp\/v2\/media\/4459"}],"wp:attachment":[{"href":"https:\/\/medicinasinc.com\/de\/wp-json\/wp\/v2\/media?parent=4425"}],"wp:term":[{"taxonomy":"product_brand","embeddable":true,"href":"https:\/\/medicinasinc.com\/de\/wp-json\/wp\/v2\/product_brand?post=4425"},{"taxonomy":"product_cat","embeddable":true,"href":"https:\/\/medicinasinc.com\/de\/wp-json\/wp\/v2\/product_cat?post=4425"},{"taxonomy":"product_tag","embeddable":true,"href":"https:\/\/medicinasinc.com\/de\/wp-json\/wp\/v2\/product_tag?post=4425"}],"curies":[{"name":"wp","href":"https:\/\/api.w.org\/{rel}","templated":true}]}}