{"id":4413,"date":"2022-02-20T09:01:25","date_gmt":"2022-02-20T09:01:25","guid":{"rendered":"https:\/\/medicinasinc.com\/de\/?post_type=product&#038;p=4413"},"modified":"2022-03-18T00:56:07","modified_gmt":"2022-03-18T00:56:07","slug":"rso-pink-kush-ol-5ml","status":"publish","type":"product","link":"https:\/\/medicinasinc.com\/de\/product\/rso-pink-kush-ol-5ml\/","title":{"rendered":"RSO | Pink Kush-\u00d6l \u2013 5 ml"},"content":{"rendered":"<p>Kush Pink (Rick-Simpson-\u00d6l)<\/p>\n<p>5 ml in einem &#8218;Eos&#8216;-Spender aus Polypropylen mit gr\u00fcnem Faden zur pr\u00e4zisen Dosierung.<\/p>\n<p>Dieses Rick-Simpson-\u00d6l wird aus Pink gewonnen Kush-Bl\u00fcten, die im \u00fcppigen Hinterland von British Columbia angebaut werden!<\/p>\n<p>Pink Kush gilt als entfernter Verwandter der legend\u00e4ren OG Kush (eine der beliebtesten Sorten der Cannabisgeschichte). Pink Kush f\u00fchrt die Tradition fort, indem sie ein starkes K\u00f6rper-High liefert, was sie zu einer der medizinischsten Sorten auf dem Markt macht. Die Wirkung dieser Sorte ist fast augenblicklich. Der Benutzer wird von einem w\u00e4rmenden K\u00f6rpergef\u00fchl \u00fcberflutet, das von einem intensiv euphorischen zerebralen Summen begleitet wird. Ein sativadominierter Hybrid, der ein intensives, k\u00f6rperbetontes High liefert. Pink Kush ist daher eine wirksame Behandlung von Angstzust\u00e4nden, Depressionen, Entz\u00fcndungen, chronischen Schmerzen, Kopfschmerzen, Schlaflosigkeit und Appetitlosigkeit.<\/p>\n<p>Unabh\u00e4ngige Tests in den MB-Labors ergaben, dass dieses Premium-RSO \u00fcber 73,27 Prozent Cannabinoide enth\u00e4lt, einschlie\u00dflich 68,80 Prozent THC!<\/p>\n<p>Wir haben festgestellt, dass dieses Produkt 90 % Indica enth\u00e4lt.<\/p>\n<p>1) Delta-9 THC = 68,80 %<br \/> 2) CBG = 1,80 %<br \/> 3) CBC = 0,96 %<br \/> 4) CBN = 0,89 %<br \/> 5) CBD = 0,44 %<\/p>\n<div class=\"product-next- previous\">\n<div class=\"product-prev \"><\/div><\/div>\n","protected":false},"excerpt":{"rendered":"<p>RSO kaufen | Pink Kush-\u00d6l &#8211; 5 ml zum Verkauf online USA, Europa von der gr\u00f6\u00dften Online-Apotheke, Buy My Weed Online zum Verkauf.<\/p>\n<p><em>Kaufen<\/em>\u00a0Viridesco\u2019s\u00a0<em>RSO Pink Kush 5ml<\/em> noch heute bequem von zu Hause aus. <em>Kaufen Sie RSO<\/em> sicher und diskret in jeder Provinz in Kanada. Bestellen Sie noch heute online!<\/p>\n<ul>\n<li><\/li>\n<li>Weltweiter Versand<\/li>\n<li>Die Mindestbestellmenge betr\u00e4gt 5<\/li>\n<li><strong>Kontaktieren Sie uns<\/strong>\u00a0f\u00fcr gr\u00f6\u00dfere Bestellungen<\/li>\n<\/ul>\n","protected":false},"featured_media":4447,"comment_status":"open","ping_status":"closed","template":"","meta":[],"product_brand":[],"product_cat":[440],"product_tag":[],"class_list":{"0":"post-4413","1":"product","2":"type-product","3":"status-publish","4":"has-post-thumbnail","6":"product_cat-kaufen-cannabis-cbd-ol","8":"first","9":"instock","10":"shipping-taxable","11":"purchasable","12":"product-type-variable","13":"has-default-attributes"},"yoast_head":"<!-- This site is optimized with the Yoast SEO plugin v27.3 - https:\/\/yoast.com\/product\/yoast-seo-wordpress\/ -->\n<title>RSO | Pink Kush Oil - 5ml - Kaufen Sie mein Weed online - Global Medicnas<\/title>\n<meta name=\"description\" content=\"RSO kaufen | Pink Kush Oil - 5 ml zum Verkauf online USA, Europa von der gr\u00f6\u00dften Online-Apotheke, Buy My Weed Online zum Verkauf.\" \/>\n<meta name=\"robots\" content=\"index, follow, max-snippet:-1, max-image-preview:large, max-video-preview:-1\" \/>\n<link rel=\"canonical\" href=\"https:\/\/medicinasinc.com\/de\/product\/rso-pink-kush-ol-5ml\/\" \/>\n<meta property=\"og:locale\" content=\"de_DE\" \/>\n<meta property=\"og:type\" content=\"article\" \/>\n<meta property=\"og:title\" content=\"RSO | Pink Kush Oil - 5ml - Kaufen Sie mein Weed online - Global Medicnas\" \/>\n<meta property=\"og:description\" content=\"RSO kaufen | Pink Kush Oil - 5 ml zum Verkauf online USA, Europa von der gr\u00f6\u00dften Online-Apotheke, Buy My Weed Online zum Verkauf.\" \/>\n<meta property=\"og:url\" content=\"https:\/\/medicinasinc.com\/de\/product\/rso-pink-kush-ol-5ml\/\" \/>\n<meta property=\"og:site_name\" content=\"Medicinas Inc\" \/>\n<meta property=\"article:modified_time\" content=\"2022-03-18T00:56:07+00:00\" \/>\n<meta property=\"og:image\" content=\"https:\/\/medicinasinc.com\/de\/wp-content\/uploads\/sites\/6\/2022\/02\/Buy-RSO-Pink-Kush-Oil-\u2013-5ml.jpg\" \/>\n\t<meta property=\"og:image:width\" content=\"800\" \/>\n\t<meta property=\"og:image:height\" content=\"800\" \/>\n\t<meta property=\"og:image:type\" content=\"image\/jpeg\" \/>\n<meta name=\"twitter:card\" content=\"summary_large_image\" \/>\n<meta name=\"twitter:label1\" content=\"Gesch\u00e4tzte Lesezeit\" \/>\n\t<meta name=\"twitter:data1\" content=\"1\u00a0Minute\" \/>\n<script type=\"application\/ld+json\" class=\"yoast-schema-graph\">{\"@context\":\"https:\\\/\\\/schema.org\",\"@graph\":[{\"@type\":\"WebPage\",\"@id\":\"https:\\\/\\\/medicinasinc.com\\\/de\\\/product\\\/rso-pink-kush-ol-5ml\\\/\",\"url\":\"https:\\\/\\\/medicinasinc.com\\\/de\\\/product\\\/rso-pink-kush-ol-5ml\\\/\",\"name\":\"RSO | Pink Kush Oil - 5ml - Kaufen Sie mein Weed online - Global Medicnas\",\"isPartOf\":{\"@id\":\"https:\\\/\\\/medicinasinc.com\\\/de\\\/#website\"},\"primaryImageOfPage\":{\"@id\":\"https:\\\/\\\/medicinasinc.com\\\/de\\\/product\\\/rso-pink-kush-ol-5ml\\\/#primaryimage\"},\"image\":{\"@id\":\"https:\\\/\\\/medicinasinc.com\\\/de\\\/product\\\/rso-pink-kush-ol-5ml\\\/#primaryimage\"},\"thumbnailUrl\":\"https:\\\/\\\/medicinasinc.com\\\/de\\\/wp-content\\\/uploads\\\/sites\\\/6\\\/2022\\\/02\\\/Buy-RSO-Pink-Kush-Oil-\u2013-5ml.jpg\",\"datePublished\":\"2022-02-20T09:01:25+00:00\",\"dateModified\":\"2022-03-18T00:56:07+00:00\",\"description\":\"RSO kaufen | Pink Kush Oil - 5 ml zum Verkauf online USA, Europa von der gr\u00f6\u00dften Online-Apotheke, Buy My Weed Online zum Verkauf.\",\"breadcrumb\":{\"@id\":\"https:\\\/\\\/medicinasinc.com\\\/de\\\/product\\\/rso-pink-kush-ol-5ml\\\/#breadcrumb\"},\"inLanguage\":\"de\",\"potentialAction\":[{\"@type\":\"ReadAction\",\"target\":[\"https:\\\/\\\/medicinasinc.com\\\/de\\\/product\\\/rso-pink-kush-ol-5ml\\\/\"]}]},{\"@type\":\"ImageObject\",\"inLanguage\":\"de\",\"@id\":\"https:\\\/\\\/medicinasinc.com\\\/de\\\/product\\\/rso-pink-kush-ol-5ml\\\/#primaryimage\",\"url\":\"https:\\\/\\\/medicinasinc.com\\\/de\\\/wp-content\\\/uploads\\\/sites\\\/6\\\/2022\\\/02\\\/Buy-RSO-Pink-Kush-Oil-\u2013-5ml.jpg\",\"contentUrl\":\"https:\\\/\\\/medicinasinc.com\\\/de\\\/wp-content\\\/uploads\\\/sites\\\/6\\\/2022\\\/02\\\/Buy-RSO-Pink-Kush-Oil-\u2013-5ml.jpg\",\"width\":800,\"height\":800},{\"@type\":\"BreadcrumbList\",\"@id\":\"https:\\\/\\\/medicinasinc.com\\\/de\\\/product\\\/rso-pink-kush-ol-5ml\\\/#breadcrumb\",\"itemListElement\":[{\"@type\":\"ListItem\",\"position\":1,\"name\":\"Einkaufen\",\"item\":\"https:\\\/\\\/medicinasinc.com\\\/de\\\/einkaufen\\\/\"},{\"@type\":\"ListItem\",\"position\":2,\"name\":\"RSO | Pink Kush-\u00d6l \u2013 5 ml\"}]},{\"@type\":\"WebSite\",\"@id\":\"https:\\\/\\\/medicinasinc.com\\\/de\\\/#website\",\"url\":\"https:\\\/\\\/medicinasinc.com\\\/de\\\/\",\"name\":\"Medicinas Inc\",\"description\":\"Health Medical Clinic\",\"potentialAction\":[{\"@type\":\"SearchAction\",\"target\":{\"@type\":\"EntryPoint\",\"urlTemplate\":\"https:\\\/\\\/medicinasinc.com\\\/de\\\/?s={search_term_string}\"},\"query-input\":{\"@type\":\"PropertyValueSpecification\",\"valueRequired\":true,\"valueName\":\"search_term_string\"}}],\"inLanguage\":\"de\"}]}<\/script>\n<!-- \/ Yoast SEO plugin. -->","yoast_head_json":{"title":"RSO | Pink Kush Oil - 5ml - Kaufen Sie mein Weed online - Global Medicnas","description":"RSO kaufen | Pink Kush Oil - 5 ml zum Verkauf online USA, Europa von der gr\u00f6\u00dften Online-Apotheke, Buy My Weed Online zum Verkauf.","robots":{"index":"index","follow":"follow","max-snippet":"max-snippet:-1","max-image-preview":"max-image-preview:large","max-video-preview":"max-video-preview:-1"},"canonical":"https:\/\/medicinasinc.com\/de\/product\/rso-pink-kush-ol-5ml\/","og_locale":"de_DE","og_type":"article","og_title":"RSO | Pink Kush Oil - 5ml - Kaufen Sie mein Weed online - Global Medicnas","og_description":"RSO kaufen | Pink Kush Oil - 5 ml zum Verkauf online USA, Europa von der gr\u00f6\u00dften Online-Apotheke, Buy My Weed Online zum Verkauf.","og_url":"https:\/\/medicinasinc.com\/de\/product\/rso-pink-kush-ol-5ml\/","og_site_name":"Medicinas Inc","article_modified_time":"2022-03-18T00:56:07+00:00","og_image":[{"width":800,"height":800,"url":"https:\/\/medicinasinc.com\/de\/wp-content\/uploads\/sites\/6\/2022\/02\/Buy-RSO-Pink-Kush-Oil-\u2013-5ml.jpg","type":"image\/jpeg"}],"twitter_card":"summary_large_image","twitter_misc":{"Gesch\u00e4tzte Lesezeit":"1\u00a0Minute"},"schema":{"@context":"https:\/\/schema.org","@graph":[{"@type":"WebPage","@id":"https:\/\/medicinasinc.com\/de\/product\/rso-pink-kush-ol-5ml\/","url":"https:\/\/medicinasinc.com\/de\/product\/rso-pink-kush-ol-5ml\/","name":"RSO | Pink Kush Oil - 5ml - Kaufen Sie mein Weed online - Global Medicnas","isPartOf":{"@id":"https:\/\/medicinasinc.com\/de\/#website"},"primaryImageOfPage":{"@id":"https:\/\/medicinasinc.com\/de\/product\/rso-pink-kush-ol-5ml\/#primaryimage"},"image":{"@id":"https:\/\/medicinasinc.com\/de\/product\/rso-pink-kush-ol-5ml\/#primaryimage"},"thumbnailUrl":"https:\/\/medicinasinc.com\/de\/wp-content\/uploads\/sites\/6\/2022\/02\/Buy-RSO-Pink-Kush-Oil-\u2013-5ml.jpg","datePublished":"2022-02-20T09:01:25+00:00","dateModified":"2022-03-18T00:56:07+00:00","description":"RSO kaufen | Pink Kush Oil - 5 ml zum Verkauf online USA, Europa von der gr\u00f6\u00dften Online-Apotheke, Buy My Weed Online zum Verkauf.","breadcrumb":{"@id":"https:\/\/medicinasinc.com\/de\/product\/rso-pink-kush-ol-5ml\/#breadcrumb"},"inLanguage":"de","potentialAction":[{"@type":"ReadAction","target":["https:\/\/medicinasinc.com\/de\/product\/rso-pink-kush-ol-5ml\/"]}]},{"@type":"ImageObject","inLanguage":"de","@id":"https:\/\/medicinasinc.com\/de\/product\/rso-pink-kush-ol-5ml\/#primaryimage","url":"https:\/\/medicinasinc.com\/de\/wp-content\/uploads\/sites\/6\/2022\/02\/Buy-RSO-Pink-Kush-Oil-\u2013-5ml.jpg","contentUrl":"https:\/\/medicinasinc.com\/de\/wp-content\/uploads\/sites\/6\/2022\/02\/Buy-RSO-Pink-Kush-Oil-\u2013-5ml.jpg","width":800,"height":800},{"@type":"BreadcrumbList","@id":"https:\/\/medicinasinc.com\/de\/product\/rso-pink-kush-ol-5ml\/#breadcrumb","itemListElement":[{"@type":"ListItem","position":1,"name":"Einkaufen","item":"https:\/\/medicinasinc.com\/de\/einkaufen\/"},{"@type":"ListItem","position":2,"name":"RSO | Pink Kush-\u00d6l \u2013 5 ml"}]},{"@type":"WebSite","@id":"https:\/\/medicinasinc.com\/de\/#website","url":"https:\/\/medicinasinc.com\/de\/","name":"Medicinas Inc","description":"Health Medical Clinic","potentialAction":[{"@type":"SearchAction","target":{"@type":"EntryPoint","urlTemplate":"https:\/\/medicinasinc.com\/de\/?s={search_term_string}"},"query-input":{"@type":"PropertyValueSpecification","valueRequired":true,"valueName":"search_term_string"}}],"inLanguage":"de"}]}},"_links":{"self":[{"href":"https:\/\/medicinasinc.com\/de\/wp-json\/wp\/v2\/product\/4413","targetHints":{"allow":["GET"]}}],"collection":[{"href":"https:\/\/medicinasinc.com\/de\/wp-json\/wp\/v2\/product"}],"about":[{"href":"https:\/\/medicinasinc.com\/de\/wp-json\/wp\/v2\/types\/product"}],"replies":[{"embeddable":true,"href":"https:\/\/medicinasinc.com\/de\/wp-json\/wp\/v2\/comments?post=4413"}],"wp:featuredmedia":[{"embeddable":true,"href":"https:\/\/medicinasinc.com\/de\/wp-json\/wp\/v2\/media\/4447"}],"wp:attachment":[{"href":"https:\/\/medicinasinc.com\/de\/wp-json\/wp\/v2\/media?parent=4413"}],"wp:term":[{"taxonomy":"product_brand","embeddable":true,"href":"https:\/\/medicinasinc.com\/de\/wp-json\/wp\/v2\/product_brand?post=4413"},{"taxonomy":"product_cat","embeddable":true,"href":"https:\/\/medicinasinc.com\/de\/wp-json\/wp\/v2\/product_cat?post=4413"},{"taxonomy":"product_tag","embeddable":true,"href":"https:\/\/medicinasinc.com\/de\/wp-json\/wp\/v2\/product_tag?post=4413"}],"curies":[{"name":"wp","href":"https:\/\/api.w.org\/{rel}","templated":true}]}}