{"id":4412,"date":"2022-02-20T09:00:17","date_gmt":"2022-02-20T09:00:17","guid":{"rendered":"https:\/\/medicinasinc.com\/de\/?post_type=product&#038;p=4412"},"modified":"2022-03-18T00:56:16","modified_gmt":"2022-03-18T00:56:16","slug":"rick-simpson-ol-kaufen","status":"publish","type":"product","link":"https:\/\/medicinasinc.com\/de\/product\/rick-simpson-ol-kaufen\/","title":{"rendered":"Kaufen Sie Rick-Simpson-\u00d6l"},"content":{"rendered":"<p><strong>Rick Simpson&#8217;s Oil kaufen<\/strong><\/p>\n<div class=\"woocommerce-tabs wc-tabs-wrapper\">\n<div id=\"tab-description\" class=\"woocommerce-Tabs-panel woocommerce-Tabs-panel--description panel entry-content wc-tab\" role=\"tabpanel\" aria-labelledby=\"tab-title-description\">\n<p><strong>RSO ist ein aus L\u00f6sungsmitteln gewonnenes \u00d6l, das durch Waschen von Cannabis gewonnen wird Knospen in einem L\u00f6sungsmittel wie reinem leichten Naphtha und anschlie\u00dfendes Abkochen des L\u00f6sungsmittels, um das \u00d6l zu extrahieren.<\/strong><br \/> <strong>RSO ist ein generisches Produkt. Das hei\u00dft, es gibt kein &#8222;Rick Simpson Oil&#8220; zu kaufen. Simpson demonstriert auf seiner Website, wie man sein gleichnamiges \u00d6l herstellt. Allerdings profitiert er nicht vom \u00d6l.<\/strong><\/p>\n<\/p><\/div><\/div>\n<div class=\"related products\">\n<div class=\"woocommerce-tabs wc-tabs-wrapper\">\n<div id=\"tab-description\" class=\"woocommerce-Tabs-panel woocommerce-Tabs-panel--description panel entry-content wc-tab\" role=\"tabpanel\" aria-labelledby=\"tab-title-description\">\n<p>&nbsp;<\/p>\n<\/p><\/div><\/div><\/div>\n<p>&nbsp;<\/p>\n","protected":false},"excerpt":{"rendered":"<p>Kaufen Sie Rick Simpson Oil (RSO) zum Verkauf UK, Europa Online bestellen. Wir haben die h\u00f6chste Qualit\u00e4t von Rick Simpson Oil zum Verkauf. Wir bieten RSO-Originalformel mit hohem THC-Gehalt an.<\/p>\n<p><em>Kaufen<\/em>\u00a0unser\u00a0<em>Rick-Simpson-\u00d6l<\/em>\u00a0zum Verkauf und verwenden Sie es richtig. Das klassische\u00a0<em>RSO<\/em>\u00a0wird im Allgemeinen mit Indica-dominanten Sorten hergestellt, da sie einen h\u00f6heren Gehalt an\u00a0<em>CBD<\/em> enthalten.<\/p>\n<ul>\n<li>Weltweiter Versand<\/li>\n<li>Die Mindestbestellmenge betr\u00e4gt 5 St\u00fcck<\/li>\n<li><strong>Kontaktieren Sie uns<\/strong>\u00a0f\u00fcr gr\u00f6\u00dfere Bestellungen<\/li>\n<\/ul>\n","protected":false},"featured_media":4445,"comment_status":"open","ping_status":"closed","template":"","meta":[],"product_brand":[],"product_cat":[440],"product_tag":[489,490,492,491,493,496,494,495],"class_list":{"0":"post-4412","1":"product","2":"type-product","3":"status-publish","4":"has-post-thumbnail","6":"product_cat-kaufen-cannabis-cbd-ol","7":"product_tag-bulk-cbd-rso","8":"product_tag-high-cbd-rso","9":"product_tag-rick-simpson-oil-wiki","10":"product_tag-rick-simpson-l-kalifornien","11":"product_tag-rso-cbd-l-gegen-angst","12":"product_tag-rso-oil-price-colorado","13":"product_tag-rso-l-gegen-schmerz","14":"product_tag-rso-oil-for-sale-in-ohio","16":"first","17":"instock","18":"shipping-taxable","19":"purchasable","20":"product-type-variable","21":"has-default-attributes"},"yoast_head":"<!-- This site is optimized with the Yoast SEO plugin v27.3 - https:\/\/yoast.com\/product\/yoast-seo-wordpress\/ -->\n<title>Kaufen Sie Rick Simpson Oil - USA - Europa - Best Global Meds<\/title>\n<meta name=\"description\" content=\"Kaufen Sie Rick Simpson Oil (RSO) zum Verkauf UK, Europa Online bestellen. Wir haben die h\u00f6chste Qualit\u00e4t von Rick Simpson Oil zum Verkauf. Wir bieten RSO-Originalformel mit hohem THC-Gehalt an.\" \/>\n<meta name=\"robots\" content=\"index, follow, max-snippet:-1, max-image-preview:large, max-video-preview:-1\" \/>\n<link rel=\"canonical\" href=\"https:\/\/medicinasinc.com\/de\/product\/rick-simpson-ol-kaufen\/\" \/>\n<meta property=\"og:locale\" content=\"de_DE\" \/>\n<meta property=\"og:type\" content=\"article\" \/>\n<meta property=\"og:title\" content=\"Kaufen Sie Rick Simpson Oil - USA - Europa - Best Global Meds\" \/>\n<meta property=\"og:description\" content=\"Kaufen Sie Rick Simpson Oil (RSO) zum Verkauf UK, Europa Online bestellen. Wir haben die h\u00f6chste Qualit\u00e4t von Rick Simpson Oil zum Verkauf. Wir bieten RSO-Originalformel mit hohem THC-Gehalt an.\" \/>\n<meta property=\"og:url\" content=\"https:\/\/medicinasinc.com\/de\/product\/rick-simpson-ol-kaufen\/\" \/>\n<meta property=\"og:site_name\" content=\"Medicinas Inc\" \/>\n<meta property=\"article:modified_time\" content=\"2022-03-18T00:56:16+00:00\" \/>\n<meta property=\"og:image\" content=\"https:\/\/medicinasinc.com\/de\/wp-content\/uploads\/sites\/6\/2022\/02\/Buy-Rick-Simpson-Oil.jpg\" \/>\n\t<meta property=\"og:image:width\" content=\"1170\" \/>\n\t<meta property=\"og:image:height\" content=\"658\" \/>\n\t<meta property=\"og:image:type\" content=\"image\/jpeg\" \/>\n<meta name=\"twitter:card\" content=\"summary_large_image\" \/>\n<meta name=\"twitter:label1\" content=\"Gesch\u00e4tzte Lesezeit\" \/>\n\t<meta name=\"twitter:data1\" content=\"1\u00a0Minute\" \/>\n<script type=\"application\/ld+json\" class=\"yoast-schema-graph\">{\"@context\":\"https:\\\/\\\/schema.org\",\"@graph\":[{\"@type\":\"WebPage\",\"@id\":\"https:\\\/\\\/medicinasinc.com\\\/de\\\/product\\\/rick-simpson-ol-kaufen\\\/\",\"url\":\"https:\\\/\\\/medicinasinc.com\\\/de\\\/product\\\/rick-simpson-ol-kaufen\\\/\",\"name\":\"Kaufen Sie Rick Simpson Oil - USA - Europa - Best Global Meds\",\"isPartOf\":{\"@id\":\"https:\\\/\\\/medicinasinc.com\\\/de\\\/#website\"},\"primaryImageOfPage\":{\"@id\":\"https:\\\/\\\/medicinasinc.com\\\/de\\\/product\\\/rick-simpson-ol-kaufen\\\/#primaryimage\"},\"image\":{\"@id\":\"https:\\\/\\\/medicinasinc.com\\\/de\\\/product\\\/rick-simpson-ol-kaufen\\\/#primaryimage\"},\"thumbnailUrl\":\"https:\\\/\\\/medicinasinc.com\\\/de\\\/wp-content\\\/uploads\\\/sites\\\/6\\\/2022\\\/02\\\/Buy-Rick-Simpson-Oil.jpg\",\"datePublished\":\"2022-02-20T09:00:17+00:00\",\"dateModified\":\"2022-03-18T00:56:16+00:00\",\"description\":\"Kaufen Sie Rick Simpson Oil (RSO) zum Verkauf UK, Europa Online bestellen. Wir haben die h\u00f6chste Qualit\u00e4t von Rick Simpson Oil zum Verkauf. Wir bieten RSO-Originalformel mit hohem THC-Gehalt an.\",\"breadcrumb\":{\"@id\":\"https:\\\/\\\/medicinasinc.com\\\/de\\\/product\\\/rick-simpson-ol-kaufen\\\/#breadcrumb\"},\"inLanguage\":\"de\",\"potentialAction\":[{\"@type\":\"ReadAction\",\"target\":[\"https:\\\/\\\/medicinasinc.com\\\/de\\\/product\\\/rick-simpson-ol-kaufen\\\/\"]}]},{\"@type\":\"ImageObject\",\"inLanguage\":\"de\",\"@id\":\"https:\\\/\\\/medicinasinc.com\\\/de\\\/product\\\/rick-simpson-ol-kaufen\\\/#primaryimage\",\"url\":\"https:\\\/\\\/medicinasinc.com\\\/de\\\/wp-content\\\/uploads\\\/sites\\\/6\\\/2022\\\/02\\\/Buy-Rick-Simpson-Oil.jpg\",\"contentUrl\":\"https:\\\/\\\/medicinasinc.com\\\/de\\\/wp-content\\\/uploads\\\/sites\\\/6\\\/2022\\\/02\\\/Buy-Rick-Simpson-Oil.jpg\",\"width\":1170,\"height\":658},{\"@type\":\"BreadcrumbList\",\"@id\":\"https:\\\/\\\/medicinasinc.com\\\/de\\\/product\\\/rick-simpson-ol-kaufen\\\/#breadcrumb\",\"itemListElement\":[{\"@type\":\"ListItem\",\"position\":1,\"name\":\"Einkaufen\",\"item\":\"https:\\\/\\\/medicinasinc.com\\\/de\\\/einkaufen\\\/\"},{\"@type\":\"ListItem\",\"position\":2,\"name\":\"Kaufen Sie Rick-Simpson-\u00d6l\"}]},{\"@type\":\"WebSite\",\"@id\":\"https:\\\/\\\/medicinasinc.com\\\/de\\\/#website\",\"url\":\"https:\\\/\\\/medicinasinc.com\\\/de\\\/\",\"name\":\"Medicinas Inc\",\"description\":\"Health Medical Clinic\",\"potentialAction\":[{\"@type\":\"SearchAction\",\"target\":{\"@type\":\"EntryPoint\",\"urlTemplate\":\"https:\\\/\\\/medicinasinc.com\\\/de\\\/?s={search_term_string}\"},\"query-input\":{\"@type\":\"PropertyValueSpecification\",\"valueRequired\":true,\"valueName\":\"search_term_string\"}}],\"inLanguage\":\"de\"}]}<\/script>\n<!-- \/ Yoast SEO plugin. -->","yoast_head_json":{"title":"Kaufen Sie Rick Simpson Oil - USA - Europa - Best Global Meds","description":"Kaufen Sie Rick Simpson Oil (RSO) zum Verkauf UK, Europa Online bestellen. Wir haben die h\u00f6chste Qualit\u00e4t von Rick Simpson Oil zum Verkauf. Wir bieten RSO-Originalformel mit hohem THC-Gehalt an.","robots":{"index":"index","follow":"follow","max-snippet":"max-snippet:-1","max-image-preview":"max-image-preview:large","max-video-preview":"max-video-preview:-1"},"canonical":"https:\/\/medicinasinc.com\/de\/product\/rick-simpson-ol-kaufen\/","og_locale":"de_DE","og_type":"article","og_title":"Kaufen Sie Rick Simpson Oil - USA - Europa - Best Global Meds","og_description":"Kaufen Sie Rick Simpson Oil (RSO) zum Verkauf UK, Europa Online bestellen. Wir haben die h\u00f6chste Qualit\u00e4t von Rick Simpson Oil zum Verkauf. Wir bieten RSO-Originalformel mit hohem THC-Gehalt an.","og_url":"https:\/\/medicinasinc.com\/de\/product\/rick-simpson-ol-kaufen\/","og_site_name":"Medicinas Inc","article_modified_time":"2022-03-18T00:56:16+00:00","og_image":[{"width":1170,"height":658,"url":"https:\/\/medicinasinc.com\/de\/wp-content\/uploads\/sites\/6\/2022\/02\/Buy-Rick-Simpson-Oil.jpg","type":"image\/jpeg"}],"twitter_card":"summary_large_image","twitter_misc":{"Gesch\u00e4tzte Lesezeit":"1\u00a0Minute"},"schema":{"@context":"https:\/\/schema.org","@graph":[{"@type":"WebPage","@id":"https:\/\/medicinasinc.com\/de\/product\/rick-simpson-ol-kaufen\/","url":"https:\/\/medicinasinc.com\/de\/product\/rick-simpson-ol-kaufen\/","name":"Kaufen Sie Rick Simpson Oil - USA - Europa - Best Global Meds","isPartOf":{"@id":"https:\/\/medicinasinc.com\/de\/#website"},"primaryImageOfPage":{"@id":"https:\/\/medicinasinc.com\/de\/product\/rick-simpson-ol-kaufen\/#primaryimage"},"image":{"@id":"https:\/\/medicinasinc.com\/de\/product\/rick-simpson-ol-kaufen\/#primaryimage"},"thumbnailUrl":"https:\/\/medicinasinc.com\/de\/wp-content\/uploads\/sites\/6\/2022\/02\/Buy-Rick-Simpson-Oil.jpg","datePublished":"2022-02-20T09:00:17+00:00","dateModified":"2022-03-18T00:56:16+00:00","description":"Kaufen Sie Rick Simpson Oil (RSO) zum Verkauf UK, Europa Online bestellen. Wir haben die h\u00f6chste Qualit\u00e4t von Rick Simpson Oil zum Verkauf. Wir bieten RSO-Originalformel mit hohem THC-Gehalt an.","breadcrumb":{"@id":"https:\/\/medicinasinc.com\/de\/product\/rick-simpson-ol-kaufen\/#breadcrumb"},"inLanguage":"de","potentialAction":[{"@type":"ReadAction","target":["https:\/\/medicinasinc.com\/de\/product\/rick-simpson-ol-kaufen\/"]}]},{"@type":"ImageObject","inLanguage":"de","@id":"https:\/\/medicinasinc.com\/de\/product\/rick-simpson-ol-kaufen\/#primaryimage","url":"https:\/\/medicinasinc.com\/de\/wp-content\/uploads\/sites\/6\/2022\/02\/Buy-Rick-Simpson-Oil.jpg","contentUrl":"https:\/\/medicinasinc.com\/de\/wp-content\/uploads\/sites\/6\/2022\/02\/Buy-Rick-Simpson-Oil.jpg","width":1170,"height":658},{"@type":"BreadcrumbList","@id":"https:\/\/medicinasinc.com\/de\/product\/rick-simpson-ol-kaufen\/#breadcrumb","itemListElement":[{"@type":"ListItem","position":1,"name":"Einkaufen","item":"https:\/\/medicinasinc.com\/de\/einkaufen\/"},{"@type":"ListItem","position":2,"name":"Kaufen Sie Rick-Simpson-\u00d6l"}]},{"@type":"WebSite","@id":"https:\/\/medicinasinc.com\/de\/#website","url":"https:\/\/medicinasinc.com\/de\/","name":"Medicinas Inc","description":"Health Medical Clinic","potentialAction":[{"@type":"SearchAction","target":{"@type":"EntryPoint","urlTemplate":"https:\/\/medicinasinc.com\/de\/?s={search_term_string}"},"query-input":{"@type":"PropertyValueSpecification","valueRequired":true,"valueName":"search_term_string"}}],"inLanguage":"de"}]}},"_links":{"self":[{"href":"https:\/\/medicinasinc.com\/de\/wp-json\/wp\/v2\/product\/4412","targetHints":{"allow":["GET"]}}],"collection":[{"href":"https:\/\/medicinasinc.com\/de\/wp-json\/wp\/v2\/product"}],"about":[{"href":"https:\/\/medicinasinc.com\/de\/wp-json\/wp\/v2\/types\/product"}],"replies":[{"embeddable":true,"href":"https:\/\/medicinasinc.com\/de\/wp-json\/wp\/v2\/comments?post=4412"}],"wp:featuredmedia":[{"embeddable":true,"href":"https:\/\/medicinasinc.com\/de\/wp-json\/wp\/v2\/media\/4445"}],"wp:attachment":[{"href":"https:\/\/medicinasinc.com\/de\/wp-json\/wp\/v2\/media?parent=4412"}],"wp:term":[{"taxonomy":"product_brand","embeddable":true,"href":"https:\/\/medicinasinc.com\/de\/wp-json\/wp\/v2\/product_brand?post=4412"},{"taxonomy":"product_cat","embeddable":true,"href":"https:\/\/medicinasinc.com\/de\/wp-json\/wp\/v2\/product_cat?post=4412"},{"taxonomy":"product_tag","embeddable":true,"href":"https:\/\/medicinasinc.com\/de\/wp-json\/wp\/v2\/product_tag?post=4412"}],"curies":[{"name":"wp","href":"https:\/\/api.w.org\/{rel}","templated":true}]}}