{"id":4404,"date":"2022-02-20T08:55:28","date_gmt":"2022-02-20T08:55:28","guid":{"rendered":"https:\/\/medicinasinc.com\/de\/?post_type=product&#038;p=4404"},"modified":"2022-03-18T00:56:26","modified_gmt":"2022-03-18T00:56:26","slug":"kaufe-pink-kush-thc-destillat-dabeast","status":"publish","type":"product","link":"https:\/\/medicinasinc.com\/de\/product\/kaufe-pink-kush-thc-destillat-dabeast\/","title":{"rendered":"Kaufen Sie Pink Kush THC-Destillat \u2013 Dabeast"},"content":{"rendered":"<p>Pink Kush THC-Destillat zu verkaufen \u2013 Dabeast<\/p>\n<p>Sabre Vape Pen mit Pink Kush THC-Destillat \u2013 Dabeast<\/p>\n<p>1 x Sabre Elektronische Zigarette<br \/> 1 x Pink Kush vor- gef\u00fcllter Pod<br \/> 1 x Micro-USB-Kabel UND\/ODER 1 x vorgef\u00fcllter Pink Kush-Pod<\/p>\n<p>F\u00fcgen Sie den Pod in den Sabre Pen ein und beginnen Sie sofort mit dem Verdampfen. Es kann bis zu f\u00fcnfzehn Minuten dauern, bis sich die volle Wirkung bemerkbar macht. Zwei bis vier Z\u00fcge werden f\u00fcr Patienten empfohlen, die eine Weile nicht konsumiert haben, aber bis zu zehn Z\u00fcge sollten f\u00fcr diejenigen ausreichen, die h\u00e4ufiger konsumieren.<\/p>\n<p>Kush Pink<br \/> Die genetische Abstammung von Pink Kush ist unbekannt \u2013 Es wird jedoch allgemein angenommen, dass es sich um einen Verwandten des legend\u00e4ren OG Kush handelt. Diese indicadominierte Hybride erzeugt ein starkes k\u00f6rperliches High, was sie zu einer der medizinischsten Sorten auf dem Markt macht. Pink Kush hat ein s\u00fc\u00dfes Aroma, das an Vanille oder zuckerhaltige Bonbons erinnert, mit Untert\u00f6nen von frischer Kiefer. Pink Kush sorgt f\u00fcr ein langanhaltendes, k\u00f6rperbetontes High, das von euphorischen und erhebenden Effekten begleitet wird. Bei hohen Dosen k\u00f6nnen einige Benutzer starke Fressattacken versp\u00fcren, was Pink Kush zu einer ausgezeichneten Sorte zur Stimulierung von Appetitlosigkeit macht. Pink Kush ist ein vielseitiges Medikament, das zur Behandlung von Depressionen, Angstzust\u00e4nden, Entz\u00fcndungen, chronischen Schmerzen, Migr\u00e4ne, Kopfschmerzen, Schlaflosigkeit und Appetitlosigkeit eingesetzt werden kann.<\/p>\n","protected":false},"excerpt":{"rendered":"<p>Kaufen Sie Pink Kush THC-Destillat Sabre Vape Pens zum Verkauf in Gro\u00dfbritannien, Europa und den Vereinigten Staaten von Amerika von der weltweit gr\u00f6\u00dften Online-Apotheke, Buy My Weed Online.<\/p>\n<p>Kauf Pink Kush THC Indica Destillate Spritzen von der #1 vertrauensw\u00fcrdigsten Versandhandels-Marihuana-Website &#8211; Beste Kr\u00e4utermedizin mit kostenlosem Versand! Mehr als 150 $.<\/p>\n<p>&nbsp;<\/p>\n<ul>\n<li>Weltweiter Versand<\/li>\n<li>Die Mindestbestellmenge betr\u00e4gt 5 Patronen<\/li>\n<li><strong>Kontaktieren Sie uns <\/strong>\u00a0f\u00fcr gr\u00f6\u00dfere Bestellungen<\/li>\n<\/ul>\n","protected":false},"featured_media":4438,"comment_status":"open","ping_status":"closed","template":"","meta":[],"product_brand":[],"product_cat":[440],"product_tag":[],"class_list":{"0":"post-4404","1":"product","2":"type-product","3":"status-publish","4":"has-post-thumbnail","6":"product_cat-kaufen-cannabis-cbd-ol","8":"first","9":"instock","10":"shipping-taxable","11":"purchasable","12":"product-type-simple"},"yoast_head":"<!-- This site is optimized with the Yoast SEO plugin v27.3 - https:\/\/yoast.com\/product\/yoast-seo-wordpress\/ -->\n<title>Kaufen Sie Pink Kush THC-Destillat \u2013 Dabeast - Best Global Meds<\/title>\n<meta name=\"description\" content=\"Kaufen Sie Pink Kush THC Destillate Sabre Vape Pen zum Verkauf UK, Europe- Dabeast online USA von der gr\u00f6\u00dften Online-Apotheke, Buy My Weed Online.\" \/>\n<meta name=\"robots\" content=\"index, follow, max-snippet:-1, max-image-preview:large, max-video-preview:-1\" \/>\n<link rel=\"canonical\" href=\"https:\/\/medicinasinc.com\/de\/product\/kaufe-pink-kush-thc-destillat-dabeast\/\" \/>\n<meta property=\"og:locale\" content=\"de_DE\" \/>\n<meta property=\"og:type\" content=\"article\" \/>\n<meta property=\"og:title\" content=\"Kaufen Sie Pink Kush THC-Destillat \u2013 Dabeast - Best Global Meds\" \/>\n<meta property=\"og:description\" content=\"Kaufen Sie Pink Kush THC Destillate Sabre Vape Pen zum Verkauf UK, Europe- Dabeast online USA von der gr\u00f6\u00dften Online-Apotheke, Buy My Weed Online.\" \/>\n<meta property=\"og:url\" content=\"https:\/\/medicinasinc.com\/de\/product\/kaufe-pink-kush-thc-destillat-dabeast\/\" \/>\n<meta property=\"og:site_name\" content=\"Medicinas Inc\" \/>\n<meta property=\"article:modified_time\" content=\"2022-03-18T00:56:26+00:00\" \/>\n<meta property=\"og:image\" content=\"https:\/\/medicinasinc.com\/de\/wp-content\/uploads\/sites\/6\/2022\/02\/Buy-Pink-Kush-THC-Distillate-\u2013-Dabeast.jpg\" \/>\n\t<meta property=\"og:image:width\" content=\"600\" \/>\n\t<meta property=\"og:image:height\" content=\"600\" \/>\n\t<meta property=\"og:image:type\" content=\"image\/jpeg\" \/>\n<meta name=\"twitter:card\" content=\"summary_large_image\" \/>\n<meta name=\"twitter:label1\" content=\"Gesch\u00e4tzte Lesezeit\" \/>\n\t<meta name=\"twitter:data1\" content=\"1\u00a0Minute\" \/>\n<script type=\"application\/ld+json\" class=\"yoast-schema-graph\">{\"@context\":\"https:\\\/\\\/schema.org\",\"@graph\":[{\"@type\":\"WebPage\",\"@id\":\"https:\\\/\\\/medicinasinc.com\\\/de\\\/product\\\/kaufe-pink-kush-thc-destillat-dabeast\\\/\",\"url\":\"https:\\\/\\\/medicinasinc.com\\\/de\\\/product\\\/kaufe-pink-kush-thc-destillat-dabeast\\\/\",\"name\":\"Kaufen Sie Pink Kush THC-Destillat \u2013 Dabeast - Best Global Meds\",\"isPartOf\":{\"@id\":\"https:\\\/\\\/medicinasinc.com\\\/de\\\/#website\"},\"primaryImageOfPage\":{\"@id\":\"https:\\\/\\\/medicinasinc.com\\\/de\\\/product\\\/kaufe-pink-kush-thc-destillat-dabeast\\\/#primaryimage\"},\"image\":{\"@id\":\"https:\\\/\\\/medicinasinc.com\\\/de\\\/product\\\/kaufe-pink-kush-thc-destillat-dabeast\\\/#primaryimage\"},\"thumbnailUrl\":\"https:\\\/\\\/medicinasinc.com\\\/de\\\/wp-content\\\/uploads\\\/sites\\\/6\\\/2022\\\/02\\\/Buy-Pink-Kush-THC-Distillate-\u2013-Dabeast.jpg\",\"datePublished\":\"2022-02-20T08:55:28+00:00\",\"dateModified\":\"2022-03-18T00:56:26+00:00\",\"description\":\"Kaufen Sie Pink Kush THC Destillate Sabre Vape Pen zum Verkauf UK, Europe- Dabeast online USA von der gr\u00f6\u00dften Online-Apotheke, Buy My Weed Online.\",\"breadcrumb\":{\"@id\":\"https:\\\/\\\/medicinasinc.com\\\/de\\\/product\\\/kaufe-pink-kush-thc-destillat-dabeast\\\/#breadcrumb\"},\"inLanguage\":\"de\",\"potentialAction\":[{\"@type\":\"ReadAction\",\"target\":[\"https:\\\/\\\/medicinasinc.com\\\/de\\\/product\\\/kaufe-pink-kush-thc-destillat-dabeast\\\/\"]}]},{\"@type\":\"ImageObject\",\"inLanguage\":\"de\",\"@id\":\"https:\\\/\\\/medicinasinc.com\\\/de\\\/product\\\/kaufe-pink-kush-thc-destillat-dabeast\\\/#primaryimage\",\"url\":\"https:\\\/\\\/medicinasinc.com\\\/de\\\/wp-content\\\/uploads\\\/sites\\\/6\\\/2022\\\/02\\\/Buy-Pink-Kush-THC-Distillate-\u2013-Dabeast.jpg\",\"contentUrl\":\"https:\\\/\\\/medicinasinc.com\\\/de\\\/wp-content\\\/uploads\\\/sites\\\/6\\\/2022\\\/02\\\/Buy-Pink-Kush-THC-Distillate-\u2013-Dabeast.jpg\",\"width\":600,\"height\":600},{\"@type\":\"BreadcrumbList\",\"@id\":\"https:\\\/\\\/medicinasinc.com\\\/de\\\/product\\\/kaufe-pink-kush-thc-destillat-dabeast\\\/#breadcrumb\",\"itemListElement\":[{\"@type\":\"ListItem\",\"position\":1,\"name\":\"Einkaufen\",\"item\":\"https:\\\/\\\/medicinasinc.com\\\/de\\\/einkaufen\\\/\"},{\"@type\":\"ListItem\",\"position\":2,\"name\":\"Kaufen Sie Pink Kush THC-Destillat \u2013 Dabeast\"}]},{\"@type\":\"WebSite\",\"@id\":\"https:\\\/\\\/medicinasinc.com\\\/de\\\/#website\",\"url\":\"https:\\\/\\\/medicinasinc.com\\\/de\\\/\",\"name\":\"Medicinas Inc\",\"description\":\"Health Medical Clinic\",\"potentialAction\":[{\"@type\":\"SearchAction\",\"target\":{\"@type\":\"EntryPoint\",\"urlTemplate\":\"https:\\\/\\\/medicinasinc.com\\\/de\\\/?s={search_term_string}\"},\"query-input\":{\"@type\":\"PropertyValueSpecification\",\"valueRequired\":true,\"valueName\":\"search_term_string\"}}],\"inLanguage\":\"de\"}]}<\/script>\n<!-- \/ Yoast SEO plugin. -->","yoast_head_json":{"title":"Kaufen Sie Pink Kush THC-Destillat \u2013 Dabeast - Best Global Meds","description":"Kaufen Sie Pink Kush THC Destillate Sabre Vape Pen zum Verkauf UK, Europe- Dabeast online USA von der gr\u00f6\u00dften Online-Apotheke, Buy My Weed Online.","robots":{"index":"index","follow":"follow","max-snippet":"max-snippet:-1","max-image-preview":"max-image-preview:large","max-video-preview":"max-video-preview:-1"},"canonical":"https:\/\/medicinasinc.com\/de\/product\/kaufe-pink-kush-thc-destillat-dabeast\/","og_locale":"de_DE","og_type":"article","og_title":"Kaufen Sie Pink Kush THC-Destillat \u2013 Dabeast - Best Global Meds","og_description":"Kaufen Sie Pink Kush THC Destillate Sabre Vape Pen zum Verkauf UK, Europe- Dabeast online USA von der gr\u00f6\u00dften Online-Apotheke, Buy My Weed Online.","og_url":"https:\/\/medicinasinc.com\/de\/product\/kaufe-pink-kush-thc-destillat-dabeast\/","og_site_name":"Medicinas Inc","article_modified_time":"2022-03-18T00:56:26+00:00","og_image":[{"width":600,"height":600,"url":"https:\/\/medicinasinc.com\/de\/wp-content\/uploads\/sites\/6\/2022\/02\/Buy-Pink-Kush-THC-Distillate-\u2013-Dabeast.jpg","type":"image\/jpeg"}],"twitter_card":"summary_large_image","twitter_misc":{"Gesch\u00e4tzte Lesezeit":"1\u00a0Minute"},"schema":{"@context":"https:\/\/schema.org","@graph":[{"@type":"WebPage","@id":"https:\/\/medicinasinc.com\/de\/product\/kaufe-pink-kush-thc-destillat-dabeast\/","url":"https:\/\/medicinasinc.com\/de\/product\/kaufe-pink-kush-thc-destillat-dabeast\/","name":"Kaufen Sie Pink Kush THC-Destillat \u2013 Dabeast - Best Global Meds","isPartOf":{"@id":"https:\/\/medicinasinc.com\/de\/#website"},"primaryImageOfPage":{"@id":"https:\/\/medicinasinc.com\/de\/product\/kaufe-pink-kush-thc-destillat-dabeast\/#primaryimage"},"image":{"@id":"https:\/\/medicinasinc.com\/de\/product\/kaufe-pink-kush-thc-destillat-dabeast\/#primaryimage"},"thumbnailUrl":"https:\/\/medicinasinc.com\/de\/wp-content\/uploads\/sites\/6\/2022\/02\/Buy-Pink-Kush-THC-Distillate-\u2013-Dabeast.jpg","datePublished":"2022-02-20T08:55:28+00:00","dateModified":"2022-03-18T00:56:26+00:00","description":"Kaufen Sie Pink Kush THC Destillate Sabre Vape Pen zum Verkauf UK, Europe- Dabeast online USA von der gr\u00f6\u00dften Online-Apotheke, Buy My Weed Online.","breadcrumb":{"@id":"https:\/\/medicinasinc.com\/de\/product\/kaufe-pink-kush-thc-destillat-dabeast\/#breadcrumb"},"inLanguage":"de","potentialAction":[{"@type":"ReadAction","target":["https:\/\/medicinasinc.com\/de\/product\/kaufe-pink-kush-thc-destillat-dabeast\/"]}]},{"@type":"ImageObject","inLanguage":"de","@id":"https:\/\/medicinasinc.com\/de\/product\/kaufe-pink-kush-thc-destillat-dabeast\/#primaryimage","url":"https:\/\/medicinasinc.com\/de\/wp-content\/uploads\/sites\/6\/2022\/02\/Buy-Pink-Kush-THC-Distillate-\u2013-Dabeast.jpg","contentUrl":"https:\/\/medicinasinc.com\/de\/wp-content\/uploads\/sites\/6\/2022\/02\/Buy-Pink-Kush-THC-Distillate-\u2013-Dabeast.jpg","width":600,"height":600},{"@type":"BreadcrumbList","@id":"https:\/\/medicinasinc.com\/de\/product\/kaufe-pink-kush-thc-destillat-dabeast\/#breadcrumb","itemListElement":[{"@type":"ListItem","position":1,"name":"Einkaufen","item":"https:\/\/medicinasinc.com\/de\/einkaufen\/"},{"@type":"ListItem","position":2,"name":"Kaufen Sie Pink Kush THC-Destillat \u2013 Dabeast"}]},{"@type":"WebSite","@id":"https:\/\/medicinasinc.com\/de\/#website","url":"https:\/\/medicinasinc.com\/de\/","name":"Medicinas Inc","description":"Health Medical Clinic","potentialAction":[{"@type":"SearchAction","target":{"@type":"EntryPoint","urlTemplate":"https:\/\/medicinasinc.com\/de\/?s={search_term_string}"},"query-input":{"@type":"PropertyValueSpecification","valueRequired":true,"valueName":"search_term_string"}}],"inLanguage":"de"}]}},"_links":{"self":[{"href":"https:\/\/medicinasinc.com\/de\/wp-json\/wp\/v2\/product\/4404","targetHints":{"allow":["GET"]}}],"collection":[{"href":"https:\/\/medicinasinc.com\/de\/wp-json\/wp\/v2\/product"}],"about":[{"href":"https:\/\/medicinasinc.com\/de\/wp-json\/wp\/v2\/types\/product"}],"replies":[{"embeddable":true,"href":"https:\/\/medicinasinc.com\/de\/wp-json\/wp\/v2\/comments?post=4404"}],"wp:featuredmedia":[{"embeddable":true,"href":"https:\/\/medicinasinc.com\/de\/wp-json\/wp\/v2\/media\/4438"}],"wp:attachment":[{"href":"https:\/\/medicinasinc.com\/de\/wp-json\/wp\/v2\/media?parent=4404"}],"wp:term":[{"taxonomy":"product_brand","embeddable":true,"href":"https:\/\/medicinasinc.com\/de\/wp-json\/wp\/v2\/product_brand?post=4404"},{"taxonomy":"product_cat","embeddable":true,"href":"https:\/\/medicinasinc.com\/de\/wp-json\/wp\/v2\/product_cat?post=4404"},{"taxonomy":"product_tag","embeddable":true,"href":"https:\/\/medicinasinc.com\/de\/wp-json\/wp\/v2\/product_tag?post=4404"}],"curies":[{"name":"wp","href":"https:\/\/api.w.org\/{rel}","templated":true}]}}