{"id":4390,"date":"2022-02-20T08:47:42","date_gmt":"2022-02-20T08:47:42","guid":{"rendered":"https:\/\/medicinasinc.com\/de\/?post_type=product&#038;p=4390"},"modified":"2022-03-18T00:56:54","modified_gmt":"2022-03-18T00:56:54","slug":"kaufen-lemon-haze-co2-1g-vape-cartridge","status":"publish","type":"product","link":"https:\/\/medicinasinc.com\/de\/product\/kaufen-lemon-haze-co2-1g-vape-cartridge\/","title":{"rendered":"Kaufen Sie Lemon Haze CO2 1g Vape Cartridge"},"content":{"rendered":"<p>Lemon Haze CO2 1g Vape Cartridge zu verkaufen.<\/p>\n<p>Lemon Haze CO2 1g Vape Cartridge zu verkaufen.<\/p>\n<p>Lemon Haze CO2 Vape Cartridges zu verkaufen. Wir von Pure bem\u00fchen uns, das reinste, sicherste und best\u00e4ndigste verf\u00fcgbare \u00d6l anzubieten. Unsere Aromen bestehen vollst\u00e4ndig aus nat\u00fcrlich vorkommenden Fruchtterpenen. 1 Gramm unverf\u00e4lschtes Cannabis\u00f6l Lemon Skunk Super Silver Haze von Green House Seeds ist eine sativadominierte Hybride aus Lemon Skunk und Super Silver Haze, die zwei Cannabis Cups gewonnen hat. Super Lemon Haze ist ein vielfarbiges, mit Kief verkrustetes Wunder. Wie der Name schon sagt, weist diese Sorte ausgepr\u00e4gte zitronige Eigenschaften auf. Das Aroma ist zitronig, pikant und leicht s\u00fc\u00dflich. Der Geschmack ist genau das, was man von dem Namensvetter erwarten w\u00fcrde; herb und s\u00fc\u00df, \u00e4hnlich wie Lemonheads-Bonbons \u2013 allerdings nicht ganz so scharf, wie man erwarten k\u00f6nnte.<\/p>\n<p>THC-Gehalt: 65,22 Prozent CBD-Gehalt: 2,86 Prozent<\/p>\n","protected":false},"excerpt":{"rendered":"<p>Co2 Vape Cartridge Super Lemon Haze<\/p>\n<p>Kaufen Sie Super Lemon Haze Cannabis Oil Vape Cartridge Strain in Gro\u00dfbritannien und Europa. Methode der Sativa\u00d6l-Extraktion: Unterkritisches CO2. Vape Cartridge f\u00fcr Super Lemon Haze Cannabis\u00f6l.<\/p>\n<p>Eine der besten Co2 Vape Cartridges auf dem Markt ist die Super Lemon Haze. Genauer gesagt ist das Aroma pikant, zitronig und leicht s\u00fc\u00df. Der Geschmack ist herb und s\u00fc\u00df und erinnert an Lemonheads-Bonbons. X-rates CO2-Vape-Patronen enthalten nur reines Cannabis\u00f6l, das ein breites Spektrum an organischen Cannabinoiden und Terpenen enth\u00e4lt. Zus\u00e4tzlich sind 1g und 0,5ml Kartuschen erh\u00e4ltlich.<\/p>\n<p>Der Preis des Produkts ist wie folgt: pro 1g Kartusche<br \/> Es ist eine Mindestbestellmenge von 5 Kartuschen erforderlich.<\/p>\n","protected":false},"featured_media":4423,"comment_status":"open","ping_status":"closed","template":"","meta":[],"product_brand":[],"product_cat":[440],"product_tag":[483,488,484,485,482,487,486,481],"class_list":{"0":"post-4390","1":"product","2":"type-product","3":"status-publish","4":"has-post-thumbnail","6":"product_cat-kaufen-cannabis-cbd-ol","7":"product_tag-super-lemon-haze-co2-vape-kartusche","8":"product_tag-super-lemon-haze-yield-description-reviews-0","9":"product_tag-super-lemon-haze-kingpen","10":"product_tag-super-lemon-haze-oil-cartridge","11":"product_tag-super-lemon-haze-kartusche","12":"product_tag-super-lemon-haze-samen","13":"product_tag-super-lemon-haze-preis","14":"product_tag-vorgefllte-vape-patronen-europa-tags-super-lemon-haze-allbud","16":"first","17":"instock","18":"shipping-taxable","19":"purchasable","20":"product-type-variable","21":"has-default-attributes"},"yoast_head":"<!-- This site is optimized with the Yoast SEO plugin v27.3 - https:\/\/yoast.com\/product\/yoast-seo-wordpress\/ -->\n<title>Kaufen Sie Lemon Haze CO2 Vape Cartridge - Best Global Meds<\/title>\n<meta name=\"description\" content=\"Kaufen Sie Super Lemon Haze Cannabis Oil Vape Cartridge Strain zum Verkauf in Gro\u00dfbritannien, Europa. Sativa\u00d6l-Extraktionsmethode: Unterkritisches CO2. Super Lemon Haze Cannabis\u00f6l-Vape-Patrone.\" \/>\n<meta name=\"robots\" content=\"index, follow, max-snippet:-1, max-image-preview:large, max-video-preview:-1\" \/>\n<link rel=\"canonical\" href=\"https:\/\/medicinasinc.com\/de\/product\/kaufen-lemon-haze-co2-1g-vape-cartridge\/\" \/>\n<meta property=\"og:locale\" content=\"de_DE\" \/>\n<meta property=\"og:type\" content=\"article\" \/>\n<meta property=\"og:title\" content=\"Kaufen Sie Lemon Haze CO2 Vape Cartridge - Best Global Meds\" \/>\n<meta property=\"og:description\" content=\"Kaufen Sie Super Lemon Haze Cannabis Oil Vape Cartridge Strain zum Verkauf in Gro\u00dfbritannien, Europa. Sativa\u00d6l-Extraktionsmethode: Unterkritisches CO2. Super Lemon Haze Cannabis\u00f6l-Vape-Patrone.\" \/>\n<meta property=\"og:url\" content=\"https:\/\/medicinasinc.com\/de\/product\/kaufen-lemon-haze-co2-1g-vape-cartridge\/\" \/>\n<meta property=\"og:site_name\" content=\"Medicinas Inc\" \/>\n<meta property=\"article:modified_time\" content=\"2022-03-18T00:56:54+00:00\" \/>\n<meta property=\"og:image\" content=\"https:\/\/medicinasinc.com\/de\/wp-content\/uploads\/sites\/6\/2022\/02\/Buy-High-THC-Cannabis-Oil-1g-cartridge-online.jpg\" \/>\n\t<meta property=\"og:image:width\" content=\"600\" \/>\n\t<meta property=\"og:image:height\" content=\"600\" \/>\n\t<meta property=\"og:image:type\" content=\"image\/jpeg\" \/>\n<meta name=\"twitter:card\" content=\"summary_large_image\" \/>\n<meta name=\"twitter:label1\" content=\"Gesch\u00e4tzte Lesezeit\" \/>\n\t<meta name=\"twitter:data1\" content=\"1\u00a0Minute\" \/>\n<script type=\"application\/ld+json\" class=\"yoast-schema-graph\">{\"@context\":\"https:\\\/\\\/schema.org\",\"@graph\":[{\"@type\":\"WebPage\",\"@id\":\"https:\\\/\\\/medicinasinc.com\\\/de\\\/product\\\/kaufen-lemon-haze-co2-1g-vape-cartridge\\\/\",\"url\":\"https:\\\/\\\/medicinasinc.com\\\/de\\\/product\\\/kaufen-lemon-haze-co2-1g-vape-cartridge\\\/\",\"name\":\"Kaufen Sie Lemon Haze CO2 Vape Cartridge - Best Global Meds\",\"isPartOf\":{\"@id\":\"https:\\\/\\\/medicinasinc.com\\\/de\\\/#website\"},\"primaryImageOfPage\":{\"@id\":\"https:\\\/\\\/medicinasinc.com\\\/de\\\/product\\\/kaufen-lemon-haze-co2-1g-vape-cartridge\\\/#primaryimage\"},\"image\":{\"@id\":\"https:\\\/\\\/medicinasinc.com\\\/de\\\/product\\\/kaufen-lemon-haze-co2-1g-vape-cartridge\\\/#primaryimage\"},\"thumbnailUrl\":\"https:\\\/\\\/medicinasinc.com\\\/de\\\/wp-content\\\/uploads\\\/sites\\\/6\\\/2022\\\/02\\\/Buy-High-THC-Cannabis-Oil-1g-cartridge-online.jpg\",\"datePublished\":\"2022-02-20T08:47:42+00:00\",\"dateModified\":\"2022-03-18T00:56:54+00:00\",\"description\":\"Kaufen Sie Super Lemon Haze Cannabis Oil Vape Cartridge Strain zum Verkauf in Gro\u00dfbritannien, Europa. Sativa\u00d6l-Extraktionsmethode: Unterkritisches CO2. Super Lemon Haze Cannabis\u00f6l-Vape-Patrone.\",\"breadcrumb\":{\"@id\":\"https:\\\/\\\/medicinasinc.com\\\/de\\\/product\\\/kaufen-lemon-haze-co2-1g-vape-cartridge\\\/#breadcrumb\"},\"inLanguage\":\"de\",\"potentialAction\":[{\"@type\":\"ReadAction\",\"target\":[\"https:\\\/\\\/medicinasinc.com\\\/de\\\/product\\\/kaufen-lemon-haze-co2-1g-vape-cartridge\\\/\"]}]},{\"@type\":\"ImageObject\",\"inLanguage\":\"de\",\"@id\":\"https:\\\/\\\/medicinasinc.com\\\/de\\\/product\\\/kaufen-lemon-haze-co2-1g-vape-cartridge\\\/#primaryimage\",\"url\":\"https:\\\/\\\/medicinasinc.com\\\/de\\\/wp-content\\\/uploads\\\/sites\\\/6\\\/2022\\\/02\\\/Buy-High-THC-Cannabis-Oil-1g-cartridge-online.jpg\",\"contentUrl\":\"https:\\\/\\\/medicinasinc.com\\\/de\\\/wp-content\\\/uploads\\\/sites\\\/6\\\/2022\\\/02\\\/Buy-High-THC-Cannabis-Oil-1g-cartridge-online.jpg\",\"width\":600,\"height\":600},{\"@type\":\"BreadcrumbList\",\"@id\":\"https:\\\/\\\/medicinasinc.com\\\/de\\\/product\\\/kaufen-lemon-haze-co2-1g-vape-cartridge\\\/#breadcrumb\",\"itemListElement\":[{\"@type\":\"ListItem\",\"position\":1,\"name\":\"Einkaufen\",\"item\":\"https:\\\/\\\/medicinasinc.com\\\/de\\\/einkaufen\\\/\"},{\"@type\":\"ListItem\",\"position\":2,\"name\":\"Kaufen Sie Lemon Haze CO2 1g Vape Cartridge\"}]},{\"@type\":\"WebSite\",\"@id\":\"https:\\\/\\\/medicinasinc.com\\\/de\\\/#website\",\"url\":\"https:\\\/\\\/medicinasinc.com\\\/de\\\/\",\"name\":\"Medicinas Inc\",\"description\":\"Health Medical Clinic\",\"potentialAction\":[{\"@type\":\"SearchAction\",\"target\":{\"@type\":\"EntryPoint\",\"urlTemplate\":\"https:\\\/\\\/medicinasinc.com\\\/de\\\/?s={search_term_string}\"},\"query-input\":{\"@type\":\"PropertyValueSpecification\",\"valueRequired\":true,\"valueName\":\"search_term_string\"}}],\"inLanguage\":\"de\"}]}<\/script>\n<!-- \/ Yoast SEO plugin. -->","yoast_head_json":{"title":"Kaufen Sie Lemon Haze CO2 Vape Cartridge - Best Global Meds","description":"Kaufen Sie Super Lemon Haze Cannabis Oil Vape Cartridge Strain zum Verkauf in Gro\u00dfbritannien, Europa. Sativa\u00d6l-Extraktionsmethode: Unterkritisches CO2. Super Lemon Haze Cannabis\u00f6l-Vape-Patrone.","robots":{"index":"index","follow":"follow","max-snippet":"max-snippet:-1","max-image-preview":"max-image-preview:large","max-video-preview":"max-video-preview:-1"},"canonical":"https:\/\/medicinasinc.com\/de\/product\/kaufen-lemon-haze-co2-1g-vape-cartridge\/","og_locale":"de_DE","og_type":"article","og_title":"Kaufen Sie Lemon Haze CO2 Vape Cartridge - Best Global Meds","og_description":"Kaufen Sie Super Lemon Haze Cannabis Oil Vape Cartridge Strain zum Verkauf in Gro\u00dfbritannien, Europa. Sativa\u00d6l-Extraktionsmethode: Unterkritisches CO2. Super Lemon Haze Cannabis\u00f6l-Vape-Patrone.","og_url":"https:\/\/medicinasinc.com\/de\/product\/kaufen-lemon-haze-co2-1g-vape-cartridge\/","og_site_name":"Medicinas Inc","article_modified_time":"2022-03-18T00:56:54+00:00","og_image":[{"width":600,"height":600,"url":"https:\/\/medicinasinc.com\/de\/wp-content\/uploads\/sites\/6\/2022\/02\/Buy-High-THC-Cannabis-Oil-1g-cartridge-online.jpg","type":"image\/jpeg"}],"twitter_card":"summary_large_image","twitter_misc":{"Gesch\u00e4tzte Lesezeit":"1\u00a0Minute"},"schema":{"@context":"https:\/\/schema.org","@graph":[{"@type":"WebPage","@id":"https:\/\/medicinasinc.com\/de\/product\/kaufen-lemon-haze-co2-1g-vape-cartridge\/","url":"https:\/\/medicinasinc.com\/de\/product\/kaufen-lemon-haze-co2-1g-vape-cartridge\/","name":"Kaufen Sie Lemon Haze CO2 Vape Cartridge - Best Global Meds","isPartOf":{"@id":"https:\/\/medicinasinc.com\/de\/#website"},"primaryImageOfPage":{"@id":"https:\/\/medicinasinc.com\/de\/product\/kaufen-lemon-haze-co2-1g-vape-cartridge\/#primaryimage"},"image":{"@id":"https:\/\/medicinasinc.com\/de\/product\/kaufen-lemon-haze-co2-1g-vape-cartridge\/#primaryimage"},"thumbnailUrl":"https:\/\/medicinasinc.com\/de\/wp-content\/uploads\/sites\/6\/2022\/02\/Buy-High-THC-Cannabis-Oil-1g-cartridge-online.jpg","datePublished":"2022-02-20T08:47:42+00:00","dateModified":"2022-03-18T00:56:54+00:00","description":"Kaufen Sie Super Lemon Haze Cannabis Oil Vape Cartridge Strain zum Verkauf in Gro\u00dfbritannien, Europa. Sativa\u00d6l-Extraktionsmethode: Unterkritisches CO2. Super Lemon Haze Cannabis\u00f6l-Vape-Patrone.","breadcrumb":{"@id":"https:\/\/medicinasinc.com\/de\/product\/kaufen-lemon-haze-co2-1g-vape-cartridge\/#breadcrumb"},"inLanguage":"de","potentialAction":[{"@type":"ReadAction","target":["https:\/\/medicinasinc.com\/de\/product\/kaufen-lemon-haze-co2-1g-vape-cartridge\/"]}]},{"@type":"ImageObject","inLanguage":"de","@id":"https:\/\/medicinasinc.com\/de\/product\/kaufen-lemon-haze-co2-1g-vape-cartridge\/#primaryimage","url":"https:\/\/medicinasinc.com\/de\/wp-content\/uploads\/sites\/6\/2022\/02\/Buy-High-THC-Cannabis-Oil-1g-cartridge-online.jpg","contentUrl":"https:\/\/medicinasinc.com\/de\/wp-content\/uploads\/sites\/6\/2022\/02\/Buy-High-THC-Cannabis-Oil-1g-cartridge-online.jpg","width":600,"height":600},{"@type":"BreadcrumbList","@id":"https:\/\/medicinasinc.com\/de\/product\/kaufen-lemon-haze-co2-1g-vape-cartridge\/#breadcrumb","itemListElement":[{"@type":"ListItem","position":1,"name":"Einkaufen","item":"https:\/\/medicinasinc.com\/de\/einkaufen\/"},{"@type":"ListItem","position":2,"name":"Kaufen Sie Lemon Haze CO2 1g Vape Cartridge"}]},{"@type":"WebSite","@id":"https:\/\/medicinasinc.com\/de\/#website","url":"https:\/\/medicinasinc.com\/de\/","name":"Medicinas Inc","description":"Health Medical Clinic","potentialAction":[{"@type":"SearchAction","target":{"@type":"EntryPoint","urlTemplate":"https:\/\/medicinasinc.com\/de\/?s={search_term_string}"},"query-input":{"@type":"PropertyValueSpecification","valueRequired":true,"valueName":"search_term_string"}}],"inLanguage":"de"}]}},"_links":{"self":[{"href":"https:\/\/medicinasinc.com\/de\/wp-json\/wp\/v2\/product\/4390","targetHints":{"allow":["GET"]}}],"collection":[{"href":"https:\/\/medicinasinc.com\/de\/wp-json\/wp\/v2\/product"}],"about":[{"href":"https:\/\/medicinasinc.com\/de\/wp-json\/wp\/v2\/types\/product"}],"replies":[{"embeddable":true,"href":"https:\/\/medicinasinc.com\/de\/wp-json\/wp\/v2\/comments?post=4390"}],"wp:featuredmedia":[{"embeddable":true,"href":"https:\/\/medicinasinc.com\/de\/wp-json\/wp\/v2\/media\/4423"}],"wp:attachment":[{"href":"https:\/\/medicinasinc.com\/de\/wp-json\/wp\/v2\/media?parent=4390"}],"wp:term":[{"taxonomy":"product_brand","embeddable":true,"href":"https:\/\/medicinasinc.com\/de\/wp-json\/wp\/v2\/product_brand?post=4390"},{"taxonomy":"product_cat","embeddable":true,"href":"https:\/\/medicinasinc.com\/de\/wp-json\/wp\/v2\/product_cat?post=4390"},{"taxonomy":"product_tag","embeddable":true,"href":"https:\/\/medicinasinc.com\/de\/wp-json\/wp\/v2\/product_tag?post=4390"}],"curies":[{"name":"wp","href":"https:\/\/api.w.org\/{rel}","templated":true}]}}