{"id":4388,"date":"2022-02-20T08:46:53","date_gmt":"2022-02-20T08:46:53","guid":{"rendered":"https:\/\/medicinasinc.com\/de\/?post_type=product&#038;p=4388"},"modified":"2022-03-18T00:57:05","modified_gmt":"2022-03-18T00:57:05","slug":"cannabisol-1g-kartusche-mit-hohem-thc-gehalt-online-kaufen","status":"publish","type":"product","link":"https:\/\/medicinasinc.com\/de\/product\/cannabisol-1g-kartusche-mit-hohem-thc-gehalt-online-kaufen\/","title":{"rendered":"Kaufen Sie Cannabis\u00f6l mit hohem THC-Gehalt 1 g Kartusche online"},"content":{"rendered":"<p>Kaufen Sie online eine 1-g-Kartusche Cannabis\u00f6l mit hohem THC-Gehalt.<\/p>\n<p>Anstatt unser Cannabis zu mischen, bieten wir Kartuschen in 18 verschiedenen Sorten an. Wir verwenden keine Zusatzstoffe. Unser Cannabis wird auf nat\u00fcrliche Weise in der Premium-Cannabisregion Nordkaliforniens angebaut und dann sauber mit einer patentierten \u00fcberkritischen CO2-Methode extrahiert.<\/p>\n<p>Cannabis\u00f6l f\u00fcr medizinische Zwecke. Hybrid, Sativa und Indica<\/p>\n<p>Die medizinischen Vorteile von Cannabis\u00f6l<br \/> Schutz des Immunsystems Erh\u00f6ht Ihre Remissionschancen erheblich<br \/> Hilft bei der Stabilisierung und Beseitigung akuter oder chronischer Schmerzen<br \/> Eliminiert potenziell sch\u00e4dliche pharmazeutische Protokolle<br \/> Reduziert oder eliminiert b\u00f6sartiges Zellwachstum. Reduziert oder beseitigt \u00dcbelkeit.<\/p>\n<p>Cannabis enthielt in der Vergangenheit THC-Konzentrationen zwischen 12 und 21 %.<\/p>\n<p>CBD-Konzentrationen in den meisten Cannabispflanzen liegen zwischen 0,1 und 0,3 %. Allerdings sind jetzt Cannabissorten mit h\u00f6herem CBD-Gehalt erh\u00e4ltlich, wodurch CBD-reiche Cannabis\u00f6le leichter zug\u00e4nglich werden. Diese Cannabis\u00f6le sind k\u00e4uflich erh\u00e4ltlich und k\u00f6nnen sicher online bei uns bestellt werden. Haschisch\u00f6l online kaufen, wie man Haschisch\u00f6l online kauft, Haschisch\u00f6l online kaufen, Haschisch\u00f6l online bestellen, Haschisch\u00f6l online kaufen, Hasch\u00f6lkartusche zum Verkauf, Wo kann ich das \u00d6l online kaufen, das Haschisch\u00f6l zum Verkauf, Haschisch \u00d6lkartuschen zum Verkauf online, wo man das \u00d6l online kaufen kann, Hasch\u00f6lkartuschen online kaufen<\/p>\n<p>Dar\u00fcber hinaus werden CBD-reiche \u00d6le f\u00fcr Erkrankungen wie Epilepsie, Angstzust\u00e4nde, Stress und \u00dcbelkeit bevorzugt. CBD-\u00d6le helfen Ihnen auch beim Entspannen und helfen bei der Behandlung von Schlaflosigkeit, Spannungskopfschmerzen, Stimmungsst\u00f6rungen und Aufmerksamkeitsdefizitst\u00f6rungen.<\/p>\n<p>Bevor Sie Haschisch online kaufen, ist es wichtig, die Wirkung und ihre Beziehung zu verstehen zu Cannabis und was es von anderen Cannabisprodukten unterscheidet. Haschisch, ein anderer Begriff f\u00fcr \u201eHaschisch\u201c im Bundesstaat, ist ein Cannabiskonzentrat, das \u00fcber das Harz einer Marihuanapflanze \u00fcbertragen wird. Dies wird erreicht, indem die Saftorgane einer Cannabispflanze, die zusammen als Trichome bezeichnet werden, von ihren Bl\u00fcten getrennt werden. Es ist bekannt, dass diese Trichome die h\u00f6chsten Konzentrationen an Cannabinoiden und Terpenen enthalten, die die chemischen Verbindungen sind, die f\u00fcr die einzigartigen Eigenschaften und Eigenschaften von Maryjane verantwortlich sind. Aufgrund der hohen Konzentration an Cannabinoiden und Terpenen in Hasch besitzt es eine au\u00dfergew\u00f6hnliche F\u00e4higkeit, umwerfende psychoaktive und medizinische Begegnungen f\u00fcr Cannabisklienten zu schaffen. Hasch\u00f6l ist eine hochkonzentrierte Form von Cannabis, die geraucht, verdampft, konsumiert oder auf die Haut aufgetragen werden kann. Gelegentlich wird die Verwendung von Haschisch\u00f6l als \u201eerreichend\u201c oder \u201everbrauchend\u201c bezeichnet. Hasch\u00f6l wird aus Cannabispflanzen gewonnen und enth\u00e4lt THC (Delta-9-Tetrahydrocannabinol), die gleiche revolution\u00e4re Verbindung, die in anderen Maryjane-Produkten zu finden ist. Nichtsdestotrotz ist Hasch\u00f6l st\u00e4rker und enth\u00e4lt bis zu 90 % reines THC. Nat\u00fcrlich liegt der THC-Gehalt in anderen Teilen der Cannabispflanze typischerweise bei etwa 12 %. Die bew\u00e4hrte CO2-Extraktion ist derzeit die effektivste Methode zur Gewinnung von THC-\u00d6l. Dar\u00fcber hinaus ist es die gebr\u00e4uchlichste und sicherste Methode zur Herstellung von Cannabis\u00f6l, Destillat und lebenden Kaugummilastern. Der Grund daf\u00fcr, dass es heutzutage so weit verbreitet ist, ist, dass dieses THC-\u00d6l frei von zus\u00e4tzlichen L\u00f6sungsmitteln wie Alkohol oder Butan ist. Die meisten THC-\u00d6le enthalten eine Art abnehmender Bereitschaft. Dies ist notwendig, um sicherzustellen, dass das \u00d6l eine ideale Konsistenz zum Verdampfen beh\u00e4lt. Die bemerkenswertesten abnehmenden Spezialisten sind pflanzliches Glycerin und Propylenglykol (VG und PG), die h\u00e4ufig in Standard-E-Liquids zu finden sind. Einige enthalten verschiedene F\u00fcllstoffe wie PEG und in j\u00fcngerer Zeit TEC Temper, ein weiterer Zustand, der aus nat\u00fcrlichen Terpenen gewonnen wird. Hasch\u00f6l ist k\u00e4uflich zu erwerben.<\/p>\n","protected":false},"excerpt":{"rendered":"<p>Kaufen Sie Marihuana\u00f6l mit hohem THC-Gehalt zum Verkauf in Gro\u00dfbritannien, Europa online. Kaufen Sie 100% reines THC-Cannabis\u00f6l zum Verkauf in den USA. Vollspektrum-Cannabis\u00f6l. THC-\u00d6l Krebs zu verkaufen. Potenz: 85 % THC &amp; 15 % CBD<\/p>\n<p>Produktpreis: pro 5 Kartuschen<\/p>\n<p>Die Mindestbestellmenge betr\u00e4gt: 5 Kartuschen<\/p>\n","protected":false},"featured_media":4423,"comment_status":"open","ping_status":"closed","template":"","meta":[],"product_brand":[],"product_cat":[440],"product_tag":[],"class_list":{"0":"post-4388","1":"product","2":"type-product","3":"status-publish","4":"has-post-thumbnail","6":"product_cat-kaufen-cannabis-cbd-ol","8":"first","9":"instock","10":"shipping-taxable","11":"purchasable","12":"product-type-variable","13":"has-default-attributes"},"yoast_head":"<!-- This site is optimized with the Yoast SEO plugin v27.3 - https:\/\/yoast.com\/product\/yoast-seo-wordpress\/ -->\n<title>Kaufen Sie Cannabis\u00f6l mit hohem THC-Gehalt 1 g Kartusche online - Best Global Meds<\/title>\n<meta name=\"description\" content=\"Kaufen Sie Marihuana\u00f6l mit hohem THC-Gehalt zum Verkauf in Gro\u00dfbritannien, Europa online. Kaufen Sie 100% reines THC-Cannabis\u00f6l zum Verkauf in den USA. Vollspektrum-Cannabis\u00f6l. THC-\u00d6l Krebs zu verkaufen. Potenz: 85 % THC &amp; 15 % CBD\" \/>\n<meta name=\"robots\" content=\"index, follow, max-snippet:-1, max-image-preview:large, max-video-preview:-1\" \/>\n<link rel=\"canonical\" href=\"https:\/\/medicinasinc.com\/de\/product\/cannabisol-1g-kartusche-mit-hohem-thc-gehalt-online-kaufen\/\" \/>\n<meta property=\"og:locale\" content=\"de_DE\" \/>\n<meta property=\"og:type\" content=\"article\" \/>\n<meta property=\"og:title\" content=\"Kaufen Sie Cannabis\u00f6l mit hohem THC-Gehalt 1 g Kartusche online - Best Global Meds\" \/>\n<meta property=\"og:description\" content=\"Kaufen Sie Marihuana\u00f6l mit hohem THC-Gehalt zum Verkauf in Gro\u00dfbritannien, Europa online. Kaufen Sie 100% reines THC-Cannabis\u00f6l zum Verkauf in den USA. Vollspektrum-Cannabis\u00f6l. THC-\u00d6l Krebs zu verkaufen. Potenz: 85 % THC &amp; 15 % CBD\" \/>\n<meta property=\"og:url\" content=\"https:\/\/medicinasinc.com\/de\/product\/cannabisol-1g-kartusche-mit-hohem-thc-gehalt-online-kaufen\/\" \/>\n<meta property=\"og:site_name\" content=\"Medicinas Inc\" \/>\n<meta property=\"article:modified_time\" content=\"2022-03-18T00:57:05+00:00\" \/>\n<meta property=\"og:image\" content=\"https:\/\/medicinasinc.com\/de\/wp-content\/uploads\/sites\/6\/2022\/02\/Buy-High-THC-Cannabis-Oil-1g-cartridge-online.jpg\" \/>\n\t<meta property=\"og:image:width\" content=\"600\" \/>\n\t<meta property=\"og:image:height\" content=\"600\" \/>\n\t<meta property=\"og:image:type\" content=\"image\/jpeg\" \/>\n<meta name=\"twitter:card\" content=\"summary_large_image\" \/>\n<meta name=\"twitter:label1\" content=\"Gesch\u00e4tzte Lesezeit\" \/>\n\t<meta name=\"twitter:data1\" content=\"3\u00a0Minuten\" \/>\n<script type=\"application\/ld+json\" class=\"yoast-schema-graph\">{\"@context\":\"https:\\\/\\\/schema.org\",\"@graph\":[{\"@type\":\"WebPage\",\"@id\":\"https:\\\/\\\/medicinasinc.com\\\/de\\\/product\\\/cannabisol-1g-kartusche-mit-hohem-thc-gehalt-online-kaufen\\\/\",\"url\":\"https:\\\/\\\/medicinasinc.com\\\/de\\\/product\\\/cannabisol-1g-kartusche-mit-hohem-thc-gehalt-online-kaufen\\\/\",\"name\":\"Kaufen Sie Cannabis\u00f6l mit hohem THC-Gehalt 1 g Kartusche online - Best Global Meds\",\"isPartOf\":{\"@id\":\"https:\\\/\\\/medicinasinc.com\\\/de\\\/#website\"},\"primaryImageOfPage\":{\"@id\":\"https:\\\/\\\/medicinasinc.com\\\/de\\\/product\\\/cannabisol-1g-kartusche-mit-hohem-thc-gehalt-online-kaufen\\\/#primaryimage\"},\"image\":{\"@id\":\"https:\\\/\\\/medicinasinc.com\\\/de\\\/product\\\/cannabisol-1g-kartusche-mit-hohem-thc-gehalt-online-kaufen\\\/#primaryimage\"},\"thumbnailUrl\":\"https:\\\/\\\/medicinasinc.com\\\/de\\\/wp-content\\\/uploads\\\/sites\\\/6\\\/2022\\\/02\\\/Buy-High-THC-Cannabis-Oil-1g-cartridge-online.jpg\",\"datePublished\":\"2022-02-20T08:46:53+00:00\",\"dateModified\":\"2022-03-18T00:57:05+00:00\",\"description\":\"Kaufen Sie Marihuana\u00f6l mit hohem THC-Gehalt zum Verkauf in Gro\u00dfbritannien, Europa online. Kaufen Sie 100% reines THC-Cannabis\u00f6l zum Verkauf in den USA. Vollspektrum-Cannabis\u00f6l. THC-\u00d6l Krebs zu verkaufen. Potenz: 85 % THC &amp; 15 % CBD\",\"breadcrumb\":{\"@id\":\"https:\\\/\\\/medicinasinc.com\\\/de\\\/product\\\/cannabisol-1g-kartusche-mit-hohem-thc-gehalt-online-kaufen\\\/#breadcrumb\"},\"inLanguage\":\"de\",\"potentialAction\":[{\"@type\":\"ReadAction\",\"target\":[\"https:\\\/\\\/medicinasinc.com\\\/de\\\/product\\\/cannabisol-1g-kartusche-mit-hohem-thc-gehalt-online-kaufen\\\/\"]}]},{\"@type\":\"ImageObject\",\"inLanguage\":\"de\",\"@id\":\"https:\\\/\\\/medicinasinc.com\\\/de\\\/product\\\/cannabisol-1g-kartusche-mit-hohem-thc-gehalt-online-kaufen\\\/#primaryimage\",\"url\":\"https:\\\/\\\/medicinasinc.com\\\/de\\\/wp-content\\\/uploads\\\/sites\\\/6\\\/2022\\\/02\\\/Buy-High-THC-Cannabis-Oil-1g-cartridge-online.jpg\",\"contentUrl\":\"https:\\\/\\\/medicinasinc.com\\\/de\\\/wp-content\\\/uploads\\\/sites\\\/6\\\/2022\\\/02\\\/Buy-High-THC-Cannabis-Oil-1g-cartridge-online.jpg\",\"width\":600,\"height\":600},{\"@type\":\"BreadcrumbList\",\"@id\":\"https:\\\/\\\/medicinasinc.com\\\/de\\\/product\\\/cannabisol-1g-kartusche-mit-hohem-thc-gehalt-online-kaufen\\\/#breadcrumb\",\"itemListElement\":[{\"@type\":\"ListItem\",\"position\":1,\"name\":\"Einkaufen\",\"item\":\"https:\\\/\\\/medicinasinc.com\\\/de\\\/einkaufen\\\/\"},{\"@type\":\"ListItem\",\"position\":2,\"name\":\"Kaufen Sie Cannabis\u00f6l mit hohem THC-Gehalt 1 g Kartusche online\"}]},{\"@type\":\"WebSite\",\"@id\":\"https:\\\/\\\/medicinasinc.com\\\/de\\\/#website\",\"url\":\"https:\\\/\\\/medicinasinc.com\\\/de\\\/\",\"name\":\"Medicinas Inc\",\"description\":\"Health Medical Clinic\",\"potentialAction\":[{\"@type\":\"SearchAction\",\"target\":{\"@type\":\"EntryPoint\",\"urlTemplate\":\"https:\\\/\\\/medicinasinc.com\\\/de\\\/?s={search_term_string}\"},\"query-input\":{\"@type\":\"PropertyValueSpecification\",\"valueRequired\":true,\"valueName\":\"search_term_string\"}}],\"inLanguage\":\"de\"}]}<\/script>\n<!-- \/ Yoast SEO plugin. -->","yoast_head_json":{"title":"Kaufen Sie Cannabis\u00f6l mit hohem THC-Gehalt 1 g Kartusche online - Best Global Meds","description":"Kaufen Sie Marihuana\u00f6l mit hohem THC-Gehalt zum Verkauf in Gro\u00dfbritannien, Europa online. Kaufen Sie 100% reines THC-Cannabis\u00f6l zum Verkauf in den USA. Vollspektrum-Cannabis\u00f6l. THC-\u00d6l Krebs zu verkaufen. Potenz: 85 % THC &amp; 15 % CBD","robots":{"index":"index","follow":"follow","max-snippet":"max-snippet:-1","max-image-preview":"max-image-preview:large","max-video-preview":"max-video-preview:-1"},"canonical":"https:\/\/medicinasinc.com\/de\/product\/cannabisol-1g-kartusche-mit-hohem-thc-gehalt-online-kaufen\/","og_locale":"de_DE","og_type":"article","og_title":"Kaufen Sie Cannabis\u00f6l mit hohem THC-Gehalt 1 g Kartusche online - Best Global Meds","og_description":"Kaufen Sie Marihuana\u00f6l mit hohem THC-Gehalt zum Verkauf in Gro\u00dfbritannien, Europa online. Kaufen Sie 100% reines THC-Cannabis\u00f6l zum Verkauf in den USA. Vollspektrum-Cannabis\u00f6l. THC-\u00d6l Krebs zu verkaufen. Potenz: 85 % THC &amp; 15 % CBD","og_url":"https:\/\/medicinasinc.com\/de\/product\/cannabisol-1g-kartusche-mit-hohem-thc-gehalt-online-kaufen\/","og_site_name":"Medicinas Inc","article_modified_time":"2022-03-18T00:57:05+00:00","og_image":[{"width":600,"height":600,"url":"https:\/\/medicinasinc.com\/de\/wp-content\/uploads\/sites\/6\/2022\/02\/Buy-High-THC-Cannabis-Oil-1g-cartridge-online.jpg","type":"image\/jpeg"}],"twitter_card":"summary_large_image","twitter_misc":{"Gesch\u00e4tzte Lesezeit":"3\u00a0Minuten"},"schema":{"@context":"https:\/\/schema.org","@graph":[{"@type":"WebPage","@id":"https:\/\/medicinasinc.com\/de\/product\/cannabisol-1g-kartusche-mit-hohem-thc-gehalt-online-kaufen\/","url":"https:\/\/medicinasinc.com\/de\/product\/cannabisol-1g-kartusche-mit-hohem-thc-gehalt-online-kaufen\/","name":"Kaufen Sie Cannabis\u00f6l mit hohem THC-Gehalt 1 g Kartusche online - Best Global Meds","isPartOf":{"@id":"https:\/\/medicinasinc.com\/de\/#website"},"primaryImageOfPage":{"@id":"https:\/\/medicinasinc.com\/de\/product\/cannabisol-1g-kartusche-mit-hohem-thc-gehalt-online-kaufen\/#primaryimage"},"image":{"@id":"https:\/\/medicinasinc.com\/de\/product\/cannabisol-1g-kartusche-mit-hohem-thc-gehalt-online-kaufen\/#primaryimage"},"thumbnailUrl":"https:\/\/medicinasinc.com\/de\/wp-content\/uploads\/sites\/6\/2022\/02\/Buy-High-THC-Cannabis-Oil-1g-cartridge-online.jpg","datePublished":"2022-02-20T08:46:53+00:00","dateModified":"2022-03-18T00:57:05+00:00","description":"Kaufen Sie Marihuana\u00f6l mit hohem THC-Gehalt zum Verkauf in Gro\u00dfbritannien, Europa online. Kaufen Sie 100% reines THC-Cannabis\u00f6l zum Verkauf in den USA. Vollspektrum-Cannabis\u00f6l. THC-\u00d6l Krebs zu verkaufen. Potenz: 85 % THC &amp; 15 % CBD","breadcrumb":{"@id":"https:\/\/medicinasinc.com\/de\/product\/cannabisol-1g-kartusche-mit-hohem-thc-gehalt-online-kaufen\/#breadcrumb"},"inLanguage":"de","potentialAction":[{"@type":"ReadAction","target":["https:\/\/medicinasinc.com\/de\/product\/cannabisol-1g-kartusche-mit-hohem-thc-gehalt-online-kaufen\/"]}]},{"@type":"ImageObject","inLanguage":"de","@id":"https:\/\/medicinasinc.com\/de\/product\/cannabisol-1g-kartusche-mit-hohem-thc-gehalt-online-kaufen\/#primaryimage","url":"https:\/\/medicinasinc.com\/de\/wp-content\/uploads\/sites\/6\/2022\/02\/Buy-High-THC-Cannabis-Oil-1g-cartridge-online.jpg","contentUrl":"https:\/\/medicinasinc.com\/de\/wp-content\/uploads\/sites\/6\/2022\/02\/Buy-High-THC-Cannabis-Oil-1g-cartridge-online.jpg","width":600,"height":600},{"@type":"BreadcrumbList","@id":"https:\/\/medicinasinc.com\/de\/product\/cannabisol-1g-kartusche-mit-hohem-thc-gehalt-online-kaufen\/#breadcrumb","itemListElement":[{"@type":"ListItem","position":1,"name":"Einkaufen","item":"https:\/\/medicinasinc.com\/de\/einkaufen\/"},{"@type":"ListItem","position":2,"name":"Kaufen Sie Cannabis\u00f6l mit hohem THC-Gehalt 1 g Kartusche online"}]},{"@type":"WebSite","@id":"https:\/\/medicinasinc.com\/de\/#website","url":"https:\/\/medicinasinc.com\/de\/","name":"Medicinas Inc","description":"Health Medical Clinic","potentialAction":[{"@type":"SearchAction","target":{"@type":"EntryPoint","urlTemplate":"https:\/\/medicinasinc.com\/de\/?s={search_term_string}"},"query-input":{"@type":"PropertyValueSpecification","valueRequired":true,"valueName":"search_term_string"}}],"inLanguage":"de"}]}},"_links":{"self":[{"href":"https:\/\/medicinasinc.com\/de\/wp-json\/wp\/v2\/product\/4388","targetHints":{"allow":["GET"]}}],"collection":[{"href":"https:\/\/medicinasinc.com\/de\/wp-json\/wp\/v2\/product"}],"about":[{"href":"https:\/\/medicinasinc.com\/de\/wp-json\/wp\/v2\/types\/product"}],"replies":[{"embeddable":true,"href":"https:\/\/medicinasinc.com\/de\/wp-json\/wp\/v2\/comments?post=4388"}],"wp:featuredmedia":[{"embeddable":true,"href":"https:\/\/medicinasinc.com\/de\/wp-json\/wp\/v2\/media\/4423"}],"wp:attachment":[{"href":"https:\/\/medicinasinc.com\/de\/wp-json\/wp\/v2\/media?parent=4388"}],"wp:term":[{"taxonomy":"product_brand","embeddable":true,"href":"https:\/\/medicinasinc.com\/de\/wp-json\/wp\/v2\/product_brand?post=4388"},{"taxonomy":"product_cat","embeddable":true,"href":"https:\/\/medicinasinc.com\/de\/wp-json\/wp\/v2\/product_cat?post=4388"},{"taxonomy":"product_tag","embeddable":true,"href":"https:\/\/medicinasinc.com\/de\/wp-json\/wp\/v2\/product_tag?post=4388"}],"curies":[{"name":"wp","href":"https:\/\/api.w.org\/{rel}","templated":true}]}}