{"id":4375,"date":"2022-02-20T08:40:25","date_gmt":"2022-02-20T08:40:25","guid":{"rendered":"https:\/\/medicinasinc.com\/de\/?post_type=product&#038;p=4375"},"modified":"2022-03-18T00:57:14","modified_gmt":"2022-03-18T00:57:14","slug":"kaufe-hoch-cbd-premium-co2-extrahiertes-ol","status":"publish","type":"product","link":"https:\/\/medicinasinc.com\/de\/product\/kaufe-hoch-cbd-premium-co2-extrahiertes-ol\/","title":{"rendered":"Kaufen Sie CBD-reiches Premium-CO2-extrahiertes \u00d6l"},"content":{"rendered":"<p>Kaufen Sie Premium-CO2-extrahiertes \u00d6l mit hohem CBD-Gehalt online in den Vereinigten Staaten von Amerika.<\/p>\n<p>Kaufen Sie Premium-CO2-extrahiertes \u00d6l mit hohem CBD-Gehalt online in den Vereinigten Staaten von Amerika.<\/p>\n<p>Die Cannabinoide sind mit CO2 extrahiert. Dies scheint zu einem \u00d6l zu f\u00fchren, das viel angenehmer zu inhalieren und frei von Sch\u00e4rfe ist.<br \/> Diese Medikamentencharge stammt von ACDC, einer Cannabissorte, die f\u00fcr ihren hohen CBD-Gehalt bekannt ist.<\/p>\n","protected":false},"excerpt":{"rendered":"<p>Kaufen Sie CO2-extrahiertes Premium-\u00d6l mit hohem CBD-Gehalt zum Verkauf in Gro\u00dfbritannien, Europa online. Gesamte aktive Cannabinoide 80 % THC: 24 % CBD: 56 % CO2-Extraktions-Marihuana\u00f6l-Kartusche.<\/p>\n<h3>Kaufen Sie THC-Cannabis\u00f6l-Kartuschen<\/h3>\n<p>Produktpreis: pro 5 Kartusche<br \/> <strong>Die Mindestbestellmenge betr\u00e4gt: 5 Kartuschen<\/strong><\/p>\n","protected":false},"featured_media":4411,"comment_status":"open","ping_status":"closed","template":"","meta":[],"product_brand":[],"product_cat":[440],"product_tag":[],"class_list":{"0":"post-4375","1":"product","2":"type-product","3":"status-publish","4":"has-post-thumbnail","6":"product_cat-kaufen-cannabis-cbd-ol","8":"first","9":"instock","10":"shipping-taxable","11":"purchasable","12":"product-type-variable","13":"has-default-attributes"},"yoast_head":"<!-- This site is optimized with the Yoast SEO plugin v27.3 - https:\/\/yoast.com\/product\/yoast-seo-wordpress\/ -->\n<title>Kaufen Sie CBD-reiches Premium-CO2-extrahiertes \u00d6l - Best Global Meds<\/title>\n<meta name=\"description\" content=\"Kaufen Sie CBD-reiches Premium-CO2-extrahiertes \u00d6l zum Verkauf in Gro\u00dfbritannien, Europa online. Aktive Cannabinoide insgesamt 80 % THC: 24 % CBD: 56 % CO2-Extraktions-Marihuana-\u00d6lkartusche.\" \/>\n<meta name=\"robots\" content=\"index, follow, max-snippet:-1, max-image-preview:large, max-video-preview:-1\" \/>\n<link rel=\"canonical\" href=\"https:\/\/medicinasinc.com\/de\/product\/kaufe-hoch-cbd-premium-co2-extrahiertes-ol\/\" \/>\n<meta property=\"og:locale\" content=\"de_DE\" \/>\n<meta property=\"og:type\" content=\"article\" \/>\n<meta property=\"og:title\" content=\"Kaufen Sie CBD-reiches Premium-CO2-extrahiertes \u00d6l - Best Global Meds\" \/>\n<meta property=\"og:description\" content=\"Kaufen Sie CBD-reiches Premium-CO2-extrahiertes \u00d6l zum Verkauf in Gro\u00dfbritannien, Europa online. Aktive Cannabinoide insgesamt 80 % THC: 24 % CBD: 56 % CO2-Extraktions-Marihuana-\u00d6lkartusche.\" \/>\n<meta property=\"og:url\" content=\"https:\/\/medicinasinc.com\/de\/product\/kaufe-hoch-cbd-premium-co2-extrahiertes-ol\/\" \/>\n<meta property=\"og:site_name\" content=\"Medicinas Inc\" \/>\n<meta property=\"article:modified_time\" content=\"2022-03-18T00:57:14+00:00\" \/>\n<meta property=\"og:image\" content=\"https:\/\/medicinasinc.com\/de\/wp-content\/uploads\/sites\/6\/2022\/02\/Buy-High-CBD-Premium-CO2-Extracted-Oil.jpg\" \/>\n\t<meta property=\"og:image:width\" content=\"770\" \/>\n\t<meta property=\"og:image:height\" content=\"686\" \/>\n\t<meta property=\"og:image:type\" content=\"image\/jpeg\" \/>\n<meta name=\"twitter:card\" content=\"summary_large_image\" \/>\n<meta name=\"twitter:label1\" content=\"Gesch\u00e4tzte Lesezeit\" \/>\n\t<meta name=\"twitter:data1\" content=\"1\u00a0Minute\" \/>\n<script type=\"application\/ld+json\" class=\"yoast-schema-graph\">{\"@context\":\"https:\\\/\\\/schema.org\",\"@graph\":[{\"@type\":\"WebPage\",\"@id\":\"https:\\\/\\\/medicinasinc.com\\\/de\\\/product\\\/kaufe-hoch-cbd-premium-co2-extrahiertes-ol\\\/\",\"url\":\"https:\\\/\\\/medicinasinc.com\\\/de\\\/product\\\/kaufe-hoch-cbd-premium-co2-extrahiertes-ol\\\/\",\"name\":\"Kaufen Sie CBD-reiches Premium-CO2-extrahiertes \u00d6l - Best Global Meds\",\"isPartOf\":{\"@id\":\"https:\\\/\\\/medicinasinc.com\\\/de\\\/#website\"},\"primaryImageOfPage\":{\"@id\":\"https:\\\/\\\/medicinasinc.com\\\/de\\\/product\\\/kaufe-hoch-cbd-premium-co2-extrahiertes-ol\\\/#primaryimage\"},\"image\":{\"@id\":\"https:\\\/\\\/medicinasinc.com\\\/de\\\/product\\\/kaufe-hoch-cbd-premium-co2-extrahiertes-ol\\\/#primaryimage\"},\"thumbnailUrl\":\"https:\\\/\\\/medicinasinc.com\\\/de\\\/wp-content\\\/uploads\\\/sites\\\/6\\\/2022\\\/02\\\/Buy-High-CBD-Premium-CO2-Extracted-Oil.jpg\",\"datePublished\":\"2022-02-20T08:40:25+00:00\",\"dateModified\":\"2022-03-18T00:57:14+00:00\",\"description\":\"Kaufen Sie CBD-reiches Premium-CO2-extrahiertes \u00d6l zum Verkauf in Gro\u00dfbritannien, Europa online. Aktive Cannabinoide insgesamt 80 % THC: 24 % CBD: 56 % CO2-Extraktions-Marihuana-\u00d6lkartusche.\",\"breadcrumb\":{\"@id\":\"https:\\\/\\\/medicinasinc.com\\\/de\\\/product\\\/kaufe-hoch-cbd-premium-co2-extrahiertes-ol\\\/#breadcrumb\"},\"inLanguage\":\"de\",\"potentialAction\":[{\"@type\":\"ReadAction\",\"target\":[\"https:\\\/\\\/medicinasinc.com\\\/de\\\/product\\\/kaufe-hoch-cbd-premium-co2-extrahiertes-ol\\\/\"]}]},{\"@type\":\"ImageObject\",\"inLanguage\":\"de\",\"@id\":\"https:\\\/\\\/medicinasinc.com\\\/de\\\/product\\\/kaufe-hoch-cbd-premium-co2-extrahiertes-ol\\\/#primaryimage\",\"url\":\"https:\\\/\\\/medicinasinc.com\\\/de\\\/wp-content\\\/uploads\\\/sites\\\/6\\\/2022\\\/02\\\/Buy-High-CBD-Premium-CO2-Extracted-Oil.jpg\",\"contentUrl\":\"https:\\\/\\\/medicinasinc.com\\\/de\\\/wp-content\\\/uploads\\\/sites\\\/6\\\/2022\\\/02\\\/Buy-High-CBD-Premium-CO2-Extracted-Oil.jpg\",\"width\":770,\"height\":686},{\"@type\":\"BreadcrumbList\",\"@id\":\"https:\\\/\\\/medicinasinc.com\\\/de\\\/product\\\/kaufe-hoch-cbd-premium-co2-extrahiertes-ol\\\/#breadcrumb\",\"itemListElement\":[{\"@type\":\"ListItem\",\"position\":1,\"name\":\"Einkaufen\",\"item\":\"https:\\\/\\\/medicinasinc.com\\\/de\\\/einkaufen\\\/\"},{\"@type\":\"ListItem\",\"position\":2,\"name\":\"Kaufen Sie CBD-reiches Premium-CO2-extrahiertes \u00d6l\"}]},{\"@type\":\"WebSite\",\"@id\":\"https:\\\/\\\/medicinasinc.com\\\/de\\\/#website\",\"url\":\"https:\\\/\\\/medicinasinc.com\\\/de\\\/\",\"name\":\"Medicinas Inc\",\"description\":\"Health Medical Clinic\",\"potentialAction\":[{\"@type\":\"SearchAction\",\"target\":{\"@type\":\"EntryPoint\",\"urlTemplate\":\"https:\\\/\\\/medicinasinc.com\\\/de\\\/?s={search_term_string}\"},\"query-input\":{\"@type\":\"PropertyValueSpecification\",\"valueRequired\":true,\"valueName\":\"search_term_string\"}}],\"inLanguage\":\"de\"}]}<\/script>\n<!-- \/ Yoast SEO plugin. -->","yoast_head_json":{"title":"Kaufen Sie CBD-reiches Premium-CO2-extrahiertes \u00d6l - Best Global Meds","description":"Kaufen Sie CBD-reiches Premium-CO2-extrahiertes \u00d6l zum Verkauf in Gro\u00dfbritannien, Europa online. Aktive Cannabinoide insgesamt 80 % THC: 24 % CBD: 56 % CO2-Extraktions-Marihuana-\u00d6lkartusche.","robots":{"index":"index","follow":"follow","max-snippet":"max-snippet:-1","max-image-preview":"max-image-preview:large","max-video-preview":"max-video-preview:-1"},"canonical":"https:\/\/medicinasinc.com\/de\/product\/kaufe-hoch-cbd-premium-co2-extrahiertes-ol\/","og_locale":"de_DE","og_type":"article","og_title":"Kaufen Sie CBD-reiches Premium-CO2-extrahiertes \u00d6l - Best Global Meds","og_description":"Kaufen Sie CBD-reiches Premium-CO2-extrahiertes \u00d6l zum Verkauf in Gro\u00dfbritannien, Europa online. Aktive Cannabinoide insgesamt 80 % THC: 24 % CBD: 56 % CO2-Extraktions-Marihuana-\u00d6lkartusche.","og_url":"https:\/\/medicinasinc.com\/de\/product\/kaufe-hoch-cbd-premium-co2-extrahiertes-ol\/","og_site_name":"Medicinas Inc","article_modified_time":"2022-03-18T00:57:14+00:00","og_image":[{"width":770,"height":686,"url":"https:\/\/medicinasinc.com\/de\/wp-content\/uploads\/sites\/6\/2022\/02\/Buy-High-CBD-Premium-CO2-Extracted-Oil.jpg","type":"image\/jpeg"}],"twitter_card":"summary_large_image","twitter_misc":{"Gesch\u00e4tzte Lesezeit":"1\u00a0Minute"},"schema":{"@context":"https:\/\/schema.org","@graph":[{"@type":"WebPage","@id":"https:\/\/medicinasinc.com\/de\/product\/kaufe-hoch-cbd-premium-co2-extrahiertes-ol\/","url":"https:\/\/medicinasinc.com\/de\/product\/kaufe-hoch-cbd-premium-co2-extrahiertes-ol\/","name":"Kaufen Sie CBD-reiches Premium-CO2-extrahiertes \u00d6l - Best Global Meds","isPartOf":{"@id":"https:\/\/medicinasinc.com\/de\/#website"},"primaryImageOfPage":{"@id":"https:\/\/medicinasinc.com\/de\/product\/kaufe-hoch-cbd-premium-co2-extrahiertes-ol\/#primaryimage"},"image":{"@id":"https:\/\/medicinasinc.com\/de\/product\/kaufe-hoch-cbd-premium-co2-extrahiertes-ol\/#primaryimage"},"thumbnailUrl":"https:\/\/medicinasinc.com\/de\/wp-content\/uploads\/sites\/6\/2022\/02\/Buy-High-CBD-Premium-CO2-Extracted-Oil.jpg","datePublished":"2022-02-20T08:40:25+00:00","dateModified":"2022-03-18T00:57:14+00:00","description":"Kaufen Sie CBD-reiches Premium-CO2-extrahiertes \u00d6l zum Verkauf in Gro\u00dfbritannien, Europa online. Aktive Cannabinoide insgesamt 80 % THC: 24 % CBD: 56 % CO2-Extraktions-Marihuana-\u00d6lkartusche.","breadcrumb":{"@id":"https:\/\/medicinasinc.com\/de\/product\/kaufe-hoch-cbd-premium-co2-extrahiertes-ol\/#breadcrumb"},"inLanguage":"de","potentialAction":[{"@type":"ReadAction","target":["https:\/\/medicinasinc.com\/de\/product\/kaufe-hoch-cbd-premium-co2-extrahiertes-ol\/"]}]},{"@type":"ImageObject","inLanguage":"de","@id":"https:\/\/medicinasinc.com\/de\/product\/kaufe-hoch-cbd-premium-co2-extrahiertes-ol\/#primaryimage","url":"https:\/\/medicinasinc.com\/de\/wp-content\/uploads\/sites\/6\/2022\/02\/Buy-High-CBD-Premium-CO2-Extracted-Oil.jpg","contentUrl":"https:\/\/medicinasinc.com\/de\/wp-content\/uploads\/sites\/6\/2022\/02\/Buy-High-CBD-Premium-CO2-Extracted-Oil.jpg","width":770,"height":686},{"@type":"BreadcrumbList","@id":"https:\/\/medicinasinc.com\/de\/product\/kaufe-hoch-cbd-premium-co2-extrahiertes-ol\/#breadcrumb","itemListElement":[{"@type":"ListItem","position":1,"name":"Einkaufen","item":"https:\/\/medicinasinc.com\/de\/einkaufen\/"},{"@type":"ListItem","position":2,"name":"Kaufen Sie CBD-reiches Premium-CO2-extrahiertes \u00d6l"}]},{"@type":"WebSite","@id":"https:\/\/medicinasinc.com\/de\/#website","url":"https:\/\/medicinasinc.com\/de\/","name":"Medicinas Inc","description":"Health Medical Clinic","potentialAction":[{"@type":"SearchAction","target":{"@type":"EntryPoint","urlTemplate":"https:\/\/medicinasinc.com\/de\/?s={search_term_string}"},"query-input":{"@type":"PropertyValueSpecification","valueRequired":true,"valueName":"search_term_string"}}],"inLanguage":"de"}]}},"_links":{"self":[{"href":"https:\/\/medicinasinc.com\/de\/wp-json\/wp\/v2\/product\/4375","targetHints":{"allow":["GET"]}}],"collection":[{"href":"https:\/\/medicinasinc.com\/de\/wp-json\/wp\/v2\/product"}],"about":[{"href":"https:\/\/medicinasinc.com\/de\/wp-json\/wp\/v2\/types\/product"}],"replies":[{"embeddable":true,"href":"https:\/\/medicinasinc.com\/de\/wp-json\/wp\/v2\/comments?post=4375"}],"wp:featuredmedia":[{"embeddable":true,"href":"https:\/\/medicinasinc.com\/de\/wp-json\/wp\/v2\/media\/4411"}],"wp:attachment":[{"href":"https:\/\/medicinasinc.com\/de\/wp-json\/wp\/v2\/media?parent=4375"}],"wp:term":[{"taxonomy":"product_brand","embeddable":true,"href":"https:\/\/medicinasinc.com\/de\/wp-json\/wp\/v2\/product_brand?post=4375"},{"taxonomy":"product_cat","embeddable":true,"href":"https:\/\/medicinasinc.com\/de\/wp-json\/wp\/v2\/product_cat?post=4375"},{"taxonomy":"product_tag","embeddable":true,"href":"https:\/\/medicinasinc.com\/de\/wp-json\/wp\/v2\/product_tag?post=4375"}],"curies":[{"name":"wp","href":"https:\/\/api.w.org\/{rel}","templated":true}]}}