{"id":4374,"date":"2022-02-20T08:40:15","date_gmt":"2022-02-20T08:40:15","guid":{"rendered":"https:\/\/medicinasinc.com\/de\/?post_type=product&#038;p=4374"},"modified":"2022-03-18T00:57:27","modified_gmt":"2022-03-18T00:57:27","slug":"kaufen-harlekin-co2-ol-1g-kartusche","status":"publish","type":"product","link":"https:\/\/medicinasinc.com\/de\/product\/kaufen-harlekin-co2-ol-1g-kartusche\/","title":{"rendered":"Kaufen Sie Harlequin CO2 Oil 1g Kartusche"},"content":{"rendered":"<p>Online-Kauf von Harlequin CO2 Oil 1g Kartusche.<\/p>\n<p>Online-Kauf von Harlequin CO2 Oil 1g Kartusche.<\/p>\n<p>Online-Kauf von Harlequin CO2 Oil Kartuschen. 13,02 Prozent THCA | 6,54 Prozent THC | 49,10 Prozent CBDA | 5,35 Prozent CBD<\/p>\n<p>Harlequin ist eine leicht psychoaktive Sativa-dominante Sorte mit ger\u00f6steten N\u00fcssen, Schokolade und vor allem nach Kirschen duftenden Bl\u00fcten. Harlequin ist eine CBD-reiche Sorte mit vernachl\u00e4ssigbarer Psychoaktivit\u00e4t und analgetischen Eigenschaften. Harlequin wird h\u00e4ufig zur Behandlung von Schmerzen eingesetzt und eignet sich aufgrund seines hohen CBD-Gehalts und seiner beruhigenden Wirkung f\u00fcr den Tagesgebrauch.<\/p>\n<p>COLOMBIAN GOLD + NEPALI + THAI + SWISS LANRACE LINEAGE<\/p>\n<p>EARTH \u2013 W\u00dcRZIG \u2013 HOLZIG \u2013 MANGOAROMEN<\/p>\n<p>SCHMERZ \u2013 STRESS \u2013 ENTZ\u00dcNDUNG \u2013 DEPRESSION \u2013 \u00dcBELKEIT \u2013 MEDIZIN<\/p>\n<p>ERHOBEN \u2013 ENTSPANNT \u2013 SANFTE \u2013 FOKUSSIERT \u2013 ALLGEMEIN GL\u00dcCKLICH\/p<\/p>\n","protected":false},"excerpt":{"rendered":"<p>Kaufen Sie Harlekin Co2-Patronen zum Verkauf, Harlekin-Vape-Patrone, Harlekin-Cbd-Vape-Patrone, &#8230; Kaufen Sie THC Vape Pen Oil Cartridges, THC Cartridges zum Verkauf online. Kaufen Sie Harlequin CO2 Oil 1g Kartusche online. UK THC Kartuschen zum Verkauf. Kaufen Sie CO2-Vape-\u00d6lkartuschen.<\/p>\n<h2>Kaufen Sie THC-Cannabis\u00f6lkartuschen<\/h2>\n<p>Der Produktpreis betr\u00e4gt: pro 1-g-Kartusche<br \/> <strong>Die Mindestbestellmenge betr\u00e4gt: 5 Kartuschen<\/p>\n","protected":false},"featured_media":4409,"comment_status":"open","ping_status":"closed","template":"","meta":[],"product_brand":[],"product_cat":[440],"product_tag":[],"class_list":{"0":"post-4374","1":"product","2":"type-product","3":"status-publish","4":"has-post-thumbnail","6":"product_cat-kaufen-cannabis-cbd-ol","8":"first","9":"instock","10":"shipping-taxable","11":"purchasable","12":"product-type-variable","13":"has-default-attributes"},"yoast_head":"<!-- This site is optimized with the Yoast SEO plugin v27.3 - https:\/\/yoast.com\/product\/yoast-seo-wordpress\/ -->\n<title>Kaufen Sie Harlequin CO2 Oil 1g Kartusche online - Best Global Meds<\/title>\n<meta name=\"description\" content=\"Kaufen Sie Harlekin-Co2-Patronen zum Verkauf, Harlekin-Vape-Patrone, Harlekin-Cbd-Vape-Patrone, ... Kaufen Sie THC-Vape-Pen-\u00d6lpatronen, THC-Patronen zum Verkauf online. Kaufen Sie Harlequin CO2 Oil 1g Kartusche online. UK THC Kartuschen zum Verkauf. CO2-Vape-\u00d6lkartuschen kaufen.\" \/>\n<meta name=\"robots\" content=\"index, follow, max-snippet:-1, max-image-preview:large, max-video-preview:-1\" \/>\n<link rel=\"canonical\" href=\"https:\/\/medicinasinc.com\/de\/product\/kaufen-harlekin-co2-ol-1g-kartusche\/\" \/>\n<meta property=\"og:locale\" content=\"de_DE\" \/>\n<meta property=\"og:type\" content=\"article\" \/>\n<meta property=\"og:title\" content=\"Kaufen Sie Harlequin CO2 Oil 1g Kartusche online - Best Global Meds\" \/>\n<meta property=\"og:description\" content=\"Kaufen Sie Harlekin-Co2-Patronen zum Verkauf, Harlekin-Vape-Patrone, Harlekin-Cbd-Vape-Patrone, ... Kaufen Sie THC-Vape-Pen-\u00d6lpatronen, THC-Patronen zum Verkauf online. Kaufen Sie Harlequin CO2 Oil 1g Kartusche online. UK THC Kartuschen zum Verkauf. CO2-Vape-\u00d6lkartuschen kaufen.\" \/>\n<meta property=\"og:url\" content=\"https:\/\/medicinasinc.com\/de\/product\/kaufen-harlekin-co2-ol-1g-kartusche\/\" \/>\n<meta property=\"og:site_name\" content=\"Medicinas Inc\" \/>\n<meta property=\"article:modified_time\" content=\"2022-03-18T00:57:27+00:00\" \/>\n<meta property=\"og:image\" content=\"https:\/\/medicinasinc.com\/de\/wp-content\/uploads\/sites\/6\/2022\/02\/Buy-Harlequin-CO2-Oil-1g-Cartridge-Online.jpg\" \/>\n\t<meta property=\"og:image:width\" content=\"600\" \/>\n\t<meta property=\"og:image:height\" content=\"600\" \/>\n\t<meta property=\"og:image:type\" content=\"image\/jpeg\" \/>\n<meta name=\"twitter:card\" content=\"summary_large_image\" \/>\n<meta name=\"twitter:label1\" content=\"Gesch\u00e4tzte Lesezeit\" \/>\n\t<meta name=\"twitter:data1\" content=\"1\u00a0Minute\" \/>\n<script type=\"application\/ld+json\" class=\"yoast-schema-graph\">{\"@context\":\"https:\\\/\\\/schema.org\",\"@graph\":[{\"@type\":\"WebPage\",\"@id\":\"https:\\\/\\\/medicinasinc.com\\\/de\\\/product\\\/kaufen-harlekin-co2-ol-1g-kartusche\\\/\",\"url\":\"https:\\\/\\\/medicinasinc.com\\\/de\\\/product\\\/kaufen-harlekin-co2-ol-1g-kartusche\\\/\",\"name\":\"Kaufen Sie Harlequin CO2 Oil 1g Kartusche online - Best Global Meds\",\"isPartOf\":{\"@id\":\"https:\\\/\\\/medicinasinc.com\\\/de\\\/#website\"},\"primaryImageOfPage\":{\"@id\":\"https:\\\/\\\/medicinasinc.com\\\/de\\\/product\\\/kaufen-harlekin-co2-ol-1g-kartusche\\\/#primaryimage\"},\"image\":{\"@id\":\"https:\\\/\\\/medicinasinc.com\\\/de\\\/product\\\/kaufen-harlekin-co2-ol-1g-kartusche\\\/#primaryimage\"},\"thumbnailUrl\":\"https:\\\/\\\/medicinasinc.com\\\/de\\\/wp-content\\\/uploads\\\/sites\\\/6\\\/2022\\\/02\\\/Buy-Harlequin-CO2-Oil-1g-Cartridge-Online.jpg\",\"datePublished\":\"2022-02-20T08:40:15+00:00\",\"dateModified\":\"2022-03-18T00:57:27+00:00\",\"description\":\"Kaufen Sie Harlekin-Co2-Patronen zum Verkauf, Harlekin-Vape-Patrone, Harlekin-Cbd-Vape-Patrone, ... Kaufen Sie THC-Vape-Pen-\u00d6lpatronen, THC-Patronen zum Verkauf online. Kaufen Sie Harlequin CO2 Oil 1g Kartusche online. UK THC Kartuschen zum Verkauf. CO2-Vape-\u00d6lkartuschen kaufen.\",\"breadcrumb\":{\"@id\":\"https:\\\/\\\/medicinasinc.com\\\/de\\\/product\\\/kaufen-harlekin-co2-ol-1g-kartusche\\\/#breadcrumb\"},\"inLanguage\":\"de\",\"potentialAction\":[{\"@type\":\"ReadAction\",\"target\":[\"https:\\\/\\\/medicinasinc.com\\\/de\\\/product\\\/kaufen-harlekin-co2-ol-1g-kartusche\\\/\"]}]},{\"@type\":\"ImageObject\",\"inLanguage\":\"de\",\"@id\":\"https:\\\/\\\/medicinasinc.com\\\/de\\\/product\\\/kaufen-harlekin-co2-ol-1g-kartusche\\\/#primaryimage\",\"url\":\"https:\\\/\\\/medicinasinc.com\\\/de\\\/wp-content\\\/uploads\\\/sites\\\/6\\\/2022\\\/02\\\/Buy-Harlequin-CO2-Oil-1g-Cartridge-Online.jpg\",\"contentUrl\":\"https:\\\/\\\/medicinasinc.com\\\/de\\\/wp-content\\\/uploads\\\/sites\\\/6\\\/2022\\\/02\\\/Buy-Harlequin-CO2-Oil-1g-Cartridge-Online.jpg\",\"width\":600,\"height\":600},{\"@type\":\"BreadcrumbList\",\"@id\":\"https:\\\/\\\/medicinasinc.com\\\/de\\\/product\\\/kaufen-harlekin-co2-ol-1g-kartusche\\\/#breadcrumb\",\"itemListElement\":[{\"@type\":\"ListItem\",\"position\":1,\"name\":\"Einkaufen\",\"item\":\"https:\\\/\\\/medicinasinc.com\\\/de\\\/einkaufen\\\/\"},{\"@type\":\"ListItem\",\"position\":2,\"name\":\"Kaufen Sie Harlequin CO2 Oil 1g Kartusche\"}]},{\"@type\":\"WebSite\",\"@id\":\"https:\\\/\\\/medicinasinc.com\\\/de\\\/#website\",\"url\":\"https:\\\/\\\/medicinasinc.com\\\/de\\\/\",\"name\":\"Medicinas Inc\",\"description\":\"Health Medical Clinic\",\"potentialAction\":[{\"@type\":\"SearchAction\",\"target\":{\"@type\":\"EntryPoint\",\"urlTemplate\":\"https:\\\/\\\/medicinasinc.com\\\/de\\\/?s={search_term_string}\"},\"query-input\":{\"@type\":\"PropertyValueSpecification\",\"valueRequired\":true,\"valueName\":\"search_term_string\"}}],\"inLanguage\":\"de\"}]}<\/script>\n<!-- \/ Yoast SEO plugin. -->","yoast_head_json":{"title":"Kaufen Sie Harlequin CO2 Oil 1g Kartusche online - Best Global Meds","description":"Kaufen Sie Harlekin-Co2-Patronen zum Verkauf, Harlekin-Vape-Patrone, Harlekin-Cbd-Vape-Patrone, ... Kaufen Sie THC-Vape-Pen-\u00d6lpatronen, THC-Patronen zum Verkauf online. Kaufen Sie Harlequin CO2 Oil 1g Kartusche online. UK THC Kartuschen zum Verkauf. CO2-Vape-\u00d6lkartuschen kaufen.","robots":{"index":"index","follow":"follow","max-snippet":"max-snippet:-1","max-image-preview":"max-image-preview:large","max-video-preview":"max-video-preview:-1"},"canonical":"https:\/\/medicinasinc.com\/de\/product\/kaufen-harlekin-co2-ol-1g-kartusche\/","og_locale":"de_DE","og_type":"article","og_title":"Kaufen Sie Harlequin CO2 Oil 1g Kartusche online - Best Global Meds","og_description":"Kaufen Sie Harlekin-Co2-Patronen zum Verkauf, Harlekin-Vape-Patrone, Harlekin-Cbd-Vape-Patrone, ... Kaufen Sie THC-Vape-Pen-\u00d6lpatronen, THC-Patronen zum Verkauf online. Kaufen Sie Harlequin CO2 Oil 1g Kartusche online. UK THC Kartuschen zum Verkauf. CO2-Vape-\u00d6lkartuschen kaufen.","og_url":"https:\/\/medicinasinc.com\/de\/product\/kaufen-harlekin-co2-ol-1g-kartusche\/","og_site_name":"Medicinas Inc","article_modified_time":"2022-03-18T00:57:27+00:00","og_image":[{"width":600,"height":600,"url":"https:\/\/medicinasinc.com\/de\/wp-content\/uploads\/sites\/6\/2022\/02\/Buy-Harlequin-CO2-Oil-1g-Cartridge-Online.jpg","type":"image\/jpeg"}],"twitter_card":"summary_large_image","twitter_misc":{"Gesch\u00e4tzte Lesezeit":"1\u00a0Minute"},"schema":{"@context":"https:\/\/schema.org","@graph":[{"@type":"WebPage","@id":"https:\/\/medicinasinc.com\/de\/product\/kaufen-harlekin-co2-ol-1g-kartusche\/","url":"https:\/\/medicinasinc.com\/de\/product\/kaufen-harlekin-co2-ol-1g-kartusche\/","name":"Kaufen Sie Harlequin CO2 Oil 1g Kartusche online - Best Global Meds","isPartOf":{"@id":"https:\/\/medicinasinc.com\/de\/#website"},"primaryImageOfPage":{"@id":"https:\/\/medicinasinc.com\/de\/product\/kaufen-harlekin-co2-ol-1g-kartusche\/#primaryimage"},"image":{"@id":"https:\/\/medicinasinc.com\/de\/product\/kaufen-harlekin-co2-ol-1g-kartusche\/#primaryimage"},"thumbnailUrl":"https:\/\/medicinasinc.com\/de\/wp-content\/uploads\/sites\/6\/2022\/02\/Buy-Harlequin-CO2-Oil-1g-Cartridge-Online.jpg","datePublished":"2022-02-20T08:40:15+00:00","dateModified":"2022-03-18T00:57:27+00:00","description":"Kaufen Sie Harlekin-Co2-Patronen zum Verkauf, Harlekin-Vape-Patrone, Harlekin-Cbd-Vape-Patrone, ... Kaufen Sie THC-Vape-Pen-\u00d6lpatronen, THC-Patronen zum Verkauf online. Kaufen Sie Harlequin CO2 Oil 1g Kartusche online. UK THC Kartuschen zum Verkauf. CO2-Vape-\u00d6lkartuschen kaufen.","breadcrumb":{"@id":"https:\/\/medicinasinc.com\/de\/product\/kaufen-harlekin-co2-ol-1g-kartusche\/#breadcrumb"},"inLanguage":"de","potentialAction":[{"@type":"ReadAction","target":["https:\/\/medicinasinc.com\/de\/product\/kaufen-harlekin-co2-ol-1g-kartusche\/"]}]},{"@type":"ImageObject","inLanguage":"de","@id":"https:\/\/medicinasinc.com\/de\/product\/kaufen-harlekin-co2-ol-1g-kartusche\/#primaryimage","url":"https:\/\/medicinasinc.com\/de\/wp-content\/uploads\/sites\/6\/2022\/02\/Buy-Harlequin-CO2-Oil-1g-Cartridge-Online.jpg","contentUrl":"https:\/\/medicinasinc.com\/de\/wp-content\/uploads\/sites\/6\/2022\/02\/Buy-Harlequin-CO2-Oil-1g-Cartridge-Online.jpg","width":600,"height":600},{"@type":"BreadcrumbList","@id":"https:\/\/medicinasinc.com\/de\/product\/kaufen-harlekin-co2-ol-1g-kartusche\/#breadcrumb","itemListElement":[{"@type":"ListItem","position":1,"name":"Einkaufen","item":"https:\/\/medicinasinc.com\/de\/einkaufen\/"},{"@type":"ListItem","position":2,"name":"Kaufen Sie Harlequin CO2 Oil 1g Kartusche"}]},{"@type":"WebSite","@id":"https:\/\/medicinasinc.com\/de\/#website","url":"https:\/\/medicinasinc.com\/de\/","name":"Medicinas Inc","description":"Health Medical Clinic","potentialAction":[{"@type":"SearchAction","target":{"@type":"EntryPoint","urlTemplate":"https:\/\/medicinasinc.com\/de\/?s={search_term_string}"},"query-input":{"@type":"PropertyValueSpecification","valueRequired":true,"valueName":"search_term_string"}}],"inLanguage":"de"}]}},"_links":{"self":[{"href":"https:\/\/medicinasinc.com\/de\/wp-json\/wp\/v2\/product\/4374","targetHints":{"allow":["GET"]}}],"collection":[{"href":"https:\/\/medicinasinc.com\/de\/wp-json\/wp\/v2\/product"}],"about":[{"href":"https:\/\/medicinasinc.com\/de\/wp-json\/wp\/v2\/types\/product"}],"replies":[{"embeddable":true,"href":"https:\/\/medicinasinc.com\/de\/wp-json\/wp\/v2\/comments?post=4374"}],"wp:featuredmedia":[{"embeddable":true,"href":"https:\/\/medicinasinc.com\/de\/wp-json\/wp\/v2\/media\/4409"}],"wp:attachment":[{"href":"https:\/\/medicinasinc.com\/de\/wp-json\/wp\/v2\/media?parent=4374"}],"wp:term":[{"taxonomy":"product_brand","embeddable":true,"href":"https:\/\/medicinasinc.com\/de\/wp-json\/wp\/v2\/product_brand?post=4374"},{"taxonomy":"product_cat","embeddable":true,"href":"https:\/\/medicinasinc.com\/de\/wp-json\/wp\/v2\/product_cat?post=4374"},{"taxonomy":"product_tag","embeddable":true,"href":"https:\/\/medicinasinc.com\/de\/wp-json\/wp\/v2\/product_tag?post=4374"}],"curies":[{"name":"wp","href":"https:\/\/api.w.org\/{rel}","templated":true}]}}