{"id":4367,"date":"2022-02-20T08:35:49","date_gmt":"2022-02-20T08:35:49","guid":{"rendered":"https:\/\/medicinasinc.com\/de\/?post_type=product&#038;p=4367"},"modified":"2022-03-18T00:57:37","modified_gmt":"2022-03-18T00:57:37","slug":"cannatonic-co2-olkartusche-kaufen","status":"publish","type":"product","link":"https:\/\/medicinasinc.com\/de\/product\/cannatonic-co2-olkartusche-kaufen\/","title":{"rendered":"Cannatonic CO2-\u00d6lkartusche kaufen"},"content":{"rendered":"<p>Kaufen Sie Rick Simpson Cannabis Oil 1g Kartuschen online in den Vereinigten Staaten von Amerika.<\/p>\n<p>Kaufen Sie Rick Simpson Cannabis Oil 1g Kartuschen online in den Vereinigten Staaten von Amerika.<\/p>\n<p>Nach dem Einweichen der feinstes Cannabis in reinem Naphtha oder Isopropylalkohol, therapeutische Verbindungen werden aus der Pflanze extrahiert und hinterlassen eine teerartige Fl\u00fcssigkeit, wenn das L\u00f6sungsmittel vollst\u00e4ndig verdunstet ist. Wir beziehen ein hochwertiges Rick Simpson Cannabis\u00f6l. Dies kann oral eingenommen oder direkt auf die Haut aufgetragen werden.<\/p>\n<p>Washington, DC, Rick-Simpson-\u00d6l<\/p>\n<p>Rick-Simpson-\u00d6l ist eine aus Cannabis gewonnene verdampfte L\u00f6sung. F\u00fcr viele Menschen war es ein Ausweg aus dem Krebs. Au\u00dferdem wird das \u00d6l als Rick-Simpson-Hanf\u00f6l und Rick-Simpson-Cannabis\u00f6l bezeichnet.<\/p>\n<p>Wenn Sie sich mit Marihuana f\u00fcr medizinische Zwecke befasst haben, sind Sie vielleicht auf Rick-Simpson-\u00d6l gesto\u00dfen. RSO ist ein einzigartiger Cannabisextrakt, der seinen Namen von einem Mann namens, Sie haben es erraten, Rick Simpson, erhalten hat.<\/p>\n<p>Es ist ein extrem potenter Cannabisextrakt mit hohen Konzentrationen an THC, dem psychoaktiven Stoff Bestandteil von Cannabis. Das \u00d6l wird durch Konzentrieren des THC-Gehalts getrockneter Indikatorbl\u00fcten mit einem aufl\u00f6sbaren Mittel hergestellt. Indica wird aufgrund ihrer beruhigenden Wirkung anderen Sorten vorgezogen. Aufgrund der hohen Konzentration an Pflanzenmaterial und dem Fehlen von Transporter\u00f6len ist das resultierende \u00d6l von dunkler, erdiger Farbe und dickfl\u00fcssig, im Gegensatz zu den zahlreichen Konzentraten, an die wir gew\u00f6hnt sind.<\/p>\n<p>Das \u00d6l wurde darin entdeckt 2003. Rick Simpson wurde mit einer Art Hautkrebs diagnostiziert und wandte sich zur Behandlung Cannabis zu. K\u00fcrzlich erkundigte er sich, ob Cannabis bei seinen verschiedenen Beschwerden helfen k\u00f6nne, nur um auf Unzufriedenheit zu sto\u00dfen. Er suchte die Pflanze selbst auf und glaubte, sie beruhige seine Anzeichen. Als ihm klar wurde, dass er Krebs hatte, \u00fcberpr\u00fcfte er eine Untersuchung, die herausfand, dass Cannabis Tumore bei M\u00e4usen schrumpfen lassen konnte, und entschied sich f\u00fcr eine effektive Cannabisanordnung.<\/p>\n<p>Vier Tage lang trug er Cannabiskonzentrate auf Gaze auf und bedeckte seine Tumore. Als er die Schwaden beseitigte, verschwanden die Tumore. Diese Offenbarung veranlasste die Gr\u00fcndung von Rick Simpson Oil. Jedenfalls begann er damit, seine Einsichten zu teilen, indem er Cannabis erntete und \u00d6l f\u00fcr andere produzierte, die benachteiligt waren, bevor sie auf rechtliche Schwierigkeiten stie\u00dfen. Im Moment ermutigt Rick Simpson andere, ihr eigenes \u00d6l herzustellen, und stellt Richtlinien zur Verf\u00fcgung.<\/p>\n<p>Wenn Sie nach dem besten \u00d6l der Welt suchen, ist Rick Simpson Oil Washington Ihre beste Wahl. Wir versorgen Washington mit reinem Rick-Simpson-\u00d6l. Bestellen Sie jetzt und es wird innerhalb weniger Tage an Ihre Haust\u00fcr geliefert.<\/p>\n<p>Medikamente, die sowohl sicher als auch wirksam sind<br \/> Rick Simpson Cannabis\u00f6l ist eine Klasse f\u00fcr sich, da es nicht -toxische Natur. Wenn Sie nach einer sicheren Methode zur Behandlung von Krebs oder einer Vielzahl anderer Krankheiten suchen, ist Rick Simpson Hanf\u00f6l m\u00f6glicherweise die Antwort. Sie brauchen nicht einmal die Aufsicht eines Arztes, um dieses \u00d6l zu verwenden.<\/p>\n","protected":false},"excerpt":{"rendered":"<p>Kaufen Sie Cannatonic CO2-\u00d6lkartuschen sicher und g\u00fcnstig online. Entdecken Sie eine vielf\u00e4ltige Auswahl hochwertiger Marihuana-Produkte zum Verkauf in den Vereinigten Staaten von Amerika, Europa und dem Vereinigten K\u00f6nigreich!<\/p>\n<p>Kaufen Sie Rick Simpson Cannabis Oil 1g Kartuschen online in den Vereinigten Staaten von Amerika.<\/p>\n<p> p&gt; <\/p>\n<p>Rick Simpson Cannabis\u00f6l ist in einer Vielzahl von Sorten erh\u00e4ltlich. Verschiedene CBD &amp; THC-Konzentrationen f\u00fcr Krebs &amp; mehr.<\/p>\n<p>Kaufen Sie Rick Simpson 1g Kartuschen mit Cannabis\u00f6l<\/p>\n<p>Der Preis des Produkts ist wie folgt: pro 1g Kartusche<br \/> Es ist eine Mindestbestellmenge von 5 Kartuschen erforderlich. <\/p>\n","protected":false},"featured_media":4402,"comment_status":"open","ping_status":"closed","template":"","meta":[],"product_brand":[],"product_cat":[440],"product_tag":[453,454,455,457,458,459,460,461,462,463,469,470,472,473,475,477,452,465,467,468,451,456,471,478,476,479,464,466,474,480],"class_list":{"0":"post-4367","1":"product","2":"type-product","3":"status-publish","4":"has-post-thumbnail","6":"product_cat-kaufen-cannabis-cbd-ol","7":"product_tag-buy-cannatonic-co2-oil-cartridge-online","8":"product_tag-buy-marijuana-edibles-online","9":"product_tag-buy-marijuana-online","10":"product_tag-buy-marijuana-online-europe","11":"product_tag-buy-marijuana-online-in-usa","12":"product_tag-buy-marijuana-online-usa","13":"product_tag-buy-marijuana-wax-online-usa","14":"product_tag-buy-medical-marijuana-online","15":"product_tag-buy-moonrock-online-bitcoin","16":"product_tag-buy-moonrock-online-uk","17":"product_tag-buy-weed-in-usa","18":"product_tag-buy-weed-online","19":"product_tag-buy-weed-online-discreetly","20":"product_tag-buy-weed-online-europe","21":"product_tag-buy-weed-online-uk","22":"product_tag-buying-weed-online","23":"product_tag-cannatonic-co2-lkartusche-kaufen","24":"product_tag-kaufen-gras-in-australien","25":"product_tag-kaufen-weed-in-irland","26":"product_tag-weed-in-der-schweiz-kaufen","27":"product_tag-kaufe-cannabis-mit-bitcoin","28":"product_tag-kaufen-marihuana-online-bitcoin","29":"product_tag-kaufen-gras-online-bitcoin","30":"product_tag-kush-zu-verkaufen","31":"product_tag-marihuana-online-kaufen","32":"product_tag-marihuana-zum-verkauf","33":"product_tag-moonrocks-online-kaufen","34":"product_tag-kaufen-gras-in-frankreich","35":"product_tag-unkraut-online-legal-kaufen","36":"product_tag-where-to-buy-marijuana-online","38":"first","39":"instock","40":"shipping-taxable","41":"purchasable","42":"product-type-variable","43":"has-default-attributes"},"yoast_head":"<!-- This site is optimized with the Yoast SEO plugin v27.3 - https:\/\/yoast.com\/product\/yoast-seo-wordpress\/ -->\n<title>Kaufen Sie Cannatonic CO2 Oil 1g Kartusche online (Kopie) - Best Global Meds<\/title>\n<meta name=\"description\" content=\"Kaufen Sie Cannatonic CO2-\u00d6lkartusche zum Verkauf sicher online zu erschwinglichen Preisen. Entdecken Sie eine gro\u00dfe Auswahl an hochwertigen Cannabisprodukten zum Verkauf in den USA, der EU und dem Vereinigten K\u00f6nigreich!\" \/>\n<meta name=\"robots\" content=\"index, follow, max-snippet:-1, max-image-preview:large, max-video-preview:-1\" \/>\n<link rel=\"canonical\" href=\"https:\/\/medicinasinc.com\/de\/product\/cannatonic-co2-olkartusche-kaufen\/\" \/>\n<meta property=\"og:locale\" content=\"de_DE\" \/>\n<meta property=\"og:type\" content=\"article\" \/>\n<meta property=\"og:title\" content=\"Kaufen Sie Cannatonic CO2 Oil 1g Kartusche online (Kopie) - Best Global Meds\" \/>\n<meta property=\"og:description\" content=\"Kaufen Sie Cannatonic CO2-\u00d6lkartusche zum Verkauf sicher online zu erschwinglichen Preisen. Entdecken Sie eine gro\u00dfe Auswahl an hochwertigen Cannabisprodukten zum Verkauf in den USA, der EU und dem Vereinigten K\u00f6nigreich!\" \/>\n<meta property=\"og:url\" content=\"https:\/\/medicinasinc.com\/de\/product\/cannatonic-co2-olkartusche-kaufen\/\" \/>\n<meta property=\"og:site_name\" content=\"Medicinas Inc\" \/>\n<meta property=\"article:modified_time\" content=\"2022-03-18T00:57:37+00:00\" \/>\n<meta property=\"og:image\" content=\"https:\/\/medicinasinc.com\/de\/wp-content\/uploads\/sites\/6\/2022\/02\/Buy-Cannatonic-CO2-Oil-Cartridge.png\" \/>\n\t<meta property=\"og:image:width\" content=\"542\" \/>\n\t<meta property=\"og:image:height\" content=\"420\" \/>\n\t<meta property=\"og:image:type\" content=\"image\/png\" \/>\n<meta name=\"twitter:card\" content=\"summary_large_image\" \/>\n<meta name=\"twitter:label1\" content=\"Gesch\u00e4tzte Lesezeit\" \/>\n\t<meta name=\"twitter:data1\" content=\"3\u00a0Minuten\" \/>\n<script type=\"application\/ld+json\" class=\"yoast-schema-graph\">{\"@context\":\"https:\\\/\\\/schema.org\",\"@graph\":[{\"@type\":\"WebPage\",\"@id\":\"https:\\\/\\\/medicinasinc.com\\\/de\\\/product\\\/cannatonic-co2-olkartusche-kaufen\\\/\",\"url\":\"https:\\\/\\\/medicinasinc.com\\\/de\\\/product\\\/cannatonic-co2-olkartusche-kaufen\\\/\",\"name\":\"Kaufen Sie Cannatonic CO2 Oil 1g Kartusche online (Kopie) - Best Global Meds\",\"isPartOf\":{\"@id\":\"https:\\\/\\\/medicinasinc.com\\\/de\\\/#website\"},\"primaryImageOfPage\":{\"@id\":\"https:\\\/\\\/medicinasinc.com\\\/de\\\/product\\\/cannatonic-co2-olkartusche-kaufen\\\/#primaryimage\"},\"image\":{\"@id\":\"https:\\\/\\\/medicinasinc.com\\\/de\\\/product\\\/cannatonic-co2-olkartusche-kaufen\\\/#primaryimage\"},\"thumbnailUrl\":\"https:\\\/\\\/medicinasinc.com\\\/de\\\/wp-content\\\/uploads\\\/sites\\\/6\\\/2022\\\/02\\\/Buy-Cannatonic-CO2-Oil-Cartridge.png\",\"datePublished\":\"2022-02-20T08:35:49+00:00\",\"dateModified\":\"2022-03-18T00:57:37+00:00\",\"description\":\"Kaufen Sie Cannatonic CO2-\u00d6lkartusche zum Verkauf sicher online zu erschwinglichen Preisen. Entdecken Sie eine gro\u00dfe Auswahl an hochwertigen Cannabisprodukten zum Verkauf in den USA, der EU und dem Vereinigten K\u00f6nigreich!\",\"breadcrumb\":{\"@id\":\"https:\\\/\\\/medicinasinc.com\\\/de\\\/product\\\/cannatonic-co2-olkartusche-kaufen\\\/#breadcrumb\"},\"inLanguage\":\"de\",\"potentialAction\":[{\"@type\":\"ReadAction\",\"target\":[\"https:\\\/\\\/medicinasinc.com\\\/de\\\/product\\\/cannatonic-co2-olkartusche-kaufen\\\/\"]}]},{\"@type\":\"ImageObject\",\"inLanguage\":\"de\",\"@id\":\"https:\\\/\\\/medicinasinc.com\\\/de\\\/product\\\/cannatonic-co2-olkartusche-kaufen\\\/#primaryimage\",\"url\":\"https:\\\/\\\/medicinasinc.com\\\/de\\\/wp-content\\\/uploads\\\/sites\\\/6\\\/2022\\\/02\\\/Buy-Cannatonic-CO2-Oil-Cartridge.png\",\"contentUrl\":\"https:\\\/\\\/medicinasinc.com\\\/de\\\/wp-content\\\/uploads\\\/sites\\\/6\\\/2022\\\/02\\\/Buy-Cannatonic-CO2-Oil-Cartridge.png\",\"width\":542,\"height\":420},{\"@type\":\"BreadcrumbList\",\"@id\":\"https:\\\/\\\/medicinasinc.com\\\/de\\\/product\\\/cannatonic-co2-olkartusche-kaufen\\\/#breadcrumb\",\"itemListElement\":[{\"@type\":\"ListItem\",\"position\":1,\"name\":\"Einkaufen\",\"item\":\"https:\\\/\\\/medicinasinc.com\\\/de\\\/einkaufen\\\/\"},{\"@type\":\"ListItem\",\"position\":2,\"name\":\"Cannatonic CO2-\u00d6lkartusche kaufen\"}]},{\"@type\":\"WebSite\",\"@id\":\"https:\\\/\\\/medicinasinc.com\\\/de\\\/#website\",\"url\":\"https:\\\/\\\/medicinasinc.com\\\/de\\\/\",\"name\":\"Medicinas Inc\",\"description\":\"Health Medical Clinic\",\"potentialAction\":[{\"@type\":\"SearchAction\",\"target\":{\"@type\":\"EntryPoint\",\"urlTemplate\":\"https:\\\/\\\/medicinasinc.com\\\/de\\\/?s={search_term_string}\"},\"query-input\":{\"@type\":\"PropertyValueSpecification\",\"valueRequired\":true,\"valueName\":\"search_term_string\"}}],\"inLanguage\":\"de\"}]}<\/script>\n<!-- \/ Yoast SEO plugin. -->","yoast_head_json":{"title":"Kaufen Sie Cannatonic CO2 Oil 1g Kartusche online (Kopie) - Best Global Meds","description":"Kaufen Sie Cannatonic CO2-\u00d6lkartusche zum Verkauf sicher online zu erschwinglichen Preisen. Entdecken Sie eine gro\u00dfe Auswahl an hochwertigen Cannabisprodukten zum Verkauf in den USA, der EU und dem Vereinigten K\u00f6nigreich!","robots":{"index":"index","follow":"follow","max-snippet":"max-snippet:-1","max-image-preview":"max-image-preview:large","max-video-preview":"max-video-preview:-1"},"canonical":"https:\/\/medicinasinc.com\/de\/product\/cannatonic-co2-olkartusche-kaufen\/","og_locale":"de_DE","og_type":"article","og_title":"Kaufen Sie Cannatonic CO2 Oil 1g Kartusche online (Kopie) - Best Global Meds","og_description":"Kaufen Sie Cannatonic CO2-\u00d6lkartusche zum Verkauf sicher online zu erschwinglichen Preisen. Entdecken Sie eine gro\u00dfe Auswahl an hochwertigen Cannabisprodukten zum Verkauf in den USA, der EU und dem Vereinigten K\u00f6nigreich!","og_url":"https:\/\/medicinasinc.com\/de\/product\/cannatonic-co2-olkartusche-kaufen\/","og_site_name":"Medicinas Inc","article_modified_time":"2022-03-18T00:57:37+00:00","og_image":[{"width":542,"height":420,"url":"https:\/\/medicinasinc.com\/de\/wp-content\/uploads\/sites\/6\/2022\/02\/Buy-Cannatonic-CO2-Oil-Cartridge.png","type":"image\/png"}],"twitter_card":"summary_large_image","twitter_misc":{"Gesch\u00e4tzte Lesezeit":"3\u00a0Minuten"},"schema":{"@context":"https:\/\/schema.org","@graph":[{"@type":"WebPage","@id":"https:\/\/medicinasinc.com\/de\/product\/cannatonic-co2-olkartusche-kaufen\/","url":"https:\/\/medicinasinc.com\/de\/product\/cannatonic-co2-olkartusche-kaufen\/","name":"Kaufen Sie Cannatonic CO2 Oil 1g Kartusche online (Kopie) - Best Global Meds","isPartOf":{"@id":"https:\/\/medicinasinc.com\/de\/#website"},"primaryImageOfPage":{"@id":"https:\/\/medicinasinc.com\/de\/product\/cannatonic-co2-olkartusche-kaufen\/#primaryimage"},"image":{"@id":"https:\/\/medicinasinc.com\/de\/product\/cannatonic-co2-olkartusche-kaufen\/#primaryimage"},"thumbnailUrl":"https:\/\/medicinasinc.com\/de\/wp-content\/uploads\/sites\/6\/2022\/02\/Buy-Cannatonic-CO2-Oil-Cartridge.png","datePublished":"2022-02-20T08:35:49+00:00","dateModified":"2022-03-18T00:57:37+00:00","description":"Kaufen Sie Cannatonic CO2-\u00d6lkartusche zum Verkauf sicher online zu erschwinglichen Preisen. Entdecken Sie eine gro\u00dfe Auswahl an hochwertigen Cannabisprodukten zum Verkauf in den USA, der EU und dem Vereinigten K\u00f6nigreich!","breadcrumb":{"@id":"https:\/\/medicinasinc.com\/de\/product\/cannatonic-co2-olkartusche-kaufen\/#breadcrumb"},"inLanguage":"de","potentialAction":[{"@type":"ReadAction","target":["https:\/\/medicinasinc.com\/de\/product\/cannatonic-co2-olkartusche-kaufen\/"]}]},{"@type":"ImageObject","inLanguage":"de","@id":"https:\/\/medicinasinc.com\/de\/product\/cannatonic-co2-olkartusche-kaufen\/#primaryimage","url":"https:\/\/medicinasinc.com\/de\/wp-content\/uploads\/sites\/6\/2022\/02\/Buy-Cannatonic-CO2-Oil-Cartridge.png","contentUrl":"https:\/\/medicinasinc.com\/de\/wp-content\/uploads\/sites\/6\/2022\/02\/Buy-Cannatonic-CO2-Oil-Cartridge.png","width":542,"height":420},{"@type":"BreadcrumbList","@id":"https:\/\/medicinasinc.com\/de\/product\/cannatonic-co2-olkartusche-kaufen\/#breadcrumb","itemListElement":[{"@type":"ListItem","position":1,"name":"Einkaufen","item":"https:\/\/medicinasinc.com\/de\/einkaufen\/"},{"@type":"ListItem","position":2,"name":"Cannatonic CO2-\u00d6lkartusche kaufen"}]},{"@type":"WebSite","@id":"https:\/\/medicinasinc.com\/de\/#website","url":"https:\/\/medicinasinc.com\/de\/","name":"Medicinas Inc","description":"Health Medical Clinic","potentialAction":[{"@type":"SearchAction","target":{"@type":"EntryPoint","urlTemplate":"https:\/\/medicinasinc.com\/de\/?s={search_term_string}"},"query-input":{"@type":"PropertyValueSpecification","valueRequired":true,"valueName":"search_term_string"}}],"inLanguage":"de"}]}},"_links":{"self":[{"href":"https:\/\/medicinasinc.com\/de\/wp-json\/wp\/v2\/product\/4367","targetHints":{"allow":["GET"]}}],"collection":[{"href":"https:\/\/medicinasinc.com\/de\/wp-json\/wp\/v2\/product"}],"about":[{"href":"https:\/\/medicinasinc.com\/de\/wp-json\/wp\/v2\/types\/product"}],"replies":[{"embeddable":true,"href":"https:\/\/medicinasinc.com\/de\/wp-json\/wp\/v2\/comments?post=4367"}],"wp:featuredmedia":[{"embeddable":true,"href":"https:\/\/medicinasinc.com\/de\/wp-json\/wp\/v2\/media\/4402"}],"wp:attachment":[{"href":"https:\/\/medicinasinc.com\/de\/wp-json\/wp\/v2\/media?parent=4367"}],"wp:term":[{"taxonomy":"product_brand","embeddable":true,"href":"https:\/\/medicinasinc.com\/de\/wp-json\/wp\/v2\/product_brand?post=4367"},{"taxonomy":"product_cat","embeddable":true,"href":"https:\/\/medicinasinc.com\/de\/wp-json\/wp\/v2\/product_cat?post=4367"},{"taxonomy":"product_tag","embeddable":true,"href":"https:\/\/medicinasinc.com\/de\/wp-json\/wp\/v2\/product_tag?post=4367"}],"curies":[{"name":"wp","href":"https:\/\/api.w.org\/{rel}","templated":true}]}}