{"id":4359,"date":"2022-02-20T08:31:50","date_gmt":"2022-02-20T08:31:50","guid":{"rendered":"https:\/\/medicinasinc.com\/de\/?post_type=product&#038;p=4359"},"modified":"2022-03-18T00:57:45","modified_gmt":"2022-03-18T00:57:45","slug":"kaufen-fab-cbd-ol-300mg-600mg-1200mg","status":"publish","type":"product","link":"https:\/\/medicinasinc.com\/de\/product\/kaufen-fab-cbd-ol-300mg-600mg-1200mg\/","title":{"rendered":"Kaufen Sie Fab CBD-\u00d6l 300 mg, 600 mg, 1200 mg"},"content":{"rendered":"<p>CBD-\u00d6ltropfen sind eine hervorragende M\u00f6glichkeit, das allgemeine Wohlbefinden und die Vitalit\u00e4t zu f\u00f6rdern. Wir bieten eine Vielzahl von CBD-Hanf\u00f6laromen an, die bei unseren Kunden beliebt sind, darunter Zitrus, Minze, Natur, Beere und Vanille. Das Aroma von FAB CBD-\u00d6l wird aus den besten Zutaten gewonnen. Genie\u00dfen Sie den k\u00f6stlichen Geschmack und das Aroma dieser aromatisierten CBD-\u00d6le oder den traditionellen Geschmack unseres nat\u00fcrlichen CBD-\u00d6ls.<\/p>\n","protected":false},"excerpt":{"rendered":"<p>Kaufen Sie Fab CBD-\u00d6l 300 mg, Kaufen Sie Fab CBD-\u00d6l 600 mg, Kaufen Sie Fab CBD 2400 mg, CBD-\u00d6l, das Sie gl\u00fccklich macht, bestes CBD-Isolat\u00f6l, kaufen Sie CBD-Tinktur online, gnc-CBD-\u00d6l gegen Angstzust\u00e4nde, cbd-\u00d6l-Speisetropfen, Amazon fab cbd,fab cbd white label,<\/p>\n<p><strong>Mindestbestellmenge: 5 Kartuschen<\/strong><\/p>\n","protected":false},"featured_media":4394,"comment_status":"open","ping_status":"closed","template":"","meta":[],"product_brand":[],"product_cat":[440],"product_tag":[441,442,443,447,448,449,450,445,446,444],"class_list":{"0":"post-4359","1":"product","2":"type-product","3":"status-publish","4":"has-post-thumbnail","6":"product_cat-kaufen-cannabis-cbd-ol","7":"product_tag-amazon-fab-cbd","8":"product_tag-best-cbd-isolate-oil","9":"product_tag-buy-cbd-tincture-online","10":"product_tag-cbd-l-essbare-tropfen","11":"product_tag-cbd-l-das-dich-glcklich-macht","12":"product_tag-fab-cbd-white-label","13":"product_tag-gnc-cbd-l-gegen-angst","14":"product_tag-kaufen-fab-cbd-l-300mg","15":"product_tag-kaufen-fab-cbd-l-600mg","16":"product_tag-kaufen-fab-cbd-2400-mg","18":"first","19":"instock","20":"shipping-taxable","21":"purchasable","22":"product-type-variable","23":"has-default-attributes"},"yoast_head":"<!-- This site is optimized with the Yoast SEO plugin v27.3 - https:\/\/yoast.com\/product\/yoast-seo-wordpress\/ -->\n<title>Kaufen Sie Fab CBD-\u00d6l 300 mg, 600 mg, 1200 mg - Best Global Meds<\/title>\n<meta name=\"description\" content=\"Kaufen Sie Fab CBD-\u00d6l 300 mg, Kaufen Sie Fab CBD-\u00d6l 600 mg, Kaufen Sie Fab CBD 2400 mg, CBD-\u00d6l, das Sie gl\u00fccklich macht, Bestes CBD-Isolat\u00f6l, Kaufen Sie CBD-Tinktur online, GNC-CBD-\u00d6l gegen Angstzust\u00e4nde, CBD-\u00d6l-Speisetropfen, Amazon Fab CBD, fabelhaftes cbd white label,\" \/>\n<meta name=\"robots\" content=\"index, follow, max-snippet:-1, max-image-preview:large, max-video-preview:-1\" \/>\n<link rel=\"canonical\" href=\"https:\/\/medicinasinc.com\/de\/product\/kaufen-fab-cbd-ol-300mg-600mg-1200mg\/\" \/>\n<meta property=\"og:locale\" content=\"de_DE\" \/>\n<meta property=\"og:type\" content=\"article\" \/>\n<meta property=\"og:title\" content=\"Kaufen Sie Fab CBD-\u00d6l 300 mg, 600 mg, 1200 mg - Best Global Meds\" \/>\n<meta property=\"og:description\" content=\"Kaufen Sie Fab CBD-\u00d6l 300 mg, Kaufen Sie Fab CBD-\u00d6l 600 mg, Kaufen Sie Fab CBD 2400 mg, CBD-\u00d6l, das Sie gl\u00fccklich macht, Bestes CBD-Isolat\u00f6l, Kaufen Sie CBD-Tinktur online, GNC-CBD-\u00d6l gegen Angstzust\u00e4nde, CBD-\u00d6l-Speisetropfen, Amazon Fab CBD, fabelhaftes cbd white label,\" \/>\n<meta property=\"og:url\" content=\"https:\/\/medicinasinc.com\/de\/product\/kaufen-fab-cbd-ol-300mg-600mg-1200mg\/\" \/>\n<meta property=\"og:site_name\" content=\"Medicinas Inc\" \/>\n<meta property=\"article:modified_time\" content=\"2022-03-18T00:57:45+00:00\" \/>\n<meta property=\"og:image\" content=\"https:\/\/medicinasinc.com\/de\/wp-content\/uploads\/sites\/6\/2022\/02\/Buy-Fab-CBD-Oil.jpg\" \/>\n\t<meta property=\"og:image:width\" content=\"600\" \/>\n\t<meta property=\"og:image:height\" content=\"600\" \/>\n\t<meta property=\"og:image:type\" content=\"image\/jpeg\" \/>\n<meta name=\"twitter:card\" content=\"summary_large_image\" \/>\n<meta name=\"twitter:label1\" content=\"Gesch\u00e4tzte Lesezeit\" \/>\n\t<meta name=\"twitter:data1\" content=\"1\u00a0Minute\" \/>\n<script type=\"application\/ld+json\" class=\"yoast-schema-graph\">{\"@context\":\"https:\\\/\\\/schema.org\",\"@graph\":[{\"@type\":\"WebPage\",\"@id\":\"https:\\\/\\\/medicinasinc.com\\\/de\\\/product\\\/kaufen-fab-cbd-ol-300mg-600mg-1200mg\\\/\",\"url\":\"https:\\\/\\\/medicinasinc.com\\\/de\\\/product\\\/kaufen-fab-cbd-ol-300mg-600mg-1200mg\\\/\",\"name\":\"Kaufen Sie Fab CBD-\u00d6l 300 mg, 600 mg, 1200 mg - Best Global Meds\",\"isPartOf\":{\"@id\":\"https:\\\/\\\/medicinasinc.com\\\/de\\\/#website\"},\"primaryImageOfPage\":{\"@id\":\"https:\\\/\\\/medicinasinc.com\\\/de\\\/product\\\/kaufen-fab-cbd-ol-300mg-600mg-1200mg\\\/#primaryimage\"},\"image\":{\"@id\":\"https:\\\/\\\/medicinasinc.com\\\/de\\\/product\\\/kaufen-fab-cbd-ol-300mg-600mg-1200mg\\\/#primaryimage\"},\"thumbnailUrl\":\"https:\\\/\\\/medicinasinc.com\\\/de\\\/wp-content\\\/uploads\\\/sites\\\/6\\\/2022\\\/02\\\/Buy-Fab-CBD-Oil.jpg\",\"datePublished\":\"2022-02-20T08:31:50+00:00\",\"dateModified\":\"2022-03-18T00:57:45+00:00\",\"description\":\"Kaufen Sie Fab CBD-\u00d6l 300 mg, Kaufen Sie Fab CBD-\u00d6l 600 mg, Kaufen Sie Fab CBD 2400 mg, CBD-\u00d6l, das Sie gl\u00fccklich macht, Bestes CBD-Isolat\u00f6l, Kaufen Sie CBD-Tinktur online, GNC-CBD-\u00d6l gegen Angstzust\u00e4nde, CBD-\u00d6l-Speisetropfen, Amazon Fab CBD, fabelhaftes cbd white label,\",\"breadcrumb\":{\"@id\":\"https:\\\/\\\/medicinasinc.com\\\/de\\\/product\\\/kaufen-fab-cbd-ol-300mg-600mg-1200mg\\\/#breadcrumb\"},\"inLanguage\":\"de\",\"potentialAction\":[{\"@type\":\"ReadAction\",\"target\":[\"https:\\\/\\\/medicinasinc.com\\\/de\\\/product\\\/kaufen-fab-cbd-ol-300mg-600mg-1200mg\\\/\"]}]},{\"@type\":\"ImageObject\",\"inLanguage\":\"de\",\"@id\":\"https:\\\/\\\/medicinasinc.com\\\/de\\\/product\\\/kaufen-fab-cbd-ol-300mg-600mg-1200mg\\\/#primaryimage\",\"url\":\"https:\\\/\\\/medicinasinc.com\\\/de\\\/wp-content\\\/uploads\\\/sites\\\/6\\\/2022\\\/02\\\/Buy-Fab-CBD-Oil.jpg\",\"contentUrl\":\"https:\\\/\\\/medicinasinc.com\\\/de\\\/wp-content\\\/uploads\\\/sites\\\/6\\\/2022\\\/02\\\/Buy-Fab-CBD-Oil.jpg\",\"width\":600,\"height\":600},{\"@type\":\"BreadcrumbList\",\"@id\":\"https:\\\/\\\/medicinasinc.com\\\/de\\\/product\\\/kaufen-fab-cbd-ol-300mg-600mg-1200mg\\\/#breadcrumb\",\"itemListElement\":[{\"@type\":\"ListItem\",\"position\":1,\"name\":\"Einkaufen\",\"item\":\"https:\\\/\\\/medicinasinc.com\\\/de\\\/einkaufen\\\/\"},{\"@type\":\"ListItem\",\"position\":2,\"name\":\"Kaufen Sie Fab CBD-\u00d6l 300 mg, 600 mg, 1200 mg\"}]},{\"@type\":\"WebSite\",\"@id\":\"https:\\\/\\\/medicinasinc.com\\\/de\\\/#website\",\"url\":\"https:\\\/\\\/medicinasinc.com\\\/de\\\/\",\"name\":\"Medicinas Inc\",\"description\":\"Health Medical Clinic\",\"potentialAction\":[{\"@type\":\"SearchAction\",\"target\":{\"@type\":\"EntryPoint\",\"urlTemplate\":\"https:\\\/\\\/medicinasinc.com\\\/de\\\/?s={search_term_string}\"},\"query-input\":{\"@type\":\"PropertyValueSpecification\",\"valueRequired\":true,\"valueName\":\"search_term_string\"}}],\"inLanguage\":\"de\"}]}<\/script>\n<!-- \/ Yoast SEO plugin. -->","yoast_head_json":{"title":"Kaufen Sie Fab CBD-\u00d6l 300 mg, 600 mg, 1200 mg - Best Global Meds","description":"Kaufen Sie Fab CBD-\u00d6l 300 mg, Kaufen Sie Fab CBD-\u00d6l 600 mg, Kaufen Sie Fab CBD 2400 mg, CBD-\u00d6l, das Sie gl\u00fccklich macht, Bestes CBD-Isolat\u00f6l, Kaufen Sie CBD-Tinktur online, GNC-CBD-\u00d6l gegen Angstzust\u00e4nde, CBD-\u00d6l-Speisetropfen, Amazon Fab CBD, fabelhaftes cbd white label,","robots":{"index":"index","follow":"follow","max-snippet":"max-snippet:-1","max-image-preview":"max-image-preview:large","max-video-preview":"max-video-preview:-1"},"canonical":"https:\/\/medicinasinc.com\/de\/product\/kaufen-fab-cbd-ol-300mg-600mg-1200mg\/","og_locale":"de_DE","og_type":"article","og_title":"Kaufen Sie Fab CBD-\u00d6l 300 mg, 600 mg, 1200 mg - Best Global Meds","og_description":"Kaufen Sie Fab CBD-\u00d6l 300 mg, Kaufen Sie Fab CBD-\u00d6l 600 mg, Kaufen Sie Fab CBD 2400 mg, CBD-\u00d6l, das Sie gl\u00fccklich macht, Bestes CBD-Isolat\u00f6l, Kaufen Sie CBD-Tinktur online, GNC-CBD-\u00d6l gegen Angstzust\u00e4nde, CBD-\u00d6l-Speisetropfen, Amazon Fab CBD, fabelhaftes cbd white label,","og_url":"https:\/\/medicinasinc.com\/de\/product\/kaufen-fab-cbd-ol-300mg-600mg-1200mg\/","og_site_name":"Medicinas Inc","article_modified_time":"2022-03-18T00:57:45+00:00","og_image":[{"width":600,"height":600,"url":"https:\/\/medicinasinc.com\/de\/wp-content\/uploads\/sites\/6\/2022\/02\/Buy-Fab-CBD-Oil.jpg","type":"image\/jpeg"}],"twitter_card":"summary_large_image","twitter_misc":{"Gesch\u00e4tzte Lesezeit":"1\u00a0Minute"},"schema":{"@context":"https:\/\/schema.org","@graph":[{"@type":"WebPage","@id":"https:\/\/medicinasinc.com\/de\/product\/kaufen-fab-cbd-ol-300mg-600mg-1200mg\/","url":"https:\/\/medicinasinc.com\/de\/product\/kaufen-fab-cbd-ol-300mg-600mg-1200mg\/","name":"Kaufen Sie Fab CBD-\u00d6l 300 mg, 600 mg, 1200 mg - Best Global Meds","isPartOf":{"@id":"https:\/\/medicinasinc.com\/de\/#website"},"primaryImageOfPage":{"@id":"https:\/\/medicinasinc.com\/de\/product\/kaufen-fab-cbd-ol-300mg-600mg-1200mg\/#primaryimage"},"image":{"@id":"https:\/\/medicinasinc.com\/de\/product\/kaufen-fab-cbd-ol-300mg-600mg-1200mg\/#primaryimage"},"thumbnailUrl":"https:\/\/medicinasinc.com\/de\/wp-content\/uploads\/sites\/6\/2022\/02\/Buy-Fab-CBD-Oil.jpg","datePublished":"2022-02-20T08:31:50+00:00","dateModified":"2022-03-18T00:57:45+00:00","description":"Kaufen Sie Fab CBD-\u00d6l 300 mg, Kaufen Sie Fab CBD-\u00d6l 600 mg, Kaufen Sie Fab CBD 2400 mg, CBD-\u00d6l, das Sie gl\u00fccklich macht, Bestes CBD-Isolat\u00f6l, Kaufen Sie CBD-Tinktur online, GNC-CBD-\u00d6l gegen Angstzust\u00e4nde, CBD-\u00d6l-Speisetropfen, Amazon Fab CBD, fabelhaftes cbd white label,","breadcrumb":{"@id":"https:\/\/medicinasinc.com\/de\/product\/kaufen-fab-cbd-ol-300mg-600mg-1200mg\/#breadcrumb"},"inLanguage":"de","potentialAction":[{"@type":"ReadAction","target":["https:\/\/medicinasinc.com\/de\/product\/kaufen-fab-cbd-ol-300mg-600mg-1200mg\/"]}]},{"@type":"ImageObject","inLanguage":"de","@id":"https:\/\/medicinasinc.com\/de\/product\/kaufen-fab-cbd-ol-300mg-600mg-1200mg\/#primaryimage","url":"https:\/\/medicinasinc.com\/de\/wp-content\/uploads\/sites\/6\/2022\/02\/Buy-Fab-CBD-Oil.jpg","contentUrl":"https:\/\/medicinasinc.com\/de\/wp-content\/uploads\/sites\/6\/2022\/02\/Buy-Fab-CBD-Oil.jpg","width":600,"height":600},{"@type":"BreadcrumbList","@id":"https:\/\/medicinasinc.com\/de\/product\/kaufen-fab-cbd-ol-300mg-600mg-1200mg\/#breadcrumb","itemListElement":[{"@type":"ListItem","position":1,"name":"Einkaufen","item":"https:\/\/medicinasinc.com\/de\/einkaufen\/"},{"@type":"ListItem","position":2,"name":"Kaufen Sie Fab CBD-\u00d6l 300 mg, 600 mg, 1200 mg"}]},{"@type":"WebSite","@id":"https:\/\/medicinasinc.com\/de\/#website","url":"https:\/\/medicinasinc.com\/de\/","name":"Medicinas Inc","description":"Health Medical Clinic","potentialAction":[{"@type":"SearchAction","target":{"@type":"EntryPoint","urlTemplate":"https:\/\/medicinasinc.com\/de\/?s={search_term_string}"},"query-input":{"@type":"PropertyValueSpecification","valueRequired":true,"valueName":"search_term_string"}}],"inLanguage":"de"}]}},"_links":{"self":[{"href":"https:\/\/medicinasinc.com\/de\/wp-json\/wp\/v2\/product\/4359","targetHints":{"allow":["GET"]}}],"collection":[{"href":"https:\/\/medicinasinc.com\/de\/wp-json\/wp\/v2\/product"}],"about":[{"href":"https:\/\/medicinasinc.com\/de\/wp-json\/wp\/v2\/types\/product"}],"replies":[{"embeddable":true,"href":"https:\/\/medicinasinc.com\/de\/wp-json\/wp\/v2\/comments?post=4359"}],"wp:featuredmedia":[{"embeddable":true,"href":"https:\/\/medicinasinc.com\/de\/wp-json\/wp\/v2\/media\/4394"}],"wp:attachment":[{"href":"https:\/\/medicinasinc.com\/de\/wp-json\/wp\/v2\/media?parent=4359"}],"wp:term":[{"taxonomy":"product_brand","embeddable":true,"href":"https:\/\/medicinasinc.com\/de\/wp-json\/wp\/v2\/product_brand?post=4359"},{"taxonomy":"product_cat","embeddable":true,"href":"https:\/\/medicinasinc.com\/de\/wp-json\/wp\/v2\/product_cat?post=4359"},{"taxonomy":"product_tag","embeddable":true,"href":"https:\/\/medicinasinc.com\/de\/wp-json\/wp\/v2\/product_tag?post=4359"}],"curies":[{"name":"wp","href":"https:\/\/api.w.org\/{rel}","templated":true}]}}