{"id":4353,"date":"2022-02-20T08:29:33","date_gmt":"2022-02-20T08:29:33","guid":{"rendered":"https:\/\/medicinasinc.com\/de\/?post_type=product&#038;p=4353"},"modified":"2022-03-18T00:57:58","modified_gmt":"2022-03-18T00:57:58","slug":"kaufen-500mg-cbd-brombeere-keey-flava-blast","status":"publish","type":"product","link":"https:\/\/medicinasinc.com\/de\/product\/kaufen-500mg-cbd-brombeere-keey-flava-blast\/","title":{"rendered":"Kaufen Sie 500 mg CBD Blackberry Keey FLAVA BLAST"},"content":{"rendered":"<div class=\"woocommerce-tabs wc-tabs-wrapper\">\n<div id=\"tab-description\" class=\"woocommerce-Tabs-panel woocommerce-Tabs-panel--description panel entry-content wc-tab\" role=\"tabpanel\" aria-labelledby=\"tab-title-description\">\n<p>FLAVA BLAST 500 mg CBD Blackberry Keey<\/p>\n<p>Keey CBD ist die L\u00f6sung f\u00fcr verbesserte Gesundheit und Wohlbefinden. CBD ist vorteilhaft bei der Unterst\u00fctzung bei t\u00e4glichem Stress, der Aufrechterhaltung eines ruhigen und gesammelten Geisteszustands, der Verringerung von Entz\u00fcndungen, \u00dcbelkeit und Schwindel und der Unterst\u00fctzung bei der Genesung von k\u00f6rperlichen Schmerzen oder Schmerzen. Mit dem 500 mg CBD FLAVA BLAST k\u00f6nnen Sie jetzt eine k\u00f6stliche CBD-Tinktur in Ihre t\u00e4gliche Routine integrieren.<\/p>\n<p>Keey kombiniert organische Terpen-Infusionen, nat\u00fcrliche Aromen und CBD-Extrakte mit MCT-\u00d6l (KOKOSNUSS\u00d6L), um die Absorption zu beschleunigen f\u00fcr Ihre Verdauungsaufnahme und Energie f\u00fcr Ihren Tag.<\/p>\n<p>Key CBD 500 mg FLAVA BLAST bietet eine Vielzahl von Geschmacksexplosionen! 30 ml Tropfflasche f\u00fcr Tinktur.<\/p>\n<\/p><\/div><\/div>\n<div class=\"related products\"><\/div>\n","protected":false},"excerpt":{"rendered":"<p>Kaufen Sie 500 mg CBD Blackberry Keey FLAVA BLAST online im Sigma Vape Shop mit schnellem weltweiten Versand. Sie k\u00f6nnen 500 mg CBD Blackberry Keey FLAVA BLAST zum Verkauf finden<\/p>\n<ul>\n<li>Weltweiter Versand<\/li>\n<li>Die Mindestbestellmenge betr\u00e4gt 5<\/li>\n<li><strong>Kontaktieren Sie uns<\/strong>\u00a0f\u00fcr gr\u00f6\u00dfere Bestellungen<\/li>\n<\/ul>\n","protected":false},"featured_media":4389,"comment_status":"open","ping_status":"closed","template":"","meta":[],"product_brand":[],"product_cat":[440],"product_tag":[],"class_list":{"0":"post-4353","1":"product","2":"type-product","3":"status-publish","4":"has-post-thumbnail","6":"product_cat-kaufen-cannabis-cbd-ol","8":"first","9":"instock","10":"shipping-taxable","11":"purchasable","12":"product-type-variable","13":"has-default-attributes"},"yoast_head":"<!-- This site is optimized with the Yoast SEO plugin v27.3 - https:\/\/yoast.com\/product\/yoast-seo-wordpress\/ -->\n<title>Kaufen Sie 500 mg CBD Blackberry Keey FLAVA BLAST - Best Global Meds<\/title>\n<meta name=\"description\" content=\"Kaufen Sie 500 mg CBD Blackberry Keey FLAVA BLAST online im Sigma Vape Shop mit schnellem weltweiten Versand. Sie k\u00f6nnen 500 mg CBD Blackberry Keey FLAVA BLAST zum Verkauf finden\" \/>\n<meta name=\"robots\" content=\"index, follow, max-snippet:-1, max-image-preview:large, max-video-preview:-1\" \/>\n<link rel=\"canonical\" href=\"https:\/\/medicinasinc.com\/de\/product\/kaufen-500mg-cbd-brombeere-keey-flava-blast\/\" \/>\n<meta property=\"og:locale\" content=\"de_DE\" \/>\n<meta property=\"og:type\" content=\"article\" \/>\n<meta property=\"og:title\" content=\"Kaufen Sie 500 mg CBD Blackberry Keey FLAVA BLAST - Best Global Meds\" \/>\n<meta property=\"og:description\" content=\"Kaufen Sie 500 mg CBD Blackberry Keey FLAVA BLAST online im Sigma Vape Shop mit schnellem weltweiten Versand. Sie k\u00f6nnen 500 mg CBD Blackberry Keey FLAVA BLAST zum Verkauf finden\" \/>\n<meta property=\"og:url\" content=\"https:\/\/medicinasinc.com\/de\/product\/kaufen-500mg-cbd-brombeere-keey-flava-blast\/\" \/>\n<meta property=\"og:site_name\" content=\"Medicinas Inc\" \/>\n<meta property=\"article:modified_time\" content=\"2022-03-18T00:57:58+00:00\" \/>\n<meta property=\"og:image\" content=\"https:\/\/medicinasinc.com\/de\/wp-content\/uploads\/sites\/6\/2022\/02\/Buy-500mg-CBD-Blackberry-Keey-FLAVA-BLAST.jpg\" \/>\n\t<meta property=\"og:image:width\" content=\"800\" \/>\n\t<meta property=\"og:image:height\" content=\"800\" \/>\n\t<meta property=\"og:image:type\" content=\"image\/jpeg\" \/>\n<meta name=\"twitter:card\" content=\"summary_large_image\" \/>\n<meta name=\"twitter:label1\" content=\"Gesch\u00e4tzte Lesezeit\" \/>\n\t<meta name=\"twitter:data1\" content=\"1\u00a0Minute\" \/>\n<script type=\"application\/ld+json\" class=\"yoast-schema-graph\">{\"@context\":\"https:\\\/\\\/schema.org\",\"@graph\":[{\"@type\":\"WebPage\",\"@id\":\"https:\\\/\\\/medicinasinc.com\\\/de\\\/product\\\/kaufen-500mg-cbd-brombeere-keey-flava-blast\\\/\",\"url\":\"https:\\\/\\\/medicinasinc.com\\\/de\\\/product\\\/kaufen-500mg-cbd-brombeere-keey-flava-blast\\\/\",\"name\":\"Kaufen Sie 500 mg CBD Blackberry Keey FLAVA BLAST - Best Global Meds\",\"isPartOf\":{\"@id\":\"https:\\\/\\\/medicinasinc.com\\\/de\\\/#website\"},\"primaryImageOfPage\":{\"@id\":\"https:\\\/\\\/medicinasinc.com\\\/de\\\/product\\\/kaufen-500mg-cbd-brombeere-keey-flava-blast\\\/#primaryimage\"},\"image\":{\"@id\":\"https:\\\/\\\/medicinasinc.com\\\/de\\\/product\\\/kaufen-500mg-cbd-brombeere-keey-flava-blast\\\/#primaryimage\"},\"thumbnailUrl\":\"https:\\\/\\\/medicinasinc.com\\\/de\\\/wp-content\\\/uploads\\\/sites\\\/6\\\/2022\\\/02\\\/Buy-500mg-CBD-Blackberry-Keey-FLAVA-BLAST.jpg\",\"datePublished\":\"2022-02-20T08:29:33+00:00\",\"dateModified\":\"2022-03-18T00:57:58+00:00\",\"description\":\"Kaufen Sie 500 mg CBD Blackberry Keey FLAVA BLAST online im Sigma Vape Shop mit schnellem weltweiten Versand. Sie k\u00f6nnen 500 mg CBD Blackberry Keey FLAVA BLAST zum Verkauf finden\",\"breadcrumb\":{\"@id\":\"https:\\\/\\\/medicinasinc.com\\\/de\\\/product\\\/kaufen-500mg-cbd-brombeere-keey-flava-blast\\\/#breadcrumb\"},\"inLanguage\":\"de\",\"potentialAction\":[{\"@type\":\"ReadAction\",\"target\":[\"https:\\\/\\\/medicinasinc.com\\\/de\\\/product\\\/kaufen-500mg-cbd-brombeere-keey-flava-blast\\\/\"]}]},{\"@type\":\"ImageObject\",\"inLanguage\":\"de\",\"@id\":\"https:\\\/\\\/medicinasinc.com\\\/de\\\/product\\\/kaufen-500mg-cbd-brombeere-keey-flava-blast\\\/#primaryimage\",\"url\":\"https:\\\/\\\/medicinasinc.com\\\/de\\\/wp-content\\\/uploads\\\/sites\\\/6\\\/2022\\\/02\\\/Buy-500mg-CBD-Blackberry-Keey-FLAVA-BLAST.jpg\",\"contentUrl\":\"https:\\\/\\\/medicinasinc.com\\\/de\\\/wp-content\\\/uploads\\\/sites\\\/6\\\/2022\\\/02\\\/Buy-500mg-CBD-Blackberry-Keey-FLAVA-BLAST.jpg\",\"width\":800,\"height\":800},{\"@type\":\"BreadcrumbList\",\"@id\":\"https:\\\/\\\/medicinasinc.com\\\/de\\\/product\\\/kaufen-500mg-cbd-brombeere-keey-flava-blast\\\/#breadcrumb\",\"itemListElement\":[{\"@type\":\"ListItem\",\"position\":1,\"name\":\"Einkaufen\",\"item\":\"https:\\\/\\\/medicinasinc.com\\\/de\\\/einkaufen\\\/\"},{\"@type\":\"ListItem\",\"position\":2,\"name\":\"Kaufen Sie 500 mg CBD Blackberry Keey FLAVA BLAST\"}]},{\"@type\":\"WebSite\",\"@id\":\"https:\\\/\\\/medicinasinc.com\\\/de\\\/#website\",\"url\":\"https:\\\/\\\/medicinasinc.com\\\/de\\\/\",\"name\":\"Medicinas Inc\",\"description\":\"Health Medical Clinic\",\"potentialAction\":[{\"@type\":\"SearchAction\",\"target\":{\"@type\":\"EntryPoint\",\"urlTemplate\":\"https:\\\/\\\/medicinasinc.com\\\/de\\\/?s={search_term_string}\"},\"query-input\":{\"@type\":\"PropertyValueSpecification\",\"valueRequired\":true,\"valueName\":\"search_term_string\"}}],\"inLanguage\":\"de\"}]}<\/script>\n<!-- \/ Yoast SEO plugin. -->","yoast_head_json":{"title":"Kaufen Sie 500 mg CBD Blackberry Keey FLAVA BLAST - Best Global Meds","description":"Kaufen Sie 500 mg CBD Blackberry Keey FLAVA BLAST online im Sigma Vape Shop mit schnellem weltweiten Versand. Sie k\u00f6nnen 500 mg CBD Blackberry Keey FLAVA BLAST zum Verkauf finden","robots":{"index":"index","follow":"follow","max-snippet":"max-snippet:-1","max-image-preview":"max-image-preview:large","max-video-preview":"max-video-preview:-1"},"canonical":"https:\/\/medicinasinc.com\/de\/product\/kaufen-500mg-cbd-brombeere-keey-flava-blast\/","og_locale":"de_DE","og_type":"article","og_title":"Kaufen Sie 500 mg CBD Blackberry Keey FLAVA BLAST - Best Global Meds","og_description":"Kaufen Sie 500 mg CBD Blackberry Keey FLAVA BLAST online im Sigma Vape Shop mit schnellem weltweiten Versand. Sie k\u00f6nnen 500 mg CBD Blackberry Keey FLAVA BLAST zum Verkauf finden","og_url":"https:\/\/medicinasinc.com\/de\/product\/kaufen-500mg-cbd-brombeere-keey-flava-blast\/","og_site_name":"Medicinas Inc","article_modified_time":"2022-03-18T00:57:58+00:00","og_image":[{"width":800,"height":800,"url":"https:\/\/medicinasinc.com\/de\/wp-content\/uploads\/sites\/6\/2022\/02\/Buy-500mg-CBD-Blackberry-Keey-FLAVA-BLAST.jpg","type":"image\/jpeg"}],"twitter_card":"summary_large_image","twitter_misc":{"Gesch\u00e4tzte Lesezeit":"1\u00a0Minute"},"schema":{"@context":"https:\/\/schema.org","@graph":[{"@type":"WebPage","@id":"https:\/\/medicinasinc.com\/de\/product\/kaufen-500mg-cbd-brombeere-keey-flava-blast\/","url":"https:\/\/medicinasinc.com\/de\/product\/kaufen-500mg-cbd-brombeere-keey-flava-blast\/","name":"Kaufen Sie 500 mg CBD Blackberry Keey FLAVA BLAST - Best Global Meds","isPartOf":{"@id":"https:\/\/medicinasinc.com\/de\/#website"},"primaryImageOfPage":{"@id":"https:\/\/medicinasinc.com\/de\/product\/kaufen-500mg-cbd-brombeere-keey-flava-blast\/#primaryimage"},"image":{"@id":"https:\/\/medicinasinc.com\/de\/product\/kaufen-500mg-cbd-brombeere-keey-flava-blast\/#primaryimage"},"thumbnailUrl":"https:\/\/medicinasinc.com\/de\/wp-content\/uploads\/sites\/6\/2022\/02\/Buy-500mg-CBD-Blackberry-Keey-FLAVA-BLAST.jpg","datePublished":"2022-02-20T08:29:33+00:00","dateModified":"2022-03-18T00:57:58+00:00","description":"Kaufen Sie 500 mg CBD Blackberry Keey FLAVA BLAST online im Sigma Vape Shop mit schnellem weltweiten Versand. Sie k\u00f6nnen 500 mg CBD Blackberry Keey FLAVA BLAST zum Verkauf finden","breadcrumb":{"@id":"https:\/\/medicinasinc.com\/de\/product\/kaufen-500mg-cbd-brombeere-keey-flava-blast\/#breadcrumb"},"inLanguage":"de","potentialAction":[{"@type":"ReadAction","target":["https:\/\/medicinasinc.com\/de\/product\/kaufen-500mg-cbd-brombeere-keey-flava-blast\/"]}]},{"@type":"ImageObject","inLanguage":"de","@id":"https:\/\/medicinasinc.com\/de\/product\/kaufen-500mg-cbd-brombeere-keey-flava-blast\/#primaryimage","url":"https:\/\/medicinasinc.com\/de\/wp-content\/uploads\/sites\/6\/2022\/02\/Buy-500mg-CBD-Blackberry-Keey-FLAVA-BLAST.jpg","contentUrl":"https:\/\/medicinasinc.com\/de\/wp-content\/uploads\/sites\/6\/2022\/02\/Buy-500mg-CBD-Blackberry-Keey-FLAVA-BLAST.jpg","width":800,"height":800},{"@type":"BreadcrumbList","@id":"https:\/\/medicinasinc.com\/de\/product\/kaufen-500mg-cbd-brombeere-keey-flava-blast\/#breadcrumb","itemListElement":[{"@type":"ListItem","position":1,"name":"Einkaufen","item":"https:\/\/medicinasinc.com\/de\/einkaufen\/"},{"@type":"ListItem","position":2,"name":"Kaufen Sie 500 mg CBD Blackberry Keey FLAVA BLAST"}]},{"@type":"WebSite","@id":"https:\/\/medicinasinc.com\/de\/#website","url":"https:\/\/medicinasinc.com\/de\/","name":"Medicinas Inc","description":"Health Medical Clinic","potentialAction":[{"@type":"SearchAction","target":{"@type":"EntryPoint","urlTemplate":"https:\/\/medicinasinc.com\/de\/?s={search_term_string}"},"query-input":{"@type":"PropertyValueSpecification","valueRequired":true,"valueName":"search_term_string"}}],"inLanguage":"de"}]}},"_links":{"self":[{"href":"https:\/\/medicinasinc.com\/de\/wp-json\/wp\/v2\/product\/4353","targetHints":{"allow":["GET"]}}],"collection":[{"href":"https:\/\/medicinasinc.com\/de\/wp-json\/wp\/v2\/product"}],"about":[{"href":"https:\/\/medicinasinc.com\/de\/wp-json\/wp\/v2\/types\/product"}],"replies":[{"embeddable":true,"href":"https:\/\/medicinasinc.com\/de\/wp-json\/wp\/v2\/comments?post=4353"}],"wp:featuredmedia":[{"embeddable":true,"href":"https:\/\/medicinasinc.com\/de\/wp-json\/wp\/v2\/media\/4389"}],"wp:attachment":[{"href":"https:\/\/medicinasinc.com\/de\/wp-json\/wp\/v2\/media?parent=4353"}],"wp:term":[{"taxonomy":"product_brand","embeddable":true,"href":"https:\/\/medicinasinc.com\/de\/wp-json\/wp\/v2\/product_brand?post=4353"},{"taxonomy":"product_cat","embeddable":true,"href":"https:\/\/medicinasinc.com\/de\/wp-json\/wp\/v2\/product_cat?post=4353"},{"taxonomy":"product_tag","embeddable":true,"href":"https:\/\/medicinasinc.com\/de\/wp-json\/wp\/v2\/product_tag?post=4353"}],"curies":[{"name":"wp","href":"https:\/\/api.w.org\/{rel}","templated":true}]}}