{"id":4348,"date":"2022-02-20T08:28:43","date_gmt":"2022-02-20T08:28:43","guid":{"rendered":"https:\/\/medicinasinc.com\/de\/?post_type=product&#038;p=4348"},"modified":"2022-03-18T00:58:14","modified_gmt":"2022-03-18T00:58:14","slug":"buy-41-tincture-30ml-spearmint-aroma-green-goddess","status":"publish","type":"product","link":"https:\/\/medicinasinc.com\/de\/product\/buy-41-tincture-30ml-spearmint-aroma-green-goddess\/","title":{"rendered":"Kaufen Sie 4:1 Tinktur (30 ml) Spearmint Flavour Green Goddess"},"content":{"rendered":"<p>Kaufen Sie Green, Goddess 4:1 Tinktur (30 ml) mit Spearmint-Geschmack<\/p>\n<p>Tinkturtropfen haben erhebliche Vorteile gegen\u00fcber anderen Methoden zur Verabreichung medizinischer Cannabinoide: ein 30-ml-Glas mit einer einfach zu verwendenden Tr\u00f6pfchenapplikation erm\u00f6glicht eine genaue Dosis, die sublingual in den Mund abgegeben wird. Die Aufnahme in den Blutkreislauf \u00fcber die Mundschleimhaut erfolgt schnell und gleichm\u00e4\u00dfig. Die Tinktur wird nicht durch das Verdauungssystem oder die Leber in einen Metaboliten umgewandelt, wie es bei oral aufgenommenen Cannabinoiden in Esswaren der Fall ist.<\/p>\n<p>Formuliert unter Verwendung eines Extrakts der gesamten Cannabispflanze. Wir haben ein rein nat\u00fcrliches C8+C10-\u00d6l hinzugef\u00fcgt, das vollst\u00e4ndig aus Kokosn\u00fcssen gewonnen wird und eine hervorragende Quelle f\u00fcr starke mittelkettige Fetts\u00e4uren ist, die dazu beitragen, dass K\u00f6rper und Geist optimal funktionieren.<\/p>\n<p>13 Milligramm pro Tropfer 400 Milligramm CBD 100 Milligramm THC<\/p>\n<p>Inhaltsstoffe:<\/p>\n<p>MCT-\u00d6l mit Spearmint-Aroma Vollst\u00e4ndiger Cannabispflanzenextrakt (CBD)<\/p>\n","protected":false},"excerpt":{"rendered":"<p>Kaufen Sie 4:1-Tinktur (30 ml) Spearmint-Geschmack Green Goddess zum Verkauf in Gro\u00dfbritannien, Europa online in den USA von der gr\u00f6\u00dften Online-Apotheke, Buy My Weed Online.<\/p>\n<ul>\n<li>Weltweiter Versand<\/li>\n<li>30ml angezeigte Pipette<\/li>\n<li>400mg CBD: 100mg THC Tinktur<\/li>\n<li>Spearmint-Geschmack<\/li>\n<li>Die Mindestbestellmenge betr\u00e4gt 5<\/li>\n<\/ul>\n","protected":false},"featured_media":4383,"comment_status":"open","ping_status":"closed","template":"","meta":[],"product_brand":[],"product_cat":[440],"product_tag":[],"class_list":{"0":"post-4348","1":"product","2":"type-product","3":"status-publish","4":"has-post-thumbnail","6":"product_cat-kaufen-cannabis-cbd-ol","8":"first","9":"instock","10":"shipping-taxable","11":"purchasable","12":"product-type-variable","13":"has-default-attributes"},"yoast_head":"<!-- This site is optimized with the Yoast SEO plugin v27.3 - https:\/\/yoast.com\/product\/yoast-seo-wordpress\/ -->\n<title>Kaufen Sie 4:1 Tinktur (30 ml) Spearmint Flavour Green Goddess - Best Global Meds<\/title>\n<meta name=\"description\" content=\"Kaufen Sie 4:1-Tinktur (30 ml) mit Spearmint-Geschmack Green Goddess zum Verkauf in Gro\u00dfbritannien, Europa online in den USA von der gr\u00f6\u00dften Online-Apotheke, Buy My Weed Online.\" \/>\n<meta name=\"robots\" content=\"index, follow, max-snippet:-1, max-image-preview:large, max-video-preview:-1\" \/>\n<link rel=\"canonical\" href=\"https:\/\/medicinasinc.com\/de\/product\/buy-41-tincture-30ml-spearmint-aroma-green-goddess\/\" \/>\n<meta property=\"og:locale\" content=\"de_DE\" \/>\n<meta property=\"og:type\" content=\"article\" \/>\n<meta property=\"og:title\" content=\"Kaufen Sie 4:1 Tinktur (30 ml) Spearmint Flavour Green Goddess - Best Global Meds\" \/>\n<meta property=\"og:description\" content=\"Kaufen Sie 4:1-Tinktur (30 ml) mit Spearmint-Geschmack Green Goddess zum Verkauf in Gro\u00dfbritannien, Europa online in den USA von der gr\u00f6\u00dften Online-Apotheke, Buy My Weed Online.\" \/>\n<meta property=\"og:url\" content=\"https:\/\/medicinasinc.com\/de\/product\/buy-41-tincture-30ml-spearmint-aroma-green-goddess\/\" \/>\n<meta property=\"og:site_name\" content=\"Medicinas Inc\" \/>\n<meta property=\"article:modified_time\" content=\"2022-03-18T00:58:14+00:00\" \/>\n<meta property=\"og:image\" content=\"https:\/\/medicinasinc.com\/de\/wp-content\/uploads\/sites\/6\/2022\/02\/Spearmint-Flavour-Green-Goddess.jpg\" \/>\n\t<meta property=\"og:image:width\" content=\"483\" \/>\n\t<meta property=\"og:image:height\" content=\"483\" \/>\n\t<meta property=\"og:image:type\" content=\"image\/jpeg\" \/>\n<meta name=\"twitter:card\" content=\"summary_large_image\" \/>\n<meta name=\"twitter:label1\" content=\"Gesch\u00e4tzte Lesezeit\" \/>\n\t<meta name=\"twitter:data1\" content=\"1\u00a0Minute\" \/>\n<script type=\"application\/ld+json\" class=\"yoast-schema-graph\">{\"@context\":\"https:\\\/\\\/schema.org\",\"@graph\":[{\"@type\":\"WebPage\",\"@id\":\"https:\\\/\\\/medicinasinc.com\\\/de\\\/product\\\/buy-41-tincture-30ml-spearmint-aroma-green-goddess\\\/\",\"url\":\"https:\\\/\\\/medicinasinc.com\\\/de\\\/product\\\/buy-41-tincture-30ml-spearmint-aroma-green-goddess\\\/\",\"name\":\"Kaufen Sie 4:1 Tinktur (30 ml) Spearmint Flavour Green Goddess - Best Global Meds\",\"isPartOf\":{\"@id\":\"https:\\\/\\\/medicinasinc.com\\\/de\\\/#website\"},\"primaryImageOfPage\":{\"@id\":\"https:\\\/\\\/medicinasinc.com\\\/de\\\/product\\\/buy-41-tincture-30ml-spearmint-aroma-green-goddess\\\/#primaryimage\"},\"image\":{\"@id\":\"https:\\\/\\\/medicinasinc.com\\\/de\\\/product\\\/buy-41-tincture-30ml-spearmint-aroma-green-goddess\\\/#primaryimage\"},\"thumbnailUrl\":\"https:\\\/\\\/medicinasinc.com\\\/de\\\/wp-content\\\/uploads\\\/sites\\\/6\\\/2022\\\/02\\\/Spearmint-Flavour-Green-Goddess.jpg\",\"datePublished\":\"2022-02-20T08:28:43+00:00\",\"dateModified\":\"2022-03-18T00:58:14+00:00\",\"description\":\"Kaufen Sie 4:1-Tinktur (30 ml) mit Spearmint-Geschmack Green Goddess zum Verkauf in Gro\u00dfbritannien, Europa online in den USA von der gr\u00f6\u00dften Online-Apotheke, Buy My Weed Online.\",\"breadcrumb\":{\"@id\":\"https:\\\/\\\/medicinasinc.com\\\/de\\\/product\\\/buy-41-tincture-30ml-spearmint-aroma-green-goddess\\\/#breadcrumb\"},\"inLanguage\":\"de\",\"potentialAction\":[{\"@type\":\"ReadAction\",\"target\":[\"https:\\\/\\\/medicinasinc.com\\\/de\\\/product\\\/buy-41-tincture-30ml-spearmint-aroma-green-goddess\\\/\"]}]},{\"@type\":\"ImageObject\",\"inLanguage\":\"de\",\"@id\":\"https:\\\/\\\/medicinasinc.com\\\/de\\\/product\\\/buy-41-tincture-30ml-spearmint-aroma-green-goddess\\\/#primaryimage\",\"url\":\"https:\\\/\\\/medicinasinc.com\\\/de\\\/wp-content\\\/uploads\\\/sites\\\/6\\\/2022\\\/02\\\/Spearmint-Flavour-Green-Goddess.jpg\",\"contentUrl\":\"https:\\\/\\\/medicinasinc.com\\\/de\\\/wp-content\\\/uploads\\\/sites\\\/6\\\/2022\\\/02\\\/Spearmint-Flavour-Green-Goddess.jpg\",\"width\":483,\"height\":483},{\"@type\":\"BreadcrumbList\",\"@id\":\"https:\\\/\\\/medicinasinc.com\\\/de\\\/product\\\/buy-41-tincture-30ml-spearmint-aroma-green-goddess\\\/#breadcrumb\",\"itemListElement\":[{\"@type\":\"ListItem\",\"position\":1,\"name\":\"Einkaufen\",\"item\":\"https:\\\/\\\/medicinasinc.com\\\/de\\\/einkaufen\\\/\"},{\"@type\":\"ListItem\",\"position\":2,\"name\":\"Kaufen Sie 4:1 Tinktur (30 ml) Spearmint Flavour Green Goddess\"}]},{\"@type\":\"WebSite\",\"@id\":\"https:\\\/\\\/medicinasinc.com\\\/de\\\/#website\",\"url\":\"https:\\\/\\\/medicinasinc.com\\\/de\\\/\",\"name\":\"Medicinas Inc\",\"description\":\"Health Medical Clinic\",\"potentialAction\":[{\"@type\":\"SearchAction\",\"target\":{\"@type\":\"EntryPoint\",\"urlTemplate\":\"https:\\\/\\\/medicinasinc.com\\\/de\\\/?s={search_term_string}\"},\"query-input\":{\"@type\":\"PropertyValueSpecification\",\"valueRequired\":true,\"valueName\":\"search_term_string\"}}],\"inLanguage\":\"de\"}]}<\/script>\n<!-- \/ Yoast SEO plugin. -->","yoast_head_json":{"title":"Kaufen Sie 4:1 Tinktur (30 ml) Spearmint Flavour Green Goddess - Best Global Meds","description":"Kaufen Sie 4:1-Tinktur (30 ml) mit Spearmint-Geschmack Green Goddess zum Verkauf in Gro\u00dfbritannien, Europa online in den USA von der gr\u00f6\u00dften Online-Apotheke, Buy My Weed Online.","robots":{"index":"index","follow":"follow","max-snippet":"max-snippet:-1","max-image-preview":"max-image-preview:large","max-video-preview":"max-video-preview:-1"},"canonical":"https:\/\/medicinasinc.com\/de\/product\/buy-41-tincture-30ml-spearmint-aroma-green-goddess\/","og_locale":"de_DE","og_type":"article","og_title":"Kaufen Sie 4:1 Tinktur (30 ml) Spearmint Flavour Green Goddess - Best Global Meds","og_description":"Kaufen Sie 4:1-Tinktur (30 ml) mit Spearmint-Geschmack Green Goddess zum Verkauf in Gro\u00dfbritannien, Europa online in den USA von der gr\u00f6\u00dften Online-Apotheke, Buy My Weed Online.","og_url":"https:\/\/medicinasinc.com\/de\/product\/buy-41-tincture-30ml-spearmint-aroma-green-goddess\/","og_site_name":"Medicinas Inc","article_modified_time":"2022-03-18T00:58:14+00:00","og_image":[{"width":483,"height":483,"url":"https:\/\/medicinasinc.com\/de\/wp-content\/uploads\/sites\/6\/2022\/02\/Spearmint-Flavour-Green-Goddess.jpg","type":"image\/jpeg"}],"twitter_card":"summary_large_image","twitter_misc":{"Gesch\u00e4tzte Lesezeit":"1\u00a0Minute"},"schema":{"@context":"https:\/\/schema.org","@graph":[{"@type":"WebPage","@id":"https:\/\/medicinasinc.com\/de\/product\/buy-41-tincture-30ml-spearmint-aroma-green-goddess\/","url":"https:\/\/medicinasinc.com\/de\/product\/buy-41-tincture-30ml-spearmint-aroma-green-goddess\/","name":"Kaufen Sie 4:1 Tinktur (30 ml) Spearmint Flavour Green Goddess - Best Global Meds","isPartOf":{"@id":"https:\/\/medicinasinc.com\/de\/#website"},"primaryImageOfPage":{"@id":"https:\/\/medicinasinc.com\/de\/product\/buy-41-tincture-30ml-spearmint-aroma-green-goddess\/#primaryimage"},"image":{"@id":"https:\/\/medicinasinc.com\/de\/product\/buy-41-tincture-30ml-spearmint-aroma-green-goddess\/#primaryimage"},"thumbnailUrl":"https:\/\/medicinasinc.com\/de\/wp-content\/uploads\/sites\/6\/2022\/02\/Spearmint-Flavour-Green-Goddess.jpg","datePublished":"2022-02-20T08:28:43+00:00","dateModified":"2022-03-18T00:58:14+00:00","description":"Kaufen Sie 4:1-Tinktur (30 ml) mit Spearmint-Geschmack Green Goddess zum Verkauf in Gro\u00dfbritannien, Europa online in den USA von der gr\u00f6\u00dften Online-Apotheke, Buy My Weed Online.","breadcrumb":{"@id":"https:\/\/medicinasinc.com\/de\/product\/buy-41-tincture-30ml-spearmint-aroma-green-goddess\/#breadcrumb"},"inLanguage":"de","potentialAction":[{"@type":"ReadAction","target":["https:\/\/medicinasinc.com\/de\/product\/buy-41-tincture-30ml-spearmint-aroma-green-goddess\/"]}]},{"@type":"ImageObject","inLanguage":"de","@id":"https:\/\/medicinasinc.com\/de\/product\/buy-41-tincture-30ml-spearmint-aroma-green-goddess\/#primaryimage","url":"https:\/\/medicinasinc.com\/de\/wp-content\/uploads\/sites\/6\/2022\/02\/Spearmint-Flavour-Green-Goddess.jpg","contentUrl":"https:\/\/medicinasinc.com\/de\/wp-content\/uploads\/sites\/6\/2022\/02\/Spearmint-Flavour-Green-Goddess.jpg","width":483,"height":483},{"@type":"BreadcrumbList","@id":"https:\/\/medicinasinc.com\/de\/product\/buy-41-tincture-30ml-spearmint-aroma-green-goddess\/#breadcrumb","itemListElement":[{"@type":"ListItem","position":1,"name":"Einkaufen","item":"https:\/\/medicinasinc.com\/de\/einkaufen\/"},{"@type":"ListItem","position":2,"name":"Kaufen Sie 4:1 Tinktur (30 ml) Spearmint Flavour Green Goddess"}]},{"@type":"WebSite","@id":"https:\/\/medicinasinc.com\/de\/#website","url":"https:\/\/medicinasinc.com\/de\/","name":"Medicinas Inc","description":"Health Medical Clinic","potentialAction":[{"@type":"SearchAction","target":{"@type":"EntryPoint","urlTemplate":"https:\/\/medicinasinc.com\/de\/?s={search_term_string}"},"query-input":{"@type":"PropertyValueSpecification","valueRequired":true,"valueName":"search_term_string"}}],"inLanguage":"de"}]}},"_links":{"self":[{"href":"https:\/\/medicinasinc.com\/de\/wp-json\/wp\/v2\/product\/4348","targetHints":{"allow":["GET"]}}],"collection":[{"href":"https:\/\/medicinasinc.com\/de\/wp-json\/wp\/v2\/product"}],"about":[{"href":"https:\/\/medicinasinc.com\/de\/wp-json\/wp\/v2\/types\/product"}],"replies":[{"embeddable":true,"href":"https:\/\/medicinasinc.com\/de\/wp-json\/wp\/v2\/comments?post=4348"}],"wp:featuredmedia":[{"embeddable":true,"href":"https:\/\/medicinasinc.com\/de\/wp-json\/wp\/v2\/media\/4383"}],"wp:attachment":[{"href":"https:\/\/medicinasinc.com\/de\/wp-json\/wp\/v2\/media?parent=4348"}],"wp:term":[{"taxonomy":"product_brand","embeddable":true,"href":"https:\/\/medicinasinc.com\/de\/wp-json\/wp\/v2\/product_brand?post=4348"},{"taxonomy":"product_cat","embeddable":true,"href":"https:\/\/medicinasinc.com\/de\/wp-json\/wp\/v2\/product_cat?post=4348"},{"taxonomy":"product_tag","embeddable":true,"href":"https:\/\/medicinasinc.com\/de\/wp-json\/wp\/v2\/product_tag?post=4348"}],"curies":[{"name":"wp","href":"https:\/\/api.w.org\/{rel}","templated":true}]}}