{"id":4338,"date":"2022-02-20T08:27:22","date_gmt":"2022-02-20T08:27:22","guid":{"rendered":"https:\/\/medicinasinc.com\/de\/?post_type=product&#038;p=4338"},"modified":"2022-03-18T00:58:32","modified_gmt":"2022-03-18T00:58:32","slug":"kaufen-250mg-thc-nebelspray-10ml-ease","status":"publish","type":"product","link":"https:\/\/medicinasinc.com\/de\/product\/kaufen-250mg-thc-nebelspray-10ml-ease\/","title":{"rendered":"Kaufen Sie 250 mg THC Nebelspray 10 ml \u2013 Ease"},"content":{"rendered":"<p>Kaufen Sie 10 ml 250 mg THC Mist Spray \u2013 Ease<\/p>\n<p>Mit unserem k\u00f6stlichen, mit Cannabis angereicherten Atemspray hebt Ease Sublingual Spray das traditionelle Tinkturkonzept auf eine ganz neue Ebene. Mit Ease Spray k\u00f6nnen Sie unabh\u00e4ngig vom Standort nach Bedarf dosieren, ohne Angst vor dem Stigma zu haben, das traditionell mit den meisten Cannabisprodukten verbunden ist. Ease Spray enth\u00e4lt satte 5 mg Medikamente pro Spr\u00fchsto\u00df, sodass Sie genau das Niveau einnehmen k\u00f6nnen, das Ihren Bed\u00fcrfnissen entspricht. Ease Sprays enthalten keinen Alkohol, L\u00f6sungsmittel oder Petrochemikalien in ihrer rein nat\u00fcrlichen Formel aus Kokosnussextrakten, Terpenen und Cannabisextrakten.<\/p>\n<p>Dieses Produkt vereinfacht die Einnahme von Medikamenten unterwegs! Mit dem brandneuen Ease Shake n Spray Extra Strength!<\/p>\n<p>DOSIERUNGEN F\u00dcR SUBLINGUALE SPRAYFLASCHEN<\/p>\n<p>250 \u200b\u200bmg THC in einer 10-ml-Glasflasche<\/p>\n<p>Jede Flasche enth\u00e4lt 50 -60 Spr\u00fchst\u00f6\u00dfe.<\/p>\n","protected":false},"excerpt":{"rendered":"<p>Kaufen Sie 250 mg THC Mist Spray UK 10 ml zum Verkauf in Europa online. Ease Spray gibt Ihnen die Freiheit, nach Bedarf zu dosieren, wo immer Sie sind, ohne sich Gedanken \u00fcber das traditionelle Stigma machen zu m\u00fcssen<\/p>\n<ul>\n<li>Weltweiter Versand<\/li>\n<li>EXTRA STRENGTH THC MIST SPRAY<\/li>\n<li>10 ml Glasflasche 250 mg THC<\/li>\n<li>Mindestbestellmenge ist 5<\/li>\n<li><strong>Kontaktieren Sie uns<\/strong>\u00a0f\u00fcr gr\u00f6\u00dfere Bestellungen<\/li>\n<\/ul>\n","protected":false},"featured_media":4371,"comment_status":"open","ping_status":"closed","template":"","meta":[],"product_brand":[],"product_cat":[440],"product_tag":[],"class_list":{"0":"post-4338","1":"product","2":"type-product","3":"status-publish","4":"has-post-thumbnail","6":"product_cat-kaufen-cannabis-cbd-ol","8":"first","9":"instock","10":"shipping-taxable","11":"purchasable","12":"product-type-variable","13":"has-default-attributes"},"yoast_head":"<!-- This site is optimized with the Yoast SEO plugin v27.3 - https:\/\/yoast.com\/product\/yoast-seo-wordpress\/ -->\n<title>Kaufen Sie 250 mg THC Mist Spray 10 ml \u2013 Ease - Best Global Meds<\/title>\n<meta name=\"description\" content=\"Kaufen Sie 250 mg THC Mist Spray UK 10 ml zum Verkauf in Europa online. Ease Spray gibt Ihnen die Freiheit, nach Bedarf zu dosieren, wo immer Sie sind, ohne sich um die traditionelle Stigmatisierung sorgen zu m\u00fcssen\" \/>\n<meta name=\"robots\" content=\"index, follow, max-snippet:-1, max-image-preview:large, max-video-preview:-1\" \/>\n<link rel=\"canonical\" href=\"https:\/\/medicinasinc.com\/de\/product\/kaufen-250mg-thc-nebelspray-10ml-ease\/\" \/>\n<meta property=\"og:locale\" content=\"de_DE\" \/>\n<meta property=\"og:type\" content=\"article\" \/>\n<meta property=\"og:title\" content=\"Kaufen Sie 250 mg THC Mist Spray 10 ml \u2013 Ease - Best Global Meds\" \/>\n<meta property=\"og:description\" content=\"Kaufen Sie 250 mg THC Mist Spray UK 10 ml zum Verkauf in Europa online. Ease Spray gibt Ihnen die Freiheit, nach Bedarf zu dosieren, wo immer Sie sind, ohne sich um die traditionelle Stigmatisierung sorgen zu m\u00fcssen\" \/>\n<meta property=\"og:url\" content=\"https:\/\/medicinasinc.com\/de\/product\/kaufen-250mg-thc-nebelspray-10ml-ease\/\" \/>\n<meta property=\"og:site_name\" content=\"Medicinas Inc\" \/>\n<meta property=\"article:modified_time\" content=\"2022-03-18T00:58:32+00:00\" \/>\n<meta property=\"og:image\" content=\"https:\/\/medicinasinc.com\/de\/wp-content\/uploads\/sites\/6\/2022\/02\/Buy-250mg-THC-Mist-Spray-10ml.jpg\" \/>\n\t<meta property=\"og:image:width\" content=\"1500\" \/>\n\t<meta property=\"og:image:height\" content=\"1500\" \/>\n\t<meta property=\"og:image:type\" content=\"image\/jpeg\" \/>\n<meta name=\"twitter:card\" content=\"summary_large_image\" \/>\n<meta name=\"twitter:label1\" content=\"Gesch\u00e4tzte Lesezeit\" \/>\n\t<meta name=\"twitter:data1\" content=\"1\u00a0Minute\" \/>\n<script type=\"application\/ld+json\" class=\"yoast-schema-graph\">{\"@context\":\"https:\\\/\\\/schema.org\",\"@graph\":[{\"@type\":\"WebPage\",\"@id\":\"https:\\\/\\\/medicinasinc.com\\\/de\\\/product\\\/kaufen-250mg-thc-nebelspray-10ml-ease\\\/\",\"url\":\"https:\\\/\\\/medicinasinc.com\\\/de\\\/product\\\/kaufen-250mg-thc-nebelspray-10ml-ease\\\/\",\"name\":\"Kaufen Sie 250 mg THC Mist Spray 10 ml \u2013 Ease - Best Global Meds\",\"isPartOf\":{\"@id\":\"https:\\\/\\\/medicinasinc.com\\\/de\\\/#website\"},\"primaryImageOfPage\":{\"@id\":\"https:\\\/\\\/medicinasinc.com\\\/de\\\/product\\\/kaufen-250mg-thc-nebelspray-10ml-ease\\\/#primaryimage\"},\"image\":{\"@id\":\"https:\\\/\\\/medicinasinc.com\\\/de\\\/product\\\/kaufen-250mg-thc-nebelspray-10ml-ease\\\/#primaryimage\"},\"thumbnailUrl\":\"https:\\\/\\\/medicinasinc.com\\\/de\\\/wp-content\\\/uploads\\\/sites\\\/6\\\/2022\\\/02\\\/Buy-250mg-THC-Mist-Spray-10ml.jpg\",\"datePublished\":\"2022-02-20T08:27:22+00:00\",\"dateModified\":\"2022-03-18T00:58:32+00:00\",\"description\":\"Kaufen Sie 250 mg THC Mist Spray UK 10 ml zum Verkauf in Europa online. Ease Spray gibt Ihnen die Freiheit, nach Bedarf zu dosieren, wo immer Sie sind, ohne sich um die traditionelle Stigmatisierung sorgen zu m\u00fcssen\",\"breadcrumb\":{\"@id\":\"https:\\\/\\\/medicinasinc.com\\\/de\\\/product\\\/kaufen-250mg-thc-nebelspray-10ml-ease\\\/#breadcrumb\"},\"inLanguage\":\"de\",\"potentialAction\":[{\"@type\":\"ReadAction\",\"target\":[\"https:\\\/\\\/medicinasinc.com\\\/de\\\/product\\\/kaufen-250mg-thc-nebelspray-10ml-ease\\\/\"]}]},{\"@type\":\"ImageObject\",\"inLanguage\":\"de\",\"@id\":\"https:\\\/\\\/medicinasinc.com\\\/de\\\/product\\\/kaufen-250mg-thc-nebelspray-10ml-ease\\\/#primaryimage\",\"url\":\"https:\\\/\\\/medicinasinc.com\\\/de\\\/wp-content\\\/uploads\\\/sites\\\/6\\\/2022\\\/02\\\/Buy-250mg-THC-Mist-Spray-10ml.jpg\",\"contentUrl\":\"https:\\\/\\\/medicinasinc.com\\\/de\\\/wp-content\\\/uploads\\\/sites\\\/6\\\/2022\\\/02\\\/Buy-250mg-THC-Mist-Spray-10ml.jpg\",\"width\":1500,\"height\":1500},{\"@type\":\"BreadcrumbList\",\"@id\":\"https:\\\/\\\/medicinasinc.com\\\/de\\\/product\\\/kaufen-250mg-thc-nebelspray-10ml-ease\\\/#breadcrumb\",\"itemListElement\":[{\"@type\":\"ListItem\",\"position\":1,\"name\":\"Einkaufen\",\"item\":\"https:\\\/\\\/medicinasinc.com\\\/de\\\/einkaufen\\\/\"},{\"@type\":\"ListItem\",\"position\":2,\"name\":\"Kaufen Sie 250 mg THC Nebelspray 10 ml \u2013 Ease\"}]},{\"@type\":\"WebSite\",\"@id\":\"https:\\\/\\\/medicinasinc.com\\\/de\\\/#website\",\"url\":\"https:\\\/\\\/medicinasinc.com\\\/de\\\/\",\"name\":\"Medicinas Inc\",\"description\":\"Health Medical Clinic\",\"potentialAction\":[{\"@type\":\"SearchAction\",\"target\":{\"@type\":\"EntryPoint\",\"urlTemplate\":\"https:\\\/\\\/medicinasinc.com\\\/de\\\/?s={search_term_string}\"},\"query-input\":{\"@type\":\"PropertyValueSpecification\",\"valueRequired\":true,\"valueName\":\"search_term_string\"}}],\"inLanguage\":\"de\"}]}<\/script>\n<!-- \/ Yoast SEO plugin. -->","yoast_head_json":{"title":"Kaufen Sie 250 mg THC Mist Spray 10 ml \u2013 Ease - Best Global Meds","description":"Kaufen Sie 250 mg THC Mist Spray UK 10 ml zum Verkauf in Europa online. Ease Spray gibt Ihnen die Freiheit, nach Bedarf zu dosieren, wo immer Sie sind, ohne sich um die traditionelle Stigmatisierung sorgen zu m\u00fcssen","robots":{"index":"index","follow":"follow","max-snippet":"max-snippet:-1","max-image-preview":"max-image-preview:large","max-video-preview":"max-video-preview:-1"},"canonical":"https:\/\/medicinasinc.com\/de\/product\/kaufen-250mg-thc-nebelspray-10ml-ease\/","og_locale":"de_DE","og_type":"article","og_title":"Kaufen Sie 250 mg THC Mist Spray 10 ml \u2013 Ease - Best Global Meds","og_description":"Kaufen Sie 250 mg THC Mist Spray UK 10 ml zum Verkauf in Europa online. Ease Spray gibt Ihnen die Freiheit, nach Bedarf zu dosieren, wo immer Sie sind, ohne sich um die traditionelle Stigmatisierung sorgen zu m\u00fcssen","og_url":"https:\/\/medicinasinc.com\/de\/product\/kaufen-250mg-thc-nebelspray-10ml-ease\/","og_site_name":"Medicinas Inc","article_modified_time":"2022-03-18T00:58:32+00:00","og_image":[{"width":1500,"height":1500,"url":"https:\/\/medicinasinc.com\/de\/wp-content\/uploads\/sites\/6\/2022\/02\/Buy-250mg-THC-Mist-Spray-10ml.jpg","type":"image\/jpeg"}],"twitter_card":"summary_large_image","twitter_misc":{"Gesch\u00e4tzte Lesezeit":"1\u00a0Minute"},"schema":{"@context":"https:\/\/schema.org","@graph":[{"@type":"WebPage","@id":"https:\/\/medicinasinc.com\/de\/product\/kaufen-250mg-thc-nebelspray-10ml-ease\/","url":"https:\/\/medicinasinc.com\/de\/product\/kaufen-250mg-thc-nebelspray-10ml-ease\/","name":"Kaufen Sie 250 mg THC Mist Spray 10 ml \u2013 Ease - Best Global Meds","isPartOf":{"@id":"https:\/\/medicinasinc.com\/de\/#website"},"primaryImageOfPage":{"@id":"https:\/\/medicinasinc.com\/de\/product\/kaufen-250mg-thc-nebelspray-10ml-ease\/#primaryimage"},"image":{"@id":"https:\/\/medicinasinc.com\/de\/product\/kaufen-250mg-thc-nebelspray-10ml-ease\/#primaryimage"},"thumbnailUrl":"https:\/\/medicinasinc.com\/de\/wp-content\/uploads\/sites\/6\/2022\/02\/Buy-250mg-THC-Mist-Spray-10ml.jpg","datePublished":"2022-02-20T08:27:22+00:00","dateModified":"2022-03-18T00:58:32+00:00","description":"Kaufen Sie 250 mg THC Mist Spray UK 10 ml zum Verkauf in Europa online. Ease Spray gibt Ihnen die Freiheit, nach Bedarf zu dosieren, wo immer Sie sind, ohne sich um die traditionelle Stigmatisierung sorgen zu m\u00fcssen","breadcrumb":{"@id":"https:\/\/medicinasinc.com\/de\/product\/kaufen-250mg-thc-nebelspray-10ml-ease\/#breadcrumb"},"inLanguage":"de","potentialAction":[{"@type":"ReadAction","target":["https:\/\/medicinasinc.com\/de\/product\/kaufen-250mg-thc-nebelspray-10ml-ease\/"]}]},{"@type":"ImageObject","inLanguage":"de","@id":"https:\/\/medicinasinc.com\/de\/product\/kaufen-250mg-thc-nebelspray-10ml-ease\/#primaryimage","url":"https:\/\/medicinasinc.com\/de\/wp-content\/uploads\/sites\/6\/2022\/02\/Buy-250mg-THC-Mist-Spray-10ml.jpg","contentUrl":"https:\/\/medicinasinc.com\/de\/wp-content\/uploads\/sites\/6\/2022\/02\/Buy-250mg-THC-Mist-Spray-10ml.jpg","width":1500,"height":1500},{"@type":"BreadcrumbList","@id":"https:\/\/medicinasinc.com\/de\/product\/kaufen-250mg-thc-nebelspray-10ml-ease\/#breadcrumb","itemListElement":[{"@type":"ListItem","position":1,"name":"Einkaufen","item":"https:\/\/medicinasinc.com\/de\/einkaufen\/"},{"@type":"ListItem","position":2,"name":"Kaufen Sie 250 mg THC Nebelspray 10 ml \u2013 Ease"}]},{"@type":"WebSite","@id":"https:\/\/medicinasinc.com\/de\/#website","url":"https:\/\/medicinasinc.com\/de\/","name":"Medicinas Inc","description":"Health Medical Clinic","potentialAction":[{"@type":"SearchAction","target":{"@type":"EntryPoint","urlTemplate":"https:\/\/medicinasinc.com\/de\/?s={search_term_string}"},"query-input":{"@type":"PropertyValueSpecification","valueRequired":true,"valueName":"search_term_string"}}],"inLanguage":"de"}]}},"_links":{"self":[{"href":"https:\/\/medicinasinc.com\/de\/wp-json\/wp\/v2\/product\/4338","targetHints":{"allow":["GET"]}}],"collection":[{"href":"https:\/\/medicinasinc.com\/de\/wp-json\/wp\/v2\/product"}],"about":[{"href":"https:\/\/medicinasinc.com\/de\/wp-json\/wp\/v2\/types\/product"}],"replies":[{"embeddable":true,"href":"https:\/\/medicinasinc.com\/de\/wp-json\/wp\/v2\/comments?post=4338"}],"wp:featuredmedia":[{"embeddable":true,"href":"https:\/\/medicinasinc.com\/de\/wp-json\/wp\/v2\/media\/4371"}],"wp:attachment":[{"href":"https:\/\/medicinasinc.com\/de\/wp-json\/wp\/v2\/media?parent=4338"}],"wp:term":[{"taxonomy":"product_brand","embeddable":true,"href":"https:\/\/medicinasinc.com\/de\/wp-json\/wp\/v2\/product_brand?post=4338"},{"taxonomy":"product_cat","embeddable":true,"href":"https:\/\/medicinasinc.com\/de\/wp-json\/wp\/v2\/product_cat?post=4338"},{"taxonomy":"product_tag","embeddable":true,"href":"https:\/\/medicinasinc.com\/de\/wp-json\/wp\/v2\/product_tag?post=4338"}],"curies":[{"name":"wp","href":"https:\/\/api.w.org\/{rel}","templated":true}]}}