{"id":4327,"date":"2022-02-20T08:26:03","date_gmt":"2022-02-20T08:26:03","guid":{"rendered":"https:\/\/medicinasinc.com\/de\/?post_type=product&#038;p=4327"},"modified":"2022-03-18T00:59:06","modified_gmt":"2022-03-18T00:59:06","slug":"destillat-tinktur-1000mg-thc-grune-gottin","status":"publish","type":"product","link":"https:\/\/medicinasinc.com\/de\/product\/destillat-tinktur-1000mg-thc-grune-gottin\/","title":{"rendered":"Destillat-Tinktur \u2013 1000 mg THC \u2013 Gr\u00fcne G\u00f6ttin"},"content":{"rendered":"<p>Green Goddess \u2013 1000 mg THC-Tinktur<\/p>\n<p>Green Goddess Tinkturtropfen haben mehrere Vorteile gegen\u00fcber anderen Methoden zur Verabreichung medizinischer Cannabinoide: Ein 30-ml-Beh\u00e4lter mit einfach zu verwendender Tr\u00f6pfchenapplikation erm\u00f6glicht eine pr\u00e4zise und zuverl\u00e4ssige sublinguale Dosierung. Die Mundschleimhaut erleichtert eine schnelle und gleichm\u00e4\u00dfige Aufnahme in den Blutkreislauf. Das Verdauungssystem und die Leber sind an der Verarbeitung dieser Tinkturen nicht beteiligt, wie sie es bei oral eingenommenen Cannabinoiden sind, die in Esswaren vorkommen. Diskret und ideal f\u00fcr Nichtraucher, die die Vorteile von THC suchen, denen aber die zum Rauchen notwendige Atemkapazit\u00e4t fehlt.<\/p>\n<p>Hergestellt aus einem Extrakt der gesamten Cannabispflanze. Wir haben ein rein nat\u00fcrliches C8+C10-\u00d6l hinzugef\u00fcgt, eine zu 100 Prozent aus Bio-Kokos gewonnene Quelle f\u00fcr starke mittelkettige Fetts\u00e4uren, die K\u00f6rper und Geist dabei helfen, ihre besten Leistungen zu erbringen. Nat\u00fcrliches Aroma wurde hinzugef\u00fcgt.<\/p>\n<p>Inhaltsstoffe:<\/p>\n<p>MCT-\u00d6l, angereichert mit Cannabis-Pflanzenextrakt (THC)<\/p>\n<p>Verwendungsvorschl\u00e4ge<\/p>\n<p>1 &#8211; 2 Pipetten alle drei bis vier Stunden unter die Zunge tropfen und 30 Sekunden lang halten, um maximale Linderung zu erzielen. Konsultieren Sie Ihren Arzt, um die richtige Dosierung zu bestimmen. Die Einnahme auf n\u00fcchternen Magen wird nicht empfohlen.<\/p>\n","protected":false},"excerpt":{"rendered":"<p>Unser Premium-CBD-Destillat mit 1000 mg THC-Tinktur aus Hanf\u00f6l enth\u00e4lt 1000 mg CBD, das aus in Colorado angebautem Bio-Hanf extrahiert wird. Nehmen Sie diese Tinktur t\u00e4glich f\u00fcr Wellness powered by Plants ein!<\/p>\n<ul>\n<li>Weltweiter Versand<\/li>\n<li>1000 mg THC pro 30 ml<\/li>\n<li>Die Mindestbestellmenge betr\u00e4gt 5<\/li>\n<li>Kontaktieren Sie uns f\u00fcr gr\u00f6\u00dfere Bestellungen<\/li>\n<\/ul>\n","protected":false},"featured_media":4357,"comment_status":"open","ping_status":"closed","template":"","meta":[],"product_brand":[],"product_cat":[440],"product_tag":[],"class_list":{"0":"post-4327","1":"product","2":"type-product","3":"status-publish","4":"has-post-thumbnail","6":"product_cat-kaufen-cannabis-cbd-ol","8":"first","9":"instock","10":"shipping-taxable","11":"purchasable","12":"product-type-variable","13":"has-default-attributes"},"yoast_head":"<!-- This site is optimized with the Yoast SEO plugin v27.3 - https:\/\/yoast.com\/product\/yoast-seo-wordpress\/ -->\n<title>Destillat 1000 mg THC-Tinktur \u2013 Green Goddess \u2013 Best Global Meds<\/title>\n<meta name=\"description\" content=\"Unser erstklassiges CBD-Destillat mit 1000 mg THC-Tinktur aus Hanf\u00f6l enth\u00e4lt 1000 mg CBD, das aus in Colorado angebautem Bio-Hanf extrahiert wird. Nehmen Sie diese Tinktur t\u00e4glich f\u00fcr Wellness mit Pflanzen!\" \/>\n<meta name=\"robots\" content=\"index, follow, max-snippet:-1, max-image-preview:large, max-video-preview:-1\" \/>\n<link rel=\"canonical\" href=\"https:\/\/medicinasinc.com\/de\/product\/destillat-tinktur-1000mg-thc-grune-gottin\/\" \/>\n<meta property=\"og:locale\" content=\"de_DE\" \/>\n<meta property=\"og:type\" content=\"article\" \/>\n<meta property=\"og:title\" content=\"Destillat 1000 mg THC-Tinktur \u2013 Green Goddess \u2013 Best Global Meds\" \/>\n<meta property=\"og:description\" content=\"Unser erstklassiges CBD-Destillat mit 1000 mg THC-Tinktur aus Hanf\u00f6l enth\u00e4lt 1000 mg CBD, das aus in Colorado angebautem Bio-Hanf extrahiert wird. Nehmen Sie diese Tinktur t\u00e4glich f\u00fcr Wellness mit Pflanzen!\" \/>\n<meta property=\"og:url\" content=\"https:\/\/medicinasinc.com\/de\/product\/destillat-tinktur-1000mg-thc-grune-gottin\/\" \/>\n<meta property=\"og:site_name\" content=\"Medicinas Inc\" \/>\n<meta property=\"article:modified_time\" content=\"2022-03-18T00:59:06+00:00\" \/>\n<meta property=\"og:image\" content=\"https:\/\/medicinasinc.com\/de\/wp-content\/uploads\/sites\/6\/2022\/02\/1000mg-THC-Tincture.jpg\" \/>\n\t<meta property=\"og:image:width\" content=\"600\" \/>\n\t<meta property=\"og:image:height\" content=\"600\" \/>\n\t<meta property=\"og:image:type\" content=\"image\/jpeg\" \/>\n<meta name=\"twitter:card\" content=\"summary_large_image\" \/>\n<meta name=\"twitter:label1\" content=\"Gesch\u00e4tzte Lesezeit\" \/>\n\t<meta name=\"twitter:data1\" content=\"1\u00a0Minute\" \/>\n<script type=\"application\/ld+json\" class=\"yoast-schema-graph\">{\"@context\":\"https:\\\/\\\/schema.org\",\"@graph\":[{\"@type\":\"WebPage\",\"@id\":\"https:\\\/\\\/medicinasinc.com\\\/de\\\/product\\\/destillat-tinktur-1000mg-thc-grune-gottin\\\/\",\"url\":\"https:\\\/\\\/medicinasinc.com\\\/de\\\/product\\\/destillat-tinktur-1000mg-thc-grune-gottin\\\/\",\"name\":\"Destillat 1000 mg THC-Tinktur \u2013 Green Goddess \u2013 Best Global Meds\",\"isPartOf\":{\"@id\":\"https:\\\/\\\/medicinasinc.com\\\/de\\\/#website\"},\"primaryImageOfPage\":{\"@id\":\"https:\\\/\\\/medicinasinc.com\\\/de\\\/product\\\/destillat-tinktur-1000mg-thc-grune-gottin\\\/#primaryimage\"},\"image\":{\"@id\":\"https:\\\/\\\/medicinasinc.com\\\/de\\\/product\\\/destillat-tinktur-1000mg-thc-grune-gottin\\\/#primaryimage\"},\"thumbnailUrl\":\"https:\\\/\\\/medicinasinc.com\\\/de\\\/wp-content\\\/uploads\\\/sites\\\/6\\\/2022\\\/02\\\/1000mg-THC-Tincture.jpg\",\"datePublished\":\"2022-02-20T08:26:03+00:00\",\"dateModified\":\"2022-03-18T00:59:06+00:00\",\"description\":\"Unser erstklassiges CBD-Destillat mit 1000 mg THC-Tinktur aus Hanf\u00f6l enth\u00e4lt 1000 mg CBD, das aus in Colorado angebautem Bio-Hanf extrahiert wird. Nehmen Sie diese Tinktur t\u00e4glich f\u00fcr Wellness mit Pflanzen!\",\"breadcrumb\":{\"@id\":\"https:\\\/\\\/medicinasinc.com\\\/de\\\/product\\\/destillat-tinktur-1000mg-thc-grune-gottin\\\/#breadcrumb\"},\"inLanguage\":\"de\",\"potentialAction\":[{\"@type\":\"ReadAction\",\"target\":[\"https:\\\/\\\/medicinasinc.com\\\/de\\\/product\\\/destillat-tinktur-1000mg-thc-grune-gottin\\\/\"]}]},{\"@type\":\"ImageObject\",\"inLanguage\":\"de\",\"@id\":\"https:\\\/\\\/medicinasinc.com\\\/de\\\/product\\\/destillat-tinktur-1000mg-thc-grune-gottin\\\/#primaryimage\",\"url\":\"https:\\\/\\\/medicinasinc.com\\\/de\\\/wp-content\\\/uploads\\\/sites\\\/6\\\/2022\\\/02\\\/1000mg-THC-Tincture.jpg\",\"contentUrl\":\"https:\\\/\\\/medicinasinc.com\\\/de\\\/wp-content\\\/uploads\\\/sites\\\/6\\\/2022\\\/02\\\/1000mg-THC-Tincture.jpg\",\"width\":600,\"height\":600},{\"@type\":\"BreadcrumbList\",\"@id\":\"https:\\\/\\\/medicinasinc.com\\\/de\\\/product\\\/destillat-tinktur-1000mg-thc-grune-gottin\\\/#breadcrumb\",\"itemListElement\":[{\"@type\":\"ListItem\",\"position\":1,\"name\":\"Einkaufen\",\"item\":\"https:\\\/\\\/medicinasinc.com\\\/de\\\/einkaufen\\\/\"},{\"@type\":\"ListItem\",\"position\":2,\"name\":\"Destillat-Tinktur \u2013 1000 mg THC \u2013 Gr\u00fcne G\u00f6ttin\"}]},{\"@type\":\"WebSite\",\"@id\":\"https:\\\/\\\/medicinasinc.com\\\/de\\\/#website\",\"url\":\"https:\\\/\\\/medicinasinc.com\\\/de\\\/\",\"name\":\"Medicinas Inc\",\"description\":\"Health Medical Clinic\",\"potentialAction\":[{\"@type\":\"SearchAction\",\"target\":{\"@type\":\"EntryPoint\",\"urlTemplate\":\"https:\\\/\\\/medicinasinc.com\\\/de\\\/?s={search_term_string}\"},\"query-input\":{\"@type\":\"PropertyValueSpecification\",\"valueRequired\":true,\"valueName\":\"search_term_string\"}}],\"inLanguage\":\"de\"}]}<\/script>\n<!-- \/ Yoast SEO plugin. -->","yoast_head_json":{"title":"Destillat 1000 mg THC-Tinktur \u2013 Green Goddess \u2013 Best Global Meds","description":"Unser erstklassiges CBD-Destillat mit 1000 mg THC-Tinktur aus Hanf\u00f6l enth\u00e4lt 1000 mg CBD, das aus in Colorado angebautem Bio-Hanf extrahiert wird. Nehmen Sie diese Tinktur t\u00e4glich f\u00fcr Wellness mit Pflanzen!","robots":{"index":"index","follow":"follow","max-snippet":"max-snippet:-1","max-image-preview":"max-image-preview:large","max-video-preview":"max-video-preview:-1"},"canonical":"https:\/\/medicinasinc.com\/de\/product\/destillat-tinktur-1000mg-thc-grune-gottin\/","og_locale":"de_DE","og_type":"article","og_title":"Destillat 1000 mg THC-Tinktur \u2013 Green Goddess \u2013 Best Global Meds","og_description":"Unser erstklassiges CBD-Destillat mit 1000 mg THC-Tinktur aus Hanf\u00f6l enth\u00e4lt 1000 mg CBD, das aus in Colorado angebautem Bio-Hanf extrahiert wird. Nehmen Sie diese Tinktur t\u00e4glich f\u00fcr Wellness mit Pflanzen!","og_url":"https:\/\/medicinasinc.com\/de\/product\/destillat-tinktur-1000mg-thc-grune-gottin\/","og_site_name":"Medicinas Inc","article_modified_time":"2022-03-18T00:59:06+00:00","og_image":[{"width":600,"height":600,"url":"https:\/\/medicinasinc.com\/de\/wp-content\/uploads\/sites\/6\/2022\/02\/1000mg-THC-Tincture.jpg","type":"image\/jpeg"}],"twitter_card":"summary_large_image","twitter_misc":{"Gesch\u00e4tzte Lesezeit":"1\u00a0Minute"},"schema":{"@context":"https:\/\/schema.org","@graph":[{"@type":"WebPage","@id":"https:\/\/medicinasinc.com\/de\/product\/destillat-tinktur-1000mg-thc-grune-gottin\/","url":"https:\/\/medicinasinc.com\/de\/product\/destillat-tinktur-1000mg-thc-grune-gottin\/","name":"Destillat 1000 mg THC-Tinktur \u2013 Green Goddess \u2013 Best Global Meds","isPartOf":{"@id":"https:\/\/medicinasinc.com\/de\/#website"},"primaryImageOfPage":{"@id":"https:\/\/medicinasinc.com\/de\/product\/destillat-tinktur-1000mg-thc-grune-gottin\/#primaryimage"},"image":{"@id":"https:\/\/medicinasinc.com\/de\/product\/destillat-tinktur-1000mg-thc-grune-gottin\/#primaryimage"},"thumbnailUrl":"https:\/\/medicinasinc.com\/de\/wp-content\/uploads\/sites\/6\/2022\/02\/1000mg-THC-Tincture.jpg","datePublished":"2022-02-20T08:26:03+00:00","dateModified":"2022-03-18T00:59:06+00:00","description":"Unser erstklassiges CBD-Destillat mit 1000 mg THC-Tinktur aus Hanf\u00f6l enth\u00e4lt 1000 mg CBD, das aus in Colorado angebautem Bio-Hanf extrahiert wird. Nehmen Sie diese Tinktur t\u00e4glich f\u00fcr Wellness mit Pflanzen!","breadcrumb":{"@id":"https:\/\/medicinasinc.com\/de\/product\/destillat-tinktur-1000mg-thc-grune-gottin\/#breadcrumb"},"inLanguage":"de","potentialAction":[{"@type":"ReadAction","target":["https:\/\/medicinasinc.com\/de\/product\/destillat-tinktur-1000mg-thc-grune-gottin\/"]}]},{"@type":"ImageObject","inLanguage":"de","@id":"https:\/\/medicinasinc.com\/de\/product\/destillat-tinktur-1000mg-thc-grune-gottin\/#primaryimage","url":"https:\/\/medicinasinc.com\/de\/wp-content\/uploads\/sites\/6\/2022\/02\/1000mg-THC-Tincture.jpg","contentUrl":"https:\/\/medicinasinc.com\/de\/wp-content\/uploads\/sites\/6\/2022\/02\/1000mg-THC-Tincture.jpg","width":600,"height":600},{"@type":"BreadcrumbList","@id":"https:\/\/medicinasinc.com\/de\/product\/destillat-tinktur-1000mg-thc-grune-gottin\/#breadcrumb","itemListElement":[{"@type":"ListItem","position":1,"name":"Einkaufen","item":"https:\/\/medicinasinc.com\/de\/einkaufen\/"},{"@type":"ListItem","position":2,"name":"Destillat-Tinktur \u2013 1000 mg THC \u2013 Gr\u00fcne G\u00f6ttin"}]},{"@type":"WebSite","@id":"https:\/\/medicinasinc.com\/de\/#website","url":"https:\/\/medicinasinc.com\/de\/","name":"Medicinas Inc","description":"Health Medical Clinic","potentialAction":[{"@type":"SearchAction","target":{"@type":"EntryPoint","urlTemplate":"https:\/\/medicinasinc.com\/de\/?s={search_term_string}"},"query-input":{"@type":"PropertyValueSpecification","valueRequired":true,"valueName":"search_term_string"}}],"inLanguage":"de"}]}},"_links":{"self":[{"href":"https:\/\/medicinasinc.com\/de\/wp-json\/wp\/v2\/product\/4327","targetHints":{"allow":["GET"]}}],"collection":[{"href":"https:\/\/medicinasinc.com\/de\/wp-json\/wp\/v2\/product"}],"about":[{"href":"https:\/\/medicinasinc.com\/de\/wp-json\/wp\/v2\/types\/product"}],"replies":[{"embeddable":true,"href":"https:\/\/medicinasinc.com\/de\/wp-json\/wp\/v2\/comments?post=4327"}],"wp:featuredmedia":[{"embeddable":true,"href":"https:\/\/medicinasinc.com\/de\/wp-json\/wp\/v2\/media\/4357"}],"wp:attachment":[{"href":"https:\/\/medicinasinc.com\/de\/wp-json\/wp\/v2\/media?parent=4327"}],"wp:term":[{"taxonomy":"product_brand","embeddable":true,"href":"https:\/\/medicinasinc.com\/de\/wp-json\/wp\/v2\/product_brand?post=4327"},{"taxonomy":"product_cat","embeddable":true,"href":"https:\/\/medicinasinc.com\/de\/wp-json\/wp\/v2\/product_cat?post=4327"},{"taxonomy":"product_tag","embeddable":true,"href":"https:\/\/medicinasinc.com\/de\/wp-json\/wp\/v2\/product_tag?post=4327"}],"curies":[{"name":"wp","href":"https:\/\/api.w.org\/{rel}","templated":true}]}}