{"id":5926,"date":"2022-02-22T08:28:02","date_gmt":"2022-02-22T08:28:02","guid":{"rendered":"https:\/\/medicinasinc.com\/da\/?post_type=product&#038;p=5926"},"modified":"2022-03-19T21:04:14","modified_gmt":"2022-03-19T21:04:14","slug":"kob-thj-018","status":"publish","type":"product","link":"https:\/\/medicinasinc.com\/da\/product\/kob-thj-018\/","title":{"rendered":"K\u00f8b THJ-018"},"content":{"rendered":"<p>P\u00e5 trods af den stigende udbredelse af nye psykoaktive forbindelser er der i \u00f8jeblikket ingen data om menneskelig metabolisme tilg\u00e6ngelige, hvilket g\u00f8r laboratoriedokumentation af indtagelse i urinpr\u00f8ver og vurdering af l\u00e6gemidlernes farmakodynamiske, farmakokinetiske og toksikologiske egenskaber vanskeligere.<\/p>\n<p>Syntetiske cannabis-indazolanaloger af JWH-018 og THJ-2201 blev frigivet i 2014 som THJ-018 og THJ-2201.<\/p>\n<p>THJ 018 er en helt ny syntetisk medicin, der kan k\u00f8bes. Det er klassificeret som en cannabinoid. Denne forbindelse er et derivat af det velkendte jwh 018-l\u00e6gemiddel.<\/p>\n<p>Det Nationale Forensic Laboratory Information System har 220 THJ-2201-rapporter if\u00f8lge AM-2201. I januar 2015 klassificerede Drug Enforcement Administration THJ-2201 som skema I p\u00e5 grund af mange u\u00f8nskede h\u00e6ndelser.<\/p>\n<p>METODER: Efter inkubation af 10 mol\/L THJ-018 og THJ-2201 i humane hepatocytter i 3 timer, vi brugte h\u00f8jopl\u00f8sningsmassespektrometri (HR-MS) (TripleTOF 5600+) for at opdage optimale metabolitmark\u00f8rer. Produktion-scanninger med massedefektfiltre blev aktiveret ved fuldst\u00e6ndig scanning og informationsafh\u00e6ngig opsamling. MetaSite blev brugt til at lave forudsigelser af silicometabolitter, som derefter blev sammenlignet med metabolitter fundet i humane hepatocytter.<\/p>\n<p>RESULTATER: Der blev fundet 13 THJ-018-metabolitter med hydroxylering p\u00e5 N-pentylk\u00e6den og efterf\u00f8lgende oxidation eller glucuronidering er de dominerende metaboliske ruter. Der blev fundet 27 metabolitter i THJ-2201, hvor hovedparten var oxidativ defluorering efterfulgt af carboxylering eller glucuronidering, samt glukuronidering af hydroxylerede metabolitter.<\/p>\n<p>Begge forbindelser viste dihydrodiolsyntese p\u00e5 naphthalendelen. MetaSite-forudsigelse var n\u00f8jagtig for THJ-018-hepatocytmetabolitter, mens THJ-2201-oxidativ defluorering blev undervurderet.<\/p>\n<p>KONKLUSIONER: Vi unders\u00f8gte THJ-018- og THJ-2201-metabolisme i humane hepatocytter ved hj\u00e6lp af HR-MS til dataindsamling behandling, og vi anbefaler relevante indikatorer for laboratorier til at identificere THJ-018 og THJ-2201 indtagelse og relatere dokumenterede negative resultater til disse nye syntetiske cannabinoider.<\/p>\n<p>SC&#8217;er binder til endogene cannabinoidreceptorer og producerer cannabimimetiske effekter, der kan sammenlignes med 9 -tetrahydrocannabinol (1, 2). Misbrug af SC3 f\u00f8rer til alvorlige bivirkninger s\u00e5som akut nyreskade, myokardieinfarkt og d\u00f8d (3, 4).<\/p>\n<p>P\u00e5 trods af disse risici forts\u00e6tter folk med at indtage SC. Mange SC&#8217;er er blevet planlagt i USA, Japan og de fleste europ\u00e6iske nationer (for eksempel JWH018, JWH-073, AKB48 og XLR-11); der opst\u00e5r dog konstant yderligere strukturelt varierede forbindelser.<\/p>\n","protected":false},"excerpt":{"rendered":"<p>K\u00f8b THJ-018 (SGT-17) til salg Europa, Storbritannien er en syntetisk cannabinoid, der er indazolanalogen til JWH-018 og er blevet solgt online som et designerl\u00e6gemiddel. Engrosordre tilg\u00e6ngelig<\/p>\n","protected":false},"featured_media":5940,"comment_status":"open","ping_status":"closed","template":"","meta":[],"product_brand":[],"product_cat":[2596],"product_tag":[4105,4107,4109,4103,4106,4104,4108],"class_list":{"0":"post-5926","1":"product","2":"type-product","3":"status-publish","4":"has-post-thumbnail","6":"product_cat-cannabinoider-til-salg","7":"product_tag-bestil-thj-018-online","8":"product_tag-det-bedste-sted-at-kbe-thj-018-online","9":"product_tag-hvor-kan-kbes-thj-018-online","10":"product_tag-kb-thj-018-online","11":"product_tag-purchase-thj-018-online","12":"product_tag-sdan-kber-man-thj-018-online","13":"product_tag-thj-018-for-sale","15":"first","16":"instock","17":"shipping-taxable","18":"purchasable","19":"product-type-variable"},"yoast_head":"<!-- This site is optimized with the Yoast SEO plugin v27.3 - https:\/\/yoast.com\/product\/yoast-seo-wordpress\/ -->\n<title>K\u00f8b THJ-018 - SGT-17 - Bedste bedste globale medicin<\/title>\n<meta name=\"description\" content=\"K\u00f8b THJ-018 (SGT-17) til salg Europa, Storbritannien er en syntetisk cannabinoid, der er indazolanalogen til JWH-018 og er blevet solgt online som et designerl\u00e6gemiddel. Engrosordre tilg\u00e6ngelig\" \/>\n<meta name=\"robots\" content=\"index, follow, max-snippet:-1, max-image-preview:large, max-video-preview:-1\" \/>\n<link rel=\"canonical\" href=\"https:\/\/medicinasinc.com\/da\/product\/kob-thj-018\/\" \/>\n<meta property=\"og:locale\" content=\"en_US\" \/>\n<meta property=\"og:type\" content=\"article\" \/>\n<meta property=\"og:title\" content=\"K\u00f8b THJ-018 - SGT-17 - Bedste bedste globale medicin\" \/>\n<meta property=\"og:description\" content=\"K\u00f8b THJ-018 (SGT-17) til salg Europa, Storbritannien er en syntetisk cannabinoid, der er indazolanalogen til JWH-018 og er blevet solgt online som et designerl\u00e6gemiddel. Engrosordre tilg\u00e6ngelig\" \/>\n<meta property=\"og:url\" content=\"https:\/\/medicinasinc.com\/da\/product\/kob-thj-018\/\" \/>\n<meta property=\"og:site_name\" content=\"Medicinas Inc\" \/>\n<meta property=\"article:modified_time\" content=\"2022-03-19T21:04:14+00:00\" \/>\n<meta property=\"og:image\" content=\"https:\/\/medicinasinc.com\/da\/wp-content\/uploads\/sites\/8\/2022\/02\/Buy-THJ-018.jpeg\" \/>\n\t<meta property=\"og:image:width\" content=\"751\" \/>\n\t<meta property=\"og:image:height\" content=\"800\" \/>\n\t<meta property=\"og:image:type\" content=\"image\/jpeg\" \/>\n<meta name=\"twitter:card\" content=\"summary_large_image\" \/>\n<meta name=\"twitter:label1\" content=\"Est. reading time\" \/>\n\t<meta name=\"twitter:data1\" content=\"2 minutes\" \/>\n<script type=\"application\/ld+json\" class=\"yoast-schema-graph\">{\"@context\":\"https:\\\/\\\/schema.org\",\"@graph\":[{\"@type\":\"WebPage\",\"@id\":\"https:\\\/\\\/medicinasinc.com\\\/da\\\/product\\\/kob-thj-018\\\/\",\"url\":\"https:\\\/\\\/medicinasinc.com\\\/da\\\/product\\\/kob-thj-018\\\/\",\"name\":\"K\u00f8b THJ-018 - SGT-17 - Bedste bedste globale medicin\",\"isPartOf\":{\"@id\":\"https:\\\/\\\/medicinasinc.com\\\/da\\\/#website\"},\"primaryImageOfPage\":{\"@id\":\"https:\\\/\\\/medicinasinc.com\\\/da\\\/product\\\/kob-thj-018\\\/#primaryimage\"},\"image\":{\"@id\":\"https:\\\/\\\/medicinasinc.com\\\/da\\\/product\\\/kob-thj-018\\\/#primaryimage\"},\"thumbnailUrl\":\"https:\\\/\\\/medicinasinc.com\\\/da\\\/wp-content\\\/uploads\\\/sites\\\/8\\\/2022\\\/02\\\/Buy-THJ-018.jpeg\",\"datePublished\":\"2022-02-22T08:28:02+00:00\",\"dateModified\":\"2022-03-19T21:04:14+00:00\",\"description\":\"K\u00f8b THJ-018 (SGT-17) til salg Europa, Storbritannien er en syntetisk cannabinoid, der er indazolanalogen til JWH-018 og er blevet solgt online som et designerl\u00e6gemiddel. Engrosordre tilg\u00e6ngelig\",\"breadcrumb\":{\"@id\":\"https:\\\/\\\/medicinasinc.com\\\/da\\\/product\\\/kob-thj-018\\\/#breadcrumb\"},\"inLanguage\":\"en-US\",\"potentialAction\":[{\"@type\":\"ReadAction\",\"target\":[\"https:\\\/\\\/medicinasinc.com\\\/da\\\/product\\\/kob-thj-018\\\/\"]}]},{\"@type\":\"ImageObject\",\"inLanguage\":\"en-US\",\"@id\":\"https:\\\/\\\/medicinasinc.com\\\/da\\\/product\\\/kob-thj-018\\\/#primaryimage\",\"url\":\"https:\\\/\\\/medicinasinc.com\\\/da\\\/wp-content\\\/uploads\\\/sites\\\/8\\\/2022\\\/02\\\/Buy-THJ-018.jpeg\",\"contentUrl\":\"https:\\\/\\\/medicinasinc.com\\\/da\\\/wp-content\\\/uploads\\\/sites\\\/8\\\/2022\\\/02\\\/Buy-THJ-018.jpeg\",\"width\":751,\"height\":800},{\"@type\":\"BreadcrumbList\",\"@id\":\"https:\\\/\\\/medicinasinc.com\\\/da\\\/product\\\/kob-thj-018\\\/#breadcrumb\",\"itemListElement\":[{\"@type\":\"ListItem\",\"position\":1,\"name\":\"Butik\",\"item\":\"https:\\\/\\\/medicinasinc.com\\\/da\\\/butik\\\/\"},{\"@type\":\"ListItem\",\"position\":2,\"name\":\"K\u00f8b THJ-018\"}]},{\"@type\":\"WebSite\",\"@id\":\"https:\\\/\\\/medicinasinc.com\\\/da\\\/#website\",\"url\":\"https:\\\/\\\/medicinasinc.com\\\/da\\\/\",\"name\":\"Medicinas Inc\",\"description\":\"Health Medical Clinic\",\"potentialAction\":[{\"@type\":\"SearchAction\",\"target\":{\"@type\":\"EntryPoint\",\"urlTemplate\":\"https:\\\/\\\/medicinasinc.com\\\/da\\\/?s={search_term_string}\"},\"query-input\":{\"@type\":\"PropertyValueSpecification\",\"valueRequired\":true,\"valueName\":\"search_term_string\"}}],\"inLanguage\":\"en-US\"}]}<\/script>\n<!-- \/ Yoast SEO plugin. -->","yoast_head_json":{"title":"K\u00f8b THJ-018 - SGT-17 - Bedste bedste globale medicin","description":"K\u00f8b THJ-018 (SGT-17) til salg Europa, Storbritannien er en syntetisk cannabinoid, der er indazolanalogen til JWH-018 og er blevet solgt online som et designerl\u00e6gemiddel. Engrosordre tilg\u00e6ngelig","robots":{"index":"index","follow":"follow","max-snippet":"max-snippet:-1","max-image-preview":"max-image-preview:large","max-video-preview":"max-video-preview:-1"},"canonical":"https:\/\/medicinasinc.com\/da\/product\/kob-thj-018\/","og_locale":"en_US","og_type":"article","og_title":"K\u00f8b THJ-018 - SGT-17 - Bedste bedste globale medicin","og_description":"K\u00f8b THJ-018 (SGT-17) til salg Europa, Storbritannien er en syntetisk cannabinoid, der er indazolanalogen til JWH-018 og er blevet solgt online som et designerl\u00e6gemiddel. Engrosordre tilg\u00e6ngelig","og_url":"https:\/\/medicinasinc.com\/da\/product\/kob-thj-018\/","og_site_name":"Medicinas Inc","article_modified_time":"2022-03-19T21:04:14+00:00","og_image":[{"width":751,"height":800,"url":"https:\/\/medicinasinc.com\/da\/wp-content\/uploads\/sites\/8\/2022\/02\/Buy-THJ-018.jpeg","type":"image\/jpeg"}],"twitter_card":"summary_large_image","twitter_misc":{"Est. reading time":"2 minutes"},"schema":{"@context":"https:\/\/schema.org","@graph":[{"@type":"WebPage","@id":"https:\/\/medicinasinc.com\/da\/product\/kob-thj-018\/","url":"https:\/\/medicinasinc.com\/da\/product\/kob-thj-018\/","name":"K\u00f8b THJ-018 - SGT-17 - Bedste bedste globale medicin","isPartOf":{"@id":"https:\/\/medicinasinc.com\/da\/#website"},"primaryImageOfPage":{"@id":"https:\/\/medicinasinc.com\/da\/product\/kob-thj-018\/#primaryimage"},"image":{"@id":"https:\/\/medicinasinc.com\/da\/product\/kob-thj-018\/#primaryimage"},"thumbnailUrl":"https:\/\/medicinasinc.com\/da\/wp-content\/uploads\/sites\/8\/2022\/02\/Buy-THJ-018.jpeg","datePublished":"2022-02-22T08:28:02+00:00","dateModified":"2022-03-19T21:04:14+00:00","description":"K\u00f8b THJ-018 (SGT-17) til salg Europa, Storbritannien er en syntetisk cannabinoid, der er indazolanalogen til JWH-018 og er blevet solgt online som et designerl\u00e6gemiddel. Engrosordre tilg\u00e6ngelig","breadcrumb":{"@id":"https:\/\/medicinasinc.com\/da\/product\/kob-thj-018\/#breadcrumb"},"inLanguage":"en-US","potentialAction":[{"@type":"ReadAction","target":["https:\/\/medicinasinc.com\/da\/product\/kob-thj-018\/"]}]},{"@type":"ImageObject","inLanguage":"en-US","@id":"https:\/\/medicinasinc.com\/da\/product\/kob-thj-018\/#primaryimage","url":"https:\/\/medicinasinc.com\/da\/wp-content\/uploads\/sites\/8\/2022\/02\/Buy-THJ-018.jpeg","contentUrl":"https:\/\/medicinasinc.com\/da\/wp-content\/uploads\/sites\/8\/2022\/02\/Buy-THJ-018.jpeg","width":751,"height":800},{"@type":"BreadcrumbList","@id":"https:\/\/medicinasinc.com\/da\/product\/kob-thj-018\/#breadcrumb","itemListElement":[{"@type":"ListItem","position":1,"name":"Butik","item":"https:\/\/medicinasinc.com\/da\/butik\/"},{"@type":"ListItem","position":2,"name":"K\u00f8b THJ-018"}]},{"@type":"WebSite","@id":"https:\/\/medicinasinc.com\/da\/#website","url":"https:\/\/medicinasinc.com\/da\/","name":"Medicinas Inc","description":"Health Medical Clinic","potentialAction":[{"@type":"SearchAction","target":{"@type":"EntryPoint","urlTemplate":"https:\/\/medicinasinc.com\/da\/?s={search_term_string}"},"query-input":{"@type":"PropertyValueSpecification","valueRequired":true,"valueName":"search_term_string"}}],"inLanguage":"en-US"}]}},"_links":{"self":[{"href":"https:\/\/medicinasinc.com\/da\/wp-json\/wp\/v2\/product\/5926","targetHints":{"allow":["GET"]}}],"collection":[{"href":"https:\/\/medicinasinc.com\/da\/wp-json\/wp\/v2\/product"}],"about":[{"href":"https:\/\/medicinasinc.com\/da\/wp-json\/wp\/v2\/types\/product"}],"replies":[{"embeddable":true,"href":"https:\/\/medicinasinc.com\/da\/wp-json\/wp\/v2\/comments?post=5926"}],"wp:featuredmedia":[{"embeddable":true,"href":"https:\/\/medicinasinc.com\/da\/wp-json\/wp\/v2\/media\/5940"}],"wp:attachment":[{"href":"https:\/\/medicinasinc.com\/da\/wp-json\/wp\/v2\/media?parent=5926"}],"wp:term":[{"taxonomy":"product_brand","embeddable":true,"href":"https:\/\/medicinasinc.com\/da\/wp-json\/wp\/v2\/product_brand?post=5926"},{"taxonomy":"product_cat","embeddable":true,"href":"https:\/\/medicinasinc.com\/da\/wp-json\/wp\/v2\/product_cat?post=5926"},{"taxonomy":"product_tag","embeddable":true,"href":"https:\/\/medicinasinc.com\/da\/wp-json\/wp\/v2\/product_tag?post=5926"}],"curies":[{"name":"wp","href":"https:\/\/api.w.org\/{rel}","templated":true}]}}