{"id":5921,"date":"2022-02-22T08:23:15","date_gmt":"2022-02-22T08:23:15","guid":{"rendered":"https:\/\/medicinasinc.com\/da\/?post_type=product&#038;p=5921"},"modified":"2022-03-19T21:04:42","modified_gmt":"2022-03-19T21:04:42","slug":"kob-sdb-005","status":"publish","type":"product","link":"https:\/\/medicinasinc.com\/da\/product\/kob-sdb-005\/","title":{"rendered":"K\u00f8b SDB-005"},"content":{"rendered":"<p>SDB-005 er en syntetisk cannabis baseret p\u00e5 indazoler, der er blevet udbudt som et designerl\u00e6gemiddel online. Det menes at v\u00e6re en cannabinoid-receptoragonist for CB1 og CB2. SDB-005 er en indazolkerneanalog af PB-22 med en naphthalengruppe i stedet for 8-hydroxyquinolin.<\/p>\n<p>SDB-005 blev tidligere tildelt et andet kemikalie, N-phenylanalogen af \u200b\u200bSDB- 006, snarere end N-benzyl-modstykket til SDB-006. Dette kemikalie er en st\u00e6rk agonist af CB1 (Ki = 21 nM) og CB2 (Ki = 140 nM) receptorer.<\/p>\n<p>SDB-005 er en syntetisk cannabis baseret p\u00e5 indazoler, der er blevet tilbudt som et designerl\u00e6gemiddel online. Det menes at v\u00e6re en cannabinoid-receptoragonist for CB1 og CB2. SDB-005 er en indazolkerneanalog af PB-22 med en naphthalengruppe i stedet for 8-hydroxyquinolinen.<\/p>\n","protected":false},"excerpt":{"rendered":"<p>K\u00f8b SDB-005 til salg Europa, Storbritannien\u00a0er en\u00a0indazol-baseret\u00a0syntetisk cannabinoid\u00a0der er blevet solgt online som et\u00a0designermiddel<\/p>\n","protected":false},"featured_media":5939,"comment_status":"open","ping_status":"closed","template":"","meta":[],"product_brand":[],"product_cat":[2596],"product_tag":[4098,4096,4101,4097,4102,4099,4100],"class_list":{"0":"post-5921","1":"product","2":"type-product","3":"status-publish","4":"has-post-thumbnail","6":"product_cat-cannabinoider-til-salg","7":"product_tag-ordre-sdb005-online","8":"product_tag-buy-sdb005-online","9":"product_tag-det-bedste-sted-at-kbe-sdb005-online","10":"product_tag-how-to-buy-sdb005-online","11":"product_tag-hvor-kan-kbes-sdb005-online","12":"product_tag-kb-sdb005-online","13":"product_tag-sdb005-til-salg","15":"first","16":"instock","17":"shipping-taxable","18":"purchasable","19":"product-type-variable"},"yoast_head":"<!-- This site is optimized with the Yoast SEO plugin v27.3 - https:\/\/yoast.com\/product\/yoast-seo-wordpress\/ -->\n<title>K\u00f8b SDB-005 - SDB005 - Bedste globale medicin<\/title>\n<meta name=\"description\" content=\"K\u00f8b SDB-005 til salg Europa, Storbritannien\u00a0er en\u00a0indazol-baseret\u00a0syntetisk cannabinoid\u00a0der er blevet solgt online som et\u00a0designerl\u00e6gemiddel.\" \/>\n<meta name=\"robots\" content=\"index, follow, max-snippet:-1, max-image-preview:large, max-video-preview:-1\" \/>\n<link rel=\"canonical\" href=\"https:\/\/medicinasinc.com\/da\/product\/kob-sdb-005\/\" \/>\n<meta property=\"og:locale\" content=\"en_US\" \/>\n<meta property=\"og:type\" content=\"article\" \/>\n<meta property=\"og:title\" content=\"K\u00f8b SDB-005 - SDB005 - Bedste globale medicin\" \/>\n<meta property=\"og:description\" content=\"K\u00f8b SDB-005 til salg Europa, Storbritannien\u00a0er en\u00a0indazol-baseret\u00a0syntetisk cannabinoid\u00a0der er blevet solgt online som et\u00a0designerl\u00e6gemiddel.\" \/>\n<meta property=\"og:url\" content=\"https:\/\/medicinasinc.com\/da\/product\/kob-sdb-005\/\" \/>\n<meta property=\"og:site_name\" content=\"Medicinas Inc\" \/>\n<meta property=\"article:modified_time\" content=\"2022-03-19T21:04:42+00:00\" \/>\n<meta property=\"og:image\" content=\"https:\/\/medicinasinc.com\/da\/wp-content\/uploads\/sites\/8\/2022\/02\/Buy-SDB-005.jpeg\" \/>\n\t<meta property=\"og:image:width\" content=\"600\" \/>\n\t<meta property=\"og:image:height\" content=\"451\" \/>\n\t<meta property=\"og:image:type\" content=\"image\/jpeg\" \/>\n<meta name=\"twitter:card\" content=\"summary_large_image\" \/>\n<meta name=\"twitter:label1\" content=\"Est. reading time\" \/>\n\t<meta name=\"twitter:data1\" content=\"1 minute\" \/>\n<script type=\"application\/ld+json\" class=\"yoast-schema-graph\">{\"@context\":\"https:\\\/\\\/schema.org\",\"@graph\":[{\"@type\":\"WebPage\",\"@id\":\"https:\\\/\\\/medicinasinc.com\\\/da\\\/product\\\/kob-sdb-005\\\/\",\"url\":\"https:\\\/\\\/medicinasinc.com\\\/da\\\/product\\\/kob-sdb-005\\\/\",\"name\":\"K\u00f8b SDB-005 - SDB005 - Bedste globale medicin\",\"isPartOf\":{\"@id\":\"https:\\\/\\\/medicinasinc.com\\\/da\\\/#website\"},\"primaryImageOfPage\":{\"@id\":\"https:\\\/\\\/medicinasinc.com\\\/da\\\/product\\\/kob-sdb-005\\\/#primaryimage\"},\"image\":{\"@id\":\"https:\\\/\\\/medicinasinc.com\\\/da\\\/product\\\/kob-sdb-005\\\/#primaryimage\"},\"thumbnailUrl\":\"https:\\\/\\\/medicinasinc.com\\\/da\\\/wp-content\\\/uploads\\\/sites\\\/8\\\/2022\\\/02\\\/Buy-SDB-005.jpeg\",\"datePublished\":\"2022-02-22T08:23:15+00:00\",\"dateModified\":\"2022-03-19T21:04:42+00:00\",\"description\":\"K\u00f8b SDB-005 til salg Europa, Storbritannien\u00a0er en\u00a0indazol-baseret\u00a0syntetisk cannabinoid\u00a0der er blevet solgt online som et\u00a0designerl\u00e6gemiddel.\",\"breadcrumb\":{\"@id\":\"https:\\\/\\\/medicinasinc.com\\\/da\\\/product\\\/kob-sdb-005\\\/#breadcrumb\"},\"inLanguage\":\"en-US\",\"potentialAction\":[{\"@type\":\"ReadAction\",\"target\":[\"https:\\\/\\\/medicinasinc.com\\\/da\\\/product\\\/kob-sdb-005\\\/\"]}]},{\"@type\":\"ImageObject\",\"inLanguage\":\"en-US\",\"@id\":\"https:\\\/\\\/medicinasinc.com\\\/da\\\/product\\\/kob-sdb-005\\\/#primaryimage\",\"url\":\"https:\\\/\\\/medicinasinc.com\\\/da\\\/wp-content\\\/uploads\\\/sites\\\/8\\\/2022\\\/02\\\/Buy-SDB-005.jpeg\",\"contentUrl\":\"https:\\\/\\\/medicinasinc.com\\\/da\\\/wp-content\\\/uploads\\\/sites\\\/8\\\/2022\\\/02\\\/Buy-SDB-005.jpeg\",\"width\":600,\"height\":451},{\"@type\":\"BreadcrumbList\",\"@id\":\"https:\\\/\\\/medicinasinc.com\\\/da\\\/product\\\/kob-sdb-005\\\/#breadcrumb\",\"itemListElement\":[{\"@type\":\"ListItem\",\"position\":1,\"name\":\"Butik\",\"item\":\"https:\\\/\\\/medicinasinc.com\\\/da\\\/butik\\\/\"},{\"@type\":\"ListItem\",\"position\":2,\"name\":\"K\u00f8b SDB-005\"}]},{\"@type\":\"WebSite\",\"@id\":\"https:\\\/\\\/medicinasinc.com\\\/da\\\/#website\",\"url\":\"https:\\\/\\\/medicinasinc.com\\\/da\\\/\",\"name\":\"Medicinas Inc\",\"description\":\"Health Medical Clinic\",\"potentialAction\":[{\"@type\":\"SearchAction\",\"target\":{\"@type\":\"EntryPoint\",\"urlTemplate\":\"https:\\\/\\\/medicinasinc.com\\\/da\\\/?s={search_term_string}\"},\"query-input\":{\"@type\":\"PropertyValueSpecification\",\"valueRequired\":true,\"valueName\":\"search_term_string\"}}],\"inLanguage\":\"en-US\"}]}<\/script>\n<!-- \/ Yoast SEO plugin. -->","yoast_head_json":{"title":"K\u00f8b SDB-005 - SDB005 - Bedste globale medicin","description":"K\u00f8b SDB-005 til salg Europa, Storbritannien\u00a0er en\u00a0indazol-baseret\u00a0syntetisk cannabinoid\u00a0der er blevet solgt online som et\u00a0designerl\u00e6gemiddel.","robots":{"index":"index","follow":"follow","max-snippet":"max-snippet:-1","max-image-preview":"max-image-preview:large","max-video-preview":"max-video-preview:-1"},"canonical":"https:\/\/medicinasinc.com\/da\/product\/kob-sdb-005\/","og_locale":"en_US","og_type":"article","og_title":"K\u00f8b SDB-005 - SDB005 - Bedste globale medicin","og_description":"K\u00f8b SDB-005 til salg Europa, Storbritannien\u00a0er en\u00a0indazol-baseret\u00a0syntetisk cannabinoid\u00a0der er blevet solgt online som et\u00a0designerl\u00e6gemiddel.","og_url":"https:\/\/medicinasinc.com\/da\/product\/kob-sdb-005\/","og_site_name":"Medicinas Inc","article_modified_time":"2022-03-19T21:04:42+00:00","og_image":[{"width":600,"height":451,"url":"https:\/\/medicinasinc.com\/da\/wp-content\/uploads\/sites\/8\/2022\/02\/Buy-SDB-005.jpeg","type":"image\/jpeg"}],"twitter_card":"summary_large_image","twitter_misc":{"Est. reading time":"1 minute"},"schema":{"@context":"https:\/\/schema.org","@graph":[{"@type":"WebPage","@id":"https:\/\/medicinasinc.com\/da\/product\/kob-sdb-005\/","url":"https:\/\/medicinasinc.com\/da\/product\/kob-sdb-005\/","name":"K\u00f8b SDB-005 - SDB005 - Bedste globale medicin","isPartOf":{"@id":"https:\/\/medicinasinc.com\/da\/#website"},"primaryImageOfPage":{"@id":"https:\/\/medicinasinc.com\/da\/product\/kob-sdb-005\/#primaryimage"},"image":{"@id":"https:\/\/medicinasinc.com\/da\/product\/kob-sdb-005\/#primaryimage"},"thumbnailUrl":"https:\/\/medicinasinc.com\/da\/wp-content\/uploads\/sites\/8\/2022\/02\/Buy-SDB-005.jpeg","datePublished":"2022-02-22T08:23:15+00:00","dateModified":"2022-03-19T21:04:42+00:00","description":"K\u00f8b SDB-005 til salg Europa, Storbritannien\u00a0er en\u00a0indazol-baseret\u00a0syntetisk cannabinoid\u00a0der er blevet solgt online som et\u00a0designerl\u00e6gemiddel.","breadcrumb":{"@id":"https:\/\/medicinasinc.com\/da\/product\/kob-sdb-005\/#breadcrumb"},"inLanguage":"en-US","potentialAction":[{"@type":"ReadAction","target":["https:\/\/medicinasinc.com\/da\/product\/kob-sdb-005\/"]}]},{"@type":"ImageObject","inLanguage":"en-US","@id":"https:\/\/medicinasinc.com\/da\/product\/kob-sdb-005\/#primaryimage","url":"https:\/\/medicinasinc.com\/da\/wp-content\/uploads\/sites\/8\/2022\/02\/Buy-SDB-005.jpeg","contentUrl":"https:\/\/medicinasinc.com\/da\/wp-content\/uploads\/sites\/8\/2022\/02\/Buy-SDB-005.jpeg","width":600,"height":451},{"@type":"BreadcrumbList","@id":"https:\/\/medicinasinc.com\/da\/product\/kob-sdb-005\/#breadcrumb","itemListElement":[{"@type":"ListItem","position":1,"name":"Butik","item":"https:\/\/medicinasinc.com\/da\/butik\/"},{"@type":"ListItem","position":2,"name":"K\u00f8b SDB-005"}]},{"@type":"WebSite","@id":"https:\/\/medicinasinc.com\/da\/#website","url":"https:\/\/medicinasinc.com\/da\/","name":"Medicinas Inc","description":"Health Medical Clinic","potentialAction":[{"@type":"SearchAction","target":{"@type":"EntryPoint","urlTemplate":"https:\/\/medicinasinc.com\/da\/?s={search_term_string}"},"query-input":{"@type":"PropertyValueSpecification","valueRequired":true,"valueName":"search_term_string"}}],"inLanguage":"en-US"}]}},"_links":{"self":[{"href":"https:\/\/medicinasinc.com\/da\/wp-json\/wp\/v2\/product\/5921","targetHints":{"allow":["GET"]}}],"collection":[{"href":"https:\/\/medicinasinc.com\/da\/wp-json\/wp\/v2\/product"}],"about":[{"href":"https:\/\/medicinasinc.com\/da\/wp-json\/wp\/v2\/types\/product"}],"replies":[{"embeddable":true,"href":"https:\/\/medicinasinc.com\/da\/wp-json\/wp\/v2\/comments?post=5921"}],"wp:featuredmedia":[{"embeddable":true,"href":"https:\/\/medicinasinc.com\/da\/wp-json\/wp\/v2\/media\/5939"}],"wp:attachment":[{"href":"https:\/\/medicinasinc.com\/da\/wp-json\/wp\/v2\/media?parent=5921"}],"wp:term":[{"taxonomy":"product_brand","embeddable":true,"href":"https:\/\/medicinasinc.com\/da\/wp-json\/wp\/v2\/product_brand?post=5921"},{"taxonomy":"product_cat","embeddable":true,"href":"https:\/\/medicinasinc.com\/da\/wp-json\/wp\/v2\/product_cat?post=5921"},{"taxonomy":"product_tag","embeddable":true,"href":"https:\/\/medicinasinc.com\/da\/wp-json\/wp\/v2\/product_tag?post=5921"}],"curies":[{"name":"wp","href":"https:\/\/api.w.org\/{rel}","templated":true}]}}