{"id":5917,"date":"2022-02-22T08:19:52","date_gmt":"2022-02-22T08:19:52","guid":{"rendered":"https:\/\/medicinasinc.com\/da\/?post_type=product&#038;p=5917"},"modified":"2022-03-19T21:05:00","modified_gmt":"2022-03-19T21:05:00","slug":"kob-nm-2201","status":"publish","type":"product","link":"https:\/\/medicinasinc.com\/da\/product\/kob-nm-2201\/","title":{"rendered":"K\u00f8b NM-2201"},"content":{"rendered":"<p>Er en indol-baseret syntetisk cannabinoid kaldet CBL-2201. Det har sandsynligvis de samme egenskaber som 5F-PB-22 og NNE1, som begge er fulde agonister og binder til CB1- og CB2-receptorer med lav nanomol\u00e6r affinitet.<\/p>\n<p>K\u00f8b NM-2201 online er et godt sted at k\u00f8b Research Chemicals. Du kan k\u00f8be NM-2201 online fra en betroet leverand\u00f8r til en rabatpris. Globalhomemed.com er stedet at k\u00f8be det. Det er sikkert at sende NM-2201 fra Europa til USA og andre steder.<\/p>\n<p>Dette er en syntetisk cannabinoid kaldet NM-2201. Det har mange af de samme egenskaber som dets n\u00e6re sl\u00e6gtninge, 5F-PB-22 og NNE1, som begge er fulde agonister og binder til b\u00e5de CB1- og CB2-receptorer med lav nanomol\u00e6r affinitet.<\/p>\n<p>Kun til forskning. Det kan ikke bruges til andet, s\u00e5som in vivo-diagnostik, f\u00f8devarer, medicin, medicinsk udstyr og kosmetik til mennesker og\/eller dyr, og det kan ikke bruges p\u00e5 mennesker eller dyr.<\/p>\n<p>5F -PB-22 og NNE1 er begge syntetiske cannabinoider, der er indol-baserede. De er begge fulde agonister og binder til b\u00e5de CB1- og CB2-receptorer med lav nanomol\u00e6r affinitet.<\/p>\n<p>1. 1-(5-fluor-pentyl)-1H, 3-carboxylsyre-N-naphthalen-1-ylester N-naphthalen-1-ylester N-naphthalen-1-ylester N-naphthalen-1-1-ylester NM-2201 har den kemiske formel C24H22FNO2 og vejer 375,16 gram. Det er stadig meget tidligt i processen med at studere NM-2201. Der er ikke nok data til at vise, hvad den kan endnu. Det er dog det samme som AM-2201. Det betyder, at egenskaberne er de samme.<\/p>\n<p>Dette er en syntetisk cannabinoid kaldet NM-2201. Det har mange af de samme egenskaber som dets n\u00e6re sl\u00e6gtninge, 5F-PB-22 og NNE1, som begge er fulde agonister og binder til b\u00e5de CB1- og CB2-receptorer med lav nanomol\u00e6r affinitet.<\/p>\n<p>Kun til forskning. Det kan ikke bruges til andet, s\u00e5som in vivo-diagnostik, f\u00f8devarer, medicin, medicinsk udstyr og kosmetik til mennesker og\/eller dyr, og det kan ikke bruges p\u00e5 mennesker eller dyr.<\/p>\n<p>5F -PB-22 og NNE1 er begge syntetiske cannabinoider, der er indol-baserede. De er begge fulde agonister og binder til b\u00e5de CB1- og CB2-receptorer med lav nanomol\u00e6r affinitet.<\/p>\n<p>1. 1-(5-fluor-pentyl)-1H, 3-carboxylsyre-N-naphthalen-1-ylester N-naphthalen-1-ylester N-naphthalen-1-ylester N-naphthalen-1-1-ylester NM-2201 har den kemiske formel C24H22FNO2 og vejer 375,16 gram. Det er stadig meget tidligt i processen med at studere NM-2201. Der er ikke nok data til at vise, hvad den kan endnu. Det er dog det samme som AM-2201. Det betyder, at egenskaberne er de samme.<\/p>\n","protected":false},"excerpt":{"rendered":"<p><b>K\u00f8b NM-2201 <\/b>til salg Europa, Storbritannien (ogs\u00e5 kendt som\u00a0<b>CBL-2201<\/b>) er en\u00a0indol-baseret\u00a0<a class=\"mw-redirect\" title=\"Syntetisk cannabinoid\" href=\"https:\/\/en.wikipedia.org\/wiki\/Synthetic_cannabinoid\">syntetisk cannabinoid<\/a>\u00a0der formentlig har lignende egenskaber som den n\u00e6rt besl\u00e6gtede\u00a05F-PB-22\u00a0og\u00a0NNE1, som begge er\u00a0fulde agonister og\u00a0uselektivt\u00a0bindes til\u00a0CB<sub>1<\/sub>\u00a0og\u00a0CB<sub>2<\/sub>-receptorer med lav nanomol\u00e6r affinitet, engros tilg\u00e6ngelig<\/p>\n","protected":false},"featured_media":5938,"comment_status":"open","ping_status":"closed","template":"","meta":[],"product_brand":[],"product_cat":[2596],"product_tag":[4092,4094,4095,4090,4091,4093],"class_list":{"0":"post-5917","1":"product","2":"type-product","3":"status-publish","4":"has-post-thumbnail","6":"product_cat-cannabinoider-til-salg","7":"product_tag-ordre-nm2201-online","8":"product_tag-det-bedste-sted-at-kbe-nm2201-online","9":"product_tag-hvor-kan-kbes-nm2201-online","10":"product_tag-kb-nm2201-online","11":"product_tag-nm2201-til-salg","12":"product_tag-purchase-nm2201-online","14":"first","15":"instock","16":"featured","17":"shipping-taxable","18":"purchasable","19":"product-type-variable"},"yoast_head":"<!-- This site is optimized with the Yoast SEO plugin v27.3 - https:\/\/yoast.com\/product\/yoast-seo-wordpress\/ -->\n<title>K\u00f8b NM-2201\u00a0- CBL-2201 \u2013 Bedste bedste globale medicin<\/title>\n<meta name=\"description\" content=\"K\u00f8b NM-2201 til salg Europa, Storbritannien (ogs\u00e5 kendt som\u00a0CBL-2201) er en\u00a0indol-baseret\u00a0syntetisk cannabinoid\u00a0der formentlig har lignende egenskaber som den n\u00e6rt besl\u00e6gtede\u00a05F-PB-22\u00a0og\u00a0NNE1, som begge er\u00a0fulde agonister\u00a0og\u00a0uselektivt\u00a0binder til CB1- og CB2-receptorer med lav nanomol\u00e6r affinitet, engros tilg\u00e6ngelig\" \/>\n<meta name=\"robots\" content=\"index, follow, max-snippet:-1, max-image-preview:large, max-video-preview:-1\" \/>\n<link rel=\"canonical\" href=\"https:\/\/medicinasinc.com\/da\/product\/kob-nm-2201\/\" \/>\n<meta property=\"og:locale\" content=\"en_US\" \/>\n<meta property=\"og:type\" content=\"article\" \/>\n<meta property=\"og:title\" content=\"K\u00f8b NM-2201\u00a0- CBL-2201 \u2013 Bedste bedste globale medicin\" \/>\n<meta property=\"og:description\" content=\"K\u00f8b NM-2201 til salg Europa, Storbritannien (ogs\u00e5 kendt som\u00a0CBL-2201) er en\u00a0indol-baseret\u00a0syntetisk cannabinoid\u00a0der formentlig har lignende egenskaber som den n\u00e6rt besl\u00e6gtede\u00a05F-PB-22\u00a0og\u00a0NNE1, som begge er\u00a0fulde agonister\u00a0og\u00a0uselektivt\u00a0binder til CB1- og CB2-receptorer med lav nanomol\u00e6r affinitet, engros tilg\u00e6ngelig\" \/>\n<meta property=\"og:url\" content=\"https:\/\/medicinasinc.com\/da\/product\/kob-nm-2201\/\" \/>\n<meta property=\"og:site_name\" content=\"Medicinas Inc\" \/>\n<meta property=\"article:modified_time\" content=\"2022-03-19T21:05:00+00:00\" \/>\n<meta property=\"og:image\" content=\"https:\/\/medicinasinc.com\/da\/wp-content\/uploads\/sites\/8\/2022\/02\/Buy-NM-2201.jpg\" \/>\n\t<meta property=\"og:image:width\" content=\"458\" \/>\n\t<meta property=\"og:image:height\" content=\"458\" \/>\n\t<meta property=\"og:image:type\" content=\"image\/jpeg\" \/>\n<meta name=\"twitter:card\" content=\"summary_large_image\" \/>\n<meta name=\"twitter:label1\" content=\"Est. reading time\" \/>\n\t<meta name=\"twitter:data1\" content=\"2 minutes\" \/>\n<script type=\"application\/ld+json\" class=\"yoast-schema-graph\">{\"@context\":\"https:\\\/\\\/schema.org\",\"@graph\":[{\"@type\":\"WebPage\",\"@id\":\"https:\\\/\\\/medicinasinc.com\\\/da\\\/product\\\/kob-nm-2201\\\/\",\"url\":\"https:\\\/\\\/medicinasinc.com\\\/da\\\/product\\\/kob-nm-2201\\\/\",\"name\":\"K\u00f8b NM-2201\u00a0- CBL-2201 \u2013 Bedste bedste globale medicin\",\"isPartOf\":{\"@id\":\"https:\\\/\\\/medicinasinc.com\\\/da\\\/#website\"},\"primaryImageOfPage\":{\"@id\":\"https:\\\/\\\/medicinasinc.com\\\/da\\\/product\\\/kob-nm-2201\\\/#primaryimage\"},\"image\":{\"@id\":\"https:\\\/\\\/medicinasinc.com\\\/da\\\/product\\\/kob-nm-2201\\\/#primaryimage\"},\"thumbnailUrl\":\"https:\\\/\\\/medicinasinc.com\\\/da\\\/wp-content\\\/uploads\\\/sites\\\/8\\\/2022\\\/02\\\/Buy-NM-2201.jpg\",\"datePublished\":\"2022-02-22T08:19:52+00:00\",\"dateModified\":\"2022-03-19T21:05:00+00:00\",\"description\":\"K\u00f8b NM-2201 til salg Europa, Storbritannien (ogs\u00e5 kendt som\u00a0CBL-2201) er en\u00a0indol-baseret\u00a0syntetisk cannabinoid\u00a0der formentlig har lignende egenskaber som den n\u00e6rt besl\u00e6gtede\u00a05F-PB-22\u00a0og\u00a0NNE1, som begge er\u00a0fulde agonister\u00a0og\u00a0uselektivt\u00a0binder til CB1- og CB2-receptorer med lav nanomol\u00e6r affinitet, engros tilg\u00e6ngelig\",\"breadcrumb\":{\"@id\":\"https:\\\/\\\/medicinasinc.com\\\/da\\\/product\\\/kob-nm-2201\\\/#breadcrumb\"},\"inLanguage\":\"en-US\",\"potentialAction\":[{\"@type\":\"ReadAction\",\"target\":[\"https:\\\/\\\/medicinasinc.com\\\/da\\\/product\\\/kob-nm-2201\\\/\"]}]},{\"@type\":\"ImageObject\",\"inLanguage\":\"en-US\",\"@id\":\"https:\\\/\\\/medicinasinc.com\\\/da\\\/product\\\/kob-nm-2201\\\/#primaryimage\",\"url\":\"https:\\\/\\\/medicinasinc.com\\\/da\\\/wp-content\\\/uploads\\\/sites\\\/8\\\/2022\\\/02\\\/Buy-NM-2201.jpg\",\"contentUrl\":\"https:\\\/\\\/medicinasinc.com\\\/da\\\/wp-content\\\/uploads\\\/sites\\\/8\\\/2022\\\/02\\\/Buy-NM-2201.jpg\",\"width\":458,\"height\":458},{\"@type\":\"BreadcrumbList\",\"@id\":\"https:\\\/\\\/medicinasinc.com\\\/da\\\/product\\\/kob-nm-2201\\\/#breadcrumb\",\"itemListElement\":[{\"@type\":\"ListItem\",\"position\":1,\"name\":\"Butik\",\"item\":\"https:\\\/\\\/medicinasinc.com\\\/da\\\/butik\\\/\"},{\"@type\":\"ListItem\",\"position\":2,\"name\":\"K\u00f8b NM-2201\"}]},{\"@type\":\"WebSite\",\"@id\":\"https:\\\/\\\/medicinasinc.com\\\/da\\\/#website\",\"url\":\"https:\\\/\\\/medicinasinc.com\\\/da\\\/\",\"name\":\"Medicinas Inc\",\"description\":\"Health Medical Clinic\",\"potentialAction\":[{\"@type\":\"SearchAction\",\"target\":{\"@type\":\"EntryPoint\",\"urlTemplate\":\"https:\\\/\\\/medicinasinc.com\\\/da\\\/?s={search_term_string}\"},\"query-input\":{\"@type\":\"PropertyValueSpecification\",\"valueRequired\":true,\"valueName\":\"search_term_string\"}}],\"inLanguage\":\"en-US\"}]}<\/script>\n<!-- \/ Yoast SEO plugin. -->","yoast_head_json":{"title":"K\u00f8b NM-2201\u00a0- CBL-2201 \u2013 Bedste bedste globale medicin","description":"K\u00f8b NM-2201 til salg Europa, Storbritannien (ogs\u00e5 kendt som\u00a0CBL-2201) er en\u00a0indol-baseret\u00a0syntetisk cannabinoid\u00a0der formentlig har lignende egenskaber som den n\u00e6rt besl\u00e6gtede\u00a05F-PB-22\u00a0og\u00a0NNE1, som begge er\u00a0fulde agonister\u00a0og\u00a0uselektivt\u00a0binder til CB1- og CB2-receptorer med lav nanomol\u00e6r affinitet, engros tilg\u00e6ngelig","robots":{"index":"index","follow":"follow","max-snippet":"max-snippet:-1","max-image-preview":"max-image-preview:large","max-video-preview":"max-video-preview:-1"},"canonical":"https:\/\/medicinasinc.com\/da\/product\/kob-nm-2201\/","og_locale":"en_US","og_type":"article","og_title":"K\u00f8b NM-2201\u00a0- CBL-2201 \u2013 Bedste bedste globale medicin","og_description":"K\u00f8b NM-2201 til salg Europa, Storbritannien (ogs\u00e5 kendt som\u00a0CBL-2201) er en\u00a0indol-baseret\u00a0syntetisk cannabinoid\u00a0der formentlig har lignende egenskaber som den n\u00e6rt besl\u00e6gtede\u00a05F-PB-22\u00a0og\u00a0NNE1, som begge er\u00a0fulde agonister\u00a0og\u00a0uselektivt\u00a0binder til CB1- og CB2-receptorer med lav nanomol\u00e6r affinitet, engros tilg\u00e6ngelig","og_url":"https:\/\/medicinasinc.com\/da\/product\/kob-nm-2201\/","og_site_name":"Medicinas Inc","article_modified_time":"2022-03-19T21:05:00+00:00","og_image":[{"width":458,"height":458,"url":"https:\/\/medicinasinc.com\/da\/wp-content\/uploads\/sites\/8\/2022\/02\/Buy-NM-2201.jpg","type":"image\/jpeg"}],"twitter_card":"summary_large_image","twitter_misc":{"Est. reading time":"2 minutes"},"schema":{"@context":"https:\/\/schema.org","@graph":[{"@type":"WebPage","@id":"https:\/\/medicinasinc.com\/da\/product\/kob-nm-2201\/","url":"https:\/\/medicinasinc.com\/da\/product\/kob-nm-2201\/","name":"K\u00f8b NM-2201\u00a0- CBL-2201 \u2013 Bedste bedste globale medicin","isPartOf":{"@id":"https:\/\/medicinasinc.com\/da\/#website"},"primaryImageOfPage":{"@id":"https:\/\/medicinasinc.com\/da\/product\/kob-nm-2201\/#primaryimage"},"image":{"@id":"https:\/\/medicinasinc.com\/da\/product\/kob-nm-2201\/#primaryimage"},"thumbnailUrl":"https:\/\/medicinasinc.com\/da\/wp-content\/uploads\/sites\/8\/2022\/02\/Buy-NM-2201.jpg","datePublished":"2022-02-22T08:19:52+00:00","dateModified":"2022-03-19T21:05:00+00:00","description":"K\u00f8b NM-2201 til salg Europa, Storbritannien (ogs\u00e5 kendt som\u00a0CBL-2201) er en\u00a0indol-baseret\u00a0syntetisk cannabinoid\u00a0der formentlig har lignende egenskaber som den n\u00e6rt besl\u00e6gtede\u00a05F-PB-22\u00a0og\u00a0NNE1, som begge er\u00a0fulde agonister\u00a0og\u00a0uselektivt\u00a0binder til CB1- og CB2-receptorer med lav nanomol\u00e6r affinitet, engros tilg\u00e6ngelig","breadcrumb":{"@id":"https:\/\/medicinasinc.com\/da\/product\/kob-nm-2201\/#breadcrumb"},"inLanguage":"en-US","potentialAction":[{"@type":"ReadAction","target":["https:\/\/medicinasinc.com\/da\/product\/kob-nm-2201\/"]}]},{"@type":"ImageObject","inLanguage":"en-US","@id":"https:\/\/medicinasinc.com\/da\/product\/kob-nm-2201\/#primaryimage","url":"https:\/\/medicinasinc.com\/da\/wp-content\/uploads\/sites\/8\/2022\/02\/Buy-NM-2201.jpg","contentUrl":"https:\/\/medicinasinc.com\/da\/wp-content\/uploads\/sites\/8\/2022\/02\/Buy-NM-2201.jpg","width":458,"height":458},{"@type":"BreadcrumbList","@id":"https:\/\/medicinasinc.com\/da\/product\/kob-nm-2201\/#breadcrumb","itemListElement":[{"@type":"ListItem","position":1,"name":"Butik","item":"https:\/\/medicinasinc.com\/da\/butik\/"},{"@type":"ListItem","position":2,"name":"K\u00f8b NM-2201"}]},{"@type":"WebSite","@id":"https:\/\/medicinasinc.com\/da\/#website","url":"https:\/\/medicinasinc.com\/da\/","name":"Medicinas Inc","description":"Health Medical Clinic","potentialAction":[{"@type":"SearchAction","target":{"@type":"EntryPoint","urlTemplate":"https:\/\/medicinasinc.com\/da\/?s={search_term_string}"},"query-input":{"@type":"PropertyValueSpecification","valueRequired":true,"valueName":"search_term_string"}}],"inLanguage":"en-US"}]}},"_links":{"self":[{"href":"https:\/\/medicinasinc.com\/da\/wp-json\/wp\/v2\/product\/5917","targetHints":{"allow":["GET"]}}],"collection":[{"href":"https:\/\/medicinasinc.com\/da\/wp-json\/wp\/v2\/product"}],"about":[{"href":"https:\/\/medicinasinc.com\/da\/wp-json\/wp\/v2\/types\/product"}],"replies":[{"embeddable":true,"href":"https:\/\/medicinasinc.com\/da\/wp-json\/wp\/v2\/comments?post=5917"}],"wp:featuredmedia":[{"embeddable":true,"href":"https:\/\/medicinasinc.com\/da\/wp-json\/wp\/v2\/media\/5938"}],"wp:attachment":[{"href":"https:\/\/medicinasinc.com\/da\/wp-json\/wp\/v2\/media?parent=5917"}],"wp:term":[{"taxonomy":"product_brand","embeddable":true,"href":"https:\/\/medicinasinc.com\/da\/wp-json\/wp\/v2\/product_brand?post=5917"},{"taxonomy":"product_cat","embeddable":true,"href":"https:\/\/medicinasinc.com\/da\/wp-json\/wp\/v2\/product_cat?post=5917"},{"taxonomy":"product_tag","embeddable":true,"href":"https:\/\/medicinasinc.com\/da\/wp-json\/wp\/v2\/product_tag?post=5917"}],"curies":[{"name":"wp","href":"https:\/\/api.w.org\/{rel}","templated":true}]}}