{"id":5912,"date":"2022-02-22T08:15:30","date_gmt":"2022-02-22T08:15:30","guid":{"rendered":"https:\/\/medicinasinc.com\/da\/?post_type=product&#038;p=5912"},"modified":"2022-03-19T21:05:21","modified_gmt":"2022-03-19T21:05:21","slug":"kob-mdmb-chmica","status":"publish","type":"product","link":"https:\/\/medicinasinc.com\/da\/product\/kob-mdmb-chmica\/","title":{"rendered":"K\u00f8b MDMB-CHMICA"},"content":{"rendered":"<p>MDMB-CHMICA (eller MMB-CHMINACA) er en indol-baseret syntetisk cannabis, der er blevet udbudt online som et designerstof. Mens MDMB-CHMICA oprindeligt blev markedsf\u00f8rt som &#8220;MMB-CHMINACA&#8221;, blev isopropylanalogen af \u200b\u200bMDMB-CHMINACA (AMB-CHMINACA) opdaget p\u00e5 designerl\u00e6gemiddelmarkedet i 2015.<\/p>\n<p>MMB-CHMINACA<\/p>\n<p>MDMB-CHMINACA<\/p>\n<p>MMB-CHMINACA (MDMB-CHMINACA) er en indolbaseret syntetisk cannabis, der er blevet udbudt online som et designerl\u00e6gemiddel.<\/p>\n<p>MMB-CHMINACA<\/p>\n<p> p&gt; <\/p>\n<p>MDMB-CHMINACA<\/p>\n<p>IUPAC Navn: (2S)<\/p>\n<p>2,3-dimethylbutanoat<br \/> CAS: N\/A<br \/> N\/A ChemSpider <br \/> C23H32N2O3<br \/> 384,5 g\/mol MMB<br \/> MDMB-CHMINACA<\/p>\n<p>(2S)-methyl<\/p>\n<p>1 H-indol-3-ylcarbonylamino-2 ,3-dimethylbutanoat<\/p>\n<p>MMB-CHMINACA (MDMB-CHMINACA) er en indolbaseret cannabinoid med en dimethylbutanoatgruppe. Dette kemikalie ser ud til at have h\u00f8jere in vitro-bindingsaffinitet end mange nuv\u00e6rende cannabinoider, og forskere b\u00f8r huske p\u00e5 dette, n\u00e5r de designer unders\u00f8gelser og distribuerer materiale p\u00e5 cellul\u00e6re substrater.<\/p>\n<p>Syntetiske cannabinoider er en stor samling af forbindelser, der konstant er udvikler sig og bliver pr\u00e6senteret for offentligheden. Imidlertid vakte introduktionen af \u200b\u200bMMB-CHMINACA bem\u00e6rkelsesv\u00e6rdig interesse p\u00e5 grund af dets unikke egenskaber. Dens hypotesem\u00e6ssige indflydelse p\u00e5 CB1- og CB2-receptorerne er betydeligt st\u00f8rre pr. enhed end AB-CHMINACA, hvilket kr\u00e6ver f\u00e6rre m\u00e6ngder aktivt materiale for at opfylde eksperimentets m\u00e5l.<\/p>\n<p>MMB-CHMINACA er et hvidt pulver, der sikkert kan opbevares og h\u00e5ndteres i et laboratorium. Denne syntetiske cannabinoid har den komplicerede kemiske formel (2S)-methyl-2-(1-(cyclohexylmethyl)-1 H-indol-3-ylcarbonylamino)-3,3-dimethylbutanoate. Dens molekyl\u00e6re masse er 384,5 g\/mol, og dens formel er C23H32N2O3.<\/p>\n<p>MMB-CHMINACA er et nyt kemikalie, der b\u00f8r h\u00e5ndteres med st\u00f8rste opm\u00e6rksomhed og m\u00e5les pr\u00e6cist p\u00e5 grund af dets exceptionelle renhed. Vi opfordrer alle til at unders\u00f8ge status for lokale restriktioner, f\u00f8r de anskaffer syntetisk cannabis og andre stoffer fra vores onlinebutik.<\/p>\n","protected":false},"excerpt":{"rendered":"<p>K\u00f8b MDMB-CHMICA, MMB2101\u00a0til salg Europa, Storbritannien (ogs\u00e5 forkert kendt som MMB-CHMINACA) er en\u00a0indol-baseret\u00a0syntetisk cannabinoid\u00a0der er en potent\u00a0agonist\u00a0af\u00a0CB1\u00a0receptoren\u00a0og er blevet solgt online som et\u00a0designermiddel, Wholesale Bestilling tilg\u00e6ngelig<\/p>\n","protected":false},"featured_media":5937,"comment_status":"open","ping_status":"closed","template":"","meta":[],"product_brand":[],"product_cat":[2596],"product_tag":[4087,4088,4089,4083,4085,4086,4084],"class_list":{"0":"post-5912","1":"product","2":"type-product","3":"status-publish","4":"has-post-thumbnail","6":"product_cat-cannabinoider-til-salg","7":"product_tag-bestil-mmb-chminaca-online","8":"product_tag-det-bedste-sted-at-kbe-mmb-chminaca-online","9":"product_tag-hvor-kan-kbes-mmb-chminaca-online","10":"product_tag-kb-mmb-chminaca-online","11":"product_tag-mmb-chminaca","12":"product_tag-mmb-chminaca-til-salg","13":"product_tag-hvordan-man-kber-mmb-chminaca-online","15":"first","16":"instock","17":"shipping-taxable","18":"purchasable","19":"product-type-variable"},"yoast_head":"<!-- This site is optimized with the Yoast SEO plugin v27.3 - https:\/\/yoast.com\/product\/yoast-seo-wordpress\/ -->\n<title>K\u00f8b MMB-Chminaca - MMB-CHMINACA - Bedste globale medicin<\/title>\n<meta name=\"description\" content=\"K\u00f8b MDMB-CHMICA, MMB2101\u00a0til salg Europa, Storbritannien (ogs\u00e5 forkert kendt som MMB-CHMINACA) er en\u00a0indol-baseret\u00a0syntetisk cannabinoid\u00a0der er en potent\u00a0agonist\u00a0af\u00a0CB1\u00a0receptoren\u00a0og er blevet solgt online som et\u00a0designerl\u00e6gemiddel, engrosordre tilg\u00e6ngelig\" \/>\n<meta name=\"robots\" content=\"index, follow, max-snippet:-1, max-image-preview:large, max-video-preview:-1\" \/>\n<link rel=\"canonical\" href=\"https:\/\/medicinasinc.com\/da\/product\/kob-mdmb-chmica\/\" \/>\n<meta property=\"og:locale\" content=\"en_US\" \/>\n<meta property=\"og:type\" content=\"article\" \/>\n<meta property=\"og:title\" content=\"K\u00f8b MMB-Chminaca - MMB-CHMINACA - Bedste globale medicin\" \/>\n<meta property=\"og:description\" content=\"K\u00f8b MDMB-CHMICA, MMB2101\u00a0til salg Europa, Storbritannien (ogs\u00e5 forkert kendt som MMB-CHMINACA) er en\u00a0indol-baseret\u00a0syntetisk cannabinoid\u00a0der er en potent\u00a0agonist\u00a0af\u00a0CB1\u00a0receptoren\u00a0og er blevet solgt online som et\u00a0designerl\u00e6gemiddel, engrosordre tilg\u00e6ngelig\" \/>\n<meta property=\"og:url\" content=\"https:\/\/medicinasinc.com\/da\/product\/kob-mdmb-chmica\/\" \/>\n<meta property=\"og:site_name\" content=\"Medicinas Inc\" \/>\n<meta property=\"article:modified_time\" content=\"2022-03-19T21:05:21+00:00\" \/>\n<meta property=\"og:image\" content=\"https:\/\/medicinasinc.com\/da\/wp-content\/uploads\/sites\/8\/2022\/02\/Buy-MDMB-CHMICA.jpg\" \/>\n\t<meta property=\"og:image:width\" content=\"459\" \/>\n\t<meta property=\"og:image:height\" content=\"443\" \/>\n\t<meta property=\"og:image:type\" content=\"image\/jpeg\" \/>\n<meta name=\"twitter:card\" content=\"summary_large_image\" \/>\n<meta name=\"twitter:label1\" content=\"Est. reading time\" \/>\n\t<meta name=\"twitter:data1\" content=\"2 minutes\" \/>\n<script type=\"application\/ld+json\" class=\"yoast-schema-graph\">{\"@context\":\"https:\\\/\\\/schema.org\",\"@graph\":[{\"@type\":\"WebPage\",\"@id\":\"https:\\\/\\\/medicinasinc.com\\\/da\\\/product\\\/kob-mdmb-chmica\\\/\",\"url\":\"https:\\\/\\\/medicinasinc.com\\\/da\\\/product\\\/kob-mdmb-chmica\\\/\",\"name\":\"K\u00f8b MMB-Chminaca - MMB-CHMINACA - Bedste globale medicin\",\"isPartOf\":{\"@id\":\"https:\\\/\\\/medicinasinc.com\\\/da\\\/#website\"},\"primaryImageOfPage\":{\"@id\":\"https:\\\/\\\/medicinasinc.com\\\/da\\\/product\\\/kob-mdmb-chmica\\\/#primaryimage\"},\"image\":{\"@id\":\"https:\\\/\\\/medicinasinc.com\\\/da\\\/product\\\/kob-mdmb-chmica\\\/#primaryimage\"},\"thumbnailUrl\":\"https:\\\/\\\/medicinasinc.com\\\/da\\\/wp-content\\\/uploads\\\/sites\\\/8\\\/2022\\\/02\\\/Buy-MDMB-CHMICA.jpg\",\"datePublished\":\"2022-02-22T08:15:30+00:00\",\"dateModified\":\"2022-03-19T21:05:21+00:00\",\"description\":\"K\u00f8b MDMB-CHMICA, MMB2101\u00a0til salg Europa, Storbritannien (ogs\u00e5 forkert kendt som MMB-CHMINACA) er en\u00a0indol-baseret\u00a0syntetisk cannabinoid\u00a0der er en potent\u00a0agonist\u00a0af\u00a0CB1\u00a0receptoren\u00a0og er blevet solgt online som et\u00a0designerl\u00e6gemiddel, engrosordre tilg\u00e6ngelig\",\"breadcrumb\":{\"@id\":\"https:\\\/\\\/medicinasinc.com\\\/da\\\/product\\\/kob-mdmb-chmica\\\/#breadcrumb\"},\"inLanguage\":\"en-US\",\"potentialAction\":[{\"@type\":\"ReadAction\",\"target\":[\"https:\\\/\\\/medicinasinc.com\\\/da\\\/product\\\/kob-mdmb-chmica\\\/\"]}]},{\"@type\":\"ImageObject\",\"inLanguage\":\"en-US\",\"@id\":\"https:\\\/\\\/medicinasinc.com\\\/da\\\/product\\\/kob-mdmb-chmica\\\/#primaryimage\",\"url\":\"https:\\\/\\\/medicinasinc.com\\\/da\\\/wp-content\\\/uploads\\\/sites\\\/8\\\/2022\\\/02\\\/Buy-MDMB-CHMICA.jpg\",\"contentUrl\":\"https:\\\/\\\/medicinasinc.com\\\/da\\\/wp-content\\\/uploads\\\/sites\\\/8\\\/2022\\\/02\\\/Buy-MDMB-CHMICA.jpg\",\"width\":459,\"height\":443},{\"@type\":\"BreadcrumbList\",\"@id\":\"https:\\\/\\\/medicinasinc.com\\\/da\\\/product\\\/kob-mdmb-chmica\\\/#breadcrumb\",\"itemListElement\":[{\"@type\":\"ListItem\",\"position\":1,\"name\":\"Butik\",\"item\":\"https:\\\/\\\/medicinasinc.com\\\/da\\\/butik\\\/\"},{\"@type\":\"ListItem\",\"position\":2,\"name\":\"K\u00f8b MDMB-CHMICA\"}]},{\"@type\":\"WebSite\",\"@id\":\"https:\\\/\\\/medicinasinc.com\\\/da\\\/#website\",\"url\":\"https:\\\/\\\/medicinasinc.com\\\/da\\\/\",\"name\":\"Medicinas Inc\",\"description\":\"Health Medical Clinic\",\"potentialAction\":[{\"@type\":\"SearchAction\",\"target\":{\"@type\":\"EntryPoint\",\"urlTemplate\":\"https:\\\/\\\/medicinasinc.com\\\/da\\\/?s={search_term_string}\"},\"query-input\":{\"@type\":\"PropertyValueSpecification\",\"valueRequired\":true,\"valueName\":\"search_term_string\"}}],\"inLanguage\":\"en-US\"}]}<\/script>\n<!-- \/ Yoast SEO plugin. -->","yoast_head_json":{"title":"K\u00f8b MMB-Chminaca - MMB-CHMINACA - Bedste globale medicin","description":"K\u00f8b MDMB-CHMICA, MMB2101\u00a0til salg Europa, Storbritannien (ogs\u00e5 forkert kendt som MMB-CHMINACA) er en\u00a0indol-baseret\u00a0syntetisk cannabinoid\u00a0der er en potent\u00a0agonist\u00a0af\u00a0CB1\u00a0receptoren\u00a0og er blevet solgt online som et\u00a0designerl\u00e6gemiddel, engrosordre tilg\u00e6ngelig","robots":{"index":"index","follow":"follow","max-snippet":"max-snippet:-1","max-image-preview":"max-image-preview:large","max-video-preview":"max-video-preview:-1"},"canonical":"https:\/\/medicinasinc.com\/da\/product\/kob-mdmb-chmica\/","og_locale":"en_US","og_type":"article","og_title":"K\u00f8b MMB-Chminaca - MMB-CHMINACA - Bedste globale medicin","og_description":"K\u00f8b MDMB-CHMICA, MMB2101\u00a0til salg Europa, Storbritannien (ogs\u00e5 forkert kendt som MMB-CHMINACA) er en\u00a0indol-baseret\u00a0syntetisk cannabinoid\u00a0der er en potent\u00a0agonist\u00a0af\u00a0CB1\u00a0receptoren\u00a0og er blevet solgt online som et\u00a0designerl\u00e6gemiddel, engrosordre tilg\u00e6ngelig","og_url":"https:\/\/medicinasinc.com\/da\/product\/kob-mdmb-chmica\/","og_site_name":"Medicinas Inc","article_modified_time":"2022-03-19T21:05:21+00:00","og_image":[{"width":459,"height":443,"url":"https:\/\/medicinasinc.com\/da\/wp-content\/uploads\/sites\/8\/2022\/02\/Buy-MDMB-CHMICA.jpg","type":"image\/jpeg"}],"twitter_card":"summary_large_image","twitter_misc":{"Est. reading time":"2 minutes"},"schema":{"@context":"https:\/\/schema.org","@graph":[{"@type":"WebPage","@id":"https:\/\/medicinasinc.com\/da\/product\/kob-mdmb-chmica\/","url":"https:\/\/medicinasinc.com\/da\/product\/kob-mdmb-chmica\/","name":"K\u00f8b MMB-Chminaca - MMB-CHMINACA - Bedste globale medicin","isPartOf":{"@id":"https:\/\/medicinasinc.com\/da\/#website"},"primaryImageOfPage":{"@id":"https:\/\/medicinasinc.com\/da\/product\/kob-mdmb-chmica\/#primaryimage"},"image":{"@id":"https:\/\/medicinasinc.com\/da\/product\/kob-mdmb-chmica\/#primaryimage"},"thumbnailUrl":"https:\/\/medicinasinc.com\/da\/wp-content\/uploads\/sites\/8\/2022\/02\/Buy-MDMB-CHMICA.jpg","datePublished":"2022-02-22T08:15:30+00:00","dateModified":"2022-03-19T21:05:21+00:00","description":"K\u00f8b MDMB-CHMICA, MMB2101\u00a0til salg Europa, Storbritannien (ogs\u00e5 forkert kendt som MMB-CHMINACA) er en\u00a0indol-baseret\u00a0syntetisk cannabinoid\u00a0der er en potent\u00a0agonist\u00a0af\u00a0CB1\u00a0receptoren\u00a0og er blevet solgt online som et\u00a0designerl\u00e6gemiddel, engrosordre tilg\u00e6ngelig","breadcrumb":{"@id":"https:\/\/medicinasinc.com\/da\/product\/kob-mdmb-chmica\/#breadcrumb"},"inLanguage":"en-US","potentialAction":[{"@type":"ReadAction","target":["https:\/\/medicinasinc.com\/da\/product\/kob-mdmb-chmica\/"]}]},{"@type":"ImageObject","inLanguage":"en-US","@id":"https:\/\/medicinasinc.com\/da\/product\/kob-mdmb-chmica\/#primaryimage","url":"https:\/\/medicinasinc.com\/da\/wp-content\/uploads\/sites\/8\/2022\/02\/Buy-MDMB-CHMICA.jpg","contentUrl":"https:\/\/medicinasinc.com\/da\/wp-content\/uploads\/sites\/8\/2022\/02\/Buy-MDMB-CHMICA.jpg","width":459,"height":443},{"@type":"BreadcrumbList","@id":"https:\/\/medicinasinc.com\/da\/product\/kob-mdmb-chmica\/#breadcrumb","itemListElement":[{"@type":"ListItem","position":1,"name":"Butik","item":"https:\/\/medicinasinc.com\/da\/butik\/"},{"@type":"ListItem","position":2,"name":"K\u00f8b MDMB-CHMICA"}]},{"@type":"WebSite","@id":"https:\/\/medicinasinc.com\/da\/#website","url":"https:\/\/medicinasinc.com\/da\/","name":"Medicinas Inc","description":"Health Medical Clinic","potentialAction":[{"@type":"SearchAction","target":{"@type":"EntryPoint","urlTemplate":"https:\/\/medicinasinc.com\/da\/?s={search_term_string}"},"query-input":{"@type":"PropertyValueSpecification","valueRequired":true,"valueName":"search_term_string"}}],"inLanguage":"en-US"}]}},"_links":{"self":[{"href":"https:\/\/medicinasinc.com\/da\/wp-json\/wp\/v2\/product\/5912","targetHints":{"allow":["GET"]}}],"collection":[{"href":"https:\/\/medicinasinc.com\/da\/wp-json\/wp\/v2\/product"}],"about":[{"href":"https:\/\/medicinasinc.com\/da\/wp-json\/wp\/v2\/types\/product"}],"replies":[{"embeddable":true,"href":"https:\/\/medicinasinc.com\/da\/wp-json\/wp\/v2\/comments?post=5912"}],"wp:featuredmedia":[{"embeddable":true,"href":"https:\/\/medicinasinc.com\/da\/wp-json\/wp\/v2\/media\/5937"}],"wp:attachment":[{"href":"https:\/\/medicinasinc.com\/da\/wp-json\/wp\/v2\/media?parent=5912"}],"wp:term":[{"taxonomy":"product_brand","embeddable":true,"href":"https:\/\/medicinasinc.com\/da\/wp-json\/wp\/v2\/product_brand?post=5912"},{"taxonomy":"product_cat","embeddable":true,"href":"https:\/\/medicinasinc.com\/da\/wp-json\/wp\/v2\/product_cat?post=5912"},{"taxonomy":"product_tag","embeddable":true,"href":"https:\/\/medicinasinc.com\/da\/wp-json\/wp\/v2\/product_tag?post=5912"}],"curies":[{"name":"wp","href":"https:\/\/api.w.org\/{rel}","templated":true}]}}