{"id":5906,"date":"2022-02-22T08:12:00","date_gmt":"2022-02-22T08:12:00","guid":{"rendered":"https:\/\/medicinasinc.com\/da\/?post_type=product&#038;p=5906"},"modified":"2022-03-19T21:05:47","modified_gmt":"2022-03-19T21:05:47","slug":"kob-med-fubinaca","status":"publish","type":"product","link":"https:\/\/medicinasinc.com\/da\/product\/kob-med-fubinaca\/","title":{"rendered":"K\u00f8b AMB-FUBINACA"},"content":{"rendered":"<p>Indazol-baseret syntetisk cannabinoid AMB-FUBINACA, ogs\u00e5 kendt som FUB-AMB og MMB-FUBINACA, er en kraftfuld cannabinoidagonist. Den har Ki-v\u00e6rdier p\u00e5 10,04 nM ved CB1 og 0,786 nM ved CB2 og EC50-v\u00e6rdier p\u00e5 0,5433 nM ved CB1 og 0,1278 nM ved CB2. Det er blevet solgt online som et designerl\u00e6gemiddel. Det blev f\u00f8rst lavet af Pfizer, som indgav patent p\u00e5 stoffet i 2009. Stoffet blev aldrig testet p\u00e5 mennesker. Der var en masse narkotikabeslagl\u00e6ggelser foretaget af DEA i 2017 og f\u00f8rste halvdel af 2018. Den mest almindelige syntetiske cannabinoid var AMB-FUBINACA.<\/p>\n<p>Det er en indazol-baseret syntetisk cannabinoid kaldet AMB-FUBINACA, og det er en kraftig agonist for cannabinoid-receptorerne. Den har Ki-v\u00e6rdier p\u00e5 10,04 nM ved CB1 og 0,786 nM ved CB2, og EC50-v\u00e6rdier p\u00e5 0,5433 nM ved CB1 og 0,1278 nM ved CB2. Det er blevet solgt online som et designerl\u00e6gemiddel.<\/p>\n","protected":false},"excerpt":{"rendered":"<p><b>K\u00f8b AMB-FUBINACA<\/b> for skyld UK, Europa (ogs\u00e5 kendt som <b>FUB-AMB<\/b>\u00a0og\u00a0<b>MMB-FUBINACA<\/b>) er en\u00a0indazol-baseret <a class=\"mw-redirect\" title=\"Synthetic cannabinoid\" href=\"https:\/\/en.wikipedia.org\/wiki\/Synthetic_cannabinoid\">syntetisk cannabinoid<\/a>\u00a0der er en potent\u00a0<a title=\"Agonist\" href=\"https:\/\/en.wikipedia.org\/wiki\/Agonist\">agonist<\/a>\u00a0for\u00a0cannabinoidreceptorerne med\u00a0<i>K<\/i><sub>i<\/sub>\u00a0v\u00e6rdier p\u00e5 10,04\u00a0nM ved CB<sub>1<\/sub>\u00a0og 0,786\u00a0nM ved\u00a0CB<sub>2<\/sub>\u00a0og\u00a0EC<sub>50<\/sub>\u00a0v\u00e6rdier p\u00e5 0,5433\u00a0nM ved CB<sub>1<\/sub>\u00a0og 0,1278\u00a0nM ved CB<sub>2<\/sub>, <sup id=\"cite_ref-1\" class=\"reference\"><\/sup>og er blevet solgt online som et\u00a0designerl\u00e6gemiddel<\/p>\n","protected":false},"featured_media":5936,"comment_status":"open","ping_status":"closed","template":"","meta":[],"product_brand":[],"product_cat":[2596],"product_tag":[4080,4078,4082,4077,4081,4079],"class_list":{"0":"post-5906","1":"product","2":"type-product","3":"status-publish","4":"has-post-thumbnail","6":"product_cat-cannabinoider-til-salg","7":"product_tag-bestille-fub-med-online","8":"product_tag-fub-med-til-salg","9":"product_tag-hvor-kan-kbes-fub-amb-online","10":"product_tag-k-c3-b8b-fub-med-online","11":"product_tag-kb-fub-med-online","12":"product_tag-hvordan-man-kber-fub-amb-online","14":"first","15":"instock","16":"shipping-taxable","17":"purchasable","18":"product-type-variable"},"yoast_head":"<!-- This site is optimized with the Yoast SEO plugin v27.3 - https:\/\/yoast.com\/product\/yoast-seo-wordpress\/ -->\n<title>K\u00f8b AMB-FUBINACA - FUB-AMB - MMB-FUBINACA - Bedste globale medicin<\/title>\n<meta name=\"description\" content=\"K\u00f8b AMB-FUBINACA for skyld UK, Europa (ogs\u00e5 kendt som FUB-AMB\u00a0og\u00a0MMB-FUBINACA) er en\u00a0indazol-baseret\u00a0syntetisk cannabinoid\u00a0som er en potent\u00a0agonist\u00a0for\u00a0cannabinoidreceptorerne, med\u00a0Ki\u00a0v\u00e6rdier p\u00e5 10,04\u00a0nM ved 0\u00a0CB1\u00a0og\u00a0n. CB2\u00a0og\u00a0EC50\u00a0v\u00e6rdier p\u00e5 0,5433\u00a0nM ved CB1\u00a0og 0,1278\u00a0nM ved CB2 og er blevet solgt online som et\u00a0designerl\u00e6gemiddel\" \/>\n<meta name=\"robots\" content=\"index, follow, max-snippet:-1, max-image-preview:large, max-video-preview:-1\" \/>\n<link rel=\"canonical\" href=\"https:\/\/medicinasinc.com\/da\/product\/kob-med-fubinaca\/\" \/>\n<meta property=\"og:locale\" content=\"en_US\" \/>\n<meta property=\"og:type\" content=\"article\" \/>\n<meta property=\"og:title\" content=\"K\u00f8b AMB-FUBINACA - FUB-AMB - MMB-FUBINACA - Bedste globale medicin\" \/>\n<meta property=\"og:description\" content=\"K\u00f8b AMB-FUBINACA for skyld UK, Europa (ogs\u00e5 kendt som FUB-AMB\u00a0og\u00a0MMB-FUBINACA) er en\u00a0indazol-baseret\u00a0syntetisk cannabinoid\u00a0som er en potent\u00a0agonist\u00a0for\u00a0cannabinoidreceptorerne, med\u00a0Ki\u00a0v\u00e6rdier p\u00e5 10,04\u00a0nM ved 0\u00a0CB1\u00a0og\u00a0n. CB2\u00a0og\u00a0EC50\u00a0v\u00e6rdier p\u00e5 0,5433\u00a0nM ved CB1\u00a0og 0,1278\u00a0nM ved CB2 og er blevet solgt online som et\u00a0designerl\u00e6gemiddel\" \/>\n<meta property=\"og:url\" content=\"https:\/\/medicinasinc.com\/da\/product\/kob-med-fubinaca\/\" \/>\n<meta property=\"og:site_name\" content=\"Medicinas Inc\" \/>\n<meta property=\"article:modified_time\" content=\"2022-03-19T21:05:47+00:00\" \/>\n<meta property=\"og:image\" content=\"https:\/\/medicinasinc.com\/da\/wp-content\/uploads\/sites\/8\/2022\/02\/Buy-AMB-FUBINACA.jpg\" \/>\n\t<meta property=\"og:image:width\" content=\"400\" \/>\n\t<meta property=\"og:image:height\" content=\"400\" \/>\n\t<meta property=\"og:image:type\" content=\"image\/jpeg\" \/>\n<meta name=\"twitter:card\" content=\"summary_large_image\" \/>\n<meta name=\"twitter:label1\" content=\"Est. reading time\" \/>\n\t<meta name=\"twitter:data1\" content=\"1 minute\" \/>\n<script type=\"application\/ld+json\" class=\"yoast-schema-graph\">{\"@context\":\"https:\\\/\\\/schema.org\",\"@graph\":[{\"@type\":\"WebPage\",\"@id\":\"https:\\\/\\\/medicinasinc.com\\\/da\\\/product\\\/kob-med-fubinaca\\\/\",\"url\":\"https:\\\/\\\/medicinasinc.com\\\/da\\\/product\\\/kob-med-fubinaca\\\/\",\"name\":\"K\u00f8b AMB-FUBINACA - FUB-AMB - MMB-FUBINACA - Bedste globale medicin\",\"isPartOf\":{\"@id\":\"https:\\\/\\\/medicinasinc.com\\\/da\\\/#website\"},\"primaryImageOfPage\":{\"@id\":\"https:\\\/\\\/medicinasinc.com\\\/da\\\/product\\\/kob-med-fubinaca\\\/#primaryimage\"},\"image\":{\"@id\":\"https:\\\/\\\/medicinasinc.com\\\/da\\\/product\\\/kob-med-fubinaca\\\/#primaryimage\"},\"thumbnailUrl\":\"https:\\\/\\\/medicinasinc.com\\\/da\\\/wp-content\\\/uploads\\\/sites\\\/8\\\/2022\\\/02\\\/Buy-AMB-FUBINACA.jpg\",\"datePublished\":\"2022-02-22T08:12:00+00:00\",\"dateModified\":\"2022-03-19T21:05:47+00:00\",\"description\":\"K\u00f8b AMB-FUBINACA for skyld UK, Europa (ogs\u00e5 kendt som FUB-AMB\u00a0og\u00a0MMB-FUBINACA) er en\u00a0indazol-baseret\u00a0syntetisk cannabinoid\u00a0som er en potent\u00a0agonist\u00a0for\u00a0cannabinoidreceptorerne, med\u00a0Ki\u00a0v\u00e6rdier p\u00e5 10,04\u00a0nM ved 0\u00a0CB1\u00a0og\u00a0n. CB2\u00a0og\u00a0EC50\u00a0v\u00e6rdier p\u00e5 0,5433\u00a0nM ved CB1\u00a0og 0,1278\u00a0nM ved CB2 og er blevet solgt online som et\u00a0designerl\u00e6gemiddel\",\"breadcrumb\":{\"@id\":\"https:\\\/\\\/medicinasinc.com\\\/da\\\/product\\\/kob-med-fubinaca\\\/#breadcrumb\"},\"inLanguage\":\"en-US\",\"potentialAction\":[{\"@type\":\"ReadAction\",\"target\":[\"https:\\\/\\\/medicinasinc.com\\\/da\\\/product\\\/kob-med-fubinaca\\\/\"]}]},{\"@type\":\"ImageObject\",\"inLanguage\":\"en-US\",\"@id\":\"https:\\\/\\\/medicinasinc.com\\\/da\\\/product\\\/kob-med-fubinaca\\\/#primaryimage\",\"url\":\"https:\\\/\\\/medicinasinc.com\\\/da\\\/wp-content\\\/uploads\\\/sites\\\/8\\\/2022\\\/02\\\/Buy-AMB-FUBINACA.jpg\",\"contentUrl\":\"https:\\\/\\\/medicinasinc.com\\\/da\\\/wp-content\\\/uploads\\\/sites\\\/8\\\/2022\\\/02\\\/Buy-AMB-FUBINACA.jpg\",\"width\":400,\"height\":400},{\"@type\":\"BreadcrumbList\",\"@id\":\"https:\\\/\\\/medicinasinc.com\\\/da\\\/product\\\/kob-med-fubinaca\\\/#breadcrumb\",\"itemListElement\":[{\"@type\":\"ListItem\",\"position\":1,\"name\":\"Butik\",\"item\":\"https:\\\/\\\/medicinasinc.com\\\/da\\\/butik\\\/\"},{\"@type\":\"ListItem\",\"position\":2,\"name\":\"K\u00f8b AMB-FUBINACA\"}]},{\"@type\":\"WebSite\",\"@id\":\"https:\\\/\\\/medicinasinc.com\\\/da\\\/#website\",\"url\":\"https:\\\/\\\/medicinasinc.com\\\/da\\\/\",\"name\":\"Medicinas Inc\",\"description\":\"Health Medical Clinic\",\"potentialAction\":[{\"@type\":\"SearchAction\",\"target\":{\"@type\":\"EntryPoint\",\"urlTemplate\":\"https:\\\/\\\/medicinasinc.com\\\/da\\\/?s={search_term_string}\"},\"query-input\":{\"@type\":\"PropertyValueSpecification\",\"valueRequired\":true,\"valueName\":\"search_term_string\"}}],\"inLanguage\":\"en-US\"}]}<\/script>\n<!-- \/ Yoast SEO plugin. -->","yoast_head_json":{"title":"K\u00f8b AMB-FUBINACA - FUB-AMB - MMB-FUBINACA - Bedste globale medicin","description":"K\u00f8b AMB-FUBINACA for skyld UK, Europa (ogs\u00e5 kendt som FUB-AMB\u00a0og\u00a0MMB-FUBINACA) er en\u00a0indazol-baseret\u00a0syntetisk cannabinoid\u00a0som er en potent\u00a0agonist\u00a0for\u00a0cannabinoidreceptorerne, med\u00a0Ki\u00a0v\u00e6rdier p\u00e5 10,04\u00a0nM ved 0\u00a0CB1\u00a0og\u00a0n. CB2\u00a0og\u00a0EC50\u00a0v\u00e6rdier p\u00e5 0,5433\u00a0nM ved CB1\u00a0og 0,1278\u00a0nM ved CB2 og er blevet solgt online som et\u00a0designerl\u00e6gemiddel","robots":{"index":"index","follow":"follow","max-snippet":"max-snippet:-1","max-image-preview":"max-image-preview:large","max-video-preview":"max-video-preview:-1"},"canonical":"https:\/\/medicinasinc.com\/da\/product\/kob-med-fubinaca\/","og_locale":"en_US","og_type":"article","og_title":"K\u00f8b AMB-FUBINACA - FUB-AMB - MMB-FUBINACA - Bedste globale medicin","og_description":"K\u00f8b AMB-FUBINACA for skyld UK, Europa (ogs\u00e5 kendt som FUB-AMB\u00a0og\u00a0MMB-FUBINACA) er en\u00a0indazol-baseret\u00a0syntetisk cannabinoid\u00a0som er en potent\u00a0agonist\u00a0for\u00a0cannabinoidreceptorerne, med\u00a0Ki\u00a0v\u00e6rdier p\u00e5 10,04\u00a0nM ved 0\u00a0CB1\u00a0og\u00a0n. CB2\u00a0og\u00a0EC50\u00a0v\u00e6rdier p\u00e5 0,5433\u00a0nM ved CB1\u00a0og 0,1278\u00a0nM ved CB2 og er blevet solgt online som et\u00a0designerl\u00e6gemiddel","og_url":"https:\/\/medicinasinc.com\/da\/product\/kob-med-fubinaca\/","og_site_name":"Medicinas Inc","article_modified_time":"2022-03-19T21:05:47+00:00","og_image":[{"width":400,"height":400,"url":"https:\/\/medicinasinc.com\/da\/wp-content\/uploads\/sites\/8\/2022\/02\/Buy-AMB-FUBINACA.jpg","type":"image\/jpeg"}],"twitter_card":"summary_large_image","twitter_misc":{"Est. reading time":"1 minute"},"schema":{"@context":"https:\/\/schema.org","@graph":[{"@type":"WebPage","@id":"https:\/\/medicinasinc.com\/da\/product\/kob-med-fubinaca\/","url":"https:\/\/medicinasinc.com\/da\/product\/kob-med-fubinaca\/","name":"K\u00f8b AMB-FUBINACA - FUB-AMB - MMB-FUBINACA - Bedste globale medicin","isPartOf":{"@id":"https:\/\/medicinasinc.com\/da\/#website"},"primaryImageOfPage":{"@id":"https:\/\/medicinasinc.com\/da\/product\/kob-med-fubinaca\/#primaryimage"},"image":{"@id":"https:\/\/medicinasinc.com\/da\/product\/kob-med-fubinaca\/#primaryimage"},"thumbnailUrl":"https:\/\/medicinasinc.com\/da\/wp-content\/uploads\/sites\/8\/2022\/02\/Buy-AMB-FUBINACA.jpg","datePublished":"2022-02-22T08:12:00+00:00","dateModified":"2022-03-19T21:05:47+00:00","description":"K\u00f8b AMB-FUBINACA for skyld UK, Europa (ogs\u00e5 kendt som FUB-AMB\u00a0og\u00a0MMB-FUBINACA) er en\u00a0indazol-baseret\u00a0syntetisk cannabinoid\u00a0som er en potent\u00a0agonist\u00a0for\u00a0cannabinoidreceptorerne, med\u00a0Ki\u00a0v\u00e6rdier p\u00e5 10,04\u00a0nM ved 0\u00a0CB1\u00a0og\u00a0n. CB2\u00a0og\u00a0EC50\u00a0v\u00e6rdier p\u00e5 0,5433\u00a0nM ved CB1\u00a0og 0,1278\u00a0nM ved CB2 og er blevet solgt online som et\u00a0designerl\u00e6gemiddel","breadcrumb":{"@id":"https:\/\/medicinasinc.com\/da\/product\/kob-med-fubinaca\/#breadcrumb"},"inLanguage":"en-US","potentialAction":[{"@type":"ReadAction","target":["https:\/\/medicinasinc.com\/da\/product\/kob-med-fubinaca\/"]}]},{"@type":"ImageObject","inLanguage":"en-US","@id":"https:\/\/medicinasinc.com\/da\/product\/kob-med-fubinaca\/#primaryimage","url":"https:\/\/medicinasinc.com\/da\/wp-content\/uploads\/sites\/8\/2022\/02\/Buy-AMB-FUBINACA.jpg","contentUrl":"https:\/\/medicinasinc.com\/da\/wp-content\/uploads\/sites\/8\/2022\/02\/Buy-AMB-FUBINACA.jpg","width":400,"height":400},{"@type":"BreadcrumbList","@id":"https:\/\/medicinasinc.com\/da\/product\/kob-med-fubinaca\/#breadcrumb","itemListElement":[{"@type":"ListItem","position":1,"name":"Butik","item":"https:\/\/medicinasinc.com\/da\/butik\/"},{"@type":"ListItem","position":2,"name":"K\u00f8b AMB-FUBINACA"}]},{"@type":"WebSite","@id":"https:\/\/medicinasinc.com\/da\/#website","url":"https:\/\/medicinasinc.com\/da\/","name":"Medicinas Inc","description":"Health Medical Clinic","potentialAction":[{"@type":"SearchAction","target":{"@type":"EntryPoint","urlTemplate":"https:\/\/medicinasinc.com\/da\/?s={search_term_string}"},"query-input":{"@type":"PropertyValueSpecification","valueRequired":true,"valueName":"search_term_string"}}],"inLanguage":"en-US"}]}},"_links":{"self":[{"href":"https:\/\/medicinasinc.com\/da\/wp-json\/wp\/v2\/product\/5906","targetHints":{"allow":["GET"]}}],"collection":[{"href":"https:\/\/medicinasinc.com\/da\/wp-json\/wp\/v2\/product"}],"about":[{"href":"https:\/\/medicinasinc.com\/da\/wp-json\/wp\/v2\/types\/product"}],"replies":[{"embeddable":true,"href":"https:\/\/medicinasinc.com\/da\/wp-json\/wp\/v2\/comments?post=5906"}],"wp:featuredmedia":[{"embeddable":true,"href":"https:\/\/medicinasinc.com\/da\/wp-json\/wp\/v2\/media\/5936"}],"wp:attachment":[{"href":"https:\/\/medicinasinc.com\/da\/wp-json\/wp\/v2\/media?parent=5906"}],"wp:term":[{"taxonomy":"product_brand","embeddable":true,"href":"https:\/\/medicinasinc.com\/da\/wp-json\/wp\/v2\/product_brand?post=5906"},{"taxonomy":"product_cat","embeddable":true,"href":"https:\/\/medicinasinc.com\/da\/wp-json\/wp\/v2\/product_cat?post=5906"},{"taxonomy":"product_tag","embeddable":true,"href":"https:\/\/medicinasinc.com\/da\/wp-json\/wp\/v2\/product_tag?post=5906"}],"curies":[{"name":"wp","href":"https:\/\/api.w.org\/{rel}","templated":true}]}}